{"id":129583,"date":"2024-02-26T16:25:23","date_gmt":"2024-02-26T16:25:23","guid":{"rendered":"https:\/\/www.colt.net\/?page_id=129583"},"modified":"2024-02-26T16:25:23","modified_gmt":"2024-02-26T16:25:23","slug":"suzanne-streeter","status":"publish","type":"page","link":"https:\/\/legacy.colt.net\/fr\/about\/leadership\/suzanne-streeter\/","title":{"rendered":"Suzanne Streeter"},"content":{"rendered":"\n\n\t<nav class=\"breadcrumb\"><span><span><a href=\"https:\/\/legacy.colt.net\/fr\/\">Home<\/a><\/span><\/span><\/nav>\n\t\t\t\t<img loading=\"lazy\" decoding=\"async\" src=\"https:\/\/legacy.colt.net\/wp-content\/uploads\/2024\/02\/Suzanne.jpg\" alt=\"Suzanne\" itemprop=\"image\" height=\"130\" width=\"130\" title=\"Suzanne\" onerror=\"this.style.display='none'\"  \/>\n<h3>\n\t\tSuzanne Streeter\n\t<\/h3>\n<h4>\n\t\tAdministratice non ex\u00e9cutive\n\t<\/h4>\n\t<p>Suzanne a rejoint Fidelity en 2023 en tant que Directrice des investissements de Devonshire Investments, une branche de FMR sp\u00e9cialis\u00e9e dans les investissements diversifi\u00e9s.<\/p>\n<p>Avant de rejoindre Devonshire, Suzanne \u00e9tait associ\u00e9e et co-directrice des investissements chez Partners\u00a0Capital\u00a0Investment\u00a0Group, une firme d&#8217;investissements externalis\u00e9s qui g\u00e8re environ 50\u00a0milliards de dollars pour le compte de familles fortun\u00e9es, de fondations et de fonds de dotation. Elle a pass\u00e9 pr\u00e8s de huit ans chez Partners\u00a0Capital, o\u00f9 elle \u00e9tait charg\u00e9e de superviser les programmes ayant trait aux march\u00e9s priv\u00e9s, notamment en tant que gestionnaire de portefeuille pour une s\u00e9rie de fonds sur les march\u00e9s priv\u00e9s. Suzanne a rejoint Partners\u00a0Capital apr\u00e8s avoir travaill\u00e9 pour Babson\u00a0Capital\u00a0Management, la branche de MassMutual charg\u00e9e de la gestion des investissements. Elle y a dirig\u00e9 des investissements en Am\u00e9rique du Nord, en Europe et en Am\u00e9rique latine. Elle avait auparavant pass\u00e9 cinq\u00a0ans dans l&#8217;\u00e9quipe de capital-investissement du Yale\u00a0Investments\u00a0Office et dix ans dans le secteur de la banque d&#8217;investissement, chez Morgan\u00a0Stanley et Berkshire\u00a0Capital, o\u00f9 elle a eu l&#8217;occasion de conseiller des institutions financi\u00e8res et des gestionnaires d&#8217;actifs.<\/p>\n<p>Suzanne est titulaire d&#8217;une licence du College\u00a0of\u00a0the\u00a0Holy\u00a0Cross et d&#8217;un master de la Yale\u00a0School\u00a0of\u00a0Management. Suzanne est membre du conseil d&#8217;administration du College of the Holy Cross, o\u00f9 elle si\u00e8ge dans les commissions d&#8217;investissement, des finances, de gouvernance et d&#8217;admission.<\/p>\n\t\t\t\t\t\t<h4>\n\t\t\t\t<a href=https:\/\/legacy.colt.net\/fr\/resources\/colt-etend-son-offre-network-as-a-service-a-10-nouveaux-pays\/ title=\"Colt \u00e9tend son offre Network as a Service \u00e0 10 nouveaux pays\" tabindex=\"0\">Colt \u00e9tend son offre Network as a Service \u00e0 10 nouveaux pays<\/a>\t\t\t<\/h4>\n\t\t\t<a href=\"https:\/\/legacy.colt.net\/fr\/resources\/colt-etend-son-offre-network-as-a-service-a-10-nouveaux-pays\/\" target=\"_self\" rel=\"noopener\">Read More &#8594;<\/a>\t\t\n\t\t\t\t\t\t<h4>\n\t\t\t\t<a href=https:\/\/legacy.colt.net\/fr\/resources\/colt-accompagne-la-berlinale-avec-ses-services-reseau-en-tant-que-partenaire-numerique-officiel-du-festival\/ title=\"Colt accompagne la Berlinale avec ses services r\u00e9seau en tant que partenaire num\u00e9rique officiel du festival\" tabindex=\"0\">Colt accompagne la Berlinale avec ses services r\u00e9seau en tant que partenaire num\u00e9rique officiel du festival<\/a>\t\t\t<\/h4>\n\t\t\t<a href=\"https:\/\/legacy.colt.net\/fr\/resources\/colt-accompagne-la-berlinale-avec-ses-services-reseau-en-tant-que-partenaire-numerique-officiel-du-festival\/\" target=\"_self\" rel=\"noopener\">Read More &#8594;<\/a>\t\t\n\t\t\t\t\t\t<h4>\n\t\t\t\t<a href=https:\/\/legacy.colt.net\/fr\/resources\/colt-devoile-les-dix-tendances-et-les-perspectives-du-secteur-des-technologies-pour-les-entreprises-en-2024\/ title=\"Colt d\u00e9voile les dix tendances et les perspectives du secteur des technologies pour les entreprises en 2024\" tabindex=\"0\">Colt d\u00e9voile les dix tendances et les perspectives du secteur des technologies pour les entreprises en 2024<\/a>\t\t\t<\/h4>\n\t\t\t<a href=\"https:\/\/legacy.colt.net\/fr\/resources\/colt-devoile-les-dix-tendances-et-les-perspectives-du-secteur-des-technologies-pour-les-entreprises-en-2024\/\" target=\"_self\" rel=\"noopener\">Read More &#8594;<\/a>\t\t\n\t\t\t\t\t\t<h4>\n\t\t\t\t<a href=https:\/\/legacy.colt.net\/fr\/resources\/colt-nomme-maher-el-fekih-au-poste-de-country-manager-france\/ title=\"Colt nomme Maher El Fekih  au poste de Country Manager France\" tabindex=\"0\">Colt nomme Maher El Fekih  au poste de Country Manager France<\/a>\t\t\t<\/h4>\n\t\t\t<a href=\"https:\/\/legacy.colt.net\/fr\/resources\/colt-nomme-maher-el-fekih-au-poste-de-country-manager-france\/\" target=\"_self\" rel=\"noopener\">Read More &#8594;<\/a>\t\t\n\n","protected":false},"excerpt":{"rendered":"<p>Suzanne Streeter Administratice non ex\u00e9cutive Suzanne a rejoint Fidelity en 2023 en tant que Directrice des investissements de Devonshire Investments, une branche de FMR sp\u00e9cialis\u00e9e dans les investissements diversifi\u00e9s. Avant de rejoindre Devonshire, Suzanne \u00e9tait associ\u00e9e et co-directrice des investissements chez Partners\u00a0Capital\u00a0Investment\u00a0Group, une firme d&#8217;investissements externalis\u00e9s qui g\u00e8re environ 50\u00a0milliards de dollars pour le compte&#8230;<\/p>\n","protected":false},"author":164,"featured_media":0,"parent":34336,"menu_order":0,"comment_status":"closed","ping_status":"closed","template":"","meta":{"_acf_changed":false,"footnotes":""},"colt_type":[],"colt_products":[],"class_list":["post-129583","page","type-page","status-publish","hentry"],"acf":[],"yoast_head":"<!-- This site is optimized with the Yoast SEO plugin v26.8 - https:\/\/yoast.com\/product\/yoast-seo-wordpress\/ -->\n<title>Suzanne Streeter - Colt Technology Services<\/title>\n<meta name=\"description\" content=\"Suzanne Streeter Colt Technology Services\" \/>\n<meta name=\"robots\" content=\"noindex, follow, max-snippet:-1, max-image-preview:large, max-video-preview:-1\" \/>\n<meta property=\"og:locale\" content=\"fr_FR\" \/>\n<meta property=\"og:type\" content=\"article\" \/>\n<meta property=\"og:title\" content=\"Suzanne Streeter - Colt Technology Services\" \/>\n<meta property=\"og:description\" content=\"Suzanne Streeter Colt Technology Services\" \/>\n<meta property=\"og:url\" content=\"https:\/\/legacy.colt.net\/fr\/about\/leadership\/suzanne-streeter\/\" \/>\n<meta property=\"og:site_name\" content=\"Colt Technology Services\" \/>\n<meta property=\"article:publisher\" content=\"https:\/\/www.facebook.com\/ColtTechnologyServices\/\" \/>\n<meta property=\"og:image\" content=\"https:\/\/legacy.colt.net\/wp-content\/uploads\/2021\/01\/Brand-2021-Stock-33.jpg\" \/>\n\t<meta property=\"og:image:width\" content=\"1000\" \/>\n\t<meta property=\"og:image:height\" content=\"667\" \/>\n\t<meta property=\"og:image:type\" content=\"image\/jpeg\" \/>\n<meta name=\"twitter:card\" content=\"summary_large_image\" \/>\n<meta name=\"twitter:site\" content=\"@colt_technology\" \/>\n<script type=\"application\/ld+json\" class=\"yoast-schema-graph\">{\"@context\":\"https:\/\/schema.org\",\"@graph\":[{\"@type\":\"WebPage\",\"@id\":\"https:\/\/legacy.colt.net\/fr\/about\/leadership\/suzanne-streeter\/\",\"url\":\"https:\/\/legacy.colt.net\/fr\/about\/leadership\/suzanne-streeter\/\",\"name\":\"Suzanne Streeter - Colt Technology Services\",\"isPartOf\":{\"@id\":\"https:\/\/legacy.colt.net\/#website\"},\"primaryImageOfPage\":{\"@id\":\"https:\/\/legacy.colt.net\/fr\/about\/leadership\/suzanne-streeter\/#primaryimage\"},\"image\":{\"@id\":\"https:\/\/legacy.colt.net\/fr\/about\/leadership\/suzanne-streeter\/#primaryimage\"},\"thumbnailUrl\":\"https:\/\/legacy.colt.net\/wp-content\/uploads\/2024\/02\/Suzanne.jpg\",\"datePublished\":\"2024-02-26T16:25:23+00:00\",\"description\":\"Suzanne Streeter Colt Technology Services\",\"breadcrumb\":{\"@id\":\"https:\/\/legacy.colt.net\/fr\/about\/leadership\/suzanne-streeter\/#breadcrumb\"},\"inLanguage\":\"fr-FR\",\"potentialAction\":[{\"@type\":\"ReadAction\",\"target\":[\"https:\/\/legacy.colt.net\/fr\/about\/leadership\/suzanne-streeter\/\"]}]},{\"@type\":\"ImageObject\",\"inLanguage\":\"fr-FR\",\"@id\":\"https:\/\/legacy.colt.net\/fr\/about\/leadership\/suzanne-streeter\/#primaryimage\",\"url\":\"https:\/\/legacy.colt.net\/wp-content\/uploads\/2024\/02\/Suzanne.jpg\",\"contentUrl\":\"https:\/\/legacy.colt.net\/wp-content\/uploads\/2024\/02\/Suzanne.jpg\"},{\"@type\":\"BreadcrumbList\",\"@id\":\"https:\/\/legacy.colt.net\/fr\/about\/leadership\/suzanne-streeter\/#breadcrumb\",\"itemListElement\":[{\"@type\":\"ListItem\",\"position\":1,\"name\":\"Home\",\"item\":\"https:\/\/legacy.colt.net\/fr\/\"},{\"@type\":\"ListItem\",\"position\":2,\"name\":\"A propos de colt\",\"item\":\"https:\/\/legacy.colt.net\/fr\/about\/\"},{\"@type\":\"ListItem\",\"position\":3,\"name\":\"Comit\u00e9 Ex\u00e9cutif\",\"item\":\"https:\/\/legacy.colt.net\/fr\/about\/leadership\/\"},{\"@type\":\"ListItem\",\"position\":4,\"name\":\"Suzanne Streeter\"}]},{\"@type\":\"WebSite\",\"@id\":\"https:\/\/legacy.colt.net\/#website\",\"url\":\"https:\/\/legacy.colt.net\/\",\"name\":\"Colt\u30c6\u30af\u30ce\u30ed\u30b8\u30fc\u30b5\u30fc\u30d3\u30b9\u682a\u5f0f\u4f1a\u793e\",\"description\":\"Managed Network &amp; Voice Services Provider\",\"publisher\":{\"@id\":\"https:\/\/legacy.colt.net\/#organization\"},\"potentialAction\":[{\"@type\":\"SearchAction\",\"target\":{\"@type\":\"EntryPoint\",\"urlTemplate\":\"https:\/\/legacy.colt.net\/?s={search_term_string}\"},\"query-input\":{\"@type\":\"PropertyValueSpecification\",\"valueRequired\":true,\"valueName\":\"search_term_string\"}}],\"inLanguage\":\"fr-FR\"},{\"@type\":\"Organization\",\"@id\":\"https:\/\/legacy.colt.net\/#organization\",\"name\":\"Colt Technology Services\",\"url\":\"https:\/\/legacy.colt.net\/\",\"logo\":{\"@type\":\"ImageObject\",\"inLanguage\":\"fr-FR\",\"@id\":\"https:\/\/legacy.colt.net\/#\/schema\/logo\/image\/\",\"url\":\"https:\/\/legacy.colt.net\/wp-content\/uploads\/2019\/02\/Colt-Logo.png\",\"contentUrl\":\"https:\/\/legacy.colt.net\/wp-content\/uploads\/2019\/02\/Colt-Logo.png\",\"width\":195,\"height\":77,\"caption\":\"Colt Technology Services\"},\"image\":{\"@id\":\"https:\/\/legacy.colt.net\/#\/schema\/logo\/image\/\"},\"sameAs\":[\"https:\/\/www.facebook.com\/ColtTechnologyServices\/\",\"https:\/\/x.com\/colt_technology\",\"https:\/\/www.instagram.com\/colttechnologyservices\/\",\"https:\/\/www.linkedin.com\/company\/colt-technology-services\",\"https:\/\/www.youtube.com\/user\/ColtTechnology\"]}]}<\/script>\n<!-- \/ Yoast SEO plugin. -->","yoast_head_json":{"title":"Suzanne Streeter - Colt Technology Services","description":"Suzanne Streeter Colt Technology Services","robots":{"index":"noindex","follow":"follow","max-snippet":"max-snippet:-1","max-image-preview":"max-image-preview:large","max-video-preview":"max-video-preview:-1"},"og_locale":"fr_FR","og_type":"article","og_title":"Suzanne Streeter - Colt Technology Services","og_description":"Suzanne Streeter Colt Technology Services","og_url":"https:\/\/legacy.colt.net\/fr\/about\/leadership\/suzanne-streeter\/","og_site_name":"Colt Technology Services","article_publisher":"https:\/\/www.facebook.com\/ColtTechnologyServices\/","og_image":[{"width":1000,"height":667,"url":"https:\/\/legacy.colt.net\/wp-content\/uploads\/2021\/01\/Brand-2021-Stock-33.jpg","type":"image\/jpeg"}],"twitter_card":"summary_large_image","twitter_site":"@colt_technology","schema":{"@context":"https:\/\/schema.org","@graph":[{"@type":"WebPage","@id":"https:\/\/legacy.colt.net\/fr\/about\/leadership\/suzanne-streeter\/","url":"https:\/\/legacy.colt.net\/fr\/about\/leadership\/suzanne-streeter\/","name":"Suzanne Streeter - Colt Technology Services","isPartOf":{"@id":"https:\/\/legacy.colt.net\/#website"},"primaryImageOfPage":{"@id":"https:\/\/legacy.colt.net\/fr\/about\/leadership\/suzanne-streeter\/#primaryimage"},"image":{"@id":"https:\/\/legacy.colt.net\/fr\/about\/leadership\/suzanne-streeter\/#primaryimage"},"thumbnailUrl":"https:\/\/legacy.colt.net\/wp-content\/uploads\/2024\/02\/Suzanne.jpg","datePublished":"2024-02-26T16:25:23+00:00","description":"Suzanne Streeter Colt Technology Services","breadcrumb":{"@id":"https:\/\/legacy.colt.net\/fr\/about\/leadership\/suzanne-streeter\/#breadcrumb"},"inLanguage":"fr-FR","potentialAction":[{"@type":"ReadAction","target":["https:\/\/legacy.colt.net\/fr\/about\/leadership\/suzanne-streeter\/"]}]},{"@type":"ImageObject","inLanguage":"fr-FR","@id":"https:\/\/legacy.colt.net\/fr\/about\/leadership\/suzanne-streeter\/#primaryimage","url":"https:\/\/legacy.colt.net\/wp-content\/uploads\/2024\/02\/Suzanne.jpg","contentUrl":"https:\/\/legacy.colt.net\/wp-content\/uploads\/2024\/02\/Suzanne.jpg"},{"@type":"BreadcrumbList","@id":"https:\/\/legacy.colt.net\/fr\/about\/leadership\/suzanne-streeter\/#breadcrumb","itemListElement":[{"@type":"ListItem","position":1,"name":"Home","item":"https:\/\/legacy.colt.net\/fr\/"},{"@type":"ListItem","position":2,"name":"A propos de colt","item":"https:\/\/legacy.colt.net\/fr\/about\/"},{"@type":"ListItem","position":3,"name":"Comit\u00e9 Ex\u00e9cutif","item":"https:\/\/legacy.colt.net\/fr\/about\/leadership\/"},{"@type":"ListItem","position":4,"name":"Suzanne Streeter"}]},{"@type":"WebSite","@id":"https:\/\/legacy.colt.net\/#website","url":"https:\/\/legacy.colt.net\/","name":"Colt\u30c6\u30af\u30ce\u30ed\u30b8\u30fc\u30b5\u30fc\u30d3\u30b9\u682a\u5f0f\u4f1a\u793e","description":"Managed Network &amp; Voice Services Provider","publisher":{"@id":"https:\/\/legacy.colt.net\/#organization"},"potentialAction":[{"@type":"SearchAction","target":{"@type":"EntryPoint","urlTemplate":"https:\/\/legacy.colt.net\/?s={search_term_string}"},"query-input":{"@type":"PropertyValueSpecification","valueRequired":true,"valueName":"search_term_string"}}],"inLanguage":"fr-FR"},{"@type":"Organization","@id":"https:\/\/legacy.colt.net\/#organization","name":"Colt Technology Services","url":"https:\/\/legacy.colt.net\/","logo":{"@type":"ImageObject","inLanguage":"fr-FR","@id":"https:\/\/legacy.colt.net\/#\/schema\/logo\/image\/","url":"https:\/\/legacy.colt.net\/wp-content\/uploads\/2019\/02\/Colt-Logo.png","contentUrl":"https:\/\/legacy.colt.net\/wp-content\/uploads\/2019\/02\/Colt-Logo.png","width":195,"height":77,"caption":"Colt Technology Services"},"image":{"@id":"https:\/\/legacy.colt.net\/#\/schema\/logo\/image\/"},"sameAs":["https:\/\/www.facebook.com\/ColtTechnologyServices\/","https:\/\/x.com\/colt_technology","https:\/\/www.instagram.com\/colttechnologyservices\/","https:\/\/www.linkedin.com\/company\/colt-technology-services","https:\/\/www.youtube.com\/user\/ColtTechnology"]}]}},"_links":{"self":[{"href":"https:\/\/legacy.colt.net\/fr\/wp-json\/wp\/v2\/pages\/129583","targetHints":{"allow":["GET"]}}],"collection":[{"href":"https:\/\/legacy.colt.net\/fr\/wp-json\/wp\/v2\/pages"}],"about":[{"href":"https:\/\/legacy.colt.net\/fr\/wp-json\/wp\/v2\/types\/page"}],"author":[{"embeddable":true,"href":"https:\/\/legacy.colt.net\/fr\/wp-json\/wp\/v2\/users\/164"}],"replies":[{"embeddable":true,"href":"https:\/\/legacy.colt.net\/fr\/wp-json\/wp\/v2\/comments?post=129583"}],"version-history":[{"count":0,"href":"https:\/\/legacy.colt.net\/fr\/wp-json\/wp\/v2\/pages\/129583\/revisions"}],"up":[{"embeddable":true,"href":"https:\/\/legacy.colt.net\/fr\/wp-json\/wp\/v2\/pages\/34336"}],"wp:attachment":[{"href":"https:\/\/legacy.colt.net\/fr\/wp-json\/wp\/v2\/media?parent=129583"}],"wp:term":[{"taxonomy":"colt_type","embeddable":true,"href":"https:\/\/legacy.colt.net\/fr\/wp-json\/wp\/v2\/colt_type?post=129583"},{"taxonomy":"colt_products","embeddable":true,"href":"https:\/\/legacy.colt.net\/fr\/wp-json\/wp\/v2\/colt_products?post=129583"}],"curies":[{"name":"wp","href":"https:\/\/api.w.org\/{rel}","templated":true}]}}