{"id":128956,"date":"2024-02-12T10:11:02","date_gmt":"2024-02-12T10:11:02","guid":{"rendered":"https:\/\/www.colt.net\/?page_id=128956"},"modified":"2024-02-12T10:17:03","modified_gmt":"2024-02-12T10:17:03","slug":"customer-reference-programme-biochar-faq","status":"publish","type":"page","link":"https:\/\/legacy.colt.net\/fr\/customer-reference-programme-biochar-faq\/","title":{"rendered":"Qu\u2019est-ce que le biochar?"},"content":{"rendered":"\r\n<nav class=\"breadcrumb\"><span><span><a href=\"https:\/\/legacy.colt.net\/fr\/\">Home<\/a><\/span><\/span><\/nav>\r\n<h1>Besoin de plus d&#8217;informations ?<\/h1>\r\n<h2>D\u00e9couvrez toutes les informations \u00e0 conna\u00eetre \u00e0 propos du charbon v\u00e9g\u00e9tal, le biochar.<\/h2>\r\n<p><img loading=\"lazy\" decoding=\"async\" title=\"Tech-and-Sustainability-icon-1\" src=\"https:\/\/legacy.colt.net\/wp-content\/uploads\/2023\/01\/Tech-and-Sustainability-icon-1.png\" alt=\"Tech-and-Sustainability-icon-1\" width=\"500\" height=\"500\" \/><\/p>\r\n<h2>Biochar : questions &amp; r\u00e9ponses<\/h2>\r\n<h4>Le biochar en deux mots<\/h4>\r\n<p>Le charbon v\u00e9g\u00e9tal (\u00ab biochar \u00bb) remplit deux fonctions importantes\u2009: il capte le dioxyde de carbone pr\u00e9sent dans l&#8217;air et rend les sols plus fertiles lorsqu&#8217;il est ajout\u00e9 aux terres agricoles.<\/p>\r\n<h4>Comment fonctionne le biochar\u2009?<\/h4>\r\n<p>Le biochar est fabriqu\u00e9 \u00e0 partir de restes de cultures et de d\u00e9chets organiques. C&#8217;est un peu comme du charbon de bois, mais en mieux !<\/p>\r\n<p>Enfoui dans le sol, le biochar stocke le carbone pendant une tr\u00e8s longue p\u00e9riode, ce qui rend les terres plus fertiles.<\/p>\r\n<p>Le biochar emp\u00eache le carbone de retourner dans l&#8217;air pendant environ 1 si\u00e8cle. C&#8217;est bien plus que les arbres, qui eux, retiennent le carbone pendant 60 ans.<\/p>\r\n<p>&nbsp;<\/p>\r\n<h4>Quand les agriculteurs utilisent le biochar\u2026<\/h4>\r\n<p>\u2026leur sol devient plus fertile\u2009: en effet, outre une structure plus solide, le sol retient davantage d&#8217;eau et conserve les \u00e9l\u00e9ments nutritifs au b\u00e9n\u00e9fice des plantes.<\/p>\r\n<p>Les r\u00e9coltes sont plus abondantes et les produits de meilleure qualit\u00e9.<\/p>\r\n<h4>Avantages pour les entreprises<\/h4>\r\n<p>Le charbon d&#8217;origine v\u00e9g\u00e9tale est un excellent choix pour les entreprises qui souhaitent r\u00e9duire leur empreinte environnementale et devenir plus durables.<\/p>\r\n<p>Elles peuvent contribuer activement \u00e0 la lutte contre le changement climatique en utilisant le biochar, un produit qui s&#8217;aligne sur les objectifs environnementaux et constitue un argument de vente d\u00e9terminant aupr\u00e8s des consommateurs soucieux du respect de l&#8217;environnement. En adoptant le biochar, votre entreprise affiche sa sensibilit\u00e9 aux probl\u00e9matiques environnementales et montre qu&#8217;elle est g\u00e9r\u00e9e selon une approche \u00e9coresponsable.<\/p>\r\n<h4>Compensations obtenues par l&#8217;utilisation de biochar<\/h4>\r\n<ul>\r\n<li><strong>Fourniture d&#8217;une citation accompagn\u00e9e de votre logo\u2009:<\/strong>\r\n<ul>\r\n<li>3 tonnes de CO2 \u00e9limin\u00e9es<\/li>\r\n<\/ul>\r\n<\/li>\r\n<\/ul>\r\n<ul>\r\n<li><strong>Fourniture d&#8217;un r\u00e9dactionnel accompagn\u00e9 de votre logo\u2009:<\/strong>\r\n<ul>\r\n<li>6 tonnes de CO2 \u00e9limin\u00e9es<\/li>\r\n<\/ul>\r\n<\/li>\r\n<\/ul>\r\n<ul>\r\n<li><strong>Fourniture d&#8217;un r\u00e9dactionnel accompagn\u00e9 d&#8217;une vid\u00e9o et de votre logo\u2009:<\/strong>\r\n<ul>\r\n<li>10 tonnes de CO2 \u00e9limin\u00e9es<\/li>\r\n<\/ul>\r\n<\/li>\r\n<\/ul>\r\n<h4>Certificats officiels d&#8217;\u00e9limination du carbone par votre entreprise<\/h4>\r\n<p>Vous recevrez de la part des registres officiels, des certificats correspondant \u00e0 vos cr\u00e9dits (Gold Standard ou Vera), ainsi que la d\u00e9claration officielle de Supercritical validant l&#8217;achat de services d&#8217;\u00e9limination de carbone &#8211; Voir l&#8217;exemple.<\/p>\r\n<p><img loading=\"lazy\" decoding=\"async\" title=\"Biochar_Statement_removal_customerreferences\" src=\"https:\/\/legacy.colt.net\/wp-content\/uploads\/2023\/09\/Biochar_Statement_removal_customerreferences.png\" alt=\"Biochar_Statement_removal_customerreferences\" width=\"442\" height=\"403\" \/> <img loading=\"lazy\" decoding=\"async\" title=\"biochar_photo_draft_example_customerreferences\" src=\"https:\/\/legacy.colt.net\/wp-content\/uploads\/2023\/09\/biochar_photo_draft_example_customerreferences.png\" alt=\"biochar_photo_draft_example_customerreferences\" width=\"889\" height=\"1027\" \/><\/p>\r\n<h2>L&#8217;avis de Supercritical, notre fournisseur de biochar\u2009<\/h2>\r\n<p>Le biochar se distingue des autres m\u00e9thodes d&#8217;\u00e9limination de carbone par les avantages consid\u00e9rables qui d\u00e9coulent de son application aux sols.<\/p>\r\n<p>La production agroalimentaire exerce un impact \u00e9norme sur l&#8217;environnement. Parmi les nombreuses solutions, le biochar peut contribuer \u00e0 r\u00e9duire l&#8217;impact du syst\u00e8me alimentaire et \u00e0 maintenir le carbone hors de son cycle court pendant plusieurs si\u00e8cles.<\/p>\r\n<p><img loading=\"lazy\" decoding=\"async\" src=\"https:\/\/legacy.colt.net\/wp-content\/uploads\/2023\/09\/Supercrtical_VettedProject_draft_references_page-300x104.png\" alt=\"\" width=\"176\" height=\"61\" \/><\/p>\r\n<p><a href=\"https:\/\/gosupercritical.com\/carbon-removal\/biochar\" target=\"_blank\" rel=\"noopener\"> Pour en savoir plus, consultez le site de Supercritical <\/a><\/p>\r\n","protected":false},"excerpt":{"rendered":"<p>Besoin de plus d&#8217;informations ? D\u00e9couvrez toutes les informations \u00e0 conna\u00eetre \u00e0 propos du charbon v\u00e9g\u00e9tal, le biochar. Biochar : questions &amp; r\u00e9ponses Le biochar en deux mots Le charbon v\u00e9g\u00e9tal (\u00ab biochar \u00bb) remplit deux fonctions importantes\u2009: il capte le dioxyde de carbone pr\u00e9sent dans l&#8217;air et rend les sols plus fertiles lorsqu&#8217;il est&#8230;<\/p>\n","protected":false},"author":83,"featured_media":0,"parent":0,"menu_order":0,"comment_status":"closed","ping_status":"closed","template":"","meta":{"_acf_changed":false,"footnotes":""},"colt_type":[],"colt_products":[],"class_list":["post-128956","page","type-page","status-publish","hentry"],"acf":[],"yoast_head":"<!-- This site is optimized with the Yoast SEO plugin v26.8 - https:\/\/yoast.com\/product\/yoast-seo-wordpress\/ -->\n<title>Qu\u2019est-ce que le biochar? - Colt Technology Services<\/title>\n<meta name=\"description\" content=\"Qu\u2019est-ce que le biochar? Colt Technology Services\" \/>\n<meta name=\"robots\" content=\"noindex, follow, max-snippet:-1, max-image-preview:large, max-video-preview:-1\" \/>\n<meta property=\"og:locale\" content=\"fr_FR\" \/>\n<meta property=\"og:type\" content=\"article\" \/>\n<meta property=\"og:title\" content=\"Qu\u2019est-ce que le biochar? - Colt Technology Services\" \/>\n<meta property=\"og:description\" content=\"Qu\u2019est-ce que le biochar? Colt Technology Services\" \/>\n<meta property=\"og:url\" content=\"https:\/\/legacy.colt.net\/fr\/customer-reference-programme-biochar-faq\/\" \/>\n<meta property=\"og:site_name\" content=\"Colt Technology Services\" \/>\n<meta property=\"article:publisher\" content=\"https:\/\/www.facebook.com\/ColtTechnologyServices\/\" \/>\n<meta property=\"article:modified_time\" content=\"2024-02-12T10:17:03+00:00\" \/>\n<meta property=\"og:image\" content=\"https:\/\/legacy.colt.net\/wp-content\/uploads\/2023\/01\/Tech-and-Sustainability-icon-1.png\" \/>\n<meta name=\"twitter:card\" content=\"summary_large_image\" \/>\n<meta name=\"twitter:site\" content=\"@colt_technology\" \/>\n<meta name=\"twitter:label1\" content=\"Est. reading time\" \/>\n\t<meta name=\"twitter:data1\" content=\"3 minutes\" \/>\n<script type=\"application\/ld+json\" class=\"yoast-schema-graph\">{\"@context\":\"https:\/\/schema.org\",\"@graph\":[{\"@type\":\"WebPage\",\"@id\":\"https:\/\/legacy.colt.net\/fr\/customer-reference-programme-biochar-faq\/\",\"url\":\"https:\/\/legacy.colt.net\/fr\/customer-reference-programme-biochar-faq\/\",\"name\":\"Qu\u2019est-ce que le biochar? - Colt Technology Services\",\"isPartOf\":{\"@id\":\"https:\/\/legacy.colt.net\/#website\"},\"primaryImageOfPage\":{\"@id\":\"https:\/\/legacy.colt.net\/fr\/customer-reference-programme-biochar-faq\/#primaryimage\"},\"image\":{\"@id\":\"https:\/\/legacy.colt.net\/fr\/customer-reference-programme-biochar-faq\/#primaryimage\"},\"thumbnailUrl\":\"https:\/\/legacy.colt.net\/wp-content\/uploads\/2023\/01\/Tech-and-Sustainability-icon-1.png\",\"datePublished\":\"2024-02-12T10:11:02+00:00\",\"dateModified\":\"2024-02-12T10:17:03+00:00\",\"description\":\"Qu\u2019est-ce que le biochar? Colt Technology Services\",\"breadcrumb\":{\"@id\":\"https:\/\/legacy.colt.net\/fr\/customer-reference-programme-biochar-faq\/#breadcrumb\"},\"inLanguage\":\"fr-FR\",\"potentialAction\":[{\"@type\":\"ReadAction\",\"target\":[\"https:\/\/legacy.colt.net\/fr\/customer-reference-programme-biochar-faq\/\"]}]},{\"@type\":\"ImageObject\",\"inLanguage\":\"fr-FR\",\"@id\":\"https:\/\/legacy.colt.net\/fr\/customer-reference-programme-biochar-faq\/#primaryimage\",\"url\":\"https:\/\/legacy.colt.net\/wp-content\/uploads\/2023\/01\/Tech-and-Sustainability-icon-1.png\",\"contentUrl\":\"https:\/\/legacy.colt.net\/wp-content\/uploads\/2023\/01\/Tech-and-Sustainability-icon-1.png\"},{\"@type\":\"BreadcrumbList\",\"@id\":\"https:\/\/legacy.colt.net\/fr\/customer-reference-programme-biochar-faq\/#breadcrumb\",\"itemListElement\":[{\"@type\":\"ListItem\",\"position\":1,\"name\":\"Home\",\"item\":\"https:\/\/legacy.colt.net\/fr\/\"},{\"@type\":\"ListItem\",\"position\":2,\"name\":\"Qu\u2019est-ce que le biochar?\"}]},{\"@type\":\"WebSite\",\"@id\":\"https:\/\/legacy.colt.net\/#website\",\"url\":\"https:\/\/legacy.colt.net\/\",\"name\":\"Colt\u30c6\u30af\u30ce\u30ed\u30b8\u30fc\u30b5\u30fc\u30d3\u30b9\u682a\u5f0f\u4f1a\u793e\",\"description\":\"Managed Network &amp; Voice Services Provider\",\"publisher\":{\"@id\":\"https:\/\/legacy.colt.net\/#organization\"},\"potentialAction\":[{\"@type\":\"SearchAction\",\"target\":{\"@type\":\"EntryPoint\",\"urlTemplate\":\"https:\/\/legacy.colt.net\/?s={search_term_string}\"},\"query-input\":{\"@type\":\"PropertyValueSpecification\",\"valueRequired\":true,\"valueName\":\"search_term_string\"}}],\"inLanguage\":\"fr-FR\"},{\"@type\":\"Organization\",\"@id\":\"https:\/\/legacy.colt.net\/#organization\",\"name\":\"Colt Technology Services\",\"url\":\"https:\/\/legacy.colt.net\/\",\"logo\":{\"@type\":\"ImageObject\",\"inLanguage\":\"fr-FR\",\"@id\":\"https:\/\/legacy.colt.net\/#\/schema\/logo\/image\/\",\"url\":\"https:\/\/legacy.colt.net\/wp-content\/uploads\/2019\/02\/Colt-Logo.png\",\"contentUrl\":\"https:\/\/legacy.colt.net\/wp-content\/uploads\/2019\/02\/Colt-Logo.png\",\"width\":195,\"height\":77,\"caption\":\"Colt Technology Services\"},\"image\":{\"@id\":\"https:\/\/legacy.colt.net\/#\/schema\/logo\/image\/\"},\"sameAs\":[\"https:\/\/www.facebook.com\/ColtTechnologyServices\/\",\"https:\/\/x.com\/colt_technology\",\"https:\/\/www.instagram.com\/colttechnologyservices\/\",\"https:\/\/www.linkedin.com\/company\/colt-technology-services\",\"https:\/\/www.youtube.com\/user\/ColtTechnology\"]}]}<\/script>\n<!-- \/ Yoast SEO plugin. -->","yoast_head_json":{"title":"Qu\u2019est-ce que le biochar? - Colt Technology Services","description":"Qu\u2019est-ce que le biochar? Colt Technology Services","robots":{"index":"noindex","follow":"follow","max-snippet":"max-snippet:-1","max-image-preview":"max-image-preview:large","max-video-preview":"max-video-preview:-1"},"og_locale":"fr_FR","og_type":"article","og_title":"Qu\u2019est-ce que le biochar? - Colt Technology Services","og_description":"Qu\u2019est-ce que le biochar? Colt Technology Services","og_url":"https:\/\/legacy.colt.net\/fr\/customer-reference-programme-biochar-faq\/","og_site_name":"Colt Technology Services","article_publisher":"https:\/\/www.facebook.com\/ColtTechnologyServices\/","article_modified_time":"2024-02-12T10:17:03+00:00","og_image":[{"url":"https:\/\/legacy.colt.net\/wp-content\/uploads\/2023\/01\/Tech-and-Sustainability-icon-1.png","type":"","width":"","height":""}],"twitter_card":"summary_large_image","twitter_site":"@colt_technology","twitter_misc":{"Est. reading time":"3 minutes"},"schema":{"@context":"https:\/\/schema.org","@graph":[{"@type":"WebPage","@id":"https:\/\/legacy.colt.net\/fr\/customer-reference-programme-biochar-faq\/","url":"https:\/\/legacy.colt.net\/fr\/customer-reference-programme-biochar-faq\/","name":"Qu\u2019est-ce que le biochar? - Colt Technology Services","isPartOf":{"@id":"https:\/\/legacy.colt.net\/#website"},"primaryImageOfPage":{"@id":"https:\/\/legacy.colt.net\/fr\/customer-reference-programme-biochar-faq\/#primaryimage"},"image":{"@id":"https:\/\/legacy.colt.net\/fr\/customer-reference-programme-biochar-faq\/#primaryimage"},"thumbnailUrl":"https:\/\/legacy.colt.net\/wp-content\/uploads\/2023\/01\/Tech-and-Sustainability-icon-1.png","datePublished":"2024-02-12T10:11:02+00:00","dateModified":"2024-02-12T10:17:03+00:00","description":"Qu\u2019est-ce que le biochar? Colt Technology Services","breadcrumb":{"@id":"https:\/\/legacy.colt.net\/fr\/customer-reference-programme-biochar-faq\/#breadcrumb"},"inLanguage":"fr-FR","potentialAction":[{"@type":"ReadAction","target":["https:\/\/legacy.colt.net\/fr\/customer-reference-programme-biochar-faq\/"]}]},{"@type":"ImageObject","inLanguage":"fr-FR","@id":"https:\/\/legacy.colt.net\/fr\/customer-reference-programme-biochar-faq\/#primaryimage","url":"https:\/\/legacy.colt.net\/wp-content\/uploads\/2023\/01\/Tech-and-Sustainability-icon-1.png","contentUrl":"https:\/\/legacy.colt.net\/wp-content\/uploads\/2023\/01\/Tech-and-Sustainability-icon-1.png"},{"@type":"BreadcrumbList","@id":"https:\/\/legacy.colt.net\/fr\/customer-reference-programme-biochar-faq\/#breadcrumb","itemListElement":[{"@type":"ListItem","position":1,"name":"Home","item":"https:\/\/legacy.colt.net\/fr\/"},{"@type":"ListItem","position":2,"name":"Qu\u2019est-ce que le biochar?"}]},{"@type":"WebSite","@id":"https:\/\/legacy.colt.net\/#website","url":"https:\/\/legacy.colt.net\/","name":"Colt\u30c6\u30af\u30ce\u30ed\u30b8\u30fc\u30b5\u30fc\u30d3\u30b9\u682a\u5f0f\u4f1a\u793e","description":"Managed Network &amp; Voice Services Provider","publisher":{"@id":"https:\/\/legacy.colt.net\/#organization"},"potentialAction":[{"@type":"SearchAction","target":{"@type":"EntryPoint","urlTemplate":"https:\/\/legacy.colt.net\/?s={search_term_string}"},"query-input":{"@type":"PropertyValueSpecification","valueRequired":true,"valueName":"search_term_string"}}],"inLanguage":"fr-FR"},{"@type":"Organization","@id":"https:\/\/legacy.colt.net\/#organization","name":"Colt Technology Services","url":"https:\/\/legacy.colt.net\/","logo":{"@type":"ImageObject","inLanguage":"fr-FR","@id":"https:\/\/legacy.colt.net\/#\/schema\/logo\/image\/","url":"https:\/\/legacy.colt.net\/wp-content\/uploads\/2019\/02\/Colt-Logo.png","contentUrl":"https:\/\/legacy.colt.net\/wp-content\/uploads\/2019\/02\/Colt-Logo.png","width":195,"height":77,"caption":"Colt Technology Services"},"image":{"@id":"https:\/\/legacy.colt.net\/#\/schema\/logo\/image\/"},"sameAs":["https:\/\/www.facebook.com\/ColtTechnologyServices\/","https:\/\/x.com\/colt_technology","https:\/\/www.instagram.com\/colttechnologyservices\/","https:\/\/www.linkedin.com\/company\/colt-technology-services","https:\/\/www.youtube.com\/user\/ColtTechnology"]}]}},"_links":{"self":[{"href":"https:\/\/legacy.colt.net\/fr\/wp-json\/wp\/v2\/pages\/128956","targetHints":{"allow":["GET"]}}],"collection":[{"href":"https:\/\/legacy.colt.net\/fr\/wp-json\/wp\/v2\/pages"}],"about":[{"href":"https:\/\/legacy.colt.net\/fr\/wp-json\/wp\/v2\/types\/page"}],"author":[{"embeddable":true,"href":"https:\/\/legacy.colt.net\/fr\/wp-json\/wp\/v2\/users\/83"}],"replies":[{"embeddable":true,"href":"https:\/\/legacy.colt.net\/fr\/wp-json\/wp\/v2\/comments?post=128956"}],"version-history":[{"count":0,"href":"https:\/\/legacy.colt.net\/fr\/wp-json\/wp\/v2\/pages\/128956\/revisions"}],"wp:attachment":[{"href":"https:\/\/legacy.colt.net\/fr\/wp-json\/wp\/v2\/media?parent=128956"}],"wp:term":[{"taxonomy":"colt_type","embeddable":true,"href":"https:\/\/legacy.colt.net\/fr\/wp-json\/wp\/v2\/colt_type?post=128956"},{"taxonomy":"colt_products","embeddable":true,"href":"https:\/\/legacy.colt.net\/fr\/wp-json\/wp\/v2\/colt_products?post=128956"}],"curies":[{"name":"wp","href":"https:\/\/api.w.org\/{rel}","templated":true}]}}