{"id":125768,"date":"2023-10-31T16:33:29","date_gmt":"2023-10-31T16:33:29","guid":{"rendered":"https:\/\/www.colt.net\/?page_id=125768"},"modified":"2023-10-31T16:39:04","modified_gmt":"2023-10-31T16:39:04","slug":"annette-murphy","status":"publish","type":"page","link":"https:\/\/legacy.colt.net\/fr\/about\/leadership\/annette-murphy\/","title":{"rendered":"Annette Murphy"},"content":{"rendered":"\n\n\t<nav class=\"breadcrumb\"><span><span><a href=\"https:\/\/legacy.colt.net\/fr\/\">Home<\/a><\/span><\/span><\/nav>\n\t\t\t\t<img loading=\"lazy\" decoding=\"async\" src=\"https:\/\/legacy.colt.net\/wp-content\/uploads\/2023\/10\/Annette-Murphy.png\" alt=\"Annette-Murphy\" itemprop=\"image\" height=\"5380\" width=\"4102\" title=\"Annette-Murphy\" onerror=\"this.style.display='none'\"  \/>\n<h3>\n\t\tAnnette Murphy\n\t<\/h3>\n<h4>\n\t\tDirectrice commerciale\n\t<\/h4>\n\t<p>Annette Murphy est directrice commerciale de Colt et rel\u00e8ve directement de la directrice g\u00e9n\u00e9rale de Colt, Keri Gilder. Annette est responsable de la gestion de toutes les activit\u00e9s de mise sur le march\u00e9 et a pour mission de favoriser la croissance des revenus et de la pr\u00e9sence sur le march\u00e9 de Colt. Elle dirige des \u00e9quipes internationales dans les domaines des ventes, du marketing, du succ\u00e8s client, des produits et des partenariats commerciaux et strat\u00e9giques. Elle travaille \u00e9galement en \u00e9troite collaboration avec l&#8217;ensemble de l&#8217;entreprise pour s&#8217;assurer que Colt r\u00e9alise sa vision et ses objectifs globaux. La riche exp\u00e9rience d&#8217;Annette dans le domaine des technologies B2B et des t\u00e9l\u00e9communications concerne la conception de strat\u00e9gies commerciales \u00e0 l&#8217;\u00e9chelle mondiale, la gestion des transformations et la constitution d&#8217;\u00e9quipes hautement performantes au service d&#8217;une croissance r\u00e9elle et de r\u00e9sultats commerciaux concrets. Avant de rejoindre Colt, Annette \u00e9tait pr\u00e9sidente r\u00e9gionale EMEA et APAC pour Lumen Technologies. Avant Lumen, elle a occup\u00e9 plusieurs postes de direction chez Zayo, ainsi que divers postes de direction chez Geo Networks et BT. Annette est titulaire d&#8217;une licence de commerce, de gestion strat\u00e9gique et de marketing de l&#8217;University College de Cork, en Irlande, et d&#8217;une Certification en comptabilit\u00e9 de gestion du Chartered Institute of Management Accountants (CIMA). Annette vit \u00e0 Londres avec son \u00e9poux et leurs trois enfants, et travaille au si\u00e8ge social de Colt \u00e0 Londres.<\/p>\n\t\t\t\t\t\t<h4>\n\t\t\t\t<a href=https:\/\/legacy.colt.net\/fr\/resources\/colt-decroche-le-statut-platinum-decovadis-pour-la-deuxieme-annee-consecutive-pour-ses-performances-rse-exceptionnelles\/ title=\"Colt d\u00e9croche le statut Platinum d&#8217;EcoVadis pour la deuxi\u00e8me ann\u00e9e  cons\u00e9cutive pour ses performances RSE exceptionnelles\" tabindex=\"0\">Colt d\u00e9croche le statut Platinum d&#8217;EcoVadis pour la deuxi\u00e8me ann\u00e9e  cons\u00e9cutive pour ses performances RSE exceptionnelles<\/a>\t\t\t<\/h4>\n\t\t\t<a href=\"https:\/\/legacy.colt.net\/fr\/resources\/colt-decroche-le-statut-platinum-decovadis-pour-la-deuxieme-annee-consecutive-pour-ses-performances-rse-exceptionnelles\/\" target=\"_self\" rel=\"noopener\">En savoir plus &#8594;<\/a>\t\t\n\t\t\t\t\t\t<h4>\n\t\t\t\t<a href=https:\/\/legacy.colt.net\/fr\/resources\/etude-colt-les-jeunes-responsables-informatiques-favorisent-ladoption-de-lia\/ title=\"Etude Colt : les jeunes responsables informatiques favorisent l'adoption de l'IA\" tabindex=\"0\">Etude Colt : les jeunes responsables informatiques favorisent l&#8217;adoption de l&#8217;IA<\/a>\t\t\t<\/h4>\n\t\t\t<a href=\"https:\/\/legacy.colt.net\/fr\/resources\/etude-colt-les-jeunes-responsables-informatiques-favorisent-ladoption-de-lia\/\" target=\"_self\" rel=\"noopener\">En savoir plus &#8594;<\/a>\t\t\n\t\t\t\t\t\t<h4>\n\t\t\t\t<a href=https:\/\/legacy.colt.net\/fr\/resources\/colt-et-eurofiber-annoncent-un-partenariat-strategique-pour-repondre-a-la-demande-croissante-de-connectivite\/ title=\"Colt et Eurofiber annoncent un partenariat strat\u00e9gique pour r\u00e9pondre \u00e0 la demande croissante de connectivit\u00e9\" tabindex=\"0\">Colt et Eurofiber annoncent un partenariat strat\u00e9gique pour r\u00e9pondre \u00e0 la demande croissante de connectivit\u00e9<\/a>\t\t\t<\/h4>\n\t\t\t<a href=\"https:\/\/legacy.colt.net\/fr\/resources\/colt-et-eurofiber-annoncent-un-partenariat-strategique-pour-repondre-a-la-demande-croissante-de-connectivite\/\" target=\"_self\" rel=\"noopener\">En savoir plus &#8594;<\/a>\t\t\n\t\t\t\t\t\t<h4>\n\t\t\t\t<a href=https:\/\/legacy.colt.net\/fr\/resources\/colt-renforce-son-empreinte-metropolitaine-en-france-en-setendant-dans-trois-villes-cles-et-en-developpant-de-nouvelles-routes-pour-soutenir-les-entreprises\/ title=\"Colt renforce son empreinte m\u00e9tropolitaine en France en s'\u00e9tendant dans trois villes cl\u00e9s et en d\u00e9veloppant de nouvelles routes pour soutenir les entreprises\" tabindex=\"0\">Colt renforce son empreinte m\u00e9tropolitaine en France en s&#8217;\u00e9tendant dans trois villes cl\u00e9s et en d\u00e9veloppant de nouvelles routes pour soutenir les entreprises<\/a>\t\t\t<\/h4>\n\t\t\t<a href=\"https:\/\/legacy.colt.net\/fr\/resources\/colt-renforce-son-empreinte-metropolitaine-en-france-en-setendant-dans-trois-villes-cles-et-en-developpant-de-nouvelles-routes-pour-soutenir-les-entreprises\/\" target=\"_self\" rel=\"noopener\">En savoir plus &#8594;<\/a>\t\t\n\t\t\t\t\t\t<h4>\n\t\t\t\t<a href=https:\/\/legacy.colt.net\/fr\/resources\/colt-etend-son-portefeuille-de-reseaux-optiques-de-classe-mondiale-grace-a-un-nouveau-partenariat-avec-nokia\/ title=\"Colt \u00e9tend son portefeuille de r\u00e9seaux optiques de classe mondiale gr\u00e2ce \u00e0 un nouveau partenariat avec Nokia\" tabindex=\"0\">Colt \u00e9tend son portefeuille de r\u00e9seaux optiques de classe mondiale gr\u00e2ce \u00e0 un nouveau partenariat avec Nokia<\/a>\t\t\t<\/h4>\n\t\t\t<a href=\"https:\/\/legacy.colt.net\/fr\/resources\/colt-etend-son-portefeuille-de-reseaux-optiques-de-classe-mondiale-grace-a-un-nouveau-partenariat-avec-nokia\/\" target=\"_self\" rel=\"noopener\">En savoir plus &#8594;<\/a>\t\t\n\t\t\t\t\t\t<h4>\n\t\t\t\t<a href=https:\/\/legacy.colt.net\/fr\/resources\/zscaler-interview-with-ash-surti\/ title=\"Une exp\u00e9rience client exceptionnelle commence \u00e0 domicile\" tabindex=\"0\">Une exp\u00e9rience client exceptionnelle commence \u00e0 domicile<\/a>\t\t\t<\/h4>\n\t\t\t<a href=\"https:\/\/legacy.colt.net\/fr\/resources\/zscaler-interview-with-ash-surti\/\" target=\"_self\" rel=\"noopener\">En savoir plus &#8594;<\/a>\t\t\n\t\t\t\t\t\t<h4>\n\t\t\t\t<a href=https:\/\/legacy.colt.net\/fr\/resources\/colt-installe-avec-succes-une-nouvelle-fibre-optique-dans-le-tunnel-sous-la-manche-pour-connecter-londres-a-paris\/ title=\"Colt installe avec succ\u00e8s une nouvelle fibre optique dans le tunnel sous la Manche pour connecter Londres \u00e0 Paris\" tabindex=\"0\">Colt installe avec succ\u00e8s une nouvelle fibre optique dans le tunnel sous la Manche pour connecter Londres \u00e0 Paris<\/a>\t\t\t<\/h4>\n\t\t\t<a href=\"https:\/\/legacy.colt.net\/fr\/resources\/colt-installe-avec-succes-une-nouvelle-fibre-optique-dans-le-tunnel-sous-la-manche-pour-connecter-londres-a-paris\/\" target=\"_self\" rel=\"noopener\">En savoir plus &#8594;<\/a>\t\t\n\t\t\t\t\t\t<h4>\n\t\t\t\t<a href=https:\/\/legacy.colt.net\/fr\/resources\/lunivers-numerique-de-demain-se-fera-t-il-avec-la-blockchain\/ title=\"L'univers num\u00e9rique de demain se fera-t-il avec la blockchain ?\" tabindex=\"0\">L&#8217;univers num\u00e9rique de demain se fera-t-il avec la blockchain ?<\/a>\t\t\t<\/h4>\n\t\t\t<a href=\"https:\/\/legacy.colt.net\/fr\/resources\/lunivers-numerique-de-demain-se-fera-t-il-avec-la-blockchain\/\" target=\"_self\" rel=\"noopener\">En savoir plus &#8594;<\/a>\t\t\n\n","protected":false},"excerpt":{"rendered":"<p>Annette Murphy Directrice commerciale Annette Murphy est directrice commerciale de Colt et rel\u00e8ve directement de la directrice g\u00e9n\u00e9rale de Colt, Keri Gilder. Annette est responsable de la gestion de toutes les activit\u00e9s de mise sur le march\u00e9 et a pour mission de favoriser la croissance des revenus et de la pr\u00e9sence sur le march\u00e9 de&#8230;<\/p>\n","protected":false},"author":2,"featured_media":0,"parent":34336,"menu_order":0,"comment_status":"closed","ping_status":"closed","template":"","meta":{"_acf_changed":false,"footnotes":""},"colt_type":[],"colt_products":[],"class_list":["post-125768","page","type-page","status-publish","hentry"],"acf":[],"yoast_head":"<!-- This site is optimized with the Yoast SEO plugin v26.8 - https:\/\/yoast.com\/product\/yoast-seo-wordpress\/ -->\n<title>Annette Murphy - Colt Technology Services<\/title>\n<meta name=\"description\" content=\"Annette Murphy Colt Technology Services\" \/>\n<meta name=\"robots\" content=\"noindex, follow, max-snippet:-1, max-image-preview:large, max-video-preview:-1\" \/>\n<meta property=\"og:locale\" content=\"fr_FR\" \/>\n<meta property=\"og:type\" content=\"article\" \/>\n<meta property=\"og:title\" content=\"Annette Murphy - Colt Technology Services\" \/>\n<meta property=\"og:description\" content=\"Annette Murphy Colt Technology Services\" \/>\n<meta property=\"og:url\" content=\"https:\/\/legacy.colt.net\/fr\/about\/leadership\/annette-murphy\/\" \/>\n<meta property=\"og:site_name\" content=\"Colt Technology Services\" \/>\n<meta property=\"article:publisher\" content=\"https:\/\/www.facebook.com\/ColtTechnologyServices\/\" \/>\n<meta property=\"article:modified_time\" content=\"2023-10-31T16:39:04+00:00\" \/>\n<meta property=\"og:image\" content=\"https:\/\/legacy.colt.net\/wp-content\/uploads\/2021\/01\/Brand-2021-Stock-5.jpg\" \/>\n\t<meta property=\"og:image:width\" content=\"1000\" \/>\n\t<meta property=\"og:image:height\" content=\"667\" \/>\n\t<meta property=\"og:image:type\" content=\"image\/jpeg\" \/>\n<meta name=\"twitter:card\" content=\"summary_large_image\" \/>\n<meta name=\"twitter:site\" content=\"@colt_technology\" \/>\n<script type=\"application\/ld+json\" class=\"yoast-schema-graph\">{\"@context\":\"https:\/\/schema.org\",\"@graph\":[{\"@type\":\"WebPage\",\"@id\":\"https:\/\/legacy.colt.net\/fr\/about\/leadership\/annette-murphy\/\",\"url\":\"https:\/\/legacy.colt.net\/fr\/about\/leadership\/annette-murphy\/\",\"name\":\"Annette Murphy - Colt Technology Services\",\"isPartOf\":{\"@id\":\"https:\/\/legacy.colt.net\/#website\"},\"primaryImageOfPage\":{\"@id\":\"https:\/\/legacy.colt.net\/fr\/about\/leadership\/annette-murphy\/#primaryimage\"},\"image\":{\"@id\":\"https:\/\/legacy.colt.net\/fr\/about\/leadership\/annette-murphy\/#primaryimage\"},\"thumbnailUrl\":\"https:\/\/legacy.colt.net\/wp-content\/uploads\/2023\/10\/Annette-Murphy.png\",\"datePublished\":\"2023-10-31T16:33:29+00:00\",\"dateModified\":\"2023-10-31T16:39:04+00:00\",\"description\":\"Annette Murphy Colt Technology Services\",\"breadcrumb\":{\"@id\":\"https:\/\/legacy.colt.net\/fr\/about\/leadership\/annette-murphy\/#breadcrumb\"},\"inLanguage\":\"fr-FR\",\"potentialAction\":[{\"@type\":\"ReadAction\",\"target\":[\"https:\/\/legacy.colt.net\/fr\/about\/leadership\/annette-murphy\/\"]}]},{\"@type\":\"ImageObject\",\"inLanguage\":\"fr-FR\",\"@id\":\"https:\/\/legacy.colt.net\/fr\/about\/leadership\/annette-murphy\/#primaryimage\",\"url\":\"https:\/\/legacy.colt.net\/wp-content\/uploads\/2023\/10\/Annette-Murphy.png\",\"contentUrl\":\"https:\/\/legacy.colt.net\/wp-content\/uploads\/2023\/10\/Annette-Murphy.png\"},{\"@type\":\"BreadcrumbList\",\"@id\":\"https:\/\/legacy.colt.net\/fr\/about\/leadership\/annette-murphy\/#breadcrumb\",\"itemListElement\":[{\"@type\":\"ListItem\",\"position\":1,\"name\":\"Home\",\"item\":\"https:\/\/legacy.colt.net\/fr\/\"},{\"@type\":\"ListItem\",\"position\":2,\"name\":\"A propos de colt\",\"item\":\"https:\/\/legacy.colt.net\/fr\/about\/\"},{\"@type\":\"ListItem\",\"position\":3,\"name\":\"Comit\u00e9 Ex\u00e9cutif\",\"item\":\"https:\/\/legacy.colt.net\/fr\/about\/leadership\/\"},{\"@type\":\"ListItem\",\"position\":4,\"name\":\"Private: Annette Murphy\"}]},{\"@type\":\"WebSite\",\"@id\":\"https:\/\/legacy.colt.net\/#website\",\"url\":\"https:\/\/legacy.colt.net\/\",\"name\":\"Colt\u30c6\u30af\u30ce\u30ed\u30b8\u30fc\u30b5\u30fc\u30d3\u30b9\u682a\u5f0f\u4f1a\u793e\",\"description\":\"Managed Network &amp; Voice Services Provider\",\"publisher\":{\"@id\":\"https:\/\/legacy.colt.net\/#organization\"},\"potentialAction\":[{\"@type\":\"SearchAction\",\"target\":{\"@type\":\"EntryPoint\",\"urlTemplate\":\"https:\/\/legacy.colt.net\/?s={search_term_string}\"},\"query-input\":{\"@type\":\"PropertyValueSpecification\",\"valueRequired\":true,\"valueName\":\"search_term_string\"}}],\"inLanguage\":\"fr-FR\"},{\"@type\":\"Organization\",\"@id\":\"https:\/\/legacy.colt.net\/#organization\",\"name\":\"Colt Technology Services\",\"url\":\"https:\/\/legacy.colt.net\/\",\"logo\":{\"@type\":\"ImageObject\",\"inLanguage\":\"fr-FR\",\"@id\":\"https:\/\/legacy.colt.net\/#\/schema\/logo\/image\/\",\"url\":\"https:\/\/legacy.colt.net\/wp-content\/uploads\/2019\/02\/Colt-Logo.png\",\"contentUrl\":\"https:\/\/legacy.colt.net\/wp-content\/uploads\/2019\/02\/Colt-Logo.png\",\"width\":195,\"height\":77,\"caption\":\"Colt Technology Services\"},\"image\":{\"@id\":\"https:\/\/legacy.colt.net\/#\/schema\/logo\/image\/\"},\"sameAs\":[\"https:\/\/www.facebook.com\/ColtTechnologyServices\/\",\"https:\/\/x.com\/colt_technology\",\"https:\/\/www.instagram.com\/colttechnologyservices\/\",\"https:\/\/www.linkedin.com\/company\/colt-technology-services\",\"https:\/\/www.youtube.com\/user\/ColtTechnology\"]}]}<\/script>\n<!-- \/ Yoast SEO plugin. -->","yoast_head_json":{"title":"Annette Murphy - Colt Technology Services","description":"Annette Murphy Colt Technology Services","robots":{"index":"noindex","follow":"follow","max-snippet":"max-snippet:-1","max-image-preview":"max-image-preview:large","max-video-preview":"max-video-preview:-1"},"og_locale":"fr_FR","og_type":"article","og_title":"Annette Murphy - Colt Technology Services","og_description":"Annette Murphy Colt Technology Services","og_url":"https:\/\/legacy.colt.net\/fr\/about\/leadership\/annette-murphy\/","og_site_name":"Colt Technology Services","article_publisher":"https:\/\/www.facebook.com\/ColtTechnologyServices\/","article_modified_time":"2023-10-31T16:39:04+00:00","og_image":[{"width":1000,"height":667,"url":"https:\/\/legacy.colt.net\/wp-content\/uploads\/2021\/01\/Brand-2021-Stock-5.jpg","type":"image\/jpeg"}],"twitter_card":"summary_large_image","twitter_site":"@colt_technology","schema":{"@context":"https:\/\/schema.org","@graph":[{"@type":"WebPage","@id":"https:\/\/legacy.colt.net\/fr\/about\/leadership\/annette-murphy\/","url":"https:\/\/legacy.colt.net\/fr\/about\/leadership\/annette-murphy\/","name":"Annette Murphy - Colt Technology Services","isPartOf":{"@id":"https:\/\/legacy.colt.net\/#website"},"primaryImageOfPage":{"@id":"https:\/\/legacy.colt.net\/fr\/about\/leadership\/annette-murphy\/#primaryimage"},"image":{"@id":"https:\/\/legacy.colt.net\/fr\/about\/leadership\/annette-murphy\/#primaryimage"},"thumbnailUrl":"https:\/\/legacy.colt.net\/wp-content\/uploads\/2023\/10\/Annette-Murphy.png","datePublished":"2023-10-31T16:33:29+00:00","dateModified":"2023-10-31T16:39:04+00:00","description":"Annette Murphy Colt Technology Services","breadcrumb":{"@id":"https:\/\/legacy.colt.net\/fr\/about\/leadership\/annette-murphy\/#breadcrumb"},"inLanguage":"fr-FR","potentialAction":[{"@type":"ReadAction","target":["https:\/\/legacy.colt.net\/fr\/about\/leadership\/annette-murphy\/"]}]},{"@type":"ImageObject","inLanguage":"fr-FR","@id":"https:\/\/legacy.colt.net\/fr\/about\/leadership\/annette-murphy\/#primaryimage","url":"https:\/\/legacy.colt.net\/wp-content\/uploads\/2023\/10\/Annette-Murphy.png","contentUrl":"https:\/\/legacy.colt.net\/wp-content\/uploads\/2023\/10\/Annette-Murphy.png"},{"@type":"BreadcrumbList","@id":"https:\/\/legacy.colt.net\/fr\/about\/leadership\/annette-murphy\/#breadcrumb","itemListElement":[{"@type":"ListItem","position":1,"name":"Home","item":"https:\/\/legacy.colt.net\/fr\/"},{"@type":"ListItem","position":2,"name":"A propos de colt","item":"https:\/\/legacy.colt.net\/fr\/about\/"},{"@type":"ListItem","position":3,"name":"Comit\u00e9 Ex\u00e9cutif","item":"https:\/\/legacy.colt.net\/fr\/about\/leadership\/"},{"@type":"ListItem","position":4,"name":"Private: Annette Murphy"}]},{"@type":"WebSite","@id":"https:\/\/legacy.colt.net\/#website","url":"https:\/\/legacy.colt.net\/","name":"Colt\u30c6\u30af\u30ce\u30ed\u30b8\u30fc\u30b5\u30fc\u30d3\u30b9\u682a\u5f0f\u4f1a\u793e","description":"Managed Network &amp; Voice Services Provider","publisher":{"@id":"https:\/\/legacy.colt.net\/#organization"},"potentialAction":[{"@type":"SearchAction","target":{"@type":"EntryPoint","urlTemplate":"https:\/\/legacy.colt.net\/?s={search_term_string}"},"query-input":{"@type":"PropertyValueSpecification","valueRequired":true,"valueName":"search_term_string"}}],"inLanguage":"fr-FR"},{"@type":"Organization","@id":"https:\/\/legacy.colt.net\/#organization","name":"Colt Technology Services","url":"https:\/\/legacy.colt.net\/","logo":{"@type":"ImageObject","inLanguage":"fr-FR","@id":"https:\/\/legacy.colt.net\/#\/schema\/logo\/image\/","url":"https:\/\/legacy.colt.net\/wp-content\/uploads\/2019\/02\/Colt-Logo.png","contentUrl":"https:\/\/legacy.colt.net\/wp-content\/uploads\/2019\/02\/Colt-Logo.png","width":195,"height":77,"caption":"Colt Technology Services"},"image":{"@id":"https:\/\/legacy.colt.net\/#\/schema\/logo\/image\/"},"sameAs":["https:\/\/www.facebook.com\/ColtTechnologyServices\/","https:\/\/x.com\/colt_technology","https:\/\/www.instagram.com\/colttechnologyservices\/","https:\/\/www.linkedin.com\/company\/colt-technology-services","https:\/\/www.youtube.com\/user\/ColtTechnology"]}]}},"_links":{"self":[{"href":"https:\/\/legacy.colt.net\/fr\/wp-json\/wp\/v2\/pages\/125768","targetHints":{"allow":["GET"]}}],"collection":[{"href":"https:\/\/legacy.colt.net\/fr\/wp-json\/wp\/v2\/pages"}],"about":[{"href":"https:\/\/legacy.colt.net\/fr\/wp-json\/wp\/v2\/types\/page"}],"author":[{"embeddable":true,"href":"https:\/\/legacy.colt.net\/fr\/wp-json\/wp\/v2\/users\/2"}],"replies":[{"embeddable":true,"href":"https:\/\/legacy.colt.net\/fr\/wp-json\/wp\/v2\/comments?post=125768"}],"version-history":[{"count":0,"href":"https:\/\/legacy.colt.net\/fr\/wp-json\/wp\/v2\/pages\/125768\/revisions"}],"up":[{"embeddable":true,"href":"https:\/\/legacy.colt.net\/fr\/wp-json\/wp\/v2\/pages\/34336"}],"wp:attachment":[{"href":"https:\/\/legacy.colt.net\/fr\/wp-json\/wp\/v2\/media?parent=125768"}],"wp:term":[{"taxonomy":"colt_type","embeddable":true,"href":"https:\/\/legacy.colt.net\/fr\/wp-json\/wp\/v2\/colt_type?post=125768"},{"taxonomy":"colt_products","embeddable":true,"href":"https:\/\/legacy.colt.net\/fr\/wp-json\/wp\/v2\/colt_products?post=125768"}],"curies":[{"name":"wp","href":"https:\/\/api.w.org\/{rel}","templated":true}]}}