{"id":125539,"date":"2023-10-30T13:17:47","date_gmt":"2023-10-30T13:17:47","guid":{"rendered":"https:\/\/www.colt.net\/?page_id=125539"},"modified":"2023-10-30T14:49:41","modified_gmt":"2023-10-30T14:49:41","slug":"business-connect","status":"publish","type":"page","link":"https:\/\/legacy.colt.net\/fr\/solutions\/business-connect\/","title":{"rendered":"Solutions Overview: Business Connect"},"content":{"rendered":"\n\n\t<nav class=\"breadcrumb\"><span><span><a href=\"https:\/\/legacy.colt.net\/fr\/\">Home<\/a><\/span><\/span><\/nav>\n<h1>\n\t\tUn r\u00e9seau qui permet \u00e0 votre entreprise d&#8217;en faire plus.\n\t<\/h1>\n\t<p>Alors que les entreprises poursuivent leur d\u00e9veloppement et doivent s&#8217;adapter \u00e0 des d\u00e9fis de plus en plus complexes, il est essentiel de maintenir une connectivit\u00e9 agile et s\u00e9curis\u00e9e entre les diff\u00e9rents sites pour optimiser la productivit\u00e9. Que vous souhaitiez connecter vos sites \u00e0 Internet, augmenter la bande passante entre vos datacentres ou moderniser votre r\u00e9seau \u00e9tendu WAN, Colt dispose des capacit\u00e9s et de l&#8217;expertise n\u00e9cessaires pour vous aider.<\/p>\n\t\t\t<a href=\"https:\/\/legacy.colt.net\/connect\/\" target=\"_blank\" role=\"button\" rel=\"noopener\">\n\t\t\t\t\t\t\tV\u00e9rifiez votre connectivit\u00e9\n\t\t\t<\/a>\n\t\t\t\t<img loading=\"lazy\" decoding=\"async\" src=\"https:\/\/legacy.colt.net\/wp-content\/uploads\/2023\/04\/Page-break-01.png\" alt=\"Page-break-01\" itemprop=\"image\" height=\"797\" width=\"1000\" title=\"Page-break-01\" onerror=\"this.style.display='none'\"  \/>\n<h2>\n\t\tPr\u00e9sentation des options de connectivit\u00e9 du client\n\t<\/h2>\n\t<p>Nos solutions sont con\u00e7ues pour r\u00e9duire les risques et la complexit\u00e9, et pour acc\u00e9l\u00e9rer votre acc\u00e8s au march\u00e9 par une mise en \u0153uvre rapide, des accords de niveau de service (ANS) de bout en bout, des contrats flexibles et \u00e0 une tarification \u00e9tablie sur les services.<\/p>\n<p>&nbsp;<\/p>\n<h2>\n\t\tEXPLOREZ VOS OPTIONS DE CONNECTIVIT\u00c9\n\t<\/h2>\n\t\t<nav>\n\t\t\t<ul>\n\t\t\t\t\t\t\t\t<li data-index=\"0\">\n\t\t\t\t\t<h4>\n\t\t\t\t\t\t<a href=\"javascript:void(0);\">Colt SD WAN\n\t\t\t\t\t\t\t\t\t\t\t\t<\/a>\n\t\t\t\t\t<\/h4>\n\t\t\t\t<\/li>\n\t\t\t\t\t\t\t\t<li data-index=\"1\">\n\t\t\t\t\t<h4>\n\t\t\t\t\t\t<a href=\"javascript:void(0);\">Direct Internet Access\n\t\t\t\t\t\t\t\t\t\t\t\t<\/a>\n\t\t\t\t\t<\/h4>\n\t\t\t\t<\/li>\n\t\t\t\t\t\t\t\t<li data-index=\"2\">\n\t\t\t\t\t<h4>\n\t\t\t\t\t\t<a href=\"javascript:void(0);\">IP VPN\n\t\t\t\t\t\t\t\t\t\t\t\t<\/a>\n\t\t\t\t\t<\/h4>\n\t\t\t\t<\/li>\n\t\t\t\t\t\t\t<\/ul>\n\t\t<\/nav>\n\t\t\t\t\t<h4>\n\t\t\t\t\t\t\t\t\t\t\t\tColt SD WAN\n\t\t\t\t\t\t\t\t\t\t\t<\/h4>\n\t\t\t\t\t\t\t\t\t\n\t\t\t\t\t<h4>\n\t\t\t\t\t\t\t\t\t\t\t\tDirect Internet Access\n\t\t\t\t\t\t\t\t\t\t\t<\/h4>\n\t\t\t\t\t\t\t\t\t\n\t\t\t\t\t<h4>\n\t\t\t\t\t\t\t\t\t\t\t\tIP VPN\n\t\t\t\t\t\t\t\t\t\t\t<\/h4>\n\t\t\t\t\t\t\t\t\t\n\t\t\t\t\t<!-- \/content -->\n\t<!-- \/tabs -->\n<h2>\n\t\tRejoignez plus de 25 000 clients\n\t<\/h2>\n\t\t\t\t<img loading=\"lazy\" decoding=\"async\" src=\"https:\/\/legacy.colt.net\/wp-content\/uploads\/2022\/09\/client-logo-farfetch.png\" alt=\"client-logo-farfetch\" itemprop=\"image\" height=\"23\" width=\"177\" title=\"client-logo-farfetch\" onerror=\"this.style.display='none'\"  \/>\n\t\t\t\t<img loading=\"lazy\" decoding=\"async\" src=\"https:\/\/legacy.colt.net\/wp-content\/uploads\/2022\/09\/client-logo-atos.png\" alt=\"client-logo-atos\" itemprop=\"image\" height=\"38\" width=\"114\" title=\"client-logo-atos\" onerror=\"this.style.display='none'\"  \/>\n\t\t\t\t<img loading=\"lazy\" decoding=\"async\" src=\"https:\/\/legacy.colt.net\/wp-content\/uploads\/2022\/09\/client-logo-borse-stuttgart.png\" alt=\"client-logo-borse-stuttgart\" itemprop=\"image\" height=\"69\" width=\"157\" title=\"client-logo-borse-stuttgart\" onerror=\"this.style.display='none'\"  \/>\n\t\t\t\t<img loading=\"lazy\" decoding=\"async\" src=\"https:\/\/legacy.colt.net\/wp-content\/uploads\/2022\/09\/client-logo-arthur-d-little.png\" alt=\"client-logo-arthur-d-little\" itemprop=\"image\" height=\"25\" width=\"220\" title=\"client-logo-arthur-d-little\" onerror=\"this.style.display='none'\"  \/>\n\t\t\t\t<img loading=\"lazy\" decoding=\"async\" src=\"https:\/\/legacy.colt.net\/wp-content\/uploads\/2022\/09\/client-logo-hitachi.png\" alt=\"client-logo-hitachi\" itemprop=\"image\" height=\"49\" width=\"171\" title=\"client-logo-hitachi\" onerror=\"this.style.display='none'\"  \/>\n\t\t\t\t<img loading=\"lazy\" decoding=\"async\" src=\"https:\/\/legacy.colt.net\/wp-content\/uploads\/2022\/09\/client-logo-tencent.png\" alt=\"client-logo-tencent\" itemprop=\"image\" height=\"85\" width=\"120\" title=\"client-logo-tencent\" onerror=\"this.style.display='none'\"  \/>\n\t\t\t\t<img loading=\"lazy\" decoding=\"async\" src=\"https:\/\/legacy.colt.net\/wp-content\/uploads\/2022\/09\/client-logo-denphone.png\" alt=\"client-logo-denphone\" itemprop=\"image\" height=\"73\" width=\"179\" title=\"client-logo-denphone\" onerror=\"this.style.display='none'\"  \/>\n\t\t\t\t<img loading=\"lazy\" decoding=\"async\" src=\"https:\/\/legacy.colt.net\/wp-content\/uploads\/2022\/09\/client-logo-forbes.png\" alt=\"client-logo-forbes\" itemprop=\"image\" height=\"38\" width=\"143\" title=\"client-logo-forbes\" onerror=\"this.style.display='none'\"  \/>\n\t\t\t\t<img loading=\"lazy\" decoding=\"async\" src=\"https:\/\/legacy.colt.net\/wp-content\/uploads\/2022\/09\/client-logo-brussels-airlines.png\" alt=\"client-logo-brussels-airlines\" itemprop=\"image\" height=\"63\" width=\"241\" title=\"client-logo-brussels-airlines\" onerror=\"this.style.display='none'\"  \/>\n\t\t\t\t<img loading=\"lazy\" decoding=\"async\" src=\"https:\/\/legacy.colt.net\/wp-content\/uploads\/2022\/09\/client-logo-berlinde.png\" alt=\"client-logo-berlinde\" itemprop=\"image\" height=\"83\" width=\"170\" title=\"client-logo-berlinde\" onerror=\"this.style.display='none'\"  \/>\n<h2>\n\t\tPourquoi choisir Colt ?\n\t<\/h2>\n\t\t\t\t<img decoding=\"async\" src=\"https:\/\/legacy.colt.net\/wp-content\/uploads\/2022\/06\/Governance-Icon-1.png\" alt=\"Governance Icon\" title=\"Governance Icon\" itemprop=\"image\"\/>\n\t\t<h3>Une pr\u00e9sence mondiale<\/h3>\t\t\t\n\t\t\t\t<p>Plus de 25 000 clients nous font confiance, dont certaines des plus grandes entreprises du monde, 18 des 25 plus grandes banques et plus de 650 acteurs des march\u00e9s financiers. Tout cela en recueillant taux de recommandation nets record.<\/p>\n\t\t\t\t<img decoding=\"async\" src=\"https:\/\/legacy.colt.net\/wp-content\/uploads\/2022\/07\/IQ-Network-Page-Icons-03.png\" alt=\"IQ Network Page-Icons-03\" title=\"IQ Network Page-Icons-03\" itemprop=\"image\"\/>\n\t\t<h3>Leaders technologiques<\/h3>\t\t\t\n\t\t\t\t<p>Notre technologie nous distingue. Colt a \u00e9t\u00e9 parmi les premiers \u00e0 d\u00e9ployer l&#8217;approvisionnement \u00e0 la demande, et reste en pointe en termes d&#8217;API et de compatibilit\u00e9 r\u00e9seau d\u00e9fini par logiciel (SDN) + Edge compute pour ses clients.<\/p>\n\t\t\t\t<img decoding=\"async\" src=\"https:\/\/legacy.colt.net\/wp-content\/uploads\/2022\/07\/IQ-Network-Page-Icons-01.png\" alt=\"IQ Network Page-Icons-01\" title=\"IQ Network Page-Icons-01\" itemprop=\"image\"\/>\n\t\t<h3>Vous avez l&#8217;embarras du choix<\/h3>\t\t\t\n\t\t\t\t<p>Plus de 31 000 b\u00e2timents disposent d&#8217;une connexion directe en fibre optique au r\u00e9seau Colt. Colt connecte plus de datacentres en Europe, aux \u00c9tats-Unis et en Asie que n&#8217;importe quel autre fournisseur : aucun compromis n&#8217;est donc n\u00e9cessaire entre s\u00e9curit\u00e9 et simplicit\u00e9 d&#8217;utilisation.<\/p>\n<h2>\n\t\tVous h\u00e9sitez encore ?\n\t<\/h2>\n\t<p>Colt vous aidera \u00e0 \u00e9laborer une solution sur mesure adapt\u00e9e \u00e0 votre environnement cloud sp\u00e9cifique et \u00e0 vos besoins en mati\u00e8re de r\u00e9seau.<\/p>\n<p>Avec plus de datacentres connect\u00e9s \u00e0 travers l&#8217;Europe, les \u00c9tats-Unis et l&#8217;Asie que n&#8217;importe quel autre fournisseur, et soutenu par un r\u00e9seau Colt IQ de qualit\u00e9 op\u00e9rateur, vous serez entre de bonnes mains quelle que soit la solution que vous choisissez.<\/p>\n\t\t\t<a href=\"#cta\" target=\"_self\" role=\"button\" rel=\"noopener\">\n\t\t\t\t\t\t\tNous contacter\n\t\t\t<\/a>\n<h2>\n\t\t<a href=\"https:\/\/legacy.colt.net\/fr\/colt-network-map\/\" title=\"ou v\u00e9rifier la couverture de notre r\u00e9seau &gt;\" target=\"_self\" rel=\"noopener\">\n\t\tou v\u00e9rifier la couverture de notre r\u00e9seau >\n\t\t<\/a>\n\t<\/h2>\n\t\t\t\t<img loading=\"lazy\" decoding=\"async\" src=\"https:\/\/legacy.colt.net\/wp-content\/uploads\/2021\/09\/Image-10.png\" alt=\"Image 10\" itemprop=\"image\" height=\"900\" width=\"800\" title=\"Image 10\" onerror=\"this.style.display='none'\"  \/>\n\n","protected":false},"excerpt":{"rendered":"<p>Un r\u00e9seau qui permet \u00e0 votre entreprise d&#8217;en faire plus. Alors que les entreprises poursuivent leur d\u00e9veloppement et doivent s&#8217;adapter \u00e0 des d\u00e9fis de plus en plus complexes, il est essentiel de maintenir une connectivit\u00e9 agile et s\u00e9curis\u00e9e entre les diff\u00e9rents sites pour optimiser la productivit\u00e9. Que vous souhaitiez connecter vos sites \u00e0 Internet, augmenter&#8230;<\/p>\n","protected":false},"author":2,"featured_media":0,"parent":91322,"menu_order":0,"comment_status":"closed","ping_status":"closed","template":"","meta":{"_acf_changed":false,"footnotes":""},"colt_type":[],"colt_products":[],"class_list":["post-125539","page","type-page","status-publish","hentry"],"acf":[],"yoast_head":"<!-- This site is optimized with the Yoast SEO plugin v26.8 - https:\/\/yoast.com\/product\/yoast-seo-wordpress\/ -->\n<title>Solutions Overview: Business Connect - Colt Technology Services<\/title>\n<meta name=\"description\" content=\"Solutions Overview: Business Connect Colt Technology Services\" \/>\n<meta name=\"robots\" content=\"noindex, follow, max-snippet:-1, max-image-preview:large, max-video-preview:-1\" \/>\n<meta property=\"og:locale\" content=\"fr_FR\" \/>\n<meta property=\"og:type\" content=\"article\" \/>\n<meta property=\"og:title\" content=\"Solutions Overview: Business Connect - Colt Technology Services\" \/>\n<meta property=\"og:description\" content=\"Solutions Overview: Business Connect Colt Technology Services\" \/>\n<meta property=\"og:url\" content=\"https:\/\/legacy.colt.net\/fr\/solutions\/business-connect\/\" \/>\n<meta property=\"og:site_name\" content=\"Colt Technology Services\" \/>\n<meta property=\"article:publisher\" content=\"https:\/\/www.facebook.com\/ColtTechnologyServices\/\" \/>\n<meta property=\"article:modified_time\" content=\"2023-10-30T14:49:41+00:00\" \/>\n<meta property=\"og:image\" content=\"https:\/\/legacy.colt.net\/wp-content\/uploads\/2021\/01\/Brand-2021-Stock-14.jpg\" \/>\n\t<meta property=\"og:image:width\" content=\"1000\" \/>\n\t<meta property=\"og:image:height\" content=\"667\" \/>\n\t<meta property=\"og:image:type\" content=\"image\/jpeg\" \/>\n<meta name=\"twitter:card\" content=\"summary_large_image\" \/>\n<meta name=\"twitter:site\" content=\"@colt_technology\" \/>\n<script type=\"application\/ld+json\" class=\"yoast-schema-graph\">{\"@context\":\"https:\/\/schema.org\",\"@graph\":[{\"@type\":\"WebPage\",\"@id\":\"https:\/\/legacy.colt.net\/fr\/solutions\/business-connect\/\",\"url\":\"https:\/\/legacy.colt.net\/fr\/solutions\/business-connect\/\",\"name\":\"Solutions Overview: Business Connect - Colt Technology Services\",\"isPartOf\":{\"@id\":\"https:\/\/legacy.colt.net\/#website\"},\"primaryImageOfPage\":{\"@id\":\"https:\/\/legacy.colt.net\/fr\/solutions\/business-connect\/#primaryimage\"},\"image\":{\"@id\":\"https:\/\/legacy.colt.net\/fr\/solutions\/business-connect\/#primaryimage\"},\"thumbnailUrl\":\"https:\/\/legacy.colt.net\/wp-content\/uploads\/2023\/04\/Page-break-01.png\",\"datePublished\":\"2023-10-30T13:17:47+00:00\",\"dateModified\":\"2023-10-30T14:49:41+00:00\",\"description\":\"Solutions Overview: Business Connect Colt Technology Services\",\"breadcrumb\":{\"@id\":\"https:\/\/legacy.colt.net\/fr\/solutions\/business-connect\/#breadcrumb\"},\"inLanguage\":\"fr-FR\",\"potentialAction\":[{\"@type\":\"ReadAction\",\"target\":[\"https:\/\/legacy.colt.net\/fr\/solutions\/business-connect\/\"]}]},{\"@type\":\"ImageObject\",\"inLanguage\":\"fr-FR\",\"@id\":\"https:\/\/legacy.colt.net\/fr\/solutions\/business-connect\/#primaryimage\",\"url\":\"https:\/\/legacy.colt.net\/wp-content\/uploads\/2023\/04\/Page-break-01.png\",\"contentUrl\":\"https:\/\/legacy.colt.net\/wp-content\/uploads\/2023\/04\/Page-break-01.png\"},{\"@type\":\"BreadcrumbList\",\"@id\":\"https:\/\/legacy.colt.net\/fr\/solutions\/business-connect\/#breadcrumb\",\"itemListElement\":[{\"@type\":\"ListItem\",\"position\":1,\"name\":\"Home\",\"item\":\"https:\/\/legacy.colt.net\/fr\/\"},{\"@type\":\"ListItem\",\"position\":2,\"name\":\"Solutions\",\"item\":\"https:\/\/legacy.colt.net\/fr\/solutions\/\"},{\"@type\":\"ListItem\",\"position\":3,\"name\":\"Private: Solutions Overview: Business Connect\"}]},{\"@type\":\"WebSite\",\"@id\":\"https:\/\/legacy.colt.net\/#website\",\"url\":\"https:\/\/legacy.colt.net\/\",\"name\":\"Colt\u30c6\u30af\u30ce\u30ed\u30b8\u30fc\u30b5\u30fc\u30d3\u30b9\u682a\u5f0f\u4f1a\u793e\",\"description\":\"Managed Network &amp; Voice Services Provider\",\"publisher\":{\"@id\":\"https:\/\/legacy.colt.net\/#organization\"},\"potentialAction\":[{\"@type\":\"SearchAction\",\"target\":{\"@type\":\"EntryPoint\",\"urlTemplate\":\"https:\/\/legacy.colt.net\/?s={search_term_string}\"},\"query-input\":{\"@type\":\"PropertyValueSpecification\",\"valueRequired\":true,\"valueName\":\"search_term_string\"}}],\"inLanguage\":\"fr-FR\"},{\"@type\":\"Organization\",\"@id\":\"https:\/\/legacy.colt.net\/#organization\",\"name\":\"Colt Technology Services\",\"url\":\"https:\/\/legacy.colt.net\/\",\"logo\":{\"@type\":\"ImageObject\",\"inLanguage\":\"fr-FR\",\"@id\":\"https:\/\/legacy.colt.net\/#\/schema\/logo\/image\/\",\"url\":\"https:\/\/legacy.colt.net\/wp-content\/uploads\/2019\/02\/Colt-Logo.png\",\"contentUrl\":\"https:\/\/legacy.colt.net\/wp-content\/uploads\/2019\/02\/Colt-Logo.png\",\"width\":195,\"height\":77,\"caption\":\"Colt Technology Services\"},\"image\":{\"@id\":\"https:\/\/legacy.colt.net\/#\/schema\/logo\/image\/\"},\"sameAs\":[\"https:\/\/www.facebook.com\/ColtTechnologyServices\/\",\"https:\/\/x.com\/colt_technology\",\"https:\/\/www.instagram.com\/colttechnologyservices\/\",\"https:\/\/www.linkedin.com\/company\/colt-technology-services\",\"https:\/\/www.youtube.com\/user\/ColtTechnology\"]}]}<\/script>\n<!-- \/ Yoast SEO plugin. -->","yoast_head_json":{"title":"Solutions Overview: Business Connect - Colt Technology Services","description":"Solutions Overview: Business Connect Colt Technology Services","robots":{"index":"noindex","follow":"follow","max-snippet":"max-snippet:-1","max-image-preview":"max-image-preview:large","max-video-preview":"max-video-preview:-1"},"og_locale":"fr_FR","og_type":"article","og_title":"Solutions Overview: Business Connect - Colt Technology Services","og_description":"Solutions Overview: Business Connect Colt Technology Services","og_url":"https:\/\/legacy.colt.net\/fr\/solutions\/business-connect\/","og_site_name":"Colt Technology Services","article_publisher":"https:\/\/www.facebook.com\/ColtTechnologyServices\/","article_modified_time":"2023-10-30T14:49:41+00:00","og_image":[{"width":1000,"height":667,"url":"https:\/\/legacy.colt.net\/wp-content\/uploads\/2021\/01\/Brand-2021-Stock-14.jpg","type":"image\/jpeg"}],"twitter_card":"summary_large_image","twitter_site":"@colt_technology","schema":{"@context":"https:\/\/schema.org","@graph":[{"@type":"WebPage","@id":"https:\/\/legacy.colt.net\/fr\/solutions\/business-connect\/","url":"https:\/\/legacy.colt.net\/fr\/solutions\/business-connect\/","name":"Solutions Overview: Business Connect - Colt Technology Services","isPartOf":{"@id":"https:\/\/legacy.colt.net\/#website"},"primaryImageOfPage":{"@id":"https:\/\/legacy.colt.net\/fr\/solutions\/business-connect\/#primaryimage"},"image":{"@id":"https:\/\/legacy.colt.net\/fr\/solutions\/business-connect\/#primaryimage"},"thumbnailUrl":"https:\/\/legacy.colt.net\/wp-content\/uploads\/2023\/04\/Page-break-01.png","datePublished":"2023-10-30T13:17:47+00:00","dateModified":"2023-10-30T14:49:41+00:00","description":"Solutions Overview: Business Connect Colt Technology Services","breadcrumb":{"@id":"https:\/\/legacy.colt.net\/fr\/solutions\/business-connect\/#breadcrumb"},"inLanguage":"fr-FR","potentialAction":[{"@type":"ReadAction","target":["https:\/\/legacy.colt.net\/fr\/solutions\/business-connect\/"]}]},{"@type":"ImageObject","inLanguage":"fr-FR","@id":"https:\/\/legacy.colt.net\/fr\/solutions\/business-connect\/#primaryimage","url":"https:\/\/legacy.colt.net\/wp-content\/uploads\/2023\/04\/Page-break-01.png","contentUrl":"https:\/\/legacy.colt.net\/wp-content\/uploads\/2023\/04\/Page-break-01.png"},{"@type":"BreadcrumbList","@id":"https:\/\/legacy.colt.net\/fr\/solutions\/business-connect\/#breadcrumb","itemListElement":[{"@type":"ListItem","position":1,"name":"Home","item":"https:\/\/legacy.colt.net\/fr\/"},{"@type":"ListItem","position":2,"name":"Solutions","item":"https:\/\/legacy.colt.net\/fr\/solutions\/"},{"@type":"ListItem","position":3,"name":"Private: Solutions Overview: Business Connect"}]},{"@type":"WebSite","@id":"https:\/\/legacy.colt.net\/#website","url":"https:\/\/legacy.colt.net\/","name":"Colt\u30c6\u30af\u30ce\u30ed\u30b8\u30fc\u30b5\u30fc\u30d3\u30b9\u682a\u5f0f\u4f1a\u793e","description":"Managed Network &amp; Voice Services Provider","publisher":{"@id":"https:\/\/legacy.colt.net\/#organization"},"potentialAction":[{"@type":"SearchAction","target":{"@type":"EntryPoint","urlTemplate":"https:\/\/legacy.colt.net\/?s={search_term_string}"},"query-input":{"@type":"PropertyValueSpecification","valueRequired":true,"valueName":"search_term_string"}}],"inLanguage":"fr-FR"},{"@type":"Organization","@id":"https:\/\/legacy.colt.net\/#organization","name":"Colt Technology Services","url":"https:\/\/legacy.colt.net\/","logo":{"@type":"ImageObject","inLanguage":"fr-FR","@id":"https:\/\/legacy.colt.net\/#\/schema\/logo\/image\/","url":"https:\/\/legacy.colt.net\/wp-content\/uploads\/2019\/02\/Colt-Logo.png","contentUrl":"https:\/\/legacy.colt.net\/wp-content\/uploads\/2019\/02\/Colt-Logo.png","width":195,"height":77,"caption":"Colt Technology Services"},"image":{"@id":"https:\/\/legacy.colt.net\/#\/schema\/logo\/image\/"},"sameAs":["https:\/\/www.facebook.com\/ColtTechnologyServices\/","https:\/\/x.com\/colt_technology","https:\/\/www.instagram.com\/colttechnologyservices\/","https:\/\/www.linkedin.com\/company\/colt-technology-services","https:\/\/www.youtube.com\/user\/ColtTechnology"]}]}},"_links":{"self":[{"href":"https:\/\/legacy.colt.net\/fr\/wp-json\/wp\/v2\/pages\/125539","targetHints":{"allow":["GET"]}}],"collection":[{"href":"https:\/\/legacy.colt.net\/fr\/wp-json\/wp\/v2\/pages"}],"about":[{"href":"https:\/\/legacy.colt.net\/fr\/wp-json\/wp\/v2\/types\/page"}],"author":[{"embeddable":true,"href":"https:\/\/legacy.colt.net\/fr\/wp-json\/wp\/v2\/users\/2"}],"replies":[{"embeddable":true,"href":"https:\/\/legacy.colt.net\/fr\/wp-json\/wp\/v2\/comments?post=125539"}],"version-history":[{"count":0,"href":"https:\/\/legacy.colt.net\/fr\/wp-json\/wp\/v2\/pages\/125539\/revisions"}],"up":[{"embeddable":true,"href":"https:\/\/legacy.colt.net\/fr\/wp-json\/wp\/v2\/pages\/91322"}],"wp:attachment":[{"href":"https:\/\/legacy.colt.net\/fr\/wp-json\/wp\/v2\/media?parent=125539"}],"wp:term":[{"taxonomy":"colt_type","embeddable":true,"href":"https:\/\/legacy.colt.net\/fr\/wp-json\/wp\/v2\/colt_type?post=125539"},{"taxonomy":"colt_products","embeddable":true,"href":"https:\/\/legacy.colt.net\/fr\/wp-json\/wp\/v2\/colt_products?post=125539"}],"curies":[{"name":"wp","href":"https:\/\/api.w.org\/{rel}","templated":true}]}}