{"id":124456,"date":"2023-10-13T14:11:06","date_gmt":"2023-10-13T13:11:06","guid":{"rendered":"https:\/\/www.colt.net\/?page_id=124456"},"modified":"2024-11-25T11:01:50","modified_gmt":"2024-11-25T11:01:50","slug":"connect-more","status":"publish","type":"page","link":"https:\/\/legacy.colt.net\/fr\/connect-more\/","title":{"rendered":"Soyez toujours plus connect\u00e9"},"content":{"rendered":"\r\n<p><img loading=\"lazy\" decoding=\"async\" title=\"Colt_G1-Social posts_1200x630px_FR_Clear\" src=\"https:\/\/legacy.colt.net\/wp-content\/uploads\/2023\/10\/Colt_G1-Social-posts_1200x630px_FR_Clear.png\" alt=\"Colt_G1-Social posts_1200x630px_FR_Clear\" width=\"1200\" height=\"630\" \/> <a role=\"button\" href=\"#network\" target=\"_self\" rel=\"noopener\"> En savoir plus <\/a><\/p>\r\n<h2>Nous nous sommes dot\u00e9s de<\/h2>\r\n<!-- Comment to fix spacing issue\r\n\t-->\r\n<h2>0km<\/h2>\r\n<p>de fibre<\/p>\r\n<!-- Comment to fix spacing issue\r\n\t--><!-- Comment to fix spacing issue\r\n\t-->\r\n<h2>0<\/h2>\r\n<p>c\u00e2bles sous-marins suppl\u00e9mentaires<\/p>\r\n<!-- Comment to fix spacing issue\r\n\t-->\r\n<p>pour que vous soyez toujours plus connect\u00e9 gr\u00e2ce au r\u00e9seau Colt.<\/p>\r\n<h2>Colt est plus proche de vous et plus flexible que jamais. R\u00e9sultat\u00a0: des services encore plus performants pour vos clients.<\/h2>\r\n<p>Soyez toujours plus connect\u00e9s gr\u00e2ce \u00e0 l&#8217;efficacit\u00e9 de Colt.<\/p>\r\n<h2>Colt am\u00e9liore son offre en mati\u00e8re de s\u00e9curit\u00e9 afin de mieux prot\u00e9ger votre r\u00e9seau contre les cybermenaces.<\/h2>\r\n<p>Soyez toujours plus connect\u00e9s gr\u00e2ce \u00e0 la cybers\u00e9curit\u00e9 Colt.<\/p>\r\n<h2>Colt propose davantage de solutions cloud, ainsi qu&#8217;une connectivit\u00e9 r\u00e9seau sup\u00e9rieure et des services manag\u00e9s am\u00e9lior\u00e9s. Notre pr\u00e9sence mondiale a pris de l&#8217;ampleur.<\/h2>\r\n<p>Soyez toujours plus connect\u00e9, d\u00e8s aujourd&#8217;hui, gr\u00e2ce aux solutions Colt.<\/p>\r\n<h2>Nous vous apportons une assistance renforc\u00e9e et vous mettons en relation avec des experts du secteur. Ensemble, nous allons d\u00e9velopper des solutions proactives qui permettront de p\u00e9renniser votre entreprise.<\/h2>\r\n<p>Soyez toujours plus connect\u00e9s avec les experts Colt.<\/p>\r\n<h2>Vous souhaitez d\u00e9couvrir comment \u00eatre davantage connect\u00e9\u00a0?<\/h2>\r\n<p><a role=\"button\" href=\"https:\/\/legacy.colt.net\/connect\/\" target=\"_blank\" rel=\"noopener\"> En savoir plus <\/a> <img loading=\"lazy\" decoding=\"async\" title=\"Untitled-4\" src=\"https:\/\/legacy.colt.net\/wp-content\/uploads\/2023\/10\/Untitled-4.png\" alt=\"Untitled-4\" width=\"907\" height=\"568\" \/><\/p>\r\n","protected":false},"excerpt":{"rendered":"<p>En savoir plus Nous nous sommes dot\u00e9s de 0km de fibre 0 c\u00e2bles sous-marins suppl\u00e9mentaires pour que vous soyez toujours plus connect\u00e9 gr\u00e2ce au r\u00e9seau Colt. Colt est plus proche de vous et plus flexible que jamais. R\u00e9sultat\u00a0: des services encore plus performants pour vos clients. Soyez toujours plus connect\u00e9s gr\u00e2ce \u00e0 l&#8217;efficacit\u00e9 de Colt.<\/p>\n","protected":false},"author":2,"featured_media":0,"parent":0,"menu_order":0,"comment_status":"closed","ping_status":"closed","template":"","meta":{"_acf_changed":false,"footnotes":""},"colt_type":[],"colt_products":[],"class_list":["post-124456","page","type-page","status-publish","hentry"],"acf":[],"yoast_head":"<!-- This site is optimized with the Yoast SEO plugin v26.8 - https:\/\/yoast.com\/product\/yoast-seo-wordpress\/ -->\n<title>Soyez toujours plus connect\u00e9 - Colt Technology Services<\/title>\n<meta name=\"description\" content=\"Soyez toujours plus connect\u00e9 Colt Technology Services\" \/>\n<meta name=\"robots\" content=\"noindex, follow, max-snippet:-1, max-image-preview:large, max-video-preview:-1\" \/>\n<meta property=\"og:locale\" content=\"fr_FR\" \/>\n<meta property=\"og:type\" content=\"article\" \/>\n<meta property=\"og:title\" content=\"Soyez toujours plus connect\u00e9 - Colt Technology Services\" \/>\n<meta property=\"og:description\" content=\"Soyez toujours plus connect\u00e9 Colt Technology Services\" \/>\n<meta property=\"og:url\" content=\"https:\/\/legacy.colt.net\/fr\/connect-more\/\" \/>\n<meta property=\"og:site_name\" content=\"Colt Technology Services\" \/>\n<meta property=\"article:publisher\" content=\"https:\/\/www.facebook.com\/ColtTechnologyServices\/\" \/>\n<meta property=\"article:modified_time\" content=\"2024-11-25T11:01:50+00:00\" \/>\n<meta property=\"og:image\" content=\"https:\/\/legacy.colt.net\/wp-content\/uploads\/2023\/10\/Colt_G1-Social-posts_1200x630px_FR_Clear.png\" \/>\n<meta name=\"twitter:card\" content=\"summary_large_image\" \/>\n<meta name=\"twitter:site\" content=\"@colt_technology\" \/>\n<meta name=\"twitter:label1\" content=\"Est. reading time\" \/>\n\t<meta name=\"twitter:data1\" content=\"2 minutes\" \/>\n<script type=\"application\/ld+json\" class=\"yoast-schema-graph\">{\"@context\":\"https:\/\/schema.org\",\"@graph\":[{\"@type\":\"WebPage\",\"@id\":\"https:\/\/legacy.colt.net\/fr\/connect-more\/\",\"url\":\"https:\/\/legacy.colt.net\/fr\/connect-more\/\",\"name\":\"Soyez toujours plus connect\u00e9 - Colt Technology Services\",\"isPartOf\":{\"@id\":\"https:\/\/legacy.colt.net\/#website\"},\"primaryImageOfPage\":{\"@id\":\"https:\/\/legacy.colt.net\/fr\/connect-more\/#primaryimage\"},\"image\":{\"@id\":\"https:\/\/legacy.colt.net\/fr\/connect-more\/#primaryimage\"},\"thumbnailUrl\":\"https:\/\/legacy.colt.net\/wp-content\/uploads\/2023\/10\/Colt_G1-Social-posts_1200x630px_FR_Clear.png\",\"datePublished\":\"2023-10-13T13:11:06+00:00\",\"dateModified\":\"2024-11-25T11:01:50+00:00\",\"description\":\"Soyez toujours plus connect\u00e9 Colt Technology Services\",\"breadcrumb\":{\"@id\":\"https:\/\/legacy.colt.net\/fr\/connect-more\/#breadcrumb\"},\"inLanguage\":\"fr-FR\",\"potentialAction\":[{\"@type\":\"ReadAction\",\"target\":[\"https:\/\/legacy.colt.net\/fr\/connect-more\/\"]}]},{\"@type\":\"ImageObject\",\"inLanguage\":\"fr-FR\",\"@id\":\"https:\/\/legacy.colt.net\/fr\/connect-more\/#primaryimage\",\"url\":\"https:\/\/legacy.colt.net\/wp-content\/uploads\/2023\/10\/Colt_G1-Social-posts_1200x630px_FR_Clear.png\",\"contentUrl\":\"https:\/\/legacy.colt.net\/wp-content\/uploads\/2023\/10\/Colt_G1-Social-posts_1200x630px_FR_Clear.png\"},{\"@type\":\"BreadcrumbList\",\"@id\":\"https:\/\/legacy.colt.net\/fr\/connect-more\/#breadcrumb\",\"itemListElement\":[{\"@type\":\"ListItem\",\"position\":1,\"name\":\"Home\",\"item\":\"https:\/\/legacy.colt.net\/fr\/\"},{\"@type\":\"ListItem\",\"position\":2,\"name\":\"Soyez toujours plus connect\u00e9\"}]},{\"@type\":\"WebSite\",\"@id\":\"https:\/\/legacy.colt.net\/#website\",\"url\":\"https:\/\/legacy.colt.net\/\",\"name\":\"Colt\u30c6\u30af\u30ce\u30ed\u30b8\u30fc\u30b5\u30fc\u30d3\u30b9\u682a\u5f0f\u4f1a\u793e\",\"description\":\"Managed Network &amp; Voice Services Provider\",\"publisher\":{\"@id\":\"https:\/\/legacy.colt.net\/#organization\"},\"potentialAction\":[{\"@type\":\"SearchAction\",\"target\":{\"@type\":\"EntryPoint\",\"urlTemplate\":\"https:\/\/legacy.colt.net\/?s={search_term_string}\"},\"query-input\":{\"@type\":\"PropertyValueSpecification\",\"valueRequired\":true,\"valueName\":\"search_term_string\"}}],\"inLanguage\":\"fr-FR\"},{\"@type\":\"Organization\",\"@id\":\"https:\/\/legacy.colt.net\/#organization\",\"name\":\"Colt Technology Services\",\"url\":\"https:\/\/legacy.colt.net\/\",\"logo\":{\"@type\":\"ImageObject\",\"inLanguage\":\"fr-FR\",\"@id\":\"https:\/\/legacy.colt.net\/#\/schema\/logo\/image\/\",\"url\":\"https:\/\/legacy.colt.net\/wp-content\/uploads\/2019\/02\/Colt-Logo.png\",\"contentUrl\":\"https:\/\/legacy.colt.net\/wp-content\/uploads\/2019\/02\/Colt-Logo.png\",\"width\":195,\"height\":77,\"caption\":\"Colt Technology Services\"},\"image\":{\"@id\":\"https:\/\/legacy.colt.net\/#\/schema\/logo\/image\/\"},\"sameAs\":[\"https:\/\/www.facebook.com\/ColtTechnologyServices\/\",\"https:\/\/x.com\/colt_technology\",\"https:\/\/www.instagram.com\/colttechnologyservices\/\",\"https:\/\/www.linkedin.com\/company\/colt-technology-services\",\"https:\/\/www.youtube.com\/user\/ColtTechnology\"]}]}<\/script>\n<!-- \/ Yoast SEO plugin. -->","yoast_head_json":{"title":"Soyez toujours plus connect\u00e9 - Colt Technology Services","description":"Soyez toujours plus connect\u00e9 Colt Technology Services","robots":{"index":"noindex","follow":"follow","max-snippet":"max-snippet:-1","max-image-preview":"max-image-preview:large","max-video-preview":"max-video-preview:-1"},"og_locale":"fr_FR","og_type":"article","og_title":"Soyez toujours plus connect\u00e9 - Colt Technology Services","og_description":"Soyez toujours plus connect\u00e9 Colt Technology Services","og_url":"https:\/\/legacy.colt.net\/fr\/connect-more\/","og_site_name":"Colt Technology Services","article_publisher":"https:\/\/www.facebook.com\/ColtTechnologyServices\/","article_modified_time":"2024-11-25T11:01:50+00:00","og_image":[{"url":"https:\/\/legacy.colt.net\/wp-content\/uploads\/2023\/10\/Colt_G1-Social-posts_1200x630px_FR_Clear.png","type":"","width":"","height":""}],"twitter_card":"summary_large_image","twitter_site":"@colt_technology","twitter_misc":{"Est. reading time":"2 minutes"},"schema":{"@context":"https:\/\/schema.org","@graph":[{"@type":"WebPage","@id":"https:\/\/legacy.colt.net\/fr\/connect-more\/","url":"https:\/\/legacy.colt.net\/fr\/connect-more\/","name":"Soyez toujours plus connect\u00e9 - Colt Technology Services","isPartOf":{"@id":"https:\/\/legacy.colt.net\/#website"},"primaryImageOfPage":{"@id":"https:\/\/legacy.colt.net\/fr\/connect-more\/#primaryimage"},"image":{"@id":"https:\/\/legacy.colt.net\/fr\/connect-more\/#primaryimage"},"thumbnailUrl":"https:\/\/legacy.colt.net\/wp-content\/uploads\/2023\/10\/Colt_G1-Social-posts_1200x630px_FR_Clear.png","datePublished":"2023-10-13T13:11:06+00:00","dateModified":"2024-11-25T11:01:50+00:00","description":"Soyez toujours plus connect\u00e9 Colt Technology Services","breadcrumb":{"@id":"https:\/\/legacy.colt.net\/fr\/connect-more\/#breadcrumb"},"inLanguage":"fr-FR","potentialAction":[{"@type":"ReadAction","target":["https:\/\/legacy.colt.net\/fr\/connect-more\/"]}]},{"@type":"ImageObject","inLanguage":"fr-FR","@id":"https:\/\/legacy.colt.net\/fr\/connect-more\/#primaryimage","url":"https:\/\/legacy.colt.net\/wp-content\/uploads\/2023\/10\/Colt_G1-Social-posts_1200x630px_FR_Clear.png","contentUrl":"https:\/\/legacy.colt.net\/wp-content\/uploads\/2023\/10\/Colt_G1-Social-posts_1200x630px_FR_Clear.png"},{"@type":"BreadcrumbList","@id":"https:\/\/legacy.colt.net\/fr\/connect-more\/#breadcrumb","itemListElement":[{"@type":"ListItem","position":1,"name":"Home","item":"https:\/\/legacy.colt.net\/fr\/"},{"@type":"ListItem","position":2,"name":"Soyez toujours plus connect\u00e9"}]},{"@type":"WebSite","@id":"https:\/\/legacy.colt.net\/#website","url":"https:\/\/legacy.colt.net\/","name":"Colt\u30c6\u30af\u30ce\u30ed\u30b8\u30fc\u30b5\u30fc\u30d3\u30b9\u682a\u5f0f\u4f1a\u793e","description":"Managed Network &amp; Voice Services Provider","publisher":{"@id":"https:\/\/legacy.colt.net\/#organization"},"potentialAction":[{"@type":"SearchAction","target":{"@type":"EntryPoint","urlTemplate":"https:\/\/legacy.colt.net\/?s={search_term_string}"},"query-input":{"@type":"PropertyValueSpecification","valueRequired":true,"valueName":"search_term_string"}}],"inLanguage":"fr-FR"},{"@type":"Organization","@id":"https:\/\/legacy.colt.net\/#organization","name":"Colt Technology Services","url":"https:\/\/legacy.colt.net\/","logo":{"@type":"ImageObject","inLanguage":"fr-FR","@id":"https:\/\/legacy.colt.net\/#\/schema\/logo\/image\/","url":"https:\/\/legacy.colt.net\/wp-content\/uploads\/2019\/02\/Colt-Logo.png","contentUrl":"https:\/\/legacy.colt.net\/wp-content\/uploads\/2019\/02\/Colt-Logo.png","width":195,"height":77,"caption":"Colt Technology Services"},"image":{"@id":"https:\/\/legacy.colt.net\/#\/schema\/logo\/image\/"},"sameAs":["https:\/\/www.facebook.com\/ColtTechnologyServices\/","https:\/\/x.com\/colt_technology","https:\/\/www.instagram.com\/colttechnologyservices\/","https:\/\/www.linkedin.com\/company\/colt-technology-services","https:\/\/www.youtube.com\/user\/ColtTechnology"]}]}},"_links":{"self":[{"href":"https:\/\/legacy.colt.net\/fr\/wp-json\/wp\/v2\/pages\/124456","targetHints":{"allow":["GET"]}}],"collection":[{"href":"https:\/\/legacy.colt.net\/fr\/wp-json\/wp\/v2\/pages"}],"about":[{"href":"https:\/\/legacy.colt.net\/fr\/wp-json\/wp\/v2\/types\/page"}],"author":[{"embeddable":true,"href":"https:\/\/legacy.colt.net\/fr\/wp-json\/wp\/v2\/users\/2"}],"replies":[{"embeddable":true,"href":"https:\/\/legacy.colt.net\/fr\/wp-json\/wp\/v2\/comments?post=124456"}],"version-history":[{"count":0,"href":"https:\/\/legacy.colt.net\/fr\/wp-json\/wp\/v2\/pages\/124456\/revisions"}],"wp:attachment":[{"href":"https:\/\/legacy.colt.net\/fr\/wp-json\/wp\/v2\/media?parent=124456"}],"wp:term":[{"taxonomy":"colt_type","embeddable":true,"href":"https:\/\/legacy.colt.net\/fr\/wp-json\/wp\/v2\/colt_type?post=124456"},{"taxonomy":"colt_products","embeddable":true,"href":"https:\/\/legacy.colt.net\/fr\/wp-json\/wp\/v2\/colt_products?post=124456"}],"curies":[{"name":"wp","href":"https:\/\/api.w.org\/{rel}","templated":true}]}}