{"id":118475,"date":"2023-01-26T11:06:49","date_gmt":"2023-01-26T11:06:49","guid":{"rendered":"https:\/\/www.colt.net\/?page_id=118475"},"modified":"2023-01-26T11:06:49","modified_gmt":"2023-01-26T11:06:49","slug":"gerry-mcgraw","status":"publish","type":"page","link":"https:\/\/legacy.colt.net\/fr\/about\/leadership\/gerry-mcgraw\/","title":{"rendered":"Gerry McGraw"},"content":{"rendered":"\n\n\t<nav class=\"breadcrumb\"><span><span><a href=\"https:\/\/legacy.colt.net\/fr\/\">Home<\/a><\/span><\/span><\/nav>\n\t\t\t\t<img loading=\"lazy\" decoding=\"async\" src=\"https:\/\/legacy.colt.net\/wp-content\/uploads\/2022\/04\/McGraw-Photo-1.jpg\" alt=\"McGraw Photo (1)\" itemprop=\"image\" height=\"292\" width=\"305\" title=\"McGraw Photo (1)\" onerror=\"this.style.display='none'\"  \/>\n<h3>\n\t\tGerry McGraw\n\t<\/h3>\n<h4>\n\t\tMembre du commit\u00e9 d&#8217;audit\n\t<\/h4>\n\t<p>Gerry McGraw a \u00e9t\u00e9 nomm\u00e9 membre du comit\u00e9 d&#8217;audit en 2022. Gerry est vice-pr\u00e9sident ex\u00e9cutif de Fidelity Investments et est membre du conseil d&#8217;administration de FMR LLC, ainsi que pr\u00e9sident du comit\u00e9 d&#8217;audit du conseil de FMR. Au cours de ses 25 ann\u00e9es au sein de Fidelity, Gerry a dirig\u00e9 le d\u00e9partement des risques juridiques et de la conformit\u00e9 de la soci\u00e9t\u00e9. Il a \u00e9galement \u00e9t\u00e9 directeur financier et responsable des fonctions d&#8217;entreprise, pr\u00e9sident de Fidelity Institutional et pr\u00e9sident des op\u00e9rations du groupe et des services de la soci\u00e9t\u00e9. Gerry a plus de 40 ans d&#8217;exp\u00e9rience dans les services financiers, r\u00e9glementaires et op\u00e9rationnels et, avant de rejoindre Fidelity, il a occup\u00e9 des postes de direction au sein de Smith Barney Inc. et de Shearson Lehman Brothers, Inc, et a \u00e9t\u00e9 examinateur \u00e0 New York Stock Exchange, le groupe qui fait maintenant partie de la FINRA.<\/p>\n\t\t\t\t\t\t<h4>\n\t\t\t\t<a href=https:\/\/legacy.colt.net\/fr\/resources\/colt-renforce-sa-presence-dans-les-grands-hubs-europeens-avec-un-nouveau-point-de-connexion-avec-la-cable-landing-station-cls-dafr-ix-telecom-a-barcelone\/ title=\"Colt renforce sa pr\u00e9sence dans les grands hubs europ\u00e9ens avec un nouveau point de connexion avec la Cable Landing Station (CLS) d&#8217;AFR-IX Telecom \u00e0 Barcelone\" tabindex=\"0\">Colt renforce sa pr\u00e9sence dans les grands hubs europ\u00e9ens avec un nouveau point de connexion avec la Cable Landing Station (CLS) d&#8217;AFR-IX Telecom \u00e0 Barcelone<\/a>\t\t\t<\/h4>\n\t\t\t<a href=\"https:\/\/legacy.colt.net\/fr\/resources\/colt-renforce-sa-presence-dans-les-grands-hubs-europeens-avec-un-nouveau-point-de-connexion-avec-la-cable-landing-station-cls-dafr-ix-telecom-a-barcelone\/\" target=\"_self\" rel=\"noopener\">Read More &#8594;<\/a>\t\t\n\t\t\t\t\t\t<h4>\n\t\t\t\t<a href=https:\/\/legacy.colt.net\/fr\/resources\/colt-technology-services-recoit-le-prix-frost-sullivan-2022-best-practices-company-of-the-year-dans-la-categorie-des-services-reseaux-europeens\/ title=\"Colt re\u00e7oit le prix &#8216;Frost &#038; Sullivan 2022 Best Practices Company of the Year&#8217; dans la cat\u00e9gorie des services r\u00e9seaux europ\u00e9ens\" tabindex=\"0\">Colt re\u00e7oit le prix &#8216;Frost &#038; Sullivan 2022 Best Practices Company of the Year&#8217; dans la cat\u00e9gorie des services r\u00e9seaux europ\u00e9ens<\/a>\t\t\t<\/h4>\n\t\t\t<a href=\"https:\/\/legacy.colt.net\/fr\/resources\/colt-technology-services-recoit-le-prix-frost-sullivan-2022-best-practices-company-of-the-year-dans-la-categorie-des-services-reseaux-europeens\/\" target=\"_self\" rel=\"noopener\">Read More &#8594;<\/a>\t\t\n\t\t\t\t\t\t<h4>\n\t\t\t\t<a href=https:\/\/legacy.colt.net\/fr\/resources\/colt-et-ibm-sassocie-pour-la-creation-dun-laboratoire-industrie-4-0\/ title=\"Colt et IBM s'associe pour la cr\u00e9ation d'un laboratoire Industrie 4.0\" tabindex=\"0\">Colt et IBM s&#8217;associe pour la cr\u00e9ation d&#8217;un laboratoire Industrie 4.0<\/a>\t\t\t<\/h4>\n\t\t\t<a href=\"https:\/\/legacy.colt.net\/fr\/resources\/colt-et-ibm-sassocie-pour-la-creation-dun-laboratoire-industrie-4-0\/\" target=\"_self\" rel=\"noopener\">Read More &#8594;<\/a>\t\t\n\t\t\t\t\t\t<h4>\n\t\t\t\t<a href=https:\/\/legacy.colt.net\/fr\/resources\/colt-decroche-la-recompense-platinium-decovadis-pour-son-engagement-rse-exceptionnel\/ title=\"Colt d\u00e9croche la r\u00e9compense \u00ab Platinium \u00bb d'EcoVadis pour son engagement RSE exceptionnel\" tabindex=\"0\">Colt d\u00e9croche la r\u00e9compense \u00ab Platinium \u00bb d&#8217;EcoVadis pour son engagement RSE exceptionnel<\/a>\t\t\t<\/h4>\n\t\t\t<a href=\"https:\/\/legacy.colt.net\/fr\/resources\/colt-decroche-la-recompense-platinium-decovadis-pour-son-engagement-rse-exceptionnel\/\" target=\"_self\" rel=\"noopener\">Read More &#8594;<\/a>\t\t\n\n","protected":false},"excerpt":{"rendered":"<p>Gerry McGraw Membre du commit\u00e9 d&#8217;audit Gerry McGraw a \u00e9t\u00e9 nomm\u00e9 membre du comit\u00e9 d&#8217;audit en 2022. Gerry est vice-pr\u00e9sident ex\u00e9cutif de Fidelity Investments et est membre du conseil d&#8217;administration de FMR LLC, ainsi que pr\u00e9sident du comit\u00e9 d&#8217;audit du conseil de FMR. Au cours de ses 25 ann\u00e9es au sein de Fidelity, Gerry a&#8230;<\/p>\n","protected":false},"author":2,"featured_media":0,"parent":34336,"menu_order":0,"comment_status":"closed","ping_status":"closed","template":"","meta":{"_acf_changed":false,"footnotes":""},"colt_type":[],"colt_products":[],"class_list":["post-118475","page","type-page","status-publish","hentry"],"acf":[],"yoast_head":"<!-- This site is optimized with the Yoast SEO plugin v26.8 - https:\/\/yoast.com\/product\/yoast-seo-wordpress\/ -->\n<title>Gerry McGraw - Colt Technology Services<\/title>\n<meta name=\"description\" content=\"Gerry McGraw Colt Technology Services\" \/>\n<meta name=\"robots\" content=\"noindex, follow, max-snippet:-1, max-image-preview:large, max-video-preview:-1\" \/>\n<meta property=\"og:locale\" content=\"fr_FR\" \/>\n<meta property=\"og:type\" content=\"article\" \/>\n<meta property=\"og:title\" content=\"Gerry McGraw - Colt Technology Services\" \/>\n<meta property=\"og:description\" content=\"Gerry McGraw Colt Technology Services\" \/>\n<meta property=\"og:url\" content=\"https:\/\/legacy.colt.net\/fr\/about\/leadership\/gerry-mcgraw\/\" \/>\n<meta property=\"og:site_name\" content=\"Colt Technology Services\" \/>\n<meta property=\"article:publisher\" content=\"https:\/\/www.facebook.com\/ColtTechnologyServices\/\" \/>\n<meta property=\"og:image\" content=\"https:\/\/legacy.colt.net\/wp-content\/uploads\/2021\/01\/Brand-2021-Stock-31.jpg\" \/>\n\t<meta property=\"og:image:width\" content=\"1000\" \/>\n\t<meta property=\"og:image:height\" content=\"667\" \/>\n\t<meta property=\"og:image:type\" content=\"image\/jpeg\" \/>\n<meta name=\"twitter:card\" content=\"summary_large_image\" \/>\n<meta name=\"twitter:site\" content=\"@colt_technology\" \/>\n<script type=\"application\/ld+json\" class=\"yoast-schema-graph\">{\"@context\":\"https:\/\/schema.org\",\"@graph\":[{\"@type\":\"WebPage\",\"@id\":\"https:\/\/legacy.colt.net\/fr\/about\/leadership\/gerry-mcgraw\/\",\"url\":\"https:\/\/legacy.colt.net\/fr\/about\/leadership\/gerry-mcgraw\/\",\"name\":\"Gerry McGraw - Colt Technology Services\",\"isPartOf\":{\"@id\":\"https:\/\/legacy.colt.net\/#website\"},\"primaryImageOfPage\":{\"@id\":\"https:\/\/legacy.colt.net\/fr\/about\/leadership\/gerry-mcgraw\/#primaryimage\"},\"image\":{\"@id\":\"https:\/\/legacy.colt.net\/fr\/about\/leadership\/gerry-mcgraw\/#primaryimage\"},\"thumbnailUrl\":\"https:\/\/legacy.colt.net\/wp-content\/uploads\/2022\/04\/McGraw-Photo-1.jpg\",\"datePublished\":\"2023-01-26T11:06:49+00:00\",\"description\":\"Gerry McGraw Colt Technology Services\",\"breadcrumb\":{\"@id\":\"https:\/\/legacy.colt.net\/fr\/about\/leadership\/gerry-mcgraw\/#breadcrumb\"},\"inLanguage\":\"fr-FR\",\"potentialAction\":[{\"@type\":\"ReadAction\",\"target\":[\"https:\/\/legacy.colt.net\/fr\/about\/leadership\/gerry-mcgraw\/\"]}]},{\"@type\":\"ImageObject\",\"inLanguage\":\"fr-FR\",\"@id\":\"https:\/\/legacy.colt.net\/fr\/about\/leadership\/gerry-mcgraw\/#primaryimage\",\"url\":\"https:\/\/legacy.colt.net\/wp-content\/uploads\/2022\/04\/McGraw-Photo-1.jpg\",\"contentUrl\":\"https:\/\/legacy.colt.net\/wp-content\/uploads\/2022\/04\/McGraw-Photo-1.jpg\"},{\"@type\":\"BreadcrumbList\",\"@id\":\"https:\/\/legacy.colt.net\/fr\/about\/leadership\/gerry-mcgraw\/#breadcrumb\",\"itemListElement\":[{\"@type\":\"ListItem\",\"position\":1,\"name\":\"Home\",\"item\":\"https:\/\/legacy.colt.net\/fr\/\"},{\"@type\":\"ListItem\",\"position\":2,\"name\":\"A propos de colt\",\"item\":\"https:\/\/legacy.colt.net\/fr\/about\/\"},{\"@type\":\"ListItem\",\"position\":3,\"name\":\"Comit\u00e9 Ex\u00e9cutif\",\"item\":\"https:\/\/legacy.colt.net\/fr\/about\/leadership\/\"},{\"@type\":\"ListItem\",\"position\":4,\"name\":\"Gerry McGraw\"}]},{\"@type\":\"WebSite\",\"@id\":\"https:\/\/legacy.colt.net\/#website\",\"url\":\"https:\/\/legacy.colt.net\/\",\"name\":\"Colt\u30c6\u30af\u30ce\u30ed\u30b8\u30fc\u30b5\u30fc\u30d3\u30b9\u682a\u5f0f\u4f1a\u793e\",\"description\":\"Managed Network &amp; Voice Services Provider\",\"publisher\":{\"@id\":\"https:\/\/legacy.colt.net\/#organization\"},\"potentialAction\":[{\"@type\":\"SearchAction\",\"target\":{\"@type\":\"EntryPoint\",\"urlTemplate\":\"https:\/\/legacy.colt.net\/?s={search_term_string}\"},\"query-input\":{\"@type\":\"PropertyValueSpecification\",\"valueRequired\":true,\"valueName\":\"search_term_string\"}}],\"inLanguage\":\"fr-FR\"},{\"@type\":\"Organization\",\"@id\":\"https:\/\/legacy.colt.net\/#organization\",\"name\":\"Colt Technology Services\",\"url\":\"https:\/\/legacy.colt.net\/\",\"logo\":{\"@type\":\"ImageObject\",\"inLanguage\":\"fr-FR\",\"@id\":\"https:\/\/legacy.colt.net\/#\/schema\/logo\/image\/\",\"url\":\"https:\/\/legacy.colt.net\/wp-content\/uploads\/2019\/02\/Colt-Logo.png\",\"contentUrl\":\"https:\/\/legacy.colt.net\/wp-content\/uploads\/2019\/02\/Colt-Logo.png\",\"width\":195,\"height\":77,\"caption\":\"Colt Technology Services\"},\"image\":{\"@id\":\"https:\/\/legacy.colt.net\/#\/schema\/logo\/image\/\"},\"sameAs\":[\"https:\/\/www.facebook.com\/ColtTechnologyServices\/\",\"https:\/\/x.com\/colt_technology\",\"https:\/\/www.instagram.com\/colttechnologyservices\/\",\"https:\/\/www.linkedin.com\/company\/colt-technology-services\",\"https:\/\/www.youtube.com\/user\/ColtTechnology\"]}]}<\/script>\n<!-- \/ Yoast SEO plugin. -->","yoast_head_json":{"title":"Gerry McGraw - Colt Technology Services","description":"Gerry McGraw Colt Technology Services","robots":{"index":"noindex","follow":"follow","max-snippet":"max-snippet:-1","max-image-preview":"max-image-preview:large","max-video-preview":"max-video-preview:-1"},"og_locale":"fr_FR","og_type":"article","og_title":"Gerry McGraw - Colt Technology Services","og_description":"Gerry McGraw Colt Technology Services","og_url":"https:\/\/legacy.colt.net\/fr\/about\/leadership\/gerry-mcgraw\/","og_site_name":"Colt Technology Services","article_publisher":"https:\/\/www.facebook.com\/ColtTechnologyServices\/","og_image":[{"width":1000,"height":667,"url":"https:\/\/legacy.colt.net\/wp-content\/uploads\/2021\/01\/Brand-2021-Stock-31.jpg","type":"image\/jpeg"}],"twitter_card":"summary_large_image","twitter_site":"@colt_technology","schema":{"@context":"https:\/\/schema.org","@graph":[{"@type":"WebPage","@id":"https:\/\/legacy.colt.net\/fr\/about\/leadership\/gerry-mcgraw\/","url":"https:\/\/legacy.colt.net\/fr\/about\/leadership\/gerry-mcgraw\/","name":"Gerry McGraw - Colt Technology Services","isPartOf":{"@id":"https:\/\/legacy.colt.net\/#website"},"primaryImageOfPage":{"@id":"https:\/\/legacy.colt.net\/fr\/about\/leadership\/gerry-mcgraw\/#primaryimage"},"image":{"@id":"https:\/\/legacy.colt.net\/fr\/about\/leadership\/gerry-mcgraw\/#primaryimage"},"thumbnailUrl":"https:\/\/legacy.colt.net\/wp-content\/uploads\/2022\/04\/McGraw-Photo-1.jpg","datePublished":"2023-01-26T11:06:49+00:00","description":"Gerry McGraw Colt Technology Services","breadcrumb":{"@id":"https:\/\/legacy.colt.net\/fr\/about\/leadership\/gerry-mcgraw\/#breadcrumb"},"inLanguage":"fr-FR","potentialAction":[{"@type":"ReadAction","target":["https:\/\/legacy.colt.net\/fr\/about\/leadership\/gerry-mcgraw\/"]}]},{"@type":"ImageObject","inLanguage":"fr-FR","@id":"https:\/\/legacy.colt.net\/fr\/about\/leadership\/gerry-mcgraw\/#primaryimage","url":"https:\/\/legacy.colt.net\/wp-content\/uploads\/2022\/04\/McGraw-Photo-1.jpg","contentUrl":"https:\/\/legacy.colt.net\/wp-content\/uploads\/2022\/04\/McGraw-Photo-1.jpg"},{"@type":"BreadcrumbList","@id":"https:\/\/legacy.colt.net\/fr\/about\/leadership\/gerry-mcgraw\/#breadcrumb","itemListElement":[{"@type":"ListItem","position":1,"name":"Home","item":"https:\/\/legacy.colt.net\/fr\/"},{"@type":"ListItem","position":2,"name":"A propos de colt","item":"https:\/\/legacy.colt.net\/fr\/about\/"},{"@type":"ListItem","position":3,"name":"Comit\u00e9 Ex\u00e9cutif","item":"https:\/\/legacy.colt.net\/fr\/about\/leadership\/"},{"@type":"ListItem","position":4,"name":"Gerry McGraw"}]},{"@type":"WebSite","@id":"https:\/\/legacy.colt.net\/#website","url":"https:\/\/legacy.colt.net\/","name":"Colt\u30c6\u30af\u30ce\u30ed\u30b8\u30fc\u30b5\u30fc\u30d3\u30b9\u682a\u5f0f\u4f1a\u793e","description":"Managed Network &amp; Voice Services Provider","publisher":{"@id":"https:\/\/legacy.colt.net\/#organization"},"potentialAction":[{"@type":"SearchAction","target":{"@type":"EntryPoint","urlTemplate":"https:\/\/legacy.colt.net\/?s={search_term_string}"},"query-input":{"@type":"PropertyValueSpecification","valueRequired":true,"valueName":"search_term_string"}}],"inLanguage":"fr-FR"},{"@type":"Organization","@id":"https:\/\/legacy.colt.net\/#organization","name":"Colt Technology Services","url":"https:\/\/legacy.colt.net\/","logo":{"@type":"ImageObject","inLanguage":"fr-FR","@id":"https:\/\/legacy.colt.net\/#\/schema\/logo\/image\/","url":"https:\/\/legacy.colt.net\/wp-content\/uploads\/2019\/02\/Colt-Logo.png","contentUrl":"https:\/\/legacy.colt.net\/wp-content\/uploads\/2019\/02\/Colt-Logo.png","width":195,"height":77,"caption":"Colt Technology Services"},"image":{"@id":"https:\/\/legacy.colt.net\/#\/schema\/logo\/image\/"},"sameAs":["https:\/\/www.facebook.com\/ColtTechnologyServices\/","https:\/\/x.com\/colt_technology","https:\/\/www.instagram.com\/colttechnologyservices\/","https:\/\/www.linkedin.com\/company\/colt-technology-services","https:\/\/www.youtube.com\/user\/ColtTechnology"]}]}},"_links":{"self":[{"href":"https:\/\/legacy.colt.net\/fr\/wp-json\/wp\/v2\/pages\/118475","targetHints":{"allow":["GET"]}}],"collection":[{"href":"https:\/\/legacy.colt.net\/fr\/wp-json\/wp\/v2\/pages"}],"about":[{"href":"https:\/\/legacy.colt.net\/fr\/wp-json\/wp\/v2\/types\/page"}],"author":[{"embeddable":true,"href":"https:\/\/legacy.colt.net\/fr\/wp-json\/wp\/v2\/users\/2"}],"replies":[{"embeddable":true,"href":"https:\/\/legacy.colt.net\/fr\/wp-json\/wp\/v2\/comments?post=118475"}],"version-history":[{"count":0,"href":"https:\/\/legacy.colt.net\/fr\/wp-json\/wp\/v2\/pages\/118475\/revisions"}],"up":[{"embeddable":true,"href":"https:\/\/legacy.colt.net\/fr\/wp-json\/wp\/v2\/pages\/34336"}],"wp:attachment":[{"href":"https:\/\/legacy.colt.net\/fr\/wp-json\/wp\/v2\/media?parent=118475"}],"wp:term":[{"taxonomy":"colt_type","embeddable":true,"href":"https:\/\/legacy.colt.net\/fr\/wp-json\/wp\/v2\/colt_type?post=118475"},{"taxonomy":"colt_products","embeddable":true,"href":"https:\/\/legacy.colt.net\/fr\/wp-json\/wp\/v2\/colt_products?post=118475"}],"curies":[{"name":"wp","href":"https:\/\/api.w.org\/{rel}","templated":true}]}}