{"id":116743,"date":"2022-10-26T09:47:43","date_gmt":"2022-10-26T08:47:43","guid":{"rendered":"https:\/\/www.colt.net\/?page_id=116743"},"modified":"2023-03-21T14:41:24","modified_gmt":"2023-03-21T14:41:24","slug":"equinix","status":"publish","type":"page","link":"https:\/\/legacy.colt.net\/fr\/why-colt\/partners\/equinix\/","title":{"rendered":"Colt\u2019s partnership with Equinix &#8211; French"},"content":{"rendered":"\n<h1>\n\t\tPartenariat Colt &#8211; Equinix\n\t<\/h1>\n<h3>\n\t\tD\u00e9veloppez votre \u00e9cosyst\u00e8me de partenaires, de fournisseurs et de clients et am\u00e9liorez votre flexibilit\u00e9 commerciale en combinant les services \u00e0 la demande de Colt et d&#8217;Equinix\n\t<\/h3>\n\t<nav class=\"breadcrumb\"><span><span><a href=\"https:\/\/legacy.colt.net\/fr\/\">Home<\/a><\/span><\/span><\/nav>\n<h1>\n\t\tTransformons ensemble l&#8217;infrastructure de votre entreprise\n\t<\/h1>\n\t<p>Le succ\u00e8s de toute entreprise d\u00e9pend de son aptitude \u00e0 innover rapidement et \u00e0 faire preuve d&#8217;une agilit\u00e9 suffisante pour s&#8217;implanter sur de nouveaux march\u00e9s, nouer des liens avec de nouveaux partenaires et saisir les opportunit\u00e9s qui se pr\u00e9sentent. Dans ce contexte, optimiser l&#8217;infrastructure existante ne suffit plus.<\/p>\n<p>La transformation du paysage IT et applicatif joue un r\u00f4le crucial dans la capacit\u00e9 d&#8217;innovation des entreprises. La transformation num\u00e9rique implique la mise en \u0153uvre d&#8217;un mod\u00e8le de connectivit\u00e9 capable de r\u00e9pondre aux exigences d&#8217;un \u00e9cosyst\u00e8me num\u00e9rique en pleine expansion et la volont\u00e9 de coop\u00e9rer avec des partenaires tourn\u00e9s vers l&#8217;innovation, en combinant les forces en pr\u00e9sence pour offrir aux utilisateurs un parcours num\u00e9rique pilot\u00e9 par logiciel.<\/p>\n\t\t\t\t<img loading=\"lazy\" decoding=\"async\" src=\"https:\/\/legacy.colt.net\/wp-content\/uploads\/2023\/02\/Colt-Cloud-Equinix-External-FR-scaled.jpg\" alt=\"Colt-Cloud-Equinix-External-FR\" itemprop=\"image\" height=\"1683\" width=\"2560\" title=\"Colt-Cloud-Equinix-External-FR\" onerror=\"this.style.display='none'\"  \/>\n<h2>\n\t\tAvec On\u2009Demand Interconnect, connectez vos sites reli\u00e9s au r\u00e9seau Colt \u00e0 Equinix Fabric en quelques minutes\n\t<\/h2>\n\t<p>Par le biais de la solution Colt On\u2009Demand Interconnect (ODI) pour Equinix\u2009, les entreprises peuvent connecter directement \u00e0 Equinix Fabric leurs sites raccord\u00e9s par Colt On\u2009Demand\u00a0<em>via<\/em>\u00a0des interconnexions qui sont mise en place en quasi temps r\u00e9el, et pilot\u00e9es de mani\u00e8re fluide depuis la plateforme Colt On Demand et la plateforme Equinix Fabric.<\/p>\n<p>Avec cette solution, toute enterprise utilisant Equinix Fabric peut \u00e9tendre son rayon d&#8217;action au-del\u00e0 des data centers d&#8217;Equinix, gr\u00e2ce \u00e0 la plateforme Colt On\u2009Demand. Celle-ci permet en effet d&#8217;atteindre plus de 31\u2009000 b\u00e2timents directement reli\u00e9s au r\u00e9seau fibre de Colt, ainsi que plus d&#8217;un millier de data centres &#8211; assurant ainsi une exp\u00e9rience r\u00e9seau simplifi\u00e9e de bout en bout incluant \u00e0 la fois les data centers d&#8217;Equinix et le dernier kilom\u00e8tre<\/p>\n\t\t\t<a href=\"https:\/\/legacy.colt.net\/fr\/solutions\/on-demand\/contact\/\" target=\"_self\" role=\"button\" rel=\"noopener\">\n\t\t\t\t\t\t\tDemander une d\u00e9monstration\n\t\t\t\t\t<\/a>\n\t\t\t<a href=\"https:\/\/legacy.colt.net\/fr\/solutions\/on-demand\/resources\/interconnect\/\" target=\"_self\" role=\"button\" rel=\"noopener\">\n\t\t\t\t\t\t\tVisualiser le Centre de connaissances\n\t\t\t\t\t<\/a>\n\t\t\t\t\t<img decoding=\"async\" src=\"https:\/\/i.ytimg.com\/vi\/MFRWqf91-cA\/maxresdefault.jpg\" alt=\"youtube-video-thumbnail\"\/>\n\t\t<h3>\n\t\tLa valeur ajout\u00e9e de deux partenaires \n\t<\/h3>\n\t<p>La combinaison du r\u00e9seau international de Colt et des data centres install\u00e9s par Equinix aux quatre coins du monde r\u00e9pond aux besoins de connectivit\u00e9 de bout en bout des entreprises, de la cr\u00e9ation d&#8217;une architecture r\u00e9seau plan\u00e9taire \u00e0 l&#8217;optimisation de l&#8217;exp\u00e9rience quotidienne des utilisateurs.<\/p>\n\t\t\t\t<img loading=\"lazy\" decoding=\"async\" src=\"https:\/\/legacy.colt.net\/wp-content\/uploads\/2022\/10\/Colt-Equinix-JVP-image-FR.jpg\" alt=\"Colt-Equinix JVP image FR\" itemprop=\"image\" height=\"720\" width=\"1280\" title=\"Colt-Equinix JVP image FR\" onerror=\"this.style.display='none'\"  \/>\n\t<p>Connectivit\u00e9 intelligente multiplateformes + Services num\u00e9riques \/ \u00c9cosyst\u00e8mes pilot\u00e9s par logiciel.<\/p>\n\t<p>\u00ab La combinaison du r\u00e9seau mondial de Colt et de l&#8217;empreinte num\u00e9rique mondiale d&#8217;Equinix apporte aux entreprises des solutions num\u00e9riques dynamiques et compl\u00e8tes Ces solutions r\u00e9pondent aux exigences de l&#8217;architecture d&#8217;un r\u00e9seau mondial de bout en bout, mais aussi \u00e0 l&#8217;optimisation de l&#8217;exp\u00e9rience quotidienne des utilisateurs sur le dernier kilom\u00e8tre de la connexion. La poursuite de l&#8217;expansion et de l&#8217;automatisation de ces services ne peut \u00eatre qu&#8217;une bonne chose. Elle constitue une excellente opportunit\u00e9 pour les clients dans l&#8217;am\u00e9lioration de leur connectivit\u00e9 avec leurs partenaires commerciaux critiques. \u00bb<\/p>\n<strong>Mark Anderson<br \/>\nVice-pr\u00e9sident, Global Technical Sales chez Equinix<\/strong>\n<h3>\n\t\t\u00c0 propos de Colt et d&#8217;Equinix\n\t<\/h3>\n\t<p>En combinant nos expertises respectives pour cr\u00e9er des architectures hybrides, agiles et hyperconnect\u00e9es de haute performance, nous fournissons \u00e0 nos clients des solutions s\u00e9curis\u00e9es \u00e0 la fois simples \u00e0 administrer et flexibles qui sont con\u00e7ues pour r\u00e9pondre \u00e0 leurs futurs besoins.<\/p>\n\t\t\t\t<img loading=\"lazy\" decoding=\"async\" src=\"https:\/\/legacy.colt.net\/wp-content\/uploads\/2019\/07\/Equinix-Tagline-Outlined_300.png\" alt=\"Equinix Tagline Outlined_300\" itemprop=\"image\" height=\"867\" width=\"1625\" title=\"Equinix Tagline Outlined_300\" onerror=\"this.style.display='none'\"  \/>\n\t\t\t\t<img loading=\"lazy\" decoding=\"async\" src=\"https:\/\/legacy.colt.net\/wp-content\/uploads\/2020\/12\/Colt_logo_Teal_RGB-300x118-1.png\" alt=\"Colt_logo_Teal_RGB-300x118\" itemprop=\"image\" height=\"118\" width=\"300\" title=\"Colt_logo_Teal_RGB-300x118\" onerror=\"this.style.display='none'\"  \/>\n\t<p>Les solutions d&#8217;Equinix sont au c\u0153ur de l&#8217;infrastructure num\u00e9rique mondiale. La Soci\u00e9t\u00e9 apporte aux professionnels du num\u00e9rique une plateforme de confiance qui r\u00e9unit et interconnecte l&#8217;infrastructure n\u00e9cessaire au succ\u00e8s de leur entreprise. Equinix permet \u00e0 ses clients de dimensionner leur infrastructure avec agilit\u00e9, d&#8217;acc\u00e9l\u00e9rer la commercialisation de leurs services num\u00e9riques, de proposer une exp\u00e9rience utilisateur de tout premier rang et de g\u00e9n\u00e9rer davantage de valeur. \u00c0 l&#8217;\u00e9chelle mondiale, Platform Equinix compte 240\u00a0datacentres r\u00e9partis dans 66\u2009m\u00e9tropoles, 27\u2009pays et 6 continents, fournissant des services de donn\u00e9es et d&#8217;interconnexion \u00e0 plus de 10\u2009000 entreprises, dont plus de la moiti\u00e9 figure au palmar\u00e8s Fortune 500.<\/p>\n\t<p>Colt s&#8217;efforce de transformer la fa\u00e7on dont le monde fonctionne gr\u00e2ce \u00e0 la puissance de la connectivit\u00e9 en utilisant ce qui a toujours \u00e9t\u00e9 dans son ADN pour favoriser la r\u00e9ussite de ses clients. Le r\u00e9seau Colt IQ Network connecte plus de 1\u2009000 data centres et plus de 31\u2009000 b\u00e2timents en r\u00e9seau \u00e0 travers l&#8217;Europe, l&#8217;Asie et les plus grands centres d&#8217;affaires d&#8217;Am\u00e9rique du Nord. Colt comprend l&#8217;\u00e9volution des besoins en connectivit\u00e9 et fournit des solutions r\u00e9seau et voix haut d\u00e9bit agiles, \u00e0 la demande et s\u00e9curis\u00e9es pour garantir la prosp\u00e9rit\u00e9 des entreprises.<\/p>\n\n","protected":false},"excerpt":{"rendered":"<p>Partenariat Colt &#8211; Equinix D\u00e9veloppez votre \u00e9cosyst\u00e8me de partenaires, de fournisseurs et de clients et am\u00e9liorez votre flexibilit\u00e9 commerciale en combinant les services \u00e0 la demande de Colt et d&#8217;Equinix Transformons ensemble l&#8217;infrastructure de votre entreprise Le succ\u00e8s de toute entreprise d\u00e9pend de son aptitude \u00e0 innover rapidement et \u00e0 faire preuve d&#8217;une agilit\u00e9 suffisante&#8230;<\/p>\n","protected":false},"author":2,"featured_media":0,"parent":100203,"menu_order":0,"comment_status":"closed","ping_status":"closed","template":"","meta":{"_acf_changed":false,"footnotes":""},"colt_type":[],"colt_products":[],"class_list":["post-116743","page","type-page","status-publish","hentry"],"acf":[],"yoast_head":"<!-- This site is optimized with the Yoast SEO plugin v26.8 - https:\/\/yoast.com\/product\/yoast-seo-wordpress\/ -->\n<title>Colt\u2019s partnership with Equinix - French - Colt Technology Services<\/title>\n<meta name=\"description\" content=\"In today\u2019s interconnected era, success in business depends on rapid innovation and the ability to be agile enough to swiftly establish links to new markets\" \/>\n<meta name=\"robots\" content=\"noindex, follow, max-snippet:-1, max-image-preview:large, max-video-preview:-1\" \/>\n<meta property=\"og:locale\" content=\"fr_FR\" \/>\n<meta property=\"og:type\" content=\"article\" \/>\n<meta property=\"og:title\" content=\"Colt\u2019s partnership with Equinix - French - Colt Technology Services\" \/>\n<meta property=\"og:description\" content=\"In today\u2019s interconnected era, success in business depends on rapid innovation and the ability to be agile enough to swiftly establish links to new markets\" \/>\n<meta property=\"og:url\" content=\"https:\/\/legacy.colt.net\/fr\/why-colt\/partners\/equinix\/\" \/>\n<meta property=\"og:site_name\" content=\"Colt Technology Services\" \/>\n<meta property=\"article:publisher\" content=\"https:\/\/www.facebook.com\/ColtTechnologyServices\/\" \/>\n<meta property=\"article:modified_time\" content=\"2023-03-21T14:41:24+00:00\" \/>\n<meta property=\"og:image\" content=\"https:\/\/legacy.colt.net\/wp-content\/uploads\/2021\/01\/Brand-2021-Stock-34.jpg\" \/>\n\t<meta property=\"og:image:width\" content=\"1000\" \/>\n\t<meta property=\"og:image:height\" content=\"668\" \/>\n\t<meta property=\"og:image:type\" content=\"image\/jpeg\" \/>\n<meta name=\"twitter:card\" content=\"summary_large_image\" \/>\n<meta name=\"twitter:site\" content=\"@colt_technology\" \/>\n<meta name=\"twitter:label1\" content=\"Est. reading time\" \/>\n\t<meta name=\"twitter:data1\" content=\"5 minutes\" \/>\n<script type=\"application\/ld+json\" class=\"yoast-schema-graph\">{\"@context\":\"https:\/\/schema.org\",\"@graph\":[{\"@type\":\"WebPage\",\"@id\":\"https:\/\/legacy.colt.net\/fr\/why-colt\/partners\/equinix\/\",\"url\":\"https:\/\/legacy.colt.net\/fr\/why-colt\/partners\/equinix\/\",\"name\":\"Colt\u2019s partnership with Equinix - French - Colt Technology Services\",\"isPartOf\":{\"@id\":\"https:\/\/legacy.colt.net\/#website\"},\"primaryImageOfPage\":{\"@id\":\"https:\/\/legacy.colt.net\/fr\/why-colt\/partners\/equinix\/#primaryimage\"},\"image\":{\"@id\":\"https:\/\/legacy.colt.net\/fr\/why-colt\/partners\/equinix\/#primaryimage\"},\"thumbnailUrl\":\"https:\/\/legacy.colt.net\/wp-content\/uploads\/2023\/02\/Colt-Cloud-Equinix-External-FR-scaled.jpg\",\"datePublished\":\"2022-10-26T08:47:43+00:00\",\"dateModified\":\"2023-03-21T14:41:24+00:00\",\"description\":\"In today\u2019s interconnected era, success in business depends on rapid innovation and the ability to be agile enough to swiftly establish links to new markets\",\"breadcrumb\":{\"@id\":\"https:\/\/legacy.colt.net\/fr\/why-colt\/partners\/equinix\/#breadcrumb\"},\"inLanguage\":\"fr-FR\",\"potentialAction\":[{\"@type\":\"ReadAction\",\"target\":[\"https:\/\/legacy.colt.net\/fr\/why-colt\/partners\/equinix\/\"]}]},{\"@type\":\"ImageObject\",\"inLanguage\":\"fr-FR\",\"@id\":\"https:\/\/legacy.colt.net\/fr\/why-colt\/partners\/equinix\/#primaryimage\",\"url\":\"https:\/\/legacy.colt.net\/wp-content\/uploads\/2023\/02\/Colt-Cloud-Equinix-External-FR-scaled.jpg\",\"contentUrl\":\"https:\/\/legacy.colt.net\/wp-content\/uploads\/2023\/02\/Colt-Cloud-Equinix-External-FR-scaled.jpg\"},{\"@type\":\"BreadcrumbList\",\"@id\":\"https:\/\/legacy.colt.net\/fr\/why-colt\/partners\/equinix\/#breadcrumb\",\"itemListElement\":[{\"@type\":\"ListItem\",\"position\":1,\"name\":\"Home\",\"item\":\"https:\/\/legacy.colt.net\/fr\/\"},{\"@type\":\"ListItem\",\"position\":2,\"name\":\"Pourquoi choisir Colt\u00a0?\",\"item\":\"https:\/\/legacy.colt.net\/fr\/why-colt\/\"},{\"@type\":\"ListItem\",\"position\":3,\"name\":\"Nos partenaires\",\"item\":\"https:\/\/legacy.colt.net\/fr\/why-colt\/partners\/\"},{\"@type\":\"ListItem\",\"position\":4,\"name\":\"Colt\u2019s partnership with Equinix &#8211; French\"}]},{\"@type\":\"WebSite\",\"@id\":\"https:\/\/legacy.colt.net\/#website\",\"url\":\"https:\/\/legacy.colt.net\/\",\"name\":\"Colt\u30c6\u30af\u30ce\u30ed\u30b8\u30fc\u30b5\u30fc\u30d3\u30b9\u682a\u5f0f\u4f1a\u793e\",\"description\":\"Managed Network &amp; Voice Services Provider\",\"publisher\":{\"@id\":\"https:\/\/legacy.colt.net\/#organization\"},\"potentialAction\":[{\"@type\":\"SearchAction\",\"target\":{\"@type\":\"EntryPoint\",\"urlTemplate\":\"https:\/\/legacy.colt.net\/?s={search_term_string}\"},\"query-input\":{\"@type\":\"PropertyValueSpecification\",\"valueRequired\":true,\"valueName\":\"search_term_string\"}}],\"inLanguage\":\"fr-FR\"},{\"@type\":\"Organization\",\"@id\":\"https:\/\/legacy.colt.net\/#organization\",\"name\":\"Colt Technology Services\",\"url\":\"https:\/\/legacy.colt.net\/\",\"logo\":{\"@type\":\"ImageObject\",\"inLanguage\":\"fr-FR\",\"@id\":\"https:\/\/legacy.colt.net\/#\/schema\/logo\/image\/\",\"url\":\"https:\/\/legacy.colt.net\/wp-content\/uploads\/2019\/02\/Colt-Logo.png\",\"contentUrl\":\"https:\/\/legacy.colt.net\/wp-content\/uploads\/2019\/02\/Colt-Logo.png\",\"width\":195,\"height\":77,\"caption\":\"Colt Technology Services\"},\"image\":{\"@id\":\"https:\/\/legacy.colt.net\/#\/schema\/logo\/image\/\"},\"sameAs\":[\"https:\/\/www.facebook.com\/ColtTechnologyServices\/\",\"https:\/\/x.com\/colt_technology\",\"https:\/\/www.instagram.com\/colttechnologyservices\/\",\"https:\/\/www.linkedin.com\/company\/colt-technology-services\",\"https:\/\/www.youtube.com\/user\/ColtTechnology\"]}]}<\/script>\n<!-- \/ Yoast SEO plugin. -->","yoast_head_json":{"title":"Colt\u2019s partnership with Equinix - French - Colt Technology Services","description":"In today\u2019s interconnected era, success in business depends on rapid innovation and the ability to be agile enough to swiftly establish links to new markets","robots":{"index":"noindex","follow":"follow","max-snippet":"max-snippet:-1","max-image-preview":"max-image-preview:large","max-video-preview":"max-video-preview:-1"},"og_locale":"fr_FR","og_type":"article","og_title":"Colt\u2019s partnership with Equinix - French - Colt Technology Services","og_description":"In today\u2019s interconnected era, success in business depends on rapid innovation and the ability to be agile enough to swiftly establish links to new markets","og_url":"https:\/\/legacy.colt.net\/fr\/why-colt\/partners\/equinix\/","og_site_name":"Colt Technology Services","article_publisher":"https:\/\/www.facebook.com\/ColtTechnologyServices\/","article_modified_time":"2023-03-21T14:41:24+00:00","og_image":[{"width":1000,"height":668,"url":"https:\/\/legacy.colt.net\/wp-content\/uploads\/2021\/01\/Brand-2021-Stock-34.jpg","type":"image\/jpeg"}],"twitter_card":"summary_large_image","twitter_site":"@colt_technology","twitter_misc":{"Est. reading time":"5 minutes"},"schema":{"@context":"https:\/\/schema.org","@graph":[{"@type":"WebPage","@id":"https:\/\/legacy.colt.net\/fr\/why-colt\/partners\/equinix\/","url":"https:\/\/legacy.colt.net\/fr\/why-colt\/partners\/equinix\/","name":"Colt\u2019s partnership with Equinix - French - Colt Technology Services","isPartOf":{"@id":"https:\/\/legacy.colt.net\/#website"},"primaryImageOfPage":{"@id":"https:\/\/legacy.colt.net\/fr\/why-colt\/partners\/equinix\/#primaryimage"},"image":{"@id":"https:\/\/legacy.colt.net\/fr\/why-colt\/partners\/equinix\/#primaryimage"},"thumbnailUrl":"https:\/\/legacy.colt.net\/wp-content\/uploads\/2023\/02\/Colt-Cloud-Equinix-External-FR-scaled.jpg","datePublished":"2022-10-26T08:47:43+00:00","dateModified":"2023-03-21T14:41:24+00:00","description":"In today\u2019s interconnected era, success in business depends on rapid innovation and the ability to be agile enough to swiftly establish links to new markets","breadcrumb":{"@id":"https:\/\/legacy.colt.net\/fr\/why-colt\/partners\/equinix\/#breadcrumb"},"inLanguage":"fr-FR","potentialAction":[{"@type":"ReadAction","target":["https:\/\/legacy.colt.net\/fr\/why-colt\/partners\/equinix\/"]}]},{"@type":"ImageObject","inLanguage":"fr-FR","@id":"https:\/\/legacy.colt.net\/fr\/why-colt\/partners\/equinix\/#primaryimage","url":"https:\/\/legacy.colt.net\/wp-content\/uploads\/2023\/02\/Colt-Cloud-Equinix-External-FR-scaled.jpg","contentUrl":"https:\/\/legacy.colt.net\/wp-content\/uploads\/2023\/02\/Colt-Cloud-Equinix-External-FR-scaled.jpg"},{"@type":"BreadcrumbList","@id":"https:\/\/legacy.colt.net\/fr\/why-colt\/partners\/equinix\/#breadcrumb","itemListElement":[{"@type":"ListItem","position":1,"name":"Home","item":"https:\/\/legacy.colt.net\/fr\/"},{"@type":"ListItem","position":2,"name":"Pourquoi choisir Colt\u00a0?","item":"https:\/\/legacy.colt.net\/fr\/why-colt\/"},{"@type":"ListItem","position":3,"name":"Nos partenaires","item":"https:\/\/legacy.colt.net\/fr\/why-colt\/partners\/"},{"@type":"ListItem","position":4,"name":"Colt\u2019s partnership with Equinix &#8211; French"}]},{"@type":"WebSite","@id":"https:\/\/legacy.colt.net\/#website","url":"https:\/\/legacy.colt.net\/","name":"Colt\u30c6\u30af\u30ce\u30ed\u30b8\u30fc\u30b5\u30fc\u30d3\u30b9\u682a\u5f0f\u4f1a\u793e","description":"Managed Network &amp; Voice Services Provider","publisher":{"@id":"https:\/\/legacy.colt.net\/#organization"},"potentialAction":[{"@type":"SearchAction","target":{"@type":"EntryPoint","urlTemplate":"https:\/\/legacy.colt.net\/?s={search_term_string}"},"query-input":{"@type":"PropertyValueSpecification","valueRequired":true,"valueName":"search_term_string"}}],"inLanguage":"fr-FR"},{"@type":"Organization","@id":"https:\/\/legacy.colt.net\/#organization","name":"Colt Technology Services","url":"https:\/\/legacy.colt.net\/","logo":{"@type":"ImageObject","inLanguage":"fr-FR","@id":"https:\/\/legacy.colt.net\/#\/schema\/logo\/image\/","url":"https:\/\/legacy.colt.net\/wp-content\/uploads\/2019\/02\/Colt-Logo.png","contentUrl":"https:\/\/legacy.colt.net\/wp-content\/uploads\/2019\/02\/Colt-Logo.png","width":195,"height":77,"caption":"Colt Technology Services"},"image":{"@id":"https:\/\/legacy.colt.net\/#\/schema\/logo\/image\/"},"sameAs":["https:\/\/www.facebook.com\/ColtTechnologyServices\/","https:\/\/x.com\/colt_technology","https:\/\/www.instagram.com\/colttechnologyservices\/","https:\/\/www.linkedin.com\/company\/colt-technology-services","https:\/\/www.youtube.com\/user\/ColtTechnology"]}]}},"_links":{"self":[{"href":"https:\/\/legacy.colt.net\/fr\/wp-json\/wp\/v2\/pages\/116743","targetHints":{"allow":["GET"]}}],"collection":[{"href":"https:\/\/legacy.colt.net\/fr\/wp-json\/wp\/v2\/pages"}],"about":[{"href":"https:\/\/legacy.colt.net\/fr\/wp-json\/wp\/v2\/types\/page"}],"author":[{"embeddable":true,"href":"https:\/\/legacy.colt.net\/fr\/wp-json\/wp\/v2\/users\/2"}],"replies":[{"embeddable":true,"href":"https:\/\/legacy.colt.net\/fr\/wp-json\/wp\/v2\/comments?post=116743"}],"version-history":[{"count":0,"href":"https:\/\/legacy.colt.net\/fr\/wp-json\/wp\/v2\/pages\/116743\/revisions"}],"up":[{"embeddable":true,"href":"https:\/\/legacy.colt.net\/fr\/wp-json\/wp\/v2\/pages\/100203"}],"wp:attachment":[{"href":"https:\/\/legacy.colt.net\/fr\/wp-json\/wp\/v2\/media?parent=116743"}],"wp:term":[{"taxonomy":"colt_type","embeddable":true,"href":"https:\/\/legacy.colt.net\/fr\/wp-json\/wp\/v2\/colt_type?post=116743"},{"taxonomy":"colt_products","embeddable":true,"href":"https:\/\/legacy.colt.net\/fr\/wp-json\/wp\/v2\/colt_products?post=116743"}],"curies":[{"name":"wp","href":"https:\/\/api.w.org\/{rel}","templated":true}]}}