{"id":110149,"date":"2022-02-25T10:43:34","date_gmt":"2022-02-25T10:43:34","guid":{"rendered":"https:\/\/www.colt.net\/?page_id=110149"},"modified":"2022-11-23T10:12:37","modified_gmt":"2022-11-23T10:12:37","slug":"certifications","status":"publish","type":"page","link":"https:\/\/legacy.colt.net\/fr\/why-colt\/certifications\/","title":{"rendered":"Certifications"},"content":{"rendered":"\n\n\t<nav class=\"breadcrumb\"><span><span><a href=\"https:\/\/legacy.colt.net\/fr\/\">Home<\/a><\/span><\/span><\/nav>\n<h2>\n\t\tNos certifications et les normes du secteur\n\t<\/h2>\n\t<p>Chez Colt, nous assumons toujours le plus haut niveau de responsabilit\u00e9 et de transparence envers nos clients. Nous suivons plusieurs syst\u00e8mes de gestion mondialement reconnus, qui d\u00e9montrent que notre entreprise r\u00e9pond aux normes internationales en mati\u00e8re de prestation de services. Nous sommes \u00e9valu\u00e9s par des certificateurs ind\u00e9pendants. Nous avons atteint les normes internationales suivantes\u00a0:<\/p>\n\t<p><strong>Jump to:<\/strong><\/p>\n\t<a href=\"#2015\">Syst\u00e8me de gestion de la qualit\u00e9<\/a><br \/>\n<a href=\"#2018\">Gestion des services<\/a><br \/>\n<a href=\"#2013\">Gestion de la s\u00e9curit\u00e9 de l&#8217;information<\/a><br \/>\n<a href=\"#Environment\">Gestion environnementale<\/a><br \/>\n<a href=\"#2012\">Gestion de la continuit\u00e9 des activit\u00e9s<\/a><br \/>\n<a href=\"#CyberEssentials\">Programme Cyber Essentiels \u00a0<\/a>\u00a0\n\t\t\t\t<img loading=\"lazy\" decoding=\"async\" src=\"https:\/\/legacy.colt.net\/wp-content\/uploads\/2020\/05\/mark-of-trust-ISO-9001-UKAS-black-1024x658.jpg\" alt=\"mark-of-trust-ISO-9001-UKAS-black\" itemprop=\"image\" height=\"658\" width=\"1024\" title=\"mark-of-trust-ISO-9001-UKAS-black\" onerror=\"this.style.display='none'\"  \/>\n<h3>\n\t\tISO9001:2015 | Syst\u00e8me international de management de la qualit\u00e9\n\t<\/h3>\n\t<p>Cette norme internationale pour le syst\u00e8me de management de la qualit\u00e9 (QMS) indique notre capacit\u00e9 \u00e0 fournir des produits et des services de qualit\u00e9 sup\u00e9rieure et constante. Le syst\u00e8me vise \u00e0 augmenter la satisfaction des clients gr\u00e2ce \u00e0 l&#8217;am\u00e9lioration continue.<\/p>\n\t\t\t<a href=\"https:\/\/legacy.colt.net\/wp-content\/uploads\/2022\/11\/FS-602990-1-Colt-ISO9001-Certificate-Valid-2025.pdf\" target=\"_self\" role=\"button\" rel=\"noopener\">\n\t\t\t\t\t\t\tVous trouverez notre dernier certificat ISO9001 ici.\n\t\t\t\t\t<\/a>\n\t\t\t\t<img loading=\"lazy\" decoding=\"async\" src=\"https:\/\/legacy.colt.net\/wp-content\/uploads\/2020\/05\/mark-of-trust-ISO-IEC-20000-1-UKAS-black.jpg\" alt=\"mark-of-trust-ISO-IEC-20000-1-UKAS-black\" itemprop=\"image\" height=\"958\" width=\"1492\" title=\"mark-of-trust-ISO-IEC-20000-1-UKAS-black\" onerror=\"this.style.display='none'\"  \/>\n<h3>\n\t\tISO\/CEI 20000-1:2018 | Gestion des services\n\t<\/h3>\n\t<p>Cette norme internationale pour le syst\u00e8me de gestion des services (SMS) atteste de notre capacit\u00e9 \u00e0 r\u00e9pondre aux \u00e9volutions de l&#8217;environnement de prestation de services et \u00e0 nous assurer que les bons processus sont en place \u00e0 chaque \u00e9tape et appliqu\u00e9s avec constance tout au long du cycle de service au client.<\/p>\n\t\t\t<a href=\"https:\/\/legacy.colt.net\/wp-content\/uploads\/2022\/11\/ITMS-703633-1-Colt-ISO2000-1-Certificate-Valid-2025.pdf\" target=\"_self\" role=\"button\" rel=\"noopener\">\n\t\t\t\t\t\t\tVous trouverez notre dernier certificat ISO\/CEI\u00a020000 ici.\n\t\t\t\t\t<\/a>\n\t\t\t\t<img loading=\"lazy\" decoding=\"async\" src=\"https:\/\/legacy.colt.net\/wp-content\/uploads\/2020\/05\/mark-of-trust-ISO-IEC-27001-UKAS-black.jpg\" alt=\"mark-of-trust-ISO-IEC-27001-UKAS-black\" itemprop=\"image\" height=\"958\" width=\"1492\" title=\"mark-of-trust-ISO-IEC-27001-UKAS-black\" onerror=\"this.style.display='none'\"  \/>\n<h3>\n\t\tISO\/CEI 27001:2013 | Gestion de la s\u00e9curit\u00e9 des informations\n\t<\/h3>\n\t<p>Cette norme internationale v\u00e9rifie que nous avons mis en place des processus de s\u00e9curit\u00e9 de l&#8217;information selon les meilleures pratiques de gestion. Cette certification garantit que nous disposons d&#8217;un syst\u00e8me de gestion de la s\u00e9curit\u00e9 de l&#8217;information (ISMS) bien d\u00e9fini, d&#8217;un ensemble de politiques, proc\u00e9dures, processus et syst\u00e8mes qui g\u00e8rent les risques li\u00e9s \u00e0 l&#8217;information, tels que les cyberattaques, les piratages, les fuites de donn\u00e9es ou le vol.<\/p>\n\t\t\t\t\t<a href=\"#\" id=\"fl-accordion--label-0\" tabindex=\"0\" aria-controls=\"fl-accordion--panel-0\">Documents FAQ<\/a>\n\t\t\t\t\t\t\t\t\t\t\t<a href=\"#\" id=\"fl-accordion--icon-0\" tabindex=\"0\" aria-controls=\"fl-accordion--panel-0\"><i>Expand<\/i><\/a>\n\t\t\t\t\t<p>[wpmedia_list folder=&#8221;ISO223012012 FAQs All Languages&#8221;]<\/p>\n\t\t\t<a href=\"https:\/\/legacy.colt.net\/wp-content\/uploads\/2020\/08\/IS-78946.pdf\" target=\"_self\" role=\"button\" rel=\"noopener\">\n\t\t\t\t\t\t\tVous trouverez notre dernier certificat ISO27001 ici.\n\t\t\t\t\t<\/a>\n\t\t\t\t<img loading=\"lazy\" decoding=\"async\" src=\"https:\/\/legacy.colt.net\/wp-content\/uploads\/2020\/05\/mark-of-trust-ISO-14001-UKAS-black.jpg\" alt=\"mark-of-trust-ISO-14001-UKAS-black\" itemprop=\"image\" height=\"973\" width=\"1492\" title=\"mark-of-trust-ISO-14001-UKAS-black\" onerror=\"this.style.display='none'\"  \/>\n<h3>\n\t\tISO14001:2015 | Syst\u00e8mes de management environnemental\n\t<\/h3>\n\t<p>Reposant sur cette norme internationale, notre syst\u00e8me de gestion environnementale (SME) concr\u00e9tise notre engagement \u00e0 prot\u00e9ger l&#8217;environnement en fixant des objectifs et des politiques pr\u00e9cis et conformes \u00e0 la l\u00e9gislation en vigueur.<\/p>\n<p>La limitation de notre empreinte \u00e9cologique fait partie de la responsabilit\u00e9 sociale de notre entreprise envers nos clients et notre secteur.<\/p>\n\t\t\t<a href=\"https:\/\/f.hubspotusercontent10.net\/hubfs\/344164\/BSI%20Certificates\/BSI-Certificate_ISO14001.pdf\" target=\"_self\" role=\"button\" rel=\"noopener\">\n\t\t\t\t\t\t\tVous trouverez notre dernier certificat ISO14001 ici.\n\t\t\t\t\t<\/a>\n\t\t\t\t<img loading=\"lazy\" decoding=\"async\" src=\"https:\/\/legacy.colt.net\/wp-content\/uploads\/2020\/05\/mark-of-trust-ISO-22301-UKAS-black.jpg\" alt=\"mark-of-trust-ISO-22301-UKAS-black\" itemprop=\"image\" height=\"958\" width=\"1492\" title=\"mark-of-trust-ISO-22301-UKAS-black\" onerror=\"this.style.display='none'\"  \/>\n<h3>\n\t\tISO22301:2012 | Management de la continuit\u00e9 des activit\u00e9s\n\t<\/h3>\n\t<p>Cette norme internationale du syst\u00e8me de gestion de la continuit\u00e9 des activit\u00e9s (BCMS) garantit que nous appliquons les meilleures pratiques de r\u00e9silience organisationnelle. Notre certification selon cette norme atteste que notre entreprise est hautement r\u00e9siliente et applique les meilleures pratiques internationales. Nous sommes ainsi pr\u00e9par\u00e9s \u00e0 limiter au strict minimum les r\u00e9percussions qu&#8217;une interruption de nos activit\u00e9s ou une situation de crise pourraient avoir sur nos services clients.<\/p>\n\t\t\t<a href=\"https:\/\/legacy.colt.net\/wp-content\/uploads\/2020\/08\/ISO-22301-Certification-2022-2025.pdf\" target=\"_self\" role=\"button\" rel=\"noopener\">\n\t\t\t\t\t\t\tVous trouverez notre dernier certificat ISO22301 ici.\n\t\t\t\t\t<\/a>\n\t\t\t\t<img loading=\"lazy\" decoding=\"async\" src=\"https:\/\/legacy.colt.net\/wp-content\/uploads\/2020\/05\/cyber-essentials-badge-high-res.png\" alt=\"cyber-essentials-badge-high-res\" itemprop=\"image\" height=\"717\" width=\"990\" title=\"cyber-essentials-badge-high-res\" onerror=\"this.style.display='none'\"  \/>\n<h3>\n\t\tCyber Essentials\n\t<\/h3>\n\t<p>Cyber Essentials est un programme soutenu par le gouvernement et pilot\u00e9 par le secteur pour aider les entreprises \u00e0 se prot\u00e9ger contre les menaces en ligne les plus courantes. Notre certification atteste de notre engagement envers la cybers\u00e9curit\u00e9, y compris la pr\u00e9vention des attaques de piratage et de phishing.<\/p>\n\t\t\t<a href=\"https:\/\/legacy.colt.net\/wp-content\/uploads\/2022\/11\/Cyber-Essentials-Certificate-2023-2024.pdf\" target=\"_self\" role=\"button\" rel=\"noopener\">\n\t\t\t\t\t\t\tVous trouverez notre dernier certificat Cyber Essentials ici.\n\t\t\t\t\t<\/a>\n\n","protected":false},"excerpt":{"rendered":"<p>Nos certifications et les normes du secteur Chez Colt, nous assumons toujours le plus haut niveau de responsabilit\u00e9 et de transparence envers nos clients. Nous suivons plusieurs syst\u00e8mes de gestion mondialement reconnus, qui d\u00e9montrent que notre entreprise r\u00e9pond aux normes internationales en mati\u00e8re de prestation de services. Nous sommes \u00e9valu\u00e9s par des certificateurs ind\u00e9pendants. Nous&#8230;<\/p>\n","protected":false},"author":2,"featured_media":0,"parent":65345,"menu_order":0,"comment_status":"closed","ping_status":"closed","template":"","meta":{"_acf_changed":false,"footnotes":""},"colt_type":[],"colt_products":[],"class_list":["post-110149","page","type-page","status-publish","hentry"],"acf":[],"yoast_head":"<!-- This site is optimized with the Yoast SEO plugin v26.8 - https:\/\/yoast.com\/product\/yoast-seo-wordpress\/ -->\n<title>Certifications - Colt Technology Services<\/title>\n<meta name=\"description\" content=\"Certifications Colt Technology Services\" \/>\n<meta name=\"robots\" content=\"noindex, follow, max-snippet:-1, max-image-preview:large, max-video-preview:-1\" \/>\n<meta property=\"og:locale\" content=\"fr_FR\" \/>\n<meta property=\"og:type\" content=\"article\" \/>\n<meta property=\"og:title\" content=\"Certifications - Colt Technology Services\" \/>\n<meta property=\"og:description\" content=\"Certifications Colt Technology Services\" \/>\n<meta property=\"og:url\" content=\"https:\/\/legacy.colt.net\/fr\/why-colt\/certifications\/\" \/>\n<meta property=\"og:site_name\" content=\"Colt Technology Services\" \/>\n<meta property=\"article:publisher\" content=\"https:\/\/www.facebook.com\/ColtTechnologyServices\/\" \/>\n<meta property=\"article:modified_time\" content=\"2022-11-23T10:12:37+00:00\" \/>\n<meta property=\"og:image\" content=\"https:\/\/legacy.colt.net\/wp-content\/uploads\/2021\/01\/Brand-2021-Stock-2.jpg\" \/>\n\t<meta property=\"og:image:width\" content=\"1000\" \/>\n\t<meta property=\"og:image:height\" content=\"676\" \/>\n\t<meta property=\"og:image:type\" content=\"image\/jpeg\" \/>\n<meta name=\"twitter:card\" content=\"summary_large_image\" \/>\n<meta name=\"twitter:site\" content=\"@colt_technology\" \/>\n<meta name=\"twitter:label1\" content=\"Est. reading time\" \/>\n\t<meta name=\"twitter:data1\" content=\"3 minutes\" \/>\n<script type=\"application\/ld+json\" class=\"yoast-schema-graph\">{\"@context\":\"https:\/\/schema.org\",\"@graph\":[{\"@type\":\"WebPage\",\"@id\":\"https:\/\/legacy.colt.net\/fr\/why-colt\/certifications\/\",\"url\":\"https:\/\/legacy.colt.net\/fr\/why-colt\/certifications\/\",\"name\":\"Certifications - Colt Technology Services\",\"isPartOf\":{\"@id\":\"https:\/\/legacy.colt.net\/#website\"},\"primaryImageOfPage\":{\"@id\":\"https:\/\/legacy.colt.net\/fr\/why-colt\/certifications\/#primaryimage\"},\"image\":{\"@id\":\"https:\/\/legacy.colt.net\/fr\/why-colt\/certifications\/#primaryimage\"},\"thumbnailUrl\":\"https:\/\/legacy.colt.net\/wp-content\/uploads\/2020\/05\/mark-of-trust-ISO-9001-UKAS-black-1024x658.jpg\",\"datePublished\":\"2022-02-25T10:43:34+00:00\",\"dateModified\":\"2022-11-23T10:12:37+00:00\",\"description\":\"Certifications Colt Technology Services\",\"breadcrumb\":{\"@id\":\"https:\/\/legacy.colt.net\/fr\/why-colt\/certifications\/#breadcrumb\"},\"inLanguage\":\"fr-FR\",\"potentialAction\":[{\"@type\":\"ReadAction\",\"target\":[\"https:\/\/legacy.colt.net\/fr\/why-colt\/certifications\/\"]}]},{\"@type\":\"ImageObject\",\"inLanguage\":\"fr-FR\",\"@id\":\"https:\/\/legacy.colt.net\/fr\/why-colt\/certifications\/#primaryimage\",\"url\":\"https:\/\/legacy.colt.net\/wp-content\/uploads\/2020\/05\/mark-of-trust-ISO-9001-UKAS-black-1024x658.jpg\",\"contentUrl\":\"https:\/\/legacy.colt.net\/wp-content\/uploads\/2020\/05\/mark-of-trust-ISO-9001-UKAS-black-1024x658.jpg\"},{\"@type\":\"BreadcrumbList\",\"@id\":\"https:\/\/legacy.colt.net\/fr\/why-colt\/certifications\/#breadcrumb\",\"itemListElement\":[{\"@type\":\"ListItem\",\"position\":1,\"name\":\"Home\",\"item\":\"https:\/\/legacy.colt.net\/fr\/\"},{\"@type\":\"ListItem\",\"position\":2,\"name\":\"Pourquoi choisir Colt\u00a0?\",\"item\":\"https:\/\/legacy.colt.net\/fr\/why-colt\/\"},{\"@type\":\"ListItem\",\"position\":3,\"name\":\"Certifications\"}]},{\"@type\":\"WebSite\",\"@id\":\"https:\/\/legacy.colt.net\/#website\",\"url\":\"https:\/\/legacy.colt.net\/\",\"name\":\"Colt\u30c6\u30af\u30ce\u30ed\u30b8\u30fc\u30b5\u30fc\u30d3\u30b9\u682a\u5f0f\u4f1a\u793e\",\"description\":\"Managed Network &amp; Voice Services Provider\",\"publisher\":{\"@id\":\"https:\/\/legacy.colt.net\/#organization\"},\"potentialAction\":[{\"@type\":\"SearchAction\",\"target\":{\"@type\":\"EntryPoint\",\"urlTemplate\":\"https:\/\/legacy.colt.net\/?s={search_term_string}\"},\"query-input\":{\"@type\":\"PropertyValueSpecification\",\"valueRequired\":true,\"valueName\":\"search_term_string\"}}],\"inLanguage\":\"fr-FR\"},{\"@type\":\"Organization\",\"@id\":\"https:\/\/legacy.colt.net\/#organization\",\"name\":\"Colt Technology Services\",\"url\":\"https:\/\/legacy.colt.net\/\",\"logo\":{\"@type\":\"ImageObject\",\"inLanguage\":\"fr-FR\",\"@id\":\"https:\/\/legacy.colt.net\/#\/schema\/logo\/image\/\",\"url\":\"https:\/\/legacy.colt.net\/wp-content\/uploads\/2019\/02\/Colt-Logo.png\",\"contentUrl\":\"https:\/\/legacy.colt.net\/wp-content\/uploads\/2019\/02\/Colt-Logo.png\",\"width\":195,\"height\":77,\"caption\":\"Colt Technology Services\"},\"image\":{\"@id\":\"https:\/\/legacy.colt.net\/#\/schema\/logo\/image\/\"},\"sameAs\":[\"https:\/\/www.facebook.com\/ColtTechnologyServices\/\",\"https:\/\/x.com\/colt_technology\",\"https:\/\/www.instagram.com\/colttechnologyservices\/\",\"https:\/\/www.linkedin.com\/company\/colt-technology-services\",\"https:\/\/www.youtube.com\/user\/ColtTechnology\"]}]}<\/script>\n<!-- \/ Yoast SEO plugin. -->","yoast_head_json":{"title":"Certifications - Colt Technology Services","description":"Certifications Colt Technology Services","robots":{"index":"noindex","follow":"follow","max-snippet":"max-snippet:-1","max-image-preview":"max-image-preview:large","max-video-preview":"max-video-preview:-1"},"og_locale":"fr_FR","og_type":"article","og_title":"Certifications - Colt Technology Services","og_description":"Certifications Colt Technology Services","og_url":"https:\/\/legacy.colt.net\/fr\/why-colt\/certifications\/","og_site_name":"Colt Technology Services","article_publisher":"https:\/\/www.facebook.com\/ColtTechnologyServices\/","article_modified_time":"2022-11-23T10:12:37+00:00","og_image":[{"width":1000,"height":676,"url":"https:\/\/legacy.colt.net\/wp-content\/uploads\/2021\/01\/Brand-2021-Stock-2.jpg","type":"image\/jpeg"}],"twitter_card":"summary_large_image","twitter_site":"@colt_technology","twitter_misc":{"Est. reading time":"3 minutes"},"schema":{"@context":"https:\/\/schema.org","@graph":[{"@type":"WebPage","@id":"https:\/\/legacy.colt.net\/fr\/why-colt\/certifications\/","url":"https:\/\/legacy.colt.net\/fr\/why-colt\/certifications\/","name":"Certifications - Colt Technology Services","isPartOf":{"@id":"https:\/\/legacy.colt.net\/#website"},"primaryImageOfPage":{"@id":"https:\/\/legacy.colt.net\/fr\/why-colt\/certifications\/#primaryimage"},"image":{"@id":"https:\/\/legacy.colt.net\/fr\/why-colt\/certifications\/#primaryimage"},"thumbnailUrl":"https:\/\/legacy.colt.net\/wp-content\/uploads\/2020\/05\/mark-of-trust-ISO-9001-UKAS-black-1024x658.jpg","datePublished":"2022-02-25T10:43:34+00:00","dateModified":"2022-11-23T10:12:37+00:00","description":"Certifications Colt Technology Services","breadcrumb":{"@id":"https:\/\/legacy.colt.net\/fr\/why-colt\/certifications\/#breadcrumb"},"inLanguage":"fr-FR","potentialAction":[{"@type":"ReadAction","target":["https:\/\/legacy.colt.net\/fr\/why-colt\/certifications\/"]}]},{"@type":"ImageObject","inLanguage":"fr-FR","@id":"https:\/\/legacy.colt.net\/fr\/why-colt\/certifications\/#primaryimage","url":"https:\/\/legacy.colt.net\/wp-content\/uploads\/2020\/05\/mark-of-trust-ISO-9001-UKAS-black-1024x658.jpg","contentUrl":"https:\/\/legacy.colt.net\/wp-content\/uploads\/2020\/05\/mark-of-trust-ISO-9001-UKAS-black-1024x658.jpg"},{"@type":"BreadcrumbList","@id":"https:\/\/legacy.colt.net\/fr\/why-colt\/certifications\/#breadcrumb","itemListElement":[{"@type":"ListItem","position":1,"name":"Home","item":"https:\/\/legacy.colt.net\/fr\/"},{"@type":"ListItem","position":2,"name":"Pourquoi choisir Colt\u00a0?","item":"https:\/\/legacy.colt.net\/fr\/why-colt\/"},{"@type":"ListItem","position":3,"name":"Certifications"}]},{"@type":"WebSite","@id":"https:\/\/legacy.colt.net\/#website","url":"https:\/\/legacy.colt.net\/","name":"Colt\u30c6\u30af\u30ce\u30ed\u30b8\u30fc\u30b5\u30fc\u30d3\u30b9\u682a\u5f0f\u4f1a\u793e","description":"Managed Network &amp; Voice Services Provider","publisher":{"@id":"https:\/\/legacy.colt.net\/#organization"},"potentialAction":[{"@type":"SearchAction","target":{"@type":"EntryPoint","urlTemplate":"https:\/\/legacy.colt.net\/?s={search_term_string}"},"query-input":{"@type":"PropertyValueSpecification","valueRequired":true,"valueName":"search_term_string"}}],"inLanguage":"fr-FR"},{"@type":"Organization","@id":"https:\/\/legacy.colt.net\/#organization","name":"Colt Technology Services","url":"https:\/\/legacy.colt.net\/","logo":{"@type":"ImageObject","inLanguage":"fr-FR","@id":"https:\/\/legacy.colt.net\/#\/schema\/logo\/image\/","url":"https:\/\/legacy.colt.net\/wp-content\/uploads\/2019\/02\/Colt-Logo.png","contentUrl":"https:\/\/legacy.colt.net\/wp-content\/uploads\/2019\/02\/Colt-Logo.png","width":195,"height":77,"caption":"Colt Technology Services"},"image":{"@id":"https:\/\/legacy.colt.net\/#\/schema\/logo\/image\/"},"sameAs":["https:\/\/www.facebook.com\/ColtTechnologyServices\/","https:\/\/x.com\/colt_technology","https:\/\/www.instagram.com\/colttechnologyservices\/","https:\/\/www.linkedin.com\/company\/colt-technology-services","https:\/\/www.youtube.com\/user\/ColtTechnology"]}]}},"_links":{"self":[{"href":"https:\/\/legacy.colt.net\/fr\/wp-json\/wp\/v2\/pages\/110149","targetHints":{"allow":["GET"]}}],"collection":[{"href":"https:\/\/legacy.colt.net\/fr\/wp-json\/wp\/v2\/pages"}],"about":[{"href":"https:\/\/legacy.colt.net\/fr\/wp-json\/wp\/v2\/types\/page"}],"author":[{"embeddable":true,"href":"https:\/\/legacy.colt.net\/fr\/wp-json\/wp\/v2\/users\/2"}],"replies":[{"embeddable":true,"href":"https:\/\/legacy.colt.net\/fr\/wp-json\/wp\/v2\/comments?post=110149"}],"version-history":[{"count":0,"href":"https:\/\/legacy.colt.net\/fr\/wp-json\/wp\/v2\/pages\/110149\/revisions"}],"up":[{"embeddable":true,"href":"https:\/\/legacy.colt.net\/fr\/wp-json\/wp\/v2\/pages\/65345"}],"wp:attachment":[{"href":"https:\/\/legacy.colt.net\/fr\/wp-json\/wp\/v2\/media?parent=110149"}],"wp:term":[{"taxonomy":"colt_type","embeddable":true,"href":"https:\/\/legacy.colt.net\/fr\/wp-json\/wp\/v2\/colt_type?post=110149"},{"taxonomy":"colt_products","embeddable":true,"href":"https:\/\/legacy.colt.net\/fr\/wp-json\/wp\/v2\/colt_products?post=110149"}],"curies":[{"name":"wp","href":"https:\/\/api.w.org\/{rel}","templated":true}]}}