{"id":108540,"date":"2022-01-18T10:44:03","date_gmt":"2022-01-18T10:44:03","guid":{"rendered":"https:\/\/www.colt.net\/?page_id=108540"},"modified":"2022-03-04T16:40:08","modified_gmt":"2022-03-04T16:40:08","slug":"communications-services","status":"publish","type":"page","link":"https:\/\/legacy.colt.net\/fr\/communications-services\/","title":{"rendered":"Communications Services"},"content":{"rendered":"\n<h1>\n\t<\/h1>\n<h2>\n\t\tProduits &#038; services r\u00e9seaux\n\t<\/h2>\n\t<nav class=\"breadcrumb\"><span><span><a href=\"https:\/\/legacy.colt.net\/fr\/\">Home<\/a><\/span><\/span><\/nav>\n<h2>\n\t\tCalling services\n\t<\/h2>\n\t<p>Colt dispose d&#8217;un large portefeuille de lignes et de syst\u00e8mes t\u00e9l\u00e9phoniques professionnels avec une large couverture internationale d\u00e9sormais \u00e9tendue \u00e0 29 pays d&#8217;Europe, d&#8217;Asie, d&#8217;Australie et d&#8217;Am\u00e9rique du Nord.<\/p>\n\t<a href=\"https:\/\/legacy.colt.net\/fr\/product\/service-access-numbers\/\" target=\"_self\" rel=\"noopener\"><\/a> \n\t\t\t\t<img decoding=\"async\" src=\"https:\/\/legacy.colt.net\/wp-content\/uploads\/2021\/01\/Business-Phone-Numbers-1.png\" alt=\"Business Phone Numbers\" title=\"Business Phone Numbers\" itemprop=\"image\"\/>\n\t\t<h3>Business phone numbers<\/h3>\t\t\t\n\t\t\t\t<p>Des num\u00e9ros d&#8217;acc\u00e8s simplifi\u00e9s \u00e0 un niveau international. Les num\u00e9ros d&#8217;acc\u00e8s rendent votre entreprise plus accessible sur diff\u00e9rents march\u00e9s et \u00e0 travers diverses filiales.<\/p>\n\t<a href=\"https:\/\/legacy.colt.net\/fr\/product\/sip-trunking\/\" target=\"_self\" rel=\"noopener\"><\/a> \n\t\t\t\t<img decoding=\"async\" src=\"https:\/\/legacy.colt.net\/wp-content\/uploads\/2021\/01\/Voice.png\" alt=\"Voice\" title=\"Voice\" itemprop=\"image\"\/>\n\t\t<h3>SIP trunking<\/h3>\t\t\t\n\t\t\t\t<p>Le service Trunk SIP simplifie l&#8217;ensemble de vos t\u00e9l\u00e9communications en les regroupant sur un unique r\u00e9seau IP.<\/p>\n\t<a href=\"https:\/\/legacy.colt.net\/fr\/product\/services-isdn-voice\/\" target=\"_self\" rel=\"noopener\"><\/a> \n\t\t\t\t<img decoding=\"async\" src=\"https:\/\/legacy.colt.net\/wp-content\/uploads\/2021\/01\/ISDN-Voice.png\" alt=\"ISDN Voice\" title=\"ISDN Voice\" itemprop=\"image\"\/>\n\t\t<h3>ISDN services<\/h3>\t\t\t\n\t\t\t\t<p>S&#8217;appuyant sur plus de 20 ans d&#8217;exp\u00e9rience et sur le r\u00e9seau paneurop\u00e9en le plus complet, Colt est l&#8217;op\u00e9rateur RNIS privil\u00e9gi\u00e9 de milliers d&#8217;entreprises \u00e0 travers l&#8217;Europe.<\/p>\n<h2>\n\t\tContact centres\n\t<\/h2>\n\t<p>Un centre de contact est le point central o\u00f9 sont g\u00e9r\u00e9es toutes les interactions avec les clients, permettant ainsi de leur proposer une assistance efficace et efficiente.<\/p>\n\t<a href=\"https:\/\/legacy.colt.net\/fr\/product\/centre-de-contact-en-tant-que-service-ccaas-colt\/\" target=\"_self\" rel=\"noopener\"><\/a> \n\t\t\t\t<img decoding=\"async\" src=\"https:\/\/legacy.colt.net\/wp-content\/uploads\/2021\/03\/CCaaS-icon.png\" alt=\"CCaaS-icon\" title=\"CCaaS-icon\" itemprop=\"image\"\/>\n\t\t<h3>Centre de contact en tant que service (CCaaS) Colt<\/h3>\t\t\t\n\t\t\t\t<p>Une solution omnicanale facile \u00e0 d\u00e9ployer, pour des relations solides avec vos clients et un travail \u00e0 distance simplifi\u00e9 pour vos agents.<\/p>\n<h2>\n\t\tUnified Communications\n\t<\/h2>\n\t<p>Une solution en tant que service manag\u00e9e de bout en bout, \u00e0 la fois flexible et \u00e9volutive.<\/p>\n\t<a href=\"https:\/\/legacy.colt.net\/fr\/product\/colt-intelligent-communications\/\" target=\"_self\" rel=\"noopener\"><\/a> \n\t\t\t\t<img decoding=\"async\" src=\"https:\/\/legacy.colt.net\/wp-content\/uploads\/2021\/01\/Intelligent-Communications.png\" alt=\"Intelligent Communications\" title=\"Intelligent Communications\" itemprop=\"image\"\/>\n\t\t<h3>Intelligent Communications<\/h3>\t\t\t\n\t\t\t\t<p>Colt Intelligent Communications r\u00e9unit la puissance des applications de productivit\u00e9 cloud de Microsoft et des outils de communication d&#8217;entreprise, pour offrir aux entreprises une solution int\u00e9gr\u00e9e quad-play qui comprend des applications de productivit\u00e9 d&#8217;entreprise + de communications unifi\u00e9es.<\/p>\n\t<a href=\"https:\/\/legacy.colt.net\/fr\/product\/cloud-sbc\/\" target=\"_self\" rel=\"noopener\"><\/a> \n\t\t\t\t<img decoding=\"async\" src=\"https:\/\/legacy.colt.net\/wp-content\/uploads\/2021\/01\/Cloud-SBC.png\" alt=\"Cloud SBC\" title=\"Cloud SBC\" itemprop=\"image\"\/>\n\t\t<h3>Service Cloud SBC<\/h3>\t\t\t\n\t\t\t\t<p>Le service Cloud SBC de Colt supprime la n\u00e9cessit\u00e9 de disposer d&#8217;appareils sur site pour fournir le routage direct, offrant ainsi une solution cloud cl\u00e9 en main dans un environnement enti\u00e8rement dans le cloud<\/p>\n<h2>\n\t\tWholesale voice services\n\t<\/h2>\n\t<p>Avec ces services Voix aux fonctionnalit\u00e9s compl\u00e8tes, les revendeurs peuvent partir rapidement \u00e0 la conqu\u00eate de nouveaux march\u00e9s sous leur propre marque, moyennant un investissement minimum.<\/p>\n\t<a href=\"https:\/\/legacy.colt.net\/fr\/product\/solutions-white-label\/\" target=\"_self\" rel=\"noopener\"><\/a> \n\t\t\t\t<img decoding=\"async\" src=\"https:\/\/legacy.colt.net\/wp-content\/uploads\/2021\/01\/White-label-solutions.png\" alt=\"White label solutions\" title=\"White label solutions\" itemprop=\"image\"\/>\n\t\t<h3>White label VoIP services + voice reseller solutions<\/h3>\t\t\t\n\t\t\t\t<p>Devenez revendeur Colt de services professionnels VoIP et Voix en marque blanche.<\/p>\n\t<a href=\"https:\/\/legacy.colt.net\/fr\/product\/number-hosting\/\" target=\"_self\" rel=\"noopener\"><\/a> \n\t\t\t\t<img decoding=\"async\" src=\"https:\/\/legacy.colt.net\/wp-content\/uploads\/2021\/01\/Number-hosting-1.png\" alt=\"Number hosting\" title=\"Number hosting\" itemprop=\"image\"\/>\n\t\t<h3>Number hosting<\/h3>\t\t\t\n\t\t\t\t<p>Les services de revendeur VoIP vous permettent de cr\u00e9er et de vendre vos propres services VoIP sous votre propre marque avec un minimum d&#8217;effort et un faible risque &#8211; en toute conformit\u00e9 r\u00e9glementaire.<\/p>\n\t<a href=\"https:\/\/legacy.colt.net\/fr\/product\/in-over-carrier-voip\/\" target=\"_self\" rel=\"noopener\"><\/a> \n\t\t\t\t<img decoding=\"async\" src=\"https:\/\/legacy.colt.net\/wp-content\/uploads\/2021\/01\/IN-over-VoIP-1.png\" alt=\"IN over VoIP\" title=\"IN over VoIP\" itemprop=\"image\"\/>\n\t\t<h3>IN over carrier VoIP<\/h3>\t\t\t\n\t\t\t\t<p>Parmi notre offre de services de t\u00e9l\u00e9phonie pour entreprise, Colt IN over Carrier VoIP s&#8217;adresse de mani\u00e8re sp\u00e9cifique aux prestataires ayant besoin de num\u00e9ros fixes pour leurs centres d&#8217;appels et leurs services de t\u00e9l\u00e9conf\u00e9rence \u00e0 l&#8217;international.<\/p>\n<h2>\n\t\tOn demand voice services\n\t<\/h2>\n\t<p>G\u00e9rer tous vos num\u00e9ros d&#8217;acc\u00e8s \u00e0 des services via un seul portail centralis\u00e9 de la commande \u00e0 la r\u00e9siliation.<\/p>\n\t<a href=\"https:\/\/legacy.colt.net\/fr\/product\/voice-on-demand\/\" target=\"_self\" rel=\"noopener\"><\/a> \n\t\t\t\t<img decoding=\"async\" src=\"https:\/\/legacy.colt.net\/wp-content\/uploads\/2021\/01\/Ultra-Low-Latency.png\" alt=\"Ultra Low Latency\" title=\"Ultra Low Latency\" itemprop=\"image\"\/>\n\t\t<h3>Voice On Demand<\/h3>\t\t\t\n\t\t\t\t<p>Le portail Colt Voice On Demand facilite grandement la s\u00e9lection du pays, du type de num\u00e9ro, de la plage de num\u00e9ros et de la quantit\u00e9 \u00e0 commander, gr\u00e2ce \u00e0 des filtres intuitifs. Le processus de commande est enti\u00e8rement d\u00e9mat\u00e9rialis\u00e9.<\/p>\n\n","protected":false},"excerpt":{"rendered":"<p>Produits &#038; services r\u00e9seaux Calling services Colt dispose d&#8217;un large portefeuille de lignes et de syst\u00e8mes t\u00e9l\u00e9phoniques professionnels avec une large couverture internationale d\u00e9sormais \u00e9tendue \u00e0 29 pays d&#8217;Europe, d&#8217;Asie, d&#8217;Australie et d&#8217;Am\u00e9rique du Nord. Business phone numbers Des num\u00e9ros d&#8217;acc\u00e8s simplifi\u00e9s \u00e0 un niveau international. Les num\u00e9ros d&#8217;acc\u00e8s rendent votre entreprise plus accessible sur&#8230;<\/p>\n","protected":false},"author":2,"featured_media":0,"parent":0,"menu_order":0,"comment_status":"closed","ping_status":"closed","template":"","meta":{"_acf_changed":false,"footnotes":""},"colt_type":[],"colt_products":[],"class_list":["post-108540","page","type-page","status-publish","hentry"],"acf":[],"yoast_head":"<!-- This site is optimized with the Yoast SEO plugin v26.8 - https:\/\/yoast.com\/product\/yoast-seo-wordpress\/ -->\n<title>Communications Services - Colt Technology Services<\/title>\n<meta name=\"description\" content=\"Communications Services Colt Technology Services\" \/>\n<meta name=\"robots\" content=\"noindex, follow, max-snippet:-1, max-image-preview:large, max-video-preview:-1\" \/>\n<meta property=\"og:locale\" content=\"fr_FR\" \/>\n<meta property=\"og:type\" content=\"article\" \/>\n<meta property=\"og:title\" content=\"Communications Services - Colt Technology Services\" \/>\n<meta property=\"og:description\" content=\"Communications Services Colt Technology Services\" \/>\n<meta property=\"og:url\" content=\"https:\/\/legacy.colt.net\/fr\/communications-services\/\" \/>\n<meta property=\"og:site_name\" content=\"Colt Technology Services\" \/>\n<meta property=\"article:publisher\" content=\"https:\/\/www.facebook.com\/ColtTechnologyServices\/\" \/>\n<meta property=\"article:modified_time\" content=\"2022-03-04T16:40:08+00:00\" \/>\n<meta property=\"og:image\" content=\"https:\/\/legacy.colt.net\/wp-content\/uploads\/2021\/01\/Brand-2021-Stock-11-1.jpg\" \/>\n\t<meta property=\"og:image:width\" content=\"1000\" \/>\n\t<meta property=\"og:image:height\" content=\"667\" \/>\n\t<meta property=\"og:image:type\" content=\"image\/jpeg\" \/>\n<meta name=\"twitter:card\" content=\"summary_large_image\" \/>\n<meta name=\"twitter:site\" content=\"@colt_technology\" \/>\n<meta name=\"twitter:label1\" content=\"Est. reading time\" \/>\n\t<meta name=\"twitter:data1\" content=\"2 minutes\" \/>\n<script type=\"application\/ld+json\" class=\"yoast-schema-graph\">{\"@context\":\"https:\/\/schema.org\",\"@graph\":[{\"@type\":\"WebPage\",\"@id\":\"https:\/\/legacy.colt.net\/fr\/communications-services\/\",\"url\":\"https:\/\/legacy.colt.net\/fr\/communications-services\/\",\"name\":\"Communications Services - Colt Technology Services\",\"isPartOf\":{\"@id\":\"https:\/\/legacy.colt.net\/#website\"},\"primaryImageOfPage\":{\"@id\":\"https:\/\/legacy.colt.net\/fr\/communications-services\/#primaryimage\"},\"image\":{\"@id\":\"https:\/\/legacy.colt.net\/fr\/communications-services\/#primaryimage\"},\"thumbnailUrl\":\"https:\/\/legacy.colt.net\/wp-content\/uploads\/2021\/01\/Business-Phone-Numbers-1.png\",\"datePublished\":\"2022-01-18T10:44:03+00:00\",\"dateModified\":\"2022-03-04T16:40:08+00:00\",\"description\":\"Communications Services Colt Technology Services\",\"breadcrumb\":{\"@id\":\"https:\/\/legacy.colt.net\/fr\/communications-services\/#breadcrumb\"},\"inLanguage\":\"fr-FR\",\"potentialAction\":[{\"@type\":\"ReadAction\",\"target\":[\"https:\/\/legacy.colt.net\/fr\/communications-services\/\"]}]},{\"@type\":\"ImageObject\",\"inLanguage\":\"fr-FR\",\"@id\":\"https:\/\/legacy.colt.net\/fr\/communications-services\/#primaryimage\",\"url\":\"https:\/\/legacy.colt.net\/wp-content\/uploads\/2021\/01\/Business-Phone-Numbers-1.png\",\"contentUrl\":\"https:\/\/legacy.colt.net\/wp-content\/uploads\/2021\/01\/Business-Phone-Numbers-1.png\"},{\"@type\":\"BreadcrumbList\",\"@id\":\"https:\/\/legacy.colt.net\/fr\/communications-services\/#breadcrumb\",\"itemListElement\":[{\"@type\":\"ListItem\",\"position\":1,\"name\":\"Home\",\"item\":\"https:\/\/legacy.colt.net\/fr\/\"},{\"@type\":\"ListItem\",\"position\":2,\"name\":\"Communications Services\"}]},{\"@type\":\"WebSite\",\"@id\":\"https:\/\/legacy.colt.net\/#website\",\"url\":\"https:\/\/legacy.colt.net\/\",\"name\":\"Colt\u30c6\u30af\u30ce\u30ed\u30b8\u30fc\u30b5\u30fc\u30d3\u30b9\u682a\u5f0f\u4f1a\u793e\",\"description\":\"Managed Network &amp; Voice Services Provider\",\"publisher\":{\"@id\":\"https:\/\/legacy.colt.net\/#organization\"},\"potentialAction\":[{\"@type\":\"SearchAction\",\"target\":{\"@type\":\"EntryPoint\",\"urlTemplate\":\"https:\/\/legacy.colt.net\/?s={search_term_string}\"},\"query-input\":{\"@type\":\"PropertyValueSpecification\",\"valueRequired\":true,\"valueName\":\"search_term_string\"}}],\"inLanguage\":\"fr-FR\"},{\"@type\":\"Organization\",\"@id\":\"https:\/\/legacy.colt.net\/#organization\",\"name\":\"Colt Technology Services\",\"url\":\"https:\/\/legacy.colt.net\/\",\"logo\":{\"@type\":\"ImageObject\",\"inLanguage\":\"fr-FR\",\"@id\":\"https:\/\/legacy.colt.net\/#\/schema\/logo\/image\/\",\"url\":\"https:\/\/legacy.colt.net\/wp-content\/uploads\/2019\/02\/Colt-Logo.png\",\"contentUrl\":\"https:\/\/legacy.colt.net\/wp-content\/uploads\/2019\/02\/Colt-Logo.png\",\"width\":195,\"height\":77,\"caption\":\"Colt Technology Services\"},\"image\":{\"@id\":\"https:\/\/legacy.colt.net\/#\/schema\/logo\/image\/\"},\"sameAs\":[\"https:\/\/www.facebook.com\/ColtTechnologyServices\/\",\"https:\/\/x.com\/colt_technology\",\"https:\/\/www.instagram.com\/colttechnologyservices\/\",\"https:\/\/www.linkedin.com\/company\/colt-technology-services\",\"https:\/\/www.youtube.com\/user\/ColtTechnology\"]}]}<\/script>\n<!-- \/ Yoast SEO plugin. -->","yoast_head_json":{"title":"Communications Services - Colt Technology Services","description":"Communications Services Colt Technology Services","robots":{"index":"noindex","follow":"follow","max-snippet":"max-snippet:-1","max-image-preview":"max-image-preview:large","max-video-preview":"max-video-preview:-1"},"og_locale":"fr_FR","og_type":"article","og_title":"Communications Services - Colt Technology Services","og_description":"Communications Services Colt Technology Services","og_url":"https:\/\/legacy.colt.net\/fr\/communications-services\/","og_site_name":"Colt Technology Services","article_publisher":"https:\/\/www.facebook.com\/ColtTechnologyServices\/","article_modified_time":"2022-03-04T16:40:08+00:00","og_image":[{"width":1000,"height":667,"url":"https:\/\/legacy.colt.net\/wp-content\/uploads\/2021\/01\/Brand-2021-Stock-11-1.jpg","type":"image\/jpeg"}],"twitter_card":"summary_large_image","twitter_site":"@colt_technology","twitter_misc":{"Est. reading time":"2 minutes"},"schema":{"@context":"https:\/\/schema.org","@graph":[{"@type":"WebPage","@id":"https:\/\/legacy.colt.net\/fr\/communications-services\/","url":"https:\/\/legacy.colt.net\/fr\/communications-services\/","name":"Communications Services - Colt Technology Services","isPartOf":{"@id":"https:\/\/legacy.colt.net\/#website"},"primaryImageOfPage":{"@id":"https:\/\/legacy.colt.net\/fr\/communications-services\/#primaryimage"},"image":{"@id":"https:\/\/legacy.colt.net\/fr\/communications-services\/#primaryimage"},"thumbnailUrl":"https:\/\/legacy.colt.net\/wp-content\/uploads\/2021\/01\/Business-Phone-Numbers-1.png","datePublished":"2022-01-18T10:44:03+00:00","dateModified":"2022-03-04T16:40:08+00:00","description":"Communications Services Colt Technology Services","breadcrumb":{"@id":"https:\/\/legacy.colt.net\/fr\/communications-services\/#breadcrumb"},"inLanguage":"fr-FR","potentialAction":[{"@type":"ReadAction","target":["https:\/\/legacy.colt.net\/fr\/communications-services\/"]}]},{"@type":"ImageObject","inLanguage":"fr-FR","@id":"https:\/\/legacy.colt.net\/fr\/communications-services\/#primaryimage","url":"https:\/\/legacy.colt.net\/wp-content\/uploads\/2021\/01\/Business-Phone-Numbers-1.png","contentUrl":"https:\/\/legacy.colt.net\/wp-content\/uploads\/2021\/01\/Business-Phone-Numbers-1.png"},{"@type":"BreadcrumbList","@id":"https:\/\/legacy.colt.net\/fr\/communications-services\/#breadcrumb","itemListElement":[{"@type":"ListItem","position":1,"name":"Home","item":"https:\/\/legacy.colt.net\/fr\/"},{"@type":"ListItem","position":2,"name":"Communications Services"}]},{"@type":"WebSite","@id":"https:\/\/legacy.colt.net\/#website","url":"https:\/\/legacy.colt.net\/","name":"Colt\u30c6\u30af\u30ce\u30ed\u30b8\u30fc\u30b5\u30fc\u30d3\u30b9\u682a\u5f0f\u4f1a\u793e","description":"Managed Network &amp; Voice Services Provider","publisher":{"@id":"https:\/\/legacy.colt.net\/#organization"},"potentialAction":[{"@type":"SearchAction","target":{"@type":"EntryPoint","urlTemplate":"https:\/\/legacy.colt.net\/?s={search_term_string}"},"query-input":{"@type":"PropertyValueSpecification","valueRequired":true,"valueName":"search_term_string"}}],"inLanguage":"fr-FR"},{"@type":"Organization","@id":"https:\/\/legacy.colt.net\/#organization","name":"Colt Technology Services","url":"https:\/\/legacy.colt.net\/","logo":{"@type":"ImageObject","inLanguage":"fr-FR","@id":"https:\/\/legacy.colt.net\/#\/schema\/logo\/image\/","url":"https:\/\/legacy.colt.net\/wp-content\/uploads\/2019\/02\/Colt-Logo.png","contentUrl":"https:\/\/legacy.colt.net\/wp-content\/uploads\/2019\/02\/Colt-Logo.png","width":195,"height":77,"caption":"Colt Technology Services"},"image":{"@id":"https:\/\/legacy.colt.net\/#\/schema\/logo\/image\/"},"sameAs":["https:\/\/www.facebook.com\/ColtTechnologyServices\/","https:\/\/x.com\/colt_technology","https:\/\/www.instagram.com\/colttechnologyservices\/","https:\/\/www.linkedin.com\/company\/colt-technology-services","https:\/\/www.youtube.com\/user\/ColtTechnology"]}]}},"_links":{"self":[{"href":"https:\/\/legacy.colt.net\/fr\/wp-json\/wp\/v2\/pages\/108540","targetHints":{"allow":["GET"]}}],"collection":[{"href":"https:\/\/legacy.colt.net\/fr\/wp-json\/wp\/v2\/pages"}],"about":[{"href":"https:\/\/legacy.colt.net\/fr\/wp-json\/wp\/v2\/types\/page"}],"author":[{"embeddable":true,"href":"https:\/\/legacy.colt.net\/fr\/wp-json\/wp\/v2\/users\/2"}],"replies":[{"embeddable":true,"href":"https:\/\/legacy.colt.net\/fr\/wp-json\/wp\/v2\/comments?post=108540"}],"version-history":[{"count":0,"href":"https:\/\/legacy.colt.net\/fr\/wp-json\/wp\/v2\/pages\/108540\/revisions"}],"wp:attachment":[{"href":"https:\/\/legacy.colt.net\/fr\/wp-json\/wp\/v2\/media?parent=108540"}],"wp:term":[{"taxonomy":"colt_type","embeddable":true,"href":"https:\/\/legacy.colt.net\/fr\/wp-json\/wp\/v2\/colt_type?post=108540"},{"taxonomy":"colt_products","embeddable":true,"href":"https:\/\/legacy.colt.net\/fr\/wp-json\/wp\/v2\/colt_products?post=108540"}],"curies":[{"name":"wp","href":"https:\/\/api.w.org\/{rel}","templated":true}]}}