{"id":108503,"date":"2022-01-17T18:55:17","date_gmt":"2022-01-17T18:55:17","guid":{"rendered":"https:\/\/www.colt.net\/?page_id=108503"},"modified":"2022-03-02T13:52:26","modified_gmt":"2022-03-02T13:52:26","slug":"networking-services","status":"publish","type":"page","link":"https:\/\/legacy.colt.net\/fr\/networking-services\/","title":{"rendered":"Networking Services"},"content":{"rendered":"\r\n<h1>\u00a0<\/h1>\r\n<h2>Produits + Services r\u00e9seaux<\/h2>\r\n<nav class=\"breadcrumb\"><span><span><a href=\"https:\/\/legacy.colt.net\/fr\/\">Home<\/a><\/span><\/span><\/nav>\r\n<h2>Nos solutions IP<\/h2>\r\n<p>Le service Colt Internet Access permet aux clients de connecter leurs sites professionnels de toutes dimensions \u00e0 Internet en b\u00e9n\u00e9ficiant d&#8217;un d\u00e9bit garanti.<\/p>\r\n<p><img decoding=\"async\" title=\"IP Access\" src=\"https:\/\/legacy.colt.net\/wp-content\/uploads\/2021\/01\/IP-Access.png\" alt=\"IP Access\" \/><\/p>\r\n<h3>IP Access<\/h3>\r\n<p>Une entreprise performante a besoin d&#8217;un acc\u00e8s Internet performant, partout dans le monde o\u00f9 elle exerce ses activit\u00e9s.<\/p>\r\n<p><img decoding=\"async\" title=\"SD WAN\" src=\"https:\/\/legacy.colt.net\/wp-content\/uploads\/2021\/01\/SD-WAN.png\" alt=\"SD WAN\" \/><\/p>\r\n<h3>SD WAN<\/h3>\r\n<p>Colt s&#8217;appuie sur une plateforme SD-WAN intelligente pour faire le tri entre les donn\u00e9es qui transitent par Internet et celles qui circulent dans des r\u00e9seaux priv\u00e9s.<\/p>\r\n<p><img decoding=\"async\" title=\"IP Guardian\" src=\"https:\/\/legacy.colt.net\/wp-content\/uploads\/2021\/01\/IP-Guardian.png\" alt=\"IP Guardian\" \/><\/p>\r\n<h3>IP VPN<\/h3>\r\n<p>Le VPN professionnel de Colt vous \u00e9pargne de trancher en vous permettant d&#8217;op\u00e9rer sur un r\u00e9seau priv\u00e9 s\u00e9curis\u00e9 tout en b\u00e9n\u00e9ficiant des \u00e9conomies engendr\u00e9es par un r\u00e9seau mondial mutualis\u00e9.<\/p>\r\n<h2>Nos solutions Ethernet<\/h2>\r\n<p>Colt dispose d&#8217;une solide r\u00e9putation dans l&#8217;ensemble de l&#8217;industrie pour sa pr\u00e9sence mondiale, l&#8217;attention accord\u00e9e \u00e0 ses clients, son excellence technique et ses services \u00e0 la pointe de l&#8217;innovation. R\u00e9compens\u00e9 \u00e0 de nombreuses reprises, notre portefeuille se compose de plusieurs solutions de connectivit\u00e9 Ethernet de haute qualit\u00e9, s\u00e9curis\u00e9es et disponibles au meilleur co\u00fbt.<\/p>\r\n<p><img decoding=\"async\" title=\"Ethernet\" src=\"https:\/\/legacy.colt.net\/wp-content\/uploads\/2021\/01\/Ethernet.png\" alt=\"Ethernet\" \/><\/p>\r\n<h3>Ethernet line<\/h3>\r\n<p>Une connexion Ethernet \u00e9conomique, s\u00e9curis\u00e9e et facile \u00e0 g\u00e9rer entre deux sites.<\/p>\r\n<p><img decoding=\"async\" title=\"IP Access\" src=\"https:\/\/legacy.colt.net\/wp-content\/uploads\/2021\/01\/IP-Access.png\" alt=\"IP Access\" \/><\/p>\r\n<h3>Ethernet Hub + Spoke<\/h3>\r\n<p>Une solution \u00e9conomique et facile \u00e0 g\u00e9rer pour connecter des sites multiples au si\u00e8ge de l&#8217;entreprise, \u00e0 un data centre ou au point d&#8217;acc\u00e8s (PoP) d&#8217;un op\u00e9rateur (service point \u00e0 multipoint)<\/p>\r\n<p><img decoding=\"async\" title=\"VPN\" src=\"https:\/\/legacy.colt.net\/wp-content\/uploads\/2021\/01\/VPN.png\" alt=\"VPN\" \/><\/p>\r\n<h3>Ethernet VPN<\/h3>\r\n<p>Colt Ethernet VPN (Virtual Private Network) constitue une solution id\u00e9ale pour interconnecter des sites d&#8217;entreprise qui doivent communiquer entre eux r\u00e9guli\u00e8rement et de mani\u00e8re transparente.<\/p>\r\n<p><img decoding=\"async\" title=\"IP Guardian\" src=\"https:\/\/legacy.colt.net\/wp-content\/uploads\/2021\/01\/IP-Guardian.png\" alt=\"IP Guardian\" \/><\/p>\r\n<h3>Private ethernet<\/h3>\r\n<p>Le service Private Ethernet est fourni sur une liaison fibre optique et un \u00e9quipement r\u00e9serv\u00e9s \u00e0 un seul client, ce qui garantit un niveau maximal de s\u00e9curit\u00e9.<\/p>\r\n<h2>Solutions fibre optique<\/h2>\r\n<p>Nos services optiques, incluant l&#8217;interconnexion de data centres ou encore des services de connectivit\u00e9 haut d\u00e9bit, fournissent les plus hauts niveaux de performance r\u00e9seau exig\u00e9s par les entreprises.<\/p>\r\n<p><img decoding=\"async\" title=\"Wave\" src=\"https:\/\/legacy.colt.net\/wp-content\/uploads\/2021\/01\/Wave.png\" alt=\"Wave\" \/><\/p>\r\n<h3>Wave<\/h3>\r\n<p>Les services Wave permettent de d\u00e9ployer avec rapidit\u00e9 et facilit\u00e9 des connexions r\u00e9seau \u00e0 tr\u00e8s haut d\u00e9bit sur le r\u00e9seau Colt IQ.<\/p>\r\n<p><img decoding=\"async\" title=\"Private Wave\" src=\"https:\/\/legacy.colt.net\/wp-content\/uploads\/2021\/01\/Private-Wave.png\" alt=\"Private Wave\" \/><\/p>\r\n<h3>Private wave<\/h3>\r\n<p>Colt Private Wave offre un r\u00e9seau optique priv\u00e9, s\u00e9curis\u00e9, flexible et performant, reposant sur un \u00e9quipement WDM et une infrastructure fibre d\u00e9di\u00e9s pour chaque client.<\/p>\r\n<p><img decoding=\"async\" title=\"Spectrum\" src=\"https:\/\/legacy.colt.net\/wp-content\/uploads\/2021\/01\/Spectrum.png\" alt=\"Spectrum\" \/><\/p>\r\n<h3>Spectrum<\/h3>\r\n<p>Permettant de fournir un service ultra-haut d\u00e9bit, l&#8217;offre Colt Spectrum vous permet \u00e9galement d&#8217;utiliser vos propres \u00e9quipements DWDM tout en b\u00e9n\u00e9ficiant de toute la connectivit\u00e9 et de la large implantation du r\u00e9seau Colt.<\/p>\r\n<p><img decoding=\"async\" title=\"Dark Fibre\" src=\"https:\/\/legacy.colt.net\/wp-content\/uploads\/2021\/01\/Dark-Fibre.png\" alt=\"Dark Fibre\" \/><\/p>\r\n<h3>Fibre noire<\/h3>\r\n<p>Le r\u00e9seau de fibre noire de Colt est le plus vaste et le plus fiable en Europe.<\/p>\r\n","protected":false},"excerpt":{"rendered":"<p>\u00a0 Produits + Services r\u00e9seaux Nos solutions IP Le service Colt Internet Access permet aux clients de connecter leurs sites professionnels de toutes dimensions \u00e0 Internet en b\u00e9n\u00e9ficiant d&#8217;un d\u00e9bit garanti. IP Access Une entreprise performante a besoin d&#8217;un acc\u00e8s Internet performant, partout dans le monde o\u00f9 elle exerce ses activit\u00e9s. SD WAN Colt s&#8217;appuie&#8230;<\/p>\n","protected":false},"author":2,"featured_media":0,"parent":0,"menu_order":0,"comment_status":"closed","ping_status":"closed","template":"","meta":{"_acf_changed":false,"footnotes":""},"colt_type":[],"colt_products":[],"class_list":["post-108503","page","type-page","status-publish","hentry"],"acf":[],"yoast_head":"<!-- This site is optimized with the Yoast SEO plugin v26.8 - https:\/\/yoast.com\/product\/yoast-seo-wordpress\/ -->\n<title>Networking Services - Colt Technology Services<\/title>\n<meta name=\"description\" content=\"Networking Services Colt Technology Services\" \/>\n<meta name=\"robots\" content=\"noindex, follow, max-snippet:-1, max-image-preview:large, max-video-preview:-1\" \/>\n<meta property=\"og:locale\" content=\"fr_FR\" \/>\n<meta property=\"og:type\" content=\"article\" \/>\n<meta property=\"og:title\" content=\"Networking Services - Colt Technology Services\" \/>\n<meta property=\"og:description\" content=\"Networking Services Colt Technology Services\" \/>\n<meta property=\"og:url\" content=\"https:\/\/legacy.colt.net\/fr\/networking-services\/\" \/>\n<meta property=\"og:site_name\" content=\"Colt Technology Services\" \/>\n<meta property=\"article:publisher\" content=\"https:\/\/www.facebook.com\/ColtTechnologyServices\/\" \/>\n<meta property=\"article:modified_time\" content=\"2022-03-02T13:52:26+00:00\" \/>\n<meta property=\"og:image\" content=\"https:\/\/legacy.colt.net\/wp-content\/uploads\/2021\/01\/IP-Access.png\" \/>\n<meta name=\"twitter:card\" content=\"summary_large_image\" \/>\n<meta name=\"twitter:site\" content=\"@colt_technology\" \/>\n<meta name=\"twitter:label1\" content=\"Est. reading time\" \/>\n\t<meta name=\"twitter:data1\" content=\"2 minutes\" \/>\n<script type=\"application\/ld+json\" class=\"yoast-schema-graph\">{\"@context\":\"https:\/\/schema.org\",\"@graph\":[{\"@type\":\"WebPage\",\"@id\":\"https:\/\/legacy.colt.net\/fr\/networking-services\/\",\"url\":\"https:\/\/legacy.colt.net\/fr\/networking-services\/\",\"name\":\"Networking Services - Colt Technology Services\",\"isPartOf\":{\"@id\":\"https:\/\/legacy.colt.net\/#website\"},\"primaryImageOfPage\":{\"@id\":\"https:\/\/legacy.colt.net\/fr\/networking-services\/#primaryimage\"},\"image\":{\"@id\":\"https:\/\/legacy.colt.net\/fr\/networking-services\/#primaryimage\"},\"thumbnailUrl\":\"https:\/\/legacy.colt.net\/wp-content\/uploads\/2021\/01\/IP-Access.png\",\"datePublished\":\"2022-01-17T18:55:17+00:00\",\"dateModified\":\"2022-03-02T13:52:26+00:00\",\"description\":\"Networking Services Colt Technology Services\",\"breadcrumb\":{\"@id\":\"https:\/\/legacy.colt.net\/fr\/networking-services\/#breadcrumb\"},\"inLanguage\":\"fr-FR\",\"potentialAction\":[{\"@type\":\"ReadAction\",\"target\":[\"https:\/\/legacy.colt.net\/fr\/networking-services\/\"]}]},{\"@type\":\"ImageObject\",\"inLanguage\":\"fr-FR\",\"@id\":\"https:\/\/legacy.colt.net\/fr\/networking-services\/#primaryimage\",\"url\":\"https:\/\/legacy.colt.net\/wp-content\/uploads\/2021\/01\/IP-Access.png\",\"contentUrl\":\"https:\/\/legacy.colt.net\/wp-content\/uploads\/2021\/01\/IP-Access.png\"},{\"@type\":\"BreadcrumbList\",\"@id\":\"https:\/\/legacy.colt.net\/fr\/networking-services\/#breadcrumb\",\"itemListElement\":[{\"@type\":\"ListItem\",\"position\":1,\"name\":\"Home\",\"item\":\"https:\/\/legacy.colt.net\/fr\/\"},{\"@type\":\"ListItem\",\"position\":2,\"name\":\"Networking Services\"}]},{\"@type\":\"WebSite\",\"@id\":\"https:\/\/legacy.colt.net\/#website\",\"url\":\"https:\/\/legacy.colt.net\/\",\"name\":\"Colt\u30c6\u30af\u30ce\u30ed\u30b8\u30fc\u30b5\u30fc\u30d3\u30b9\u682a\u5f0f\u4f1a\u793e\",\"description\":\"Managed Network &amp; Voice Services Provider\",\"publisher\":{\"@id\":\"https:\/\/legacy.colt.net\/#organization\"},\"potentialAction\":[{\"@type\":\"SearchAction\",\"target\":{\"@type\":\"EntryPoint\",\"urlTemplate\":\"https:\/\/legacy.colt.net\/?s={search_term_string}\"},\"query-input\":{\"@type\":\"PropertyValueSpecification\",\"valueRequired\":true,\"valueName\":\"search_term_string\"}}],\"inLanguage\":\"fr-FR\"},{\"@type\":\"Organization\",\"@id\":\"https:\/\/legacy.colt.net\/#organization\",\"name\":\"Colt Technology Services\",\"url\":\"https:\/\/legacy.colt.net\/\",\"logo\":{\"@type\":\"ImageObject\",\"inLanguage\":\"fr-FR\",\"@id\":\"https:\/\/legacy.colt.net\/#\/schema\/logo\/image\/\",\"url\":\"https:\/\/legacy.colt.net\/wp-content\/uploads\/2019\/02\/Colt-Logo.png\",\"contentUrl\":\"https:\/\/legacy.colt.net\/wp-content\/uploads\/2019\/02\/Colt-Logo.png\",\"width\":195,\"height\":77,\"caption\":\"Colt Technology Services\"},\"image\":{\"@id\":\"https:\/\/legacy.colt.net\/#\/schema\/logo\/image\/\"},\"sameAs\":[\"https:\/\/www.facebook.com\/ColtTechnologyServices\/\",\"https:\/\/x.com\/colt_technology\",\"https:\/\/www.instagram.com\/colttechnologyservices\/\",\"https:\/\/www.linkedin.com\/company\/colt-technology-services\",\"https:\/\/www.youtube.com\/user\/ColtTechnology\"]}]}<\/script>\n<!-- \/ Yoast SEO plugin. -->","yoast_head_json":{"title":"Networking Services - Colt Technology Services","description":"Networking Services Colt Technology Services","robots":{"index":"noindex","follow":"follow","max-snippet":"max-snippet:-1","max-image-preview":"max-image-preview:large","max-video-preview":"max-video-preview:-1"},"og_locale":"fr_FR","og_type":"article","og_title":"Networking Services - Colt Technology Services","og_description":"Networking Services Colt Technology Services","og_url":"https:\/\/legacy.colt.net\/fr\/networking-services\/","og_site_name":"Colt Technology Services","article_publisher":"https:\/\/www.facebook.com\/ColtTechnologyServices\/","article_modified_time":"2022-03-02T13:52:26+00:00","og_image":[{"url":"https:\/\/legacy.colt.net\/wp-content\/uploads\/2021\/01\/IP-Access.png","type":"","width":"","height":""}],"twitter_card":"summary_large_image","twitter_site":"@colt_technology","twitter_misc":{"Est. reading time":"2 minutes"},"schema":{"@context":"https:\/\/schema.org","@graph":[{"@type":"WebPage","@id":"https:\/\/legacy.colt.net\/fr\/networking-services\/","url":"https:\/\/legacy.colt.net\/fr\/networking-services\/","name":"Networking Services - Colt Technology Services","isPartOf":{"@id":"https:\/\/legacy.colt.net\/#website"},"primaryImageOfPage":{"@id":"https:\/\/legacy.colt.net\/fr\/networking-services\/#primaryimage"},"image":{"@id":"https:\/\/legacy.colt.net\/fr\/networking-services\/#primaryimage"},"thumbnailUrl":"https:\/\/legacy.colt.net\/wp-content\/uploads\/2021\/01\/IP-Access.png","datePublished":"2022-01-17T18:55:17+00:00","dateModified":"2022-03-02T13:52:26+00:00","description":"Networking Services Colt Technology Services","breadcrumb":{"@id":"https:\/\/legacy.colt.net\/fr\/networking-services\/#breadcrumb"},"inLanguage":"fr-FR","potentialAction":[{"@type":"ReadAction","target":["https:\/\/legacy.colt.net\/fr\/networking-services\/"]}]},{"@type":"ImageObject","inLanguage":"fr-FR","@id":"https:\/\/legacy.colt.net\/fr\/networking-services\/#primaryimage","url":"https:\/\/legacy.colt.net\/wp-content\/uploads\/2021\/01\/IP-Access.png","contentUrl":"https:\/\/legacy.colt.net\/wp-content\/uploads\/2021\/01\/IP-Access.png"},{"@type":"BreadcrumbList","@id":"https:\/\/legacy.colt.net\/fr\/networking-services\/#breadcrumb","itemListElement":[{"@type":"ListItem","position":1,"name":"Home","item":"https:\/\/legacy.colt.net\/fr\/"},{"@type":"ListItem","position":2,"name":"Networking Services"}]},{"@type":"WebSite","@id":"https:\/\/legacy.colt.net\/#website","url":"https:\/\/legacy.colt.net\/","name":"Colt\u30c6\u30af\u30ce\u30ed\u30b8\u30fc\u30b5\u30fc\u30d3\u30b9\u682a\u5f0f\u4f1a\u793e","description":"Managed Network &amp; Voice Services Provider","publisher":{"@id":"https:\/\/legacy.colt.net\/#organization"},"potentialAction":[{"@type":"SearchAction","target":{"@type":"EntryPoint","urlTemplate":"https:\/\/legacy.colt.net\/?s={search_term_string}"},"query-input":{"@type":"PropertyValueSpecification","valueRequired":true,"valueName":"search_term_string"}}],"inLanguage":"fr-FR"},{"@type":"Organization","@id":"https:\/\/legacy.colt.net\/#organization","name":"Colt Technology Services","url":"https:\/\/legacy.colt.net\/","logo":{"@type":"ImageObject","inLanguage":"fr-FR","@id":"https:\/\/legacy.colt.net\/#\/schema\/logo\/image\/","url":"https:\/\/legacy.colt.net\/wp-content\/uploads\/2019\/02\/Colt-Logo.png","contentUrl":"https:\/\/legacy.colt.net\/wp-content\/uploads\/2019\/02\/Colt-Logo.png","width":195,"height":77,"caption":"Colt Technology Services"},"image":{"@id":"https:\/\/legacy.colt.net\/#\/schema\/logo\/image\/"},"sameAs":["https:\/\/www.facebook.com\/ColtTechnologyServices\/","https:\/\/x.com\/colt_technology","https:\/\/www.instagram.com\/colttechnologyservices\/","https:\/\/www.linkedin.com\/company\/colt-technology-services","https:\/\/www.youtube.com\/user\/ColtTechnology"]}]}},"_links":{"self":[{"href":"https:\/\/legacy.colt.net\/fr\/wp-json\/wp\/v2\/pages\/108503","targetHints":{"allow":["GET"]}}],"collection":[{"href":"https:\/\/legacy.colt.net\/fr\/wp-json\/wp\/v2\/pages"}],"about":[{"href":"https:\/\/legacy.colt.net\/fr\/wp-json\/wp\/v2\/types\/page"}],"author":[{"embeddable":true,"href":"https:\/\/legacy.colt.net\/fr\/wp-json\/wp\/v2\/users\/2"}],"replies":[{"embeddable":true,"href":"https:\/\/legacy.colt.net\/fr\/wp-json\/wp\/v2\/comments?post=108503"}],"version-history":[{"count":0,"href":"https:\/\/legacy.colt.net\/fr\/wp-json\/wp\/v2\/pages\/108503\/revisions"}],"wp:attachment":[{"href":"https:\/\/legacy.colt.net\/fr\/wp-json\/wp\/v2\/media?parent=108503"}],"wp:term":[{"taxonomy":"colt_type","embeddable":true,"href":"https:\/\/legacy.colt.net\/fr\/wp-json\/wp\/v2\/colt_type?post=108503"},{"taxonomy":"colt_products","embeddable":true,"href":"https:\/\/legacy.colt.net\/fr\/wp-json\/wp\/v2\/colt_products?post=108503"}],"curies":[{"name":"wp","href":"https:\/\/api.w.org\/{rel}","templated":true}]}}