{"id":103726,"date":"2021-10-22T12:52:46","date_gmt":"2021-10-22T11:52:46","guid":{"rendered":"https:\/\/www.colt.net\/?page_id=103726"},"modified":"2024-08-15T14:50:03","modified_gmt":"2024-08-15T13:50:03","slug":"agent","status":"publish","type":"page","link":"https:\/\/legacy.colt.net\/fr\/why-colt\/partners\/agent\/","title":{"rendered":"Devenez un agent Colt"},"content":{"rendered":"\n\n\t<nav class=\"breadcrumb\"><span><span><a href=\"https:\/\/legacy.colt.net\/fr\/\">Home<\/a><\/span><\/span><\/nav>\n<h1>\n\t\tDevenir un agent Colt\n\t<\/h1>\n<h3>\n\t\tChez Colt, la qualit\u00e9 d&#8217;un partenariat nous tient \u00e0 coeur. Nous sommes \u00e0 la recherche de nouveaux collaborateurs dans le but qu&#8217;ils rejoignent la communaut\u00e9 des Agents Colt. Rejoignez nous afin que nous unissions nos talents pour faire \u00e9voluer notre monde, gr\u00e2ce \u00e0 la puissance des solutions de connectivit\u00e9.\n\t<\/h3>\n\t\t\t\t<img loading=\"lazy\" decoding=\"async\" src=\"https:\/\/legacy.colt.net\/wp-content\/uploads\/2024\/02\/cic2.png\" alt=\"cic2\" itemprop=\"image\" height=\"628\" width=\"746\" title=\"cic2\" onerror=\"this.style.display='none'\"  \/>\n\t\t\t\t<img decoding=\"async\" src=\"https:\/\/legacy.colt.net\/wp-content\/plugins\/bb-plugin\/img\/pixel.png\" alt=\"\" itemprop=\"image\" onerror=\"this.style.display='none'\"  \/>\n<h2>\n\t\tWhy become a Colt Sales Agent?\n\t<\/h2>\n\t<h3>Pour assurer la satisfaction de vos clients<\/h3>\n\t<p>Nous nous d\u00e9passons pour nos clients afin d&#8217;\u00eatre l&#8217;acteur de notre secteur le plus orient\u00e9 client. Nous vous permettons de tenir vos promesses :<\/p>\n\t<h3>Pour b\u00e9n\u00e9ficier de commissions attrayantes et responsabiliser vos \u00e9quipes<\/h3>\n\t<p>Etre partenaire de Colt vous permet de vous concentrer sur la croissance de votre entreprise pendant que nous nous occupons du reste. Gr\u00e2ce \u00e0 nos outils, nous vous fournirons toujours une assistance de premier ordre de la part de nos \u00e9quipes techniques, commerciales et celles en charge du service client.<\/p>\n\t<h3>Pour pr\u00e9parez l&#8217;avenir de l&#8217;entreprise et la faire \u00e9voluer<\/h3>\n\t<p>Avoir un impact positif vis-\u00e0-vis de collegues, partenaires, clients et de notre environnement est un pilier de la strat\u00e9gie de Colt . C&#8217;est pourquoi la diversit\u00e9 et inclusion, l&#8217;innovation et le d\u00e9veloppement durable sont essentiels \u00e0 nos yeux.<\/p>\n<h2>\n\t\tDevenez un agent Colt aujourd&#8217;hui \n\t<\/h2>\n\t<p>Colt est fier d&#8217;avoir remport\u00e9 plusieurs awards prestigieux pour son exp\u00e9rience client et d&#8217;avoir \u00e9t\u00e9 reconnu comme visionnaire par le Gartner Magic Quadrant pour ses services r\u00e9seaux globaux.<\/p>\n<p>Gartner nomme Colt comme \u00e9tant une entreprise visionnaire dans le Magic Quadrant 2021 pour ses services r\u00e9seaux. Gr\u00e2ce \u00e0 une innovation significative et \u00e0 la puissance de nos collaborateurs, nous remettons en question le statu quo pour aider les entreprises \u00e0 faire face \u00e0 tout ce que l&#8217;avenir leur r\u00e9serve. Nous savons que c&#8217;est ce qui fait de nous un visionnaire.<\/p>\n<p>Colt est attentif aux besoins et attentes des clients, en l&#8217;alimentant en informations et donn\u00e9es lui permettant de prendre des d\u00e9cisions \u00e9clair\u00e9es, aussi bien sur une op\u00e9ration quotidienne que sur la strat\u00e9gie long terme.<\/p>\n\n","protected":false},"excerpt":{"rendered":"<p>Devenir un agent Colt Chez Colt, la qualit\u00e9 d&#8217;un partenariat nous tient \u00e0 coeur. Nous sommes \u00e0 la recherche de nouveaux collaborateurs dans le but qu&#8217;ils rejoignent la communaut\u00e9 des Agents Colt. Rejoignez nous afin que nous unissions nos talents pour faire \u00e9voluer notre monde, gr\u00e2ce \u00e0 la puissance des solutions de connectivit\u00e9. Why become&#8230;<\/p>\n","protected":false},"author":2,"featured_media":0,"parent":100203,"menu_order":0,"comment_status":"closed","ping_status":"closed","template":"","meta":{"_acf_changed":false,"footnotes":""},"colt_type":[],"colt_products":[],"class_list":["post-103726","page","type-page","status-publish","hentry"],"acf":[],"yoast_head":"<!-- This site is optimized with the Yoast SEO plugin v26.8 - https:\/\/yoast.com\/product\/yoast-seo-wordpress\/ -->\n<title>Devenez un agent Colt - Colt Technology Services<\/title>\n<meta name=\"description\" content=\"Devenez un agent Colt Colt Technology Services\" \/>\n<meta name=\"robots\" content=\"noindex, follow, max-snippet:-1, max-image-preview:large, max-video-preview:-1\" \/>\n<meta property=\"og:locale\" content=\"fr_FR\" \/>\n<meta property=\"og:type\" content=\"article\" \/>\n<meta property=\"og:title\" content=\"Devenez un agent Colt - Colt Technology Services\" \/>\n<meta property=\"og:description\" content=\"Devenez un agent Colt Colt Technology Services\" \/>\n<meta property=\"og:url\" content=\"https:\/\/legacy.colt.net\/fr\/why-colt\/partners\/agent\/\" \/>\n<meta property=\"og:site_name\" content=\"Colt Technology Services\" \/>\n<meta property=\"article:publisher\" content=\"https:\/\/www.facebook.com\/ColtTechnologyServices\/\" \/>\n<meta property=\"article:modified_time\" content=\"2024-08-15T13:50:03+00:00\" \/>\n<meta property=\"og:image\" content=\"https:\/\/legacy.colt.net\/wp-content\/uploads\/2021\/01\/Brand-2021-Stock-10.jpg\" \/>\n\t<meta property=\"og:image:width\" content=\"1000\" \/>\n\t<meta property=\"og:image:height\" content=\"668\" \/>\n\t<meta property=\"og:image:type\" content=\"image\/jpeg\" \/>\n<meta name=\"twitter:card\" content=\"summary_large_image\" \/>\n<meta name=\"twitter:site\" content=\"@colt_technology\" \/>\n<meta name=\"twitter:label1\" content=\"Est. reading time\" \/>\n\t<meta name=\"twitter:data1\" content=\"2 minutes\" \/>\n<script type=\"application\/ld+json\" class=\"yoast-schema-graph\">{\"@context\":\"https:\/\/schema.org\",\"@graph\":[{\"@type\":\"WebPage\",\"@id\":\"https:\/\/legacy.colt.net\/fr\/why-colt\/partners\/agent\/\",\"url\":\"https:\/\/legacy.colt.net\/fr\/why-colt\/partners\/agent\/\",\"name\":\"Devenez un agent Colt - Colt Technology Services\",\"isPartOf\":{\"@id\":\"https:\/\/legacy.colt.net\/#website\"},\"primaryImageOfPage\":{\"@id\":\"https:\/\/legacy.colt.net\/fr\/why-colt\/partners\/agent\/#primaryimage\"},\"image\":{\"@id\":\"https:\/\/legacy.colt.net\/fr\/why-colt\/partners\/agent\/#primaryimage\"},\"thumbnailUrl\":\"https:\/\/legacy.colt.net\/wp-content\/uploads\/2024\/02\/cic2.png\",\"datePublished\":\"2021-10-22T11:52:46+00:00\",\"dateModified\":\"2024-08-15T13:50:03+00:00\",\"description\":\"Devenez un agent Colt Colt Technology Services\",\"breadcrumb\":{\"@id\":\"https:\/\/legacy.colt.net\/fr\/why-colt\/partners\/agent\/#breadcrumb\"},\"inLanguage\":\"fr-FR\",\"potentialAction\":[{\"@type\":\"ReadAction\",\"target\":[\"https:\/\/legacy.colt.net\/fr\/why-colt\/partners\/agent\/\"]}]},{\"@type\":\"ImageObject\",\"inLanguage\":\"fr-FR\",\"@id\":\"https:\/\/legacy.colt.net\/fr\/why-colt\/partners\/agent\/#primaryimage\",\"url\":\"https:\/\/legacy.colt.net\/wp-content\/uploads\/2024\/02\/cic2.png\",\"contentUrl\":\"https:\/\/legacy.colt.net\/wp-content\/uploads\/2024\/02\/cic2.png\"},{\"@type\":\"BreadcrumbList\",\"@id\":\"https:\/\/legacy.colt.net\/fr\/why-colt\/partners\/agent\/#breadcrumb\",\"itemListElement\":[{\"@type\":\"ListItem\",\"position\":1,\"name\":\"Home\",\"item\":\"https:\/\/legacy.colt.net\/fr\/\"},{\"@type\":\"ListItem\",\"position\":2,\"name\":\"Pourquoi choisir Colt\u00a0?\",\"item\":\"https:\/\/legacy.colt.net\/fr\/why-colt\/\"},{\"@type\":\"ListItem\",\"position\":3,\"name\":\"Nos partenaires\",\"item\":\"https:\/\/legacy.colt.net\/fr\/why-colt\/partners\/\"},{\"@type\":\"ListItem\",\"position\":4,\"name\":\"Devenez un agent Colt\"}]},{\"@type\":\"WebSite\",\"@id\":\"https:\/\/legacy.colt.net\/#website\",\"url\":\"https:\/\/legacy.colt.net\/\",\"name\":\"Colt\u30c6\u30af\u30ce\u30ed\u30b8\u30fc\u30b5\u30fc\u30d3\u30b9\u682a\u5f0f\u4f1a\u793e\",\"description\":\"Managed Network &amp; Voice Services Provider\",\"publisher\":{\"@id\":\"https:\/\/legacy.colt.net\/#organization\"},\"potentialAction\":[{\"@type\":\"SearchAction\",\"target\":{\"@type\":\"EntryPoint\",\"urlTemplate\":\"https:\/\/legacy.colt.net\/?s={search_term_string}\"},\"query-input\":{\"@type\":\"PropertyValueSpecification\",\"valueRequired\":true,\"valueName\":\"search_term_string\"}}],\"inLanguage\":\"fr-FR\"},{\"@type\":\"Organization\",\"@id\":\"https:\/\/legacy.colt.net\/#organization\",\"name\":\"Colt Technology Services\",\"url\":\"https:\/\/legacy.colt.net\/\",\"logo\":{\"@type\":\"ImageObject\",\"inLanguage\":\"fr-FR\",\"@id\":\"https:\/\/legacy.colt.net\/#\/schema\/logo\/image\/\",\"url\":\"https:\/\/legacy.colt.net\/wp-content\/uploads\/2019\/02\/Colt-Logo.png\",\"contentUrl\":\"https:\/\/legacy.colt.net\/wp-content\/uploads\/2019\/02\/Colt-Logo.png\",\"width\":195,\"height\":77,\"caption\":\"Colt Technology Services\"},\"image\":{\"@id\":\"https:\/\/legacy.colt.net\/#\/schema\/logo\/image\/\"},\"sameAs\":[\"https:\/\/www.facebook.com\/ColtTechnologyServices\/\",\"https:\/\/x.com\/colt_technology\",\"https:\/\/www.instagram.com\/colttechnologyservices\/\",\"https:\/\/www.linkedin.com\/company\/colt-technology-services\",\"https:\/\/www.youtube.com\/user\/ColtTechnology\"]}]}<\/script>\n<!-- \/ Yoast SEO plugin. -->","yoast_head_json":{"title":"Devenez un agent Colt - Colt Technology Services","description":"Devenez un agent Colt Colt Technology Services","robots":{"index":"noindex","follow":"follow","max-snippet":"max-snippet:-1","max-image-preview":"max-image-preview:large","max-video-preview":"max-video-preview:-1"},"og_locale":"fr_FR","og_type":"article","og_title":"Devenez un agent Colt - Colt Technology Services","og_description":"Devenez un agent Colt Colt Technology Services","og_url":"https:\/\/legacy.colt.net\/fr\/why-colt\/partners\/agent\/","og_site_name":"Colt Technology Services","article_publisher":"https:\/\/www.facebook.com\/ColtTechnologyServices\/","article_modified_time":"2024-08-15T13:50:03+00:00","og_image":[{"width":1000,"height":668,"url":"https:\/\/legacy.colt.net\/wp-content\/uploads\/2021\/01\/Brand-2021-Stock-10.jpg","type":"image\/jpeg"}],"twitter_card":"summary_large_image","twitter_site":"@colt_technology","twitter_misc":{"Est. reading time":"2 minutes"},"schema":{"@context":"https:\/\/schema.org","@graph":[{"@type":"WebPage","@id":"https:\/\/legacy.colt.net\/fr\/why-colt\/partners\/agent\/","url":"https:\/\/legacy.colt.net\/fr\/why-colt\/partners\/agent\/","name":"Devenez un agent Colt - Colt Technology Services","isPartOf":{"@id":"https:\/\/legacy.colt.net\/#website"},"primaryImageOfPage":{"@id":"https:\/\/legacy.colt.net\/fr\/why-colt\/partners\/agent\/#primaryimage"},"image":{"@id":"https:\/\/legacy.colt.net\/fr\/why-colt\/partners\/agent\/#primaryimage"},"thumbnailUrl":"https:\/\/legacy.colt.net\/wp-content\/uploads\/2024\/02\/cic2.png","datePublished":"2021-10-22T11:52:46+00:00","dateModified":"2024-08-15T13:50:03+00:00","description":"Devenez un agent Colt Colt Technology Services","breadcrumb":{"@id":"https:\/\/legacy.colt.net\/fr\/why-colt\/partners\/agent\/#breadcrumb"},"inLanguage":"fr-FR","potentialAction":[{"@type":"ReadAction","target":["https:\/\/legacy.colt.net\/fr\/why-colt\/partners\/agent\/"]}]},{"@type":"ImageObject","inLanguage":"fr-FR","@id":"https:\/\/legacy.colt.net\/fr\/why-colt\/partners\/agent\/#primaryimage","url":"https:\/\/legacy.colt.net\/wp-content\/uploads\/2024\/02\/cic2.png","contentUrl":"https:\/\/legacy.colt.net\/wp-content\/uploads\/2024\/02\/cic2.png"},{"@type":"BreadcrumbList","@id":"https:\/\/legacy.colt.net\/fr\/why-colt\/partners\/agent\/#breadcrumb","itemListElement":[{"@type":"ListItem","position":1,"name":"Home","item":"https:\/\/legacy.colt.net\/fr\/"},{"@type":"ListItem","position":2,"name":"Pourquoi choisir Colt\u00a0?","item":"https:\/\/legacy.colt.net\/fr\/why-colt\/"},{"@type":"ListItem","position":3,"name":"Nos partenaires","item":"https:\/\/legacy.colt.net\/fr\/why-colt\/partners\/"},{"@type":"ListItem","position":4,"name":"Devenez un agent Colt"}]},{"@type":"WebSite","@id":"https:\/\/legacy.colt.net\/#website","url":"https:\/\/legacy.colt.net\/","name":"Colt\u30c6\u30af\u30ce\u30ed\u30b8\u30fc\u30b5\u30fc\u30d3\u30b9\u682a\u5f0f\u4f1a\u793e","description":"Managed Network &amp; Voice Services Provider","publisher":{"@id":"https:\/\/legacy.colt.net\/#organization"},"potentialAction":[{"@type":"SearchAction","target":{"@type":"EntryPoint","urlTemplate":"https:\/\/legacy.colt.net\/?s={search_term_string}"},"query-input":{"@type":"PropertyValueSpecification","valueRequired":true,"valueName":"search_term_string"}}],"inLanguage":"fr-FR"},{"@type":"Organization","@id":"https:\/\/legacy.colt.net\/#organization","name":"Colt Technology Services","url":"https:\/\/legacy.colt.net\/","logo":{"@type":"ImageObject","inLanguage":"fr-FR","@id":"https:\/\/legacy.colt.net\/#\/schema\/logo\/image\/","url":"https:\/\/legacy.colt.net\/wp-content\/uploads\/2019\/02\/Colt-Logo.png","contentUrl":"https:\/\/legacy.colt.net\/wp-content\/uploads\/2019\/02\/Colt-Logo.png","width":195,"height":77,"caption":"Colt Technology Services"},"image":{"@id":"https:\/\/legacy.colt.net\/#\/schema\/logo\/image\/"},"sameAs":["https:\/\/www.facebook.com\/ColtTechnologyServices\/","https:\/\/x.com\/colt_technology","https:\/\/www.instagram.com\/colttechnologyservices\/","https:\/\/www.linkedin.com\/company\/colt-technology-services","https:\/\/www.youtube.com\/user\/ColtTechnology"]}]}},"_links":{"self":[{"href":"https:\/\/legacy.colt.net\/fr\/wp-json\/wp\/v2\/pages\/103726","targetHints":{"allow":["GET"]}}],"collection":[{"href":"https:\/\/legacy.colt.net\/fr\/wp-json\/wp\/v2\/pages"}],"about":[{"href":"https:\/\/legacy.colt.net\/fr\/wp-json\/wp\/v2\/types\/page"}],"author":[{"embeddable":true,"href":"https:\/\/legacy.colt.net\/fr\/wp-json\/wp\/v2\/users\/2"}],"replies":[{"embeddable":true,"href":"https:\/\/legacy.colt.net\/fr\/wp-json\/wp\/v2\/comments?post=103726"}],"version-history":[{"count":0,"href":"https:\/\/legacy.colt.net\/fr\/wp-json\/wp\/v2\/pages\/103726\/revisions"}],"up":[{"embeddable":true,"href":"https:\/\/legacy.colt.net\/fr\/wp-json\/wp\/v2\/pages\/100203"}],"wp:attachment":[{"href":"https:\/\/legacy.colt.net\/fr\/wp-json\/wp\/v2\/media?parent=103726"}],"wp:term":[{"taxonomy":"colt_type","embeddable":true,"href":"https:\/\/legacy.colt.net\/fr\/wp-json\/wp\/v2\/colt_type?post=103726"},{"taxonomy":"colt_products","embeddable":true,"href":"https:\/\/legacy.colt.net\/fr\/wp-json\/wp\/v2\/colt_products?post=103726"}],"curies":[{"name":"wp","href":"https:\/\/api.w.org\/{rel}","templated":true}]}}