{"id":103176,"date":"2021-10-06T13:05:28","date_gmt":"2021-10-06T12:05:28","guid":{"rendered":"https:\/\/www.colt.net\/?page_id=103176"},"modified":"2024-02-12T14:20:34","modified_gmt":"2024-02-12T14:20:34","slug":"colt-customer-reference-programme","status":"publish","type":"page","link":"https:\/\/legacy.colt.net\/fr\/colt-customer-reference-programme\/","title":{"rendered":"Programme R\u00e9f\u00e9rences client de Colt"},"content":{"rendered":"\n\n\t<nav class=\"breadcrumb\"><span><span><a href=\"https:\/\/legacy.colt.net\/fr\/\">Home<\/a><\/span><\/span><\/nav>\n<h1>\n\t\tPartagez votre exp\u00e9rience avec Colt\u2009!\n\t<\/h1>\n\t<p><strong>Nous vous aidons \u00e0 b\u00e2tir un monde davantage respectueux de l&#8217;environnement.<\/strong><\/p>\n<p><strong>\u00c9liminez le carbone de l&#8217;atmosph\u00e8re gr\u00e2ce au programme R\u00e9f\u00e9rences client de Colt.<\/strong><\/p>\n<p>En partageant votre exp\u00e9rience avec Colt, vous recevrez une r\u00e9compense en mati\u00e8re de d\u00e9veloppement durable sous la forme d&#8217;un certificat d&#8217;\u00e9limination du carbone<\/p>\n\t<blockquote><p>&#8220;Nous sommes en permanence en contact avec nos partenaires pour que le processus d&#8217;achat de nos produits et solutions soit aussi durable que possible, tant au niveau de la production que de l&#8217;informatique. Colt affiche de sa propre initiative des objectifs ESG ambitieux et met en \u0153uvre les mesures correspondantes, ce qui aide notre entreprise dans ses efforts de d\u00e9veloppement durable&#8221;<\/p>\n<p><strong>Marcus Lapp, directeur de l&#8217;exploitation de l&#8217;infrastructure informatique d&#8217;ESPRIT Europe.<\/strong><\/p><\/blockquote>\n\t\t\t\t<img loading=\"lazy\" decoding=\"async\" src=\"https:\/\/legacy.colt.net\/wp-content\/uploads\/2023\/09\/Bio-1.png\" alt=\"Bio-1\" itemprop=\"image\" height=\"700\" width=\"700\" title=\"Bio-1\" onerror=\"this.style.display='none'\"  \/>\n<h2>\n\t\tPourquoi participer ? \n\t<\/h2>\n\t<p>Le programme R\u00e9f\u00e9rences client de Colt vous permet d&#8217;acc\u00e9l\u00e9rer vos initiatives de faveur du d\u00e9veloppement durable, de mettre en avant vos succ\u00e8s technologiques et de polir l&#8217;image de marque de votre entreprise.<\/p>\n<p><strong>Colt s&#8217;occupe de tout\u2009! Nous nous chargeons de r\u00e9diger votre histoire et de convertir les \u00e9tapes qui ont marqu\u00e9 votre parcours en autant de jalons vers un avenir plus \u00e9cologique.<\/strong><\/p>\n<p>Le processus est simple. En contrepartie d&#8217;une \u00ab\u2009r\u00e9f\u00e9rence client\u2009\u00bb, nous vous remettrons une quantit\u00e9 de charbon v\u00e9g\u00e9tal (biochar) qui r\u00e9duira l&#8217;empreinte carbone de votre entreprise, accompagn\u00e9e d&#8217;une certification officielle.<\/p>\n\t\t\t\t<img loading=\"lazy\" decoding=\"async\" src=\"https:\/\/legacy.colt.net\/wp-content\/uploads\/2023\/09\/Supercritical_offset-diagram-removal-demoimage_draft.png\" alt=\"Supercritical_offset-diagram-removal-demoimage_draft\" itemprop=\"image\" height=\"491\" width=\"701\" title=\"Supercritical_offset-diagram-removal-demoimage_draft\" onerror=\"this.style.display='none'\"  \/>\n\t\t\t\t<img loading=\"lazy\" decoding=\"async\" src=\"https:\/\/legacy.colt.net\/wp-content\/uploads\/2023\/09\/Supercrtical_VettedProject_draft_references_page.png\" alt=\"Supercrtical_VettedProject_draft_references_page\" itemprop=\"image\" height=\"174\" width=\"500\" title=\"Supercrtical_VettedProject_draft_references_page\" onerror=\"this.style.display='none'\"  \/>\n<h2>\n\t\tAVANTAGES DE CETTE COLLABORATION\n\t<\/h2>\n\t\t<nav>\n\t\t\t<ul>\n\t\t\t\t\t\t\t\t<li data-index=\"0\" tabindex=\"0\">\n\t\t\t\t\t<h4>\n\t\t\t\t\t\t<a href=\"javascript:void(0);\" tabindex=\"-1\">Optimisez votre r\u00e9putation\n\t\t\t\t\t\t\t\t\t\t\t\t<\/a>\n\t\t\t\t\t<\/h4>\n\t\t\t\t<\/li>\n\t\t\t\t\t\t\t\t<li data-index=\"1\" tabindex=\"0\">\n\t\t\t\t\t<h4>\n\t\t\t\t\t\t<a href=\"javascript:void(0);\" tabindex=\"-1\">Augmentez votre \u00e9limination de carbone\n\t\t\t\t\t\t\t\t\t\t\t\t<\/a>\n\t\t\t\t\t<\/h4>\n\t\t\t\t<\/li>\n\t\t\t\t\t\t\t<\/ul>\n\t\t<\/nav>\n\t\t\t\t\t<h4>\n\t\t\t\t\t\t\t\t\t\t\t\tOptimisez votre r\u00e9putation\n\t\t\t\t\t\t\t\t\t\t\t<\/h4>\n\t\t\t\t\t<p><img loading=\"lazy\" decoding=\"async\" src=\"https:\/\/legacy.colt.net\/wp-content\/uploads\/2023\/01\/Partner-icon-1-400x400.png\" alt=\"\" width=\"150\" height=\"150\" \/><\/p>\n<p>Partag\u00e9 dans le cadre du programme R\u00e9f\u00e9rences client de Colt, votre t\u00e9moignage ne passera pas inaper\u00e7u. Nous le diffuserons en effet sur nos r\u00e9seaux sociaux, soit plus de 240\u2009000 abonn\u00e9s, et sur notre site <a href=\"https:\/\/legacy.colt.net\/fr\">colt.net\/fr<\/a> qui recense plus de 100\u2009000 visites par mois.<\/p>\n<p>C&#8217;est un moyen id\u00e9al de pr\u00e9senter les r\u00e9alisations de votre \u00e9quipe et de mettre en lumi\u00e8re le profil de votre marque.<\/p>\n\t\t\t\t\t<h4>\n\t\t\t\t\t\t\t\t\t\t\t\tAugmentez votre \u00e9limination de carbone\n\t\t\t\t\t\t\t\t\t\t\t<\/h4>\n\t\t\t\t\t<p><img loading=\"lazy\" decoding=\"async\" src=\"https:\/\/legacy.colt.net\/wp-content\/uploads\/2023\/01\/Impact-Our-World-icon-1-400x400.png\" alt=\"\" width=\"150\" height=\"150\" \/><\/p>\n<p>En prenant part \u00e0 notre programme, vous exercez un impact positif sur la plan\u00e8te.<\/p>\n<p>Partagez votre t\u00e9moignage et recevez une r\u00e9compense unique\u2009: nous investissons dans le biochar &#8211; un charbon v\u00e9g\u00e9tal dont la principale propri\u00e9t\u00e9 est d&#8217;\u00e9liminer le carbone de fa\u00e7on permanente &#8211; et vous remettons un certificat officialisant la quantit\u00e9 de carbone que vous avez contribu\u00e9 \u00e0 \u00e9liminer d\u00e9finitivement de l&#8217;atmosph\u00e8re.<\/p>\n<p>Les certificats d&#8217;\u00e9limination du carbone (CEC) permettent d&#8217;identifier et de quantifier facilement la contribution de votre entreprise \u00e0 la r\u00e9duction des niveaux de CO<sub>2<\/sub> et \u00e0 l&#8217;am\u00e9lioration du bien-\u00eatre de la plan\u00e8te.<\/p>\n<p><strong>Compensez votre impact carbone<\/strong><\/p>\n<p>En recevant un certificat d&#8217;\u00e9limination permanente du carbone, vous att\u00e9nuez une partie de votre impact carbone et vous rapprochez de vos objectifs de d\u00e9veloppement durable.<\/p>\n<p>Le biochar est une substance semblable au charbon de bois qui est fabriqu\u00e9e \u00e0 partir de mat\u00e9riaux organiques tels que des copeaux de bois, des r\u00e9sidus de culture et autres mati\u00e8res v\u00e9g\u00e9tales. Ce charbon v\u00e9g\u00e9tal est reconnu de fa\u00e7on croissante comme un produit polyvalent qui favorise le bien-\u00eatre environnemental tout en soutenant l&#8217;agriculture.<\/p>\n\t\t\t\t\t<!-- \/content -->\n\t<!-- \/tabs -->\n\t<p><strong>Rejoignez-nous sans attendre en remplissant le <a href=\"https:\/\/legacy.colt.net\/fr\/colt-customer-reference-programme\/#inscription\">formulaire ci-dessous<\/a>.<\/strong><\/p>\n\t<iframe loading=\"lazy\" width=\"560\" height=\"315\" src=\"https:\/\/www.youtube.com\/embed\/AXbY4EmIhQM\" title=\"YouTube video player\" frameborder=\"0\" allow=\"accelerometer; autoplay; clipboard-write; encrypted-media; gyroscope; picture-in-picture; web-share\" allowfullscreen><\/iframe>\n<h2>\n\t\tLe saviez-vous ?\n\t<\/h2>\n\t<h4><strong>1 tonne d&#8217;\u00e9quivalent CO<sub>2<\/sub> correspond \u00e0\u2009:<\/strong><\/h4>\n<ul>\n<li><strong>51 repas comprenant un steak de b\u0153uf de 150 grammes<\/strong> (soit l&#8217;\u00e9quivalent de la production de 7,75 kg de steak de b\u0153uf).<\/li>\n<li><strong>1 aller simple Paris-New York en classe \u00e9conomique, soit une distance d&#8217;environ 5\u2009800\u2009km.<\/strong><\/li>\n<li><strong>La quantit\u00e9 d&#8217;\u00e9missions de CO<sub>2<\/sub> qu&#8217;un habitant de l&#8217;Union europ\u00e9enne \u00e9met en moyenne pendant une p\u00e9riode de moins de 2 mois.<\/strong><\/li>\n<\/ul>\n<h2>\n\t\tQu&#8217;est-ce que le biochar? \n\t<\/h2>\n\t<p>Planter des arbres ou utiliser des \u00e9nergies renouvelables, c&#8217;est tr\u00e8s bien, mais c&#8217;est insuffisant pour atteindre les objectifs de d\u00e9veloppement durable. Pour ce faire, les entreprises doivent utiliser des techniques d&#8217;\u00e9limination du carbone \u00e0 la fois efficaces et compl\u00e9mentaires.<\/p>\n<p>Le biochar apporte une solution suppl\u00e9mentaire en \u00e9liminant le carbone de l&#8217;atmosph\u00e8re tout en am\u00e9liorant la sant\u00e9 et la fertilit\u00e9 des sols lorsqu&#8217;il est ajout\u00e9 aux terres agricoles.<\/p>\n\t\t\t<a href=\"https:\/\/legacy.colt.net\/fr\/customer-reference-programme-biochar-faq\/\" target=\"_blank\" rel=\"noopener\">\n\t\t\t\t\t\t\tEn savoir plus sur le biochar\n\t\t\t<\/a>\n<h2>\n\t\tRacontez votre histoire \n\t<\/h2>\n\t<p>Partager l&#8217;histoire de votre entreprise avec Colt est un jeu d&#8217;enfant. Voici comment proc\u00e9der\u2009:<\/p>\n\t<ul>\n\t\t\t\t<li>\n                        <h4>Mode d&#8217;emploi<\/h4>0%\n\t\t<\/li>\n\t\t\t\t\t\t\t<\/ul>\n\t<p>Contactez votre charg\u00e9 de compte en lui indiquant que vous \u00eates int\u00e9ress\u00e9(e) par cette initiative\u2009; vous pouvez \u00e9galement inscrire vos propres coordonn\u00e9es <em>via<\/em> ce formulaire en pr\u00e9cisant le type de t\u00e9moignage que vous aimeriez cr\u00e9er. Trois choix s&#8217;offrent \u00e0 vous\u2009:<\/p>\n<ul>\n<li>une courte citation accompagn\u00e9e du logo de votre entreprise\u2009;<\/li>\n<li>une \u00e9tude de cas et une vid\u00e9o, comme dans l&#8217;exemple <a href=\"https:\/\/legacy.colt.net\/resources\/bertelsmann-2\/\">ci-dessous<\/a>\u2009;<\/li>\n<li>la r\u00e9daction conjointe d&#8217;un communiqu\u00e9 de presse.<\/li>\n<\/ul>\n<p>Le nombre de cr\u00e9dits que vous recevrez d\u00e9pend de votre niveau de participation.<\/p>\n\t<p>Racontez votre histoire dans une courte interview.<\/p>\n\t<p>C&#8217;est ici que nous prenons le relais. Nous nous chargeons de la conception, de la mise en valeur de votre marque et de la r\u00e9daction de l&#8217;\u00e9tude de cas pour le compte de votre entreprise.<\/p>\n\t<p>Nous examinons ensemble le contenu, apportons les modifications n\u00e9cessaires et validons le projet. <strong>Soyez sans crainte, rien ne sera publi\u00e9 tant que tout le monde ne sera pas satisfait\u2009!<\/strong><\/p>\n\t<p>Votre histoire est publi\u00e9e sur notre site <a href=\"https:\/\/legacy.colt.net\/fr\">colt.net\/fr<\/a> et partag\u00e9e sur les r\u00e9seaux sociaux\u2009; nous nous occupons de la logistique relative \u00e0 votre certificat d&#8217;\u00e9limination du carbone par le biochar.<\/p>\n\t<p>Vous \u00eates pr\u00eat\u2009? Il vous suffit de s\u00e9lectionner le type de t\u00e9moignage que vous souhaitez partager et nous nous chargeons du reste.<\/p>\n\t<strong>Partagez votre histoire<\/strong><br \/>\n[hubspot type=&#8221;form&#8221; portal=&#8221;344164&#8243; id=&#8221;1a7c117f-018f-4e38-bfb7-f9c33a7e1b5c&#8221;]\n<h2>\n\t\tR\u00e9f\u00e9rences client\n\t<\/h2>\n\t\t\t\t<a href=\"https:\/\/legacy.colt.net\/fr\/resources\/tailor-made-communication\/\" target=\"_blank\" rel=\"noopener\" itemprop=\"url\">\n\t\t\t\t<img loading=\"lazy\" decoding=\"async\" src=\"https:\/\/legacy.colt.net\/wp-content\/uploads\/2023\/03\/20220201-ESPRIT-LOGO-BW-01.png\" alt=\"20220201-ESPRIT-LOGO-B&amp;W-01\" itemprop=\"image\" height=\"5000\" width=\"5000\" title=\"20220201-ESPRIT-LOGO-B&amp;W-01\" onerror=\"this.style.display='none'\"  \/>\n\t\t\t\t<\/a>\n\t\t\t\t<a href=\"https:\/\/legacy.colt.net\/fr\/resources\/colt-sd-wan-for-circutor\/\" target=\"_blank\" rel=\"noopener\" itemprop=\"url\">\n\t\t\t\t<img loading=\"lazy\" decoding=\"async\" src=\"https:\/\/legacy.colt.net\/wp-content\/uploads\/2021\/12\/LOGO_Circutor.jpg\" alt=\"LOGO_Circutor\" itemprop=\"image\" height=\"419\" width=\"690\" title=\"LOGO_Circutor\" onerror=\"this.style.display='none'\"  \/>\n\t\t\t\t<\/a>\n\t\t\t\t<a href=\"https:\/\/legacy.colt.net\/fr\/resources\/farfetch\/\" target=\"_blank\" rel=\"noopener\" itemprop=\"url\">\n\t\t\t\t<img loading=\"lazy\" decoding=\"async\" src=\"https:\/\/legacy.colt.net\/wp-content\/uploads\/2020\/11\/720x440_Farfetch_logo_casestudy.png\" alt=\"720x440_Farfetch_logo_casestudy\" itemprop=\"image\" height=\"440\" width=\"720\" title=\"720x440_Farfetch_logo_casestudy\" onerror=\"this.style.display='none'\"  \/>\n\t\t\t\t<\/a>\n\t\t\t\t<a href=\"https:\/\/legacy.colt.net\/fr\/resources\/colt-fournit-a-decathlon-une-plateforme-globale-de-services-numeriques\/\" target=\"_blank\" rel=\"noopener\" itemprop=\"url\">\n\t\t\t\t<img loading=\"lazy\" decoding=\"async\" src=\"https:\/\/legacy.colt.net\/wp-content\/uploads\/2021\/09\/Decathlon_Logo.jpg\" alt=\"Decathlon_Logo\" itemprop=\"image\" height=\"199\" width=\"800\" title=\"Decathlon_Logo\" onerror=\"this.style.display='none'\"  \/>\n\t\t\t\t<\/a>\n\t\t\t\t<a href=\"https:\/\/legacy.colt.net\/fr\/resources\/cosco-shipping-lines\/\" target=\"_blank\" rel=\"noopener\" itemprop=\"url\">\n\t\t\t\t<img loading=\"lazy\" decoding=\"async\" src=\"https:\/\/legacy.colt.net\/wp-content\/uploads\/2020\/12\/Cosco-Shipping-Lines_740x440.png\" alt=\"Cosco Shipping Lines_740x440\" itemprop=\"image\" height=\"440\" width=\"750\" title=\"Cosco Shipping Lines_740x440\" onerror=\"this.style.display='none'\"  \/>\n\t\t\t\t<\/a>\n\t\t\t\t<a href=\"https:\/\/legacy.colt.net\/resources\/costargroup\/\" target=\"_blank\" rel=\"noopener\" itemprop=\"url\">\n\t\t\t\t<img loading=\"lazy\" decoding=\"async\" src=\"https:\/\/legacy.colt.net\/wp-content\/uploads\/2023\/10\/CoStarCaseStudylogo1-1.png\" alt=\"CoStarCaseStudylogo1\" itemprop=\"image\" height=\"450\" width=\"750\" title=\"CoStarCaseStudylogo1\" onerror=\"this.style.display='none'\"  \/>\n\t\t\t\t<\/a>\n\t\t\t<a href=\"https:\/\/legacy.colt.net\/fr\/resources\/type\/case-studies-fr\/\" target=\"_blank\" rel=\"noopener\">\n\t\t\t\t\t\t\tVoir plus \u00bb\n\t\t\t\t\t<\/a>\n\t\t\t\t<img loading=\"lazy\" decoding=\"async\" src=\"https:\/\/legacy.colt.net\/wp-content\/uploads\/2021\/12\/LOGO_Circutor.jpg\" alt=\"LOGO_Circutor\" itemprop=\"image\" height=\"419\" width=\"690\" title=\"LOGO_Circutor\" onerror=\"this.style.display='none'\"  \/>\n\t<p>&#8220;Nous collaborons avec Colt depuis de nombreuses ann\u00e9es, que ce soit pour des services de connectivit\u00e9 voix, donn\u00e9es et Internet, ou pour l&#8217;externalisation de notre data\u2009centre. Par cons\u00e9quent, nous connaissons la qualit\u00e9 de service de la Soci\u00e9t\u00e9, l&#8217;excellent rapport prix-performances de ses produits et sa technologie innovante g\u00e9r\u00e9e avec une facilit\u00e9 et une flexibilit\u00e9 \u00e0 nulles autres pareilles. Les offres concurrentes n&#8217;ont pas d\u00e9montr\u00e9 l&#8217;expertise que n\u00e9cessite ce type de projet ni les performances que nous attendons de l&#8217;approche SD\u2009WAN,&#8221;<\/p>\n<strong><em>\u00d3scar Campos<br \/>\nDSI de Circutor\u00a0<\/em><\/strong>\n\t\t\t\t<img loading=\"lazy\" decoding=\"async\" src=\"https:\/\/legacy.colt.net\/wp-content\/uploads\/2023\/09\/ESPRIT-720x450_customerreferences_page.png\" alt=\"ESPRIT-720x450_customerreferences_page\" itemprop=\"image\" height=\"450\" width=\"720\" title=\"ESPRIT-720x450_customerreferences_page\" onerror=\"this.style.display='none'\"  \/>\n\t<p>&#8220;Colt a tenu compte en permanence de nos exigences et, gr\u00e2ce \u00e0 son large portefeuille de solutions, a ajout\u00e9 des services qui forment davantage qu&#8217;une infrastructure de t\u00e9l\u00e9phonie techniquement coh\u00e9rente. Gr\u00e2ce \u00e0 la solution de centre de contact enti\u00e8rement int\u00e9gr\u00e9e \u00e0 Microsoft Teams, nous b\u00e9n\u00e9ficions en outre d&#8217;une plateforme de communications centralis\u00e9e qui couvre la quasi-totalit\u00e9 de nos sites europ\u00e9ens et que nous esp\u00e9rons \u00e9tendre \u00e0 court terme \u00e0 l&#8217;ensemble de nos sites.&#8221;<\/p>\n<strong><em>Marcus Lapp,<\/em><\/strong><br \/>\n<strong><em>Directeur de l&#8217;exploitation de l&#8217;infrastructure informatique, ESPRIT Europe GmbH<\/em><\/strong>\n\n","protected":false},"excerpt":{"rendered":"<p>Partagez votre exp\u00e9rience avec Colt\u2009! Nous vous aidons \u00e0 b\u00e2tir un monde davantage respectueux de l&#8217;environnement. \u00c9liminez le carbone de l&#8217;atmosph\u00e8re gr\u00e2ce au programme R\u00e9f\u00e9rences client de Colt. En partageant votre exp\u00e9rience avec Colt, vous recevrez une r\u00e9compense en mati\u00e8re de d\u00e9veloppement durable sous la forme d&#8217;un certificat d&#8217;\u00e9limination du carbone &#8220;Nous sommes en permanence&#8230;<\/p>\n","protected":false},"author":2,"featured_media":0,"parent":0,"menu_order":0,"comment_status":"closed","ping_status":"closed","template":"","meta":{"_acf_changed":false,"footnotes":""},"colt_type":[],"colt_products":[],"class_list":["post-103176","page","type-page","status-publish","hentry"],"acf":[],"yoast_head":"<!-- This site is optimized with the Yoast SEO plugin v26.8 - https:\/\/yoast.com\/product\/yoast-seo-wordpress\/ -->\n<title>Programme R\u00e9f\u00e9rences client de Colt - Colt Technology Services<\/title>\n<meta name=\"description\" content=\"Programme R\u00e9f\u00e9rences client de Colt Colt Technology Services\" \/>\n<meta name=\"robots\" content=\"noindex, nofollow\" \/>\n<meta property=\"og:locale\" content=\"fr_FR\" \/>\n<meta property=\"og:type\" content=\"article\" \/>\n<meta property=\"og:title\" content=\"Programme R\u00e9f\u00e9rences client de Colt - Colt Technology Services\" \/>\n<meta property=\"og:description\" content=\"Programme R\u00e9f\u00e9rences client de Colt Colt Technology Services\" \/>\n<meta property=\"og:url\" content=\"https:\/\/legacy.colt.net\/fr\/colt-customer-reference-programme\/\" \/>\n<meta property=\"og:site_name\" content=\"Colt Technology Services\" \/>\n<meta property=\"article:publisher\" content=\"https:\/\/www.facebook.com\/ColtTechnologyServices\/\" \/>\n<meta property=\"article:modified_time\" content=\"2024-02-12T14:20:34+00:00\" \/>\n<meta property=\"og:image\" content=\"https:\/\/legacy.colt.net\/wp-content\/uploads\/2021\/01\/Brand-2021-Stock-6-1.jpg\" \/>\n\t<meta property=\"og:image:width\" content=\"1000\" \/>\n\t<meta property=\"og:image:height\" content=\"667\" \/>\n\t<meta property=\"og:image:type\" content=\"image\/jpeg\" \/>\n<meta name=\"twitter:card\" content=\"summary_large_image\" \/>\n<meta name=\"twitter:site\" content=\"@colt_technology\" \/>\n<meta name=\"twitter:label1\" content=\"Est. reading time\" \/>\n\t<meta name=\"twitter:data1\" content=\"7 minutes\" \/>\n<script type=\"application\/ld+json\" class=\"yoast-schema-graph\">{\"@context\":\"https:\/\/schema.org\",\"@graph\":[{\"@type\":\"WebPage\",\"@id\":\"https:\/\/legacy.colt.net\/fr\/colt-customer-reference-programme\/\",\"url\":\"https:\/\/legacy.colt.net\/fr\/colt-customer-reference-programme\/\",\"name\":\"Programme R\u00e9f\u00e9rences client de Colt - Colt Technology Services\",\"isPartOf\":{\"@id\":\"https:\/\/legacy.colt.net\/#website\"},\"primaryImageOfPage\":{\"@id\":\"https:\/\/legacy.colt.net\/fr\/colt-customer-reference-programme\/#primaryimage\"},\"image\":{\"@id\":\"https:\/\/legacy.colt.net\/fr\/colt-customer-reference-programme\/#primaryimage\"},\"thumbnailUrl\":\"https:\/\/legacy.colt.net\/wp-content\/uploads\/2023\/09\/Bio-1.png\",\"datePublished\":\"2021-10-06T12:05:28+00:00\",\"dateModified\":\"2024-02-12T14:20:34+00:00\",\"description\":\"Programme R\u00e9f\u00e9rences client de Colt Colt Technology Services\",\"breadcrumb\":{\"@id\":\"https:\/\/legacy.colt.net\/fr\/colt-customer-reference-programme\/#breadcrumb\"},\"inLanguage\":\"fr-FR\",\"potentialAction\":[{\"@type\":\"ReadAction\",\"target\":[\"https:\/\/legacy.colt.net\/fr\/colt-customer-reference-programme\/\"]}]},{\"@type\":\"ImageObject\",\"inLanguage\":\"fr-FR\",\"@id\":\"https:\/\/legacy.colt.net\/fr\/colt-customer-reference-programme\/#primaryimage\",\"url\":\"https:\/\/legacy.colt.net\/wp-content\/uploads\/2023\/09\/Bio-1.png\",\"contentUrl\":\"https:\/\/legacy.colt.net\/wp-content\/uploads\/2023\/09\/Bio-1.png\"},{\"@type\":\"BreadcrumbList\",\"@id\":\"https:\/\/legacy.colt.net\/fr\/colt-customer-reference-programme\/#breadcrumb\",\"itemListElement\":[{\"@type\":\"ListItem\",\"position\":1,\"name\":\"Home\",\"item\":\"https:\/\/legacy.colt.net\/fr\/\"},{\"@type\":\"ListItem\",\"position\":2,\"name\":\"Programme R\u00e9f\u00e9rences client de Colt\"}]},{\"@type\":\"WebSite\",\"@id\":\"https:\/\/legacy.colt.net\/#website\",\"url\":\"https:\/\/legacy.colt.net\/\",\"name\":\"Colt\u30c6\u30af\u30ce\u30ed\u30b8\u30fc\u30b5\u30fc\u30d3\u30b9\u682a\u5f0f\u4f1a\u793e\",\"description\":\"Managed Network &amp; Voice Services Provider\",\"publisher\":{\"@id\":\"https:\/\/legacy.colt.net\/#organization\"},\"potentialAction\":[{\"@type\":\"SearchAction\",\"target\":{\"@type\":\"EntryPoint\",\"urlTemplate\":\"https:\/\/legacy.colt.net\/?s={search_term_string}\"},\"query-input\":{\"@type\":\"PropertyValueSpecification\",\"valueRequired\":true,\"valueName\":\"search_term_string\"}}],\"inLanguage\":\"fr-FR\"},{\"@type\":\"Organization\",\"@id\":\"https:\/\/legacy.colt.net\/#organization\",\"name\":\"Colt Technology Services\",\"url\":\"https:\/\/legacy.colt.net\/\",\"logo\":{\"@type\":\"ImageObject\",\"inLanguage\":\"fr-FR\",\"@id\":\"https:\/\/legacy.colt.net\/#\/schema\/logo\/image\/\",\"url\":\"https:\/\/legacy.colt.net\/wp-content\/uploads\/2019\/02\/Colt-Logo.png\",\"contentUrl\":\"https:\/\/legacy.colt.net\/wp-content\/uploads\/2019\/02\/Colt-Logo.png\",\"width\":195,\"height\":77,\"caption\":\"Colt Technology Services\"},\"image\":{\"@id\":\"https:\/\/legacy.colt.net\/#\/schema\/logo\/image\/\"},\"sameAs\":[\"https:\/\/www.facebook.com\/ColtTechnologyServices\/\",\"https:\/\/x.com\/colt_technology\",\"https:\/\/www.instagram.com\/colttechnologyservices\/\",\"https:\/\/www.linkedin.com\/company\/colt-technology-services\",\"https:\/\/www.youtube.com\/user\/ColtTechnology\"]}]}<\/script>\n<!-- \/ Yoast SEO plugin. -->","yoast_head_json":{"title":"Programme R\u00e9f\u00e9rences client de Colt - Colt Technology Services","description":"Programme R\u00e9f\u00e9rences client de Colt Colt Technology Services","robots":{"index":"noindex","follow":"nofollow"},"og_locale":"fr_FR","og_type":"article","og_title":"Programme R\u00e9f\u00e9rences client de Colt - Colt Technology Services","og_description":"Programme R\u00e9f\u00e9rences client de Colt Colt Technology Services","og_url":"https:\/\/legacy.colt.net\/fr\/colt-customer-reference-programme\/","og_site_name":"Colt Technology Services","article_publisher":"https:\/\/www.facebook.com\/ColtTechnologyServices\/","article_modified_time":"2024-02-12T14:20:34+00:00","og_image":[{"width":1000,"height":667,"url":"https:\/\/legacy.colt.net\/wp-content\/uploads\/2021\/01\/Brand-2021-Stock-6-1.jpg","type":"image\/jpeg"}],"twitter_card":"summary_large_image","twitter_site":"@colt_technology","twitter_misc":{"Est. reading time":"7 minutes"},"schema":{"@context":"https:\/\/schema.org","@graph":[{"@type":"WebPage","@id":"https:\/\/legacy.colt.net\/fr\/colt-customer-reference-programme\/","url":"https:\/\/legacy.colt.net\/fr\/colt-customer-reference-programme\/","name":"Programme R\u00e9f\u00e9rences client de Colt - Colt Technology Services","isPartOf":{"@id":"https:\/\/legacy.colt.net\/#website"},"primaryImageOfPage":{"@id":"https:\/\/legacy.colt.net\/fr\/colt-customer-reference-programme\/#primaryimage"},"image":{"@id":"https:\/\/legacy.colt.net\/fr\/colt-customer-reference-programme\/#primaryimage"},"thumbnailUrl":"https:\/\/legacy.colt.net\/wp-content\/uploads\/2023\/09\/Bio-1.png","datePublished":"2021-10-06T12:05:28+00:00","dateModified":"2024-02-12T14:20:34+00:00","description":"Programme R\u00e9f\u00e9rences client de Colt Colt Technology Services","breadcrumb":{"@id":"https:\/\/legacy.colt.net\/fr\/colt-customer-reference-programme\/#breadcrumb"},"inLanguage":"fr-FR","potentialAction":[{"@type":"ReadAction","target":["https:\/\/legacy.colt.net\/fr\/colt-customer-reference-programme\/"]}]},{"@type":"ImageObject","inLanguage":"fr-FR","@id":"https:\/\/legacy.colt.net\/fr\/colt-customer-reference-programme\/#primaryimage","url":"https:\/\/legacy.colt.net\/wp-content\/uploads\/2023\/09\/Bio-1.png","contentUrl":"https:\/\/legacy.colt.net\/wp-content\/uploads\/2023\/09\/Bio-1.png"},{"@type":"BreadcrumbList","@id":"https:\/\/legacy.colt.net\/fr\/colt-customer-reference-programme\/#breadcrumb","itemListElement":[{"@type":"ListItem","position":1,"name":"Home","item":"https:\/\/legacy.colt.net\/fr\/"},{"@type":"ListItem","position":2,"name":"Programme R\u00e9f\u00e9rences client de Colt"}]},{"@type":"WebSite","@id":"https:\/\/legacy.colt.net\/#website","url":"https:\/\/legacy.colt.net\/","name":"Colt\u30c6\u30af\u30ce\u30ed\u30b8\u30fc\u30b5\u30fc\u30d3\u30b9\u682a\u5f0f\u4f1a\u793e","description":"Managed Network &amp; Voice Services Provider","publisher":{"@id":"https:\/\/legacy.colt.net\/#organization"},"potentialAction":[{"@type":"SearchAction","target":{"@type":"EntryPoint","urlTemplate":"https:\/\/legacy.colt.net\/?s={search_term_string}"},"query-input":{"@type":"PropertyValueSpecification","valueRequired":true,"valueName":"search_term_string"}}],"inLanguage":"fr-FR"},{"@type":"Organization","@id":"https:\/\/legacy.colt.net\/#organization","name":"Colt Technology Services","url":"https:\/\/legacy.colt.net\/","logo":{"@type":"ImageObject","inLanguage":"fr-FR","@id":"https:\/\/legacy.colt.net\/#\/schema\/logo\/image\/","url":"https:\/\/legacy.colt.net\/wp-content\/uploads\/2019\/02\/Colt-Logo.png","contentUrl":"https:\/\/legacy.colt.net\/wp-content\/uploads\/2019\/02\/Colt-Logo.png","width":195,"height":77,"caption":"Colt Technology Services"},"image":{"@id":"https:\/\/legacy.colt.net\/#\/schema\/logo\/image\/"},"sameAs":["https:\/\/www.facebook.com\/ColtTechnologyServices\/","https:\/\/x.com\/colt_technology","https:\/\/www.instagram.com\/colttechnologyservices\/","https:\/\/www.linkedin.com\/company\/colt-technology-services","https:\/\/www.youtube.com\/user\/ColtTechnology"]}]}},"_links":{"self":[{"href":"https:\/\/legacy.colt.net\/fr\/wp-json\/wp\/v2\/pages\/103176","targetHints":{"allow":["GET"]}}],"collection":[{"href":"https:\/\/legacy.colt.net\/fr\/wp-json\/wp\/v2\/pages"}],"about":[{"href":"https:\/\/legacy.colt.net\/fr\/wp-json\/wp\/v2\/types\/page"}],"author":[{"embeddable":true,"href":"https:\/\/legacy.colt.net\/fr\/wp-json\/wp\/v2\/users\/2"}],"replies":[{"embeddable":true,"href":"https:\/\/legacy.colt.net\/fr\/wp-json\/wp\/v2\/comments?post=103176"}],"version-history":[{"count":0,"href":"https:\/\/legacy.colt.net\/fr\/wp-json\/wp\/v2\/pages\/103176\/revisions"}],"wp:attachment":[{"href":"https:\/\/legacy.colt.net\/fr\/wp-json\/wp\/v2\/media?parent=103176"}],"wp:term":[{"taxonomy":"colt_type","embeddable":true,"href":"https:\/\/legacy.colt.net\/fr\/wp-json\/wp\/v2\/colt_type?post=103176"},{"taxonomy":"colt_products","embeddable":true,"href":"https:\/\/legacy.colt.net\/fr\/wp-json\/wp\/v2\/colt_products?post=103176"}],"curies":[{"name":"wp","href":"https:\/\/api.w.org\/{rel}","templated":true}]}}