{"id":100203,"date":"2021-07-19T14:05:03","date_gmt":"2021-07-19T13:05:03","guid":{"rendered":"https:\/\/www.colt.net\/?page_id=100203"},"modified":"2025-09-09T15:11:05","modified_gmt":"2025-09-09T14:11:05","slug":"partners","status":"publish","type":"page","link":"https:\/\/legacy.colt.net\/fr\/why-colt\/partners\/","title":{"rendered":"Nos partenaires"},"content":{"rendered":"\n<h1>\n\t\t\tNous b\u00e2tissons des \u00e9cosyst\u00e8mes \u00e0 l&#8217;\u00e9chelle mondiale qui cr\u00e9ent une valeur extraordinaire pour nos clients, nos partenaires et Colt.\t<\/h1>\n\t<p>Colt travaille en \u00e9troite collaboration avec ses partenaires pour se maintenir comme l&#8217;entreprise d&#8217;infrastructure num\u00e9rique de r\u00e9f\u00e9rence sur laquelle ses clients peuvent compter. Pour cela, nous r\u00e9unissons l&#8217;humain et la technologie afin de mener \u00e0 bien les transformations n\u00e9cessaires.<\/p>\n<p>Nous travaillons avec des acteurs majeurs du monde des technologies, avec des fournisseurs de services cloud et avec de grandes entreprises afin de cr\u00e9er de nouveaux services qui proposent une int\u00e9gration parfaitement fluide de nos solutions et am\u00e9liorent l&#8217;exp\u00e9rience de tous les utilisateurs.<\/p>\n<h2>\n\t\t\tCOMMENCER\u00a0:\t<\/h2>\n\t\t\t<a href=\"#customers\" target=\"_self\">\n\t\t\t\t\t\t\tPour les clients\n\t\t\t<\/a>\n\t\t\t<a href=\"#partners\" target=\"_self\">\n\t\t\t\t\t\t\tPour les partenaires\n\t\t\t<\/a>\n\t\t\t\t<img decoding=\"async\" src=\"https:\/\/legacy.colt.net\/wp-content\/uploads\/2023\/10\/Colt-Image-1.png\" alt=\"Colt-Image-1\" itemprop=\"image\" height=\"1109\" width=\"1276\" title=\"Colt-Image-1\" onerror=\"this.style.display='none'\" loading=\"lazy\" \/>\n<h2>\n\t\t\tFor customers\t<\/h2>\n\t\t\t\t<img decoding=\"async\" src=\"https:\/\/legacy.colt.net\/wp-content\/uploads\/2022\/12\/Digital-Ecosystems-Icon.png\" alt=\"Digital Ecosystems Icon\" itemprop=\"image\" height=\"2084\" width=\"2084\" title=\"Digital Ecosystems Icon\" onerror=\"this.style.display='none'\" loading=\"lazy\" \/>\n<h2>\n\t\t\tColt is at the heart of digital infrastructure and the connected ecosystem\t<\/h2>\n\t\t\t\t<img decoding=\"async\" src=\"https:\/\/legacy.colt.net\/wp-content\/uploads\/2022\/12\/Building-Partnerships-Icon.png\" alt=\"Building Partnerships Icon\" itemprop=\"image\" height=\"2084\" width=\"2084\" title=\"Building Partnerships Icon\" onerror=\"this.style.display='none'\" loading=\"lazy\" \/>\n<h2>\n\t\t\tWe&#8217;re working to deliver a seamless experience, whether that&#8217;s on contracts, service delivery or customer experience\t<\/h2>\n\t\t\t\t<img decoding=\"async\" src=\"https:\/\/legacy.colt.net\/wp-content\/uploads\/2022\/12\/Seamless-Experience-Icon.png\" alt=\"Seamless Experience Icon\" itemprop=\"image\" height=\"2084\" width=\"2084\" title=\"Seamless Experience Icon\" onerror=\"this.style.display='none'\" loading=\"lazy\" \/>\n<h2>\n\t\t\tColt b\u00e2tit des partenariats qui permettent de relever et de d\u00e9passer tous les d\u00e9fis de ses clients\t<\/h2>\n<h2>\n\t\t\tD\u00e9couvrez nos partenariats\u00a0:\t<\/h2>\n\t\t\t\t<a href=\"https:\/\/legacy.colt.net\/why-colt\/partners\/oracle\/\"  target=\"_blank\" rel=\"noopener\"  itemprop=\"url\">\n\t\t\t\t<img decoding=\"async\" src=\"https:\/\/legacy.colt.net\/wp-content\/uploads\/2020\/10\/oracle-cloud-infrastructure-720x260-JA-2.png\" alt=\"oracle-cloud-infrastructure\" itemprop=\"image\" height=\"260\" width=\"720\" title=\"oracle-cloud-infrastructure-720x260-JA\" onerror=\"this.style.display='none'\" loading=\"lazy\" \/>\n\t\t\t\t<\/a>\n\t\t\t\t<a href=\"https:\/\/legacy.colt.net\/why-colt\/partners\/microsoft\/\"  target=\"_self\" itemprop=\"url\">\n\t\t\t\t<img decoding=\"async\" src=\"https:\/\/legacy.colt.net\/wp-content\/uploads\/2021\/03\/Microsoft-Logo.jpg\" alt=\"Microsoft Logo\" itemprop=\"image\" height=\"788\" width=\"1400\" title=\"Microsoft Logo\" onerror=\"this.style.display='none'\" loading=\"lazy\" \/>\n\t\t\t\t<\/a>\n\t\t\t\t<a href=\"https:\/\/legacy.colt.net\/product\/direct-connect\/google\/\"  target=\"_self\" itemprop=\"url\">\n\t\t\t\t<img decoding=\"async\" src=\"https:\/\/legacy.colt.net\/wp-content\/uploads\/2020\/05\/Google-Cloud-JA.png\" alt=\"Google Cloud Service\" itemprop=\"image\" height=\"251\" width=\"540\" title=\"Google-Cloud-JA\" onerror=\"this.style.display='none'\" loading=\"lazy\" \/>\n\t\t\t\t<\/a>\n\t\t\t\t<a href=\"https:\/\/legacy.colt.net\/product\/direct-connect\/ibm\"  target=\"_self\" itemprop=\"url\">\n\t\t\t\t<img decoding=\"async\" src=\"https:\/\/legacy.colt.net\/wp-content\/uploads\/2020\/10\/IBM-Cloud-720x260-JA.png\" alt=\"IBM Cloud\u63a5\u7d9a\u30b5\u30fc\u30d3\u30b9\" itemprop=\"image\" height=\"260\" width=\"720\" title=\"IBM-Cloud-720x260-JA\" onerror=\"this.style.display='none'\" loading=\"lazy\" \/>\n\t\t\t\t<\/a>\n\t\t\t\t<a href=\"https:\/\/legacy.colt.net\/resources\/sap-migration-to-the-cloud\/\"  target=\"_self\" itemprop=\"url\">\n\t\t\t\t<img decoding=\"async\" src=\"https:\/\/legacy.colt.net\/wp-content\/uploads\/2019\/03\/SAP.png\" alt=\"SAP\" itemprop=\"image\" height=\"260\" width=\"720\" title=\"SAP\" onerror=\"this.style.display='none'\" loading=\"lazy\" \/>\n\t\t\t\t<\/a>\n\t\t\t\t<a href=\"https:\/\/legacy.colt.net\/why-colt\/partners\/aws\/\"  target=\"_blank\" rel=\"noopener\"  itemprop=\"url\">\n\t\t\t\t<img decoding=\"async\" src=\"https:\/\/legacy.colt.net\/wp-content\/uploads\/2020\/10\/aws-logo-1x1-1.png\" alt=\"aws-logo\" itemprop=\"image\" height=\"1000\" width=\"1000\" title=\"aws-logo-1x1\" onerror=\"this.style.display='none'\" loading=\"lazy\" \/>\n\t\t\t\t<\/a>\n\t\t\t\t<a href=\"https:\/\/legacy.colt.net\/why-colt\/partners\/ciena\/\"  target=\"_self\" itemprop=\"url\">\n\t\t\t\t<img decoding=\"async\" src=\"https:\/\/legacy.colt.net\/wp-content\/uploads\/2019\/03\/Ciena.png\" alt=\"Ciena\" itemprop=\"image\" height=\"260\" width=\"720\" title=\"Ciena\" onerror=\"this.style.display='none'\" loading=\"lazy\" \/>\n\t\t\t\t<\/a>\n\t\t\t\t<a href=\"https:\/\/legacy.colt.net\/why-colt\/partners\/zscaler\/\"  target=\"_self\" itemprop=\"url\">\n\t\t\t\t<img decoding=\"async\" src=\"https:\/\/legacy.colt.net\/wp-content\/uploads\/2022\/03\/zscaler-logo-transparent.png\" alt=\"zscaler logo transparent\" itemprop=\"image\" height=\"562\" width=\"1550\" title=\"zscaler logo transparent\" onerror=\"this.style.display='none'\" loading=\"lazy\" \/>\n\t\t\t\t<\/a>\n\t\t\t\t<a href=\"https:\/\/legacy.colt.net\/why-colt\/partners\/equinix\/\"  target=\"_self\" itemprop=\"url\">\n\t\t\t\t<img decoding=\"async\" src=\"https:\/\/legacy.colt.net\/wp-content\/uploads\/2019\/07\/Equinix-Tagline-Outlined_300.png\" alt=\"Equinix Tagline Outlined_300\" itemprop=\"image\" height=\"867\" width=\"1625\" title=\"Equinix Tagline Outlined_300\" onerror=\"this.style.display='none'\" loading=\"lazy\" \/>\n\t\t\t\t<\/a>\n\t\t\t\t<a href=\"https:\/\/legacy.colt.net\/why-colt\/partners\/digital-realty\/\"  target=\"_blank\" rel=\"noopener\"  itemprop=\"url\">\n\t\t\t\t<img decoding=\"async\" src=\"https:\/\/legacy.colt.net\/wp-content\/uploads\/2024\/01\/Digital-Realty.png\" alt=\"Digital Realty\" itemprop=\"image\" height=\"915\" width=\"1920\" title=\"Digital Realty\" onerror=\"this.style.display='none'\" loading=\"lazy\" \/>\n\t\t\t\t<\/a>\n\t\t\t\t<a href=\"https:\/\/versa-networks.com\/\"  target=\"_self\" itemprop=\"url\">\n\t\t\t\t<img decoding=\"async\" src=\"https:\/\/legacy.colt.net\/wp-content\/uploads\/2021\/03\/Versa.png\" alt=\"Versa\" itemprop=\"image\" height=\"167\" width=\"301\" title=\"Versa\" onerror=\"this.style.display='none'\" loading=\"lazy\" \/>\n\t\t\t\t<\/a>\n\t\t\t\t<a href=\"https:\/\/legacy.colt.net\/why-colt\/partners\/vmware\/\"  target=\"_self\" itemprop=\"url\">\n\t\t\t\t<img decoding=\"async\" src=\"https:\/\/legacy.colt.net\/wp-content\/uploads\/2022\/04\/vmw-logo-vmware-logo-black-150.png\" alt=\"vmw-logo-vmware-logo-black-150\" itemprop=\"image\" height=\"446\" width=\"1230\" title=\"vmw-logo-vmware-logo-black-150\" onerror=\"this.style.display='none'\" loading=\"lazy\" \/>\n\t\t\t\t<\/a>\n\t\t\t\t<a href=\"https:\/\/www.audiocodes.com\/\"  target=\"_blank\" rel=\"noopener\"  itemprop=\"url\">\n\t\t\t\t<img decoding=\"async\" src=\"https:\/\/legacy.colt.net\/wp-content\/uploads\/2023\/10\/audiocodes-logo_v2.png\" alt=\"audiocodes-logo_v2\" itemprop=\"image\" height=\"961\" width=\"1800\" title=\"audiocodes-logo_v2\" onerror=\"this.style.display='none'\" loading=\"lazy\" \/>\n\t\t\t\t<\/a>\n\t\t\t\t<a href=\"https:\/\/eur01.safelinks.protection.outlook.com\/?url=https%3A%2F%2Fwww.ovhcloud.com%2Ffr%2Fnetwork%2Fovhcloud-connect%2F&#038;data=05%7C02%7CJack.Line%40COLT.NET%7C5ec71f3658434c78c85a08dd41f3002f%7Cb859cf7eff8a40bbbd0fda56e6dc0eb8%7C1%7C0%7C638739234109998715%7CUnknown%7CTWFpbGZsb3d8eyJFbXB0eU1hcGkiOnRydWUsIlYiOiIwLjAuMDAwMCIsIlAiOiJXaW4zMiIsIkFOIjoiTWFpbCIsIldUIjoyfQ%3D%3D%7C0%7C%7C%7C&#038;sdata=w7YgXUh7TA8G3CDpRrToOSz9mVHhhXtLKPT0Rk3hmIY%3D&#038;reserved=0\"  target=\"_self\" itemprop=\"url\">\n\t\t\t\t<img decoding=\"async\" src=\"https:\/\/legacy.colt.net\/wp-content\/uploads\/2025\/01\/OVHcloud_stacked_R_logo_fullcolor_RGB-300x140-1.png\" alt=\"OVHcloud_stacked_R_logo_fullcolor_RGB-300x140\" itemprop=\"image\" height=\"140\" width=\"300\" title=\"OVHcloud_stacked_R_logo_fullcolor_RGB-300x140\" onerror=\"this.style.display='none'\" loading=\"lazy\" \/>\n\t\t\t\t<\/a>\n\t\t\t\t<a href=\"https:\/\/legacy.colt.net\/why-colt\/partners\/cisco\/\"  target=\"_blank\" rel=\"noopener\"  itemprop=\"url\">\n\t\t\t\t<img decoding=\"async\" src=\"https:\/\/legacy.colt.net\/wp-content\/uploads\/2024\/10\/Remove-background-project.png\" alt=\"Remove background project\" itemprop=\"image\" height=\"800\" width=\"800\" title=\"Remove background project\" onerror=\"this.style.display='none'\" loading=\"lazy\" \/>\n\t\t\t\t<\/a>\n<h2>\n\t\t\tColt travaille en partenariat avec&#8230;\t<\/h2>\n<h3>\n\t\t\tFournisseurs de services cloud (FSC)\t<\/h3>\n\t<p>Notre empreinte en termes de r\u00e9gions de FSC connect\u00e9es, ainsi que nos relations de travail \u00e9troites et notre alignement technologique avec les plus grands FSC nous permettent d&#8217;assurer que les applications cloud fonctionnent mieux sur le r\u00e9seau Colt\u00a0IQ.<\/p>\n<h3>\n\t\t\tInt\u00e9grateurs syst\u00e8mes\t<\/h3>\n\t<p>Les int\u00e9grateurs syst\u00e8mes sont au c\u0153ur de la transformation num\u00e9rique des entreprises. Nous renfor\u00e7ons les partenariats bilat\u00e9raux avec un certain nombre d&#8217;int\u00e9grateurs syst\u00e8mes pour offrir plus de valeur ajout\u00e9e \u00e0 nos clients.<\/p>\n<h3>\n\t\t\tFournisseurs de datacentres\t<\/h3>\n\t<p>Notre r\u00e9seau Colt\u00a0IQ permet \u00e0 nos clients de se connecter \u00e0 plus de 900\u00a0datacentres, et les relations de travail \u00e9troites que nous entretenons avec nos partenaires garantissent \u00e0 nos clients un acc\u00e8s de haut niveau et la prise en charge de leurs architectures hybrides et multicloud.<\/p>\n<h3>\n\t\t\tPartenaires technologiques\t<\/h3>\n\t<p>Colt travaille en \u00e9troite collaboration avec ses partenaires technologiques pour permettre \u00e0 votre entreprise de s&#8217;adapter \u00e0 la croissance rapide du secteur. Pour cela, nous restons \u00e0 la pointe d&#8217;une vaste gamme de technologies et fournissons des solutions sur mesure pour cr\u00e9er un r\u00e9seau agile et \u00e9volutif.<\/p>\n<h3>\n\t\t\tAgents partenaires\t<\/h3>\n\t<p>Vous voulez rejoindre la famille Colt et devenir l&#8217;un de nos <a href=\"https:\/\/legacy.colt.net\/why-colt\/partners\/agent\/\">pr\u00e9cieux partenaires commerciaux<\/a>\u00a0? Les agents partenaires ont acc\u00e8s \u00e0 un large \u00e9ventail de services Colt prim\u00e9s, qu&#8217;ils peuvent vendre \u00e0 leurs clients. D\u00e9veloppons ensemble votre activit\u00e9\u00a0!<\/p>\n<h3>\n\t\t\tPartenaires de r\u00e9f\u00e9rence\t<\/h3>\n\t<p>Partagez vos prospects avec Colt tout en vous concentrant sur votre c\u0153ur de m\u00e9tier. Avec Colt, vous pouvez vous appuyer sur un partenariat solide pour connecter vos clients au monde num\u00e9rique, en vous appuyant sur des services vocaux et r\u00e9seau de pointe.<\/p>\n<h2>\n\t\t\tPour les partenaires\t<\/h2>\n<h2>\n\t\t\tNous b\u00e2tissons des partenariats qui procurent une valeur ajout\u00e9e extraordinaire \u00e0 chaque partie prenante.\t<\/h2>\n<h2>\n\t\t\tDevenez un partenaire Colt d\u00e8s aujourd&#8217;hui\u00a0!\t<\/h2>\n\n","protected":false},"excerpt":{"rendered":"<p>Nous b\u00e2tissons des \u00e9cosyst\u00e8mes \u00e0 l&#8217;\u00e9chelle mondiale qui cr\u00e9ent une valeur extraordinaire pour nos clients, nos partenaires et Colt. Colt travaille en \u00e9troite collaboration avec ses partenaires pour se maintenir comme l&#8217;entreprise d&#8217;infrastructure num\u00e9rique de r\u00e9f\u00e9rence sur laquelle ses clients peuvent compter. Pour cela, nous r\u00e9unissons l&#8217;humain et la technologie afin de mener \u00e0 bien&#8230;<\/p>\n","protected":false},"author":2,"featured_media":0,"parent":65345,"menu_order":0,"comment_status":"closed","ping_status":"closed","template":"","meta":{"_acf_changed":false,"footnotes":""},"colt_type":[],"colt_products":[],"class_list":["post-100203","page","type-page","status-publish","hentry"],"acf":[],"yoast_head":"<!-- This site is optimized with the Yoast SEO plugin v26.8 - https:\/\/yoast.com\/product\/yoast-seo-wordpress\/ -->\n<title>Nos partenaires - Colt Technology Services<\/title>\n<meta name=\"description\" content=\"Nos partenaires Colt Technology Services\" \/>\n<meta name=\"robots\" content=\"noindex, follow, max-snippet:-1, max-image-preview:large, max-video-preview:-1\" \/>\n<meta property=\"og:locale\" content=\"fr_FR\" \/>\n<meta property=\"og:type\" content=\"article\" \/>\n<meta property=\"og:title\" content=\"Nos partenaires - Colt Technology Services\" \/>\n<meta property=\"og:description\" content=\"Nos partenaires Colt Technology Services\" \/>\n<meta property=\"og:url\" content=\"https:\/\/legacy.colt.net\/fr\/why-colt\/partners\/\" \/>\n<meta property=\"og:site_name\" content=\"Colt Technology Services\" \/>\n<meta property=\"article:publisher\" content=\"https:\/\/www.facebook.com\/ColtTechnologyServices\/\" \/>\n<meta property=\"article:modified_time\" content=\"2025-09-09T14:11:05+00:00\" \/>\n<meta property=\"og:image\" content=\"https:\/\/legacy.colt.net\/wp-content\/uploads\/2021\/01\/Brand-2021-Stock-26.jpg\" \/>\n\t<meta property=\"og:image:width\" content=\"1000\" \/>\n\t<meta property=\"og:image:height\" content=\"667\" \/>\n\t<meta property=\"og:image:type\" content=\"image\/jpeg\" \/>\n<meta name=\"twitter:card\" content=\"summary_large_image\" \/>\n<meta name=\"twitter:site\" content=\"@colt_technology\" \/>\n<meta name=\"twitter:label1\" content=\"Est. reading time\" \/>\n\t<meta name=\"twitter:data1\" content=\"6 minutes\" \/>\n<script type=\"application\/ld+json\" class=\"yoast-schema-graph\">{\"@context\":\"https:\/\/schema.org\",\"@graph\":[{\"@type\":\"WebPage\",\"@id\":\"https:\/\/legacy.colt.net\/fr\/why-colt\/partners\/\",\"url\":\"https:\/\/legacy.colt.net\/fr\/why-colt\/partners\/\",\"name\":\"Nos partenaires - Colt Technology Services\",\"isPartOf\":{\"@id\":\"https:\/\/legacy.colt.net\/#website\"},\"primaryImageOfPage\":{\"@id\":\"https:\/\/legacy.colt.net\/fr\/why-colt\/partners\/#primaryimage\"},\"image\":{\"@id\":\"https:\/\/legacy.colt.net\/fr\/why-colt\/partners\/#primaryimage\"},\"thumbnailUrl\":\"https:\/\/legacy.colt.net\/wp-content\/uploads\/2023\/10\/Colt-Image-1.png\",\"datePublished\":\"2021-07-19T13:05:03+00:00\",\"dateModified\":\"2025-09-09T14:11:05+00:00\",\"description\":\"Nos partenaires Colt Technology Services\",\"breadcrumb\":{\"@id\":\"https:\/\/legacy.colt.net\/fr\/why-colt\/partners\/#breadcrumb\"},\"inLanguage\":\"fr-FR\",\"potentialAction\":[{\"@type\":\"ReadAction\",\"target\":[\"https:\/\/legacy.colt.net\/fr\/why-colt\/partners\/\"]}]},{\"@type\":\"ImageObject\",\"inLanguage\":\"fr-FR\",\"@id\":\"https:\/\/legacy.colt.net\/fr\/why-colt\/partners\/#primaryimage\",\"url\":\"https:\/\/legacy.colt.net\/wp-content\/uploads\/2023\/10\/Colt-Image-1.png\",\"contentUrl\":\"https:\/\/legacy.colt.net\/wp-content\/uploads\/2023\/10\/Colt-Image-1.png\"},{\"@type\":\"BreadcrumbList\",\"@id\":\"https:\/\/legacy.colt.net\/fr\/why-colt\/partners\/#breadcrumb\",\"itemListElement\":[{\"@type\":\"ListItem\",\"position\":1,\"name\":\"Home\",\"item\":\"https:\/\/legacy.colt.net\/fr\/\"},{\"@type\":\"ListItem\",\"position\":2,\"name\":\"Pourquoi choisir Colt\u00a0?\",\"item\":\"https:\/\/legacy.colt.net\/fr\/why-colt\/\"},{\"@type\":\"ListItem\",\"position\":3,\"name\":\"Nos partenaires\"}]},{\"@type\":\"WebSite\",\"@id\":\"https:\/\/legacy.colt.net\/#website\",\"url\":\"https:\/\/legacy.colt.net\/\",\"name\":\"Colt\u30c6\u30af\u30ce\u30ed\u30b8\u30fc\u30b5\u30fc\u30d3\u30b9\u682a\u5f0f\u4f1a\u793e\",\"description\":\"Managed Network &amp; Voice Services Provider\",\"publisher\":{\"@id\":\"https:\/\/legacy.colt.net\/#organization\"},\"potentialAction\":[{\"@type\":\"SearchAction\",\"target\":{\"@type\":\"EntryPoint\",\"urlTemplate\":\"https:\/\/legacy.colt.net\/?s={search_term_string}\"},\"query-input\":{\"@type\":\"PropertyValueSpecification\",\"valueRequired\":true,\"valueName\":\"search_term_string\"}}],\"inLanguage\":\"fr-FR\"},{\"@type\":\"Organization\",\"@id\":\"https:\/\/legacy.colt.net\/#organization\",\"name\":\"Colt Technology Services\",\"url\":\"https:\/\/legacy.colt.net\/\",\"logo\":{\"@type\":\"ImageObject\",\"inLanguage\":\"fr-FR\",\"@id\":\"https:\/\/legacy.colt.net\/#\/schema\/logo\/image\/\",\"url\":\"https:\/\/legacy.colt.net\/wp-content\/uploads\/2019\/02\/Colt-Logo.png\",\"contentUrl\":\"https:\/\/legacy.colt.net\/wp-content\/uploads\/2019\/02\/Colt-Logo.png\",\"width\":195,\"height\":77,\"caption\":\"Colt Technology Services\"},\"image\":{\"@id\":\"https:\/\/legacy.colt.net\/#\/schema\/logo\/image\/\"},\"sameAs\":[\"https:\/\/www.facebook.com\/ColtTechnologyServices\/\",\"https:\/\/x.com\/colt_technology\",\"https:\/\/www.instagram.com\/colttechnologyservices\/\",\"https:\/\/www.linkedin.com\/company\/colt-technology-services\",\"https:\/\/www.youtube.com\/user\/ColtTechnology\"]}]}<\/script>\n<!-- \/ Yoast SEO plugin. -->","yoast_head_json":{"title":"Nos partenaires - Colt Technology Services","description":"Nos partenaires Colt Technology Services","robots":{"index":"noindex","follow":"follow","max-snippet":"max-snippet:-1","max-image-preview":"max-image-preview:large","max-video-preview":"max-video-preview:-1"},"og_locale":"fr_FR","og_type":"article","og_title":"Nos partenaires - Colt Technology Services","og_description":"Nos partenaires Colt Technology Services","og_url":"https:\/\/legacy.colt.net\/fr\/why-colt\/partners\/","og_site_name":"Colt Technology Services","article_publisher":"https:\/\/www.facebook.com\/ColtTechnologyServices\/","article_modified_time":"2025-09-09T14:11:05+00:00","og_image":[{"width":1000,"height":667,"url":"https:\/\/legacy.colt.net\/wp-content\/uploads\/2021\/01\/Brand-2021-Stock-26.jpg","type":"image\/jpeg"}],"twitter_card":"summary_large_image","twitter_site":"@colt_technology","twitter_misc":{"Est. reading time":"6 minutes"},"schema":{"@context":"https:\/\/schema.org","@graph":[{"@type":"WebPage","@id":"https:\/\/legacy.colt.net\/fr\/why-colt\/partners\/","url":"https:\/\/legacy.colt.net\/fr\/why-colt\/partners\/","name":"Nos partenaires - Colt Technology Services","isPartOf":{"@id":"https:\/\/legacy.colt.net\/#website"},"primaryImageOfPage":{"@id":"https:\/\/legacy.colt.net\/fr\/why-colt\/partners\/#primaryimage"},"image":{"@id":"https:\/\/legacy.colt.net\/fr\/why-colt\/partners\/#primaryimage"},"thumbnailUrl":"https:\/\/legacy.colt.net\/wp-content\/uploads\/2023\/10\/Colt-Image-1.png","datePublished":"2021-07-19T13:05:03+00:00","dateModified":"2025-09-09T14:11:05+00:00","description":"Nos partenaires Colt Technology Services","breadcrumb":{"@id":"https:\/\/legacy.colt.net\/fr\/why-colt\/partners\/#breadcrumb"},"inLanguage":"fr-FR","potentialAction":[{"@type":"ReadAction","target":["https:\/\/legacy.colt.net\/fr\/why-colt\/partners\/"]}]},{"@type":"ImageObject","inLanguage":"fr-FR","@id":"https:\/\/legacy.colt.net\/fr\/why-colt\/partners\/#primaryimage","url":"https:\/\/legacy.colt.net\/wp-content\/uploads\/2023\/10\/Colt-Image-1.png","contentUrl":"https:\/\/legacy.colt.net\/wp-content\/uploads\/2023\/10\/Colt-Image-1.png"},{"@type":"BreadcrumbList","@id":"https:\/\/legacy.colt.net\/fr\/why-colt\/partners\/#breadcrumb","itemListElement":[{"@type":"ListItem","position":1,"name":"Home","item":"https:\/\/legacy.colt.net\/fr\/"},{"@type":"ListItem","position":2,"name":"Pourquoi choisir Colt\u00a0?","item":"https:\/\/legacy.colt.net\/fr\/why-colt\/"},{"@type":"ListItem","position":3,"name":"Nos partenaires"}]},{"@type":"WebSite","@id":"https:\/\/legacy.colt.net\/#website","url":"https:\/\/legacy.colt.net\/","name":"Colt\u30c6\u30af\u30ce\u30ed\u30b8\u30fc\u30b5\u30fc\u30d3\u30b9\u682a\u5f0f\u4f1a\u793e","description":"Managed Network &amp; Voice Services Provider","publisher":{"@id":"https:\/\/legacy.colt.net\/#organization"},"potentialAction":[{"@type":"SearchAction","target":{"@type":"EntryPoint","urlTemplate":"https:\/\/legacy.colt.net\/?s={search_term_string}"},"query-input":{"@type":"PropertyValueSpecification","valueRequired":true,"valueName":"search_term_string"}}],"inLanguage":"fr-FR"},{"@type":"Organization","@id":"https:\/\/legacy.colt.net\/#organization","name":"Colt Technology Services","url":"https:\/\/legacy.colt.net\/","logo":{"@type":"ImageObject","inLanguage":"fr-FR","@id":"https:\/\/legacy.colt.net\/#\/schema\/logo\/image\/","url":"https:\/\/legacy.colt.net\/wp-content\/uploads\/2019\/02\/Colt-Logo.png","contentUrl":"https:\/\/legacy.colt.net\/wp-content\/uploads\/2019\/02\/Colt-Logo.png","width":195,"height":77,"caption":"Colt Technology Services"},"image":{"@id":"https:\/\/legacy.colt.net\/#\/schema\/logo\/image\/"},"sameAs":["https:\/\/www.facebook.com\/ColtTechnologyServices\/","https:\/\/x.com\/colt_technology","https:\/\/www.instagram.com\/colttechnologyservices\/","https:\/\/www.linkedin.com\/company\/colt-technology-services","https:\/\/www.youtube.com\/user\/ColtTechnology"]}]}},"_links":{"self":[{"href":"https:\/\/legacy.colt.net\/fr\/wp-json\/wp\/v2\/pages\/100203","targetHints":{"allow":["GET"]}}],"collection":[{"href":"https:\/\/legacy.colt.net\/fr\/wp-json\/wp\/v2\/pages"}],"about":[{"href":"https:\/\/legacy.colt.net\/fr\/wp-json\/wp\/v2\/types\/page"}],"author":[{"embeddable":true,"href":"https:\/\/legacy.colt.net\/fr\/wp-json\/wp\/v2\/users\/2"}],"replies":[{"embeddable":true,"href":"https:\/\/legacy.colt.net\/fr\/wp-json\/wp\/v2\/comments?post=100203"}],"version-history":[{"count":0,"href":"https:\/\/legacy.colt.net\/fr\/wp-json\/wp\/v2\/pages\/100203\/revisions"}],"up":[{"embeddable":true,"href":"https:\/\/legacy.colt.net\/fr\/wp-json\/wp\/v2\/pages\/65345"}],"wp:attachment":[{"href":"https:\/\/legacy.colt.net\/fr\/wp-json\/wp\/v2\/media?parent=100203"}],"wp:term":[{"taxonomy":"colt_type","embeddable":true,"href":"https:\/\/legacy.colt.net\/fr\/wp-json\/wp\/v2\/colt_type?post=100203"},{"taxonomy":"colt_products","embeddable":true,"href":"https:\/\/legacy.colt.net\/fr\/wp-json\/wp\/v2\/colt_products?post=100203"}],"curies":[{"name":"wp","href":"https:\/\/api.w.org\/{rel}","templated":true}]}}