{"id":99909,"date":"2021-07-09T12:05:31","date_gmt":"2021-07-09T11:05:31","guid":{"rendered":"https:\/\/www.colt.net\/?page_id=99909"},"modified":"2023-11-02T08:37:59","modified_gmt":"2023-11-02T08:37:59","slug":"our-story","status":"publish","type":"page","link":"https:\/\/legacy.colt.net\/es\/about\/our-story\/","title":{"rendered":"Nuestra historia"},"content":{"rendered":"\n<h1>\n\t\tNuestra historia\n\t<\/h1>\n\t<nav class=\"breadcrumb\"><span><span><a href=\"https:\/\/legacy.colt.net\/es\/\">Home<\/a><\/span><\/span><\/nav>\n<h3>\n\t\tNuestra historia comienza hace m\u00e1s de un cuarto de siglo, en 1992.\n\t<\/h3>\n\t<p>Pero nuestra historia no ha terminado El prop\u00f3sito de Colt es convertirse en la empresa de infraestructuras digitales que elijan las empresas m\u00e1s importantes del mundo para conectarse. Colt quiere poner la capacidad del universo digital en manos de los clientes, donde, cuando y como quieran. Para ello, contamos con un personal extraordinario, redes inteligentes y socios afines en todo el mundo.<\/p>\n<p>Somos Colt, la compa\u00f1\u00eda global de infraestructuras digitales. Despl\u00e1zate hacia abajo para descubrir nuestra historia y c\u00f3mo ofrecemos excelentes conexiones sin descuidar ning\u00fan detalle.<\/p>\n\t\t\t<a href=\"#1992\" target=\"_self\" role=\"button\" rel=\"noopener\">\n\t\t\t\t\t\t Empecemos\n\t\t\t\t\t<\/a>\n\t\t\t\t<img loading=\"lazy\" decoding=\"async\" src=\"https:\/\/legacy.colt.net\/wp-content\/uploads\/2022\/09\/Colt-1992-first-cables.jpg\" alt=\"Colt-1992-first-cables\" itemprop=\"image\" height=\"1431\" width=\"1920\" title=\"Colt-1992-first-cables\" onerror=\"this.style.display='none'\"  \/>\n<h2>\n\t\t1992\n\t<\/h2>\n\t<p>Nuestra historia comienza en 1992, cuando el empresario Jim Hynes fund\u00f3, con el apoyo de Fidelity, City of London Telecommunications (COLT).<\/p>\n<p>En un a\u00f1o, nuestra red en Londres se hab\u00eda extendido 15 km.<\/p>\n\t\t\t<a href=\"#19922\" target=\"_self\" role=\"button\" rel=\"noopener\">\n\t\t\t\t\t\t Siguiente\n\t\t\t\t\t<\/a>\n<h2>\n\t\t1992\n\t<\/h2>\n\t<p>Pronto conseguimos nuestro primer cliente: el banco de inversiones <strong>Robert Fleming<\/strong>.<\/p>\n\t\t\t<a href=\"#1996\" target=\"_self\" role=\"button\" rel=\"noopener\">\n\t\t\t\t\t\tSiguiente\n\t\t\t\t\t<\/a>\n\t\t\t\t<img loading=\"lazy\" decoding=\"async\" src=\"https:\/\/legacy.colt.net\/wp-content\/uploads\/2022\/09\/Name-in-Lights.png\" alt=\"Name in Lights\" itemprop=\"image\" height=\"1125\" width=\"800\" title=\"Name in Lights\" onerror=\"this.style.display='none'\"  \/>\n<h2>\n\t\t1996\n\t<\/h2>\n\t<p>En 1996, nos expandimos a Europa, con presencia en Alemania y Francia. Dos pa\u00edses en los que seguimos creciendo.<\/p>\n\t\t\t<a href=\"#1999\" target=\"_self\" role=\"button\" rel=\"noopener\">\n\t\t\t\t\t\t Siguiente\n\t\t\t\t\t<\/a>\n<h2>\n\t\t1999\n\t<\/h2>\n\t<p>En 1999, presentamos nuestro servicio de red metropolitana en Jap\u00f3n y abrimos nuestra primera oficina en Tokio.<\/p>\n\t\t\t<a href=\"#2000\" target=\"_self\" role=\"button\" rel=\"noopener\">\n\t\t\t\t\t\t Siguiente\n\t\t\t\t\t<\/a>\n\t\t\t\t<img loading=\"lazy\" decoding=\"async\" src=\"https:\/\/legacy.colt.net\/wp-content\/uploads\/2021\/01\/Tokyo.jpg\" alt=\"Tokyo\" itemprop=\"image\" height=\"996\" width=\"1536\" title=\"Tokyo\" onerror=\"this.style.display='none'\"  \/>\n\t\t\t\t<img loading=\"lazy\" decoding=\"async\" src=\"https:\/\/legacy.colt.net\/wp-content\/uploads\/2023\/10\/0H2A4394-scaled.jpg\" alt=\"0H2A4394\" itemprop=\"image\" height=\"1708\" width=\"2560\" title=\"0H2A4394\" onerror=\"this.style.display='none'\"  \/>\n<h2>\n\t\t2000\n\t<\/h2>\n\t<p>Unos pocos a\u00f1os despu\u00e9s del comienzo del nuevo milenio, superamos los 15 000 clientes.<\/p>\n<p>Hab\u00edamos tendido 20 000 km de fibra en 13 pa\u00edses.<\/p>\n\t\t\t<a href=\"#2008\" target=\"_self\" role=\"button\" rel=\"noopener\">\n\t\t\t\t\t\t Siguiente\n\t\t\t\t\t<\/a>\n<h2>\n\t\t2008\n\t<\/h2>\n\t<p>En 2008 emprendimos la expansi\u00f3n a EE. UU., con presencia metropolitana en Nueva York, Newark y Boston<\/p>\n\t\t\t<a href=\"#2010\" target=\"_self\" role=\"button\" rel=\"noopener\">\n\t\t\t\t\t\t Siguiente\n\t\t\t\t\t<\/a>\n<h2>\n\t\t2010\n\t<\/h2>\n\t<p>En 2010 pasamos a ser Colt Technology Services, lo que reflejaba que ya \u00e9ramos una empresa establecida a nivel internacional<\/p>\n\t\t\t<a href=\"#2011\" target=\"_self\" role=\"button\" rel=\"noopener\">\n\t\t\t\t\t\t Siguiente\n\t\t\t\t\t<\/a>\n\t\t\t\t<img loading=\"lazy\" decoding=\"async\" src=\"https:\/\/legacy.colt.net\/wp-content\/uploads\/2020\/12\/Colt_logo_Teal_RGB-300x118-1.png\" alt=\"Colt_logo_Teal_RGB-300x118\" itemprop=\"image\" height=\"118\" width=\"300\" title=\"Colt_logo_Teal_RGB-300x118\" onerror=\"this.style.display='none'\"  \/>\n\t\t\t\t<img loading=\"lazy\" decoding=\"async\" src=\"https:\/\/legacy.colt.net\/wp-content\/uploads\/2021\/01\/Connecting-financial-markets.png\" alt=\"Connecting financial markets\" itemprop=\"image\" height=\"1125\" width=\"1000\" title=\"Connecting financial markets\" onerror=\"this.style.display='none'\"  \/>\n<h2>\n\t\t2011\n\t<\/h2>\n\t<p>En 2011 adquirimos Market Prizm, un proveedor de soluciones de infraestructura comercial -ahora Colt Capital Markets-, para reforzar nuestra capacidad en cuanto a servicios financieros se refiere.<\/p>\n\t\t\t<a href=\"#2012\" target=\"_self\" role=\"button\" rel=\"noopener\">\n\t\t\t\t\t\t Siguiente\n\t\t\t\t\t<\/a>\n<h2>\n\t\t2012\n\t<\/h2>\n\t<p>En 2012 viajamos de Londres a Par\u00eds en nuestro primer paseo ben\u00e9fico en bicicleta. Ahora lo hacemos cada a\u00f1o y hemos recaudado m\u00e1s de 1 mill\u00f3n de euros hasta la fecha.<\/p>\n\t\t\t<a href=\"#2014\" target=\"_self\" role=\"button\" rel=\"noopener\">\n\t\t\t\t\t\t Siguiente\n\t\t\t\t\t<\/a>\n<h2>\n\t\t2014\n\t<\/h2>\n\t<p>En 2014 entramos en Asia-Pac\u00edfico con la adquisici\u00f3n de KVH. Tambi\u00e9n superamos el umbral global de 20 000 millones de minutos de voz servidos y nos conectamos a 416 data centres de terceros.<\/p>\n\t\t\t<a href=\"#2015\" target=\"_self\" role=\"button\" rel=\"noopener\">\n\t\t\t\t\t\t Siguiente\n\t\t\t\t\t<\/a>\n\t\t\t\t<img loading=\"lazy\" decoding=\"async\" src=\"https:\/\/legacy.colt.net\/wp-content\/uploads\/2019\/08\/iStock-491924730.jpg\" alt=\"People crossing the famous Shibuya crossing in Tokyo at night.\" itemprop=\"image\" height=\"837\" width=\"1254\" title=\"Busy Shibuya crossing in Tokyo\" onerror=\"this.style.display='none'\"  \/>\n\t\t\t\t<img loading=\"lazy\" decoding=\"async\" src=\"https:\/\/legacy.colt.net\/wp-content\/uploads\/2023\/05\/The-new-customer-01.png\" alt=\"The-new-customer-01\" itemprop=\"image\" height=\"600\" width=\"989\" title=\"The-new-customer-01\" onerror=\"this.style.display='none'\"  \/>\n<h2>\n\t\t2015\n\t<\/h2>\n\t<p>En 2015 pasamos a ser propiedad de Fidelity Investments y Eight Roads, lo que nos consolid\u00f3 como una de las empresas m\u00e1s estables de nuestro sector en t\u00e9rminos financieros.<\/p>\n<p>Esto, adem\u00e1s, posibilit\u00f3 que lleg\u00e1ramos a 49 redes de \u00e1reas metropolitanas en 28 pa\u00edses y a m\u00e1s de 24\u00a0000 edificios on-net.<\/p>\n\t\t\t<a href=\"#2017\" target=\"_self\" role=\"button\" rel=\"noopener\">\n\t\t\t\t\t\t Siguiente\n\t\t\t\t\t<\/a>\n\t\t\t\t<img loading=\"lazy\" decoding=\"async\" src=\"https:\/\/legacy.colt.net\/wp-content\/uploads\/2021\/02\/N25-logo-02.png\" alt=\"N25-logo-02\" itemprop=\"image\" height=\"249\" width=\"604\" title=\"N25-logo-02\" onerror=\"this.style.display='none'\"  \/>\n<h2>\n\t\t2017\n\t<\/h2>\n\t<p>2017 fue el a\u00f1o de la fundaci\u00f3n de nuestra red de mujeres, Network 25, que nos ayud\u00f3 a romper las barreras tradicionales de g\u00e9nero y a potenciar nuestra diversidad.<\/p>\n\t\t\t<a href=\"#2019\" target=\"_self\" role=\"button\" rel=\"noopener\">\n\t\t\t\t\t\t Siguiente\n\t\t\t\t\t<\/a>\n<h2>\n\t\t2019\n\t<\/h2>\n\t<p>En 2019 nuestra red continu\u00f3 expandi\u00e9ndose en los EE. UU. y desembarcamos en Europa del Este. Tambi\u00e9n presentamos nuestras redes Pride Matters y YOUnited.<\/p>\n\t\t\t<a href=\"#2020\" target=\"_self\" role=\"button\" rel=\"noopener\">\n\t\t\t\t\t\t Siguiente\n\t\t\t\t\t<\/a>\n\t\t\t\t<img decoding=\"async\" src=\"https:\/\/legacy.colt.net\/wp-content\/uploads\/2020\/01\/pride-matters2.jpg\" alt=\"pride matters2\" itemprop=\"image\" title=\"pride matters2\" onerror=\"this.style.display='none'\"  \/>\n\t\t\t\t<img loading=\"lazy\" decoding=\"async\" src=\"https:\/\/legacy.colt.net\/wp-content\/uploads\/2023\/10\/Keri-1.png\" alt=\"Keri\" itemprop=\"image\" height=\"619\" width=\"645\" title=\"Keri\" onerror=\"this.style.display='none'\"  \/>\n<h2>\n\t\t2020\n\t<\/h2>\n\t<p>En 2020, Keri Gilder se convirti\u00f3 en nuestra primera directora ejecutiva, presentamos nuestra Red de Accesibilidad para Discapacitados (DAN) y batimos nuestro propio r\u00e9cord Net Promoter Score con una puntuaci\u00f3n de 70.<\/p>\n\t\t\t<a href=\"#2022\" target=\"_self\" role=\"button\" rel=\"noopener\">\n\t\t\t\t\t\t Siguiente\n\t\t\t\t\t<\/a>\n<h2>\n\t\t2022\n\t<\/h2>\n\t<p>En el 30.\u00ba aniversario de Colt, el equipo de Gobernanza Ambiental y Social public\u00f3 el primer informe de sostenibilidad de la empresa, en l\u00ednea con la Iniciativa de Objetivos Basados en la Ciencia (SBTI) y comprometi\u00e9ndonos a ayudar a nuestros clientes a ser neutros en carbono para 2050.<\/p>\n<p>Adem\u00e1s, Colt recibi\u00f3 en 2022 el galard\u00f3n Top Global Employer de Stonewall, un premio que reconoce a los mejores empleadores multinacionales para la comunidad LGBTQ+.<\/p>\n<p>El Net Promotor Score (NPS) de Colt sigue siendo un ejemplo a seguir para todo el sector, con una puntaci\u00f3n de 73 en Europa.<\/p>\n\t\t\t<a href=\"#2023\" target=\"_self\" role=\"button\" rel=\"noopener\">\n\t\t\t\t\t\t Siguiente\n\t\t\t\t\t<\/a>\n\t\t\t\t<img loading=\"lazy\" decoding=\"async\" src=\"https:\/\/legacy.colt.net\/wp-content\/uploads\/2021\/06\/sustainability-5.png\" alt=\"sustainability-5\" itemprop=\"image\" height=\"555\" width=\"537\" title=\"sustainability-5\" onerror=\"this.style.display='none'\"  \/>\n\t\t\t\t<img loading=\"lazy\" decoding=\"async\" src=\"https:\/\/legacy.colt.net\/wp-content\/uploads\/2023\/10\/Map-Colt-Connected-Cities-23-Nov-1.png\" alt=\"Map---Colt-Connected-Cities-23-Nov-1\" itemprop=\"image\" height=\"1555\" width=\"2634\" title=\"Map---Colt-Connected-Cities-23-Nov-1\" onerror=\"this.style.display='none'\"  \/>\n<h2>\n\t\t2023\n\t<\/h2>\n\t<p>Colt Technology Services (Colt) cerr\u00f3 la adquisici\u00f3n de las divisiones de Lumen de Europa, Oriente Medio y \u00c1frica (EMEA) en noviembre de 2023. Colt acogi\u00f3 a nuevos empleados, clientes y socios y se ampli\u00f3 el alcance mundial y la capacidad.<\/p>\n\t\t\t<a href=\"https:\/\/legacy.colt.net\/es\/resources\/colt-lumen-emea\" target=\"_self\" role=\"button\" rel=\"noopener\">\n\t\t\t\t\t\t\tAqu\u00ed tienes m\u00e1s informaci\u00f3n\n\t\t\t<\/a>\n\n","protected":false},"excerpt":{"rendered":"<p>Nuestra historia Nuestra historia comienza hace m\u00e1s de un cuarto de siglo, en 1992. Pero nuestra historia no ha terminado El prop\u00f3sito de Colt es convertirse en la empresa de infraestructuras digitales que elijan las empresas m\u00e1s importantes del mundo para conectarse. Colt quiere poner la capacidad del universo digital en manos de los clientes,&#8230;<\/p>\n","protected":false},"author":2,"featured_media":0,"parent":34772,"menu_order":0,"comment_status":"closed","ping_status":"closed","template":"","meta":{"_acf_changed":false,"footnotes":""},"colt_type":[],"colt_products":[],"class_list":["post-99909","page","type-page","status-publish","hentry"],"acf":[],"yoast_head":"<!-- This site is optimized with the Yoast SEO plugin v26.8 - https:\/\/yoast.com\/product\/yoast-seo-wordpress\/ -->\n<title>Nuestra historia - Colt Technology Services<\/title>\n<meta name=\"description\" content=\"Nuestra historia Colt Technology Services\" \/>\n<meta name=\"robots\" content=\"noindex, follow, max-snippet:-1, max-image-preview:large, max-video-preview:-1\" \/>\n<meta property=\"og:locale\" content=\"es_ES\" \/>\n<meta property=\"og:type\" content=\"article\" \/>\n<meta property=\"og:title\" content=\"Nuestra historia - Colt Technology Services\" \/>\n<meta property=\"og:description\" content=\"Nuestra historia Colt Technology Services\" \/>\n<meta property=\"og:url\" content=\"https:\/\/legacy.colt.net\/es\/about\/our-story\/\" \/>\n<meta property=\"og:site_name\" content=\"Colt Technology Services\" \/>\n<meta property=\"article:publisher\" content=\"https:\/\/www.facebook.com\/ColtTechnologyServices\/\" \/>\n<meta property=\"article:modified_time\" content=\"2023-11-02T08:37:59+00:00\" \/>\n<meta property=\"og:image\" content=\"https:\/\/legacy.colt.net\/wp-content\/uploads\/2021\/01\/Brand-2021-Stock-7.jpg\" \/>\n\t<meta property=\"og:image:width\" content=\"1000\" \/>\n\t<meta property=\"og:image:height\" content=\"667\" \/>\n\t<meta property=\"og:image:type\" content=\"image\/jpeg\" \/>\n<meta name=\"twitter:card\" content=\"summary_large_image\" \/>\n<meta name=\"twitter:site\" content=\"@colt_technology\" \/>\n<meta name=\"twitter:label1\" content=\"Est. reading time\" \/>\n\t<meta name=\"twitter:data1\" content=\"3 minutes\" \/>\n<script type=\"application\/ld+json\" class=\"yoast-schema-graph\">{\"@context\":\"https:\/\/schema.org\",\"@graph\":[{\"@type\":\"WebPage\",\"@id\":\"https:\/\/legacy.colt.net\/es\/about\/our-story\/\",\"url\":\"https:\/\/legacy.colt.net\/es\/about\/our-story\/\",\"name\":\"Nuestra historia - Colt Technology Services\",\"isPartOf\":{\"@id\":\"https:\/\/legacy.colt.net\/#website\"},\"primaryImageOfPage\":{\"@id\":\"https:\/\/legacy.colt.net\/es\/about\/our-story\/#primaryimage\"},\"image\":{\"@id\":\"https:\/\/legacy.colt.net\/es\/about\/our-story\/#primaryimage\"},\"thumbnailUrl\":\"https:\/\/legacy.colt.net\/wp-content\/uploads\/2022\/09\/Colt-1992-first-cables.jpg\",\"datePublished\":\"2021-07-09T11:05:31+00:00\",\"dateModified\":\"2023-11-02T08:37:59+00:00\",\"description\":\"Nuestra historia Colt Technology Services\",\"breadcrumb\":{\"@id\":\"https:\/\/legacy.colt.net\/es\/about\/our-story\/#breadcrumb\"},\"inLanguage\":\"es-ES\",\"potentialAction\":[{\"@type\":\"ReadAction\",\"target\":[\"https:\/\/legacy.colt.net\/es\/about\/our-story\/\"]}]},{\"@type\":\"ImageObject\",\"inLanguage\":\"es-ES\",\"@id\":\"https:\/\/legacy.colt.net\/es\/about\/our-story\/#primaryimage\",\"url\":\"https:\/\/legacy.colt.net\/wp-content\/uploads\/2022\/09\/Colt-1992-first-cables.jpg\",\"contentUrl\":\"https:\/\/legacy.colt.net\/wp-content\/uploads\/2022\/09\/Colt-1992-first-cables.jpg\"},{\"@type\":\"BreadcrumbList\",\"@id\":\"https:\/\/legacy.colt.net\/es\/about\/our-story\/#breadcrumb\",\"itemListElement\":[{\"@type\":\"ListItem\",\"position\":1,\"name\":\"Home\",\"item\":\"https:\/\/legacy.colt.net\/es\/\"},{\"@type\":\"ListItem\",\"position\":2,\"name\":\"Acerca de Colt\",\"item\":\"https:\/\/legacy.colt.net\/es\/about\/\"},{\"@type\":\"ListItem\",\"position\":3,\"name\":\"Nuestra historia\"}]},{\"@type\":\"WebSite\",\"@id\":\"https:\/\/legacy.colt.net\/#website\",\"url\":\"https:\/\/legacy.colt.net\/\",\"name\":\"Colt\u30c6\u30af\u30ce\u30ed\u30b8\u30fc\u30b5\u30fc\u30d3\u30b9\u682a\u5f0f\u4f1a\u793e\",\"description\":\"Managed Network &amp; Voice Services Provider\",\"publisher\":{\"@id\":\"https:\/\/legacy.colt.net\/#organization\"},\"potentialAction\":[{\"@type\":\"SearchAction\",\"target\":{\"@type\":\"EntryPoint\",\"urlTemplate\":\"https:\/\/legacy.colt.net\/?s={search_term_string}\"},\"query-input\":{\"@type\":\"PropertyValueSpecification\",\"valueRequired\":true,\"valueName\":\"search_term_string\"}}],\"inLanguage\":\"es-ES\"},{\"@type\":\"Organization\",\"@id\":\"https:\/\/legacy.colt.net\/#organization\",\"name\":\"Colt Technology Services\",\"url\":\"https:\/\/legacy.colt.net\/\",\"logo\":{\"@type\":\"ImageObject\",\"inLanguage\":\"es-ES\",\"@id\":\"https:\/\/legacy.colt.net\/#\/schema\/logo\/image\/\",\"url\":\"https:\/\/legacy.colt.net\/wp-content\/uploads\/2019\/02\/Colt-Logo.png\",\"contentUrl\":\"https:\/\/legacy.colt.net\/wp-content\/uploads\/2019\/02\/Colt-Logo.png\",\"width\":195,\"height\":77,\"caption\":\"Colt Technology Services\"},\"image\":{\"@id\":\"https:\/\/legacy.colt.net\/#\/schema\/logo\/image\/\"},\"sameAs\":[\"https:\/\/www.facebook.com\/ColtTechnologyServices\/\",\"https:\/\/x.com\/colt_technology\",\"https:\/\/www.instagram.com\/colttechnologyservices\/\",\"https:\/\/www.linkedin.com\/company\/colt-technology-services\",\"https:\/\/www.youtube.com\/user\/ColtTechnology\"]}]}<\/script>\n<!-- \/ Yoast SEO plugin. -->","yoast_head_json":{"title":"Nuestra historia - Colt Technology Services","description":"Nuestra historia Colt Technology Services","robots":{"index":"noindex","follow":"follow","max-snippet":"max-snippet:-1","max-image-preview":"max-image-preview:large","max-video-preview":"max-video-preview:-1"},"og_locale":"es_ES","og_type":"article","og_title":"Nuestra historia - Colt Technology Services","og_description":"Nuestra historia Colt Technology Services","og_url":"https:\/\/legacy.colt.net\/es\/about\/our-story\/","og_site_name":"Colt Technology Services","article_publisher":"https:\/\/www.facebook.com\/ColtTechnologyServices\/","article_modified_time":"2023-11-02T08:37:59+00:00","og_image":[{"width":1000,"height":667,"url":"https:\/\/legacy.colt.net\/wp-content\/uploads\/2021\/01\/Brand-2021-Stock-7.jpg","type":"image\/jpeg"}],"twitter_card":"summary_large_image","twitter_site":"@colt_technology","twitter_misc":{"Est. reading time":"3 minutes"},"schema":{"@context":"https:\/\/schema.org","@graph":[{"@type":"WebPage","@id":"https:\/\/legacy.colt.net\/es\/about\/our-story\/","url":"https:\/\/legacy.colt.net\/es\/about\/our-story\/","name":"Nuestra historia - Colt Technology Services","isPartOf":{"@id":"https:\/\/legacy.colt.net\/#website"},"primaryImageOfPage":{"@id":"https:\/\/legacy.colt.net\/es\/about\/our-story\/#primaryimage"},"image":{"@id":"https:\/\/legacy.colt.net\/es\/about\/our-story\/#primaryimage"},"thumbnailUrl":"https:\/\/legacy.colt.net\/wp-content\/uploads\/2022\/09\/Colt-1992-first-cables.jpg","datePublished":"2021-07-09T11:05:31+00:00","dateModified":"2023-11-02T08:37:59+00:00","description":"Nuestra historia Colt Technology Services","breadcrumb":{"@id":"https:\/\/legacy.colt.net\/es\/about\/our-story\/#breadcrumb"},"inLanguage":"es-ES","potentialAction":[{"@type":"ReadAction","target":["https:\/\/legacy.colt.net\/es\/about\/our-story\/"]}]},{"@type":"ImageObject","inLanguage":"es-ES","@id":"https:\/\/legacy.colt.net\/es\/about\/our-story\/#primaryimage","url":"https:\/\/legacy.colt.net\/wp-content\/uploads\/2022\/09\/Colt-1992-first-cables.jpg","contentUrl":"https:\/\/legacy.colt.net\/wp-content\/uploads\/2022\/09\/Colt-1992-first-cables.jpg"},{"@type":"BreadcrumbList","@id":"https:\/\/legacy.colt.net\/es\/about\/our-story\/#breadcrumb","itemListElement":[{"@type":"ListItem","position":1,"name":"Home","item":"https:\/\/legacy.colt.net\/es\/"},{"@type":"ListItem","position":2,"name":"Acerca de Colt","item":"https:\/\/legacy.colt.net\/es\/about\/"},{"@type":"ListItem","position":3,"name":"Nuestra historia"}]},{"@type":"WebSite","@id":"https:\/\/legacy.colt.net\/#website","url":"https:\/\/legacy.colt.net\/","name":"Colt\u30c6\u30af\u30ce\u30ed\u30b8\u30fc\u30b5\u30fc\u30d3\u30b9\u682a\u5f0f\u4f1a\u793e","description":"Managed Network &amp; Voice Services Provider","publisher":{"@id":"https:\/\/legacy.colt.net\/#organization"},"potentialAction":[{"@type":"SearchAction","target":{"@type":"EntryPoint","urlTemplate":"https:\/\/legacy.colt.net\/?s={search_term_string}"},"query-input":{"@type":"PropertyValueSpecification","valueRequired":true,"valueName":"search_term_string"}}],"inLanguage":"es-ES"},{"@type":"Organization","@id":"https:\/\/legacy.colt.net\/#organization","name":"Colt Technology Services","url":"https:\/\/legacy.colt.net\/","logo":{"@type":"ImageObject","inLanguage":"es-ES","@id":"https:\/\/legacy.colt.net\/#\/schema\/logo\/image\/","url":"https:\/\/legacy.colt.net\/wp-content\/uploads\/2019\/02\/Colt-Logo.png","contentUrl":"https:\/\/legacy.colt.net\/wp-content\/uploads\/2019\/02\/Colt-Logo.png","width":195,"height":77,"caption":"Colt Technology Services"},"image":{"@id":"https:\/\/legacy.colt.net\/#\/schema\/logo\/image\/"},"sameAs":["https:\/\/www.facebook.com\/ColtTechnologyServices\/","https:\/\/x.com\/colt_technology","https:\/\/www.instagram.com\/colttechnologyservices\/","https:\/\/www.linkedin.com\/company\/colt-technology-services","https:\/\/www.youtube.com\/user\/ColtTechnology"]}]}},"_links":{"self":[{"href":"https:\/\/legacy.colt.net\/es\/wp-json\/wp\/v2\/pages\/99909","targetHints":{"allow":["GET"]}}],"collection":[{"href":"https:\/\/legacy.colt.net\/es\/wp-json\/wp\/v2\/pages"}],"about":[{"href":"https:\/\/legacy.colt.net\/es\/wp-json\/wp\/v2\/types\/page"}],"author":[{"embeddable":true,"href":"https:\/\/legacy.colt.net\/es\/wp-json\/wp\/v2\/users\/2"}],"replies":[{"embeddable":true,"href":"https:\/\/legacy.colt.net\/es\/wp-json\/wp\/v2\/comments?post=99909"}],"version-history":[{"count":0,"href":"https:\/\/legacy.colt.net\/es\/wp-json\/wp\/v2\/pages\/99909\/revisions"}],"up":[{"embeddable":true,"href":"https:\/\/legacy.colt.net\/es\/wp-json\/wp\/v2\/pages\/34772"}],"wp:attachment":[{"href":"https:\/\/legacy.colt.net\/es\/wp-json\/wp\/v2\/media?parent=99909"}],"wp:term":[{"taxonomy":"colt_type","embeddable":true,"href":"https:\/\/legacy.colt.net\/es\/wp-json\/wp\/v2\/colt_type?post=99909"},{"taxonomy":"colt_products","embeddable":true,"href":"https:\/\/legacy.colt.net\/es\/wp-json\/wp\/v2\/colt_products?post=99909"}],"curies":[{"name":"wp","href":"https:\/\/api.w.org\/{rel}","templated":true}]}}