{"id":92973,"date":"2021-03-16T15:25:09","date_gmt":"2021-03-16T15:25:09","guid":{"rendered":"https:\/\/www.colt.net\/?page_id=92973"},"modified":"2022-11-02T13:34:53","modified_gmt":"2022-11-02T13:34:53","slug":"other","status":"publish","type":"page","link":"https:\/\/legacy.colt.net\/es\/contact-us\/other\/","title":{"rendered":"Otros contactos"},"content":{"rendered":"\n\n\t<nav class=\"breadcrumb\"><span><span><a href=\"https:\/\/legacy.colt.net\/es\/\">Home<\/a><\/span><\/span><\/nav>\n\t\t\t<a href=\"https:\/\/legacy.colt.net\/es\/contact-us\/\" target=\"_self\" role=\"button\" rel=\"noopener\">\n\t\t\t\t\t\t\tVentas\n\t\t\t\t\t<\/a>\n\t\t\t<a href=\"https:\/\/legacy.colt.net\/es\/support\/\" target=\"_self\" role=\"button\" rel=\"noopener\">\n\t\t\t\t\t\t\tSoporte\n\t\t\t\t\t<\/a>\n\t\t\t<a href=\"https:\/\/legacy.colt.net\/es\/contact-us\/offices\/\" target=\"_self\" role=\"button\" rel=\"noopener\">\n\t\t\t\t\t\t\tOficinas locales \n\t\t\t\t\t<\/a>\n\t\t\t<a href=\"#\" target=\"_self\" role=\"button\" rel=\"noopener\">\n\t\t\t\t\t\t\tOtros\n\t\t\t\t\t<\/a>\n<h2>\n\t\tOtros contactos\n\t<\/h2>\n\t\t\t\t\t\t<h4 tabindex=\"0\">Empleo en Colt<\/h4>\n\t\t\t<p>Visite nuestro sitio de carreras personalizadas para obtener m\u00e1s informaci\u00f3n sobre carreras en ventas, programas de posgrado y pr\u00e1cticas.<\/p>\n<p><a href=\"https:\/\/careers.colt.net\/\">Visit our careers portal<\/a><\/p>\n\t\t\t\t\t\t<h4 tabindex=\"0\">Colt Capital Markets<\/h4>\n\t\t\t<p><strong>Global\/ EMEA<\/strong> &#8211; Matthew Reinholds <a href=\"tel: +442078635409\">+442078635409<\/a><\/p>\n<p><strong>US<\/strong>\u00a0&#8211; John Sullivan:\u00a0<a href=\"tel: +1 2017880966\">+1 2017880966<\/a><\/p>\n<p><strong>Asia<\/strong>\u00a0&#8211; James Hardcastle:\u00a0<a href=\"tel: +852-6131-3723\">+852-6131-3723<\/a><\/p>\n<p><strong>Email:<\/strong>\u00a0<a href=\"mailto:CapitalMarkets@colt.net\">CapitalMarkets@colt.net<\/a><\/p>\n\t\t\t\t\t\t<h4 tabindex=\"0\">Colt Online<\/h4>\n\t\t\t<p>Con Colt Online puedes gestionar tus servicios, pedidos, facturas e incidencias desde una sola web y sin estr\u00e9s.<\/p>\n<p><a href=\"https:\/\/prodidm.colt.net\/nidp\/idff\/sso?id=156&amp;sid=1&amp;option=credential&amp;sid=1&amp;target=https:\/\/online.colt.net\/\">Visit Colt Online<\/a><\/p>\n\t\t\t\t\t\t<h4 tabindex=\"0\">Relaciones con los medios y analistas<\/h4>\n\t\t\t<p>Para consultas con medios y analistas del sector, por favor contacte con:<\/p>\n<p><strong>Lourdes Serrano,<\/strong><br \/>Responsable de Marketing y Comunicaci\u00f3n (ES y PT)<br \/>Telef\u00f3no: 917899235 \/ 627491900<br \/>Email:\u00a0<a href=\"mailto:lourdes.serrano@colt.net\">lourdes.serrano@colt.net<\/a><\/p>\n<p>Para consultas de medios de la regi\u00f3n EMEA, comun\u00edquese con:<\/p>\n<p><strong>Anne Amlot<br \/><\/strong>+447899 950730<br \/><a href=\"mailto:Anne.amlot@colt.net\" target=\"_blank\" rel=\"noopener noreferrer\" data-auth=\"NotApplicable\" data-safelink=\"true\" data-linkindex=\"1\">Anne.amlot@colt.net<\/a><\/p>\n\t\t\t\t\t\t<h4 tabindex=\"0\">Reglamento General de Protecci\u00f3n de Datos (RGPD)<\/h4>\n\t\t\t<p>Nos tomamos muy en serio la privacidad de sus datos y solo recopilaremos la informaci\u00f3n que haya dado su consentimiento para proporcionarnos y que sea relevante para su comunicaci\u00f3n con nosotros. En esta secci\u00f3n, obtenga m\u00e1s informaci\u00f3n sobre c\u00f3mo recopilamos sus datos, qu\u00e9 hacemos con las cookies y c\u00f3mo puede cambiar sus preferencias.\u00a0<a href=\"https:\/\/legacy.colt.net\/es\/legal\/data-privacy\/\">Saber m\u00e1s&#8230;<\/a><\/p>\n\t\t\t\t\t\t<h4 tabindex=\"0\">Reclamaciones<\/h4>\n\t\t\t<p>Si tiene una reclamaciones sobre alg\u00fan aspecto de nuestros servicios, puede ponerse en contacto con Colt de cualquiera de las siguientes formar:<\/p>\n<p>Le rogamos proporcionar la siguiente informaci\u00f3n:<\/p>\n<ul>\n<li>Los principales datos de su reclamaciones<\/li>\n<li>Su cuenta con Colt o el n\u00famero de su circuito (s\u00f3lo para actuales clientes de Colt) y<\/li>\n<li>Su nombre y n\u00famero de tel\u00e9fono.<\/li>\n<\/ul>\n<p><a href=\"https:\/\/legacy.colt.net\/es\/complaints\/\">How to contact us<\/a><\/p>\n\t\t\t\t\t\t<h4 tabindex=\"0\">Reclamaciones por tr\u00e1fico de voz<\/h4>\n\t\t\t<p>Si recibi\u00f3 llamadas no deseadas o su n\u00famero est\u00e1 siendo falsificado, bloqueado o etiquetado como posible spam, p\u00f3ngase en contacto con nosotros en\u00a0<a href=\"mailto:consumer@colt.net\" target=\"_blank\" rel=\"noopener noreferrer\" data-auth=\"NotApplicable\" data-linkindex=\"0\">consumer@colt.net<\/a>.<\/p>\n<p>Para una colaboraci\u00f3n r\u00e1pida y eficaz, no olvide proporcionarnos su informaci\u00f3n de contacto completa y una descripci\u00f3n detallada del problema que encontr\u00f3.<\/p>\n\n","protected":false},"excerpt":{"rendered":"<p>Ventas Soporte Oficinas locales Otros Otros contactos Empleo en Colt Visite nuestro sitio de carreras personalizadas para obtener m\u00e1s informaci\u00f3n sobre carreras en ventas, programas de posgrado y pr\u00e1cticas. Visit our careers portal Colt Capital Markets Global\/ EMEA &#8211; Matthew Reinholds +442078635409 US\u00a0&#8211; John Sullivan:\u00a0+1 2017880966 Asia\u00a0&#8211; James Hardcastle:\u00a0+852-6131-3723 Email:\u00a0CapitalMarkets@colt.net Colt Online Con Colt Online&#8230;<\/p>\n","protected":false},"author":2,"featured_media":0,"parent":34200,"menu_order":0,"comment_status":"closed","ping_status":"closed","template":"","meta":{"_acf_changed":false,"footnotes":""},"colt_type":[],"colt_products":[],"class_list":["post-92973","page","type-page","status-publish","hentry"],"acf":[],"yoast_head":"<!-- This site is optimized with the Yoast SEO plugin v26.8 - https:\/\/yoast.com\/product\/yoast-seo-wordpress\/ -->\n<title>Otros contactos - Colt Technology Services<\/title>\n<meta name=\"description\" content=\"Otros contactos Colt Technology Services\" \/>\n<meta name=\"robots\" content=\"noindex, follow, max-snippet:-1, max-image-preview:large, max-video-preview:-1\" \/>\n<meta property=\"og:locale\" content=\"es_ES\" \/>\n<meta property=\"og:type\" content=\"article\" \/>\n<meta property=\"og:title\" content=\"Otros contactos - Colt Technology Services\" \/>\n<meta property=\"og:description\" content=\"Otros contactos Colt Technology Services\" \/>\n<meta property=\"og:url\" content=\"https:\/\/legacy.colt.net\/es\/contact-us\/other\/\" \/>\n<meta property=\"og:site_name\" content=\"Colt Technology Services\" \/>\n<meta property=\"article:publisher\" content=\"https:\/\/www.facebook.com\/ColtTechnologyServices\/\" \/>\n<meta property=\"article:modified_time\" content=\"2022-11-02T13:34:53+00:00\" \/>\n<meta property=\"og:image\" content=\"https:\/\/legacy.colt.net\/wp-content\/uploads\/2021\/01\/Brand-2021-Stock-36.jpg\" \/>\n\t<meta property=\"og:image:width\" content=\"1000\" \/>\n\t<meta property=\"og:image:height\" content=\"667\" \/>\n\t<meta property=\"og:image:type\" content=\"image\/jpeg\" \/>\n<meta name=\"twitter:card\" content=\"summary_large_image\" \/>\n<meta name=\"twitter:site\" content=\"@colt_technology\" \/>\n<meta name=\"twitter:label1\" content=\"Est. reading time\" \/>\n\t<meta name=\"twitter:data1\" content=\"2 minutes\" \/>\n<script type=\"application\/ld+json\" class=\"yoast-schema-graph\">{\"@context\":\"https:\/\/schema.org\",\"@graph\":[{\"@type\":\"WebPage\",\"@id\":\"https:\/\/legacy.colt.net\/es\/contact-us\/other\/\",\"url\":\"https:\/\/legacy.colt.net\/es\/contact-us\/other\/\",\"name\":\"Otros contactos - Colt Technology Services\",\"isPartOf\":{\"@id\":\"https:\/\/legacy.colt.net\/#website\"},\"datePublished\":\"2021-03-16T15:25:09+00:00\",\"dateModified\":\"2022-11-02T13:34:53+00:00\",\"description\":\"Otros contactos Colt Technology Services\",\"breadcrumb\":{\"@id\":\"https:\/\/legacy.colt.net\/es\/contact-us\/other\/#breadcrumb\"},\"inLanguage\":\"es-ES\",\"potentialAction\":[{\"@type\":\"ReadAction\",\"target\":[\"https:\/\/legacy.colt.net\/es\/contact-us\/other\/\"]}]},{\"@type\":\"BreadcrumbList\",\"@id\":\"https:\/\/legacy.colt.net\/es\/contact-us\/other\/#breadcrumb\",\"itemListElement\":[{\"@type\":\"ListItem\",\"position\":1,\"name\":\"Home\",\"item\":\"https:\/\/legacy.colt.net\/es\/\"},{\"@type\":\"ListItem\",\"position\":2,\"name\":\"Contacto\",\"item\":\"https:\/\/legacy.colt.net\/es\/contact-us\/\"},{\"@type\":\"ListItem\",\"position\":3,\"name\":\"Otros contactos\"}]},{\"@type\":\"WebSite\",\"@id\":\"https:\/\/legacy.colt.net\/#website\",\"url\":\"https:\/\/legacy.colt.net\/\",\"name\":\"Colt\u30c6\u30af\u30ce\u30ed\u30b8\u30fc\u30b5\u30fc\u30d3\u30b9\u682a\u5f0f\u4f1a\u793e\",\"description\":\"Managed Network &amp; Voice Services Provider\",\"publisher\":{\"@id\":\"https:\/\/legacy.colt.net\/#organization\"},\"potentialAction\":[{\"@type\":\"SearchAction\",\"target\":{\"@type\":\"EntryPoint\",\"urlTemplate\":\"https:\/\/legacy.colt.net\/?s={search_term_string}\"},\"query-input\":{\"@type\":\"PropertyValueSpecification\",\"valueRequired\":true,\"valueName\":\"search_term_string\"}}],\"inLanguage\":\"es-ES\"},{\"@type\":\"Organization\",\"@id\":\"https:\/\/legacy.colt.net\/#organization\",\"name\":\"Colt Technology Services\",\"url\":\"https:\/\/legacy.colt.net\/\",\"logo\":{\"@type\":\"ImageObject\",\"inLanguage\":\"es-ES\",\"@id\":\"https:\/\/legacy.colt.net\/#\/schema\/logo\/image\/\",\"url\":\"https:\/\/legacy.colt.net\/wp-content\/uploads\/2019\/02\/Colt-Logo.png\",\"contentUrl\":\"https:\/\/legacy.colt.net\/wp-content\/uploads\/2019\/02\/Colt-Logo.png\",\"width\":195,\"height\":77,\"caption\":\"Colt Technology Services\"},\"image\":{\"@id\":\"https:\/\/legacy.colt.net\/#\/schema\/logo\/image\/\"},\"sameAs\":[\"https:\/\/www.facebook.com\/ColtTechnologyServices\/\",\"https:\/\/x.com\/colt_technology\",\"https:\/\/www.instagram.com\/colttechnologyservices\/\",\"https:\/\/www.linkedin.com\/company\/colt-technology-services\",\"https:\/\/www.youtube.com\/user\/ColtTechnology\"]}]}<\/script>\n<!-- \/ Yoast SEO plugin. -->","yoast_head_json":{"title":"Otros contactos - Colt Technology Services","description":"Otros contactos Colt Technology Services","robots":{"index":"noindex","follow":"follow","max-snippet":"max-snippet:-1","max-image-preview":"max-image-preview:large","max-video-preview":"max-video-preview:-1"},"og_locale":"es_ES","og_type":"article","og_title":"Otros contactos - Colt Technology Services","og_description":"Otros contactos Colt Technology Services","og_url":"https:\/\/legacy.colt.net\/es\/contact-us\/other\/","og_site_name":"Colt Technology Services","article_publisher":"https:\/\/www.facebook.com\/ColtTechnologyServices\/","article_modified_time":"2022-11-02T13:34:53+00:00","og_image":[{"width":1000,"height":667,"url":"https:\/\/legacy.colt.net\/wp-content\/uploads\/2021\/01\/Brand-2021-Stock-36.jpg","type":"image\/jpeg"}],"twitter_card":"summary_large_image","twitter_site":"@colt_technology","twitter_misc":{"Est. reading time":"2 minutes"},"schema":{"@context":"https:\/\/schema.org","@graph":[{"@type":"WebPage","@id":"https:\/\/legacy.colt.net\/es\/contact-us\/other\/","url":"https:\/\/legacy.colt.net\/es\/contact-us\/other\/","name":"Otros contactos - Colt Technology Services","isPartOf":{"@id":"https:\/\/legacy.colt.net\/#website"},"datePublished":"2021-03-16T15:25:09+00:00","dateModified":"2022-11-02T13:34:53+00:00","description":"Otros contactos Colt Technology Services","breadcrumb":{"@id":"https:\/\/legacy.colt.net\/es\/contact-us\/other\/#breadcrumb"},"inLanguage":"es-ES","potentialAction":[{"@type":"ReadAction","target":["https:\/\/legacy.colt.net\/es\/contact-us\/other\/"]}]},{"@type":"BreadcrumbList","@id":"https:\/\/legacy.colt.net\/es\/contact-us\/other\/#breadcrumb","itemListElement":[{"@type":"ListItem","position":1,"name":"Home","item":"https:\/\/legacy.colt.net\/es\/"},{"@type":"ListItem","position":2,"name":"Contacto","item":"https:\/\/legacy.colt.net\/es\/contact-us\/"},{"@type":"ListItem","position":3,"name":"Otros contactos"}]},{"@type":"WebSite","@id":"https:\/\/legacy.colt.net\/#website","url":"https:\/\/legacy.colt.net\/","name":"Colt\u30c6\u30af\u30ce\u30ed\u30b8\u30fc\u30b5\u30fc\u30d3\u30b9\u682a\u5f0f\u4f1a\u793e","description":"Managed Network &amp; Voice Services Provider","publisher":{"@id":"https:\/\/legacy.colt.net\/#organization"},"potentialAction":[{"@type":"SearchAction","target":{"@type":"EntryPoint","urlTemplate":"https:\/\/legacy.colt.net\/?s={search_term_string}"},"query-input":{"@type":"PropertyValueSpecification","valueRequired":true,"valueName":"search_term_string"}}],"inLanguage":"es-ES"},{"@type":"Organization","@id":"https:\/\/legacy.colt.net\/#organization","name":"Colt Technology Services","url":"https:\/\/legacy.colt.net\/","logo":{"@type":"ImageObject","inLanguage":"es-ES","@id":"https:\/\/legacy.colt.net\/#\/schema\/logo\/image\/","url":"https:\/\/legacy.colt.net\/wp-content\/uploads\/2019\/02\/Colt-Logo.png","contentUrl":"https:\/\/legacy.colt.net\/wp-content\/uploads\/2019\/02\/Colt-Logo.png","width":195,"height":77,"caption":"Colt Technology Services"},"image":{"@id":"https:\/\/legacy.colt.net\/#\/schema\/logo\/image\/"},"sameAs":["https:\/\/www.facebook.com\/ColtTechnologyServices\/","https:\/\/x.com\/colt_technology","https:\/\/www.instagram.com\/colttechnologyservices\/","https:\/\/www.linkedin.com\/company\/colt-technology-services","https:\/\/www.youtube.com\/user\/ColtTechnology"]}]}},"_links":{"self":[{"href":"https:\/\/legacy.colt.net\/es\/wp-json\/wp\/v2\/pages\/92973","targetHints":{"allow":["GET"]}}],"collection":[{"href":"https:\/\/legacy.colt.net\/es\/wp-json\/wp\/v2\/pages"}],"about":[{"href":"https:\/\/legacy.colt.net\/es\/wp-json\/wp\/v2\/types\/page"}],"author":[{"embeddable":true,"href":"https:\/\/legacy.colt.net\/es\/wp-json\/wp\/v2\/users\/2"}],"replies":[{"embeddable":true,"href":"https:\/\/legacy.colt.net\/es\/wp-json\/wp\/v2\/comments?post=92973"}],"version-history":[{"count":0,"href":"https:\/\/legacy.colt.net\/es\/wp-json\/wp\/v2\/pages\/92973\/revisions"}],"up":[{"embeddable":true,"href":"https:\/\/legacy.colt.net\/es\/wp-json\/wp\/v2\/pages\/34200"}],"wp:attachment":[{"href":"https:\/\/legacy.colt.net\/es\/wp-json\/wp\/v2\/media?parent=92973"}],"wp:term":[{"taxonomy":"colt_type","embeddable":true,"href":"https:\/\/legacy.colt.net\/es\/wp-json\/wp\/v2\/colt_type?post=92973"},{"taxonomy":"colt_products","embeddable":true,"href":"https:\/\/legacy.colt.net\/es\/wp-json\/wp\/v2\/colt_products?post=92973"}],"curies":[{"name":"wp","href":"https:\/\/api.w.org\/{rel}","templated":true}]}}