{"id":90940,"date":"2020-06-16T12:00:14","date_gmt":"2020-06-16T11:00:14","guid":{"rendered":"https:\/\/www.colt.net\/capital-markets\/our-expertise\/"},"modified":"2021-02-17T09:04:35","modified_gmt":"2021-02-17T09:04:35","slug":"our-expertise","status":"publish","type":"page","link":"https:\/\/legacy.colt.net\/es\/solutions\/capital-markets\/our-expertise\/","title":{"rendered":"Our Expertise"},"content":{"rendered":"\n<h1>\n\t\tNuestra experiencia \n\t<\/h1>\n<h2>\n\t\tServicios de mercados de capitales\n\t<\/h2>\n\t<nav class=\"breadcrumb\"><span><span><a href=\"https:\/\/legacy.colt.net\/es\/\">Home<\/a><\/span><\/span><\/nav>\n\t\t\t<a href=\"#hs-chat-open\" target=\"_self\" role=\"button\" rel=\"noopener noreferrer\">\n\t\t\t\t\t\tLive chat\n\t\t\t\t\t<\/a>\n\t\t\t<a href=\"#contact\" target=\"_self\" role=\"button\" rel=\"noopener noreferrer\">\n\t\t\t\t\t\tContacto\n\t\t\t\t\t<\/a>\n\t\t\t<a href=\"https:\/\/legacy.colt.net\/es\/product\/prizmnet-portal\/\" target=\"_blank\" role=\"button\" rel=\"noopener noreferrer\">\n\t\t\t\t\t\tPrizmNet demo\n\t\t\t\t\t<\/a>\n<h3>\n\t\tCuando cada milisegundo cuenta, los bancos globales, los fondos de cobertura y las firmas comerciales propietarias recurren a Colt como socio fiable para cumplir con sus requisitos m\u00e1s sensibles a la latencia.\n\t<\/h3>\n\t<p>Colt IQ Network para mercados financieros proporciona una conectividad r\u00e1pida y segura entre los principales centros de comercio financiero y las bolsas de todo el mundo. Nuestra red consta de m\u00e1s de 50 rutas \u00fanicas de baja latencia, incluidas nuestras rutas de latencia ultrabaja que conectan Europa y Asia. Colt conecta m\u00e1s de 50 bolsas financieras en cuatro continentes, lo que garantiza que lleguemos a todos los lugares donde hagas negocios.<\/p>\n<h3>\n\t\tServicio de ayuda dedicado\n\t<\/h3>\n\t<p>Nuestros clientes de los mercados de capital esperan un servicio excepcional con acceso garantizado a los mercados financieros mundiales. El equipo de Colt CMSD proporciona asistencia t\u00e9cnica para productos de soluciones, data centres y redes, con la mayor concentraci\u00f3n de asistencia para los servicios de red.<\/p>\n<p>El CMSD posee y controla la infraestructura base, desde la fibra que va por el suelo hasta las tecnolog\u00edas \u00f3pticas superpuestas que ofrecen SLA centrados en el negocio de extremo a extremo.<\/p>\n\t\t\t\t<img loading=\"lazy\" decoding=\"async\" src=\"https:\/\/legacy.colt.net\/wp-content\/uploads\/2021\/01\/Brand-2021-Stock-20.jpg\" alt=\"Programmers working cooperating at IT company developing apps\" itemprop=\"image\" height=\"652\" width=\"1000\" title=\"Programmers cooperating at IT company developing apps\" onerror=\"this.style.display='none'\"  \/>\n\t\t\t\t<img loading=\"lazy\" decoding=\"async\" src=\"https:\/\/legacy.colt.net\/wp-content\/uploads\/2021\/01\/Brand-2021-Stock-3.jpg\" alt=\"Business Meeting in a Conference Room\" itemprop=\"image\" height=\"667\" width=\"1000\" title=\"Business Meeting in a Conference Room\" onerror=\"this.style.display='none'\"  \/>\n<h3>\n\t\tEquipo de desarrollo de software\n\t<\/h3>\n\t<p>El equipo de desarrollo de software de mercados de capitales crea capacidades y servicios en torno a datos financieros (normalizados). Las capacidades de este equipo incluyen: servicio basado en software alojado en MPP para normalizar las fuentes en formato MPP, normalizado y distribuido desde Colo, distribuci\u00f3n en multidifusi\u00f3n, datos normalizados MPP obtenidos mediante una \u00fanica interfaz API, apoyo al desarrollo local en Asia, datos sin p\u00e9rdidas, normalizaci\u00f3n, supervisi\u00f3n de la calidad de datos y oferta de un servicio gestionado desde un solo punto.<\/p>\n<h3>\n\t\tGesti\u00f3n de servicios\n\t<\/h3>\n\t<p>Consigue un \u00fanico representante de Colt para supervise de forma proactiva el ciclo de vida del servicio y el contrato, lo que te permitir\u00e1 centrar los recursos en el negocio principal y no en la gesti\u00f3n del servicio.<\/p>\n<p>Colt promueve la comprensi\u00f3n del negocio del cliente dentro de Colt para anticipar y responder proactivamente a los requisitos cambiantes, incluido el panorama de los mercados de capitales, aumentando la fiabilidad del servicio, minimizando el riesgo empresarial, evitando los fallos y controlando los resultados.<\/p>\n\t\t\t\t<img loading=\"lazy\" decoding=\"async\" src=\"https:\/\/legacy.colt.net\/wp-content\/uploads\/2021\/01\/Brand-2021-Stock-2.jpg\" alt=\"Female IT Engineer Working in Server Room\" itemprop=\"image\" height=\"676\" width=\"1000\" title=\"server room\" onerror=\"this.style.display='none'\"  \/>\n\t\t\t\t<img loading=\"lazy\" decoding=\"async\" src=\"https:\/\/legacy.colt.net\/wp-content\/uploads\/2021\/01\/Brand-2021-Stock-41.jpg\" alt=\"Multi-ethnic business people discussing at desk in office\" itemprop=\"image\" height=\"667\" width=\"1000\" title=\"Business people discussing in office\" onerror=\"this.style.display='none'\"  \/>\n<h3>\n\t\tVenta de soluciones\n\t<\/h3>\n\t<p>En conjunto, el equipo tiene exposici\u00f3n empresarial en \u00e1reas tan variadas como las soluciones de datos de mercado para el comercio electr\u00f3nico de renta fija, los sistemas de comercio de activos m\u00faltiples para el comercio y la supervisi\u00f3n de la ejecuci\u00f3n, pero siempre dentro de ecosistemas comerciales avanzados.<\/p>\n<p>El equipo puede aportar d\u00e9cadas de experiencia en estas \u00e1reas para proporcionar una comprensi\u00f3n profunda de los requisitos de nuestros clientes dentro del proceso comercial y soluciones de dise\u00f1o para cumplir con los requisitos detallados, ya sea dentro de una instalaci\u00f3n de colocaci\u00f3n en bolsa o en una infraestructura distribuida global.<\/p>\n<h2>\n\t\tContacta nuestro equipo de venta\n\t<\/h2>\n\t<p>[hubspot type=form portal=344164 id=36a44022-1cd3-4d83-9326-7ead4f224e9b]<\/p>\n<h1>\n\t\tComprobador de disponibilidad de fibra\n\t<\/h1>\n\t\n\t\t\t<a href=\"https:\/\/legacy.colt.net\/es\/colt-network-map\/\" target=\"_self\" role=\"button\" rel=\"noopener noreferrer\">\n\t\t\t\t\t\t\tComprobar mi conectividad\n\t\t\t\t\t<\/a>\n\n","protected":false},"excerpt":{"rendered":"<p>Nuestra experiencia Servicios de mercados de capitales Live chat Contacto PrizmNet demo Cuando cada milisegundo cuenta, los bancos globales, los fondos de cobertura y las firmas comerciales propietarias recurren a Colt como socio fiable para cumplir con sus requisitos m\u00e1s sensibles a la latencia. Colt IQ Network para mercados financieros proporciona una conectividad r\u00e1pida y&#8230;<\/p>\n","protected":false},"author":2,"featured_media":0,"parent":60839,"menu_order":0,"comment_status":"closed","ping_status":"closed","template":"","meta":{"_acf_changed":false,"footnotes":""},"colt_type":[],"colt_products":[],"class_list":["post-90940","page","type-page","status-publish","hentry"],"acf":[],"yoast_head":"<!-- This site is optimized with the Yoast SEO plugin v26.8 - https:\/\/yoast.com\/product\/yoast-seo-wordpress\/ -->\n<title>Our Expertise - Colt Technology Services<\/title>\n<meta name=\"description\" content=\"Our Expertise Colt Technology Services Servicios de mercados de capitales. Cuando cada milisegundo cuenta, los bancos globales\" \/>\n<meta name=\"robots\" content=\"noindex, follow, max-snippet:-1, max-image-preview:large, max-video-preview:-1\" \/>\n<meta property=\"og:locale\" content=\"es_ES\" \/>\n<meta property=\"og:type\" content=\"article\" \/>\n<meta property=\"og:title\" content=\"Our Expertise - Colt Technology Services\" \/>\n<meta property=\"og:description\" content=\"Our Expertise Colt Technology Services Servicios de mercados de capitales. Cuando cada milisegundo cuenta, los bancos globales\" \/>\n<meta property=\"og:url\" content=\"https:\/\/legacy.colt.net\/es\/solutions\/capital-markets\/our-expertise\/\" \/>\n<meta property=\"og:site_name\" content=\"Colt Technology Services\" \/>\n<meta property=\"article:publisher\" content=\"https:\/\/www.facebook.com\/ColtTechnologyServices\/\" \/>\n<meta property=\"article:modified_time\" content=\"2021-02-17T09:04:35+00:00\" \/>\n<meta property=\"og:image\" content=\"https:\/\/legacy.colt.net\/wp-content\/uploads\/2021\/01\/Brand-2021-Stock-10-1.jpg\" \/>\n\t<meta property=\"og:image:width\" content=\"1000\" \/>\n\t<meta property=\"og:image:height\" content=\"668\" \/>\n\t<meta property=\"og:image:type\" content=\"image\/jpeg\" \/>\n<meta name=\"twitter:card\" content=\"summary_large_image\" \/>\n<meta name=\"twitter:site\" content=\"@colt_technology\" \/>\n<meta name=\"twitter:label1\" content=\"Est. reading time\" \/>\n\t<meta name=\"twitter:data1\" content=\"3 minutes\" \/>\n<script type=\"application\/ld+json\" class=\"yoast-schema-graph\">{\"@context\":\"https:\/\/schema.org\",\"@graph\":[{\"@type\":\"WebPage\",\"@id\":\"https:\/\/legacy.colt.net\/es\/solutions\/capital-markets\/our-expertise\/\",\"url\":\"https:\/\/legacy.colt.net\/es\/solutions\/capital-markets\/our-expertise\/\",\"name\":\"Our Expertise - Colt Technology Services\",\"isPartOf\":{\"@id\":\"https:\/\/legacy.colt.net\/#website\"},\"primaryImageOfPage\":{\"@id\":\"https:\/\/legacy.colt.net\/es\/solutions\/capital-markets\/our-expertise\/#primaryimage\"},\"image\":{\"@id\":\"https:\/\/legacy.colt.net\/es\/solutions\/capital-markets\/our-expertise\/#primaryimage\"},\"thumbnailUrl\":\"https:\/\/legacy.colt.net\/wp-content\/uploads\/2021\/01\/Brand-2021-Stock-20.jpg\",\"datePublished\":\"2020-06-16T11:00:14+00:00\",\"dateModified\":\"2021-02-17T09:04:35+00:00\",\"description\":\"Our Expertise Colt Technology Services Servicios de mercados de capitales. Cuando cada milisegundo cuenta, los bancos globales\",\"breadcrumb\":{\"@id\":\"https:\/\/legacy.colt.net\/es\/solutions\/capital-markets\/our-expertise\/#breadcrumb\"},\"inLanguage\":\"es-ES\",\"potentialAction\":[{\"@type\":\"ReadAction\",\"target\":[\"https:\/\/legacy.colt.net\/es\/solutions\/capital-markets\/our-expertise\/\"]}]},{\"@type\":\"ImageObject\",\"inLanguage\":\"es-ES\",\"@id\":\"https:\/\/legacy.colt.net\/es\/solutions\/capital-markets\/our-expertise\/#primaryimage\",\"url\":\"https:\/\/legacy.colt.net\/wp-content\/uploads\/2021\/01\/Brand-2021-Stock-20.jpg\",\"contentUrl\":\"https:\/\/legacy.colt.net\/wp-content\/uploads\/2021\/01\/Brand-2021-Stock-20.jpg\"},{\"@type\":\"BreadcrumbList\",\"@id\":\"https:\/\/legacy.colt.net\/es\/solutions\/capital-markets\/our-expertise\/#breadcrumb\",\"itemListElement\":[{\"@type\":\"ListItem\",\"position\":1,\"name\":\"Home\",\"item\":\"https:\/\/legacy.colt.net\/es\/\"},{\"@type\":\"ListItem\",\"position\":2,\"name\":\"Pressure off. Power on.\",\"item\":\"https:\/\/legacy.colt.net\/es\/solutions\/\"},{\"@type\":\"ListItem\",\"position\":3,\"name\":\"Con\u00e9ctate a los mercados financieros\",\"item\":\"https:\/\/legacy.colt.net\/es\/solutions\/capital-markets\/\"},{\"@type\":\"ListItem\",\"position\":4,\"name\":\"Our Expertise\"}]},{\"@type\":\"WebSite\",\"@id\":\"https:\/\/legacy.colt.net\/#website\",\"url\":\"https:\/\/legacy.colt.net\/\",\"name\":\"Colt\u30c6\u30af\u30ce\u30ed\u30b8\u30fc\u30b5\u30fc\u30d3\u30b9\u682a\u5f0f\u4f1a\u793e\",\"description\":\"Managed Network &amp; Voice Services Provider\",\"publisher\":{\"@id\":\"https:\/\/legacy.colt.net\/#organization\"},\"potentialAction\":[{\"@type\":\"SearchAction\",\"target\":{\"@type\":\"EntryPoint\",\"urlTemplate\":\"https:\/\/legacy.colt.net\/?s={search_term_string}\"},\"query-input\":{\"@type\":\"PropertyValueSpecification\",\"valueRequired\":true,\"valueName\":\"search_term_string\"}}],\"inLanguage\":\"es-ES\"},{\"@type\":\"Organization\",\"@id\":\"https:\/\/legacy.colt.net\/#organization\",\"name\":\"Colt Technology Services\",\"url\":\"https:\/\/legacy.colt.net\/\",\"logo\":{\"@type\":\"ImageObject\",\"inLanguage\":\"es-ES\",\"@id\":\"https:\/\/legacy.colt.net\/#\/schema\/logo\/image\/\",\"url\":\"https:\/\/legacy.colt.net\/wp-content\/uploads\/2019\/02\/Colt-Logo.png\",\"contentUrl\":\"https:\/\/legacy.colt.net\/wp-content\/uploads\/2019\/02\/Colt-Logo.png\",\"width\":195,\"height\":77,\"caption\":\"Colt Technology Services\"},\"image\":{\"@id\":\"https:\/\/legacy.colt.net\/#\/schema\/logo\/image\/\"},\"sameAs\":[\"https:\/\/www.facebook.com\/ColtTechnologyServices\/\",\"https:\/\/x.com\/colt_technology\",\"https:\/\/www.instagram.com\/colttechnologyservices\/\",\"https:\/\/www.linkedin.com\/company\/colt-technology-services\",\"https:\/\/www.youtube.com\/user\/ColtTechnology\"]}]}<\/script>\n<!-- \/ Yoast SEO plugin. -->","yoast_head_json":{"title":"Our Expertise - Colt Technology Services","description":"Our Expertise Colt Technology Services Servicios de mercados de capitales. Cuando cada milisegundo cuenta, los bancos globales","robots":{"index":"noindex","follow":"follow","max-snippet":"max-snippet:-1","max-image-preview":"max-image-preview:large","max-video-preview":"max-video-preview:-1"},"og_locale":"es_ES","og_type":"article","og_title":"Our Expertise - Colt Technology Services","og_description":"Our Expertise Colt Technology Services Servicios de mercados de capitales. Cuando cada milisegundo cuenta, los bancos globales","og_url":"https:\/\/legacy.colt.net\/es\/solutions\/capital-markets\/our-expertise\/","og_site_name":"Colt Technology Services","article_publisher":"https:\/\/www.facebook.com\/ColtTechnologyServices\/","article_modified_time":"2021-02-17T09:04:35+00:00","og_image":[{"width":1000,"height":668,"url":"https:\/\/legacy.colt.net\/wp-content\/uploads\/2021\/01\/Brand-2021-Stock-10-1.jpg","type":"image\/jpeg"}],"twitter_card":"summary_large_image","twitter_site":"@colt_technology","twitter_misc":{"Est. reading time":"3 minutes"},"schema":{"@context":"https:\/\/schema.org","@graph":[{"@type":"WebPage","@id":"https:\/\/legacy.colt.net\/es\/solutions\/capital-markets\/our-expertise\/","url":"https:\/\/legacy.colt.net\/es\/solutions\/capital-markets\/our-expertise\/","name":"Our Expertise - Colt Technology Services","isPartOf":{"@id":"https:\/\/legacy.colt.net\/#website"},"primaryImageOfPage":{"@id":"https:\/\/legacy.colt.net\/es\/solutions\/capital-markets\/our-expertise\/#primaryimage"},"image":{"@id":"https:\/\/legacy.colt.net\/es\/solutions\/capital-markets\/our-expertise\/#primaryimage"},"thumbnailUrl":"https:\/\/legacy.colt.net\/wp-content\/uploads\/2021\/01\/Brand-2021-Stock-20.jpg","datePublished":"2020-06-16T11:00:14+00:00","dateModified":"2021-02-17T09:04:35+00:00","description":"Our Expertise Colt Technology Services Servicios de mercados de capitales. Cuando cada milisegundo cuenta, los bancos globales","breadcrumb":{"@id":"https:\/\/legacy.colt.net\/es\/solutions\/capital-markets\/our-expertise\/#breadcrumb"},"inLanguage":"es-ES","potentialAction":[{"@type":"ReadAction","target":["https:\/\/legacy.colt.net\/es\/solutions\/capital-markets\/our-expertise\/"]}]},{"@type":"ImageObject","inLanguage":"es-ES","@id":"https:\/\/legacy.colt.net\/es\/solutions\/capital-markets\/our-expertise\/#primaryimage","url":"https:\/\/legacy.colt.net\/wp-content\/uploads\/2021\/01\/Brand-2021-Stock-20.jpg","contentUrl":"https:\/\/legacy.colt.net\/wp-content\/uploads\/2021\/01\/Brand-2021-Stock-20.jpg"},{"@type":"BreadcrumbList","@id":"https:\/\/legacy.colt.net\/es\/solutions\/capital-markets\/our-expertise\/#breadcrumb","itemListElement":[{"@type":"ListItem","position":1,"name":"Home","item":"https:\/\/legacy.colt.net\/es\/"},{"@type":"ListItem","position":2,"name":"Pressure off. Power on.","item":"https:\/\/legacy.colt.net\/es\/solutions\/"},{"@type":"ListItem","position":3,"name":"Con\u00e9ctate a los mercados financieros","item":"https:\/\/legacy.colt.net\/es\/solutions\/capital-markets\/"},{"@type":"ListItem","position":4,"name":"Our Expertise"}]},{"@type":"WebSite","@id":"https:\/\/legacy.colt.net\/#website","url":"https:\/\/legacy.colt.net\/","name":"Colt\u30c6\u30af\u30ce\u30ed\u30b8\u30fc\u30b5\u30fc\u30d3\u30b9\u682a\u5f0f\u4f1a\u793e","description":"Managed Network &amp; Voice Services Provider","publisher":{"@id":"https:\/\/legacy.colt.net\/#organization"},"potentialAction":[{"@type":"SearchAction","target":{"@type":"EntryPoint","urlTemplate":"https:\/\/legacy.colt.net\/?s={search_term_string}"},"query-input":{"@type":"PropertyValueSpecification","valueRequired":true,"valueName":"search_term_string"}}],"inLanguage":"es-ES"},{"@type":"Organization","@id":"https:\/\/legacy.colt.net\/#organization","name":"Colt Technology Services","url":"https:\/\/legacy.colt.net\/","logo":{"@type":"ImageObject","inLanguage":"es-ES","@id":"https:\/\/legacy.colt.net\/#\/schema\/logo\/image\/","url":"https:\/\/legacy.colt.net\/wp-content\/uploads\/2019\/02\/Colt-Logo.png","contentUrl":"https:\/\/legacy.colt.net\/wp-content\/uploads\/2019\/02\/Colt-Logo.png","width":195,"height":77,"caption":"Colt Technology Services"},"image":{"@id":"https:\/\/legacy.colt.net\/#\/schema\/logo\/image\/"},"sameAs":["https:\/\/www.facebook.com\/ColtTechnologyServices\/","https:\/\/x.com\/colt_technology","https:\/\/www.instagram.com\/colttechnologyservices\/","https:\/\/www.linkedin.com\/company\/colt-technology-services","https:\/\/www.youtube.com\/user\/ColtTechnology"]}]}},"_links":{"self":[{"href":"https:\/\/legacy.colt.net\/es\/wp-json\/wp\/v2\/pages\/90940","targetHints":{"allow":["GET"]}}],"collection":[{"href":"https:\/\/legacy.colt.net\/es\/wp-json\/wp\/v2\/pages"}],"about":[{"href":"https:\/\/legacy.colt.net\/es\/wp-json\/wp\/v2\/types\/page"}],"author":[{"embeddable":true,"href":"https:\/\/legacy.colt.net\/es\/wp-json\/wp\/v2\/users\/2"}],"replies":[{"embeddable":true,"href":"https:\/\/legacy.colt.net\/es\/wp-json\/wp\/v2\/comments?post=90940"}],"version-history":[{"count":0,"href":"https:\/\/legacy.colt.net\/es\/wp-json\/wp\/v2\/pages\/90940\/revisions"}],"up":[{"embeddable":true,"href":"https:\/\/legacy.colt.net\/es\/wp-json\/wp\/v2\/pages\/60839"}],"wp:attachment":[{"href":"https:\/\/legacy.colt.net\/es\/wp-json\/wp\/v2\/media?parent=90940"}],"wp:term":[{"taxonomy":"colt_type","embeddable":true,"href":"https:\/\/legacy.colt.net\/es\/wp-json\/wp\/v2\/colt_type?post=90940"},{"taxonomy":"colt_products","embeddable":true,"href":"https:\/\/legacy.colt.net\/es\/wp-json\/wp\/v2\/colt_products?post=90940"}],"curies":[{"name":"wp","href":"https:\/\/api.w.org\/{rel}","templated":true}]}}