{"id":90934,"date":"2021-01-09T09:12:30","date_gmt":"2021-01-09T09:12:30","guid":{"rendered":"https:\/\/www.colt.net\/transform\/"},"modified":"2021-03-08T14:58:47","modified_gmt":"2021-03-08T14:58:47","slug":"transform","status":"publish","type":"page","link":"https:\/\/legacy.colt.net\/es\/solutions\/transform\/","title":{"rendered":"Transforma tu lugar de trabajo digital"},"content":{"rendered":"\n<h1>\n\t\tTransforma tu lugar de trabajo digital \n\t<\/h1>\n<h2>\n\t\tMant\u00e9n la conectividad y la productividad de tu equipo, all\u00e1 donde est\u00e9\n\t<\/h2>\n\t<nav class=\"breadcrumb\"><span><span><a href=\"https:\/\/legacy.colt.net\/es\/\">Home<\/a><\/span><\/span><\/nav>\n<h2>\n\t\tDesaf\u00edos actuales\n\t<\/h2>\n\t<p>La forma y el lugar de trabajo han pasado de la oficina al trabajo en remoto, que se ha convertido en un requisito esencial. Hay muchos desaf\u00edos con los que las empresas se pueden encontrar al crear este lugar de trabajo moderno:<\/p>\n\n<p>Dado que los empleados necesitan poder trabajar a distancia con las mismas capacidades que en la oficina, muchas empresas se han esforzado por encontrar una soluci\u00f3n sostenible y f\u00e1cil de instalar que lo permita.<\/p>\n\n<p>Uno de los principales desaf\u00edos del trabajo a distancia es que las empresas pierden el control de la conexi\u00f3n que tienen sus empleados, lo que puede llevar a problemas de conectividad y rendimiento.<\/p>\n\n<p>Muchas empresas se han apresurado a encontrar una soluci\u00f3n para permitir que sus empleados trabajen a distancia, una soluci\u00f3n que puede no satisfacer sus necesidades exactas y que causar\u00e1 problemas a largo plazo.<\/p>\n\t\t\t\t<img loading=\"lazy\" decoding=\"async\" src=\"https:\/\/legacy.colt.net\/wp-content\/uploads\/2021\/01\/Transforming-your-digital-workplace.png\" alt=\"Transforming your digital workplace\" itemprop=\"image\" height=\"1125\" width=\"1000\" title=\"Transforming your digital workplace\" onerror=\"this.style.display='none'\"  \/>\n<h2>\n\t\tTu socio de confianza para la transformaci\u00f3n digital\n\t<\/h2>\n\t<p>Colt es el socio ideal para que tu empresa acelere la instalaci\u00f3n de los puestos de trabajo digitales y adopte los cambios. Durante casi 30 a\u00f1os, hemos cre\u00eddo que podemos transformar la forma en que funciona el mundo a trav\u00e9s del poder de la conectividad. En una sociedad digital, esto nunca ha sido de tanta importancia como ahora.<\/p>\n\t<strong>Ventanilla \u00fanica<br \/>\n<\/strong>Es dif\u00edcil encontrar un socio en el que puedas confiar tanto para los servicios de voz como para los servicios de red, por lo que Colt es tu ventanilla \u00fanica\n\t<strong>Nuestra red<\/strong><br \/>\nColt IQ Network es una red inteligente optimizada de 100 Gbps que respalda nuestras soluciones de voz con infraestructura propiedad de Colt en m\u00e1s de 30 pa\u00edses\n\t<strong>Innovaci\u00f3n<br \/>\n<\/strong>Colt es un l\u00edder reconocido en soluciones impulsadas por NFV y API, y sigue mejorando la experiencia del cliente con IA y tecnolog\u00edas de aprendizaje autom\u00e1tico\n<h2>\n\t\tTu lugar de trabajo digital\n\t<\/h2>\n\t<p>Entendemos la importancia de este cambio en el nuevo entorno de trabajo y que la soluci\u00f3n debe personalizarse para tu empresa, de modo que puedas completar con \u00e9xito la transformaci\u00f3n digital y aprovechar las ventajas del lugar de trabajo moderno.<\/p>\n\t\t\t\t<a href=\"https:\/\/legacy.colt.net\/product\/intelligent-communications\/\" target=\"_self\" itemprop=\"url\" rel=\"noopener\">\n\t\t\t\t<img loading=\"lazy\" decoding=\"async\" src=\"https:\/\/legacy.colt.net\/wp-content\/uploads\/2020\/12\/Intelligent-Communications.png\" alt=\"Intelligent Communications\" itemprop=\"image\" height=\"800\" width=\"800\" title=\"Intelligent Communications\" onerror=\"this.style.display='none'\"  \/>\n\t\t\t\t<\/a>\n\t<p>Con las aplicaciones de comunicaci\u00f3n unificada a trav\u00e9s de Microsoft Office 365, puedes usar las \u00faltimas aplicaciones en la nube para mejorar tanto la productividad como la colaboraci\u00f3n<\/p>\n\t\t\t<a href=\"https:\/\/legacy.colt.net\/es\/product\/intelligent-communications\/\" target=\"_self\" role=\"button\" rel=\"noopener\">\n\t\t\t\t\t\t\tM\u00e1s informaci\u00f3n\n\t\t\t\t\t<\/a>\n\t\t\t\t<a href=\"https:\/\/legacy.colt.net\/product\/intelligent-communications\/\" target=\"_self\" itemprop=\"url\" rel=\"noopener\">\n\t\t\t\t<img loading=\"lazy\" decoding=\"async\" src=\"https:\/\/legacy.colt.net\/wp-content\/uploads\/2020\/12\/Cloud-SBC.png\" alt=\"Cloud SBC\" itemprop=\"image\" height=\"800\" width=\"800\" title=\"Cloud SBC\" onerror=\"this.style.display='none'\"  \/>\n\t\t\t\t<\/a>\n\t<p>Activa la voz en Microsoft Teams a trav\u00e9s de nuestros servicios en la nube para obtener el conjunto completo de funciones de forma r\u00e1pida y sencilla, sin necesidad de ninguna intervenci\u00f3n in situ<\/p>\n\t\t\t<a href=\"https:\/\/legacy.colt.net\/es\/product\/cloud-sbc\/\" target=\"_self\" role=\"button\" rel=\"noopener\">\n\t\t\t\t\t\t\tM\u00e1s informaci\u00f3n\n\t\t\t\t\t<\/a>\n\t\t\t\t<a href=\"https:\/\/legacy.colt.net\/product\/intelligent-communications\/\" target=\"_self\" itemprop=\"url\" rel=\"noopener\">\n\t\t\t\t<img decoding=\"async\" src=\"https:\/\/legacy.colt.net\/wp-content\/uploads\/2020\/12\/SD-WAN.png\" alt=\"Businesspeople walking along the illuminated lightwall corridor, connecting One Pancras Square with King's Cross underground station in London, pedestrian tunnel in Kings Cross station, London, UK, England.\" itemprop=\"image\" title=\"Businesspeople Walking Along Illuminated Lightwall Corridor, London, England\" onerror=\"this.style.display='none'\"  \/>\n\t\t\t\t<\/a>\n\t<p>Proporciona la mejor experiencia de aplicaci\u00f3n, incluidas las llamadas de voz y v\u00eddeo; si cuentas con telefon\u00eda tradicional, puedes priorizar el tr\u00e1fico de llamadas de voz\/v\u00eddeo sobre la WAN<\/p>\n\t\t\t<a href=\"https:\/\/legacy.colt.net\/es\/product\/sd-wan\/\" target=\"_self\" role=\"button\" rel=\"noopener\">\n\t\t\t\t\t\t\tM\u00e1s informaci\u00f3n\n\t\t\t\t\t<\/a>\n\t\t\t\t<a href=\"https:\/\/legacy.colt.net\/product\/intelligent-communications\/\" target=\"_self\" itemprop=\"url\" rel=\"noopener\">\n\t\t\t\t<img loading=\"lazy\" decoding=\"async\" src=\"https:\/\/legacy.colt.net\/wp-content\/uploads\/2020\/12\/IP-Access-with-Cloud-prioritisation.png\" alt=\"IP Access with Cloud prioritisation\" itemprop=\"image\" height=\"800\" width=\"800\" title=\"IP Access with Cloud prioritisation\" onerror=\"this.style.display='none'\"  \/>\n\t\t\t\t<\/a>\n\t<p>Garantiza el mayor nivel de rendimiento al priorizar el tr\u00e1fico de Microsoft Teams y as\u00ed asegurar una experiencia de gran calidad para los empleados<\/p>\n\t\t\t<a href=\"https:\/\/legacy.colt.net\/es\/product\/cloud-prioritisation\/\" target=\"_self\" role=\"button\" rel=\"noopener\">\n\t\t\t\t\t\t\tM\u00e1s informaci\u00f3n\n\t\t\t\t\t<\/a>\n<h2>\n\t\tHabla con un especialista\n\t<\/h2>\n\t<p>Nuestros premiados servicios de conectividad te ofrecen la posibilidad de transformar sin problemas tu lugar de trabajo digital para que puedas adaptarte a este entorno en constante evoluci\u00f3n.<\/p>\n<p>Sean cuales sean tus retos o preguntas, deja que nuestros especialistas te gu\u00eden al emprender la transformaci\u00f3n digital.<\/p>\n\n\t[hubspot type=form portal=344164 id=36a44022-1cd3-4d83-9326-7ead4f224e9b] \n<h2>\n\t\t\u00bfQuieres saber m\u00e1s?\n\t<\/h2>\n\t<strong>Descargar<br \/>\n<\/strong>Una gu\u00eda para migrar de Skype For Business a Microsoft Teams. <a href=\"https:\/\/legacy.colt.net\/es\/resources\/una-guia-para-migrar-desde-skype-for-business-a-microsoft-teams\/\">Lee m\u00e1s&#8230;<\/a>\n\t<strong> Blog<br \/>\n<\/strong>Construyendo una red adaptativa, \u00bfqu\u00e9 es la automatizaci\u00f3n inteligente?\u00a0<a href=\"https:\/\/legacy.colt.net\/es\/resources\/building-an-adaptive-network-what-is-intelligent-automation\/\">Lee m\u00e1s&#8230;<\/a>\n\t<strong>Servicio al cliente<br \/>\n<\/strong>Nuestro objetivo es ser la empresa m\u00e1s centrada en el cliente de nuestro sector y, con una puntuaci\u00f3n NPS l\u00edder en 2020, estamos bien encaminados para serlo. <a href=\"https:\/\/legacy.colt.net\/es\/why-colt\/customer-service\/\">Lee m\u00e1s&#8230;<\/a>\n\t<strong>Nuestros productos y servicios<br \/>\n<\/strong>Nuestra cartera de servicios brinda una experiencia s\u00f3lida sobre una plataforma y tecnolog\u00eda com\u00fan, lo que permite a las empresas afrontar los desaf\u00edos que trae la digitalizaci\u00f3n. <a href=\"https:\/\/legacy.colt.net\/es\/products-services\/\">Lee m\u00e1s&#8230;<\/a>\n\t<strong>Blog<br \/>\n<\/strong>Por qu\u00e9 tu empresa necesita migrar a Microsoft Teams. <a href=\"https:\/\/legacy.colt.net\/es\/resources\/por-que-es-las-empresas-necesitan-migrar-a-microsoft-teams\/\">Lee m\u00e1s&#8230;<\/a>\n\t<strong>Acerca de Colt<br \/>\n<\/strong>Obt\u00e9n m\u00e1s informaci\u00f3n sobre qui\u00e9n integra Colt y qu\u00e9 hacemos. <a href=\"https:\/\/legacy.colt.net\/es\/about\/\">Lee m\u00e1s&#8230;<\/a>\n\n","protected":false},"excerpt":{"rendered":"<p>Transforma tu lugar de trabajo digital Mant\u00e9n la conectividad y la productividad de tu equipo, all\u00e1 donde est\u00e9 Desaf\u00edos actuales La forma y el lugar de trabajo han pasado de la oficina al trabajo en remoto, que se ha convertido en un requisito esencial. Hay muchos desaf\u00edos con los que las empresas se pueden encontrar&#8230;<\/p>\n","protected":false},"author":2,"featured_media":0,"parent":157975,"menu_order":0,"comment_status":"closed","ping_status":"closed","template":"","meta":{"_acf_changed":false,"footnotes":""},"colt_type":[],"colt_products":[],"class_list":["post-90934","page","type-page","status-publish","hentry"],"acf":[],"yoast_head":"<!-- This site is optimized with the Yoast SEO plugin v26.8 - https:\/\/yoast.com\/product\/yoast-seo-wordpress\/ -->\n<title>Transforma tu lugar de trabajo digital - Colt Technology Services<\/title>\n<meta name=\"description\" content=\"Transforma tu lugar de trabajo digital : Mant\u00e9n la conectividad y la productividad de tu equipo, all\u00e1 donde est\u00e9\" \/>\n<meta name=\"robots\" content=\"noindex, follow, max-snippet:-1, max-image-preview:large, max-video-preview:-1\" \/>\n<meta property=\"og:locale\" content=\"es_ES\" \/>\n<meta property=\"og:type\" content=\"article\" \/>\n<meta property=\"og:title\" content=\"Transforma tu lugar de trabajo digital - Colt Technology Services\" \/>\n<meta property=\"og:description\" content=\"Transforma tu lugar de trabajo digital : Mant\u00e9n la conectividad y la productividad de tu equipo, all\u00e1 donde est\u00e9\" \/>\n<meta property=\"og:url\" content=\"https:\/\/legacy.colt.net\/es\/solutions\/transform\/\" \/>\n<meta property=\"og:site_name\" content=\"Colt Technology Services\" \/>\n<meta property=\"article:publisher\" content=\"https:\/\/www.facebook.com\/ColtTechnologyServices\/\" \/>\n<meta property=\"article:modified_time\" content=\"2021-03-08T14:58:47+00:00\" \/>\n<meta property=\"og:image\" content=\"https:\/\/legacy.colt.net\/wp-content\/uploads\/2021\/01\/Brand-2021-Stock-16.jpg\" \/>\n\t<meta property=\"og:image:width\" content=\"1000\" \/>\n\t<meta property=\"og:image:height\" content=\"667\" \/>\n\t<meta property=\"og:image:type\" content=\"image\/jpeg\" \/>\n<meta name=\"twitter:card\" content=\"summary_large_image\" \/>\n<meta name=\"twitter:site\" content=\"@colt_technology\" \/>\n<meta name=\"twitter:label1\" content=\"Est. reading time\" \/>\n\t<meta name=\"twitter:data1\" content=\"4 minutes\" \/>\n<script type=\"application\/ld+json\" class=\"yoast-schema-graph\">{\"@context\":\"https:\/\/schema.org\",\"@graph\":[{\"@type\":\"WebPage\",\"@id\":\"https:\/\/legacy.colt.net\/es\/solutions\/transform\/\",\"url\":\"https:\/\/legacy.colt.net\/es\/solutions\/transform\/\",\"name\":\"Transforma tu lugar de trabajo digital - Colt Technology Services\",\"isPartOf\":{\"@id\":\"https:\/\/legacy.colt.net\/#website\"},\"primaryImageOfPage\":{\"@id\":\"https:\/\/legacy.colt.net\/es\/solutions\/transform\/#primaryimage\"},\"image\":{\"@id\":\"https:\/\/legacy.colt.net\/es\/solutions\/transform\/#primaryimage\"},\"thumbnailUrl\":\"https:\/\/legacy.colt.net\/wp-content\/uploads\/2021\/01\/Transforming-your-digital-workplace.png\",\"datePublished\":\"2021-01-09T09:12:30+00:00\",\"dateModified\":\"2021-03-08T14:58:47+00:00\",\"description\":\"Transforma tu lugar de trabajo digital : Mant\u00e9n la conectividad y la productividad de tu equipo, all\u00e1 donde est\u00e9\",\"breadcrumb\":{\"@id\":\"https:\/\/legacy.colt.net\/es\/solutions\/transform\/#breadcrumb\"},\"inLanguage\":\"es-ES\",\"potentialAction\":[{\"@type\":\"ReadAction\",\"target\":[\"https:\/\/legacy.colt.net\/es\/solutions\/transform\/\"]}]},{\"@type\":\"ImageObject\",\"inLanguage\":\"es-ES\",\"@id\":\"https:\/\/legacy.colt.net\/es\/solutions\/transform\/#primaryimage\",\"url\":\"https:\/\/legacy.colt.net\/wp-content\/uploads\/2021\/01\/Transforming-your-digital-workplace.png\",\"contentUrl\":\"https:\/\/legacy.colt.net\/wp-content\/uploads\/2021\/01\/Transforming-your-digital-workplace.png\"},{\"@type\":\"BreadcrumbList\",\"@id\":\"https:\/\/legacy.colt.net\/es\/solutions\/transform\/#breadcrumb\",\"itemListElement\":[{\"@type\":\"ListItem\",\"position\":1,\"name\":\"Home\",\"item\":\"https:\/\/legacy.colt.net\/es\/\"},{\"@type\":\"ListItem\",\"position\":2,\"name\":\"Pressure off. Power on.\",\"item\":\"https:\/\/legacy.colt.net\/es\/solutions\/\"},{\"@type\":\"ListItem\",\"position\":3,\"name\":\"Transforma tu lugar de trabajo digital\"}]},{\"@type\":\"WebSite\",\"@id\":\"https:\/\/legacy.colt.net\/#website\",\"url\":\"https:\/\/legacy.colt.net\/\",\"name\":\"Colt\u30c6\u30af\u30ce\u30ed\u30b8\u30fc\u30b5\u30fc\u30d3\u30b9\u682a\u5f0f\u4f1a\u793e\",\"description\":\"Managed Network &amp; Voice Services Provider\",\"publisher\":{\"@id\":\"https:\/\/legacy.colt.net\/#organization\"},\"potentialAction\":[{\"@type\":\"SearchAction\",\"target\":{\"@type\":\"EntryPoint\",\"urlTemplate\":\"https:\/\/legacy.colt.net\/?s={search_term_string}\"},\"query-input\":{\"@type\":\"PropertyValueSpecification\",\"valueRequired\":true,\"valueName\":\"search_term_string\"}}],\"inLanguage\":\"es-ES\"},{\"@type\":\"Organization\",\"@id\":\"https:\/\/legacy.colt.net\/#organization\",\"name\":\"Colt Technology Services\",\"url\":\"https:\/\/legacy.colt.net\/\",\"logo\":{\"@type\":\"ImageObject\",\"inLanguage\":\"es-ES\",\"@id\":\"https:\/\/legacy.colt.net\/#\/schema\/logo\/image\/\",\"url\":\"https:\/\/legacy.colt.net\/wp-content\/uploads\/2019\/02\/Colt-Logo.png\",\"contentUrl\":\"https:\/\/legacy.colt.net\/wp-content\/uploads\/2019\/02\/Colt-Logo.png\",\"width\":195,\"height\":77,\"caption\":\"Colt Technology Services\"},\"image\":{\"@id\":\"https:\/\/legacy.colt.net\/#\/schema\/logo\/image\/\"},\"sameAs\":[\"https:\/\/www.facebook.com\/ColtTechnologyServices\/\",\"https:\/\/x.com\/colt_technology\",\"https:\/\/www.instagram.com\/colttechnologyservices\/\",\"https:\/\/www.linkedin.com\/company\/colt-technology-services\",\"https:\/\/www.youtube.com\/user\/ColtTechnology\"]}]}<\/script>\n<!-- \/ Yoast SEO plugin. -->","yoast_head_json":{"title":"Transforma tu lugar de trabajo digital - Colt Technology Services","description":"Transforma tu lugar de trabajo digital : Mant\u00e9n la conectividad y la productividad de tu equipo, all\u00e1 donde est\u00e9","robots":{"index":"noindex","follow":"follow","max-snippet":"max-snippet:-1","max-image-preview":"max-image-preview:large","max-video-preview":"max-video-preview:-1"},"og_locale":"es_ES","og_type":"article","og_title":"Transforma tu lugar de trabajo digital - Colt Technology Services","og_description":"Transforma tu lugar de trabajo digital : Mant\u00e9n la conectividad y la productividad de tu equipo, all\u00e1 donde est\u00e9","og_url":"https:\/\/legacy.colt.net\/es\/solutions\/transform\/","og_site_name":"Colt Technology Services","article_publisher":"https:\/\/www.facebook.com\/ColtTechnologyServices\/","article_modified_time":"2021-03-08T14:58:47+00:00","og_image":[{"width":1000,"height":667,"url":"https:\/\/legacy.colt.net\/wp-content\/uploads\/2021\/01\/Brand-2021-Stock-16.jpg","type":"image\/jpeg"}],"twitter_card":"summary_large_image","twitter_site":"@colt_technology","twitter_misc":{"Est. reading time":"4 minutes"},"schema":{"@context":"https:\/\/schema.org","@graph":[{"@type":"WebPage","@id":"https:\/\/legacy.colt.net\/es\/solutions\/transform\/","url":"https:\/\/legacy.colt.net\/es\/solutions\/transform\/","name":"Transforma tu lugar de trabajo digital - Colt Technology Services","isPartOf":{"@id":"https:\/\/legacy.colt.net\/#website"},"primaryImageOfPage":{"@id":"https:\/\/legacy.colt.net\/es\/solutions\/transform\/#primaryimage"},"image":{"@id":"https:\/\/legacy.colt.net\/es\/solutions\/transform\/#primaryimage"},"thumbnailUrl":"https:\/\/legacy.colt.net\/wp-content\/uploads\/2021\/01\/Transforming-your-digital-workplace.png","datePublished":"2021-01-09T09:12:30+00:00","dateModified":"2021-03-08T14:58:47+00:00","description":"Transforma tu lugar de trabajo digital : Mant\u00e9n la conectividad y la productividad de tu equipo, all\u00e1 donde est\u00e9","breadcrumb":{"@id":"https:\/\/legacy.colt.net\/es\/solutions\/transform\/#breadcrumb"},"inLanguage":"es-ES","potentialAction":[{"@type":"ReadAction","target":["https:\/\/legacy.colt.net\/es\/solutions\/transform\/"]}]},{"@type":"ImageObject","inLanguage":"es-ES","@id":"https:\/\/legacy.colt.net\/es\/solutions\/transform\/#primaryimage","url":"https:\/\/legacy.colt.net\/wp-content\/uploads\/2021\/01\/Transforming-your-digital-workplace.png","contentUrl":"https:\/\/legacy.colt.net\/wp-content\/uploads\/2021\/01\/Transforming-your-digital-workplace.png"},{"@type":"BreadcrumbList","@id":"https:\/\/legacy.colt.net\/es\/solutions\/transform\/#breadcrumb","itemListElement":[{"@type":"ListItem","position":1,"name":"Home","item":"https:\/\/legacy.colt.net\/es\/"},{"@type":"ListItem","position":2,"name":"Pressure off. Power on.","item":"https:\/\/legacy.colt.net\/es\/solutions\/"},{"@type":"ListItem","position":3,"name":"Transforma tu lugar de trabajo digital"}]},{"@type":"WebSite","@id":"https:\/\/legacy.colt.net\/#website","url":"https:\/\/legacy.colt.net\/","name":"Colt\u30c6\u30af\u30ce\u30ed\u30b8\u30fc\u30b5\u30fc\u30d3\u30b9\u682a\u5f0f\u4f1a\u793e","description":"Managed Network &amp; Voice Services Provider","publisher":{"@id":"https:\/\/legacy.colt.net\/#organization"},"potentialAction":[{"@type":"SearchAction","target":{"@type":"EntryPoint","urlTemplate":"https:\/\/legacy.colt.net\/?s={search_term_string}"},"query-input":{"@type":"PropertyValueSpecification","valueRequired":true,"valueName":"search_term_string"}}],"inLanguage":"es-ES"},{"@type":"Organization","@id":"https:\/\/legacy.colt.net\/#organization","name":"Colt Technology Services","url":"https:\/\/legacy.colt.net\/","logo":{"@type":"ImageObject","inLanguage":"es-ES","@id":"https:\/\/legacy.colt.net\/#\/schema\/logo\/image\/","url":"https:\/\/legacy.colt.net\/wp-content\/uploads\/2019\/02\/Colt-Logo.png","contentUrl":"https:\/\/legacy.colt.net\/wp-content\/uploads\/2019\/02\/Colt-Logo.png","width":195,"height":77,"caption":"Colt Technology Services"},"image":{"@id":"https:\/\/legacy.colt.net\/#\/schema\/logo\/image\/"},"sameAs":["https:\/\/www.facebook.com\/ColtTechnologyServices\/","https:\/\/x.com\/colt_technology","https:\/\/www.instagram.com\/colttechnologyservices\/","https:\/\/www.linkedin.com\/company\/colt-technology-services","https:\/\/www.youtube.com\/user\/ColtTechnology"]}]}},"_links":{"self":[{"href":"https:\/\/legacy.colt.net\/es\/wp-json\/wp\/v2\/pages\/90934","targetHints":{"allow":["GET"]}}],"collection":[{"href":"https:\/\/legacy.colt.net\/es\/wp-json\/wp\/v2\/pages"}],"about":[{"href":"https:\/\/legacy.colt.net\/es\/wp-json\/wp\/v2\/types\/page"}],"author":[{"embeddable":true,"href":"https:\/\/legacy.colt.net\/es\/wp-json\/wp\/v2\/users\/2"}],"replies":[{"embeddable":true,"href":"https:\/\/legacy.colt.net\/es\/wp-json\/wp\/v2\/comments?post=90934"}],"version-history":[{"count":0,"href":"https:\/\/legacy.colt.net\/es\/wp-json\/wp\/v2\/pages\/90934\/revisions"}],"up":[{"embeddable":true,"href":"https:\/\/legacy.colt.net\/es\/wp-json\/wp\/v2\/pages\/157975"}],"wp:attachment":[{"href":"https:\/\/legacy.colt.net\/es\/wp-json\/wp\/v2\/media?parent=90934"}],"wp:term":[{"taxonomy":"colt_type","embeddable":true,"href":"https:\/\/legacy.colt.net\/es\/wp-json\/wp\/v2\/colt_type?post=90934"},{"taxonomy":"colt_products","embeddable":true,"href":"https:\/\/legacy.colt.net\/es\/wp-json\/wp\/v2\/colt_products?post=90934"}],"curies":[{"name":"wp","href":"https:\/\/api.w.org\/{rel}","templated":true}]}}