{"id":90931,"date":"2021-01-09T09:11:58","date_gmt":"2021-01-09T09:11:58","guid":{"rendered":"https:\/\/www.colt.net\/voice-2\/"},"modified":"2021-09-01T10:10:25","modified_gmt":"2021-09-01T09:10:25","slug":"voice","status":"publish","type":"page","link":"https:\/\/legacy.colt.net\/es\/solutions\/voice\/","title":{"rendered":"Comunicaci\u00f3n corporativa con impacto"},"content":{"rendered":"\n<h1>\n\t\tComunicaci\u00f3n corporativa con impacto \n\t<\/h1>\n<h2>\n\t\tLa comunicaci\u00f3n clara es parte esencial de cualquier organizaci\u00f3n\n\t<\/h2>\n\t<nav class=\"breadcrumb\"><span><span><a href=\"https:\/\/legacy.colt.net\/es\/\">Home<\/a><\/span><\/span><\/nav>\n\t\t\t\t<img decoding=\"async\" src=\"https:\/\/legacy.colt.net\/wp-content\/uploads\/2021\/01\/Impactful-customer-communication.png\" alt=\"How to create a flexible, efficient network using Colt On Demand 2\" itemprop=\"image\" title=\"How to create a flexible, efficient network using Colt On Demand 2\" onerror=\"this.style.display='none'\"  \/>\n<h2>\n\t\tDesaf\u00edos actuales\n\t<\/h2>\n\t<p>Una comunicaci\u00f3n transparente es esencial para que las personas puedan obtener la informaci\u00f3n que necesitan. Sin embargo, pueden surgir complicaciones a la hora de asegurarse de que se tiene la soluci\u00f3n correcta:<\/p>\n\n<p>Dado que una buena experiencia del cliente es algo necesario, no resulta aceptable que las llamadas se corten o no se oigan bien. Para garantizar que tu empresa disfrute de una comunicaci\u00f3n efectiva, necesitas tener un servicio de voz fiable y de categor\u00eda corporativa para garantizar llamadas de alta calidad.<\/p>\n\n<p>Brindar un servicio verdaderamente global a menudo requiere el uso de m\u00faltiples proveedores en todas las ubicaciones, lo que hace que sea cada vez m\u00e1s complejo administrar los servicios de voz.<\/p>\n\n<p>Conforme la tecnolog\u00eda de voz sigue evolucionando, no todo el mundo est\u00e1 preparado para aprovechar los \u00faltimos avances. Si no se dispone de la soluci\u00f3n adecuada para el proceso de migraci\u00f3n, se corre el riesgo de perder muchos de los beneficios que podr\u00edas estar aprovechando.<\/p>\n<h2>\n\t\tTu socio de confianza para soluciones de comunicaci\u00f3n\n\t<\/h2>\n\t<p>Con Colt, obtienes acceso a nuestra red de voz global, que cumple con todas las normativas y garantiza el mayor nivel de rendimiento. En calidad de un \u00fanico punto de contacto y contrato, Colt puede gestionar todas tus necesidades de voz a trav\u00e9s de tus \u00e1reas de operaciones, lo que elimina la necesidad de trabajar con proveedores locales y las complejidades que ello conlleva. Descubre lo que dicen nuestros clientes.<\/p>\n\t<strong>Red de voz global<\/strong><br \/>\nNuestra red cumple con las normativas y abarca hasta 27 pa\u00edses en cuatro continentes.\n\t<strong>Ventanilla \u00fanica<\/strong><br \/>\nEs dif\u00edcil trabajar con varios proveedores en sus pa\u00edses, por lo que Colt es tu \u00fanica opci\u00f3n a la hora de satisfacer unas necesidades de comunicaci\u00f3n global.\n\t<strong>R\u00e1pido lanzamiento al mercado<\/strong><br \/>\nReacciona a las demandas cambiantes con facilidad: a\u00f1ade nuevos n\u00fameros de tel\u00e9fono a tu servicio en solo tres d\u00edas\n<h2>\n\t\tServicios de voz para satisfacer tus necesidades\n\t<\/h2>\n\t\t\t\t<a href=\"https:\/\/legacy.colt.net\/product\/isdn-voice-services\/\" target=\"_self\" itemprop=\"url\" rel=\"noopener\">\n\t\t\t\t<img decoding=\"async\" src=\"https:\/\/legacy.colt.net\/wp-content\/uploads\/2020\/12\/ISDN-Voice.png\" alt=\"Young business woman working at the computer in cafe on the rock. Young girl downshifter working at a laptop at sunset or sunrise on the top of the mountain to the sea, working day.\" itemprop=\"image\" title=\"Young business woman working at the computer in cafe on the rock. Young girl downshifter working at a laptop at sunset or sunrise on the top of the mountain to the sea, working day.\" onerror=\"this.style.display='none'\"  \/>\n\t\t\t\t<\/a>\n\t<p>Nuestro producto de RDSI proporciona voz de alta calidad en 13 pa\u00edses, lo que permite una f\u00e1cil transici\u00f3n a la interconexi\u00f3n SIP cuando est\u00e9s listo.<\/p>\n\t\t\t<a href=\"https:\/\/legacy.colt.net\/es\/product\/isdn-voice-services\/\" target=\"_self\" role=\"button\" rel=\"noopener\">\n\t\t\t\t\t\t\tM\u00e1s informaci\u00f3n\n\t\t\t\t\t<\/a>\n\t\t\t\t<a href=\"https:\/\/legacy.colt.net\/product\/sip-trunking\/\" target=\"_self\" itemprop=\"url\" rel=\"noopener\">\n\t\t\t\t<img loading=\"lazy\" decoding=\"async\" src=\"https:\/\/legacy.colt.net\/wp-content\/uploads\/2020\/12\/Voice.png\" alt=\"Voice\" itemprop=\"image\" height=\"800\" width=\"800\" title=\"Voice\" onerror=\"this.style.display='none'\"  \/>\n\t\t\t\t<\/a>\n\t<p>Combina sin sobresaltos tu red de voz y datos en todas tus \u00e1reas de operaciones migrando a VoIP y obt\u00e9n un servicio de gran fiabilidad por un coste reducido.<\/p>\n\t\t\t<a href=\"https:\/\/legacy.colt.net\/es\/product\/sip-trunking\/\" target=\"_self\" role=\"button\" rel=\"noopener\">\n\t\t\t\t\t\t\tM\u00e1s informaci\u00f3n\n\t\t\t\t\t<\/a>\n\t\t\t\t<a href=\"https:\/\/legacy.colt.net\/product\/intelligent-communications\/\" target=\"_self\" itemprop=\"url\" rel=\"noopener\">\n\t\t\t\t<img loading=\"lazy\" decoding=\"async\" src=\"https:\/\/legacy.colt.net\/wp-content\/uploads\/2020\/12\/Intelligent-Communications.png\" alt=\"Intelligent Communications\" itemprop=\"image\" height=\"800\" width=\"800\" title=\"Intelligent Communications\" onerror=\"this.style.display='none'\"  \/>\n\t\t\t\t<\/a>\n\t<p>Mejora la colaboraci\u00f3n reuniendo aplicaciones de productividad con Microsoft Office 365 y servicios de voz de categor\u00eda corporativa en la nube.<\/p>\n\t\t\t<a href=\"https:\/\/legacy.colt.net\/es\/product\/colt-intelligent-communications\/\" target=\"_self\" role=\"button\" rel=\"noopener\">\n\t\t\t\t\t\t\tM\u00e1s informaci\u00f3n\n\t\t\t\t\t<\/a>\n<h2>\n\t\tHabla con un especialista en voz\n\t<\/h2>\n\t<p>Nuestra red global te ofrece la flexibilidad de conectar tus servicios de voz de forma perfecta.<\/p>\n<p>Analiza tus necesidades hoy con nuestro experimentado equipo de voz para crear una soluci\u00f3n que se adapte a ti.<\/p>\n\n\t[hubspot type=form portal=344164 id=36a44022-1cd3-4d83-9326-7ead4f224e9b] \n<h2>\n\t\t\u00bfQuieres saber m\u00e1s?\n\t<\/h2>\n\t<strong>Caso pr\u00e1ctico<br \/>\n<\/strong>BNZSA la agencia de marketing directo conf\u00eda en los servicios de voz de Colt. <a href=\"https:\/\/legacy.colt.net\/es\/resources\/bnzsa-casoexito\/\">Lee m\u00e1s&#8230;<\/a>\n<p>&nbsp;<\/p>\n\t<strong>Caso pr\u00e1ctico<br \/>\n<\/strong>CEDRO: una reconversi\u00f3n tecnol\u00f3gica integral de la mano de Colt. <a href=\"https:\/\/legacy.colt.net\/es\/resources\/cedro-una-reconversion-tecnologica-integral-de-la-mano-de-colt\/\">Lee m\u00e1s&#8230;<\/a>\n<p>&nbsp;<\/p>\n\t<strong> Blog<br \/>\n<\/strong>3 asuntos que conviene tener en cuenta al seleccionar una soluci\u00f3n de voz global. <a href=\"https:\/\/legacy.colt.net\/es\/resources\/tres-claves-a-tener-en-cuenta-al-elegir-un-servicio-de-voz-global\/\">Lee m\u00e1s&#8230;<\/a>\n\t<strong>Servicios de voz<br \/>\n<\/strong>Colt cuenta con una amplia cartera de sistemas y l\u00edneas telef\u00f3nicas comerciales con una gran cobertura internacional que se extiende actualmente a 29 pa\u00edses. <a href=\"https:\/\/legacy.colt.net\/es\/voice\/\">M\u00e1s informaci\u00f3n&#8230;<\/a>\n\t<strong>Caso pr\u00e1ctico<br \/>\n<\/strong>Salesland conf\u00eda en Colt para su migraci\u00f3n a VoIP.<a href=\"https:\/\/legacy.colt.net\/es\/resources\/salesland-confia-en-colt-para-su-migracion-a-voip\/\">\u00a0Lee m\u00e1s&#8230;<\/a>\n\t<strong> Acerca de Colt<br \/>\n<\/strong>Obt\u00e9n m\u00e1s informaci\u00f3n sobre qui\u00e9n integra Colt y qu\u00e9 hacemos. <a href=\"https:\/\/legacy.colt.net\/es\/about\/\">Lee m\u00e1s &#8230;<\/a>\n\n","protected":false},"excerpt":{"rendered":"<p>Comunicaci\u00f3n corporativa con impacto La comunicaci\u00f3n clara es parte esencial de cualquier organizaci\u00f3n Desaf\u00edos actuales Una comunicaci\u00f3n transparente es esencial para que las personas puedan obtener la informaci\u00f3n que necesitan. Sin embargo, pueden surgir complicaciones a la hora de asegurarse de que se tiene la soluci\u00f3n correcta: Dado que una buena experiencia del cliente es&#8230;<\/p>\n","protected":false},"author":2,"featured_media":0,"parent":157975,"menu_order":0,"comment_status":"closed","ping_status":"closed","template":"","meta":{"_acf_changed":false,"footnotes":""},"colt_type":[],"colt_products":[],"class_list":["post-90931","page","type-page","status-publish","hentry"],"acf":[],"yoast_head":"<!-- This site is optimized with the Yoast SEO plugin v26.8 - https:\/\/yoast.com\/product\/yoast-seo-wordpress\/ -->\n<title>Comunicaci\u00f3n corporativa con impacto - Colt Technology Services<\/title>\n<meta name=\"description\" content=\"Comunicaci\u00f3n corporativa con impacto Colt Technology Services : La comunicaci\u00f3n clara es parte esencial de cualquier organizaci\u00f3n\" \/>\n<meta name=\"robots\" content=\"noindex, follow, max-snippet:-1, max-image-preview:large, max-video-preview:-1\" \/>\n<meta property=\"og:locale\" content=\"es_ES\" \/>\n<meta property=\"og:type\" content=\"article\" \/>\n<meta property=\"og:title\" content=\"Comunicaci\u00f3n corporativa con impacto - Colt Technology Services\" \/>\n<meta property=\"og:description\" content=\"Comunicaci\u00f3n corporativa con impacto Colt Technology Services : La comunicaci\u00f3n clara es parte esencial de cualquier organizaci\u00f3n\" \/>\n<meta property=\"og:url\" content=\"https:\/\/legacy.colt.net\/es\/solutions\/voice\/\" \/>\n<meta property=\"og:site_name\" content=\"Colt Technology Services\" \/>\n<meta property=\"article:publisher\" content=\"https:\/\/www.facebook.com\/ColtTechnologyServices\/\" \/>\n<meta property=\"article:modified_time\" content=\"2021-09-01T09:10:25+00:00\" \/>\n<meta property=\"og:image\" content=\"https:\/\/legacy.colt.net\/wp-content\/uploads\/2021\/01\/Brand-2021-Stock-31.jpg\" \/>\n\t<meta property=\"og:image:width\" content=\"1000\" \/>\n\t<meta property=\"og:image:height\" content=\"667\" \/>\n\t<meta property=\"og:image:type\" content=\"image\/jpeg\" \/>\n<meta name=\"twitter:card\" content=\"summary_large_image\" \/>\n<meta name=\"twitter:site\" content=\"@colt_technology\" \/>\n<meta name=\"twitter:label1\" content=\"Est. reading time\" \/>\n\t<meta name=\"twitter:data1\" content=\"3 minutes\" \/>\n<script type=\"application\/ld+json\" class=\"yoast-schema-graph\">{\"@context\":\"https:\/\/schema.org\",\"@graph\":[{\"@type\":\"WebPage\",\"@id\":\"https:\/\/legacy.colt.net\/es\/solutions\/voice\/\",\"url\":\"https:\/\/legacy.colt.net\/es\/solutions\/voice\/\",\"name\":\"Comunicaci\u00f3n corporativa con impacto - Colt Technology Services\",\"isPartOf\":{\"@id\":\"https:\/\/legacy.colt.net\/#website\"},\"primaryImageOfPage\":{\"@id\":\"https:\/\/legacy.colt.net\/es\/solutions\/voice\/#primaryimage\"},\"image\":{\"@id\":\"https:\/\/legacy.colt.net\/es\/solutions\/voice\/#primaryimage\"},\"thumbnailUrl\":\"https:\/\/legacy.colt.net\/wp-content\/uploads\/2021\/01\/Impactful-customer-communication.png\",\"datePublished\":\"2021-01-09T09:11:58+00:00\",\"dateModified\":\"2021-09-01T09:10:25+00:00\",\"description\":\"Comunicaci\u00f3n corporativa con impacto Colt Technology Services : La comunicaci\u00f3n clara es parte esencial de cualquier organizaci\u00f3n\",\"breadcrumb\":{\"@id\":\"https:\/\/legacy.colt.net\/es\/solutions\/voice\/#breadcrumb\"},\"inLanguage\":\"es-ES\",\"potentialAction\":[{\"@type\":\"ReadAction\",\"target\":[\"https:\/\/legacy.colt.net\/es\/solutions\/voice\/\"]}]},{\"@type\":\"ImageObject\",\"inLanguage\":\"es-ES\",\"@id\":\"https:\/\/legacy.colt.net\/es\/solutions\/voice\/#primaryimage\",\"url\":\"https:\/\/legacy.colt.net\/wp-content\/uploads\/2021\/01\/Impactful-customer-communication.png\",\"contentUrl\":\"https:\/\/legacy.colt.net\/wp-content\/uploads\/2021\/01\/Impactful-customer-communication.png\"},{\"@type\":\"BreadcrumbList\",\"@id\":\"https:\/\/legacy.colt.net\/es\/solutions\/voice\/#breadcrumb\",\"itemListElement\":[{\"@type\":\"ListItem\",\"position\":1,\"name\":\"Home\",\"item\":\"https:\/\/legacy.colt.net\/es\/\"},{\"@type\":\"ListItem\",\"position\":2,\"name\":\"Pressure off. Power on.\",\"item\":\"https:\/\/legacy.colt.net\/es\/solutions\/\"},{\"@type\":\"ListItem\",\"position\":3,\"name\":\"Comunicaci\u00f3n corporativa con impacto\"}]},{\"@type\":\"WebSite\",\"@id\":\"https:\/\/legacy.colt.net\/#website\",\"url\":\"https:\/\/legacy.colt.net\/\",\"name\":\"Colt\u30c6\u30af\u30ce\u30ed\u30b8\u30fc\u30b5\u30fc\u30d3\u30b9\u682a\u5f0f\u4f1a\u793e\",\"description\":\"Managed Network &amp; Voice Services Provider\",\"publisher\":{\"@id\":\"https:\/\/legacy.colt.net\/#organization\"},\"potentialAction\":[{\"@type\":\"SearchAction\",\"target\":{\"@type\":\"EntryPoint\",\"urlTemplate\":\"https:\/\/legacy.colt.net\/?s={search_term_string}\"},\"query-input\":{\"@type\":\"PropertyValueSpecification\",\"valueRequired\":true,\"valueName\":\"search_term_string\"}}],\"inLanguage\":\"es-ES\"},{\"@type\":\"Organization\",\"@id\":\"https:\/\/legacy.colt.net\/#organization\",\"name\":\"Colt Technology Services\",\"url\":\"https:\/\/legacy.colt.net\/\",\"logo\":{\"@type\":\"ImageObject\",\"inLanguage\":\"es-ES\",\"@id\":\"https:\/\/legacy.colt.net\/#\/schema\/logo\/image\/\",\"url\":\"https:\/\/legacy.colt.net\/wp-content\/uploads\/2019\/02\/Colt-Logo.png\",\"contentUrl\":\"https:\/\/legacy.colt.net\/wp-content\/uploads\/2019\/02\/Colt-Logo.png\",\"width\":195,\"height\":77,\"caption\":\"Colt Technology Services\"},\"image\":{\"@id\":\"https:\/\/legacy.colt.net\/#\/schema\/logo\/image\/\"},\"sameAs\":[\"https:\/\/www.facebook.com\/ColtTechnologyServices\/\",\"https:\/\/x.com\/colt_technology\",\"https:\/\/www.instagram.com\/colttechnologyservices\/\",\"https:\/\/www.linkedin.com\/company\/colt-technology-services\",\"https:\/\/www.youtube.com\/user\/ColtTechnology\"]}]}<\/script>\n<!-- \/ Yoast SEO plugin. -->","yoast_head_json":{"title":"Comunicaci\u00f3n corporativa con impacto - Colt Technology Services","description":"Comunicaci\u00f3n corporativa con impacto Colt Technology Services : La comunicaci\u00f3n clara es parte esencial de cualquier organizaci\u00f3n","robots":{"index":"noindex","follow":"follow","max-snippet":"max-snippet:-1","max-image-preview":"max-image-preview:large","max-video-preview":"max-video-preview:-1"},"og_locale":"es_ES","og_type":"article","og_title":"Comunicaci\u00f3n corporativa con impacto - Colt Technology Services","og_description":"Comunicaci\u00f3n corporativa con impacto Colt Technology Services : La comunicaci\u00f3n clara es parte esencial de cualquier organizaci\u00f3n","og_url":"https:\/\/legacy.colt.net\/es\/solutions\/voice\/","og_site_name":"Colt Technology Services","article_publisher":"https:\/\/www.facebook.com\/ColtTechnologyServices\/","article_modified_time":"2021-09-01T09:10:25+00:00","og_image":[{"width":1000,"height":667,"url":"https:\/\/legacy.colt.net\/wp-content\/uploads\/2021\/01\/Brand-2021-Stock-31.jpg","type":"image\/jpeg"}],"twitter_card":"summary_large_image","twitter_site":"@colt_technology","twitter_misc":{"Est. reading time":"3 minutes"},"schema":{"@context":"https:\/\/schema.org","@graph":[{"@type":"WebPage","@id":"https:\/\/legacy.colt.net\/es\/solutions\/voice\/","url":"https:\/\/legacy.colt.net\/es\/solutions\/voice\/","name":"Comunicaci\u00f3n corporativa con impacto - Colt Technology Services","isPartOf":{"@id":"https:\/\/legacy.colt.net\/#website"},"primaryImageOfPage":{"@id":"https:\/\/legacy.colt.net\/es\/solutions\/voice\/#primaryimage"},"image":{"@id":"https:\/\/legacy.colt.net\/es\/solutions\/voice\/#primaryimage"},"thumbnailUrl":"https:\/\/legacy.colt.net\/wp-content\/uploads\/2021\/01\/Impactful-customer-communication.png","datePublished":"2021-01-09T09:11:58+00:00","dateModified":"2021-09-01T09:10:25+00:00","description":"Comunicaci\u00f3n corporativa con impacto Colt Technology Services : La comunicaci\u00f3n clara es parte esencial de cualquier organizaci\u00f3n","breadcrumb":{"@id":"https:\/\/legacy.colt.net\/es\/solutions\/voice\/#breadcrumb"},"inLanguage":"es-ES","potentialAction":[{"@type":"ReadAction","target":["https:\/\/legacy.colt.net\/es\/solutions\/voice\/"]}]},{"@type":"ImageObject","inLanguage":"es-ES","@id":"https:\/\/legacy.colt.net\/es\/solutions\/voice\/#primaryimage","url":"https:\/\/legacy.colt.net\/wp-content\/uploads\/2021\/01\/Impactful-customer-communication.png","contentUrl":"https:\/\/legacy.colt.net\/wp-content\/uploads\/2021\/01\/Impactful-customer-communication.png"},{"@type":"BreadcrumbList","@id":"https:\/\/legacy.colt.net\/es\/solutions\/voice\/#breadcrumb","itemListElement":[{"@type":"ListItem","position":1,"name":"Home","item":"https:\/\/legacy.colt.net\/es\/"},{"@type":"ListItem","position":2,"name":"Pressure off. Power on.","item":"https:\/\/legacy.colt.net\/es\/solutions\/"},{"@type":"ListItem","position":3,"name":"Comunicaci\u00f3n corporativa con impacto"}]},{"@type":"WebSite","@id":"https:\/\/legacy.colt.net\/#website","url":"https:\/\/legacy.colt.net\/","name":"Colt\u30c6\u30af\u30ce\u30ed\u30b8\u30fc\u30b5\u30fc\u30d3\u30b9\u682a\u5f0f\u4f1a\u793e","description":"Managed Network &amp; Voice Services Provider","publisher":{"@id":"https:\/\/legacy.colt.net\/#organization"},"potentialAction":[{"@type":"SearchAction","target":{"@type":"EntryPoint","urlTemplate":"https:\/\/legacy.colt.net\/?s={search_term_string}"},"query-input":{"@type":"PropertyValueSpecification","valueRequired":true,"valueName":"search_term_string"}}],"inLanguage":"es-ES"},{"@type":"Organization","@id":"https:\/\/legacy.colt.net\/#organization","name":"Colt Technology Services","url":"https:\/\/legacy.colt.net\/","logo":{"@type":"ImageObject","inLanguage":"es-ES","@id":"https:\/\/legacy.colt.net\/#\/schema\/logo\/image\/","url":"https:\/\/legacy.colt.net\/wp-content\/uploads\/2019\/02\/Colt-Logo.png","contentUrl":"https:\/\/legacy.colt.net\/wp-content\/uploads\/2019\/02\/Colt-Logo.png","width":195,"height":77,"caption":"Colt Technology Services"},"image":{"@id":"https:\/\/legacy.colt.net\/#\/schema\/logo\/image\/"},"sameAs":["https:\/\/www.facebook.com\/ColtTechnologyServices\/","https:\/\/x.com\/colt_technology","https:\/\/www.instagram.com\/colttechnologyservices\/","https:\/\/www.linkedin.com\/company\/colt-technology-services","https:\/\/www.youtube.com\/user\/ColtTechnology"]}]}},"_links":{"self":[{"href":"https:\/\/legacy.colt.net\/es\/wp-json\/wp\/v2\/pages\/90931","targetHints":{"allow":["GET"]}}],"collection":[{"href":"https:\/\/legacy.colt.net\/es\/wp-json\/wp\/v2\/pages"}],"about":[{"href":"https:\/\/legacy.colt.net\/es\/wp-json\/wp\/v2\/types\/page"}],"author":[{"embeddable":true,"href":"https:\/\/legacy.colt.net\/es\/wp-json\/wp\/v2\/users\/2"}],"replies":[{"embeddable":true,"href":"https:\/\/legacy.colt.net\/es\/wp-json\/wp\/v2\/comments?post=90931"}],"version-history":[{"count":0,"href":"https:\/\/legacy.colt.net\/es\/wp-json\/wp\/v2\/pages\/90931\/revisions"}],"up":[{"embeddable":true,"href":"https:\/\/legacy.colt.net\/es\/wp-json\/wp\/v2\/pages\/157975"}],"wp:attachment":[{"href":"https:\/\/legacy.colt.net\/es\/wp-json\/wp\/v2\/media?parent=90931"}],"wp:term":[{"taxonomy":"colt_type","embeddable":true,"href":"https:\/\/legacy.colt.net\/es\/wp-json\/wp\/v2\/colt_type?post=90931"},{"taxonomy":"colt_products","embeddable":true,"href":"https:\/\/legacy.colt.net\/es\/wp-json\/wp\/v2\/colt_products?post=90931"}],"curies":[{"name":"wp","href":"https:\/\/api.w.org\/{rel}","templated":true}]}}