{"id":90928,"date":"2021-01-09T09:11:10","date_gmt":"2021-01-09T09:11:10","guid":{"rendered":"https:\/\/www.colt.net\/core-network\/"},"modified":"2021-03-29T15:11:49","modified_gmt":"2021-03-29T14:11:49","slug":"core-network","status":"publish","type":"page","link":"https:\/\/legacy.colt.net\/es\/solutions\/core-network\/","title":{"rendered":"Construye tu red central"},"content":{"rendered":"\n<h1>\n\t\tConstruye tu red central \n\t<\/h1>\n<h2>\n\t\tExige una conectividad segura, de alto rendimiento y de gran ancho de banda\n\t<\/h2>\n\t<nav class=\"breadcrumb\"><span><span><a href=\"https:\/\/legacy.colt.net\/es\/\">Home<\/a><\/span><\/span><\/nav>\n\t\t\t\t<img loading=\"lazy\" decoding=\"async\" src=\"https:\/\/legacy.colt.net\/wp-content\/uploads\/2021\/01\/Building-your-core-network.png\" alt=\"Building your core network\" itemprop=\"image\" height=\"1125\" width=\"1000\" title=\"Building your core network\" onerror=\"this.style.display='none'\"  \/>\n<h2>\n\t\tDesaf\u00edos actuales\n\t<\/h2>\n\t<p>Con el crecimiento de la nube y la cantidad de datos que aumentan exponencialmente cada d\u00eda, la calidad y la cobertura de tu red troncal de alta capacidad resulta m\u00e1s cr\u00edtica que nunca, tanto para ti como para tus clientes. \u00bfPor qu\u00e9?<\/p>\n\t\t\t<h4>1. La demanda de ancho de banda sigue creciendo r\u00e1pidamente en todos los pa\u00edses<\/h4>\t\t\t\n\t\t\t\t<p>Solo el ancho de banda de interconexi\u00f3n se prev\u00e9 que crezca hasta el 45\u00a0% de CAGR a escala mundial, seg\u00fan un <a href=\"https:\/\/www.equinix.co.uk\/gxi-report\/\" target=\"_blank\" rel=\"noopener\">informe reciente de Equinix<\/a>, hasta llegar a 16\u00a0307 terabits por segundo en 2023.<\/p>\n\t\t\t<h4>2. El acceso a una red troncal segura y de alta capacidad es imprescindible para satisfacer las necesidades del cliente<\/h4>\t\t\t\n\t\t\t\t<p>Se espera que las empresas impulsen el crecimiento del ancho de banda de interconexi\u00f3n en un <a href=\"https:\/\/www.equinix.co.uk\/gxi-report\/\" target=\"_blank\" rel=\"noopener\">50\u00a0% anual para 2023<\/a> y los mayoristas deben actuar ahora para asegurarse de que pueden satisfacer esta demanda.<\/p>\n<h2>\n\t\tConectividad que cumple\n\t<\/h2>\n\t<p>Necesitas un socio de conectividad que preste servicios dondequiera que los necesites, que pueda proporcionar una garant\u00eda de servicio y visibilidad de extremo a extremo, y que pueda ofrecer una seguridad adicional cuando sea necesario.<\/p>\n<p>Tanto si deseas transportar grandes vol\u00famenes de datos entre tus data centres como si necesitas una conectividad dedicada de gran ancho de banda, necesitas un socio en el que poder confiar cada segundo de cada d\u00eda.<\/p>\n<p>Tus desaf\u00edos son nuestros desaf\u00edos. Con casi 30 a\u00f1os de experiencia, Colt no solo invierte en tu red, sino tambi\u00e9n en el servicio y la asistencia que lleva aparejados, con el fin de garantizar que siempre supere tus expectativas.<\/p>\n\n\t\t\t\t<img loading=\"lazy\" decoding=\"async\" src=\"https:\/\/legacy.colt.net\/wp-content\/uploads\/2021\/01\/On-Demand-1-1.png\" alt=\"On-Demand-1 (1)\" itemprop=\"image\" height=\"1002\" width=\"891\" title=\"On-Demand-1 (1)\" onerror=\"this.style.display='none'\"  \/>\n<h2>\n\t\tTu socio de confianza en la construcci\u00f3n de una red central\n\t<\/h2>\n\t<p>Colt es el socio perfecto para que tu organizaci\u00f3n construya su red troncal de alta capacidad y poder brindarte la mejor experiencia tanto a ti como a tus clientes<\/p>\n\t<strong>El cliente primero<\/strong><br \/>\nColt destaca por su puntuaci\u00f3n NPS l\u00edder en el sector gracias a su enfoque de \u00abel cliente es lo primero\u00bb y por la capacidad de ofrecerte una experiencia sin ning\u00fan problema.\n\t<strong>La experiencia de usuario (UX)<\/strong><br \/>\nLos portales interactivos de Colt para clientes brindan mayor visibilidad y control total de tu red, y te permiten escalar tu red hacia arriba y hacia abajo en cuesti\u00f3n de minutos.\n\t<strong>Innovaci\u00f3n<\/strong><br \/>\nColt es un l\u00edder reconocido en soluciones impulsadas por SDN\/NFV, y sigue mejorando la experiencia del cliente con IA y tecnolog\u00edas de aprendizaje autom\u00e1tico.\n<h2>\n\t\tResuelve las necesidades de conexi\u00f3n de tu empresa\n\t<\/h2>\n\t\t\t\t<a href=\"https:\/\/legacy.colt.net\/product\/isdn-voice-services\/\" target=\"_self\" itemprop=\"url\" rel=\"noopener\">\n\t\t\t\t<img loading=\"lazy\" decoding=\"async\" src=\"https:\/\/legacy.colt.net\/wp-content\/uploads\/2020\/12\/Ethernet.png\" alt=\"Ethernet\" itemprop=\"image\" height=\"800\" width=\"800\" title=\"Ethernet\" onerror=\"this.style.display='none'\"  \/>\n\t\t\t\t<\/a>\n\t<p>Conecta tus sitios de forma segura, rentable y sin esfuerzo, a trav\u00e9s de ubicaciones metropolitanas, nacionales e internacionales<\/p>\n\t\t\t<a href=\"https:\/\/legacy.colt.net\/es\/product\/isdn-voice-services\/\" target=\"_self\" role=\"button\" rel=\"noopener\">\n\t\t\t\t\t\t\tM\u00e1s informaci\u00f3n\n\t\t\t\t\t<\/a>\n\t\t\t\t<a href=\"https:\/\/legacy.colt.net\/product\/sip-trunking\/\" target=\"_self\" itemprop=\"url\" rel=\"noopener\">\n\t\t\t\t<img decoding=\"async\" src=\"https:\/\/legacy.colt.net\/wp-content\/uploads\/2020\/12\/Wave.png\" alt=\"Fullenergy Limited_1215\" itemprop=\"image\" title=\"Fullenergy Limited_1215\" onerror=\"this.style.display='none'\"  \/>\n\t\t\t\t<\/a>\n\t<p>Accede a conectividad de alto rendimiento totalmente administrada con velocidades de hasta 100\u00a0GB con seguridad y fiabilidad \u00f3ptimas<\/p>\n\t\t\t<a href=\"https:\/\/legacy.colt.net\/es\/product\/sip-trunking\/\" target=\"_self\" role=\"button\" rel=\"noopener\">\n\t\t\t\t\t\t\tM\u00e1s informaci\u00f3n\n\t\t\t\t\t<\/a>\n\t\t\t\t<a href=\"https:\/\/legacy.colt.net\/product\/intelligent-communications\/\" target=\"_self\" itemprop=\"url\" rel=\"noopener\">\n\t\t\t\t<img decoding=\"async\" src=\"https:\/\/legacy.colt.net\/wp-content\/uploads\/2020\/12\/Spectrum.png\" alt=\"Hayley Dare\" itemprop=\"image\" title=\"Hayley Dare\" onerror=\"this.style.display='none'\"  \/>\n\t\t\t\t<\/a>\n\t<p>Construye tu propio sistema de l\u00ednea abierta de alta capacidad con un menor gasto de capital y sin sacrificar el rendimiento de la red<\/p>\n\t\t\t<a href=\"https:\/\/legacy.colt.net\/es\/product\/intelligent-communications\/\" target=\"_self\" role=\"button\" rel=\"noopener\">\n\t\t\t\t\t\t\tM\u00e1s informaci\u00f3n\n\t\t\t\t\t<\/a>\n\t\t\t\t<a href=\"https:\/\/legacy.colt.net\/product\/intelligent-communications\/\" target=\"_self\" itemprop=\"url\" rel=\"noopener\">\n\t\t\t\t<img decoding=\"async\" src=\"https:\/\/legacy.colt.net\/wp-content\/uploads\/2020\/12\/Dark-Fibre.png\" alt=\"720x450-Fullenergy-logo\" itemprop=\"image\" title=\"720x450-Fullenergy-logo\" onerror=\"this.style.display='none'\"  \/>\n\t\t\t\t<\/a>\n\t<p>Construye y toma el control de tu red troncal dedicada de alta capacidad con el m\u00e1ximo control y flexibilidad<\/p>\n\t\t\t<a href=\"https:\/\/legacy.colt.net\/es\/product\/dark-fibre\" target=\"_self\" role=\"button\" rel=\"noopener\">\n\t\t\t\t\t\t\tM\u00e1s informaci\u00f3n\n\t\t\t\t\t<\/a>\n<h2>\n\t\tColt IQ Network: una red troncal inteligente y fiable\n\t<\/h2>\n\t<p>Nuestras soluciones de conectividad se basan en nuestra red inteligente Colt IQ Network, que te proporciona la mejor red para que tengas la mejor experiencia. Obt\u00e9n acceso directo a los mercados financieros de Europa, Asia Pac\u00edfico y Am\u00e9rica del Norte.<\/p>\n\t\t\t<a href=\"https:\/\/legacy.colt.net\/es\/colt-network-map\/\" target=\"_blank\" role=\"button\" rel=\"noopener\">\n\t\t\t\t\t\tComprueba tu conectividad\n\t\t\t\t\t<\/a>\n<h2>\n\t\tHabla con un experto en redes \n\t<\/h2>\n\t<p>Nuestros premiados servicios de conectividad te brindan la capacidad de interconectar sin problemas tu negocio para que puedas responder mejor a los nuevos desaf\u00edos y oportunidades.<\/p>\n<p>Sean cuales sean tus retos o preguntas, deja que los expertos de Colt te gu\u00eden en el camino de la conectividad.<\/p>\n\n\t[hubspot type=form portal=344164 id=36a44022-1cd3-4d83-9326-7ead4f224e9b] \n<h2>\n\t\t\u00bfQuieres saber m\u00e1s?\n\t<\/h2>\n\t<strong>Caso pr\u00e1ctico<br \/>\n<\/strong>Colt respalda a Netgroup con la colocaci\u00f3n y la conectividad para el cliente de un cliente. <a href=\"https:\/\/legacy.colt.net\/es\/resources\/definedcrowd-recurre-a-colt-para-conectar-con-su-smart-data-platform\/\">Lee m\u00e1s&#8230;<\/a>\n\t<strong>Descargar documento t\u00e9cnico<br \/>\n<\/strong>La red del futuro. <a href=\"https:\/\/legacy.colt.net\/es\/resources\/la-red-del-futuro\/\">Lee m\u00e1s&#8230;<\/a>\n\t<strong>Noticias<br \/>\n<\/strong>Colt garantiza el futuro de su premiada Colt IQ Network gracias a una gran mejora. <a href=\"https:\/\/legacy.colt.net\/es\/resources\/colt-garantiza-el-futuro-de-su-galardonada-red-colt-iq-con-una-amplia-actualizacion\/\">Lee m\u00e1s&#8230;<\/a>\n\t<strong>Nuestra red<br \/>\n<\/strong>Nuestros servicios de red global se prestan a trav\u00e9s de nuestra red segura y de alta disponibilidad que abarca cuatro continentes con infraestructura propiedad de Colt en 32 pa\u00edses. <a href=\"https:\/\/legacy.colt.net\/es\/our-network\/\">Lee m\u00e1s&#8230;<\/a>\n\t<strong>Caso pr\u00e1ctico<br \/>\n<\/strong>CEDRO: una reconversi\u00f3n tecnol\u00f3gica integral de la mano de Colt. <a href=\"https:\/\/legacy.colt.net\/es\/resources\/cedro-una-reconversion-tecnologica-integral-de-la-mano-de-colt\/\">Lee m\u00e1s&#8230;<\/a>\n\t<strong>Caso pr\u00e1ctico<br \/>\n<\/strong>Alhambra- Eidos conf\u00eda en Colt para respaldar su crecimiento. <a href=\"https:\/\/legacy.colt.net\/es\/resources\/alhambra-eidos-confia-en-colt-para-respaldar-su-crecimiento\/\">Lee m\u00e1s&#8230;<\/a>\n\n","protected":false},"excerpt":{"rendered":"<p>Construye tu red central Exige una conectividad segura, de alto rendimiento y de gran ancho de banda Desaf\u00edos actuales Con el crecimiento de la nube y la cantidad de datos que aumentan exponencialmente cada d\u00eda, la calidad y la cobertura de tu red troncal de alta capacidad resulta m\u00e1s cr\u00edtica que nunca, tanto para ti&#8230;<\/p>\n","protected":false},"author":2,"featured_media":0,"parent":157975,"menu_order":0,"comment_status":"closed","ping_status":"closed","template":"","meta":{"_acf_changed":false,"footnotes":""},"colt_type":[],"colt_products":[],"class_list":["post-90928","page","type-page","status-publish","hentry"],"acf":[],"yoast_head":"<!-- This site is optimized with the Yoast SEO plugin v26.8 - https:\/\/yoast.com\/product\/yoast-seo-wordpress\/ -->\n<title>Construye tu red central - Colt Technology Services<\/title>\n<meta name=\"description\" content=\"Con el crecimiento de la nube y la cantidad de datos que aumentan exponencialmente cada d\u00eda, la calidad y la cobertura de tu red troncal\" \/>\n<meta name=\"robots\" content=\"noindex, follow, max-snippet:-1, max-image-preview:large, max-video-preview:-1\" \/>\n<meta property=\"og:locale\" content=\"es_ES\" \/>\n<meta property=\"og:type\" content=\"article\" \/>\n<meta property=\"og:title\" content=\"Construye tu red central - Colt Technology Services\" \/>\n<meta property=\"og:description\" content=\"Con el crecimiento de la nube y la cantidad de datos que aumentan exponencialmente cada d\u00eda, la calidad y la cobertura de tu red troncal\" \/>\n<meta property=\"og:url\" content=\"https:\/\/legacy.colt.net\/es\/solutions\/core-network\/\" \/>\n<meta property=\"og:site_name\" content=\"Colt Technology Services\" \/>\n<meta property=\"article:publisher\" content=\"https:\/\/www.facebook.com\/ColtTechnologyServices\/\" \/>\n<meta property=\"article:modified_time\" content=\"2021-03-29T14:11:49+00:00\" \/>\n<meta property=\"og:image\" content=\"https:\/\/legacy.colt.net\/wp-content\/uploads\/2021\/01\/Brand-2021-Stock-41.jpg\" \/>\n\t<meta property=\"og:image:width\" content=\"1000\" \/>\n\t<meta property=\"og:image:height\" content=\"667\" \/>\n\t<meta property=\"og:image:type\" content=\"image\/jpeg\" \/>\n<meta name=\"twitter:card\" content=\"summary_large_image\" \/>\n<meta name=\"twitter:site\" content=\"@colt_technology\" \/>\n<meta name=\"twitter:label1\" content=\"Est. reading time\" \/>\n\t<meta name=\"twitter:data1\" content=\"4 minutes\" \/>\n<script type=\"application\/ld+json\" class=\"yoast-schema-graph\">{\"@context\":\"https:\/\/schema.org\",\"@graph\":[{\"@type\":\"WebPage\",\"@id\":\"https:\/\/legacy.colt.net\/es\/solutions\/core-network\/\",\"url\":\"https:\/\/legacy.colt.net\/es\/solutions\/core-network\/\",\"name\":\"Construye tu red central - Colt Technology Services\",\"isPartOf\":{\"@id\":\"https:\/\/legacy.colt.net\/#website\"},\"primaryImageOfPage\":{\"@id\":\"https:\/\/legacy.colt.net\/es\/solutions\/core-network\/#primaryimage\"},\"image\":{\"@id\":\"https:\/\/legacy.colt.net\/es\/solutions\/core-network\/#primaryimage\"},\"thumbnailUrl\":\"https:\/\/legacy.colt.net\/wp-content\/uploads\/2021\/01\/Building-your-core-network.png\",\"datePublished\":\"2021-01-09T09:11:10+00:00\",\"dateModified\":\"2021-03-29T14:11:49+00:00\",\"description\":\"Con el crecimiento de la nube y la cantidad de datos que aumentan exponencialmente cada d\u00eda, la calidad y la cobertura de tu red troncal\",\"breadcrumb\":{\"@id\":\"https:\/\/legacy.colt.net\/es\/solutions\/core-network\/#breadcrumb\"},\"inLanguage\":\"es-ES\",\"potentialAction\":[{\"@type\":\"ReadAction\",\"target\":[\"https:\/\/legacy.colt.net\/es\/solutions\/core-network\/\"]}]},{\"@type\":\"ImageObject\",\"inLanguage\":\"es-ES\",\"@id\":\"https:\/\/legacy.colt.net\/es\/solutions\/core-network\/#primaryimage\",\"url\":\"https:\/\/legacy.colt.net\/wp-content\/uploads\/2021\/01\/Building-your-core-network.png\",\"contentUrl\":\"https:\/\/legacy.colt.net\/wp-content\/uploads\/2021\/01\/Building-your-core-network.png\"},{\"@type\":\"BreadcrumbList\",\"@id\":\"https:\/\/legacy.colt.net\/es\/solutions\/core-network\/#breadcrumb\",\"itemListElement\":[{\"@type\":\"ListItem\",\"position\":1,\"name\":\"Home\",\"item\":\"https:\/\/legacy.colt.net\/es\/\"},{\"@type\":\"ListItem\",\"position\":2,\"name\":\"Pressure off. Power on.\",\"item\":\"https:\/\/legacy.colt.net\/es\/solutions\/\"},{\"@type\":\"ListItem\",\"position\":3,\"name\":\"Construye tu red central\"}]},{\"@type\":\"WebSite\",\"@id\":\"https:\/\/legacy.colt.net\/#website\",\"url\":\"https:\/\/legacy.colt.net\/\",\"name\":\"Colt\u30c6\u30af\u30ce\u30ed\u30b8\u30fc\u30b5\u30fc\u30d3\u30b9\u682a\u5f0f\u4f1a\u793e\",\"description\":\"Managed Network &amp; Voice Services Provider\",\"publisher\":{\"@id\":\"https:\/\/legacy.colt.net\/#organization\"},\"potentialAction\":[{\"@type\":\"SearchAction\",\"target\":{\"@type\":\"EntryPoint\",\"urlTemplate\":\"https:\/\/legacy.colt.net\/?s={search_term_string}\"},\"query-input\":{\"@type\":\"PropertyValueSpecification\",\"valueRequired\":true,\"valueName\":\"search_term_string\"}}],\"inLanguage\":\"es-ES\"},{\"@type\":\"Organization\",\"@id\":\"https:\/\/legacy.colt.net\/#organization\",\"name\":\"Colt Technology Services\",\"url\":\"https:\/\/legacy.colt.net\/\",\"logo\":{\"@type\":\"ImageObject\",\"inLanguage\":\"es-ES\",\"@id\":\"https:\/\/legacy.colt.net\/#\/schema\/logo\/image\/\",\"url\":\"https:\/\/legacy.colt.net\/wp-content\/uploads\/2019\/02\/Colt-Logo.png\",\"contentUrl\":\"https:\/\/legacy.colt.net\/wp-content\/uploads\/2019\/02\/Colt-Logo.png\",\"width\":195,\"height\":77,\"caption\":\"Colt Technology Services\"},\"image\":{\"@id\":\"https:\/\/legacy.colt.net\/#\/schema\/logo\/image\/\"},\"sameAs\":[\"https:\/\/www.facebook.com\/ColtTechnologyServices\/\",\"https:\/\/x.com\/colt_technology\",\"https:\/\/www.instagram.com\/colttechnologyservices\/\",\"https:\/\/www.linkedin.com\/company\/colt-technology-services\",\"https:\/\/www.youtube.com\/user\/ColtTechnology\"]}]}<\/script>\n<!-- \/ Yoast SEO plugin. -->","yoast_head_json":{"title":"Construye tu red central - Colt Technology Services","description":"Con el crecimiento de la nube y la cantidad de datos que aumentan exponencialmente cada d\u00eda, la calidad y la cobertura de tu red troncal","robots":{"index":"noindex","follow":"follow","max-snippet":"max-snippet:-1","max-image-preview":"max-image-preview:large","max-video-preview":"max-video-preview:-1"},"og_locale":"es_ES","og_type":"article","og_title":"Construye tu red central - Colt Technology Services","og_description":"Con el crecimiento de la nube y la cantidad de datos que aumentan exponencialmente cada d\u00eda, la calidad y la cobertura de tu red troncal","og_url":"https:\/\/legacy.colt.net\/es\/solutions\/core-network\/","og_site_name":"Colt Technology Services","article_publisher":"https:\/\/www.facebook.com\/ColtTechnologyServices\/","article_modified_time":"2021-03-29T14:11:49+00:00","og_image":[{"width":1000,"height":667,"url":"https:\/\/legacy.colt.net\/wp-content\/uploads\/2021\/01\/Brand-2021-Stock-41.jpg","type":"image\/jpeg"}],"twitter_card":"summary_large_image","twitter_site":"@colt_technology","twitter_misc":{"Est. reading time":"4 minutes"},"schema":{"@context":"https:\/\/schema.org","@graph":[{"@type":"WebPage","@id":"https:\/\/legacy.colt.net\/es\/solutions\/core-network\/","url":"https:\/\/legacy.colt.net\/es\/solutions\/core-network\/","name":"Construye tu red central - Colt Technology Services","isPartOf":{"@id":"https:\/\/legacy.colt.net\/#website"},"primaryImageOfPage":{"@id":"https:\/\/legacy.colt.net\/es\/solutions\/core-network\/#primaryimage"},"image":{"@id":"https:\/\/legacy.colt.net\/es\/solutions\/core-network\/#primaryimage"},"thumbnailUrl":"https:\/\/legacy.colt.net\/wp-content\/uploads\/2021\/01\/Building-your-core-network.png","datePublished":"2021-01-09T09:11:10+00:00","dateModified":"2021-03-29T14:11:49+00:00","description":"Con el crecimiento de la nube y la cantidad de datos que aumentan exponencialmente cada d\u00eda, la calidad y la cobertura de tu red troncal","breadcrumb":{"@id":"https:\/\/legacy.colt.net\/es\/solutions\/core-network\/#breadcrumb"},"inLanguage":"es-ES","potentialAction":[{"@type":"ReadAction","target":["https:\/\/legacy.colt.net\/es\/solutions\/core-network\/"]}]},{"@type":"ImageObject","inLanguage":"es-ES","@id":"https:\/\/legacy.colt.net\/es\/solutions\/core-network\/#primaryimage","url":"https:\/\/legacy.colt.net\/wp-content\/uploads\/2021\/01\/Building-your-core-network.png","contentUrl":"https:\/\/legacy.colt.net\/wp-content\/uploads\/2021\/01\/Building-your-core-network.png"},{"@type":"BreadcrumbList","@id":"https:\/\/legacy.colt.net\/es\/solutions\/core-network\/#breadcrumb","itemListElement":[{"@type":"ListItem","position":1,"name":"Home","item":"https:\/\/legacy.colt.net\/es\/"},{"@type":"ListItem","position":2,"name":"Pressure off. Power on.","item":"https:\/\/legacy.colt.net\/es\/solutions\/"},{"@type":"ListItem","position":3,"name":"Construye tu red central"}]},{"@type":"WebSite","@id":"https:\/\/legacy.colt.net\/#website","url":"https:\/\/legacy.colt.net\/","name":"Colt\u30c6\u30af\u30ce\u30ed\u30b8\u30fc\u30b5\u30fc\u30d3\u30b9\u682a\u5f0f\u4f1a\u793e","description":"Managed Network &amp; Voice Services Provider","publisher":{"@id":"https:\/\/legacy.colt.net\/#organization"},"potentialAction":[{"@type":"SearchAction","target":{"@type":"EntryPoint","urlTemplate":"https:\/\/legacy.colt.net\/?s={search_term_string}"},"query-input":{"@type":"PropertyValueSpecification","valueRequired":true,"valueName":"search_term_string"}}],"inLanguage":"es-ES"},{"@type":"Organization","@id":"https:\/\/legacy.colt.net\/#organization","name":"Colt Technology Services","url":"https:\/\/legacy.colt.net\/","logo":{"@type":"ImageObject","inLanguage":"es-ES","@id":"https:\/\/legacy.colt.net\/#\/schema\/logo\/image\/","url":"https:\/\/legacy.colt.net\/wp-content\/uploads\/2019\/02\/Colt-Logo.png","contentUrl":"https:\/\/legacy.colt.net\/wp-content\/uploads\/2019\/02\/Colt-Logo.png","width":195,"height":77,"caption":"Colt Technology Services"},"image":{"@id":"https:\/\/legacy.colt.net\/#\/schema\/logo\/image\/"},"sameAs":["https:\/\/www.facebook.com\/ColtTechnologyServices\/","https:\/\/x.com\/colt_technology","https:\/\/www.instagram.com\/colttechnologyservices\/","https:\/\/www.linkedin.com\/company\/colt-technology-services","https:\/\/www.youtube.com\/user\/ColtTechnology"]}]}},"_links":{"self":[{"href":"https:\/\/legacy.colt.net\/es\/wp-json\/wp\/v2\/pages\/90928","targetHints":{"allow":["GET"]}}],"collection":[{"href":"https:\/\/legacy.colt.net\/es\/wp-json\/wp\/v2\/pages"}],"about":[{"href":"https:\/\/legacy.colt.net\/es\/wp-json\/wp\/v2\/types\/page"}],"author":[{"embeddable":true,"href":"https:\/\/legacy.colt.net\/es\/wp-json\/wp\/v2\/users\/2"}],"replies":[{"embeddable":true,"href":"https:\/\/legacy.colt.net\/es\/wp-json\/wp\/v2\/comments?post=90928"}],"version-history":[{"count":0,"href":"https:\/\/legacy.colt.net\/es\/wp-json\/wp\/v2\/pages\/90928\/revisions"}],"up":[{"embeddable":true,"href":"https:\/\/legacy.colt.net\/es\/wp-json\/wp\/v2\/pages\/157975"}],"wp:attachment":[{"href":"https:\/\/legacy.colt.net\/es\/wp-json\/wp\/v2\/media?parent=90928"}],"wp:term":[{"taxonomy":"colt_type","embeddable":true,"href":"https:\/\/legacy.colt.net\/es\/wp-json\/wp\/v2\/colt_type?post=90928"},{"taxonomy":"colt_products","embeddable":true,"href":"https:\/\/legacy.colt.net\/es\/wp-json\/wp\/v2\/colt_products?post=90928"}],"curies":[{"name":"wp","href":"https:\/\/api.w.org\/{rel}","templated":true}]}}