{"id":90563,"date":"2021-01-09T09:09:53","date_gmt":"2021-01-09T09:09:53","guid":{"rendered":"https:\/\/www.colt.net\/enterprise\/"},"modified":"2021-03-01T17:09:25","modified_gmt":"2021-03-01T17:09:25","slug":"enterprise","status":"publish","type":"page","link":"https:\/\/legacy.colt.net\/es\/solutions\/enterprise\/","title":{"rendered":"Conecta tu red de empresa"},"content":{"rendered":"\r\n<h1>Connect to the cloud<\/h1>\r\n<h2>Posibilita tu transformaci\u00f3n digital<\/h2>\r\n<nav class=\"breadcrumb\"><span><span><a href=\"https:\/\/legacy.colt.net\/es\/\">Home<\/a><\/span><\/span><\/nav>\r\n<p><img loading=\"lazy\" decoding=\"async\" title=\"Connecting your enterprise network\" src=\"https:\/\/legacy.colt.net\/wp-content\/uploads\/2021\/01\/Connecting-your-enterprise-network.png\" alt=\"Connecting your enterprise network\" width=\"1000\" height=\"1125\" \/><\/p>\r\n<h2>Desaf\u00edos actuales<\/h2>\r\n<p>La mayor\u00eda de los CIO valoran en gran medida la resiliencia empresarial. La red empresarial es el eje central de cualquier negocio de \u00e9xito. Ahora, m\u00e1s que nunca, tu red debe ser capaz de admitir los constantes cambios en los flujos de tr\u00e1fico y el uso de aplicaciones, as\u00ed como el aumento de la cantidad de dispositivos conectados: son cambios que pueden ocurrir en un momento dado.<\/p>\r\n<h4>La evoluci\u00f3n de la tecnolog\u00eda y otros factores externos est\u00e1n impulsando un r\u00e1pido ritmo de cambio en los requisitos de las redes empresariales actuales.<\/h4>\r\n<p><a href=\"https:\/\/www.cisco.com\/c\/en\/us\/solutions\/collateral\/executive-perspectives\/annual-internet-report\/white-paper-c11-741490.html\" target=\"_blank\" rel=\"noopener noreferrer\">Cisco<\/a> predice que el n\u00famero de dispositivos conectados a las redes IP triplicar\u00e1 la poblaci\u00f3n mundial para 2023, hasta alcanzar los 29\u00a0300 millones. Adem\u00e1s, el <a href=\"https:\/\/www.gartner.com\/en\/newsroom\/press-releases\/2020-04-03-gartner-cfo-surey-reveals-74-percent-of-organizations-to-shift-some-employees-to-remote-work-permanently2\" target=\"_blank\" rel=\"noopener noreferrer\">74\u00a0% de las empresas<\/a> contar\u00e1 con m\u00e1s empleados teletrabajando, en comparaci\u00f3n con antes de la pandemia.<\/p>\r\n<h3>Conectividad que cumple<\/h3>\r\n<h4>Actualmente, disponer de una red inteligente y adaptable que proporcione una conectividad segura, de alta calidad y que pueda adaptarse a los cambios constantes resulta imprescindible para que su negocio tenga \u00e9xito.<\/h4>\r\n<p><a href=\"https:\/\/www.gartner.com\/en\/documents\/3981830\/coronavirus-in-mind-make-remote-work-successful-\" target=\"_blank\" rel=\"noopener noreferrer\">El 54\u00a0% de los encargados de RR.\u00a0HH<\/a>. indic\u00f3 que una tecnolog\u00eda o una infraestructura deficientes de trabajo remoto es la mayor barrera para lograr un trabajo remoto eficaz, y el <a href=\"https:\/\/legacy.colt.net\/es\/resources\/state-of-the-cloud\/\">59\u00a0% de las empresas<\/a> indic\u00f3 que la seguridad y la conectividad fiable son los principales desaf\u00edos para el \u00e9xito de la migraci\u00f3n a la nube.<\/p>\r\n<p>Ya no basta con reaccionar a desaf\u00edos como los proyectos de migraci\u00f3n a la nube, el aumento del teletrabajo o la expansi\u00f3n a nuevos sitios. Necesitas una red dise\u00f1ada para el cambio. Necesitas una red que te proporcione una plataforma sostenible para continuar con la transformaci\u00f3n digital.<\/p>\r\n<p><img loading=\"lazy\" decoding=\"async\" title=\"Connecting-to-the-cloud-1\" src=\"https:\/\/legacy.colt.net\/wp-content\/uploads\/2021\/01\/Connecting-to-the-cloud-1.png\" alt=\"Connecting-to-the-cloud-1\" width=\"891\" height=\"1002\" \/><\/p>\r\n<h2>Tu socio de conectividad de confianza<\/h2>\r\n<p>Colt es el socio ideal para acelerar tu transformaci\u00f3n digital y adoptar el cambio en un mundo que cambia de forma r\u00e1pida.<\/p>\r\n<p><strong>El cliente primero<\/strong><br \/>Como cliente nuestro, tu experiencia es lo que m\u00e1s nos importa. Por eso nuestro Net Promotor Score (NPS) de clientes es l\u00edder en el sector. <strong>La experiencia del usuario (UX)\u00a0<\/strong><br \/>Los portales interactivos de Colt para clientes brindan mayor visibilidad y control total de tu red, y te permiten escalar tu red hacia arriba y hacia abajo en cuesti\u00f3n de minutos <strong>Innovaci\u00f3n<\/strong><br \/>Colt es un l\u00edder reconocido en soluciones impulsadas por SDN\/NFV, y sigue mejorando la experiencia del cliente con IA y tecnolog\u00edas de aprendizaje autom\u00e1tico<\/p>\r\n<h2>Resuelve las necesidades de conexi\u00f3n de tu empresa<\/h2>\r\n<p><img loading=\"lazy\" decoding=\"async\" title=\"Ethernet\" src=\"https:\/\/legacy.colt.net\/wp-content\/uploads\/2020\/12\/Ethernet.png\" alt=\"Ethernet\" width=\"800\" height=\"800\" \/><\/p>\r\n<p>Conecta tus sitios de forma segura, rentable y sin esfuerzo, a trav\u00e9s de ubicaciones metropolitanas, nacionales e internacionales<\/p>\r\n<p><img decoding=\"async\" title=\"Businesspeople Walking Along Illuminated Lightwall Corridor, London, England\" src=\"https:\/\/legacy.colt.net\/wp-content\/uploads\/2020\/12\/SD-WAN.png\" alt=\"Businesspeople walking along the illuminated lightwall corridor, connecting One Pancras Square with King's Cross underground station in London, pedestrian tunnel in Kings Cross station, London, UK, England.\" \/><\/p>\r\n<p>Aumenta el ancho de banda descargando de forma segura tu tr\u00e1fico menos cr\u00edtico a la internet p\u00fablica, y todo administrado en l\u00ednea.<\/p>\r\n<p><img decoding=\"async\" title=\"Gavin Richardson\" src=\"https:\/\/legacy.colt.net\/wp-content\/uploads\/2020\/12\/uCPE-1.png\" alt=\"Gavin Richardson\" \/><\/p>\r\n<p>Implementa nuevas funciones de red virtual (VNF) de forma r\u00e1pida y f\u00e1cil con equipos universales en las instalaciones del cliente (uCPE)<\/p>\r\n<p><img decoding=\"async\" title=\"ITEC Hankyu Hanshin_1124\" src=\"https:\/\/legacy.colt.net\/wp-content\/uploads\/2020\/12\/VPN.png\" alt=\"ITEC Hankyu Hanshin_1124\" \/><\/p>\r\n<p>Crea una red privada segura, de alto rendimiento y rentable con cobertura donde la necesites<\/p>\r\n<p><a role=\"button\" href=\"https:\/\/legacy.colt.net\/es\/product\/ethernet-line\/\" target=\"_self\" rel=\"noopener noreferrer\"> M\u00e1s informaci\u00f3n <\/a> <a role=\"button\" href=\"https:\/\/legacy.colt.net\/es\/product\/sd-wan\/\" target=\"_self\" rel=\"noopener noreferrer\"> M\u00e1s informaci\u00f3n <\/a> <a role=\"button\" href=\"https:\/\/legacy.colt.net\/es\/universal-cpe\/\" target=\"_self\" rel=\"noopener noreferrer\"> M\u00e1s informaci\u00f3n <\/a> <a role=\"button\" href=\"https:\/\/legacy.colt.net\/es\/product\/ip-vpn\/\" target=\"_self\" rel=\"noopener noreferrer\"> M\u00e1s informaci\u00f3n <\/a><\/p>\r\n<h2>Colt IQ Network: la red troncal hacia tu nube<\/h2>\r\n<p>Nuestras soluciones de conectividad en la nube se basan en nuestra red inteligente Colt IQ Network, que te proporciona la mejor red para que tengas la mejor experiencia en la nube. Accede directamente a los edificios de las empresas y a los principales data centres de Europa, Asia-Pac\u00edfico y Am\u00e9rica del Norte.<\/p>\r\n<p><a role=\"button\" href=\"https:\/\/legacy.colt.net\/es\/colt-network-map\/\" target=\"_self\" rel=\"noopener noreferrer\"> Comprueba tu conectividad <\/a><\/p>\r\n<h2>Habla con un experto en redes<\/h2>\r\n<p>Nuestros premiados servicios de conectividad te brindan la capacidad de interconectar sin problemas tu negocio para que puedas responder mejor a los nuevos desaf\u00edos y oportunidades.<\/p>\r\n<p>Sean cuales sean tus retos o preguntas, deja que los expertos de Colt te gu\u00eden en el camino de la conectividad.<\/p>\r\n<p>[hubspot type=form portal=344164 id=36a44022-1cd3-4d83-9326-7ead4f224e9b]<\/p>\r\n<h2>\u00bfQuieres saber m\u00e1s?<\/h2>\r\n<p><strong>News<br \/><\/strong>El Banco Central Europeo escoge a Colt y SIA para conectarse a la infraestructura de mercado del Eurosistema. <a href=\"https:\/\/legacy.colt.net\/es\/resources\/el-banco-central-europeo-escoge-a-colt-y-sia-para-conectarse-a-la-infraestructura-de-mercado-del-eurosistema\/\">Lee m\u00e1s&#8230;<\/a> <strong>News<br \/><\/strong>Colt lanza PrizmNet Cloud Access, el poder de la nube para los Capital Markets. <a href=\"https:\/\/legacy.colt.net\/es\/resources\/colt-lanza-prizmnet-cloud-access-el-poder-de-la-nube-para-los-capital-markets\/\">Lee m\u00e1s&#8230;<\/a><\/p>\r\n","protected":false},"excerpt":{"rendered":"<p>Connect to the cloud Posibilita tu transformaci\u00f3n digital Desaf\u00edos actuales La mayor\u00eda de los CIO valoran en gran medida la resiliencia empresarial. La red empresarial es el eje central de cualquier negocio de \u00e9xito. Ahora, m\u00e1s que nunca, tu red debe ser capaz de admitir los constantes cambios en los flujos de tr\u00e1fico y el&#8230;<\/p>\n","protected":false},"author":2,"featured_media":0,"parent":157975,"menu_order":0,"comment_status":"closed","ping_status":"closed","template":"","meta":{"_acf_changed":false,"footnotes":""},"colt_type":[],"colt_products":[],"class_list":["post-90563","page","type-page","status-publish","hentry"],"acf":[],"yoast_head":"<!-- This site is optimized with the Yoast SEO plugin v26.8 - https:\/\/yoast.com\/product\/yoast-seo-wordpress\/ -->\n<title>Conecta tu red de empresa - Colt Technology Services<\/title>\n<meta name=\"description\" content=\"La evoluci\u00f3n de la tecnolog\u00eda y otros factores externos est\u00e1n impulsando un r\u00e1pido ritmo de cambio en los requisitos de las redes empresariales actuales\" \/>\n<meta name=\"robots\" content=\"noindex, follow, max-snippet:-1, max-image-preview:large, max-video-preview:-1\" \/>\n<meta property=\"og:locale\" content=\"es_ES\" \/>\n<meta property=\"og:type\" content=\"article\" \/>\n<meta property=\"og:title\" content=\"Conecta tu red de empresa - Colt Technology Services\" \/>\n<meta property=\"og:description\" content=\"La evoluci\u00f3n de la tecnolog\u00eda y otros factores externos est\u00e1n impulsando un r\u00e1pido ritmo de cambio en los requisitos de las redes empresariales actuales\" \/>\n<meta property=\"og:url\" content=\"https:\/\/legacy.colt.net\/es\/solutions\/enterprise\/\" \/>\n<meta property=\"og:site_name\" content=\"Colt Technology Services\" \/>\n<meta property=\"article:publisher\" content=\"https:\/\/www.facebook.com\/ColtTechnologyServices\/\" \/>\n<meta property=\"article:modified_time\" content=\"2021-03-01T17:09:25+00:00\" \/>\n<meta property=\"og:image\" content=\"https:\/\/legacy.colt.net\/wp-content\/uploads\/2021\/01\/Brand-2021-Stock-2.jpg\" \/>\n\t<meta property=\"og:image:width\" content=\"1000\" \/>\n\t<meta property=\"og:image:height\" content=\"676\" \/>\n\t<meta property=\"og:image:type\" content=\"image\/jpeg\" \/>\n<meta name=\"twitter:card\" content=\"summary_large_image\" \/>\n<meta name=\"twitter:site\" content=\"@colt_technology\" \/>\n<meta name=\"twitter:label1\" content=\"Est. reading time\" \/>\n\t<meta name=\"twitter:data1\" content=\"4 minutes\" \/>\n<script type=\"application\/ld+json\" class=\"yoast-schema-graph\">{\"@context\":\"https:\/\/schema.org\",\"@graph\":[{\"@type\":\"WebPage\",\"@id\":\"https:\/\/legacy.colt.net\/es\/solutions\/enterprise\/\",\"url\":\"https:\/\/legacy.colt.net\/es\/solutions\/enterprise\/\",\"name\":\"Conecta tu red de empresa - Colt Technology Services\",\"isPartOf\":{\"@id\":\"https:\/\/legacy.colt.net\/#website\"},\"primaryImageOfPage\":{\"@id\":\"https:\/\/legacy.colt.net\/es\/solutions\/enterprise\/#primaryimage\"},\"image\":{\"@id\":\"https:\/\/legacy.colt.net\/es\/solutions\/enterprise\/#primaryimage\"},\"thumbnailUrl\":\"https:\/\/legacy.colt.net\/wp-content\/uploads\/2021\/01\/Connecting-your-enterprise-network.png\",\"datePublished\":\"2021-01-09T09:09:53+00:00\",\"dateModified\":\"2021-03-01T17:09:25+00:00\",\"description\":\"La evoluci\u00f3n de la tecnolog\u00eda y otros factores externos est\u00e1n impulsando un r\u00e1pido ritmo de cambio en los requisitos de las redes empresariales actuales\",\"breadcrumb\":{\"@id\":\"https:\/\/legacy.colt.net\/es\/solutions\/enterprise\/#breadcrumb\"},\"inLanguage\":\"es-ES\",\"potentialAction\":[{\"@type\":\"ReadAction\",\"target\":[\"https:\/\/legacy.colt.net\/es\/solutions\/enterprise\/\"]}]},{\"@type\":\"ImageObject\",\"inLanguage\":\"es-ES\",\"@id\":\"https:\/\/legacy.colt.net\/es\/solutions\/enterprise\/#primaryimage\",\"url\":\"https:\/\/legacy.colt.net\/wp-content\/uploads\/2021\/01\/Connecting-your-enterprise-network.png\",\"contentUrl\":\"https:\/\/legacy.colt.net\/wp-content\/uploads\/2021\/01\/Connecting-your-enterprise-network.png\"},{\"@type\":\"BreadcrumbList\",\"@id\":\"https:\/\/legacy.colt.net\/es\/solutions\/enterprise\/#breadcrumb\",\"itemListElement\":[{\"@type\":\"ListItem\",\"position\":1,\"name\":\"Home\",\"item\":\"https:\/\/legacy.colt.net\/es\/\"},{\"@type\":\"ListItem\",\"position\":2,\"name\":\"Pressure off. Power on.\",\"item\":\"https:\/\/legacy.colt.net\/es\/solutions\/\"},{\"@type\":\"ListItem\",\"position\":3,\"name\":\"Conecta tu red de empresa\"}]},{\"@type\":\"WebSite\",\"@id\":\"https:\/\/legacy.colt.net\/#website\",\"url\":\"https:\/\/legacy.colt.net\/\",\"name\":\"Colt\u30c6\u30af\u30ce\u30ed\u30b8\u30fc\u30b5\u30fc\u30d3\u30b9\u682a\u5f0f\u4f1a\u793e\",\"description\":\"Managed Network &amp; Voice Services Provider\",\"publisher\":{\"@id\":\"https:\/\/legacy.colt.net\/#organization\"},\"potentialAction\":[{\"@type\":\"SearchAction\",\"target\":{\"@type\":\"EntryPoint\",\"urlTemplate\":\"https:\/\/legacy.colt.net\/?s={search_term_string}\"},\"query-input\":{\"@type\":\"PropertyValueSpecification\",\"valueRequired\":true,\"valueName\":\"search_term_string\"}}],\"inLanguage\":\"es-ES\"},{\"@type\":\"Organization\",\"@id\":\"https:\/\/legacy.colt.net\/#organization\",\"name\":\"Colt Technology Services\",\"url\":\"https:\/\/legacy.colt.net\/\",\"logo\":{\"@type\":\"ImageObject\",\"inLanguage\":\"es-ES\",\"@id\":\"https:\/\/legacy.colt.net\/#\/schema\/logo\/image\/\",\"url\":\"https:\/\/legacy.colt.net\/wp-content\/uploads\/2019\/02\/Colt-Logo.png\",\"contentUrl\":\"https:\/\/legacy.colt.net\/wp-content\/uploads\/2019\/02\/Colt-Logo.png\",\"width\":195,\"height\":77,\"caption\":\"Colt Technology Services\"},\"image\":{\"@id\":\"https:\/\/legacy.colt.net\/#\/schema\/logo\/image\/\"},\"sameAs\":[\"https:\/\/www.facebook.com\/ColtTechnologyServices\/\",\"https:\/\/x.com\/colt_technology\",\"https:\/\/www.instagram.com\/colttechnologyservices\/\",\"https:\/\/www.linkedin.com\/company\/colt-technology-services\",\"https:\/\/www.youtube.com\/user\/ColtTechnology\"]}]}<\/script>\n<!-- \/ Yoast SEO plugin. -->","yoast_head_json":{"title":"Conecta tu red de empresa - Colt Technology Services","description":"La evoluci\u00f3n de la tecnolog\u00eda y otros factores externos est\u00e1n impulsando un r\u00e1pido ritmo de cambio en los requisitos de las redes empresariales actuales","robots":{"index":"noindex","follow":"follow","max-snippet":"max-snippet:-1","max-image-preview":"max-image-preview:large","max-video-preview":"max-video-preview:-1"},"og_locale":"es_ES","og_type":"article","og_title":"Conecta tu red de empresa - Colt Technology Services","og_description":"La evoluci\u00f3n de la tecnolog\u00eda y otros factores externos est\u00e1n impulsando un r\u00e1pido ritmo de cambio en los requisitos de las redes empresariales actuales","og_url":"https:\/\/legacy.colt.net\/es\/solutions\/enterprise\/","og_site_name":"Colt Technology Services","article_publisher":"https:\/\/www.facebook.com\/ColtTechnologyServices\/","article_modified_time":"2021-03-01T17:09:25+00:00","og_image":[{"width":1000,"height":676,"url":"https:\/\/legacy.colt.net\/wp-content\/uploads\/2021\/01\/Brand-2021-Stock-2.jpg","type":"image\/jpeg"}],"twitter_card":"summary_large_image","twitter_site":"@colt_technology","twitter_misc":{"Est. reading time":"4 minutes"},"schema":{"@context":"https:\/\/schema.org","@graph":[{"@type":"WebPage","@id":"https:\/\/legacy.colt.net\/es\/solutions\/enterprise\/","url":"https:\/\/legacy.colt.net\/es\/solutions\/enterprise\/","name":"Conecta tu red de empresa - Colt Technology Services","isPartOf":{"@id":"https:\/\/legacy.colt.net\/#website"},"primaryImageOfPage":{"@id":"https:\/\/legacy.colt.net\/es\/solutions\/enterprise\/#primaryimage"},"image":{"@id":"https:\/\/legacy.colt.net\/es\/solutions\/enterprise\/#primaryimage"},"thumbnailUrl":"https:\/\/legacy.colt.net\/wp-content\/uploads\/2021\/01\/Connecting-your-enterprise-network.png","datePublished":"2021-01-09T09:09:53+00:00","dateModified":"2021-03-01T17:09:25+00:00","description":"La evoluci\u00f3n de la tecnolog\u00eda y otros factores externos est\u00e1n impulsando un r\u00e1pido ritmo de cambio en los requisitos de las redes empresariales actuales","breadcrumb":{"@id":"https:\/\/legacy.colt.net\/es\/solutions\/enterprise\/#breadcrumb"},"inLanguage":"es-ES","potentialAction":[{"@type":"ReadAction","target":["https:\/\/legacy.colt.net\/es\/solutions\/enterprise\/"]}]},{"@type":"ImageObject","inLanguage":"es-ES","@id":"https:\/\/legacy.colt.net\/es\/solutions\/enterprise\/#primaryimage","url":"https:\/\/legacy.colt.net\/wp-content\/uploads\/2021\/01\/Connecting-your-enterprise-network.png","contentUrl":"https:\/\/legacy.colt.net\/wp-content\/uploads\/2021\/01\/Connecting-your-enterprise-network.png"},{"@type":"BreadcrumbList","@id":"https:\/\/legacy.colt.net\/es\/solutions\/enterprise\/#breadcrumb","itemListElement":[{"@type":"ListItem","position":1,"name":"Home","item":"https:\/\/legacy.colt.net\/es\/"},{"@type":"ListItem","position":2,"name":"Pressure off. Power on.","item":"https:\/\/legacy.colt.net\/es\/solutions\/"},{"@type":"ListItem","position":3,"name":"Conecta tu red de empresa"}]},{"@type":"WebSite","@id":"https:\/\/legacy.colt.net\/#website","url":"https:\/\/legacy.colt.net\/","name":"Colt\u30c6\u30af\u30ce\u30ed\u30b8\u30fc\u30b5\u30fc\u30d3\u30b9\u682a\u5f0f\u4f1a\u793e","description":"Managed Network &amp; Voice Services Provider","publisher":{"@id":"https:\/\/legacy.colt.net\/#organization"},"potentialAction":[{"@type":"SearchAction","target":{"@type":"EntryPoint","urlTemplate":"https:\/\/legacy.colt.net\/?s={search_term_string}"},"query-input":{"@type":"PropertyValueSpecification","valueRequired":true,"valueName":"search_term_string"}}],"inLanguage":"es-ES"},{"@type":"Organization","@id":"https:\/\/legacy.colt.net\/#organization","name":"Colt Technology Services","url":"https:\/\/legacy.colt.net\/","logo":{"@type":"ImageObject","inLanguage":"es-ES","@id":"https:\/\/legacy.colt.net\/#\/schema\/logo\/image\/","url":"https:\/\/legacy.colt.net\/wp-content\/uploads\/2019\/02\/Colt-Logo.png","contentUrl":"https:\/\/legacy.colt.net\/wp-content\/uploads\/2019\/02\/Colt-Logo.png","width":195,"height":77,"caption":"Colt Technology Services"},"image":{"@id":"https:\/\/legacy.colt.net\/#\/schema\/logo\/image\/"},"sameAs":["https:\/\/www.facebook.com\/ColtTechnologyServices\/","https:\/\/x.com\/colt_technology","https:\/\/www.instagram.com\/colttechnologyservices\/","https:\/\/www.linkedin.com\/company\/colt-technology-services","https:\/\/www.youtube.com\/user\/ColtTechnology"]}]}},"_links":{"self":[{"href":"https:\/\/legacy.colt.net\/es\/wp-json\/wp\/v2\/pages\/90563","targetHints":{"allow":["GET"]}}],"collection":[{"href":"https:\/\/legacy.colt.net\/es\/wp-json\/wp\/v2\/pages"}],"about":[{"href":"https:\/\/legacy.colt.net\/es\/wp-json\/wp\/v2\/types\/page"}],"author":[{"embeddable":true,"href":"https:\/\/legacy.colt.net\/es\/wp-json\/wp\/v2\/users\/2"}],"replies":[{"embeddable":true,"href":"https:\/\/legacy.colt.net\/es\/wp-json\/wp\/v2\/comments?post=90563"}],"version-history":[{"count":0,"href":"https:\/\/legacy.colt.net\/es\/wp-json\/wp\/v2\/pages\/90563\/revisions"}],"up":[{"embeddable":true,"href":"https:\/\/legacy.colt.net\/es\/wp-json\/wp\/v2\/pages\/157975"}],"wp:attachment":[{"href":"https:\/\/legacy.colt.net\/es\/wp-json\/wp\/v2\/media?parent=90563"}],"wp:term":[{"taxonomy":"colt_type","embeddable":true,"href":"https:\/\/legacy.colt.net\/es\/wp-json\/wp\/v2\/colt_type?post=90563"},{"taxonomy":"colt_products","embeddable":true,"href":"https:\/\/legacy.colt.net\/es\/wp-json\/wp\/v2\/colt_products?post=90563"}],"curies":[{"name":"wp","href":"https:\/\/api.w.org\/{rel}","templated":true}]}}