{"id":88890,"date":"2021-01-05T14:40:39","date_gmt":"2021-01-05T14:40:39","guid":{"rendered":"https:\/\/www.colt.net\/about\/leadership\/jeff-lagarce\/"},"modified":"2021-01-11T14:04:00","modified_gmt":"2021-01-11T14:04:00","slug":"jeff-lagarce","status":"publish","type":"page","link":"https:\/\/legacy.colt.net\/es\/about\/leadership\/jeff-lagarce\/","title":{"rendered":"Jeff Lagarce"},"content":{"rendered":"\n<h1>\n\t<\/h1>\n\t<nav class=\"breadcrumb\"><span><span><a href=\"https:\/\/legacy.colt.net\/es\/\">Home<\/a><\/span><\/span><\/nav>\n\t<p>Jeff Lagarce fue nombrado miembro de la Junta y del Comit\u00e9 de Auditor\u00eda el pasado 1 de enero de 2021. Jeff es Asesor Senior de la Junta en Fidelity International, y se centra principalmente en nuevas \u00e1reas y oportunidades de crecimiento.<\/p>\n<p>Anteriormente estuvo en FMR, donde desempe\u00f1\u00f3 funciones de presidente de Fidelity Institucional supervisando la cartera de servicios para los clientes institucionales e intermediarios de FMR, incluidas las soluciones de compensaci\u00f3n y custodia, la gesti\u00f3n de activos institucionales y los mercados de capital. Jeff tambi\u00e9n fue miembro del Comit\u00e9 Operativo de Fidelity.<\/p>\n<p>A lo largo de su carrera de 36 a\u00f1os en el negocio de inversiones institucionales, Jeff ha ocupado muchos puestos de responsabilidad tanto en FMR como en FIL. Tambi\u00e9n pas\u00f3 cuatro a\u00f1os como presidente de OFI Institutional Asset Management, una subsidiaria de OppenheimerFunds.<\/p>\n\t\t\t\t<img loading=\"lazy\" decoding=\"async\" src=\"https:\/\/legacy.colt.net\/wp-content\/uploads\/2021\/01\/Jeff-Lagarce.jpg\" alt=\"Jeff Lagarce\" itemprop=\"image\" height=\"600\" width=\"400\" title=\"Jeff Lagarce\" onerror=\"this.style.display='none'\"  \/>\n<h3>\n\t\tJeff Lagarce\n\t<\/h3>\n<h4>\n\t\tNon-Executive Director\n\t<\/h4>\n\n","protected":false},"excerpt":{"rendered":"<p>Jeff Lagarce fue nombrado miembro de la Junta y del Comit\u00e9 de Auditor\u00eda el pasado 1 de enero de 2021. Jeff es Asesor Senior de la Junta en Fidelity International, y se centra principalmente en nuevas \u00e1reas y oportunidades de crecimiento. Anteriormente estuvo en FMR, donde desempe\u00f1\u00f3 funciones de presidente de Fidelity Institucional supervisando la&#8230;<\/p>\n","protected":false},"author":2,"featured_media":0,"parent":34472,"menu_order":0,"comment_status":"closed","ping_status":"closed","template":"","meta":{"_acf_changed":false,"footnotes":""},"colt_type":[],"colt_products":[],"class_list":["post-88890","page","type-page","status-publish","hentry"],"acf":[],"yoast_head":"<!-- This site is optimized with the Yoast SEO plugin v26.8 - https:\/\/yoast.com\/product\/yoast-seo-wordpress\/ -->\n<title>Jeff Lagarce - Colt Technology Services<\/title>\n<meta name=\"description\" content=\"Jeff Lagarce fue nombrado miembro de la Junta y del Comit\u00e9 de Auditor\u00eda el pasado 1 de enero de 2021.\" \/>\n<meta name=\"robots\" content=\"noindex, follow, max-snippet:-1, max-image-preview:large, max-video-preview:-1\" \/>\n<meta property=\"og:locale\" content=\"es_ES\" \/>\n<meta property=\"og:type\" content=\"article\" \/>\n<meta property=\"og:title\" content=\"Jeff Lagarce - Colt Technology Services\" \/>\n<meta property=\"og:description\" content=\"Jeff Lagarce fue nombrado miembro de la Junta y del Comit\u00e9 de Auditor\u00eda el pasado 1 de enero de 2021.\" \/>\n<meta property=\"og:url\" content=\"https:\/\/legacy.colt.net\/es\/about\/leadership\/jeff-lagarce\/\" \/>\n<meta property=\"og:site_name\" content=\"Colt Technology Services\" \/>\n<meta property=\"article:publisher\" content=\"https:\/\/www.facebook.com\/ColtTechnologyServices\/\" \/>\n<meta property=\"article:modified_time\" content=\"2021-01-11T14:04:00+00:00\" \/>\n<meta property=\"og:image\" content=\"https:\/\/legacy.colt.net\/wp-content\/uploads\/2021\/01\/Brand-2021-Stock-28.jpg\" \/>\n\t<meta property=\"og:image:width\" content=\"1000\" \/>\n\t<meta property=\"og:image:height\" content=\"667\" \/>\n\t<meta property=\"og:image:type\" content=\"image\/jpeg\" \/>\n<meta name=\"twitter:card\" content=\"summary_large_image\" \/>\n<meta name=\"twitter:site\" content=\"@colt_technology\" \/>\n<meta name=\"twitter:label1\" content=\"Est. reading time\" \/>\n\t<meta name=\"twitter:data1\" content=\"1 minute\" \/>\n<script type=\"application\/ld+json\" class=\"yoast-schema-graph\">{\"@context\":\"https:\/\/schema.org\",\"@graph\":[{\"@type\":\"WebPage\",\"@id\":\"https:\/\/legacy.colt.net\/es\/about\/leadership\/jeff-lagarce\/\",\"url\":\"https:\/\/legacy.colt.net\/es\/about\/leadership\/jeff-lagarce\/\",\"name\":\"Jeff Lagarce - Colt Technology Services\",\"isPartOf\":{\"@id\":\"https:\/\/legacy.colt.net\/#website\"},\"primaryImageOfPage\":{\"@id\":\"https:\/\/legacy.colt.net\/es\/about\/leadership\/jeff-lagarce\/#primaryimage\"},\"image\":{\"@id\":\"https:\/\/legacy.colt.net\/es\/about\/leadership\/jeff-lagarce\/#primaryimage\"},\"thumbnailUrl\":\"https:\/\/legacy.colt.net\/wp-content\/uploads\/2021\/01\/Jeff-Lagarce.jpg\",\"datePublished\":\"2021-01-05T14:40:39+00:00\",\"dateModified\":\"2021-01-11T14:04:00+00:00\",\"description\":\"Jeff Lagarce fue nombrado miembro de la Junta y del Comit\u00e9 de Auditor\u00eda el pasado 1 de enero de 2021.\",\"breadcrumb\":{\"@id\":\"https:\/\/legacy.colt.net\/es\/about\/leadership\/jeff-lagarce\/#breadcrumb\"},\"inLanguage\":\"es-ES\",\"potentialAction\":[{\"@type\":\"ReadAction\",\"target\":[\"https:\/\/legacy.colt.net\/es\/about\/leadership\/jeff-lagarce\/\"]}]},{\"@type\":\"ImageObject\",\"inLanguage\":\"es-ES\",\"@id\":\"https:\/\/legacy.colt.net\/es\/about\/leadership\/jeff-lagarce\/#primaryimage\",\"url\":\"https:\/\/legacy.colt.net\/wp-content\/uploads\/2021\/01\/Jeff-Lagarce.jpg\",\"contentUrl\":\"https:\/\/legacy.colt.net\/wp-content\/uploads\/2021\/01\/Jeff-Lagarce.jpg\"},{\"@type\":\"BreadcrumbList\",\"@id\":\"https:\/\/legacy.colt.net\/es\/about\/leadership\/jeff-lagarce\/#breadcrumb\",\"itemListElement\":[{\"@type\":\"ListItem\",\"position\":1,\"name\":\"Home\",\"item\":\"https:\/\/legacy.colt.net\/es\/\"},{\"@type\":\"ListItem\",\"position\":2,\"name\":\"Acerca de Colt\",\"item\":\"https:\/\/legacy.colt.net\/es\/about\/\"},{\"@type\":\"ListItem\",\"position\":3,\"name\":\"Liderazgo\",\"item\":\"https:\/\/legacy.colt.net\/es\/about\/leadership\/\"},{\"@type\":\"ListItem\",\"position\":4,\"name\":\"Jeff Lagarce\"}]},{\"@type\":\"WebSite\",\"@id\":\"https:\/\/legacy.colt.net\/#website\",\"url\":\"https:\/\/legacy.colt.net\/\",\"name\":\"Colt\u30c6\u30af\u30ce\u30ed\u30b8\u30fc\u30b5\u30fc\u30d3\u30b9\u682a\u5f0f\u4f1a\u793e\",\"description\":\"Managed Network &amp; Voice Services Provider\",\"publisher\":{\"@id\":\"https:\/\/legacy.colt.net\/#organization\"},\"potentialAction\":[{\"@type\":\"SearchAction\",\"target\":{\"@type\":\"EntryPoint\",\"urlTemplate\":\"https:\/\/legacy.colt.net\/?s={search_term_string}\"},\"query-input\":{\"@type\":\"PropertyValueSpecification\",\"valueRequired\":true,\"valueName\":\"search_term_string\"}}],\"inLanguage\":\"es-ES\"},{\"@type\":\"Organization\",\"@id\":\"https:\/\/legacy.colt.net\/#organization\",\"name\":\"Colt Technology Services\",\"url\":\"https:\/\/legacy.colt.net\/\",\"logo\":{\"@type\":\"ImageObject\",\"inLanguage\":\"es-ES\",\"@id\":\"https:\/\/legacy.colt.net\/#\/schema\/logo\/image\/\",\"url\":\"https:\/\/legacy.colt.net\/wp-content\/uploads\/2019\/02\/Colt-Logo.png\",\"contentUrl\":\"https:\/\/legacy.colt.net\/wp-content\/uploads\/2019\/02\/Colt-Logo.png\",\"width\":195,\"height\":77,\"caption\":\"Colt Technology Services\"},\"image\":{\"@id\":\"https:\/\/legacy.colt.net\/#\/schema\/logo\/image\/\"},\"sameAs\":[\"https:\/\/www.facebook.com\/ColtTechnologyServices\/\",\"https:\/\/x.com\/colt_technology\",\"https:\/\/www.instagram.com\/colttechnologyservices\/\",\"https:\/\/www.linkedin.com\/company\/colt-technology-services\",\"https:\/\/www.youtube.com\/user\/ColtTechnology\"]}]}<\/script>\n<!-- \/ Yoast SEO plugin. -->","yoast_head_json":{"title":"Jeff Lagarce - Colt Technology Services","description":"Jeff Lagarce fue nombrado miembro de la Junta y del Comit\u00e9 de Auditor\u00eda el pasado 1 de enero de 2021.","robots":{"index":"noindex","follow":"follow","max-snippet":"max-snippet:-1","max-image-preview":"max-image-preview:large","max-video-preview":"max-video-preview:-1"},"og_locale":"es_ES","og_type":"article","og_title":"Jeff Lagarce - Colt Technology Services","og_description":"Jeff Lagarce fue nombrado miembro de la Junta y del Comit\u00e9 de Auditor\u00eda el pasado 1 de enero de 2021.","og_url":"https:\/\/legacy.colt.net\/es\/about\/leadership\/jeff-lagarce\/","og_site_name":"Colt Technology Services","article_publisher":"https:\/\/www.facebook.com\/ColtTechnologyServices\/","article_modified_time":"2021-01-11T14:04:00+00:00","og_image":[{"width":1000,"height":667,"url":"https:\/\/legacy.colt.net\/wp-content\/uploads\/2021\/01\/Brand-2021-Stock-28.jpg","type":"image\/jpeg"}],"twitter_card":"summary_large_image","twitter_site":"@colt_technology","twitter_misc":{"Est. reading time":"1 minute"},"schema":{"@context":"https:\/\/schema.org","@graph":[{"@type":"WebPage","@id":"https:\/\/legacy.colt.net\/es\/about\/leadership\/jeff-lagarce\/","url":"https:\/\/legacy.colt.net\/es\/about\/leadership\/jeff-lagarce\/","name":"Jeff Lagarce - Colt Technology Services","isPartOf":{"@id":"https:\/\/legacy.colt.net\/#website"},"primaryImageOfPage":{"@id":"https:\/\/legacy.colt.net\/es\/about\/leadership\/jeff-lagarce\/#primaryimage"},"image":{"@id":"https:\/\/legacy.colt.net\/es\/about\/leadership\/jeff-lagarce\/#primaryimage"},"thumbnailUrl":"https:\/\/legacy.colt.net\/wp-content\/uploads\/2021\/01\/Jeff-Lagarce.jpg","datePublished":"2021-01-05T14:40:39+00:00","dateModified":"2021-01-11T14:04:00+00:00","description":"Jeff Lagarce fue nombrado miembro de la Junta y del Comit\u00e9 de Auditor\u00eda el pasado 1 de enero de 2021.","breadcrumb":{"@id":"https:\/\/legacy.colt.net\/es\/about\/leadership\/jeff-lagarce\/#breadcrumb"},"inLanguage":"es-ES","potentialAction":[{"@type":"ReadAction","target":["https:\/\/legacy.colt.net\/es\/about\/leadership\/jeff-lagarce\/"]}]},{"@type":"ImageObject","inLanguage":"es-ES","@id":"https:\/\/legacy.colt.net\/es\/about\/leadership\/jeff-lagarce\/#primaryimage","url":"https:\/\/legacy.colt.net\/wp-content\/uploads\/2021\/01\/Jeff-Lagarce.jpg","contentUrl":"https:\/\/legacy.colt.net\/wp-content\/uploads\/2021\/01\/Jeff-Lagarce.jpg"},{"@type":"BreadcrumbList","@id":"https:\/\/legacy.colt.net\/es\/about\/leadership\/jeff-lagarce\/#breadcrumb","itemListElement":[{"@type":"ListItem","position":1,"name":"Home","item":"https:\/\/legacy.colt.net\/es\/"},{"@type":"ListItem","position":2,"name":"Acerca de Colt","item":"https:\/\/legacy.colt.net\/es\/about\/"},{"@type":"ListItem","position":3,"name":"Liderazgo","item":"https:\/\/legacy.colt.net\/es\/about\/leadership\/"},{"@type":"ListItem","position":4,"name":"Jeff Lagarce"}]},{"@type":"WebSite","@id":"https:\/\/legacy.colt.net\/#website","url":"https:\/\/legacy.colt.net\/","name":"Colt\u30c6\u30af\u30ce\u30ed\u30b8\u30fc\u30b5\u30fc\u30d3\u30b9\u682a\u5f0f\u4f1a\u793e","description":"Managed Network &amp; Voice Services Provider","publisher":{"@id":"https:\/\/legacy.colt.net\/#organization"},"potentialAction":[{"@type":"SearchAction","target":{"@type":"EntryPoint","urlTemplate":"https:\/\/legacy.colt.net\/?s={search_term_string}"},"query-input":{"@type":"PropertyValueSpecification","valueRequired":true,"valueName":"search_term_string"}}],"inLanguage":"es-ES"},{"@type":"Organization","@id":"https:\/\/legacy.colt.net\/#organization","name":"Colt Technology Services","url":"https:\/\/legacy.colt.net\/","logo":{"@type":"ImageObject","inLanguage":"es-ES","@id":"https:\/\/legacy.colt.net\/#\/schema\/logo\/image\/","url":"https:\/\/legacy.colt.net\/wp-content\/uploads\/2019\/02\/Colt-Logo.png","contentUrl":"https:\/\/legacy.colt.net\/wp-content\/uploads\/2019\/02\/Colt-Logo.png","width":195,"height":77,"caption":"Colt Technology Services"},"image":{"@id":"https:\/\/legacy.colt.net\/#\/schema\/logo\/image\/"},"sameAs":["https:\/\/www.facebook.com\/ColtTechnologyServices\/","https:\/\/x.com\/colt_technology","https:\/\/www.instagram.com\/colttechnologyservices\/","https:\/\/www.linkedin.com\/company\/colt-technology-services","https:\/\/www.youtube.com\/user\/ColtTechnology"]}]}},"_links":{"self":[{"href":"https:\/\/legacy.colt.net\/es\/wp-json\/wp\/v2\/pages\/88890","targetHints":{"allow":["GET"]}}],"collection":[{"href":"https:\/\/legacy.colt.net\/es\/wp-json\/wp\/v2\/pages"}],"about":[{"href":"https:\/\/legacy.colt.net\/es\/wp-json\/wp\/v2\/types\/page"}],"author":[{"embeddable":true,"href":"https:\/\/legacy.colt.net\/es\/wp-json\/wp\/v2\/users\/2"}],"replies":[{"embeddable":true,"href":"https:\/\/legacy.colt.net\/es\/wp-json\/wp\/v2\/comments?post=88890"}],"version-history":[{"count":0,"href":"https:\/\/legacy.colt.net\/es\/wp-json\/wp\/v2\/pages\/88890\/revisions"}],"up":[{"embeddable":true,"href":"https:\/\/legacy.colt.net\/es\/wp-json\/wp\/v2\/pages\/34472"}],"wp:attachment":[{"href":"https:\/\/legacy.colt.net\/es\/wp-json\/wp\/v2\/media?parent=88890"}],"wp:term":[{"taxonomy":"colt_type","embeddable":true,"href":"https:\/\/legacy.colt.net\/es\/wp-json\/wp\/v2\/colt_type?post=88890"},{"taxonomy":"colt_products","embeddable":true,"href":"https:\/\/legacy.colt.net\/es\/wp-json\/wp\/v2\/colt_products?post=88890"}],"curies":[{"name":"wp","href":"https:\/\/api.w.org\/{rel}","templated":true}]}}