{"id":83813,"date":"2020-06-26T09:41:07","date_gmt":"2020-06-26T08:41:07","guid":{"rendered":"https:\/\/www.colt.net\/product\/sd-wan-multi-cloud\/"},"modified":"2021-03-08T10:53:02","modified_gmt":"2021-03-08T10:53:02","slug":"sd-wan-multi-cloud","status":"publish","type":"page","link":"https:\/\/legacy.colt.net\/es\/sd-wan-multi-cloud\/","title":{"rendered":"SD WAN Multi-Cloud"},"content":{"rendered":"\n<h1>\n\t<\/h1>\n<h2>\n\t\tProducts &#038; Services\n\t<\/h2>\n\t<nav class=\"breadcrumb\"><span><span><a href=\"https:\/\/legacy.colt.net\/es\/\">Home<\/a><\/span><\/span><\/nav>\n<h2>\n\t\tRealiza una migraci\u00f3n a la nube exitosa con SD WAN\n\t<\/h2>\n\t<p>Para las empresas, migrar las aplicaciones y las cargas de trabajo a la nube con \u00e9xito es m\u00e1s importante que nunca. La adopci\u00f3n de la nube ha crecido hasta el punto de que, actualmente, el 94\u00a0% de las empresas de todo el mundo est\u00e1n en la nube, y el 85\u00a0% de las empresas tienen m\u00e1s de la mitad de sus cargas de trabajo en la nube.<\/p>\n<p>Dado que el tr\u00e1fico en la nube es mucho m\u00e1s dif\u00edcil de predecir que las aplicaciones antiguas alojadas localmente, las empresas se interesan cada vez m\u00e1s por SD WAN para optimizar la experiencia de nube y mejorar la productividad.<\/p>\n<h2>\n\t\tColt SD WAN Multi-Cloud\n\t<\/h2>\n\t<p>Presentamos <strong>Colt SD WAN Multi-Cloud<\/strong>, una funci\u00f3n disponible en el servicio SD WAN de Colt, el cual ha sido reconocido con premios. Este servicio proporciona conectividad directa, fiable y segura con m\u00faltiples nubes a trav\u00e9s de Colt Cloud Gateway.<\/p>\n<p>Colt SD WAN Multi-Cloud utiliza la extensa red Colt IQ optimizada para SDN con el objetivo de proporcionar conectividad en la nube segura, econ\u00f3mica y de alto rendimiento directamente con los proveedores de servicios en la nube (CSP).<\/p>\n<p>Esta soluci\u00f3n ofrece una sola vista integral de la red empresarial y a\u00fana los sitios WAN y la infraestructura de nube. Todo ello se ve y se gestiona f\u00e1cilmente a trav\u00e9s del portal Colt SD WAN.<\/p>\n<p>A trav\u00e9s de SD WAN Multi-Cloud, los clientes pueden combinar la administraci\u00f3n de su sitio secundario de conectividad WAN con conectividad privada y directa a sus aplicaciones IaaS o SaaS. Pueden hacerlo con varios CSP en una \u00fanica infraestructura y disfrutar de seguridad de extremo a extremo, SLA de rendimiento y visibilidad.<\/p>\n<p>En la actualidad, Colt SD WAN Multi-Cloud es compatible con AWS, Microsoft Azure y Google Cloud en toda Europa, lo que ofrece otra opci\u00f3n a los clientes interesados en conectarse a estas nubes p\u00fablicas.<\/p>\n<h2>\n\t\tConectarse a la nube a trav\u00e9s de Colt\n\t<\/h2>\n\t\n<p>Colt tambi\u00e9n ofrece <a href=\"https:\/\/legacy.colt.net\/es\/product\/colt-intelligent-communications\/\"><strong>Colt Intelligent Communications<\/strong><\/a> a las empresas que utilizan aplicaciones de productividad en la nube de Microsoft y que est\u00e1n interesadas en una soluci\u00f3n optimizada de comunicaciones unificadas.<\/p>\n<p>A los clientes que se conectan a Internet, Colt IP Access con Cloud Prioritisation ofrece conectividad a Internet B2B optimizada para aplicaciones Microsoft SaaS. Consulta m\u00e1s <a href=\"https:\/\/legacy.colt.net\/es\/product\/cloud-prioritisation\/\">informaci\u00f3n<\/a>.<\/p>\n\t\t\t<h3>Chat en vivo con Ventas<\/h3>\t\t\t\n\t\t\t\t\n\n\t\t\t<h3>Cont\u00e1ctanos<\/h3>\t\t\t\n\t\t\t\t<p>[hubspot type=form portal=344164 id=36a44022-1cd3-4d83-9326-7ead4f224e9b]<\/p>\n\t\t\t<h3>Contacta con un especialista<\/h3>\t\t\t\n\t\t\t\t<h3><a href=\"tel:900800607\">900 800 607<\/a><\/h3>\n\n\t<a href=\"https:\/\/legacy.colt.net\/es\/product\/sd-wan\/\" target=\"_self\" rel=\"noopener\"><\/a> \n\t\t\t\t<img decoding=\"async\" src=\"https:\/\/legacy.colt.net\/wp-content\/uploads\/2019\/05\/Colt-Fallback-12-1-720x450.jpg\" alt=\"\" title=\"\" itemprop=\"image\"\/>\n\t\t<h5>SD WAN as a service<\/h5>\t\t\t\n\t\t\t\t<p>Colt aprovecha una plataforma SD WAN inteligente para determinar qu\u00e9 datos viajan por internet y qu\u00e9 datos permanecen en redes privadas. El resultado final es una red h\u00edbrida, donde los datos no cr\u00edticos se desv\u00edan por un t\u00fanel seguro a trav\u00e9s de internet, mientras se libera ancho de banda MPLS adicional para tus datos de negocio cr\u00edtico y se aumenta el ancho de banda total con tus oficinas.<\/p>\n\t<a href=\"https:\/\/legacy.colt.net\/es\/resources\/colt-ha-sido-nombrada-en-el-informe-forrester-por-sus-servicios-wave-en-sd-wan\/\" target=\"_self\" rel=\"noopener\"><\/a> \n\t\t\t\t<img decoding=\"async\" src=\"https:\/\/legacy.colt.net\/wp-content\/uploads\/2019\/05\/AP195278-720x450.jpg\" alt=\"\" title=\"\" itemprop=\"image\"\/>\n\t\t<h5>Colt ha sido nombrada en el informe Forrester por sus servicios Wave en SD WAN<\/h5>\t\t\t\n\t\t\t\t<p>Colt Technology Services ha sido nombrada una de las empresas con mejor desempe\u00f1o en The Forrester Wave \u2122: servicios WAN definidos por software, del cuarto trimestre de 2020. Forrester Wave eval\u00faa a los proveedores de servicios SD WAN, identifica los 10 m\u00e1s importantes y los clasifica para ver c\u00f3mo se mide cada proveedor.<\/p>\n\t<a href=\"https:\/\/legacy.colt.net\/product\/cloud-prioritisation\/\" target=\"_self\" rel=\"noopener\"><\/a> \n\t\t\t\t<img decoding=\"async\" src=\"https:\/\/legacy.colt.net\/wp-content\/uploads\/2019\/05\/Colt-Fallback-19-1-720x450.jpg\" alt=\"\" title=\"\" itemprop=\"image\"\/>\n\t\t<h5>Colt Cloud Prioritisation<\/h5>\t\t\t\n\t\t\t\t<p>Colt Cloud Prioritisation combina las ventajas del enrutamiento optimizado y la infraestructura de\u00a0<em>peering<\/em>\u00a0directo con la priorizaci\u00f3n del tr\u00e1fico entre el\u00a0<em>router<\/em>\u00a0del cliente y el\u00a0<em>router<\/em>\u00a0de extremo del proveedor. Los clientes pueden acceder a Microsoft Teams, Office 365, Azure, Windows Virtual Desktop o cualquier otra aplicaci\u00f3n de Microsoft SaaS y disfrutar de una experiencia de usuario uniforme respaldada por acuerdos de nivel de servicio (SLA, por sus siglas en ingl\u00e9s).<\/p>\n\n","protected":false},"excerpt":{"rendered":"<p>Products &#038; Services Realiza una migraci\u00f3n a la nube exitosa con SD WAN Para las empresas, migrar las aplicaciones y las cargas de trabajo a la nube con \u00e9xito es m\u00e1s importante que nunca. La adopci\u00f3n de la nube ha crecido hasta el punto de que, actualmente, el 94\u00a0% de las empresas de todo el&#8230;<\/p>\n","protected":false},"author":2,"featured_media":0,"parent":0,"menu_order":0,"comment_status":"closed","ping_status":"closed","template":"","meta":{"_acf_changed":false,"footnotes":""},"colt_type":[],"colt_products":[1633],"class_list":["post-83813","page","type-page","status-publish","hentry","colt_products-cloud-connect-es"],"acf":[],"yoast_head":"<!-- This site is optimized with the Yoast SEO plugin v26.8 - https:\/\/yoast.com\/product\/yoast-seo-wordpress\/ -->\n<title>SD WAN Multi-Cloud - Colt Technology Services<\/title>\n<meta name=\"description\" content=\"SD WAN Multi-Cloud Colt Technology Services Presentamos Colt SD WAN Multi-Cloud, una funci\u00f3n disponible en el servicio SD WAN de Colt, el cual ha sido reconocido con premios. Este servicio proporciona conectividad directa, fiable y segura con m\u00faltiples nubes a trav\u00e9s de Colt Cloud Gateway.\" \/>\n<meta name=\"robots\" content=\"noindex, follow, max-snippet:-1, max-image-preview:large, max-video-preview:-1\" \/>\n<meta property=\"og:locale\" content=\"es_ES\" \/>\n<meta property=\"og:type\" content=\"article\" \/>\n<meta property=\"og:title\" content=\"SD WAN Multi-Cloud - Colt Technology Services\" \/>\n<meta property=\"og:description\" content=\"SD WAN Multi-Cloud Colt Technology Services Presentamos Colt SD WAN Multi-Cloud, una funci\u00f3n disponible en el servicio SD WAN de Colt, el cual ha sido reconocido con premios. Este servicio proporciona conectividad directa, fiable y segura con m\u00faltiples nubes a trav\u00e9s de Colt Cloud Gateway.\" \/>\n<meta property=\"og:url\" content=\"https:\/\/legacy.colt.net\/es\/sd-wan-multi-cloud\/\" \/>\n<meta property=\"og:site_name\" content=\"Colt Technology Services\" \/>\n<meta property=\"article:publisher\" content=\"https:\/\/www.facebook.com\/ColtTechnologyServices\/\" \/>\n<meta property=\"article:modified_time\" content=\"2021-03-08T10:53:02+00:00\" \/>\n<meta property=\"og:image\" content=\"https:\/\/legacy.colt.net\/wp-content\/uploads\/2021\/01\/Brand-2021-Stock-46.jpg\" \/>\n\t<meta property=\"og:image:width\" content=\"1000\" \/>\n\t<meta property=\"og:image:height\" content=\"667\" \/>\n\t<meta property=\"og:image:type\" content=\"image\/jpeg\" \/>\n<meta name=\"twitter:card\" content=\"summary_large_image\" \/>\n<meta name=\"twitter:site\" content=\"@colt_technology\" \/>\n<meta name=\"twitter:label1\" content=\"Est. reading time\" \/>\n\t<meta name=\"twitter:data1\" content=\"3 minutes\" \/>\n<script type=\"application\/ld+json\" class=\"yoast-schema-graph\">{\"@context\":\"https:\/\/schema.org\",\"@graph\":[{\"@type\":\"WebPage\",\"@id\":\"https:\/\/legacy.colt.net\/es\/sd-wan-multi-cloud\/\",\"url\":\"https:\/\/legacy.colt.net\/es\/sd-wan-multi-cloud\/\",\"name\":\"SD WAN Multi-Cloud - Colt Technology Services\",\"isPartOf\":{\"@id\":\"https:\/\/legacy.colt.net\/#website\"},\"primaryImageOfPage\":{\"@id\":\"https:\/\/legacy.colt.net\/es\/sd-wan-multi-cloud\/#primaryimage\"},\"image\":{\"@id\":\"https:\/\/legacy.colt.net\/es\/sd-wan-multi-cloud\/#primaryimage\"},\"thumbnailUrl\":\"https:\/\/legacy.colt.net\/wp-content\/uploads\/2019\/05\/Colt-Fallback-12-1-720x450.jpg\",\"datePublished\":\"2020-06-26T08:41:07+00:00\",\"dateModified\":\"2021-03-08T10:53:02+00:00\",\"description\":\"SD WAN Multi-Cloud Colt Technology Services Presentamos Colt SD WAN Multi-Cloud, una funci\u00f3n disponible en el servicio SD WAN de Colt, el cual ha sido reconocido con premios. Este servicio proporciona conectividad directa, fiable y segura con m\u00faltiples nubes a trav\u00e9s de Colt Cloud Gateway.\",\"breadcrumb\":{\"@id\":\"https:\/\/legacy.colt.net\/es\/sd-wan-multi-cloud\/#breadcrumb\"},\"inLanguage\":\"es-ES\",\"potentialAction\":[{\"@type\":\"ReadAction\",\"target\":[\"https:\/\/legacy.colt.net\/es\/sd-wan-multi-cloud\/\"]}]},{\"@type\":\"ImageObject\",\"inLanguage\":\"es-ES\",\"@id\":\"https:\/\/legacy.colt.net\/es\/sd-wan-multi-cloud\/#primaryimage\",\"url\":\"https:\/\/legacy.colt.net\/wp-content\/uploads\/2019\/05\/Colt-Fallback-12-1-720x450.jpg\",\"contentUrl\":\"https:\/\/legacy.colt.net\/wp-content\/uploads\/2019\/05\/Colt-Fallback-12-1-720x450.jpg\"},{\"@type\":\"BreadcrumbList\",\"@id\":\"https:\/\/legacy.colt.net\/es\/sd-wan-multi-cloud\/#breadcrumb\",\"itemListElement\":[{\"@type\":\"ListItem\",\"position\":1,\"name\":\"Home\",\"item\":\"https:\/\/legacy.colt.net\/es\/\"},{\"@type\":\"ListItem\",\"position\":2,\"name\":\"SD WAN Multi-Cloud\"}]},{\"@type\":\"WebSite\",\"@id\":\"https:\/\/legacy.colt.net\/#website\",\"url\":\"https:\/\/legacy.colt.net\/\",\"name\":\"Colt\u30c6\u30af\u30ce\u30ed\u30b8\u30fc\u30b5\u30fc\u30d3\u30b9\u682a\u5f0f\u4f1a\u793e\",\"description\":\"Managed Network &amp; Voice Services Provider\",\"publisher\":{\"@id\":\"https:\/\/legacy.colt.net\/#organization\"},\"potentialAction\":[{\"@type\":\"SearchAction\",\"target\":{\"@type\":\"EntryPoint\",\"urlTemplate\":\"https:\/\/legacy.colt.net\/?s={search_term_string}\"},\"query-input\":{\"@type\":\"PropertyValueSpecification\",\"valueRequired\":true,\"valueName\":\"search_term_string\"}}],\"inLanguage\":\"es-ES\"},{\"@type\":\"Organization\",\"@id\":\"https:\/\/legacy.colt.net\/#organization\",\"name\":\"Colt Technology Services\",\"url\":\"https:\/\/legacy.colt.net\/\",\"logo\":{\"@type\":\"ImageObject\",\"inLanguage\":\"es-ES\",\"@id\":\"https:\/\/legacy.colt.net\/#\/schema\/logo\/image\/\",\"url\":\"https:\/\/legacy.colt.net\/wp-content\/uploads\/2019\/02\/Colt-Logo.png\",\"contentUrl\":\"https:\/\/legacy.colt.net\/wp-content\/uploads\/2019\/02\/Colt-Logo.png\",\"width\":195,\"height\":77,\"caption\":\"Colt Technology Services\"},\"image\":{\"@id\":\"https:\/\/legacy.colt.net\/#\/schema\/logo\/image\/\"},\"sameAs\":[\"https:\/\/www.facebook.com\/ColtTechnologyServices\/\",\"https:\/\/x.com\/colt_technology\",\"https:\/\/www.instagram.com\/colttechnologyservices\/\",\"https:\/\/www.linkedin.com\/company\/colt-technology-services\",\"https:\/\/www.youtube.com\/user\/ColtTechnology\"]}]}<\/script>\n<!-- \/ Yoast SEO plugin. -->","yoast_head_json":{"title":"SD WAN Multi-Cloud - Colt Technology Services","description":"SD WAN Multi-Cloud Colt Technology Services Presentamos Colt SD WAN Multi-Cloud, una funci\u00f3n disponible en el servicio SD WAN de Colt, el cual ha sido reconocido con premios. Este servicio proporciona conectividad directa, fiable y segura con m\u00faltiples nubes a trav\u00e9s de Colt Cloud Gateway.","robots":{"index":"noindex","follow":"follow","max-snippet":"max-snippet:-1","max-image-preview":"max-image-preview:large","max-video-preview":"max-video-preview:-1"},"og_locale":"es_ES","og_type":"article","og_title":"SD WAN Multi-Cloud - Colt Technology Services","og_description":"SD WAN Multi-Cloud Colt Technology Services Presentamos Colt SD WAN Multi-Cloud, una funci\u00f3n disponible en el servicio SD WAN de Colt, el cual ha sido reconocido con premios. Este servicio proporciona conectividad directa, fiable y segura con m\u00faltiples nubes a trav\u00e9s de Colt Cloud Gateway.","og_url":"https:\/\/legacy.colt.net\/es\/sd-wan-multi-cloud\/","og_site_name":"Colt Technology Services","article_publisher":"https:\/\/www.facebook.com\/ColtTechnologyServices\/","article_modified_time":"2021-03-08T10:53:02+00:00","og_image":[{"width":1000,"height":667,"url":"https:\/\/legacy.colt.net\/wp-content\/uploads\/2021\/01\/Brand-2021-Stock-46.jpg","type":"image\/jpeg"}],"twitter_card":"summary_large_image","twitter_site":"@colt_technology","twitter_misc":{"Est. reading time":"3 minutes"},"schema":{"@context":"https:\/\/schema.org","@graph":[{"@type":"WebPage","@id":"https:\/\/legacy.colt.net\/es\/sd-wan-multi-cloud\/","url":"https:\/\/legacy.colt.net\/es\/sd-wan-multi-cloud\/","name":"SD WAN Multi-Cloud - Colt Technology Services","isPartOf":{"@id":"https:\/\/legacy.colt.net\/#website"},"primaryImageOfPage":{"@id":"https:\/\/legacy.colt.net\/es\/sd-wan-multi-cloud\/#primaryimage"},"image":{"@id":"https:\/\/legacy.colt.net\/es\/sd-wan-multi-cloud\/#primaryimage"},"thumbnailUrl":"https:\/\/legacy.colt.net\/wp-content\/uploads\/2019\/05\/Colt-Fallback-12-1-720x450.jpg","datePublished":"2020-06-26T08:41:07+00:00","dateModified":"2021-03-08T10:53:02+00:00","description":"SD WAN Multi-Cloud Colt Technology Services Presentamos Colt SD WAN Multi-Cloud, una funci\u00f3n disponible en el servicio SD WAN de Colt, el cual ha sido reconocido con premios. Este servicio proporciona conectividad directa, fiable y segura con m\u00faltiples nubes a trav\u00e9s de Colt Cloud Gateway.","breadcrumb":{"@id":"https:\/\/legacy.colt.net\/es\/sd-wan-multi-cloud\/#breadcrumb"},"inLanguage":"es-ES","potentialAction":[{"@type":"ReadAction","target":["https:\/\/legacy.colt.net\/es\/sd-wan-multi-cloud\/"]}]},{"@type":"ImageObject","inLanguage":"es-ES","@id":"https:\/\/legacy.colt.net\/es\/sd-wan-multi-cloud\/#primaryimage","url":"https:\/\/legacy.colt.net\/wp-content\/uploads\/2019\/05\/Colt-Fallback-12-1-720x450.jpg","contentUrl":"https:\/\/legacy.colt.net\/wp-content\/uploads\/2019\/05\/Colt-Fallback-12-1-720x450.jpg"},{"@type":"BreadcrumbList","@id":"https:\/\/legacy.colt.net\/es\/sd-wan-multi-cloud\/#breadcrumb","itemListElement":[{"@type":"ListItem","position":1,"name":"Home","item":"https:\/\/legacy.colt.net\/es\/"},{"@type":"ListItem","position":2,"name":"SD WAN Multi-Cloud"}]},{"@type":"WebSite","@id":"https:\/\/legacy.colt.net\/#website","url":"https:\/\/legacy.colt.net\/","name":"Colt\u30c6\u30af\u30ce\u30ed\u30b8\u30fc\u30b5\u30fc\u30d3\u30b9\u682a\u5f0f\u4f1a\u793e","description":"Managed Network &amp; Voice Services Provider","publisher":{"@id":"https:\/\/legacy.colt.net\/#organization"},"potentialAction":[{"@type":"SearchAction","target":{"@type":"EntryPoint","urlTemplate":"https:\/\/legacy.colt.net\/?s={search_term_string}"},"query-input":{"@type":"PropertyValueSpecification","valueRequired":true,"valueName":"search_term_string"}}],"inLanguage":"es-ES"},{"@type":"Organization","@id":"https:\/\/legacy.colt.net\/#organization","name":"Colt Technology Services","url":"https:\/\/legacy.colt.net\/","logo":{"@type":"ImageObject","inLanguage":"es-ES","@id":"https:\/\/legacy.colt.net\/#\/schema\/logo\/image\/","url":"https:\/\/legacy.colt.net\/wp-content\/uploads\/2019\/02\/Colt-Logo.png","contentUrl":"https:\/\/legacy.colt.net\/wp-content\/uploads\/2019\/02\/Colt-Logo.png","width":195,"height":77,"caption":"Colt Technology Services"},"image":{"@id":"https:\/\/legacy.colt.net\/#\/schema\/logo\/image\/"},"sameAs":["https:\/\/www.facebook.com\/ColtTechnologyServices\/","https:\/\/x.com\/colt_technology","https:\/\/www.instagram.com\/colttechnologyservices\/","https:\/\/www.linkedin.com\/company\/colt-technology-services","https:\/\/www.youtube.com\/user\/ColtTechnology"]}]}},"_links":{"self":[{"href":"https:\/\/legacy.colt.net\/es\/wp-json\/wp\/v2\/pages\/83813","targetHints":{"allow":["GET"]}}],"collection":[{"href":"https:\/\/legacy.colt.net\/es\/wp-json\/wp\/v2\/pages"}],"about":[{"href":"https:\/\/legacy.colt.net\/es\/wp-json\/wp\/v2\/types\/page"}],"author":[{"embeddable":true,"href":"https:\/\/legacy.colt.net\/es\/wp-json\/wp\/v2\/users\/2"}],"replies":[{"embeddable":true,"href":"https:\/\/legacy.colt.net\/es\/wp-json\/wp\/v2\/comments?post=83813"}],"version-history":[{"count":0,"href":"https:\/\/legacy.colt.net\/es\/wp-json\/wp\/v2\/pages\/83813\/revisions"}],"wp:attachment":[{"href":"https:\/\/legacy.colt.net\/es\/wp-json\/wp\/v2\/media?parent=83813"}],"wp:term":[{"taxonomy":"colt_type","embeddable":true,"href":"https:\/\/legacy.colt.net\/es\/wp-json\/wp\/v2\/colt_type?post=83813"},{"taxonomy":"colt_products","embeddable":true,"href":"https:\/\/legacy.colt.net\/es\/wp-json\/wp\/v2\/colt_products?post=83813"}],"curies":[{"name":"wp","href":"https:\/\/api.w.org\/{rel}","templated":true}]}}