{"id":83809,"date":"2020-02-07T10:59:29","date_gmt":"2020-02-07T10:59:29","guid":{"rendered":"https:\/\/www.colt.net\/product\/secure-network-gateway\/"},"modified":"2024-12-14T14:44:21","modified_gmt":"2024-12-14T14:44:21","slug":"secure-network-gateway","status":"publish","type":"page","link":"https:\/\/legacy.colt.net\/es\/product\/secure-network-gateway\/","title":{"rendered":"Secure Web Gateway"},"content":{"rendered":"<p><iframe loading=\"lazy\" src=\"https:\/\/www.youtube.com\/embed\/KALLVgKrGZc\" width=\"860\" height=\"515\" frameborder=\"0\" allowfullscreen=\"allowfullscreen\"><span data-mce-type=\"bookmark\" style=\"display: inline-block; width: 0px; overflow: hidden; line-height: 0;\" class=\"mce_SELRES_start\">\ufeff<\/span><span data-mce-type=\"bookmark\" style=\"display: inline-block; width: 0px; overflow: hidden; line-height: 0;\" class=\"mce_SELRES_start\">\ufeff<\/span><span data-mce-type=\"bookmark\" style=\"display: inline-block; width: 0px; overflow: hidden; line-height: 0;\" class=\"mce_SELRES_start\">\ufeff<\/span><\/iframe><\/p>\n<h3>Protege tu red con la soluci\u00f3n de SaaS (Security as a Service) de Zscaler, una soluci\u00f3n l\u00edder del sector<\/h3>\n<p>Con el aumento de la adopci\u00f3n de la nube y la descentralizaci\u00f3n de las redes, los requisitos de las empresas con respecto a las soluciones de ciberseguridad est\u00e1n cambiando.<\/p>\n<p>Para mantenerse al d\u00eda con los programas de transformaci\u00f3n digital, las empresas necesitan una soluci\u00f3n de seguridad capaz de proporcionar acceso seguro a los usuarios, independientemente de su ubicaci\u00f3n o tipo de acceso.<\/p>\n<p>Cada vez m\u00e1s personas est\u00e1n recurriendo a soluciones de seguridad de \u00faltima generaci\u00f3n basadas en la nube que son capaces de ofrecer un acceso seguro m\u00e1s cerca del usuario (en los extremos de la red) para minimizar la latencia y optimizar la agilidad.<\/p>\n<h3>Tu soluci\u00f3n completa de red y seguridad<\/h3>\n<p>Colt se ha aliado con Zscaler para usar su soluci\u00f3n de seguridad como un complemento opcional de los servicios de red de Colt, incluido Colt IP Access, IP VPN o nuestra premiada soluci\u00f3n SD WAN. Colt tiene conexi\u00f3n con Zscaler Cloud mediante <em>peering<\/em> directo en varias ubicaciones de todo el mundo, y lleva el tr\u00e1fico directamente a Zscaler para conseguir una latencia reducida y una experiencia de usuario y de aplicaciones uniforme y mejorada.<\/p>\n<h3>Seguridad de primer nivel basada en la nube<\/h3>\n<p>Zscaler es un proveedor de SaaS (Security as a Service) l\u00edder del mercado que gestiona la plataforma de seguridad en la nube m\u00e1s grande del mundo. Protege a miles de empresas y organismos p\u00fablicos de ataques cibern\u00e9ticos y p\u00e9rdidas de datos.<\/p>\n<p>Mediante el env\u00edo del tr\u00e1fico de la red a la nube Zscaler, que est\u00e1 distribuida globalmente, se ofrece una puerta de enlace segura para acceder a Internet, nubes privadas o p\u00fablicas. Los servicios de Zscaler se proporcionan completamente en la nube y ofrecen una simplicidad, una seguridad ampliada y una experiencia de usuario mejorada que los dispositivos tradicionales no pueden igualar.<\/p>\n<p><img loading=\"lazy\" decoding=\"async\" class=\"alignnone wp-image-70068 size-full\" src=\"https:\/\/legacy.colt.net\/wp-content\/uploads\/2020\/02\/Zscaler-graphic.png\" alt=\"\" width=\"1049\" height=\"520\" srcset=\"https:\/\/legacy.colt.net\/wp-content\/uploads\/2020\/02\/Zscaler-graphic.png 1049w, https:\/\/legacy.colt.net\/wp-content\/uploads\/2020\/02\/Zscaler-graphic-300x149.png 300w, https:\/\/legacy.colt.net\/wp-content\/uploads\/2020\/02\/Zscaler-graphic-1024x508.png 1024w, https:\/\/legacy.colt.net\/wp-content\/uploads\/2020\/02\/Zscaler-graphic-768x381.png 768w, https:\/\/legacy.colt.net\/wp-content\/uploads\/2020\/02\/Zscaler-graphic-400x198.png 400w, https:\/\/legacy.colt.net\/wp-content\/uploads\/2020\/02\/Zscaler-graphic-500x248.png 500w\" sizes=\"auto, (max-width: 1049px) 100vw, 1049px\" \/><\/p>\n<p>&nbsp;<\/p>\n","protected":false},"excerpt":{"rendered":"<p>\ufeff\ufeff\ufeff Protege tu red con la soluci\u00f3n de SaaS (Security as a Service) de Zscaler, una soluci\u00f3n l\u00edder del sector Con el aumento de la adopci\u00f3n de la nube y la descentralizaci\u00f3n de las redes, los requisitos de las empresas con respecto a las soluciones de ciberseguridad est\u00e1n cambiando. Para mantenerse al d\u00eda con los&#8230;<\/p>\n","protected":false},"author":2,"featured_media":0,"parent":35905,"menu_order":0,"comment_status":"closed","ping_status":"closed","template":"page-templates\/template-product.php","meta":{"_acf_changed":false,"footnotes":""},"colt_type":[],"colt_products":[1344],"class_list":["post-83809","page","type-page","status-publish","hentry","colt_products-security-es"],"acf":[],"yoast_head":"<!-- This site is optimized with the Yoast SEO plugin v26.8 - https:\/\/yoast.com\/product\/yoast-seo-wordpress\/ -->\n<title>Secure Web Gateway - Colt Technology Services<\/title>\n<meta name=\"description\" content=\"Con el aumento de la adopci\u00f3n de la nube y la descentralizaci\u00f3n de las redes, los requisitos de las empresas con respecto a las soluciones de ciberseguridad est\u00e1n cambiando.\" \/>\n<meta name=\"robots\" content=\"noindex, follow, max-snippet:-1, max-image-preview:large, max-video-preview:-1\" \/>\n<meta property=\"og:locale\" content=\"es_ES\" \/>\n<meta property=\"og:type\" content=\"article\" \/>\n<meta property=\"og:title\" content=\"Secure Web Gateway - Colt Technology Services\" \/>\n<meta property=\"og:description\" content=\"Con el aumento de la adopci\u00f3n de la nube y la descentralizaci\u00f3n de las redes, los requisitos de las empresas con respecto a las soluciones de ciberseguridad est\u00e1n cambiando.\" \/>\n<meta property=\"og:url\" content=\"https:\/\/legacy.colt.net\/es\/product\/secure-network-gateway\/\" \/>\n<meta property=\"og:site_name\" content=\"Colt Technology Services\" \/>\n<meta property=\"article:publisher\" content=\"https:\/\/www.facebook.com\/ColtTechnologyServices\/\" \/>\n<meta property=\"article:modified_time\" content=\"2024-12-14T14:44:21+00:00\" \/>\n<meta property=\"og:image\" content=\"https:\/\/legacy.colt.net\/wp-content\/uploads\/2020\/02\/Zscaler-graphic.png\" \/>\n<meta name=\"twitter:card\" content=\"summary_large_image\" \/>\n<meta name=\"twitter:site\" content=\"@colt_technology\" \/>\n<script type=\"application\/ld+json\" class=\"yoast-schema-graph\">{\"@context\":\"https:\/\/schema.org\",\"@graph\":[{\"@type\":\"WebPage\",\"@id\":\"https:\/\/legacy.colt.net\/es\/product\/secure-network-gateway\/\",\"url\":\"https:\/\/legacy.colt.net\/es\/product\/secure-network-gateway\/\",\"name\":\"Secure Web Gateway - Colt Technology Services\",\"isPartOf\":{\"@id\":\"https:\/\/legacy.colt.net\/#website\"},\"primaryImageOfPage\":{\"@id\":\"https:\/\/legacy.colt.net\/es\/product\/secure-network-gateway\/#primaryimage\"},\"image\":{\"@id\":\"https:\/\/legacy.colt.net\/es\/product\/secure-network-gateway\/#primaryimage\"},\"thumbnailUrl\":\"https:\/\/legacy.colt.net\/wp-content\/uploads\/2020\/02\/Zscaler-graphic.png\",\"datePublished\":\"2020-02-07T10:59:29+00:00\",\"dateModified\":\"2024-12-14T14:44:21+00:00\",\"description\":\"Con el aumento de la adopci\u00f3n de la nube y la descentralizaci\u00f3n de las redes, los requisitos de las empresas con respecto a las soluciones de ciberseguridad est\u00e1n cambiando.\",\"breadcrumb\":{\"@id\":\"https:\/\/legacy.colt.net\/es\/product\/secure-network-gateway\/#breadcrumb\"},\"inLanguage\":\"es-ES\",\"potentialAction\":[{\"@type\":\"ReadAction\",\"target\":[\"https:\/\/legacy.colt.net\/es\/product\/secure-network-gateway\/\"]}]},{\"@type\":\"ImageObject\",\"inLanguage\":\"es-ES\",\"@id\":\"https:\/\/legacy.colt.net\/es\/product\/secure-network-gateway\/#primaryimage\",\"url\":\"https:\/\/legacy.colt.net\/wp-content\/uploads\/2020\/02\/Zscaler-graphic.png\",\"contentUrl\":\"https:\/\/legacy.colt.net\/wp-content\/uploads\/2020\/02\/Zscaler-graphic.png\"},{\"@type\":\"BreadcrumbList\",\"@id\":\"https:\/\/legacy.colt.net\/es\/product\/secure-network-gateway\/#breadcrumb\",\"itemListElement\":[{\"@type\":\"ListItem\",\"position\":1,\"name\":\"Home\",\"item\":\"https:\/\/legacy.colt.net\/es\/\"},{\"@type\":\"ListItem\",\"position\":2,\"name\":\"Productos y servicios\",\"item\":\"https:\/\/legacy.colt.net\/es\/product\/\"},{\"@type\":\"ListItem\",\"position\":3,\"name\":\"Secure Web Gateway\"}]},{\"@type\":\"WebSite\",\"@id\":\"https:\/\/legacy.colt.net\/#website\",\"url\":\"https:\/\/legacy.colt.net\/\",\"name\":\"Colt\u30c6\u30af\u30ce\u30ed\u30b8\u30fc\u30b5\u30fc\u30d3\u30b9\u682a\u5f0f\u4f1a\u793e\",\"description\":\"Managed Network &amp; Voice Services Provider\",\"publisher\":{\"@id\":\"https:\/\/legacy.colt.net\/#organization\"},\"potentialAction\":[{\"@type\":\"SearchAction\",\"target\":{\"@type\":\"EntryPoint\",\"urlTemplate\":\"https:\/\/legacy.colt.net\/?s={search_term_string}\"},\"query-input\":{\"@type\":\"PropertyValueSpecification\",\"valueRequired\":true,\"valueName\":\"search_term_string\"}}],\"inLanguage\":\"es-ES\"},{\"@type\":\"Organization\",\"@id\":\"https:\/\/legacy.colt.net\/#organization\",\"name\":\"Colt Technology Services\",\"url\":\"https:\/\/legacy.colt.net\/\",\"logo\":{\"@type\":\"ImageObject\",\"inLanguage\":\"es-ES\",\"@id\":\"https:\/\/legacy.colt.net\/#\/schema\/logo\/image\/\",\"url\":\"https:\/\/legacy.colt.net\/wp-content\/uploads\/2019\/02\/Colt-Logo.png\",\"contentUrl\":\"https:\/\/legacy.colt.net\/wp-content\/uploads\/2019\/02\/Colt-Logo.png\",\"width\":195,\"height\":77,\"caption\":\"Colt Technology Services\"},\"image\":{\"@id\":\"https:\/\/legacy.colt.net\/#\/schema\/logo\/image\/\"},\"sameAs\":[\"https:\/\/www.facebook.com\/ColtTechnologyServices\/\",\"https:\/\/x.com\/colt_technology\",\"https:\/\/www.instagram.com\/colttechnologyservices\/\",\"https:\/\/www.linkedin.com\/company\/colt-technology-services\",\"https:\/\/www.youtube.com\/user\/ColtTechnology\"]}]}<\/script>\n<!-- \/ Yoast SEO plugin. -->","yoast_head_json":{"title":"Secure Web Gateway - Colt Technology Services","description":"Con el aumento de la adopci\u00f3n de la nube y la descentralizaci\u00f3n de las redes, los requisitos de las empresas con respecto a las soluciones de ciberseguridad est\u00e1n cambiando.","robots":{"index":"noindex","follow":"follow","max-snippet":"max-snippet:-1","max-image-preview":"max-image-preview:large","max-video-preview":"max-video-preview:-1"},"og_locale":"es_ES","og_type":"article","og_title":"Secure Web Gateway - Colt Technology Services","og_description":"Con el aumento de la adopci\u00f3n de la nube y la descentralizaci\u00f3n de las redes, los requisitos de las empresas con respecto a las soluciones de ciberseguridad est\u00e1n cambiando.","og_url":"https:\/\/legacy.colt.net\/es\/product\/secure-network-gateway\/","og_site_name":"Colt Technology Services","article_publisher":"https:\/\/www.facebook.com\/ColtTechnologyServices\/","article_modified_time":"2024-12-14T14:44:21+00:00","og_image":[{"url":"https:\/\/legacy.colt.net\/wp-content\/uploads\/2020\/02\/Zscaler-graphic.png","type":"","width":"","height":""}],"twitter_card":"summary_large_image","twitter_site":"@colt_technology","schema":{"@context":"https:\/\/schema.org","@graph":[{"@type":"WebPage","@id":"https:\/\/legacy.colt.net\/es\/product\/secure-network-gateway\/","url":"https:\/\/legacy.colt.net\/es\/product\/secure-network-gateway\/","name":"Secure Web Gateway - Colt Technology Services","isPartOf":{"@id":"https:\/\/legacy.colt.net\/#website"},"primaryImageOfPage":{"@id":"https:\/\/legacy.colt.net\/es\/product\/secure-network-gateway\/#primaryimage"},"image":{"@id":"https:\/\/legacy.colt.net\/es\/product\/secure-network-gateway\/#primaryimage"},"thumbnailUrl":"https:\/\/legacy.colt.net\/wp-content\/uploads\/2020\/02\/Zscaler-graphic.png","datePublished":"2020-02-07T10:59:29+00:00","dateModified":"2024-12-14T14:44:21+00:00","description":"Con el aumento de la adopci\u00f3n de la nube y la descentralizaci\u00f3n de las redes, los requisitos de las empresas con respecto a las soluciones de ciberseguridad est\u00e1n cambiando.","breadcrumb":{"@id":"https:\/\/legacy.colt.net\/es\/product\/secure-network-gateway\/#breadcrumb"},"inLanguage":"es-ES","potentialAction":[{"@type":"ReadAction","target":["https:\/\/legacy.colt.net\/es\/product\/secure-network-gateway\/"]}]},{"@type":"ImageObject","inLanguage":"es-ES","@id":"https:\/\/legacy.colt.net\/es\/product\/secure-network-gateway\/#primaryimage","url":"https:\/\/legacy.colt.net\/wp-content\/uploads\/2020\/02\/Zscaler-graphic.png","contentUrl":"https:\/\/legacy.colt.net\/wp-content\/uploads\/2020\/02\/Zscaler-graphic.png"},{"@type":"BreadcrumbList","@id":"https:\/\/legacy.colt.net\/es\/product\/secure-network-gateway\/#breadcrumb","itemListElement":[{"@type":"ListItem","position":1,"name":"Home","item":"https:\/\/legacy.colt.net\/es\/"},{"@type":"ListItem","position":2,"name":"Productos y servicios","item":"https:\/\/legacy.colt.net\/es\/product\/"},{"@type":"ListItem","position":3,"name":"Secure Web Gateway"}]},{"@type":"WebSite","@id":"https:\/\/legacy.colt.net\/#website","url":"https:\/\/legacy.colt.net\/","name":"Colt\u30c6\u30af\u30ce\u30ed\u30b8\u30fc\u30b5\u30fc\u30d3\u30b9\u682a\u5f0f\u4f1a\u793e","description":"Managed Network &amp; Voice Services Provider","publisher":{"@id":"https:\/\/legacy.colt.net\/#organization"},"potentialAction":[{"@type":"SearchAction","target":{"@type":"EntryPoint","urlTemplate":"https:\/\/legacy.colt.net\/?s={search_term_string}"},"query-input":{"@type":"PropertyValueSpecification","valueRequired":true,"valueName":"search_term_string"}}],"inLanguage":"es-ES"},{"@type":"Organization","@id":"https:\/\/legacy.colt.net\/#organization","name":"Colt Technology Services","url":"https:\/\/legacy.colt.net\/","logo":{"@type":"ImageObject","inLanguage":"es-ES","@id":"https:\/\/legacy.colt.net\/#\/schema\/logo\/image\/","url":"https:\/\/legacy.colt.net\/wp-content\/uploads\/2019\/02\/Colt-Logo.png","contentUrl":"https:\/\/legacy.colt.net\/wp-content\/uploads\/2019\/02\/Colt-Logo.png","width":195,"height":77,"caption":"Colt Technology Services"},"image":{"@id":"https:\/\/legacy.colt.net\/#\/schema\/logo\/image\/"},"sameAs":["https:\/\/www.facebook.com\/ColtTechnologyServices\/","https:\/\/x.com\/colt_technology","https:\/\/www.instagram.com\/colttechnologyservices\/","https:\/\/www.linkedin.com\/company\/colt-technology-services","https:\/\/www.youtube.com\/user\/ColtTechnology"]}]}},"_links":{"self":[{"href":"https:\/\/legacy.colt.net\/es\/wp-json\/wp\/v2\/pages\/83809","targetHints":{"allow":["GET"]}}],"collection":[{"href":"https:\/\/legacy.colt.net\/es\/wp-json\/wp\/v2\/pages"}],"about":[{"href":"https:\/\/legacy.colt.net\/es\/wp-json\/wp\/v2\/types\/page"}],"author":[{"embeddable":true,"href":"https:\/\/legacy.colt.net\/es\/wp-json\/wp\/v2\/users\/2"}],"replies":[{"embeddable":true,"href":"https:\/\/legacy.colt.net\/es\/wp-json\/wp\/v2\/comments?post=83809"}],"version-history":[{"count":0,"href":"https:\/\/legacy.colt.net\/es\/wp-json\/wp\/v2\/pages\/83809\/revisions"}],"up":[{"embeddable":true,"href":"https:\/\/legacy.colt.net\/es\/wp-json\/wp\/v2\/pages\/35905"}],"wp:attachment":[{"href":"https:\/\/legacy.colt.net\/es\/wp-json\/wp\/v2\/media?parent=83809"}],"wp:term":[{"taxonomy":"colt_type","embeddable":true,"href":"https:\/\/legacy.colt.net\/es\/wp-json\/wp\/v2\/colt_type?post=83809"},{"taxonomy":"colt_products","embeddable":true,"href":"https:\/\/legacy.colt.net\/es\/wp-json\/wp\/v2\/colt_products?post=83809"}],"curies":[{"name":"wp","href":"https:\/\/api.w.org\/{rel}","templated":true}]}}