{"id":75136,"date":"2020-05-27T16:59:56","date_gmt":"2020-05-27T15:59:56","guid":{"rendered":"https:\/\/www.colt.net\/?page_id=75136"},"modified":"2020-11-20T14:05:40","modified_gmt":"2020-11-20T14:05:40","slug":"covid-19","status":"publish","type":"page","link":"https:\/\/legacy.colt.net\/es\/covid-19\/","title":{"rendered":"Covid-19"},"content":{"rendered":"\n<h1>\n\t\tColt &#038; Covid-19:\n\t<\/h1>\n\t<p>Colt contin\u00faa monitorizando cuidadosamente la propagaci\u00f3n y el impacto de Covid-19 en todo el mundo. Desde el comienzo del brote, hemos realizado cambios significativos en nuestra organizaci\u00f3n para permitirnos operar de manera remota, continuar brindando un servicio excepcional y respaldar un aumento importante en la demanda de ancho de banda.<\/p>\n<p>Estamos siguiendo los consejos de la Organizaci\u00f3n Mundial de la Salud (OMS), el Centro de Control de Enfermedades (CDC) y las autoridades locales a nivel mundial y en las ciudades y regiones afectadas. Nuestra prioridad sigue siendo la seguridad de nuestros empleados, clientes y socios.<\/p>\n<h2>\n\t\tLo que estamos haciendo:\n\t<\/h2>\n\t<p>Nuestros experimentados equipos de BCM y Salud y Seguridad contin\u00faan trabajando las 24 horas para monitorear y administrar la situaci\u00f3n.<\/p>\n\t<p>Colt opera seg\u00fan el est\u00e1ndar ISO 22301: 2019 donde todas las funciones comerciales cr\u00edticas identificadas tienen planes de continuidad comercial probados en los que los empleados reciben capacitaci\u00f3n y los planes se revisan, ejercen y \/ o prueban anualmente.<\/p>\n\t<p>Colt opera una red global y tiene m\u00faltiples centros operativos en todo el mundo con planes de continuidad s\u00f3lidos y bien probados.<\/p>\n\t<p>Colt tiene capacidades de trabajo remoto para empleados en todas las regiones.<\/p>\n\t<p>Colt est\u00e1 trabajando estrechamente con su cadena de suministro cr\u00edtica para gestionar cualquier impacto potencial.<\/p>\n<h2>\n\t\tNuestra red\n\t<\/h2>\n\t<p>Desde el comienzo de la pandemia de Covid-19, hemos observado un cambio significativo en el tr\u00e1fico en los puntos de red de borde de interconexi\u00f3n de Internet que enfrentan PTT, ISP dom\u00e9sticos, proveedores de contenido y de nube. Tenemos la capacidad de absorber este aumento y continuar proporcionando capacidad de red adicional. en diferentes capas de nuestra red:<\/p>\n<h2>\n\t\tOperaciones y Prestaci\u00f3n de Servicio\n\t<\/h2>\n\t<p>Las restricciones anteriores a la prestaci\u00f3n y gesti\u00f3n de servicios ahora se han levantado en todos los pa\u00edses, pero siguen estando sujetas a restricciones de acceso local.<\/p>\n<p>Esto significa que podemos ofrecer servicios para todos los nuevos clientes y atender todas las incidencias de los clientes, incluida cualquier degradaci\u00f3n del servicio, sujeto a restricciones de acceso de los clientes, propietarios de edificios o autoridades locales. El trabajo solo se llevar\u00e1 a cabo cuando nuestros empleados o socios puedan cumplir plenamente con las pautas de seguridad.<\/p>\n<p>Todas estas actualizaciones est\u00e1n sujetas a cambios a corto plazo, especialmente si las restricciones se vuelven a aplicar o aumentan los casos de Covid-19.<\/p>\n<h2>\n\t\tPreguntas Frecuentes\n\t<\/h2>\n\t\t\t\t\t\t<h4 tabindex=\"0\">\u00bfSe ver\u00e1 afectada la entrega de nuevos servicios y actualizaciones?<\/h4>\n\t\t\t<p>Podemos entregar servicios a todos los nuevos clientes y atender cambios y posibles incidencias de los clientes, incluida la degradaci\u00f3n del servicio, sujeto a restricciones de acceso de los clientes, propietarios de edificios o autoridades locales. El trabajo solo se llevar\u00e1 a cabo cuando nuestros empleados o socios puedan cumplir plenamente con las pautas de seguridad.<\/p>\n<p>Todas estas actualizaciones est\u00e1n sujetas a cambios a corto plazo, especialmente si las restricciones se vuelven a aplicar o aumentan los casos de Covid-19.<\/p>\n\t\t\t\t\t\t<h4 tabindex=\"0\">\u00bfColt tiene una cadena de suministro robusta?<\/h4>\n\t\t\t<ul>\n<li>\n<p>Hemos revisado la capacidad de recuperaci\u00f3n de nuestros proveedores cr\u00edticos y no hay un impacto comercial previsto en este momento. Nuestros proveedores cuentan con planes de continuidad del negocio.<\/p>\n<\/li>\n<li>\n<p>Continuamos monitorizando la situaci\u00f3n y revisando el estado de nuestros proveedores cr\u00edticos.<\/p>\n<\/li>\n<\/ul>\n\t\t\t\t\t\t<h4 tabindex=\"0\">\u00bfCu\u00e1l es nuestro procedimiento definido por Colt en el caso de identificar un positivo?<\/h4>\n\t\t\t<p>El procedimiento de gesti\u00f3n de casos de\u00a0Covid-19 en Colt incluye varios pasos para identificar y escalar un caso sospechoso o positivo.<\/p>\n<p>\u00a0<\/p>\n<p>En este procedimiento participan varios departamentos con distintas responsabilidades para ejecutar correctamente el plan:<\/p>\n<ul type=\"disc\">\n<li>Equipos de Facilities<\/li>\n<li>Equipos de Salud y Prevenci\u00f3n<\/li>\n<li>Equipos de RRHH<\/li>\n<li>Equipos de Seguridad<\/li>\n<\/ul>\n<p>\u00a0<\/p>\n<p>Este procedimiento se gestiona de forma centralizada a trav\u00e9s de los Equipos de Respuesta a Emergencias Corporativas 24&#215;7 de Colt e incluye disposiciones para Colt y ubicaciones de clientes o \u00a0terceros, tales como:<\/p>\n<ul type=\"disc\">\n<li>Limpieza profunda<\/li>\n<li>Seguimiento y localizaci\u00f3n<\/li>\n<\/ul>\n\t\t\t\t\t\t<h4 tabindex=\"0\">\u00bfColt es capaz de hacer frente al aumento en el tr\u00e1fico de voz?<\/h4>\n\t\t\t<p>Estamos gestionando un aumento significativo en el tr\u00e1fico de voz en nuestra red. Tenemos una red troncal de voz de alta capacidad gracias a la red de fibra de nuestra propiedad: nuestra red tiene una capacidad adicional significativa y contamos con la flexibilidad de aumentarla r\u00e1pidamente. Estamos viendo un alto tr\u00e1fico en los puntos de interconexi\u00f3n de voz en toda Europa y estamos trabajando con nuestros partners gestion\u00e1ndolo. Hemos podido redirigir el tr\u00e1fico o aumentar la capacidad para mitigar nuevos picos de demanda y estamos agregando capacidad de forma proactiva para los pa\u00edses donde percibimos que hay un aumento inminente del tr\u00e1fico.<\/p>\n\t\t\t\t\t\t<h4 tabindex=\"0\">\u00bfTodav\u00eda es posible la portabilidad de n\u00fameros?<\/h4>\n\t\t\t<p>La portabilidad de n\u00fameros opera como de costumbre en la mayor\u00eda de los pa\u00edses, con restricciones en Espa\u00f1a y Portugal para el peque\u00f1o n\u00famero de casos donde se requieren obras civiles. Adem\u00e1s, en Espa\u00f1a hay l\u00edmites en el n\u00famero de solicitudes de portabilidad que otros operadores pueden enviar a un operador.<\/p>\n\t\t\t\t\t\t<h4 tabindex=\"0\"> \u00bfEst\u00e1n nuestros empleados trabajando desde casa?<\/h4>\n\t\t\t<p>Todas las oficinas de Colt siguen aplicando una pol\u00edtica de trabajo obligatorio desde casa para todos los empleados que pueden trabajar de forma remota, con la excepci\u00f3n de Dalian, donde estamos balanceando una pol\u00edtica de trabajo desde casa y personal que regresa a la oficina. Se han implementado controles y limpieza adicionales para la seguridad de todos aquellos que necesitan estar en el sitio.<\/p>\n<p>Cualquier retorno a la oficina para el resto de nuestros empleados ser\u00e1 cuidadosamente planificada y gestionada. Tambi\u00e9n hemos implementado pautas para los empleados y socios de Colt que deben visitar oficinas de clientes o de terceros.<\/p>\n\t\t\t\t\t\t<h4 tabindex=\"0\">\u00bfPuedo visitar las oficinas de Colt?<\/h4>\n\t\t\t<ul>\n<li>Pedimos a todos los visitantes de las oficinas de Colt que sigan las pr\u00e1cticas de higiene de la Organizaci\u00f3n Mundial de la Salud y consideren la necesidad de reuniones cara a cara.<\/li>\n<li>El acceso a los sitios Colt est\u00e1 sujeto a restricciones y orientaci\u00f3n del gobierno local.<\/li>\n<li>Pedimos a todos los visitantes que confirmen:\n<ul>\n<li>Que no han contra\u00eddo gripe o han tenido s\u00edntomas similares a los de la gripe, con una temperatura superior a 37.5 \u00b0 C o una tos nueva y persistente<\/li>\n<li>Si son conscientes de haber estado en contacto cercano con una persona afectada por Covid-19<\/li>\n<li>No haber recibido comunicaci\u00f3n de las autoridades sobre el contacto cercano con una persona infectada por Covid-19.<\/li>\n<\/ul>\n<\/li>\n<\/ul>\n\t\t\t\t\t\t<h4 tabindex=\"0\">Actualizaciones por pa\u00eds<\/h4>\n\t\t\t<p>Todas las oficinas de Colt est\u00e1n aplicando una pol\u00edtica obligatoria de trabajo desde casa para todos los empleados que pueden trabajar de forma remota, con la excepci\u00f3n de Dalian, donde estamos escalonando una pol\u00edtica de trabajo desde casa para el personal que regresa a la oficina. Se han implementado controles y limpieza adicionales para la seguridad de todos aquellos que necesitan estar en la oficina.<\/p>\n<p>A medida que algunos pa\u00edses comienzan a reducir las restricciones, las evaluaremos cuidadosamente caso por caso. A partir de ahora, esto no cambia nuestro enfoque y asesoraremos a los clientes cuando lo haga.<\/p>\n\n","protected":false},"excerpt":{"rendered":"<p>Colt &#038; Covid-19: Colt contin\u00faa monitorizando cuidadosamente la propagaci\u00f3n y el impacto de Covid-19 en todo el mundo. Desde el comienzo del brote, hemos realizado cambios significativos en nuestra organizaci\u00f3n para permitirnos operar de manera remota, continuar brindando un servicio excepcional y respaldar un aumento importante en la demanda de ancho de banda. Estamos siguiendo&#8230;<\/p>\n","protected":false},"author":2,"featured_media":0,"parent":0,"menu_order":0,"comment_status":"closed","ping_status":"closed","template":"","meta":{"_acf_changed":false,"footnotes":""},"colt_type":[],"colt_products":[],"class_list":["post-75136","page","type-page","status-publish","hentry"],"acf":[],"yoast_head":"<!-- This site is optimized with the Yoast SEO plugin v26.8 - https:\/\/yoast.com\/product\/yoast-seo-wordpress\/ -->\n<title>Covid-19 - Colt Technology Services<\/title>\n<meta name=\"description\" content=\"Covid-19 Colt Technology Services\" \/>\n<meta name=\"robots\" content=\"noindex, follow, max-snippet:-1, max-image-preview:large, max-video-preview:-1\" \/>\n<meta property=\"og:locale\" content=\"es_ES\" \/>\n<meta property=\"og:type\" content=\"article\" \/>\n<meta property=\"og:title\" content=\"Covid-19 - Colt Technology Services\" \/>\n<meta property=\"og:description\" content=\"Covid-19 Colt Technology Services\" \/>\n<meta property=\"og:url\" content=\"https:\/\/legacy.colt.net\/es\/covid-19\/\" \/>\n<meta property=\"og:site_name\" content=\"Colt Technology Services\" \/>\n<meta property=\"article:publisher\" content=\"https:\/\/www.facebook.com\/ColtTechnologyServices\/\" \/>\n<meta property=\"article:modified_time\" content=\"2020-11-20T14:05:40+00:00\" \/>\n<meta property=\"og:image\" content=\"https:\/\/legacy.colt.net\/wp-content\/uploads\/2021\/01\/Brand-2021-Stock-3.jpg\" \/>\n\t<meta property=\"og:image:width\" content=\"1000\" \/>\n\t<meta property=\"og:image:height\" content=\"667\" \/>\n\t<meta property=\"og:image:type\" content=\"image\/jpeg\" \/>\n<meta name=\"twitter:card\" content=\"summary_large_image\" \/>\n<meta name=\"twitter:site\" content=\"@colt_technology\" \/>\n<meta name=\"twitter:label1\" content=\"Est. reading time\" \/>\n\t<meta name=\"twitter:data1\" content=\"6 minutes\" \/>\n<script type=\"application\/ld+json\" class=\"yoast-schema-graph\">{\"@context\":\"https:\/\/schema.org\",\"@graph\":[{\"@type\":\"WebPage\",\"@id\":\"https:\/\/legacy.colt.net\/es\/covid-19\/\",\"url\":\"https:\/\/legacy.colt.net\/es\/covid-19\/\",\"name\":\"Covid-19 - Colt Technology Services\",\"isPartOf\":{\"@id\":\"https:\/\/legacy.colt.net\/#website\"},\"datePublished\":\"2020-05-27T15:59:56+00:00\",\"dateModified\":\"2020-11-20T14:05:40+00:00\",\"description\":\"Covid-19 Colt Technology Services\",\"breadcrumb\":{\"@id\":\"https:\/\/legacy.colt.net\/es\/covid-19\/#breadcrumb\"},\"inLanguage\":\"es-ES\",\"potentialAction\":[{\"@type\":\"ReadAction\",\"target\":[\"https:\/\/legacy.colt.net\/es\/covid-19\/\"]}]},{\"@type\":\"BreadcrumbList\",\"@id\":\"https:\/\/legacy.colt.net\/es\/covid-19\/#breadcrumb\",\"itemListElement\":[{\"@type\":\"ListItem\",\"position\":1,\"name\":\"Home\",\"item\":\"https:\/\/legacy.colt.net\/es\/\"},{\"@type\":\"ListItem\",\"position\":2,\"name\":\"Covid-19\"}]},{\"@type\":\"WebSite\",\"@id\":\"https:\/\/legacy.colt.net\/#website\",\"url\":\"https:\/\/legacy.colt.net\/\",\"name\":\"Colt\u30c6\u30af\u30ce\u30ed\u30b8\u30fc\u30b5\u30fc\u30d3\u30b9\u682a\u5f0f\u4f1a\u793e\",\"description\":\"Managed Network &amp; Voice Services Provider\",\"publisher\":{\"@id\":\"https:\/\/legacy.colt.net\/#organization\"},\"potentialAction\":[{\"@type\":\"SearchAction\",\"target\":{\"@type\":\"EntryPoint\",\"urlTemplate\":\"https:\/\/legacy.colt.net\/?s={search_term_string}\"},\"query-input\":{\"@type\":\"PropertyValueSpecification\",\"valueRequired\":true,\"valueName\":\"search_term_string\"}}],\"inLanguage\":\"es-ES\"},{\"@type\":\"Organization\",\"@id\":\"https:\/\/legacy.colt.net\/#organization\",\"name\":\"Colt Technology Services\",\"url\":\"https:\/\/legacy.colt.net\/\",\"logo\":{\"@type\":\"ImageObject\",\"inLanguage\":\"es-ES\",\"@id\":\"https:\/\/legacy.colt.net\/#\/schema\/logo\/image\/\",\"url\":\"https:\/\/legacy.colt.net\/wp-content\/uploads\/2019\/02\/Colt-Logo.png\",\"contentUrl\":\"https:\/\/legacy.colt.net\/wp-content\/uploads\/2019\/02\/Colt-Logo.png\",\"width\":195,\"height\":77,\"caption\":\"Colt Technology Services\"},\"image\":{\"@id\":\"https:\/\/legacy.colt.net\/#\/schema\/logo\/image\/\"},\"sameAs\":[\"https:\/\/www.facebook.com\/ColtTechnologyServices\/\",\"https:\/\/x.com\/colt_technology\",\"https:\/\/www.instagram.com\/colttechnologyservices\/\",\"https:\/\/www.linkedin.com\/company\/colt-technology-services\",\"https:\/\/www.youtube.com\/user\/ColtTechnology\"]}]}<\/script>\n<!-- \/ Yoast SEO plugin. -->","yoast_head_json":{"title":"Covid-19 - Colt Technology Services","description":"Covid-19 Colt Technology Services","robots":{"index":"noindex","follow":"follow","max-snippet":"max-snippet:-1","max-image-preview":"max-image-preview:large","max-video-preview":"max-video-preview:-1"},"og_locale":"es_ES","og_type":"article","og_title":"Covid-19 - Colt Technology Services","og_description":"Covid-19 Colt Technology Services","og_url":"https:\/\/legacy.colt.net\/es\/covid-19\/","og_site_name":"Colt Technology Services","article_publisher":"https:\/\/www.facebook.com\/ColtTechnologyServices\/","article_modified_time":"2020-11-20T14:05:40+00:00","og_image":[{"width":1000,"height":667,"url":"https:\/\/legacy.colt.net\/wp-content\/uploads\/2021\/01\/Brand-2021-Stock-3.jpg","type":"image\/jpeg"}],"twitter_card":"summary_large_image","twitter_site":"@colt_technology","twitter_misc":{"Est. reading time":"6 minutes"},"schema":{"@context":"https:\/\/schema.org","@graph":[{"@type":"WebPage","@id":"https:\/\/legacy.colt.net\/es\/covid-19\/","url":"https:\/\/legacy.colt.net\/es\/covid-19\/","name":"Covid-19 - Colt Technology Services","isPartOf":{"@id":"https:\/\/legacy.colt.net\/#website"},"datePublished":"2020-05-27T15:59:56+00:00","dateModified":"2020-11-20T14:05:40+00:00","description":"Covid-19 Colt Technology Services","breadcrumb":{"@id":"https:\/\/legacy.colt.net\/es\/covid-19\/#breadcrumb"},"inLanguage":"es-ES","potentialAction":[{"@type":"ReadAction","target":["https:\/\/legacy.colt.net\/es\/covid-19\/"]}]},{"@type":"BreadcrumbList","@id":"https:\/\/legacy.colt.net\/es\/covid-19\/#breadcrumb","itemListElement":[{"@type":"ListItem","position":1,"name":"Home","item":"https:\/\/legacy.colt.net\/es\/"},{"@type":"ListItem","position":2,"name":"Covid-19"}]},{"@type":"WebSite","@id":"https:\/\/legacy.colt.net\/#website","url":"https:\/\/legacy.colt.net\/","name":"Colt\u30c6\u30af\u30ce\u30ed\u30b8\u30fc\u30b5\u30fc\u30d3\u30b9\u682a\u5f0f\u4f1a\u793e","description":"Managed Network &amp; Voice Services Provider","publisher":{"@id":"https:\/\/legacy.colt.net\/#organization"},"potentialAction":[{"@type":"SearchAction","target":{"@type":"EntryPoint","urlTemplate":"https:\/\/legacy.colt.net\/?s={search_term_string}"},"query-input":{"@type":"PropertyValueSpecification","valueRequired":true,"valueName":"search_term_string"}}],"inLanguage":"es-ES"},{"@type":"Organization","@id":"https:\/\/legacy.colt.net\/#organization","name":"Colt Technology Services","url":"https:\/\/legacy.colt.net\/","logo":{"@type":"ImageObject","inLanguage":"es-ES","@id":"https:\/\/legacy.colt.net\/#\/schema\/logo\/image\/","url":"https:\/\/legacy.colt.net\/wp-content\/uploads\/2019\/02\/Colt-Logo.png","contentUrl":"https:\/\/legacy.colt.net\/wp-content\/uploads\/2019\/02\/Colt-Logo.png","width":195,"height":77,"caption":"Colt Technology Services"},"image":{"@id":"https:\/\/legacy.colt.net\/#\/schema\/logo\/image\/"},"sameAs":["https:\/\/www.facebook.com\/ColtTechnologyServices\/","https:\/\/x.com\/colt_technology","https:\/\/www.instagram.com\/colttechnologyservices\/","https:\/\/www.linkedin.com\/company\/colt-technology-services","https:\/\/www.youtube.com\/user\/ColtTechnology"]}]}},"_links":{"self":[{"href":"https:\/\/legacy.colt.net\/es\/wp-json\/wp\/v2\/pages\/75136","targetHints":{"allow":["GET"]}}],"collection":[{"href":"https:\/\/legacy.colt.net\/es\/wp-json\/wp\/v2\/pages"}],"about":[{"href":"https:\/\/legacy.colt.net\/es\/wp-json\/wp\/v2\/types\/page"}],"author":[{"embeddable":true,"href":"https:\/\/legacy.colt.net\/es\/wp-json\/wp\/v2\/users\/2"}],"replies":[{"embeddable":true,"href":"https:\/\/legacy.colt.net\/es\/wp-json\/wp\/v2\/comments?post=75136"}],"version-history":[{"count":0,"href":"https:\/\/legacy.colt.net\/es\/wp-json\/wp\/v2\/pages\/75136\/revisions"}],"wp:attachment":[{"href":"https:\/\/legacy.colt.net\/es\/wp-json\/wp\/v2\/media?parent=75136"}],"wp:term":[{"taxonomy":"colt_type","embeddable":true,"href":"https:\/\/legacy.colt.net\/es\/wp-json\/wp\/v2\/colt_type?post=75136"},{"taxonomy":"colt_products","embeddable":true,"href":"https:\/\/legacy.colt.net\/es\/wp-json\/wp\/v2\/colt_products?post=75136"}],"curies":[{"name":"wp","href":"https:\/\/api.w.org\/{rel}","templated":true}]}}