{"id":67127,"date":"2019-12-16T13:16:36","date_gmt":"2019-12-16T13:16:36","guid":{"rendered":"https:\/\/www.colt.net\/?page_id=67127"},"modified":"2024-06-07T08:32:36","modified_gmt":"2024-06-07T07:32:36","slug":"why-colt","status":"publish","type":"page","link":"https:\/\/legacy.colt.net\/es\/why-colt\/","title":{"rendered":"Why Colt?"},"content":{"rendered":"\n\n\t<nav class=\"breadcrumb\"><span><span><a href=\"https:\/\/legacy.colt.net\/es\/\">Home<\/a><\/span><\/span><\/nav>\n<h1>\n\t\tSomos Colt, una compa\u00f1\u00eda de infraestructuras digitales a nivel mundial que ofrece excelentes conexiones sin descuidar ning\u00fan detalle.\n\t<\/h1>\n<h2>\n\t\tA trav\u00e9s de nuestra red, Colt Network, proporcionamos las infraestructuras digitales que mejor se adaptan a los clientes para que puedan utilizar aquellos servicios de los que dependen sus negocios.\n\t<\/h2>\n\t\t\t<a href=\"https:\/\/legacy.colt.net\/es\/connect\/\" target=\"_blank\" rel=\"noopener\">\n\t\t\t\t\t\t\tConsultar Disponibilidad\n\t\t\t\t\t<\/a>\n<h2>\n\t\t\u00bfPor qu\u00e9 elegir la experiencia Colt?\n\t<\/h2>\n\t<p>Como compa\u00f1\u00eda l\u00edder a nivel mundial en el sector de las infraestructuras digitales, Colt ayuda a las empresas en su camino hacia el \u00e9xito gracias a la creaci\u00f3n de conexiones fant\u00e1sticas. Gracias al trabajo de gente incre\u00edble y de socios que comparten sus valores, as\u00ed como de una tecnolog\u00eda innovadora, Colt puede centrarse en el que es su principal objetivo: poner el poder del universo digital en las manos de sus clientes, est\u00e9n donde est\u00e9n y cuando y como quieran.<\/p>\n<p>Colt se ha propuesto ser la\u00a0empresa\u00a0de\u00a0infraestructura\u00a0digital\u200b que las\u00a0principales\u00a0empresas\u00a0del\u00a0mundo\u200b elijan\u00a0para\u00a0conectarse: por ello da prioridad a la innovaci\u00f3n de los servicios al cliente, a sus valores y a su compromiso con los clientes, los socios, los empleados y el planeta.<\/p>\n\t\t\t\t<img loading=\"lazy\" decoding=\"async\" src=\"https:\/\/legacy.colt.net\/wp-content\/uploads\/2023\/01\/What-makes-us-different-01.png\" alt=\"What-makes-us-different-01\" itemprop=\"image\" height=\"1280\" width=\"1280\" title=\"What-makes-us-different-01\" onerror=\"this.style.display='none'\"  \/>\n\t\t\t\t<img loading=\"lazy\" decoding=\"async\" src=\"https:\/\/legacy.colt.net\/wp-content\/uploads\/2023\/01\/Our-industry-leading-customer-service-01.png\" alt=\"Our-industry-leading-customer-service-01\" itemprop=\"image\" height=\"1280\" width=\"1280\" title=\"Our-industry-leading-customer-service-01\" onerror=\"this.style.display='none'\"  \/>\n<h2>\n\t\tGente incre\u00edble\n\t<\/h2>\n\t<p>Los empleados de Colt se toman muy en serio su trabajo, lo que permite crear experiencias extraordinarias y forjar relaciones muy estrechas con los clientes. La diversa y brillante red de \u00abcolties\u00bb se extiende a lo largo y ancho del planeta para proporcionar conocimientos a nivel local y asistencia especializada siempre que los clientes de Colt lo necesiten.<\/p>\n<p>La gente de Colt conoce muy bien el sector y pone todo su empe\u00f1o en superar constantemente las expectativas de los clientes. No se duermen en los laureles e intentan ir siempre un paso m\u00e1s all\u00e1.<\/p>\n<h2>\n\t\tEcosistemas a nivel mundial\n\t<\/h2>\n\t<p>Desde que empezara su andadura en Londres, en 1992, Colt ha crecido hasta contar con m\u00e1s de 60 oficinas en 32 pa\u00edses. Colt trabaja con los mejores proveedores de servicios digitales del mundo, lo que, unido a sus socios y a su gente, permite adaptar los servicios a las necesidades de los clientes. Al trabajar con las empresas tecnol\u00f3gicas m\u00e1s importantes del mundo, Colt puede conectar a los clientes all\u00ed donde lo necesiten.<\/p>\n\t\t\t<a href=\"https:\/\/legacy.colt.net\/es\/about\/our-story\/\" target=\"_blank\" rel=\"noopener\">\n\t\t\t\t\t\t\tNuestra historia\n\t\t\t<\/a>\n\t\t\t\t<img loading=\"lazy\" decoding=\"async\" src=\"https:\/\/legacy.colt.net\/wp-content\/uploads\/2023\/01\/Our-technology-ecosystem-01.png\" alt=\"Our-technology-ecosystem-01\" itemprop=\"image\" height=\"1280\" width=\"1280\" title=\"Our-technology-ecosystem-01\" onerror=\"this.style.display='none'\"  \/>\n\t\t\t\t<img loading=\"lazy\" decoding=\"async\" src=\"https:\/\/legacy.colt.net\/wp-content\/uploads\/2023\/01\/Our-award-winning-network-01.png\" alt=\"Our-award-winning-network-01\" itemprop=\"image\" height=\"1280\" width=\"1280\" title=\"Our-award-winning-network-01\" onerror=\"this.style.display='none'\"  \/>\n<h2>\n\t\tInfraestructura inteligente\n\t<\/h2>\n\t<p>Colt pone en manos de sus clientes el poder del universo digital mediante una infraestructura digital de clase mundial y soluciones bajo demanda. A Colt le precede su reputaci\u00f3n de empresa innovadora y, gracias a un servicio sin fisuras, los clientes pueden disfrutar de una red segura, con m\u00e1s recursos y m\u00e1s r\u00e1pida en cualquier sitio del planeta.<\/p>\n<h2>\n\t\tUn futuro en com\u00fan\n\t<\/h2>\n\t<p>Colt est\u00e1 construyendo un futuro mejor tanto para la propia compa\u00f1\u00eda como para los clientes. Y lo consigue siendo pioneros en nuevas tecnolog\u00edas, siempre con la sostenibilidad como punto de partida.<\/p>\n\t\t\t\t<img loading=\"lazy\" decoding=\"async\" src=\"https:\/\/legacy.colt.net\/wp-content\/uploads\/2023\/01\/Environmental-Sustainability.png\" alt=\"Environmental Sustainability\" itemprop=\"image\" height=\"1280\" width=\"1280\" title=\"Environmental Sustainability\" onerror=\"this.style.display='none'\"  \/>\n\t\t\t\t<img decoding=\"async\" src=\"https:\/\/legacy.colt.net\/wp-content\/plugins\/bb-plugin\/img\/pixel.png\" alt=\"\" itemprop=\"image\" onerror=\"this.style.display='none'\"  \/>\n\t\t\t\t<img loading=\"lazy\" decoding=\"async\" src=\"https:\/\/legacy.colt.net\/wp-content\/uploads\/2018\/10\/IMSolutions.jpg\" alt=\"IMSolutions\" itemprop=\"image\" height=\"800\" width=\"800\" title=\"IMSolutions\" onerror=\"this.style.display='none'\"  \/>\n\t<p>\u00abLa evaluaci\u00f3n general del servicio recibido es positiva de dos maneras: primero, debido a la calidad t\u00e9cnica del producto en t\u00e9rminos de su solidez, constancia y seguridad, y segundo, en lo que se refiere al asesoramiento y la asistencia recibidos durante las etapas tanto anteriores como posteriores a la venta\u00bb.<\/p>\n<strong><em>Javier Bartelome<\/em><\/strong><br \/>\n<strong><em>Director de Tecnolog\u00eda, IMSolutions\u00a0<\/em><\/strong>\n\t\t\t\t<img loading=\"lazy\" decoding=\"async\" src=\"https:\/\/legacy.colt.net\/wp-content\/uploads\/2019\/03\/Euro-CCP.jpg\" alt=\"Euro-CCP\" itemprop=\"image\" height=\"800\" width=\"800\" title=\"Euro-CCP\" onerror=\"this.style.display='none'\"  \/>\n\t<p>\u00abColt entiende que en nuestro sector la velocidad resulta esencial. Siempre han sido muy eficaces a la hora de crear una soluci\u00f3n adaptada a nuestras crecientes necesidades, demostr\u00e1ndolo una vez m\u00e1s en su agilidad y flexibilidad para implementar la conexi\u00f3n con Londres\u00bb.<\/p>\n<em><strong>Erik Nieuwenhuis <\/strong><\/em><br \/>\n<strong><em>Gerente de TI, EuroCCP<\/em><br \/>\n<\/strong>\n\n","protected":false},"excerpt":{"rendered":"<p>Somos Colt, una compa\u00f1\u00eda de infraestructuras digitales a nivel mundial que ofrece excelentes conexiones sin descuidar ning\u00fan detalle. A trav\u00e9s de nuestra red, Colt Network, proporcionamos las infraestructuras digitales que mejor se adaptan a los clientes para que puedan utilizar aquellos servicios de los que dependen sus negocios. Consultar Disponibilidad \u00bfPor qu\u00e9 elegir la experiencia&#8230;<\/p>\n","protected":false},"author":2,"featured_media":0,"parent":0,"menu_order":0,"comment_status":"closed","ping_status":"closed","template":"","meta":{"_acf_changed":false,"footnotes":""},"colt_type":[],"colt_products":[],"class_list":["post-67127","page","type-page","status-publish","hentry"],"acf":[],"yoast_head":"<!-- This site is optimized with the Yoast SEO plugin v26.8 - https:\/\/yoast.com\/product\/yoast-seo-wordpress\/ -->\n<title>Why Colt? - Colt Technology Services<\/title>\n<meta name=\"description\" content=\"Why Colt? Colt Technology Services\" \/>\n<meta name=\"robots\" content=\"noindex, follow, max-snippet:-1, max-image-preview:large, max-video-preview:-1\" \/>\n<meta property=\"og:locale\" content=\"es_ES\" \/>\n<meta property=\"og:type\" content=\"article\" \/>\n<meta property=\"og:title\" content=\"Why Colt? - Colt Technology Services\" \/>\n<meta property=\"og:description\" content=\"Why Colt? Colt Technology Services\" \/>\n<meta property=\"og:url\" content=\"https:\/\/legacy.colt.net\/es\/why-colt\/\" \/>\n<meta property=\"og:site_name\" content=\"Colt Technology Services\" \/>\n<meta property=\"article:publisher\" content=\"https:\/\/www.facebook.com\/ColtTechnologyServices\/\" \/>\n<meta property=\"article:modified_time\" content=\"2024-06-07T07:32:36+00:00\" \/>\n<meta property=\"og:image\" content=\"https:\/\/legacy.colt.net\/wp-content\/uploads\/2021\/01\/Brand-2021-Stock-10-1.jpg\" \/>\n\t<meta property=\"og:image:width\" content=\"1000\" \/>\n\t<meta property=\"og:image:height\" content=\"668\" \/>\n\t<meta property=\"og:image:type\" content=\"image\/jpeg\" \/>\n<meta name=\"twitter:card\" content=\"summary_large_image\" \/>\n<meta name=\"twitter:site\" content=\"@colt_technology\" \/>\n<meta name=\"twitter:label1\" content=\"Est. reading time\" \/>\n\t<meta name=\"twitter:data1\" content=\"3 minutes\" \/>\n<script type=\"application\/ld+json\" class=\"yoast-schema-graph\">{\"@context\":\"https:\/\/schema.org\",\"@graph\":[{\"@type\":\"WebPage\",\"@id\":\"https:\/\/legacy.colt.net\/es\/why-colt\/\",\"url\":\"https:\/\/legacy.colt.net\/es\/why-colt\/\",\"name\":\"Why Colt? - Colt Technology Services\",\"isPartOf\":{\"@id\":\"https:\/\/legacy.colt.net\/#website\"},\"primaryImageOfPage\":{\"@id\":\"https:\/\/legacy.colt.net\/es\/why-colt\/#primaryimage\"},\"image\":{\"@id\":\"https:\/\/legacy.colt.net\/es\/why-colt\/#primaryimage\"},\"thumbnailUrl\":\"https:\/\/legacy.colt.net\/wp-content\/uploads\/2023\/01\/What-makes-us-different-01.png\",\"datePublished\":\"2019-12-16T13:16:36+00:00\",\"dateModified\":\"2024-06-07T07:32:36+00:00\",\"description\":\"Why Colt? Colt Technology Services\",\"breadcrumb\":{\"@id\":\"https:\/\/legacy.colt.net\/es\/why-colt\/#breadcrumb\"},\"inLanguage\":\"es-ES\",\"potentialAction\":[{\"@type\":\"ReadAction\",\"target\":[\"https:\/\/legacy.colt.net\/es\/why-colt\/\"]}]},{\"@type\":\"ImageObject\",\"inLanguage\":\"es-ES\",\"@id\":\"https:\/\/legacy.colt.net\/es\/why-colt\/#primaryimage\",\"url\":\"https:\/\/legacy.colt.net\/wp-content\/uploads\/2023\/01\/What-makes-us-different-01.png\",\"contentUrl\":\"https:\/\/legacy.colt.net\/wp-content\/uploads\/2023\/01\/What-makes-us-different-01.png\"},{\"@type\":\"BreadcrumbList\",\"@id\":\"https:\/\/legacy.colt.net\/es\/why-colt\/#breadcrumb\",\"itemListElement\":[{\"@type\":\"ListItem\",\"position\":1,\"name\":\"Home\",\"item\":\"https:\/\/legacy.colt.net\/es\/\"},{\"@type\":\"ListItem\",\"position\":2,\"name\":\"Why Colt?\"}]},{\"@type\":\"WebSite\",\"@id\":\"https:\/\/legacy.colt.net\/#website\",\"url\":\"https:\/\/legacy.colt.net\/\",\"name\":\"Colt\u30c6\u30af\u30ce\u30ed\u30b8\u30fc\u30b5\u30fc\u30d3\u30b9\u682a\u5f0f\u4f1a\u793e\",\"description\":\"Managed Network &amp; Voice Services Provider\",\"publisher\":{\"@id\":\"https:\/\/legacy.colt.net\/#organization\"},\"potentialAction\":[{\"@type\":\"SearchAction\",\"target\":{\"@type\":\"EntryPoint\",\"urlTemplate\":\"https:\/\/legacy.colt.net\/?s={search_term_string}\"},\"query-input\":{\"@type\":\"PropertyValueSpecification\",\"valueRequired\":true,\"valueName\":\"search_term_string\"}}],\"inLanguage\":\"es-ES\"},{\"@type\":\"Organization\",\"@id\":\"https:\/\/legacy.colt.net\/#organization\",\"name\":\"Colt Technology Services\",\"url\":\"https:\/\/legacy.colt.net\/\",\"logo\":{\"@type\":\"ImageObject\",\"inLanguage\":\"es-ES\",\"@id\":\"https:\/\/legacy.colt.net\/#\/schema\/logo\/image\/\",\"url\":\"https:\/\/legacy.colt.net\/wp-content\/uploads\/2019\/02\/Colt-Logo.png\",\"contentUrl\":\"https:\/\/legacy.colt.net\/wp-content\/uploads\/2019\/02\/Colt-Logo.png\",\"width\":195,\"height\":77,\"caption\":\"Colt Technology Services\"},\"image\":{\"@id\":\"https:\/\/legacy.colt.net\/#\/schema\/logo\/image\/\"},\"sameAs\":[\"https:\/\/www.facebook.com\/ColtTechnologyServices\/\",\"https:\/\/x.com\/colt_technology\",\"https:\/\/www.instagram.com\/colttechnologyservices\/\",\"https:\/\/www.linkedin.com\/company\/colt-technology-services\",\"https:\/\/www.youtube.com\/user\/ColtTechnology\"]}]}<\/script>\n<!-- \/ Yoast SEO plugin. -->","yoast_head_json":{"title":"Why Colt? - Colt Technology Services","description":"Why Colt? Colt Technology Services","robots":{"index":"noindex","follow":"follow","max-snippet":"max-snippet:-1","max-image-preview":"max-image-preview:large","max-video-preview":"max-video-preview:-1"},"og_locale":"es_ES","og_type":"article","og_title":"Why Colt? - Colt Technology Services","og_description":"Why Colt? Colt Technology Services","og_url":"https:\/\/legacy.colt.net\/es\/why-colt\/","og_site_name":"Colt Technology Services","article_publisher":"https:\/\/www.facebook.com\/ColtTechnologyServices\/","article_modified_time":"2024-06-07T07:32:36+00:00","og_image":[{"width":1000,"height":668,"url":"https:\/\/legacy.colt.net\/wp-content\/uploads\/2021\/01\/Brand-2021-Stock-10-1.jpg","type":"image\/jpeg"}],"twitter_card":"summary_large_image","twitter_site":"@colt_technology","twitter_misc":{"Est. reading time":"3 minutes"},"schema":{"@context":"https:\/\/schema.org","@graph":[{"@type":"WebPage","@id":"https:\/\/legacy.colt.net\/es\/why-colt\/","url":"https:\/\/legacy.colt.net\/es\/why-colt\/","name":"Why Colt? - Colt Technology Services","isPartOf":{"@id":"https:\/\/legacy.colt.net\/#website"},"primaryImageOfPage":{"@id":"https:\/\/legacy.colt.net\/es\/why-colt\/#primaryimage"},"image":{"@id":"https:\/\/legacy.colt.net\/es\/why-colt\/#primaryimage"},"thumbnailUrl":"https:\/\/legacy.colt.net\/wp-content\/uploads\/2023\/01\/What-makes-us-different-01.png","datePublished":"2019-12-16T13:16:36+00:00","dateModified":"2024-06-07T07:32:36+00:00","description":"Why Colt? Colt Technology Services","breadcrumb":{"@id":"https:\/\/legacy.colt.net\/es\/why-colt\/#breadcrumb"},"inLanguage":"es-ES","potentialAction":[{"@type":"ReadAction","target":["https:\/\/legacy.colt.net\/es\/why-colt\/"]}]},{"@type":"ImageObject","inLanguage":"es-ES","@id":"https:\/\/legacy.colt.net\/es\/why-colt\/#primaryimage","url":"https:\/\/legacy.colt.net\/wp-content\/uploads\/2023\/01\/What-makes-us-different-01.png","contentUrl":"https:\/\/legacy.colt.net\/wp-content\/uploads\/2023\/01\/What-makes-us-different-01.png"},{"@type":"BreadcrumbList","@id":"https:\/\/legacy.colt.net\/es\/why-colt\/#breadcrumb","itemListElement":[{"@type":"ListItem","position":1,"name":"Home","item":"https:\/\/legacy.colt.net\/es\/"},{"@type":"ListItem","position":2,"name":"Why Colt?"}]},{"@type":"WebSite","@id":"https:\/\/legacy.colt.net\/#website","url":"https:\/\/legacy.colt.net\/","name":"Colt\u30c6\u30af\u30ce\u30ed\u30b8\u30fc\u30b5\u30fc\u30d3\u30b9\u682a\u5f0f\u4f1a\u793e","description":"Managed Network &amp; Voice Services Provider","publisher":{"@id":"https:\/\/legacy.colt.net\/#organization"},"potentialAction":[{"@type":"SearchAction","target":{"@type":"EntryPoint","urlTemplate":"https:\/\/legacy.colt.net\/?s={search_term_string}"},"query-input":{"@type":"PropertyValueSpecification","valueRequired":true,"valueName":"search_term_string"}}],"inLanguage":"es-ES"},{"@type":"Organization","@id":"https:\/\/legacy.colt.net\/#organization","name":"Colt Technology Services","url":"https:\/\/legacy.colt.net\/","logo":{"@type":"ImageObject","inLanguage":"es-ES","@id":"https:\/\/legacy.colt.net\/#\/schema\/logo\/image\/","url":"https:\/\/legacy.colt.net\/wp-content\/uploads\/2019\/02\/Colt-Logo.png","contentUrl":"https:\/\/legacy.colt.net\/wp-content\/uploads\/2019\/02\/Colt-Logo.png","width":195,"height":77,"caption":"Colt Technology Services"},"image":{"@id":"https:\/\/legacy.colt.net\/#\/schema\/logo\/image\/"},"sameAs":["https:\/\/www.facebook.com\/ColtTechnologyServices\/","https:\/\/x.com\/colt_technology","https:\/\/www.instagram.com\/colttechnologyservices\/","https:\/\/www.linkedin.com\/company\/colt-technology-services","https:\/\/www.youtube.com\/user\/ColtTechnology"]}]}},"_links":{"self":[{"href":"https:\/\/legacy.colt.net\/es\/wp-json\/wp\/v2\/pages\/67127","targetHints":{"allow":["GET"]}}],"collection":[{"href":"https:\/\/legacy.colt.net\/es\/wp-json\/wp\/v2\/pages"}],"about":[{"href":"https:\/\/legacy.colt.net\/es\/wp-json\/wp\/v2\/types\/page"}],"author":[{"embeddable":true,"href":"https:\/\/legacy.colt.net\/es\/wp-json\/wp\/v2\/users\/2"}],"replies":[{"embeddable":true,"href":"https:\/\/legacy.colt.net\/es\/wp-json\/wp\/v2\/comments?post=67127"}],"version-history":[{"count":0,"href":"https:\/\/legacy.colt.net\/es\/wp-json\/wp\/v2\/pages\/67127\/revisions"}],"wp:attachment":[{"href":"https:\/\/legacy.colt.net\/es\/wp-json\/wp\/v2\/media?parent=67127"}],"wp:term":[{"taxonomy":"colt_type","embeddable":true,"href":"https:\/\/legacy.colt.net\/es\/wp-json\/wp\/v2\/colt_type?post=67127"},{"taxonomy":"colt_products","embeddable":true,"href":"https:\/\/legacy.colt.net\/es\/wp-json\/wp\/v2\/colt_products?post=67127"}],"curies":[{"name":"wp","href":"https:\/\/api.w.org\/{rel}","templated":true}]}}