{"id":67063,"date":"2019-12-16T11:32:54","date_gmt":"2019-12-16T11:32:54","guid":{"rendered":"https:\/\/www.colt.net\/?page_id=67063"},"modified":"2022-03-24T09:02:54","modified_gmt":"2022-03-24T09:02:54","slug":"dc-interconnect","status":"publish","type":"page","link":"https:\/\/legacy.colt.net\/es\/product\/dc-interconnect\/","title":{"rendered":"DC Interconnect"},"content":{"rendered":"\n<h1>\n\t\tConectividad avanzada con m\u00e1s de 900 centros de datos en todo el mundo\n\t<\/h1>\n\t<nav class=\"breadcrumb\"><span><span><a href=\"https:\/\/legacy.colt.net\/es\/\">Home<\/a><\/span><\/span><\/nav>\n\t\t\t<a href=\"https:\/\/legacy.colt.net\/es\/contact-us\/\" target=\"_self\" role=\"button\" rel=\"noopener noreferrer\">\n\t\t\t\t\t\tCont\u00e1ctanos\n\t\t\t\t\t<\/a>\n\t\t\t<a href=\"#hs-chat-open\" target=\"_self\" role=\"button\" rel=\"noopener noreferrer\">\n\t\t\t\t\t\tChat en vivo\n\t\t\t\t\t<\/a>\n\t\t\t<a href=\"https:\/\/legacy.colt.net\/es\/contact-us\/\" target=\"_self\" role=\"button\" rel=\"noopener noreferrer\">\n\t\t\t\t\t\tCont\u00e1ctanos\n\t\t\t\t\t<\/a>\n\t\t\t<a href=\"https:\/\/legacy.colt.net\/wp-content\/uploads\/2019\/07\/Data-Sheet-DC-Net-ES-0719.pdf\" target=\"_self\" role=\"button\" rel=\"noopener noreferrer\">\n\t\t\t\t\t\tDC Interconnect ficha t\u00e9cnica\n\t\t\t\t\t<\/a>\n<h2>\n\t\tTodos los centros de datos se encuentran a solo una conexi\u00f3n cruzada de distancia\n\t<\/h2>\n\t<p>El servicio Data Centre Interconnect de Colt facilita y agiliza la interconexi\u00f3n de los centros de datos que alojan sus servicios de TI, incluso si se encuentran en diferentes ciudades, pa\u00edses o continentes. Gracias a nuestra conectividad preintegrada en centros de datos clave, conectar sus centros de datos podr\u00eda llevar tan poco tiempo como cinco d\u00edas; en algunos casos, como con el servicio DCNet On Demand de Colt, podr\u00e1 realizarse al instante.<\/p>\n<h2>\n\t\tVentajas de un vistazo\n\t<\/h2>\n\t<p>Fortalezca su estrategia global de TI con acceso directo a m\u00e1s de 900 centros de datos neutrales, no neutrales y de Colt en Europa, Asia-Pac\u00edfico y Am\u00e9rica del Norte.<\/p>\n\t<h4>Colt ofrece m\u00e1s opciones y capacidades en ubicaciones de centros de datos que cualquier otro operador en Europa, Asia y Am\u00e9rica del Norte<\/h4>\n\t<h4>Entre centros de datos clave, podemos proveer nuevas conexiones en tan solo cinco d\u00edas y mejoras en dos<\/h4>\n\t<h4>Ofrecemos una amplia gama de servicios para que pueda elegir el ancho de banda que necesita, de 100\u00a0Mbps a 100\u00a0Gbps<\/h4>\n\t<h4>Con una simple conexi\u00f3n cruzada agrupar\u00e1 todos sus servicios de IT sin fisuras, aunque se encuentren ubicados en ciudades, pa\u00edses o continentes distintos.<\/h4>\n\t<h4>Los servicios bajo demanda le proporcionan un control instant\u00e1neo sobre su red. Benef\u00edciese del autoservicio de prestaci\u00f3n en tiempo real y pago por uso.<\/h4>\n\t<h4>Un contrato simple: evite la necesidad de m\u00faltiples proveedores y contratos de red individuales, ofrecemos t\u00e9rminos flexibles a precios competitivos<\/h4>\n<h2>\n\t\tEst\u00e1 en buenas manos\n\t<\/h2>\n\t<p>Colt puede ayudarlo a expandir su cobertura de red con el fin de mantenerla al paso con la evoluci\u00f3n de su estrategia de TI. Simplemente a\u00f1ada nuevas conexiones a centros de datos adicionales cuando lo desee. Nuestros galardonados servicios de conectividad son r\u00e1pidos de desplegar, rentables y f\u00e1ciles de administrar.<\/p>\n<p>Nuestros servicios <a href=\"https:\/\/legacy.colt.net\/es\/product\/ethernet-line\/\">Ethernet<\/a> y <a href=\"https:\/\/legacy.colt.net\/es\/product\/wave\/\">Wave<\/a> (DWDM) proporcionan sencillez, adaptabilidad y flexibilidad, todo gracias a un operador en el que puede confiar. Con opciones de ancho de banda que van desde servicios basados en paquetes de 100\u00a0Mbps hasta servicios \u00f3pticos de 100\u00a0Gbps, ofrecemos la m\u00e1s amplia gama posible de tecnolog\u00edas y soluciones. Colt puede garantizar el rendimiento y el ancho de banda, al tiempo que provee niveles excepcionales de seguridad y resiliencia.<\/p>\n\t\t\t\t\t\t<img decoding=\"async\" src=\"https:\/\/i.ytimg.com\/vi\/brzARy3Wlgg\/maxresdefault.jpg\"  \/>\n\t\t<h2>\n\t\tCaracter\u00edsticas del servicio\n\t<\/h2>\n\t\t\t<a href=\"https:\/\/legacy.colt.net\/es\/contact-us\/\" target=\"_blank\" role=\"button\" rel=\"noopener noreferrer\">\n\t\t\t\t\t\t\tGet in touch\n\t\t\t\t\t<\/a>\n<h2>\n\t\t\u00bfPor qu\u00e9 elegirnos?\n\t<\/h2>\n\t<p>Colt ofrece servicios de elevado ancho de banda para empresas y clientes mayoristas en las plazas comerciales m\u00e1s grandes de Europa, Asia y Am\u00e9rica del Norte, lo que permite la transformaci\u00f3n digital de las empresas a trav\u00e9s de su <a href=\"https:\/\/legacy.colt.net\/es\/global-network\/\">red IQ<\/a> integrada en la nube, de propiedad privada y expresamente construida.<\/p>\n<p>Colt se ha labrado una reputaci\u00f3n de dar siempre prioridad a sus clientes, con un enfoque en brindar una presencia local y una agilidad verdaderas a empresas que, aunque sean globales, precisan de una atenci\u00f3n local. Entre los clientes de Colt se cuentan el 76 % de las principales compa\u00f1\u00edas globales de telecomunicaciones y el 72 % de las principales empresas globales de medios de comunicaci\u00f3n (lista Forbes de 2000 y 2016). Propiedad privada de Fidelity Investments, Colt es una de las compa\u00f1\u00edas m\u00e1s s\u00f3lidas en t\u00e9rminos financieros de su sector y puede ofrecer una experiencia de cliente de primera categor\u00eda a un precio competitivo.<\/p>\n<h1>\n\t\tComprobador de disponibilidad de fibra\n\t<\/h1>\n\t\n\t\t\t<a href=\"https:\/\/legacy.colt.net\/es\/colt-network-map\/\" target=\"_self\" role=\"button\" rel=\"noopener noreferrer\">\n\t\t\t\t\t\t\tComprobar mi conectividad\n\t\t\t\t\t<\/a>\n\n","protected":false},"excerpt":{"rendered":"<p>Conectividad avanzada con m\u00e1s de 900 centros de datos en todo el mundo Cont\u00e1ctanos Chat en vivo Cont\u00e1ctanos DC Interconnect ficha t\u00e9cnica Todos los centros de datos se encuentran a solo una conexi\u00f3n cruzada de distancia El servicio Data Centre Interconnect de Colt facilita y agiliza la interconexi\u00f3n de los centros de datos que alojan&#8230;<\/p>\n","protected":false},"author":2,"featured_media":0,"parent":35905,"menu_order":0,"comment_status":"closed","ping_status":"closed","template":"","meta":{"_acf_changed":false,"footnotes":""},"colt_type":[],"colt_products":[],"class_list":["post-67063","page","type-page","status-publish","hentry"],"acf":[],"yoast_head":"<!-- This site is optimized with the Yoast SEO plugin v26.8 - https:\/\/yoast.com\/product\/yoast-seo-wordpress\/ -->\n<title>DC Interconnect - Colt Technology Services<\/title>\n<meta name=\"description\" content=\"DC Interconnect Colt Technology Services\" \/>\n<meta name=\"robots\" content=\"noindex, follow, max-snippet:-1, max-image-preview:large, max-video-preview:-1\" \/>\n<meta property=\"og:locale\" content=\"es_ES\" \/>\n<meta property=\"og:type\" content=\"article\" \/>\n<meta property=\"og:title\" content=\"DC Interconnect - Colt Technology Services\" \/>\n<meta property=\"og:description\" content=\"DC Interconnect Colt Technology Services\" \/>\n<meta property=\"og:url\" content=\"https:\/\/legacy.colt.net\/es\/product\/dc-interconnect\/\" \/>\n<meta property=\"og:site_name\" content=\"Colt Technology Services\" \/>\n<meta property=\"article:publisher\" content=\"https:\/\/www.facebook.com\/ColtTechnologyServices\/\" \/>\n<meta property=\"article:modified_time\" content=\"2022-03-24T09:02:54+00:00\" \/>\n<meta property=\"og:image\" content=\"https:\/\/i.ytimg.com\/vi\/brzARy3Wlgg\/maxresdefault.jpg\" \/>\n<meta name=\"twitter:card\" content=\"summary_large_image\" \/>\n<meta name=\"twitter:site\" content=\"@colt_technology\" \/>\n<meta name=\"twitter:label1\" content=\"Est. reading time\" \/>\n\t<meta name=\"twitter:data1\" content=\"3 minutes\" \/>\n<script type=\"application\/ld+json\" class=\"yoast-schema-graph\">{\"@context\":\"https:\/\/schema.org\",\"@graph\":[{\"@type\":\"WebPage\",\"@id\":\"https:\/\/legacy.colt.net\/es\/product\/dc-interconnect\/\",\"url\":\"https:\/\/legacy.colt.net\/es\/product\/dc-interconnect\/\",\"name\":\"DC Interconnect - Colt Technology Services\",\"isPartOf\":{\"@id\":\"https:\/\/legacy.colt.net\/#website\"},\"primaryImageOfPage\":{\"@id\":\"https:\/\/legacy.colt.net\/es\/product\/dc-interconnect\/#primaryimage\"},\"image\":{\"@id\":\"https:\/\/legacy.colt.net\/es\/product\/dc-interconnect\/#primaryimage\"},\"thumbnailUrl\":\"https:\/\/i.ytimg.com\/vi\/brzARy3Wlgg\/maxresdefault.jpg\",\"datePublished\":\"2019-12-16T11:32:54+00:00\",\"dateModified\":\"2022-03-24T09:02:54+00:00\",\"description\":\"DC Interconnect Colt Technology Services\",\"breadcrumb\":{\"@id\":\"https:\/\/legacy.colt.net\/es\/product\/dc-interconnect\/#breadcrumb\"},\"inLanguage\":\"es-ES\",\"potentialAction\":[{\"@type\":\"ReadAction\",\"target\":[\"https:\/\/legacy.colt.net\/es\/product\/dc-interconnect\/\"]}]},{\"@type\":\"ImageObject\",\"inLanguage\":\"es-ES\",\"@id\":\"https:\/\/legacy.colt.net\/es\/product\/dc-interconnect\/#primaryimage\",\"url\":\"https:\/\/i.ytimg.com\/vi\/brzARy3Wlgg\/maxresdefault.jpg\",\"contentUrl\":\"https:\/\/i.ytimg.com\/vi\/brzARy3Wlgg\/maxresdefault.jpg\"},{\"@type\":\"BreadcrumbList\",\"@id\":\"https:\/\/legacy.colt.net\/es\/product\/dc-interconnect\/#breadcrumb\",\"itemListElement\":[{\"@type\":\"ListItem\",\"position\":1,\"name\":\"Home\",\"item\":\"https:\/\/legacy.colt.net\/es\/\"},{\"@type\":\"ListItem\",\"position\":2,\"name\":\"Productos y servicios\",\"item\":\"https:\/\/legacy.colt.net\/es\/product\/\"},{\"@type\":\"ListItem\",\"position\":3,\"name\":\"DC Interconnect\"}]},{\"@type\":\"WebSite\",\"@id\":\"https:\/\/legacy.colt.net\/#website\",\"url\":\"https:\/\/legacy.colt.net\/\",\"name\":\"Colt\u30c6\u30af\u30ce\u30ed\u30b8\u30fc\u30b5\u30fc\u30d3\u30b9\u682a\u5f0f\u4f1a\u793e\",\"description\":\"Managed Network &amp; Voice Services Provider\",\"publisher\":{\"@id\":\"https:\/\/legacy.colt.net\/#organization\"},\"potentialAction\":[{\"@type\":\"SearchAction\",\"target\":{\"@type\":\"EntryPoint\",\"urlTemplate\":\"https:\/\/legacy.colt.net\/?s={search_term_string}\"},\"query-input\":{\"@type\":\"PropertyValueSpecification\",\"valueRequired\":true,\"valueName\":\"search_term_string\"}}],\"inLanguage\":\"es-ES\"},{\"@type\":\"Organization\",\"@id\":\"https:\/\/legacy.colt.net\/#organization\",\"name\":\"Colt Technology Services\",\"url\":\"https:\/\/legacy.colt.net\/\",\"logo\":{\"@type\":\"ImageObject\",\"inLanguage\":\"es-ES\",\"@id\":\"https:\/\/legacy.colt.net\/#\/schema\/logo\/image\/\",\"url\":\"https:\/\/legacy.colt.net\/wp-content\/uploads\/2019\/02\/Colt-Logo.png\",\"contentUrl\":\"https:\/\/legacy.colt.net\/wp-content\/uploads\/2019\/02\/Colt-Logo.png\",\"width\":195,\"height\":77,\"caption\":\"Colt Technology Services\"},\"image\":{\"@id\":\"https:\/\/legacy.colt.net\/#\/schema\/logo\/image\/\"},\"sameAs\":[\"https:\/\/www.facebook.com\/ColtTechnologyServices\/\",\"https:\/\/x.com\/colt_technology\",\"https:\/\/www.instagram.com\/colttechnologyservices\/\",\"https:\/\/www.linkedin.com\/company\/colt-technology-services\",\"https:\/\/www.youtube.com\/user\/ColtTechnology\"]}]}<\/script>\n<!-- \/ Yoast SEO plugin. -->","yoast_head_json":{"title":"DC Interconnect - Colt Technology Services","description":"DC Interconnect Colt Technology Services","robots":{"index":"noindex","follow":"follow","max-snippet":"max-snippet:-1","max-image-preview":"max-image-preview:large","max-video-preview":"max-video-preview:-1"},"og_locale":"es_ES","og_type":"article","og_title":"DC Interconnect - Colt Technology Services","og_description":"DC Interconnect Colt Technology Services","og_url":"https:\/\/legacy.colt.net\/es\/product\/dc-interconnect\/","og_site_name":"Colt Technology Services","article_publisher":"https:\/\/www.facebook.com\/ColtTechnologyServices\/","article_modified_time":"2022-03-24T09:02:54+00:00","og_image":[{"url":"https:\/\/i.ytimg.com\/vi\/brzARy3Wlgg\/maxresdefault.jpg","type":"","width":"","height":""}],"twitter_card":"summary_large_image","twitter_site":"@colt_technology","twitter_misc":{"Est. reading time":"3 minutes"},"schema":{"@context":"https:\/\/schema.org","@graph":[{"@type":"WebPage","@id":"https:\/\/legacy.colt.net\/es\/product\/dc-interconnect\/","url":"https:\/\/legacy.colt.net\/es\/product\/dc-interconnect\/","name":"DC Interconnect - Colt Technology Services","isPartOf":{"@id":"https:\/\/legacy.colt.net\/#website"},"primaryImageOfPage":{"@id":"https:\/\/legacy.colt.net\/es\/product\/dc-interconnect\/#primaryimage"},"image":{"@id":"https:\/\/legacy.colt.net\/es\/product\/dc-interconnect\/#primaryimage"},"thumbnailUrl":"https:\/\/i.ytimg.com\/vi\/brzARy3Wlgg\/maxresdefault.jpg","datePublished":"2019-12-16T11:32:54+00:00","dateModified":"2022-03-24T09:02:54+00:00","description":"DC Interconnect Colt Technology Services","breadcrumb":{"@id":"https:\/\/legacy.colt.net\/es\/product\/dc-interconnect\/#breadcrumb"},"inLanguage":"es-ES","potentialAction":[{"@type":"ReadAction","target":["https:\/\/legacy.colt.net\/es\/product\/dc-interconnect\/"]}]},{"@type":"ImageObject","inLanguage":"es-ES","@id":"https:\/\/legacy.colt.net\/es\/product\/dc-interconnect\/#primaryimage","url":"https:\/\/i.ytimg.com\/vi\/brzARy3Wlgg\/maxresdefault.jpg","contentUrl":"https:\/\/i.ytimg.com\/vi\/brzARy3Wlgg\/maxresdefault.jpg"},{"@type":"BreadcrumbList","@id":"https:\/\/legacy.colt.net\/es\/product\/dc-interconnect\/#breadcrumb","itemListElement":[{"@type":"ListItem","position":1,"name":"Home","item":"https:\/\/legacy.colt.net\/es\/"},{"@type":"ListItem","position":2,"name":"Productos y servicios","item":"https:\/\/legacy.colt.net\/es\/product\/"},{"@type":"ListItem","position":3,"name":"DC Interconnect"}]},{"@type":"WebSite","@id":"https:\/\/legacy.colt.net\/#website","url":"https:\/\/legacy.colt.net\/","name":"Colt\u30c6\u30af\u30ce\u30ed\u30b8\u30fc\u30b5\u30fc\u30d3\u30b9\u682a\u5f0f\u4f1a\u793e","description":"Managed Network &amp; Voice Services Provider","publisher":{"@id":"https:\/\/legacy.colt.net\/#organization"},"potentialAction":[{"@type":"SearchAction","target":{"@type":"EntryPoint","urlTemplate":"https:\/\/legacy.colt.net\/?s={search_term_string}"},"query-input":{"@type":"PropertyValueSpecification","valueRequired":true,"valueName":"search_term_string"}}],"inLanguage":"es-ES"},{"@type":"Organization","@id":"https:\/\/legacy.colt.net\/#organization","name":"Colt Technology Services","url":"https:\/\/legacy.colt.net\/","logo":{"@type":"ImageObject","inLanguage":"es-ES","@id":"https:\/\/legacy.colt.net\/#\/schema\/logo\/image\/","url":"https:\/\/legacy.colt.net\/wp-content\/uploads\/2019\/02\/Colt-Logo.png","contentUrl":"https:\/\/legacy.colt.net\/wp-content\/uploads\/2019\/02\/Colt-Logo.png","width":195,"height":77,"caption":"Colt Technology Services"},"image":{"@id":"https:\/\/legacy.colt.net\/#\/schema\/logo\/image\/"},"sameAs":["https:\/\/www.facebook.com\/ColtTechnologyServices\/","https:\/\/x.com\/colt_technology","https:\/\/www.instagram.com\/colttechnologyservices\/","https:\/\/www.linkedin.com\/company\/colt-technology-services","https:\/\/www.youtube.com\/user\/ColtTechnology"]}]}},"_links":{"self":[{"href":"https:\/\/legacy.colt.net\/es\/wp-json\/wp\/v2\/pages\/67063","targetHints":{"allow":["GET"]}}],"collection":[{"href":"https:\/\/legacy.colt.net\/es\/wp-json\/wp\/v2\/pages"}],"about":[{"href":"https:\/\/legacy.colt.net\/es\/wp-json\/wp\/v2\/types\/page"}],"author":[{"embeddable":true,"href":"https:\/\/legacy.colt.net\/es\/wp-json\/wp\/v2\/users\/2"}],"replies":[{"embeddable":true,"href":"https:\/\/legacy.colt.net\/es\/wp-json\/wp\/v2\/comments?post=67063"}],"version-history":[{"count":0,"href":"https:\/\/legacy.colt.net\/es\/wp-json\/wp\/v2\/pages\/67063\/revisions"}],"up":[{"embeddable":true,"href":"https:\/\/legacy.colt.net\/es\/wp-json\/wp\/v2\/pages\/35905"}],"wp:attachment":[{"href":"https:\/\/legacy.colt.net\/es\/wp-json\/wp\/v2\/media?parent=67063"}],"wp:term":[{"taxonomy":"colt_type","embeddable":true,"href":"https:\/\/legacy.colt.net\/es\/wp-json\/wp\/v2\/colt_type?post=67063"},{"taxonomy":"colt_products","embeddable":true,"href":"https:\/\/legacy.colt.net\/es\/wp-json\/wp\/v2\/colt_products?post=67063"}],"curies":[{"name":"wp","href":"https:\/\/api.w.org\/{rel}","templated":true}]}}