{"id":65769,"date":"2019-12-11T12:08:27","date_gmt":"2019-12-11T12:08:27","guid":{"rendered":"https:\/\/www.colt.net\/?page_id=65769"},"modified":"2021-03-01T17:14:40","modified_gmt":"2021-03-01T17:14:40","slug":"on-demand","status":"publish","type":"page","link":"https:\/\/legacy.colt.net\/es\/solutions\/on-demand\/","title":{"rendered":"On Demand Network Solutions"},"content":{"rendered":"\r\n<h1>Conectividad definida por software y en tiempo real<\/h1>\r\n<nav class=\"breadcrumb\"><span><span><a href=\"https:\/\/legacy.colt.net\/es\/\">Home<\/a><\/span><\/span><\/nav>\r\n<p><a role=\"button\" href=\"https:\/\/legacy.colt.net\/es\/contact-us\/\" target=\"_blank\" rel=\"noopener noreferrer\"> Cont\u00e1ctanos <\/a> <a role=\"button\" href=\"#hs-chat-open\" target=\"_self\" rel=\"noopener noreferrer\"> Chat en vivo <\/a> <a role=\"button\" href=\"https:\/\/legacy.colt.net\/es\/contact-us\/\" target=\"_blank\" rel=\"noopener noreferrer\"> Cont\u00e1ctanos <\/a> <a role=\"button\" href=\"https:\/\/legacy.colt.net\/wp-content\/uploads\/2019\/03\/On-Demand-ES.pdf\" target=\"_blank\" rel=\"noopener noreferrer\"> On Demand ficha t\u00e9cnica <\/a><\/p>\r\n<h2>Logre un control en tiempo real y adaptable de su conectividad de red<\/h2>\r\n<p>La computaci\u00f3n en la nube se est\u00e1 convirtiendo r\u00e1pidamente en una parte significativa de su estrategia global de TI para obtener beneficios conocidos: flexibilidad, adaptabilidad y rentabilidad. Sin embargo, su TI es tan buena como la calidad de sus conexiones, y usted sabe que redise\u00f1ar redes es un proceso lento, costoso y complejo. Pero Colt ha cambiado eso. Con los servicios bajo demanda de Colt, le concedemos control sobre su red y le permitimos suministrar las conexiones que necesita en tiempo real.<\/p>\r\n<p>Colt es el primer operador en Europa en revolucionar los servicios de red actuales a esta escala. Esta innovaci\u00f3n se hace ahora posible gracias al uso de tecnolog\u00edas SDN (redes definidas por software) y NFV (virtualizaciones de funciones de red).<\/p>\r\n<h2>Ventajas de un vistazo<\/h2>\r\n<p>Los servicios bajo demanda de Colt representan un aut\u00e9ntico avance para las empresas que necesitan soluciones totalmente flexibles de conectividad entre centros de datos, proveedores de servicios en la nube y edificios empresariales.<\/p>\r\n<h5>Obtenga el control de su red con nuestro portal de autoservicio con m\u00faltiples funciones<\/h5>\r\n<h5>Benef\u00edciese de una prestaci\u00f3n de servicios en tiempo real y diga adi\u00f3s a los largos plazos de entrega<\/h5>\r\n<h5>Elija entre contratos fijos a largo plazo o facturaci\u00f3n por hora sin compromiso<\/h5>\r\n<h5>Con\u00e9ctese a la nube con una oferta de red a la altura de la experiencia en la nube<\/h5>\r\n<h2>Una conectividad simple, pero potente<\/h2>\r\n<p>Como su proveedor de red bajo demanda, aportamos valor a muchos casos de uso, entre otros: continuidad comercial rentable, conectividad \u00e1gil para necesidades urgentes y temporales, gesti\u00f3n del crecimiento del ancho de banda y mejora de la experiencia del usuario final en la nube.<\/p>\r\n<p>Vea c\u00f3mo usar nuestro portal en nuestro breve v\u00eddeo de demostraci\u00f3n a la derecha.<\/p>\r\n<p><img decoding=\"async\" src=\"https:\/\/i.ytimg.com\/vi\/brzARy3Wlgg\/maxresdefault.jpg\" \/><\/p>\r\n<h2>Soluciones Colt<\/h2>\r\n<p>Colt dispone de varias soluciones bajo demanda para conectar sus servicios de TI de manera m\u00e1s f\u00e1cil y r\u00e1pida, incluso si estos se encuentran en distintas ciudades o pa\u00edses.<\/p>\r\n<p>Nuestro servicio le ofrece conexiones Ethernet adaptables, de alto rendimiento y dedicadas entre cualesquiera de sus establecimientos: centros de datos, edificios empresariales o puntos de acceso a proveedores de nube p\u00fablica como Amazon Web Services, Google Cloud, IBM Cloud, Oracle Cloud o Microsoft Azure.<\/p>\r\n<p>En consecuencia, todos sus servicios de TI, ya sean o no cr\u00edticos para la empresa, pueden trabajar juntos sin fisuras y entrar en funcionamiento en cuesti\u00f3n de minutos.<\/p>\r\n<p><img loading=\"lazy\" decoding=\"async\" title=\"On Demand - website\" src=\"https:\/\/legacy.colt.net\/wp-content\/uploads\/2019\/12\/On-Demand-website.png\" alt=\"On Demand - website\" width=\"1291\" height=\"818\" \/><\/p>\r\n<h2>Modifique su red bajo demanda en cuatro pasos:<\/h2>\r\n<p>Inicie sesi\u00f3n en nuestro portal On Demand con su identificador \u00fanico y seguro<\/p>\r\n<p>Reserve y libere sus puertos de red a\u00f1adiendo sus ubicaciones a nuestra base de datos<\/p>\r\n<p>Cree una conexi\u00f3n entre sus nuevos puertos a trav\u00e9s de Ethernet directo o en la nube<\/p>\r\n<p>Modifique, programe y adapte su ancho de banda y sus compromisos en tiempo real<\/p>\r\n<h2>Caracter\u00edsticas del servicio<\/h2>\r\n<h2>Explore las asociaciones de Colt con los principales proveedores de servicios en la nube del mundo:<\/h2>\r\n<p><a href=\"https:\/\/legacy.colt.net\/es\/product\/direct-connect\/google\/\" target=\"_blank\" rel=\"noopener noreferrer\"> <img loading=\"lazy\" decoding=\"async\" title=\"Google Cloud\" src=\"https:\/\/legacy.colt.net\/wp-content\/uploads\/2019\/03\/Google-Cloud.png\" alt=\"Google Cloud\" width=\"540\" height=\"251\" \/> <\/a> <a href=\"https:\/\/legacy.colt.net\/es\/product\/direct-connect\/azure\/\" target=\"_blank\" rel=\"noopener noreferrer\"> <img loading=\"lazy\" decoding=\"async\" title=\"Microsoft Azure\" src=\"https:\/\/legacy.colt.net\/wp-content\/uploads\/2019\/03\/Microsoft-Azure.png\" alt=\"Microsoft Azure\" width=\"720\" height=\"260\" \/> <\/a> <a href=\"https:\/\/legacy.colt.net\/es\/product\/direct-connect\/aws\/\" target=\"_blank\" rel=\"noopener noreferrer\"> <img loading=\"lazy\" decoding=\"async\" title=\"Amazon Web Services\" src=\"https:\/\/legacy.colt.net\/wp-content\/uploads\/2019\/03\/Amazon-Web-Services.png\" alt=\"Amazon-Web-Services\" width=\"720\" height=\"260\" \/> <\/a> <a href=\"https:\/\/legacy.colt.net\/es\/product\/direct-connect\/ibm\/\" target=\"_blank\" rel=\"noopener noreferrer\"> <img loading=\"lazy\" decoding=\"async\" title=\"IBM Cloud\" src=\"https:\/\/legacy.colt.net\/wp-content\/uploads\/2019\/03\/IBM-Cloud.png\" alt=\"IBM Cloud\" width=\"1200\" height=\"600\" \/> <\/a> <a href=\"https:\/\/legacy.colt.net\/es\/product\/direct-connect\/oracle\/\" target=\"_blank\" rel=\"noopener noreferrer\"> <img loading=\"lazy\" decoding=\"async\" title=\"Oracle-Cloud-rgb-400x189\" src=\"https:\/\/legacy.colt.net\/wp-content\/uploads\/2019\/04\/Oracle-Cloud-rgb-400x189.png\" alt=\"Oracle-Cloud-rgb-400x189\" width=\"400\" height=\"189\" \/> <\/a><\/p>\r\n<h1>Comprobador de disponibilidad de fibra<\/h1>\r\n<p><a role=\"button\" href=\"https:\/\/legacy.colt.net\/es\/colt-network-map\/\" target=\"_self\" rel=\"noopener noreferrer\"> Comprobar mi conectividad <\/a><\/p>\r\n","protected":false},"excerpt":{"rendered":"<p>Conectividad definida por software y en tiempo real Cont\u00e1ctanos Chat en vivo Cont\u00e1ctanos On Demand ficha t\u00e9cnica Logre un control en tiempo real y adaptable de su conectividad de red La computaci\u00f3n en la nube se est\u00e1 convirtiendo r\u00e1pidamente en una parte significativa de su estrategia global de TI para obtener beneficios conocidos: flexibilidad, adaptabilidad&#8230;<\/p>\n","protected":false},"author":2,"featured_media":0,"parent":157975,"menu_order":0,"comment_status":"closed","ping_status":"closed","template":"","meta":{"_acf_changed":false,"footnotes":""},"colt_type":[],"colt_products":[],"class_list":["post-65769","page","type-page","status-publish","hentry"],"acf":[],"yoast_head":"<!-- This site is optimized with the Yoast SEO plugin v26.8 - https:\/\/yoast.com\/product\/yoast-seo-wordpress\/ -->\n<title>On Demand Network Solutions - Colt Technology Services<\/title>\n<meta name=\"description\" content=\"On Demand Network Solutions Colt Technology Services\" \/>\n<meta name=\"robots\" content=\"noindex, follow, max-snippet:-1, max-image-preview:large, max-video-preview:-1\" \/>\n<meta property=\"og:locale\" content=\"es_ES\" \/>\n<meta property=\"og:type\" content=\"article\" \/>\n<meta property=\"og:title\" content=\"On Demand Network Solutions - Colt Technology Services\" \/>\n<meta property=\"og:description\" content=\"On Demand Network Solutions Colt Technology Services\" \/>\n<meta property=\"og:url\" content=\"https:\/\/legacy.colt.net\/es\/solutions\/on-demand\/\" \/>\n<meta property=\"og:site_name\" content=\"Colt Technology Services\" \/>\n<meta property=\"article:publisher\" content=\"https:\/\/www.facebook.com\/ColtTechnologyServices\/\" \/>\n<meta property=\"article:modified_time\" content=\"2021-03-01T17:14:40+00:00\" \/>\n<meta property=\"og:image\" content=\"https:\/\/legacy.colt.net\/wp-content\/uploads\/2021\/01\/Brand-2021-Stock-18.jpg\" \/>\n\t<meta property=\"og:image:width\" content=\"1000\" \/>\n\t<meta property=\"og:image:height\" content=\"750\" \/>\n\t<meta property=\"og:image:type\" content=\"image\/jpeg\" \/>\n<meta name=\"twitter:card\" content=\"summary_large_image\" \/>\n<meta name=\"twitter:site\" content=\"@colt_technology\" \/>\n<meta name=\"twitter:label1\" content=\"Est. reading time\" \/>\n\t<meta name=\"twitter:data1\" content=\"3 minutes\" \/>\n<script type=\"application\/ld+json\" class=\"yoast-schema-graph\">{\"@context\":\"https:\/\/schema.org\",\"@graph\":[{\"@type\":\"WebPage\",\"@id\":\"https:\/\/legacy.colt.net\/es\/solutions\/on-demand\/\",\"url\":\"https:\/\/legacy.colt.net\/es\/solutions\/on-demand\/\",\"name\":\"On Demand Network Solutions - Colt Technology Services\",\"isPartOf\":{\"@id\":\"https:\/\/legacy.colt.net\/#website\"},\"primaryImageOfPage\":{\"@id\":\"https:\/\/legacy.colt.net\/es\/solutions\/on-demand\/#primaryimage\"},\"image\":{\"@id\":\"https:\/\/legacy.colt.net\/es\/solutions\/on-demand\/#primaryimage\"},\"thumbnailUrl\":\"https:\/\/i.ytimg.com\/vi\/brzARy3Wlgg\/maxresdefault.jpg\",\"datePublished\":\"2019-12-11T12:08:27+00:00\",\"dateModified\":\"2021-03-01T17:14:40+00:00\",\"description\":\"On Demand Network Solutions Colt Technology Services\",\"breadcrumb\":{\"@id\":\"https:\/\/legacy.colt.net\/es\/solutions\/on-demand\/#breadcrumb\"},\"inLanguage\":\"es-ES\",\"potentialAction\":[{\"@type\":\"ReadAction\",\"target\":[\"https:\/\/legacy.colt.net\/es\/solutions\/on-demand\/\"]}]},{\"@type\":\"ImageObject\",\"inLanguage\":\"es-ES\",\"@id\":\"https:\/\/legacy.colt.net\/es\/solutions\/on-demand\/#primaryimage\",\"url\":\"https:\/\/i.ytimg.com\/vi\/brzARy3Wlgg\/maxresdefault.jpg\",\"contentUrl\":\"https:\/\/i.ytimg.com\/vi\/brzARy3Wlgg\/maxresdefault.jpg\"},{\"@type\":\"BreadcrumbList\",\"@id\":\"https:\/\/legacy.colt.net\/es\/solutions\/on-demand\/#breadcrumb\",\"itemListElement\":[{\"@type\":\"ListItem\",\"position\":1,\"name\":\"Home\",\"item\":\"https:\/\/legacy.colt.net\/es\/\"},{\"@type\":\"ListItem\",\"position\":2,\"name\":\"Pressure off. Power on.\",\"item\":\"https:\/\/legacy.colt.net\/es\/solutions\/\"},{\"@type\":\"ListItem\",\"position\":3,\"name\":\"On Demand Network Solutions\"}]},{\"@type\":\"WebSite\",\"@id\":\"https:\/\/legacy.colt.net\/#website\",\"url\":\"https:\/\/legacy.colt.net\/\",\"name\":\"Colt\u30c6\u30af\u30ce\u30ed\u30b8\u30fc\u30b5\u30fc\u30d3\u30b9\u682a\u5f0f\u4f1a\u793e\",\"description\":\"Managed Network &amp; Voice Services Provider\",\"publisher\":{\"@id\":\"https:\/\/legacy.colt.net\/#organization\"},\"potentialAction\":[{\"@type\":\"SearchAction\",\"target\":{\"@type\":\"EntryPoint\",\"urlTemplate\":\"https:\/\/legacy.colt.net\/?s={search_term_string}\"},\"query-input\":{\"@type\":\"PropertyValueSpecification\",\"valueRequired\":true,\"valueName\":\"search_term_string\"}}],\"inLanguage\":\"es-ES\"},{\"@type\":\"Organization\",\"@id\":\"https:\/\/legacy.colt.net\/#organization\",\"name\":\"Colt Technology Services\",\"url\":\"https:\/\/legacy.colt.net\/\",\"logo\":{\"@type\":\"ImageObject\",\"inLanguage\":\"es-ES\",\"@id\":\"https:\/\/legacy.colt.net\/#\/schema\/logo\/image\/\",\"url\":\"https:\/\/legacy.colt.net\/wp-content\/uploads\/2019\/02\/Colt-Logo.png\",\"contentUrl\":\"https:\/\/legacy.colt.net\/wp-content\/uploads\/2019\/02\/Colt-Logo.png\",\"width\":195,\"height\":77,\"caption\":\"Colt Technology Services\"},\"image\":{\"@id\":\"https:\/\/legacy.colt.net\/#\/schema\/logo\/image\/\"},\"sameAs\":[\"https:\/\/www.facebook.com\/ColtTechnologyServices\/\",\"https:\/\/x.com\/colt_technology\",\"https:\/\/www.instagram.com\/colttechnologyservices\/\",\"https:\/\/www.linkedin.com\/company\/colt-technology-services\",\"https:\/\/www.youtube.com\/user\/ColtTechnology\"]}]}<\/script>\n<!-- \/ Yoast SEO plugin. -->","yoast_head_json":{"title":"On Demand Network Solutions - Colt Technology Services","description":"On Demand Network Solutions Colt Technology Services","robots":{"index":"noindex","follow":"follow","max-snippet":"max-snippet:-1","max-image-preview":"max-image-preview:large","max-video-preview":"max-video-preview:-1"},"og_locale":"es_ES","og_type":"article","og_title":"On Demand Network Solutions - Colt Technology Services","og_description":"On Demand Network Solutions Colt Technology Services","og_url":"https:\/\/legacy.colt.net\/es\/solutions\/on-demand\/","og_site_name":"Colt Technology Services","article_publisher":"https:\/\/www.facebook.com\/ColtTechnologyServices\/","article_modified_time":"2021-03-01T17:14:40+00:00","og_image":[{"width":1000,"height":750,"url":"https:\/\/legacy.colt.net\/wp-content\/uploads\/2021\/01\/Brand-2021-Stock-18.jpg","type":"image\/jpeg"}],"twitter_card":"summary_large_image","twitter_site":"@colt_technology","twitter_misc":{"Est. reading time":"3 minutes"},"schema":{"@context":"https:\/\/schema.org","@graph":[{"@type":"WebPage","@id":"https:\/\/legacy.colt.net\/es\/solutions\/on-demand\/","url":"https:\/\/legacy.colt.net\/es\/solutions\/on-demand\/","name":"On Demand Network Solutions - Colt Technology Services","isPartOf":{"@id":"https:\/\/legacy.colt.net\/#website"},"primaryImageOfPage":{"@id":"https:\/\/legacy.colt.net\/es\/solutions\/on-demand\/#primaryimage"},"image":{"@id":"https:\/\/legacy.colt.net\/es\/solutions\/on-demand\/#primaryimage"},"thumbnailUrl":"https:\/\/i.ytimg.com\/vi\/brzARy3Wlgg\/maxresdefault.jpg","datePublished":"2019-12-11T12:08:27+00:00","dateModified":"2021-03-01T17:14:40+00:00","description":"On Demand Network Solutions Colt Technology Services","breadcrumb":{"@id":"https:\/\/legacy.colt.net\/es\/solutions\/on-demand\/#breadcrumb"},"inLanguage":"es-ES","potentialAction":[{"@type":"ReadAction","target":["https:\/\/legacy.colt.net\/es\/solutions\/on-demand\/"]}]},{"@type":"ImageObject","inLanguage":"es-ES","@id":"https:\/\/legacy.colt.net\/es\/solutions\/on-demand\/#primaryimage","url":"https:\/\/i.ytimg.com\/vi\/brzARy3Wlgg\/maxresdefault.jpg","contentUrl":"https:\/\/i.ytimg.com\/vi\/brzARy3Wlgg\/maxresdefault.jpg"},{"@type":"BreadcrumbList","@id":"https:\/\/legacy.colt.net\/es\/solutions\/on-demand\/#breadcrumb","itemListElement":[{"@type":"ListItem","position":1,"name":"Home","item":"https:\/\/legacy.colt.net\/es\/"},{"@type":"ListItem","position":2,"name":"Pressure off. Power on.","item":"https:\/\/legacy.colt.net\/es\/solutions\/"},{"@type":"ListItem","position":3,"name":"On Demand Network Solutions"}]},{"@type":"WebSite","@id":"https:\/\/legacy.colt.net\/#website","url":"https:\/\/legacy.colt.net\/","name":"Colt\u30c6\u30af\u30ce\u30ed\u30b8\u30fc\u30b5\u30fc\u30d3\u30b9\u682a\u5f0f\u4f1a\u793e","description":"Managed Network &amp; Voice Services Provider","publisher":{"@id":"https:\/\/legacy.colt.net\/#organization"},"potentialAction":[{"@type":"SearchAction","target":{"@type":"EntryPoint","urlTemplate":"https:\/\/legacy.colt.net\/?s={search_term_string}"},"query-input":{"@type":"PropertyValueSpecification","valueRequired":true,"valueName":"search_term_string"}}],"inLanguage":"es-ES"},{"@type":"Organization","@id":"https:\/\/legacy.colt.net\/#organization","name":"Colt Technology Services","url":"https:\/\/legacy.colt.net\/","logo":{"@type":"ImageObject","inLanguage":"es-ES","@id":"https:\/\/legacy.colt.net\/#\/schema\/logo\/image\/","url":"https:\/\/legacy.colt.net\/wp-content\/uploads\/2019\/02\/Colt-Logo.png","contentUrl":"https:\/\/legacy.colt.net\/wp-content\/uploads\/2019\/02\/Colt-Logo.png","width":195,"height":77,"caption":"Colt Technology Services"},"image":{"@id":"https:\/\/legacy.colt.net\/#\/schema\/logo\/image\/"},"sameAs":["https:\/\/www.facebook.com\/ColtTechnologyServices\/","https:\/\/x.com\/colt_technology","https:\/\/www.instagram.com\/colttechnologyservices\/","https:\/\/www.linkedin.com\/company\/colt-technology-services","https:\/\/www.youtube.com\/user\/ColtTechnology"]}]}},"_links":{"self":[{"href":"https:\/\/legacy.colt.net\/es\/wp-json\/wp\/v2\/pages\/65769","targetHints":{"allow":["GET"]}}],"collection":[{"href":"https:\/\/legacy.colt.net\/es\/wp-json\/wp\/v2\/pages"}],"about":[{"href":"https:\/\/legacy.colt.net\/es\/wp-json\/wp\/v2\/types\/page"}],"author":[{"embeddable":true,"href":"https:\/\/legacy.colt.net\/es\/wp-json\/wp\/v2\/users\/2"}],"replies":[{"embeddable":true,"href":"https:\/\/legacy.colt.net\/es\/wp-json\/wp\/v2\/comments?post=65769"}],"version-history":[{"count":0,"href":"https:\/\/legacy.colt.net\/es\/wp-json\/wp\/v2\/pages\/65769\/revisions"}],"up":[{"embeddable":true,"href":"https:\/\/legacy.colt.net\/es\/wp-json\/wp\/v2\/pages\/157975"}],"wp:attachment":[{"href":"https:\/\/legacy.colt.net\/es\/wp-json\/wp\/v2\/media?parent=65769"}],"wp:term":[{"taxonomy":"colt_type","embeddable":true,"href":"https:\/\/legacy.colt.net\/es\/wp-json\/wp\/v2\/colt_type?post=65769"},{"taxonomy":"colt_products","embeddable":true,"href":"https:\/\/legacy.colt.net\/es\/wp-json\/wp\/v2\/colt_products?post=65769"}],"curies":[{"name":"wp","href":"https:\/\/api.w.org\/{rel}","templated":true}]}}