{"id":64864,"date":"2019-10-28T12:37:14","date_gmt":"2019-10-28T12:37:14","guid":{"rendered":"https:\/\/www.colt.net\/?page_id=64864"},"modified":"2020-10-14T16:28:09","modified_gmt":"2020-10-14T15:28:09","slug":"connectivity-matters-for-sap-migration","status":"publish","type":"page","link":"https:\/\/legacy.colt.net\/es\/connectivity-matters-for-sap-migration\/","title":{"rendered":"Tu check list de conectividad para la migraci\u00f3n de SAP"},"content":{"rendered":"\n\t\t\t\t<img decoding=\"async\" src=\"https:\/\/legacy.colt.net\/wp-content\/uploads\/2019\/10\/Tick.png\" alt=\"Tick\" itemprop=\"image\" title=\"Tick\" onerror=\"this.style.display='none'\"  \/>\n<h1>\n\t\tTu check list de conectividad para la migraci\u00f3n de SAP\n\t<\/h1>\n\t<p><strong>La tendencia creciente de las empresas hacia desplazar cargas de trabajo a la nube no es algo nuevo, pero para los clientes SAP hay una fecha l\u00edmite a la vista que podr\u00eda acelerar su decisi\u00f3n de migrar los sistemas Enterprise Resource Planning (ERP) desde los centros a la nube.<\/strong><\/p>\n<p>Seg\u00fan Cisco, para 2021 un 94% de las cargas de trabajo y procesos inform\u00e1ticos ser\u00e1n procesados por data centres en nube. Para los clientes SAP, con una \u00abfecha r\u00edgida\u00bb en 2025 para el soporte de su actual entorno de base de datos en los centros, esto significa que deber\u00e1n sustituirlos por la versi\u00f3n para centros de S\/4HANA o adoptar la versi\u00f3n de nube.<\/p>\n<p>Un estudio realizado sobre 300 clientes SAP concluy\u00f3 que el 54% de los clientes SAP est\u00e1n considerando la implantaci\u00f3n de SAP S\/4HANA en un plazo de tres a\u00f1os. Asimismo concluy\u00f3 que los modelos de implantaci\u00f3n para clientes SAP han pasado desde el modelo local en centros a la nube, ya que un 72% de los encuestados est\u00e1 migrando a la nube.<\/p>\n<p>Con la migraci\u00f3n a nube, los clientes SAP pueden beneficiarse de la flexibilidad, escalabilidad, productividad y funcionalidades avanzadas que esta ofrece, reduciendo as\u00ed la necesidad de unos costosos equipos instalados en el centro. Pero la migraci\u00f3n a la nube no se deber\u00eda tomar a la ligera y las empresas son comprensiblemente cautelosas a la hora de desplazar los sistemas empresariales clave.<\/p>\n<p>En lugar de comprar capacidad de red por exceso o intentar forzar la migraci\u00f3n sobre los par\u00e1metros de red existentes, una conectividad segura, bajo demanda y de baja latencia puede ayudar a suavizar el proceso y deber\u00eda ser un componente crucial de cualquier migraci\u00f3n SAP. Con tantas cosas a considerar, es f\u00e1cil poner la conectividad al final de la lista o asumir que esta ser\u00e1 sencilla de resolver al final, pero este modelo puede poner toda la migraci\u00f3n en riesgo. Por este motivo, hemos recopilado esta lista de verificaci\u00f3n de conectividad para la migraci\u00f3n SAP, para ayudar a que tu viaje a la nube sea lo m\u00e1s fluido posible.<\/p>\n\t<p><strong>Descarga tu check list de conectividad<\/strong><\/p>\n\t<p>[hubspot type=form portal=344164 id=135f3c0b-dcf3-4575-99d1-c5014ce7eab1]<\/p>\n","protected":false},"excerpt":{"rendered":"<p>Tu check list de conectividad para la migraci\u00f3n de SAP La tendencia creciente de las empresas hacia desplazar cargas de trabajo a la nube no es algo nuevo, pero para los clientes SAP hay una fecha l\u00edmite a la vista que podr\u00eda acelerar su decisi\u00f3n de migrar los sistemas Enterprise Resource Planning (ERP) desde los&#8230;<\/p>\n","protected":false},"author":143,"featured_media":0,"parent":0,"menu_order":0,"comment_status":"closed","ping_status":"closed","template":"","meta":{"_acf_changed":false,"footnotes":""},"colt_type":[],"colt_products":[],"class_list":["post-64864","page","type-page","status-publish","hentry"],"acf":[],"yoast_head":"<!-- This site is optimized with the Yoast SEO plugin v26.8 - https:\/\/yoast.com\/product\/yoast-seo-wordpress\/ -->\n<title>Tu check list de conectividad para la migraci\u00f3n de SAP - Colt<\/title>\n<meta name=\"description\" content=\"La tendencia creciente de las empresas hacia desplazar cargas de trabajo a la nube no es algo nuevo, pero para los clientes SAP hay una fecha l\u00edmite\" \/>\n<meta name=\"robots\" content=\"noindex, follow, max-snippet:-1, max-image-preview:large, max-video-preview:-1\" \/>\n<meta property=\"og:locale\" content=\"es_ES\" \/>\n<meta property=\"og:type\" content=\"article\" \/>\n<meta property=\"og:title\" content=\"Tu check list de conectividad para la migraci\u00f3n de SAP - Colt\" \/>\n<meta property=\"og:description\" content=\"La tendencia creciente de las empresas hacia desplazar cargas de trabajo a la nube no es algo nuevo, pero para los clientes SAP hay una fecha l\u00edmite\" \/>\n<meta property=\"og:url\" content=\"https:\/\/legacy.colt.net\/es\/connectivity-matters-for-sap-migration\/\" \/>\n<meta property=\"og:site_name\" content=\"Colt Technology Services\" \/>\n<meta property=\"article:publisher\" content=\"https:\/\/www.facebook.com\/ColtTechnologyServices\/\" \/>\n<meta property=\"article:modified_time\" content=\"2020-10-14T15:28:09+00:00\" \/>\n<meta property=\"og:image\" content=\"https:\/\/legacy.colt.net\/wp-content\/uploads\/2021\/01\/Brand-2021-Stock-11.jpg\" \/>\n\t<meta property=\"og:image:width\" content=\"1000\" \/>\n\t<meta property=\"og:image:height\" content=\"667\" \/>\n\t<meta property=\"og:image:type\" content=\"image\/jpeg\" \/>\n<meta name=\"twitter:card\" content=\"summary_large_image\" \/>\n<meta name=\"twitter:site\" content=\"@colt_technology\" \/>\n<meta name=\"twitter:label1\" content=\"Est. reading time\" \/>\n\t<meta name=\"twitter:data1\" content=\"2 minutes\" \/>\n<script type=\"application\/ld+json\" class=\"yoast-schema-graph\">{\"@context\":\"https:\/\/schema.org\",\"@graph\":[{\"@type\":\"WebPage\",\"@id\":\"https:\/\/legacy.colt.net\/es\/connectivity-matters-for-sap-migration\/\",\"url\":\"https:\/\/legacy.colt.net\/es\/connectivity-matters-for-sap-migration\/\",\"name\":\"Tu check list de conectividad para la migraci\u00f3n de SAP - Colt\",\"isPartOf\":{\"@id\":\"https:\/\/legacy.colt.net\/#website\"},\"primaryImageOfPage\":{\"@id\":\"https:\/\/legacy.colt.net\/es\/connectivity-matters-for-sap-migration\/#primaryimage\"},\"image\":{\"@id\":\"https:\/\/legacy.colt.net\/es\/connectivity-matters-for-sap-migration\/#primaryimage\"},\"thumbnailUrl\":\"https:\/\/legacy.colt.net\/wp-content\/uploads\/2019\/10\/Tick.png\",\"datePublished\":\"2019-10-28T12:37:14+00:00\",\"dateModified\":\"2020-10-14T15:28:09+00:00\",\"description\":\"La tendencia creciente de las empresas hacia desplazar cargas de trabajo a la nube no es algo nuevo, pero para los clientes SAP hay una fecha l\u00edmite\",\"breadcrumb\":{\"@id\":\"https:\/\/legacy.colt.net\/es\/connectivity-matters-for-sap-migration\/#breadcrumb\"},\"inLanguage\":\"es-ES\",\"potentialAction\":[{\"@type\":\"ReadAction\",\"target\":[\"https:\/\/legacy.colt.net\/es\/connectivity-matters-for-sap-migration\/\"]}]},{\"@type\":\"ImageObject\",\"inLanguage\":\"es-ES\",\"@id\":\"https:\/\/legacy.colt.net\/es\/connectivity-matters-for-sap-migration\/#primaryimage\",\"url\":\"https:\/\/legacy.colt.net\/wp-content\/uploads\/2019\/10\/Tick.png\",\"contentUrl\":\"https:\/\/legacy.colt.net\/wp-content\/uploads\/2019\/10\/Tick.png\"},{\"@type\":\"BreadcrumbList\",\"@id\":\"https:\/\/legacy.colt.net\/es\/connectivity-matters-for-sap-migration\/#breadcrumb\",\"itemListElement\":[{\"@type\":\"ListItem\",\"position\":1,\"name\":\"Home\",\"item\":\"https:\/\/legacy.colt.net\/es\/\"},{\"@type\":\"ListItem\",\"position\":2,\"name\":\"Tu check list de conectividad para la migraci\u00f3n de SAP\"}]},{\"@type\":\"WebSite\",\"@id\":\"https:\/\/legacy.colt.net\/#website\",\"url\":\"https:\/\/legacy.colt.net\/\",\"name\":\"Colt\u30c6\u30af\u30ce\u30ed\u30b8\u30fc\u30b5\u30fc\u30d3\u30b9\u682a\u5f0f\u4f1a\u793e\",\"description\":\"Managed Network &amp; Voice Services Provider\",\"publisher\":{\"@id\":\"https:\/\/legacy.colt.net\/#organization\"},\"potentialAction\":[{\"@type\":\"SearchAction\",\"target\":{\"@type\":\"EntryPoint\",\"urlTemplate\":\"https:\/\/legacy.colt.net\/?s={search_term_string}\"},\"query-input\":{\"@type\":\"PropertyValueSpecification\",\"valueRequired\":true,\"valueName\":\"search_term_string\"}}],\"inLanguage\":\"es-ES\"},{\"@type\":\"Organization\",\"@id\":\"https:\/\/legacy.colt.net\/#organization\",\"name\":\"Colt Technology Services\",\"url\":\"https:\/\/legacy.colt.net\/\",\"logo\":{\"@type\":\"ImageObject\",\"inLanguage\":\"es-ES\",\"@id\":\"https:\/\/legacy.colt.net\/#\/schema\/logo\/image\/\",\"url\":\"https:\/\/legacy.colt.net\/wp-content\/uploads\/2019\/02\/Colt-Logo.png\",\"contentUrl\":\"https:\/\/legacy.colt.net\/wp-content\/uploads\/2019\/02\/Colt-Logo.png\",\"width\":195,\"height\":77,\"caption\":\"Colt Technology Services\"},\"image\":{\"@id\":\"https:\/\/legacy.colt.net\/#\/schema\/logo\/image\/\"},\"sameAs\":[\"https:\/\/www.facebook.com\/ColtTechnologyServices\/\",\"https:\/\/x.com\/colt_technology\",\"https:\/\/www.instagram.com\/colttechnologyservices\/\",\"https:\/\/www.linkedin.com\/company\/colt-technology-services\",\"https:\/\/www.youtube.com\/user\/ColtTechnology\"]}]}<\/script>\n<!-- \/ Yoast SEO plugin. -->","yoast_head_json":{"title":"Tu check list de conectividad para la migraci\u00f3n de SAP - Colt","description":"La tendencia creciente de las empresas hacia desplazar cargas de trabajo a la nube no es algo nuevo, pero para los clientes SAP hay una fecha l\u00edmite","robots":{"index":"noindex","follow":"follow","max-snippet":"max-snippet:-1","max-image-preview":"max-image-preview:large","max-video-preview":"max-video-preview:-1"},"og_locale":"es_ES","og_type":"article","og_title":"Tu check list de conectividad para la migraci\u00f3n de SAP - Colt","og_description":"La tendencia creciente de las empresas hacia desplazar cargas de trabajo a la nube no es algo nuevo, pero para los clientes SAP hay una fecha l\u00edmite","og_url":"https:\/\/legacy.colt.net\/es\/connectivity-matters-for-sap-migration\/","og_site_name":"Colt Technology Services","article_publisher":"https:\/\/www.facebook.com\/ColtTechnologyServices\/","article_modified_time":"2020-10-14T15:28:09+00:00","og_image":[{"width":1000,"height":667,"url":"https:\/\/legacy.colt.net\/wp-content\/uploads\/2021\/01\/Brand-2021-Stock-11.jpg","type":"image\/jpeg"}],"twitter_card":"summary_large_image","twitter_site":"@colt_technology","twitter_misc":{"Est. reading time":"2 minutes"},"schema":{"@context":"https:\/\/schema.org","@graph":[{"@type":"WebPage","@id":"https:\/\/legacy.colt.net\/es\/connectivity-matters-for-sap-migration\/","url":"https:\/\/legacy.colt.net\/es\/connectivity-matters-for-sap-migration\/","name":"Tu check list de conectividad para la migraci\u00f3n de SAP - Colt","isPartOf":{"@id":"https:\/\/legacy.colt.net\/#website"},"primaryImageOfPage":{"@id":"https:\/\/legacy.colt.net\/es\/connectivity-matters-for-sap-migration\/#primaryimage"},"image":{"@id":"https:\/\/legacy.colt.net\/es\/connectivity-matters-for-sap-migration\/#primaryimage"},"thumbnailUrl":"https:\/\/legacy.colt.net\/wp-content\/uploads\/2019\/10\/Tick.png","datePublished":"2019-10-28T12:37:14+00:00","dateModified":"2020-10-14T15:28:09+00:00","description":"La tendencia creciente de las empresas hacia desplazar cargas de trabajo a la nube no es algo nuevo, pero para los clientes SAP hay una fecha l\u00edmite","breadcrumb":{"@id":"https:\/\/legacy.colt.net\/es\/connectivity-matters-for-sap-migration\/#breadcrumb"},"inLanguage":"es-ES","potentialAction":[{"@type":"ReadAction","target":["https:\/\/legacy.colt.net\/es\/connectivity-matters-for-sap-migration\/"]}]},{"@type":"ImageObject","inLanguage":"es-ES","@id":"https:\/\/legacy.colt.net\/es\/connectivity-matters-for-sap-migration\/#primaryimage","url":"https:\/\/legacy.colt.net\/wp-content\/uploads\/2019\/10\/Tick.png","contentUrl":"https:\/\/legacy.colt.net\/wp-content\/uploads\/2019\/10\/Tick.png"},{"@type":"BreadcrumbList","@id":"https:\/\/legacy.colt.net\/es\/connectivity-matters-for-sap-migration\/#breadcrumb","itemListElement":[{"@type":"ListItem","position":1,"name":"Home","item":"https:\/\/legacy.colt.net\/es\/"},{"@type":"ListItem","position":2,"name":"Tu check list de conectividad para la migraci\u00f3n de SAP"}]},{"@type":"WebSite","@id":"https:\/\/legacy.colt.net\/#website","url":"https:\/\/legacy.colt.net\/","name":"Colt\u30c6\u30af\u30ce\u30ed\u30b8\u30fc\u30b5\u30fc\u30d3\u30b9\u682a\u5f0f\u4f1a\u793e","description":"Managed Network &amp; Voice Services Provider","publisher":{"@id":"https:\/\/legacy.colt.net\/#organization"},"potentialAction":[{"@type":"SearchAction","target":{"@type":"EntryPoint","urlTemplate":"https:\/\/legacy.colt.net\/?s={search_term_string}"},"query-input":{"@type":"PropertyValueSpecification","valueRequired":true,"valueName":"search_term_string"}}],"inLanguage":"es-ES"},{"@type":"Organization","@id":"https:\/\/legacy.colt.net\/#organization","name":"Colt Technology Services","url":"https:\/\/legacy.colt.net\/","logo":{"@type":"ImageObject","inLanguage":"es-ES","@id":"https:\/\/legacy.colt.net\/#\/schema\/logo\/image\/","url":"https:\/\/legacy.colt.net\/wp-content\/uploads\/2019\/02\/Colt-Logo.png","contentUrl":"https:\/\/legacy.colt.net\/wp-content\/uploads\/2019\/02\/Colt-Logo.png","width":195,"height":77,"caption":"Colt Technology Services"},"image":{"@id":"https:\/\/legacy.colt.net\/#\/schema\/logo\/image\/"},"sameAs":["https:\/\/www.facebook.com\/ColtTechnologyServices\/","https:\/\/x.com\/colt_technology","https:\/\/www.instagram.com\/colttechnologyservices\/","https:\/\/www.linkedin.com\/company\/colt-technology-services","https:\/\/www.youtube.com\/user\/ColtTechnology"]}]}},"_links":{"self":[{"href":"https:\/\/legacy.colt.net\/es\/wp-json\/wp\/v2\/pages\/64864","targetHints":{"allow":["GET"]}}],"collection":[{"href":"https:\/\/legacy.colt.net\/es\/wp-json\/wp\/v2\/pages"}],"about":[{"href":"https:\/\/legacy.colt.net\/es\/wp-json\/wp\/v2\/types\/page"}],"author":[{"embeddable":true,"href":"https:\/\/legacy.colt.net\/es\/wp-json\/wp\/v2\/users\/143"}],"replies":[{"embeddable":true,"href":"https:\/\/legacy.colt.net\/es\/wp-json\/wp\/v2\/comments?post=64864"}],"version-history":[{"count":0,"href":"https:\/\/legacy.colt.net\/es\/wp-json\/wp\/v2\/pages\/64864\/revisions"}],"wp:attachment":[{"href":"https:\/\/legacy.colt.net\/es\/wp-json\/wp\/v2\/media?parent=64864"}],"wp:term":[{"taxonomy":"colt_type","embeddable":true,"href":"https:\/\/legacy.colt.net\/es\/wp-json\/wp\/v2\/colt_type?post=64864"},{"taxonomy":"colt_products","embeddable":true,"href":"https:\/\/legacy.colt.net\/es\/wp-json\/wp\/v2\/colt_products?post=64864"}],"curies":[{"name":"wp","href":"https:\/\/api.w.org\/{rel}","templated":true}]}}