{"id":61664,"date":"2017-02-06T13:38:08","date_gmt":"2017-02-06T13:38:08","guid":{"rendered":"https:\/\/www.colt.net\/providers\/"},"modified":"2019-12-04T16:39:21","modified_gmt":"2019-12-04T16:39:21","slug":"providers","status":"publish","type":"page","link":"https:\/\/legacy.colt.net\/es\/providers\/","title":{"rendered":"Service Provider Directory"},"content":{"rendered":"<h1>\n\t<\/h1>\n<h3>\n\t<\/h3>\n\t<nav class=\"breadcrumb\"><span><span><a href=\"https:\/\/legacy.colt.net\/es\/\">Home<\/a><\/span><\/span><\/nav>\n\t<p>Cuando te unes a Colt PrizmNet, logras acceder a una comunidad global establecida y en r\u00e1pida expansi\u00f3n de bolsas, foros financieros y proveedores de servicio sobre valores \u2014todos ellos recogidos en el directorio de proveedores de servicio del portal PrizmNet\u2014.<\/p>\n<p>Si te gustar\u00eda que se a\u00f1adiera alg\u00fan nuevo servicio o proveedor de datos puedes hablar con nuestro equipo Capital Markets.<\/p>\n<h3>Bolsas y foros financieros<\/h3>\n<p>Colt PrizmNet permite el acceso a bolsas y otras foros financieros (incluyendo ATS, ECN, ETF, OTC y PTS) en todo el mundo. Para ayudarte a comenzar a operar r\u00e1pidamente en un nuevo foro o clase de activo, nos aseguramos de minimizar los plazos de entrega.<\/p>\n\t<iframe loading=\"lazy\" width=\"500\" height=\"281\" src=\"https:\/\/www.youtube.com\/embed\/xab4LREuJXM?feature=oembed\" frameborder=\"0\" allow=\"accelerometer; autoplay; encrypted-media; gyroscope; picture-in-picture\" allowfullscreen><\/iframe>\n\t<h3>MiFID II y cumplimiento de normativas<\/h3>\n<p>Colt PrizmNet te permite conectar r\u00e1pida y f\u00e1cilmente con los proveedores de informes y otros servicios dise\u00f1ados para ayudarte a cumplir las normativas.<\/p>\n<p>En particular, una serie de proveedores PrizmNet te ofrece informes de operaci\u00f3n, algo testing y otros servicios para facilitar tu adecuaci\u00f3n al cumplimiento de MiFID II.<\/p>\n<h3>Datos de mercado, an\u00e1lisis y otros servicios<\/h3>\n<p>A trav\u00e9s de Colt PrizmNet puedes recibir feeds de datos financieros provenientes de varios proveedores; y acceder a una amplia gama de otros servicios como:<\/p>\n<ul>\n<li>An\u00e1lisis y gesti\u00f3n de datos<\/li>\n<li>Software de trading<\/li>\n<li>OEMS<\/li>\n<li>Datos globales de operaciones de sociedades<\/li>\n<li>Sistemas de almacenamiento big data<\/li>\n<li>Soluciones de software para empresas<\/li>\n<\/ul>\n<h4>Saber m\u00e1s<\/h4>\n\u00bfQuieres saber m\u00e1s acerca de nuestra <a href=\"https:\/\/legacy.colt.net\/es\/product\/financial-extranet\/\">Financial Extranet<\/a>?<br \/>\nConoce el resto de nuestros productos a continuaci\u00f3n.\n<a href=\"https:\/\/legacy.colt.net\/es\/product\/prizmnet-portal\/\">PrizmNet Portal <\/a><br \/>\nColt PrizmNet, una extranet financiera que interconecta el ecosistema global de mercados financieros\n<a href=\"https:\/\/legacy.colt.net\/es\/mifid-ii\/\">MiFID II<\/a><br \/>\n\u00bfEst\u00e1s preparado para cumplir los complejos requisitos de la directiva MiFID II?\n<h5>\n\t<\/h5>\n\t<a href=\"https:\/\/legacy.colt.net\/es\/resources\/cedro-una-reconversion-tecnologica-integral-de-la-mano-de-colt\/\" target=\"_self\"  rel=\"noopener noreferrer\"><\/a>\n\t\t\t\t<img decoding=\"async\" src=\"https:\/\/legacy.colt.net\/wp-content\/uploads\/2019\/03\/Logo_CeDRO_800x800-720x450.gif\" alt=\"Logo_CeDRO_800x800-720x450\" itemprop=\"image\"\/>\n\t\t<h3>CEDRO: una reconversi\u00f3n tecnol\u00f3gica integral de la mano de Colt<\/h3>\t\t\t\n\t\t\t\t<p>Reconversi\u00f3n tecnol\u00f3gica integral de CEDRO, digitalizaci\u00f3n gracias a las lineas Ethernet, Voz sobre IP y Alojamiento de datos.<\/p>\n<h5>\n\t<\/h5>\n\t<a href=\"https:\/\/legacy.colt.net\/es\/product\/prizmnet-portal\/\" target=\"_self\"  rel=\"noopener noreferrer\"><\/a>\n\t\t\t\t<img decoding=\"async\" src=\"https:\/\/legacy.colt.net\/wp-content\/uploads\/2019\/02\/Optical-720x450.jpg\" alt=\"Optical-720x450\" itemprop=\"image\"\/>\n\t\t<h3>PrizmNet Portal<\/h3>\t\t\t\n\t\t\t\t<p>Colt PrizmNet, una extranet financiera que interconecta el ecosistema global de mercados financieros<\/p>\n<h5>\n\t<\/h5>\n\t<a href=\"https:\/\/legacy.colt.net\/es\/resources\/el-banco-central-europeo-adjudica-un-contrato-de-conectividad-de-los-mercados-financieros-a-colt-y-sia\/\" target=\"_self\"  rel=\"noopener noreferrer\"><\/a>\n\t\t\t\t<img decoding=\"async\" src=\"https:\/\/legacy.colt.net\/wp-content\/uploads\/2019\/02\/A-Happy-man.png\" alt=\"A-Happy-man\" itemprop=\"image\"\/>\n\t\t<h3>El Banco Central Europeo adjudica un contrato de conectividad de los mercados financieros a Colt y SIA<\/h3>\t\t\t\n\t\t\t\t<p>Esta semana se ha anunciado la adjudicaci\u00f3n a Colt, en asociaci\u00f3n con SIA, de un contrato para la prestaci\u00f3n de servicios de conectividad con la interfaz ESMIG (Eurosystem Single Market Infrastructure Gateway, portal de infraestructura del mercado \u00fanico del Eurosistema).<\/p>\n\t\t\t<h3>Joanne, Senior Account Manager<\/h3>\t\t\t\n\t\t\t\t<p>\u201cLa parte migliore di lavorare in Colt \u00e8 la cultura. Tutti i miei colleghi hanno un atteggiamento positivo e desiderano dare una mano, facendo s\u00ec che si crei un ambiente di lavoro straordinario. Cosa pi\u00f9 importante, mi rende in grado di fornire il pi\u00f9 alto livello di servizio e supporto ai miei clienti.\u201d<\/p>\n\t\t\t<a href=\"https:\/\/legacy.colt.net\/careers\" target=\"_self\"   role=\"button\" rel=\"noopener noreferrer\">\n\t\t\t\t\t\t\tCareers at Colt \u00bb\n\t\t<\/a>\n\t\t\t\t<img decoding=\"async\" src=\"https:\/\/legacy.colt.net\/wp-content\/uploads\/2018\/12\/Joanne-Perkins-e1540203629673-1.jpg\" alt=\"Joanne-Perkins-e1540203629673 (1)\" itemprop=\"image\"\/>\n\t\t\t<p>&#8220;Siamo molto soddisfatti del servizio clienti, delle infrastrutture e della competenza di Colt, e stiamo spostando sul cloud la nostra intera struttura organizzativa. Il Dedicated Cloud Access \u00e8 l&#8217;ultimo pezzo del puzzle e ci ha permesso di effettuare agilmente il trasloco.&#8221;<\/p>\t\t\t\n\t\t\t\t<p><strong>Stefan Truthaen<\/strong><br \/>CEO, hhpberlin<\/p>\n","protected":false},"excerpt":{"rendered":"<p>Cuando te unes a Colt PrizmNet, logras acceder a una comunidad global establecida y en r\u00e1pida expansi\u00f3n de bolsas, foros financieros y proveedores de servicio sobre valores \u2014todos ellos recogidos en el directorio de proveedores de servicio del portal PrizmNet\u2014. Si te gustar\u00eda que se a\u00f1adiera alg\u00fan nuevo servicio o proveedor de datos puedes hablar&#8230;<\/p>\n","protected":false},"author":2,"featured_media":0,"parent":0,"menu_order":2,"comment_status":"closed","ping_status":"closed","template":"","meta":{"_acf_changed":false,"footnotes":""},"colt_type":[],"colt_products":[],"class_list":["post-61664","page","type-page","status-publish","hentry"],"acf":[],"yoast_head":"<!-- This site is optimized with the Yoast SEO plugin v26.8 - https:\/\/yoast.com\/product\/yoast-seo-wordpress\/ -->\n<title>Exchanges, Market Venues, Service Provider Directory - Colt<\/title>\n<meta name=\"description\" content=\"With our service provider directory, you can start trading quickly with minimised lead times, and access to service providers worldwide.\" \/>\n<meta name=\"robots\" content=\"noindex, follow, max-snippet:-1, max-image-preview:large, max-video-preview:-1\" \/>\n<meta property=\"og:locale\" content=\"es_ES\" \/>\n<meta property=\"og:type\" content=\"article\" \/>\n<meta property=\"og:title\" content=\"Exchanges, Market Venues, Service Provider Directory - Colt\" \/>\n<meta property=\"og:description\" content=\"With our service provider directory, you can start trading quickly with minimised lead times, and access to service providers worldwide.\" \/>\n<meta property=\"og:url\" content=\"https:\/\/legacy.colt.net\/es\/providers\/\" \/>\n<meta property=\"og:site_name\" content=\"Colt Technology Services\" \/>\n<meta property=\"article:publisher\" content=\"https:\/\/www.facebook.com\/ColtTechnologyServices\/\" \/>\n<meta property=\"article:modified_time\" content=\"2019-12-04T16:39:21+00:00\" \/>\n<meta property=\"og:image\" content=\"https:\/\/legacy.colt.net\/wp-content\/uploads\/2021\/01\/Brand-2021-Stock-28.jpg\" \/>\n\t<meta property=\"og:image:width\" content=\"1000\" \/>\n\t<meta property=\"og:image:height\" content=\"667\" \/>\n\t<meta property=\"og:image:type\" content=\"image\/jpeg\" \/>\n<meta name=\"twitter:card\" content=\"summary_large_image\" \/>\n<meta name=\"twitter:site\" content=\"@colt_technology\" \/>\n<meta name=\"twitter:label1\" content=\"Est. reading time\" \/>\n\t<meta name=\"twitter:data1\" content=\"2 minutes\" \/>\n<script type=\"application\/ld+json\" class=\"yoast-schema-graph\">{\"@context\":\"https:\/\/schema.org\",\"@graph\":[{\"@type\":\"WebPage\",\"@id\":\"https:\/\/legacy.colt.net\/es\/providers\/\",\"url\":\"https:\/\/legacy.colt.net\/es\/providers\/\",\"name\":\"Exchanges, Market Venues, Service Provider Directory - Colt\",\"isPartOf\":{\"@id\":\"https:\/\/legacy.colt.net\/#website\"},\"primaryImageOfPage\":{\"@id\":\"https:\/\/legacy.colt.net\/es\/providers\/#primaryimage\"},\"image\":{\"@id\":\"https:\/\/legacy.colt.net\/es\/providers\/#primaryimage\"},\"thumbnailUrl\":\"https:\/\/legacy.colt.net\/wp-content\/uploads\/2019\/03\/Logo_CeDRO_800x800-720x450.gif\",\"datePublished\":\"2017-02-06T13:38:08+00:00\",\"dateModified\":\"2019-12-04T16:39:21+00:00\",\"description\":\"With our service provider directory, you can start trading quickly with minimised lead times, and access to service providers worldwide.\",\"breadcrumb\":{\"@id\":\"https:\/\/legacy.colt.net\/es\/providers\/#breadcrumb\"},\"inLanguage\":\"es-ES\",\"potentialAction\":[{\"@type\":\"ReadAction\",\"target\":[\"https:\/\/legacy.colt.net\/es\/providers\/\"]}]},{\"@type\":\"ImageObject\",\"inLanguage\":\"es-ES\",\"@id\":\"https:\/\/legacy.colt.net\/es\/providers\/#primaryimage\",\"url\":\"https:\/\/legacy.colt.net\/wp-content\/uploads\/2019\/03\/Logo_CeDRO_800x800-720x450.gif\",\"contentUrl\":\"https:\/\/legacy.colt.net\/wp-content\/uploads\/2019\/03\/Logo_CeDRO_800x800-720x450.gif\"},{\"@type\":\"BreadcrumbList\",\"@id\":\"https:\/\/legacy.colt.net\/es\/providers\/#breadcrumb\",\"itemListElement\":[{\"@type\":\"ListItem\",\"position\":1,\"name\":\"Home\",\"item\":\"https:\/\/legacy.colt.net\/es\/\"},{\"@type\":\"ListItem\",\"position\":2,\"name\":\"Service Provider Directory\"}]},{\"@type\":\"WebSite\",\"@id\":\"https:\/\/legacy.colt.net\/#website\",\"url\":\"https:\/\/legacy.colt.net\/\",\"name\":\"Colt\u30c6\u30af\u30ce\u30ed\u30b8\u30fc\u30b5\u30fc\u30d3\u30b9\u682a\u5f0f\u4f1a\u793e\",\"description\":\"Managed Network &amp; Voice Services Provider\",\"publisher\":{\"@id\":\"https:\/\/legacy.colt.net\/#organization\"},\"potentialAction\":[{\"@type\":\"SearchAction\",\"target\":{\"@type\":\"EntryPoint\",\"urlTemplate\":\"https:\/\/legacy.colt.net\/?s={search_term_string}\"},\"query-input\":{\"@type\":\"PropertyValueSpecification\",\"valueRequired\":true,\"valueName\":\"search_term_string\"}}],\"inLanguage\":\"es-ES\"},{\"@type\":\"Organization\",\"@id\":\"https:\/\/legacy.colt.net\/#organization\",\"name\":\"Colt Technology Services\",\"url\":\"https:\/\/legacy.colt.net\/\",\"logo\":{\"@type\":\"ImageObject\",\"inLanguage\":\"es-ES\",\"@id\":\"https:\/\/legacy.colt.net\/#\/schema\/logo\/image\/\",\"url\":\"https:\/\/legacy.colt.net\/wp-content\/uploads\/2019\/02\/Colt-Logo.png\",\"contentUrl\":\"https:\/\/legacy.colt.net\/wp-content\/uploads\/2019\/02\/Colt-Logo.png\",\"width\":195,\"height\":77,\"caption\":\"Colt Technology Services\"},\"image\":{\"@id\":\"https:\/\/legacy.colt.net\/#\/schema\/logo\/image\/\"},\"sameAs\":[\"https:\/\/www.facebook.com\/ColtTechnologyServices\/\",\"https:\/\/x.com\/colt_technology\",\"https:\/\/www.instagram.com\/colttechnologyservices\/\",\"https:\/\/www.linkedin.com\/company\/colt-technology-services\",\"https:\/\/www.youtube.com\/user\/ColtTechnology\"]}]}<\/script>\n<!-- \/ Yoast SEO plugin. -->","yoast_head_json":{"title":"Exchanges, Market Venues, Service Provider Directory - Colt","description":"With our service provider directory, you can start trading quickly with minimised lead times, and access to service providers worldwide.","robots":{"index":"noindex","follow":"follow","max-snippet":"max-snippet:-1","max-image-preview":"max-image-preview:large","max-video-preview":"max-video-preview:-1"},"og_locale":"es_ES","og_type":"article","og_title":"Exchanges, Market Venues, Service Provider Directory - Colt","og_description":"With our service provider directory, you can start trading quickly with minimised lead times, and access to service providers worldwide.","og_url":"https:\/\/legacy.colt.net\/es\/providers\/","og_site_name":"Colt Technology Services","article_publisher":"https:\/\/www.facebook.com\/ColtTechnologyServices\/","article_modified_time":"2019-12-04T16:39:21+00:00","og_image":[{"width":1000,"height":667,"url":"https:\/\/legacy.colt.net\/wp-content\/uploads\/2021\/01\/Brand-2021-Stock-28.jpg","type":"image\/jpeg"}],"twitter_card":"summary_large_image","twitter_site":"@colt_technology","twitter_misc":{"Est. reading time":"2 minutes"},"schema":{"@context":"https:\/\/schema.org","@graph":[{"@type":"WebPage","@id":"https:\/\/legacy.colt.net\/es\/providers\/","url":"https:\/\/legacy.colt.net\/es\/providers\/","name":"Exchanges, Market Venues, Service Provider Directory - Colt","isPartOf":{"@id":"https:\/\/legacy.colt.net\/#website"},"primaryImageOfPage":{"@id":"https:\/\/legacy.colt.net\/es\/providers\/#primaryimage"},"image":{"@id":"https:\/\/legacy.colt.net\/es\/providers\/#primaryimage"},"thumbnailUrl":"https:\/\/legacy.colt.net\/wp-content\/uploads\/2019\/03\/Logo_CeDRO_800x800-720x450.gif","datePublished":"2017-02-06T13:38:08+00:00","dateModified":"2019-12-04T16:39:21+00:00","description":"With our service provider directory, you can start trading quickly with minimised lead times, and access to service providers worldwide.","breadcrumb":{"@id":"https:\/\/legacy.colt.net\/es\/providers\/#breadcrumb"},"inLanguage":"es-ES","potentialAction":[{"@type":"ReadAction","target":["https:\/\/legacy.colt.net\/es\/providers\/"]}]},{"@type":"ImageObject","inLanguage":"es-ES","@id":"https:\/\/legacy.colt.net\/es\/providers\/#primaryimage","url":"https:\/\/legacy.colt.net\/wp-content\/uploads\/2019\/03\/Logo_CeDRO_800x800-720x450.gif","contentUrl":"https:\/\/legacy.colt.net\/wp-content\/uploads\/2019\/03\/Logo_CeDRO_800x800-720x450.gif"},{"@type":"BreadcrumbList","@id":"https:\/\/legacy.colt.net\/es\/providers\/#breadcrumb","itemListElement":[{"@type":"ListItem","position":1,"name":"Home","item":"https:\/\/legacy.colt.net\/es\/"},{"@type":"ListItem","position":2,"name":"Service Provider Directory"}]},{"@type":"WebSite","@id":"https:\/\/legacy.colt.net\/#website","url":"https:\/\/legacy.colt.net\/","name":"Colt\u30c6\u30af\u30ce\u30ed\u30b8\u30fc\u30b5\u30fc\u30d3\u30b9\u682a\u5f0f\u4f1a\u793e","description":"Managed Network &amp; Voice Services Provider","publisher":{"@id":"https:\/\/legacy.colt.net\/#organization"},"potentialAction":[{"@type":"SearchAction","target":{"@type":"EntryPoint","urlTemplate":"https:\/\/legacy.colt.net\/?s={search_term_string}"},"query-input":{"@type":"PropertyValueSpecification","valueRequired":true,"valueName":"search_term_string"}}],"inLanguage":"es-ES"},{"@type":"Organization","@id":"https:\/\/legacy.colt.net\/#organization","name":"Colt Technology Services","url":"https:\/\/legacy.colt.net\/","logo":{"@type":"ImageObject","inLanguage":"es-ES","@id":"https:\/\/legacy.colt.net\/#\/schema\/logo\/image\/","url":"https:\/\/legacy.colt.net\/wp-content\/uploads\/2019\/02\/Colt-Logo.png","contentUrl":"https:\/\/legacy.colt.net\/wp-content\/uploads\/2019\/02\/Colt-Logo.png","width":195,"height":77,"caption":"Colt Technology Services"},"image":{"@id":"https:\/\/legacy.colt.net\/#\/schema\/logo\/image\/"},"sameAs":["https:\/\/www.facebook.com\/ColtTechnologyServices\/","https:\/\/x.com\/colt_technology","https:\/\/www.instagram.com\/colttechnologyservices\/","https:\/\/www.linkedin.com\/company\/colt-technology-services","https:\/\/www.youtube.com\/user\/ColtTechnology"]}]}},"_links":{"self":[{"href":"https:\/\/legacy.colt.net\/es\/wp-json\/wp\/v2\/pages\/61664","targetHints":{"allow":["GET"]}}],"collection":[{"href":"https:\/\/legacy.colt.net\/es\/wp-json\/wp\/v2\/pages"}],"about":[{"href":"https:\/\/legacy.colt.net\/es\/wp-json\/wp\/v2\/types\/page"}],"author":[{"embeddable":true,"href":"https:\/\/legacy.colt.net\/es\/wp-json\/wp\/v2\/users\/2"}],"replies":[{"embeddable":true,"href":"https:\/\/legacy.colt.net\/es\/wp-json\/wp\/v2\/comments?post=61664"}],"version-history":[{"count":0,"href":"https:\/\/legacy.colt.net\/es\/wp-json\/wp\/v2\/pages\/61664\/revisions"}],"wp:attachment":[{"href":"https:\/\/legacy.colt.net\/es\/wp-json\/wp\/v2\/media?parent=61664"}],"wp:term":[{"taxonomy":"colt_type","embeddable":true,"href":"https:\/\/legacy.colt.net\/es\/wp-json\/wp\/v2\/colt_type?post=61664"},{"taxonomy":"colt_products","embeddable":true,"href":"https:\/\/legacy.colt.net\/es\/wp-json\/wp\/v2\/colt_products?post=61664"}],"curies":[{"name":"wp","href":"https:\/\/api.w.org\/{rel}","templated":true}]}}