{"id":61053,"date":"2016-06-06T12:18:04","date_gmt":"2016-06-06T12:18:04","guid":{"rendered":"https:\/\/www.colt.net\/product\/prizmnet-portal\/"},"modified":"2020-10-26T14:47:55","modified_gmt":"2020-10-26T14:47:55","slug":"prizmnet-portal","status":"publish","type":"page","link":"https:\/\/legacy.colt.net\/es\/product\/prizmnet-portal\/","title":{"rendered":"PrizmNet Portal"},"content":{"rendered":"<h1>\n\t\tPrizmNet Portal\n\t<\/h1>\n<h3>\n\t\tCapital Markets\n\t<\/h3>\n\t<nav class=\"breadcrumb\"><span><span><a href=\"https:\/\/legacy.colt.net\/es\/\">Home<\/a><\/span><\/span><\/nav>\n\t\t\t<a href=\"#hs-chat-open\" target=\"_self\" role=\"button\" rel=\"noopener noreferrer\">\n\t\t\t\t\t\tLive chat\n\t\t\t\t\t<\/a>\n\t\t\t<p>[hubspot type=form portal=344164 id=ee17469a-5075-4695-95c4-5de327ce0ab5]<\/p>\n\t\t\t<a href=\"void(0)\" target=\"_self\" rel=\"noopener noreferrer\">\n\t\t\t\t\t\t\t\t\t\t\tContacto\n\t\t<\/a>\n<h3>\n\t\tPrizmNet Online, nuestro portal de autoservicio, es tu interfaz de uso sencillo con Colt PrizmNet. Te permite un control total sobre tus servicios PrizmNet desde un solo lugar, con una visi\u00f3n en tiempo casi real de las prestaciones y la utilizaci\u00f3n, un directorio de los proveedores actuales PrizmNet, y acceso a soporte t\u00e9cnico y servicios de notificaci\u00f3n.\n\t<\/h3>\n\t<p>F\u00e1cil incorporaci\u00f3n de nuevas conexiones y servicios<\/p>\n\t<p>PrizmNet Online hace que sea r\u00e1pido y sencillo a\u00f1adir nuevos servicios, conectar nuevos centros y puntos finales de cliente, as\u00ed como a\u00f1adir ancho de banda para soportar tu estrategia de trading con una mayor eficiencia. Podr\u00e1s navegar por el directorio de proveedores para visualizar servicios y precios, solicitar presupuestos y realizar pedidos de nuevos servicios y conexiones en cualquier ubicaci\u00f3n.<\/p>\n\t<h3>Sobre las prestaciones<\/h3>\n<p>Los informes avanzados de red te dan una imagen clara de las prestaciones y la utilizaci\u00f3n de tus servicios Colt PrizmNet en tiempo casi real, lo que te ayuda a planificar cualquier cambio y actualizaci\u00f3n que satisfaga las necesidades a corto o largo plazo.<\/p>\n<h3>Siempre tienes el control<\/h3>\n<p>En cualquier momento, podr\u00e1s seguir los pedidos de nuevos servicios, revisar facturas, tener acceso a soporte t\u00e9cnico y servicios de notificaci\u00f3n, y acceder a informaci\u00f3n y actualizaciones sobre el servicio Colt PrizmNet<\/p>\n\t<p><iframe loading=\"lazy\" src=\"https:\/\/www.youtube.com\/embed\/n0B-wiJXJlY?rel=0\" width=\"844\" height=\"350\" frameborder=\"0\" allowfullscreen=\"allowfullscreen\">\ufeff\ufeff\ufeff<\/iframe><\/p>\n<h3><\/h3>\n<p>&nbsp;<\/p>\n","protected":false},"excerpt":{"rendered":"<p>PrizmNet Portal Capital Markets Live chat [hubspot type=form portal=344164 id=ee17469a-5075-4695-95c4-5de327ce0ab5] Contacto PrizmNet Online, nuestro portal de autoservicio, es tu interfaz de uso sencillo con Colt PrizmNet. Te permite un control total sobre tus servicios PrizmNet desde un solo lugar, con una visi\u00f3n en tiempo casi real de las prestaciones y la utilizaci\u00f3n, un directorio de&#8230;<\/p>\n","protected":false},"author":2,"featured_media":0,"parent":35905,"menu_order":1,"comment_status":"closed","ping_status":"closed","template":"","meta":{"_acf_changed":false,"footnotes":""},"colt_type":[],"colt_products":[],"class_list":["post-61053","page","type-page","status-publish","hentry"],"acf":[],"yoast_head":"<!-- This site is optimized with the Yoast SEO plugin v26.8 - https:\/\/yoast.com\/product\/yoast-seo-wordpress\/ -->\n<title>PrizmNet Portal - Colt Technology Services<\/title>\n<meta name=\"description\" content=\"The Colt PrizmNet financial extranet allows you to easily connect to new markets and clients, try our demo today!\" \/>\n<meta name=\"robots\" content=\"noindex, follow, max-snippet:-1, max-image-preview:large, max-video-preview:-1\" \/>\n<meta property=\"og:locale\" content=\"es_ES\" \/>\n<meta property=\"og:type\" content=\"article\" \/>\n<meta property=\"og:title\" content=\"PrizmNet Portal - Colt Technology Services\" \/>\n<meta property=\"og:description\" content=\"The Colt PrizmNet financial extranet allows you to easily connect to new markets and clients, try our demo today!\" \/>\n<meta property=\"og:url\" content=\"https:\/\/legacy.colt.net\/es\/product\/prizmnet-portal\/\" \/>\n<meta property=\"og:site_name\" content=\"Colt Technology Services\" \/>\n<meta property=\"article:publisher\" content=\"https:\/\/www.facebook.com\/ColtTechnologyServices\/\" \/>\n<meta property=\"article:modified_time\" content=\"2020-10-26T14:47:55+00:00\" \/>\n<meta property=\"og:image\" content=\"https:\/\/legacy.colt.net\/wp-content\/uploads\/2021\/01\/Brand-2021-Stock-2.jpg\" \/>\n\t<meta property=\"og:image:width\" content=\"1000\" \/>\n\t<meta property=\"og:image:height\" content=\"676\" \/>\n\t<meta property=\"og:image:type\" content=\"image\/jpeg\" \/>\n<meta name=\"twitter:card\" content=\"summary_large_image\" \/>\n<meta name=\"twitter:site\" content=\"@colt_technology\" \/>\n<meta name=\"twitter:label1\" content=\"Est. reading time\" \/>\n\t<meta name=\"twitter:data1\" content=\"1 minute\" \/>\n<script type=\"application\/ld+json\" class=\"yoast-schema-graph\">{\"@context\":\"https:\/\/schema.org\",\"@graph\":[{\"@type\":\"WebPage\",\"@id\":\"https:\/\/legacy.colt.net\/es\/product\/prizmnet-portal\/\",\"url\":\"https:\/\/legacy.colt.net\/es\/product\/prizmnet-portal\/\",\"name\":\"PrizmNet Portal - Colt Technology Services\",\"isPartOf\":{\"@id\":\"https:\/\/legacy.colt.net\/#website\"},\"datePublished\":\"2016-06-06T12:18:04+00:00\",\"dateModified\":\"2020-10-26T14:47:55+00:00\",\"description\":\"The Colt PrizmNet financial extranet allows you to easily connect to new markets and clients, try our demo today!\",\"breadcrumb\":{\"@id\":\"https:\/\/legacy.colt.net\/es\/product\/prizmnet-portal\/#breadcrumb\"},\"inLanguage\":\"es-ES\",\"potentialAction\":[{\"@type\":\"ReadAction\",\"target\":[\"https:\/\/legacy.colt.net\/es\/product\/prizmnet-portal\/\"]}]},{\"@type\":\"BreadcrumbList\",\"@id\":\"https:\/\/legacy.colt.net\/es\/product\/prizmnet-portal\/#breadcrumb\",\"itemListElement\":[{\"@type\":\"ListItem\",\"position\":1,\"name\":\"Home\",\"item\":\"https:\/\/legacy.colt.net\/es\/\"},{\"@type\":\"ListItem\",\"position\":2,\"name\":\"Productos y servicios\",\"item\":\"https:\/\/legacy.colt.net\/es\/product\/\"},{\"@type\":\"ListItem\",\"position\":3,\"name\":\"PrizmNet Portal\"}]},{\"@type\":\"WebSite\",\"@id\":\"https:\/\/legacy.colt.net\/#website\",\"url\":\"https:\/\/legacy.colt.net\/\",\"name\":\"Colt\u30c6\u30af\u30ce\u30ed\u30b8\u30fc\u30b5\u30fc\u30d3\u30b9\u682a\u5f0f\u4f1a\u793e\",\"description\":\"Managed Network &amp; Voice Services Provider\",\"publisher\":{\"@id\":\"https:\/\/legacy.colt.net\/#organization\"},\"potentialAction\":[{\"@type\":\"SearchAction\",\"target\":{\"@type\":\"EntryPoint\",\"urlTemplate\":\"https:\/\/legacy.colt.net\/?s={search_term_string}\"},\"query-input\":{\"@type\":\"PropertyValueSpecification\",\"valueRequired\":true,\"valueName\":\"search_term_string\"}}],\"inLanguage\":\"es-ES\"},{\"@type\":\"Organization\",\"@id\":\"https:\/\/legacy.colt.net\/#organization\",\"name\":\"Colt Technology Services\",\"url\":\"https:\/\/legacy.colt.net\/\",\"logo\":{\"@type\":\"ImageObject\",\"inLanguage\":\"es-ES\",\"@id\":\"https:\/\/legacy.colt.net\/#\/schema\/logo\/image\/\",\"url\":\"https:\/\/legacy.colt.net\/wp-content\/uploads\/2019\/02\/Colt-Logo.png\",\"contentUrl\":\"https:\/\/legacy.colt.net\/wp-content\/uploads\/2019\/02\/Colt-Logo.png\",\"width\":195,\"height\":77,\"caption\":\"Colt Technology Services\"},\"image\":{\"@id\":\"https:\/\/legacy.colt.net\/#\/schema\/logo\/image\/\"},\"sameAs\":[\"https:\/\/www.facebook.com\/ColtTechnologyServices\/\",\"https:\/\/x.com\/colt_technology\",\"https:\/\/www.instagram.com\/colttechnologyservices\/\",\"https:\/\/www.linkedin.com\/company\/colt-technology-services\",\"https:\/\/www.youtube.com\/user\/ColtTechnology\"]}]}<\/script>\n<!-- \/ Yoast SEO plugin. -->","yoast_head_json":{"title":"PrizmNet Portal - Colt Technology Services","description":"The Colt PrizmNet financial extranet allows you to easily connect to new markets and clients, try our demo today!","robots":{"index":"noindex","follow":"follow","max-snippet":"max-snippet:-1","max-image-preview":"max-image-preview:large","max-video-preview":"max-video-preview:-1"},"og_locale":"es_ES","og_type":"article","og_title":"PrizmNet Portal - Colt Technology Services","og_description":"The Colt PrizmNet financial extranet allows you to easily connect to new markets and clients, try our demo today!","og_url":"https:\/\/legacy.colt.net\/es\/product\/prizmnet-portal\/","og_site_name":"Colt Technology Services","article_publisher":"https:\/\/www.facebook.com\/ColtTechnologyServices\/","article_modified_time":"2020-10-26T14:47:55+00:00","og_image":[{"width":1000,"height":676,"url":"https:\/\/legacy.colt.net\/wp-content\/uploads\/2021\/01\/Brand-2021-Stock-2.jpg","type":"image\/jpeg"}],"twitter_card":"summary_large_image","twitter_site":"@colt_technology","twitter_misc":{"Est. reading time":"1 minute"},"schema":{"@context":"https:\/\/schema.org","@graph":[{"@type":"WebPage","@id":"https:\/\/legacy.colt.net\/es\/product\/prizmnet-portal\/","url":"https:\/\/legacy.colt.net\/es\/product\/prizmnet-portal\/","name":"PrizmNet Portal - Colt Technology Services","isPartOf":{"@id":"https:\/\/legacy.colt.net\/#website"},"datePublished":"2016-06-06T12:18:04+00:00","dateModified":"2020-10-26T14:47:55+00:00","description":"The Colt PrizmNet financial extranet allows you to easily connect to new markets and clients, try our demo today!","breadcrumb":{"@id":"https:\/\/legacy.colt.net\/es\/product\/prizmnet-portal\/#breadcrumb"},"inLanguage":"es-ES","potentialAction":[{"@type":"ReadAction","target":["https:\/\/legacy.colt.net\/es\/product\/prizmnet-portal\/"]}]},{"@type":"BreadcrumbList","@id":"https:\/\/legacy.colt.net\/es\/product\/prizmnet-portal\/#breadcrumb","itemListElement":[{"@type":"ListItem","position":1,"name":"Home","item":"https:\/\/legacy.colt.net\/es\/"},{"@type":"ListItem","position":2,"name":"Productos y servicios","item":"https:\/\/legacy.colt.net\/es\/product\/"},{"@type":"ListItem","position":3,"name":"PrizmNet Portal"}]},{"@type":"WebSite","@id":"https:\/\/legacy.colt.net\/#website","url":"https:\/\/legacy.colt.net\/","name":"Colt\u30c6\u30af\u30ce\u30ed\u30b8\u30fc\u30b5\u30fc\u30d3\u30b9\u682a\u5f0f\u4f1a\u793e","description":"Managed Network &amp; Voice Services Provider","publisher":{"@id":"https:\/\/legacy.colt.net\/#organization"},"potentialAction":[{"@type":"SearchAction","target":{"@type":"EntryPoint","urlTemplate":"https:\/\/legacy.colt.net\/?s={search_term_string}"},"query-input":{"@type":"PropertyValueSpecification","valueRequired":true,"valueName":"search_term_string"}}],"inLanguage":"es-ES"},{"@type":"Organization","@id":"https:\/\/legacy.colt.net\/#organization","name":"Colt Technology Services","url":"https:\/\/legacy.colt.net\/","logo":{"@type":"ImageObject","inLanguage":"es-ES","@id":"https:\/\/legacy.colt.net\/#\/schema\/logo\/image\/","url":"https:\/\/legacy.colt.net\/wp-content\/uploads\/2019\/02\/Colt-Logo.png","contentUrl":"https:\/\/legacy.colt.net\/wp-content\/uploads\/2019\/02\/Colt-Logo.png","width":195,"height":77,"caption":"Colt Technology Services"},"image":{"@id":"https:\/\/legacy.colt.net\/#\/schema\/logo\/image\/"},"sameAs":["https:\/\/www.facebook.com\/ColtTechnologyServices\/","https:\/\/x.com\/colt_technology","https:\/\/www.instagram.com\/colttechnologyservices\/","https:\/\/www.linkedin.com\/company\/colt-technology-services","https:\/\/www.youtube.com\/user\/ColtTechnology"]}]}},"_links":{"self":[{"href":"https:\/\/legacy.colt.net\/es\/wp-json\/wp\/v2\/pages\/61053","targetHints":{"allow":["GET"]}}],"collection":[{"href":"https:\/\/legacy.colt.net\/es\/wp-json\/wp\/v2\/pages"}],"about":[{"href":"https:\/\/legacy.colt.net\/es\/wp-json\/wp\/v2\/types\/page"}],"author":[{"embeddable":true,"href":"https:\/\/legacy.colt.net\/es\/wp-json\/wp\/v2\/users\/2"}],"replies":[{"embeddable":true,"href":"https:\/\/legacy.colt.net\/es\/wp-json\/wp\/v2\/comments?post=61053"}],"version-history":[{"count":0,"href":"https:\/\/legacy.colt.net\/es\/wp-json\/wp\/v2\/pages\/61053\/revisions"}],"up":[{"embeddable":true,"href":"https:\/\/legacy.colt.net\/es\/wp-json\/wp\/v2\/pages\/35905"}],"wp:attachment":[{"href":"https:\/\/legacy.colt.net\/es\/wp-json\/wp\/v2\/media?parent=61053"}],"wp:term":[{"taxonomy":"colt_type","embeddable":true,"href":"https:\/\/legacy.colt.net\/es\/wp-json\/wp\/v2\/colt_type?post=61053"},{"taxonomy":"colt_products","embeddable":true,"href":"https:\/\/legacy.colt.net\/es\/wp-json\/wp\/v2\/colt_products?post=61053"}],"curies":[{"name":"wp","href":"https:\/\/api.w.org\/{rel}","templated":true}]}}