{"id":38213,"date":"2018-11-14T09:11:52","date_gmt":"2018-11-14T09:11:52","guid":{"rendered":"https:\/\/www.colt.net\/product\/wireless-backhaul\/"},"modified":"2019-05-16T14:26:37","modified_gmt":"2019-05-16T13:26:37","slug":"wireless-backhaul","status":"publish","type":"page","link":"https:\/\/legacy.colt.net\/es\/product\/wireless-backhaul\/","title":{"rendered":"Wireless Backhaul Solutions"},"content":{"rendered":"<p><iframe loading=\"lazy\" src=\"https:\/\/www.youtube.com\/embed\/WAVF7UCi-Zk?rel=0\" width=\"844\" height=\"475\" frameborder=\"0\" allowfullscreen=\"allowfullscreen\"><span data-mce-type=\"bookmark\" style=\"display: inline-block; width: 0px; overflow: hidden; line-height: 0;\" class=\"mce_SELRES_start\">\ufeff<\/span><span data-mce-type=\"bookmark\" style=\"display: inline-block; width: 0px; overflow: hidden; line-height: 0;\" class=\"mce_SELRES_start\">\ufeff<\/span><span data-mce-type=\"bookmark\" style=\"display: inline-block; width: 0px; overflow: hidden; line-height: 0;\" class=\"mce_SELRES_start\">\ufeff<\/span><\/iframe><\/p>\n<p class=\"intro\">Gracias a nuestra red de fibra, de propiedad y gesti\u00f3n propia, Colt da soporte a todo tipo de proveedores de servicio inal\u00e1mbrico con una gama de soluciones: desde hotspots (WiFi\/4G\/4G+) en ubicaciones y edificios p\u00fablicos hasta complejas soluciones 5G.<\/p>\n<p>Una ciudad es una entidad viva y no siempre se puede predecir el tr\u00e1fico de red inal\u00e1mbrica, por ello, utilizamos nuestra tecnolog\u00eda de redes definidas por software (SDN) para proporcionar una conectividad flexible y \u00e1gil.<\/p>\n<p>Las capacidades SDN de Colt permiten un enrutamiento din\u00e1mico del tr\u00e1fico, mayores velocidades y una menor latencia. Adem\u00e1s de ello, nuestra tecnolog\u00eda tambi\u00e9n soporta un aprovisionamiento de red casi inmediato, para permitir a las ciudades inteligentes expandirse r\u00e1pidamente por nuevas zonas y a\u00f1adir capacidad.<\/p>\n<p>Colt trabajar\u00e1 contigo para definir la soluci\u00f3n m\u00e1s adecuada. Podemos ayudarte a aumentar tu capacidad con 5G y con ello disfrutar de una serie de ventajas nunca vistas: desde aplicaciones de telemedicina a ciudades m\u00e1s inteligentes que ofrecen servicios p\u00fablicos sin discontinuidades.<\/p>\n<h3>Cat\u00e1logo para responder a varios requisitos:<\/h3>\n<ul>\n<li style=\"list-style-type: none;\">\n<ul>\n<li>Tailored <a href=\"https:\/\/legacy.colt.net\/es\/product\/dark-fibre\/\">Dark Fibre<\/a><\/li>\n<li><a href=\"https:\/\/legacy.colt.net\/es\/product\/wave\/\">Wave services<\/a><\/li>\n<li><a href=\"https:\/\/legacy.colt.net\/es\/product\/on-demand-services\/\">On Demand services\u00a0<\/a><\/li>\n<\/ul>\n<\/li>\n<\/ul>\n","protected":false},"excerpt":{"rendered":"<p>\ufeff\ufeff\ufeff Gracias a nuestra red de fibra, de propiedad y gesti\u00f3n propia, Colt da soporte a todo tipo de proveedores de servicio inal\u00e1mbrico con una gama de soluciones: desde hotspots (WiFi\/4G\/4G+) en ubicaciones y edificios p\u00fablicos hasta complejas soluciones 5G. Una ciudad es una entidad viva y no siempre se puede predecir el tr\u00e1fico de&#8230;<\/p>\n","protected":false},"author":143,"featured_media":0,"parent":35905,"menu_order":0,"comment_status":"closed","ping_status":"closed","template":"","meta":{"_acf_changed":false,"footnotes":""},"colt_type":[],"colt_products":[1661],"class_list":["post-38213","page","type-page","status-publish","hentry","colt_products-mobile-backhaul-colt-iq-network-es"],"acf":[],"yoast_head":"<!-- This site is optimized with the Yoast SEO plugin v26.8 - https:\/\/yoast.com\/product\/yoast-seo-wordpress\/ -->\n<title>Wireless Backhaul Solutions | Colt Technology Services | ES<\/title>\n<meta name=\"description\" content=\"Gracias a nuestra red de fibra, de propiedad y gesti\u00f3n propia, Colt da soporte a todo tipo de proveedores de servicio inal\u00e1mbrico con una gama de soluciones\" \/>\n<meta name=\"robots\" content=\"noindex, follow, max-snippet:-1, max-image-preview:large, max-video-preview:-1\" \/>\n<meta property=\"og:locale\" content=\"es_ES\" \/>\n<meta property=\"og:type\" content=\"article\" \/>\n<meta property=\"og:title\" content=\"Wireless Backhaul Solutions | Colt Technology Services | ES\" \/>\n<meta property=\"og:description\" content=\"Gracias a nuestra red de fibra, de propiedad y gesti\u00f3n propia, Colt da soporte a todo tipo de proveedores de servicio inal\u00e1mbrico con una gama de soluciones\" \/>\n<meta property=\"og:url\" content=\"https:\/\/legacy.colt.net\/es\/product\/wireless-backhaul\/\" \/>\n<meta property=\"og:site_name\" content=\"Colt Technology Services\" \/>\n<meta property=\"article:publisher\" content=\"https:\/\/www.facebook.com\/ColtTechnologyServices\/\" \/>\n<meta property=\"article:modified_time\" content=\"2019-05-16T13:26:37+00:00\" \/>\n<meta property=\"og:image\" content=\"https:\/\/legacy.colt.net\/wp-content\/uploads\/2021\/01\/Brand-2021-Stock-3.jpg\" \/>\n\t<meta property=\"og:image:width\" content=\"1000\" \/>\n\t<meta property=\"og:image:height\" content=\"667\" \/>\n\t<meta property=\"og:image:type\" content=\"image\/jpeg\" \/>\n<meta name=\"twitter:card\" content=\"summary_large_image\" \/>\n<meta name=\"twitter:site\" content=\"@colt_technology\" \/>\n<meta name=\"twitter:label1\" content=\"Est. reading time\" \/>\n\t<meta name=\"twitter:data1\" content=\"1 minute\" \/>\n<script type=\"application\/ld+json\" class=\"yoast-schema-graph\">{\"@context\":\"https:\/\/schema.org\",\"@graph\":[{\"@type\":\"WebPage\",\"@id\":\"https:\/\/legacy.colt.net\/es\/product\/wireless-backhaul\/\",\"url\":\"https:\/\/legacy.colt.net\/es\/product\/wireless-backhaul\/\",\"name\":\"Wireless Backhaul Solutions | Colt Technology Services | ES\",\"isPartOf\":{\"@id\":\"https:\/\/legacy.colt.net\/#website\"},\"datePublished\":\"2018-11-14T09:11:52+00:00\",\"dateModified\":\"2019-05-16T13:26:37+00:00\",\"description\":\"Gracias a nuestra red de fibra, de propiedad y gesti\u00f3n propia, Colt da soporte a todo tipo de proveedores de servicio inal\u00e1mbrico con una gama de soluciones\",\"breadcrumb\":{\"@id\":\"https:\/\/legacy.colt.net\/es\/product\/wireless-backhaul\/#breadcrumb\"},\"inLanguage\":\"es-ES\",\"potentialAction\":[{\"@type\":\"ReadAction\",\"target\":[\"https:\/\/legacy.colt.net\/es\/product\/wireless-backhaul\/\"]}]},{\"@type\":\"BreadcrumbList\",\"@id\":\"https:\/\/legacy.colt.net\/es\/product\/wireless-backhaul\/#breadcrumb\",\"itemListElement\":[{\"@type\":\"ListItem\",\"position\":1,\"name\":\"Home\",\"item\":\"https:\/\/legacy.colt.net\/es\/\"},{\"@type\":\"ListItem\",\"position\":2,\"name\":\"Productos y servicios\",\"item\":\"https:\/\/legacy.colt.net\/es\/product\/\"},{\"@type\":\"ListItem\",\"position\":3,\"name\":\"Wireless Backhaul Solutions\"}]},{\"@type\":\"WebSite\",\"@id\":\"https:\/\/legacy.colt.net\/#website\",\"url\":\"https:\/\/legacy.colt.net\/\",\"name\":\"Colt\u30c6\u30af\u30ce\u30ed\u30b8\u30fc\u30b5\u30fc\u30d3\u30b9\u682a\u5f0f\u4f1a\u793e\",\"description\":\"Managed Network &amp; Voice Services Provider\",\"publisher\":{\"@id\":\"https:\/\/legacy.colt.net\/#organization\"},\"potentialAction\":[{\"@type\":\"SearchAction\",\"target\":{\"@type\":\"EntryPoint\",\"urlTemplate\":\"https:\/\/legacy.colt.net\/?s={search_term_string}\"},\"query-input\":{\"@type\":\"PropertyValueSpecification\",\"valueRequired\":true,\"valueName\":\"search_term_string\"}}],\"inLanguage\":\"es-ES\"},{\"@type\":\"Organization\",\"@id\":\"https:\/\/legacy.colt.net\/#organization\",\"name\":\"Colt Technology Services\",\"url\":\"https:\/\/legacy.colt.net\/\",\"logo\":{\"@type\":\"ImageObject\",\"inLanguage\":\"es-ES\",\"@id\":\"https:\/\/legacy.colt.net\/#\/schema\/logo\/image\/\",\"url\":\"https:\/\/legacy.colt.net\/wp-content\/uploads\/2019\/02\/Colt-Logo.png\",\"contentUrl\":\"https:\/\/legacy.colt.net\/wp-content\/uploads\/2019\/02\/Colt-Logo.png\",\"width\":195,\"height\":77,\"caption\":\"Colt Technology Services\"},\"image\":{\"@id\":\"https:\/\/legacy.colt.net\/#\/schema\/logo\/image\/\"},\"sameAs\":[\"https:\/\/www.facebook.com\/ColtTechnologyServices\/\",\"https:\/\/x.com\/colt_technology\",\"https:\/\/www.instagram.com\/colttechnologyservices\/\",\"https:\/\/www.linkedin.com\/company\/colt-technology-services\",\"https:\/\/www.youtube.com\/user\/ColtTechnology\"]}]}<\/script>\n<!-- \/ Yoast SEO plugin. -->","yoast_head_json":{"title":"Wireless Backhaul Solutions | Colt Technology Services | ES","description":"Gracias a nuestra red de fibra, de propiedad y gesti\u00f3n propia, Colt da soporte a todo tipo de proveedores de servicio inal\u00e1mbrico con una gama de soluciones","robots":{"index":"noindex","follow":"follow","max-snippet":"max-snippet:-1","max-image-preview":"max-image-preview:large","max-video-preview":"max-video-preview:-1"},"og_locale":"es_ES","og_type":"article","og_title":"Wireless Backhaul Solutions | Colt Technology Services | ES","og_description":"Gracias a nuestra red de fibra, de propiedad y gesti\u00f3n propia, Colt da soporte a todo tipo de proveedores de servicio inal\u00e1mbrico con una gama de soluciones","og_url":"https:\/\/legacy.colt.net\/es\/product\/wireless-backhaul\/","og_site_name":"Colt Technology Services","article_publisher":"https:\/\/www.facebook.com\/ColtTechnologyServices\/","article_modified_time":"2019-05-16T13:26:37+00:00","og_image":[{"width":1000,"height":667,"url":"https:\/\/legacy.colt.net\/wp-content\/uploads\/2021\/01\/Brand-2021-Stock-3.jpg","type":"image\/jpeg"}],"twitter_card":"summary_large_image","twitter_site":"@colt_technology","twitter_misc":{"Est. reading time":"1 minute"},"schema":{"@context":"https:\/\/schema.org","@graph":[{"@type":"WebPage","@id":"https:\/\/legacy.colt.net\/es\/product\/wireless-backhaul\/","url":"https:\/\/legacy.colt.net\/es\/product\/wireless-backhaul\/","name":"Wireless Backhaul Solutions | Colt Technology Services | ES","isPartOf":{"@id":"https:\/\/legacy.colt.net\/#website"},"datePublished":"2018-11-14T09:11:52+00:00","dateModified":"2019-05-16T13:26:37+00:00","description":"Gracias a nuestra red de fibra, de propiedad y gesti\u00f3n propia, Colt da soporte a todo tipo de proveedores de servicio inal\u00e1mbrico con una gama de soluciones","breadcrumb":{"@id":"https:\/\/legacy.colt.net\/es\/product\/wireless-backhaul\/#breadcrumb"},"inLanguage":"es-ES","potentialAction":[{"@type":"ReadAction","target":["https:\/\/legacy.colt.net\/es\/product\/wireless-backhaul\/"]}]},{"@type":"BreadcrumbList","@id":"https:\/\/legacy.colt.net\/es\/product\/wireless-backhaul\/#breadcrumb","itemListElement":[{"@type":"ListItem","position":1,"name":"Home","item":"https:\/\/legacy.colt.net\/es\/"},{"@type":"ListItem","position":2,"name":"Productos y servicios","item":"https:\/\/legacy.colt.net\/es\/product\/"},{"@type":"ListItem","position":3,"name":"Wireless Backhaul Solutions"}]},{"@type":"WebSite","@id":"https:\/\/legacy.colt.net\/#website","url":"https:\/\/legacy.colt.net\/","name":"Colt\u30c6\u30af\u30ce\u30ed\u30b8\u30fc\u30b5\u30fc\u30d3\u30b9\u682a\u5f0f\u4f1a\u793e","description":"Managed Network &amp; Voice Services Provider","publisher":{"@id":"https:\/\/legacy.colt.net\/#organization"},"potentialAction":[{"@type":"SearchAction","target":{"@type":"EntryPoint","urlTemplate":"https:\/\/legacy.colt.net\/?s={search_term_string}"},"query-input":{"@type":"PropertyValueSpecification","valueRequired":true,"valueName":"search_term_string"}}],"inLanguage":"es-ES"},{"@type":"Organization","@id":"https:\/\/legacy.colt.net\/#organization","name":"Colt Technology Services","url":"https:\/\/legacy.colt.net\/","logo":{"@type":"ImageObject","inLanguage":"es-ES","@id":"https:\/\/legacy.colt.net\/#\/schema\/logo\/image\/","url":"https:\/\/legacy.colt.net\/wp-content\/uploads\/2019\/02\/Colt-Logo.png","contentUrl":"https:\/\/legacy.colt.net\/wp-content\/uploads\/2019\/02\/Colt-Logo.png","width":195,"height":77,"caption":"Colt Technology Services"},"image":{"@id":"https:\/\/legacy.colt.net\/#\/schema\/logo\/image\/"},"sameAs":["https:\/\/www.facebook.com\/ColtTechnologyServices\/","https:\/\/x.com\/colt_technology","https:\/\/www.instagram.com\/colttechnologyservices\/","https:\/\/www.linkedin.com\/company\/colt-technology-services","https:\/\/www.youtube.com\/user\/ColtTechnology"]}]}},"_links":{"self":[{"href":"https:\/\/legacy.colt.net\/es\/wp-json\/wp\/v2\/pages\/38213","targetHints":{"allow":["GET"]}}],"collection":[{"href":"https:\/\/legacy.colt.net\/es\/wp-json\/wp\/v2\/pages"}],"about":[{"href":"https:\/\/legacy.colt.net\/es\/wp-json\/wp\/v2\/types\/page"}],"author":[{"embeddable":true,"href":"https:\/\/legacy.colt.net\/es\/wp-json\/wp\/v2\/users\/143"}],"replies":[{"embeddable":true,"href":"https:\/\/legacy.colt.net\/es\/wp-json\/wp\/v2\/comments?post=38213"}],"version-history":[{"count":0,"href":"https:\/\/legacy.colt.net\/es\/wp-json\/wp\/v2\/pages\/38213\/revisions"}],"up":[{"embeddable":true,"href":"https:\/\/legacy.colt.net\/es\/wp-json\/wp\/v2\/pages\/35905"}],"wp:attachment":[{"href":"https:\/\/legacy.colt.net\/es\/wp-json\/wp\/v2\/media?parent=38213"}],"wp:term":[{"taxonomy":"colt_type","embeddable":true,"href":"https:\/\/legacy.colt.net\/es\/wp-json\/wp\/v2\/colt_type?post=38213"},{"taxonomy":"colt_products","embeddable":true,"href":"https:\/\/legacy.colt.net\/es\/wp-json\/wp\/v2\/colt_products?post=38213"}],"curies":[{"name":"wp","href":"https:\/\/api.w.org\/{rel}","templated":true}]}}