{"id":38153,"date":"2018-11-13T12:07:26","date_gmt":"2018-11-13T12:07:26","guid":{"rendered":"https:\/\/www.colt.net\/product\/encryption\/"},"modified":"2024-12-14T14:41:03","modified_gmt":"2024-12-14T14:41:03","slug":"encryption","status":"publish","type":"page","link":"https:\/\/legacy.colt.net\/es\/product\/encryption\/","title":{"rendered":"Network Encryption"},"content":{"rendered":"<h2><strong>Protege la comunicaci\u00f3n de tus datos cr\u00edticos con Colt Encryption Services.<\/strong><strong>\u00a0<\/strong><\/h2>\n<p class=\"intro\">La seguridad efectiva de la red se basa en m\u00faltiples capas de defensa, no solo en el per\u00edmetro y en el n\u00facleo de red, sino tambi\u00e9n en las rutas de tr\u00e1nsito.<\/p>\n<p>Aunque el foco de la seguridad se suele colocar en los usuarios y las aplicaciones, la protecci\u00f3n de los datos en tr\u00e1nsito por la red es un componente critico dentro de una estrategia de seguridad integral.<\/p>\n<p>Colt Encryption Services garantizan una conectividad segura, de modo que, para cualquier capa de red que se desee proteger, ofrecemos un servicio de encriptaci\u00f3n que se ajusta a tus necesidades.<\/p>\n<ul>\n<li><strong>Optical Encryption<\/strong><\/li>\n<li><strong>Voice Encryption<\/strong><\/li>\n<\/ul>\n<h3><strong>Encryption \u00d3ptico<\/strong><\/h3>\n<p>Colt Optical Encryption est\u00e1 disponible como parte integral de los servicios Wave y Private Wave. Completamente transparente para Ethernet, IP y otros protocolos de red, proporciona los mayores niveles de rendimiento y seguridad.<\/p>\n<ul>\n<li><strong>Siempre activado: <\/strong>Optical Encryption <strong>es inherente al servicio principal<\/strong>y est\u00e1 incorporado al hardware \u00f3ptico para ofrecer seguridad y prestaciones m\u00e1ximas. Todo el tr\u00e1fico que atraviesa la red troncal \u00f3ptica se encripta por defecto, lo cual reduce el riesgo de que el tr\u00e1fico cr\u00edtico, deje a la empresa desprotegida.<\/li>\n<li><strong>Funcionamiento a la velocidad de fibra<\/strong>: Dado que opera en el nivel 1 del modelo OSI, la encriptaci\u00f3n \u00f3ptica es eficiente y escalable. Se implementa en la capa de se\u00f1alizaci\u00f3n OTN, la carga \u00fatil de datos completa permanece disponible sin degradaci\u00f3n de la latencia.<\/li>\n<li><strong>Cumplimiento<\/strong>: La soluci\u00f3n de Colt ofrece encriptado AES-256 con certificaci\u00f3n FIPS con mecanismos de autenticaci\u00f3n basados en est\u00e1ndares, como los certificados digitales X.509, lo que permite una simplificaci\u00f3n operativa con una integraci\u00f3n perfecta en las infraestructuras de clave p\u00fablica de la empresa.<\/li>\n<li><strong>Implantaci\u00f3n flexible<\/strong>: Los clientes pueden elegir entre gestionar sus propias claves de encriptaci\u00f3n o bien solicitar a Colt que lo haga como opci\u00f3n de servicio adicional. La flexibilidad de ubicaci\u00f3n de las plataformas de hardware \u00f3ptico de Colt, incluyendo los entornos protegidos por el cliente, permite que la soluci\u00f3n de Colt se adapte a las pol\u00edticas de seguridad del cliente.<\/li>\n<\/ul>\n<h3><strong>Encryption de voz<\/strong><\/h3>\n<p>Colt Voice Encryption proporciona seguridad adicional a sus servicios de voz, incluyendo la encriptaci\u00f3n de la se\u00f1alizaci\u00f3n SIP y el encriptadode audio.<\/p>\n<ul>\n<li>El encriptado SIP se ofrece mediante encriptado SIP Transport Layer Security (TLS), con autenticaci\u00f3n mutua, y soporta tanto Asymmetric Encryption (AES) como Triple Data Encryption (3DES)<\/li>\n<\/ul>\n<p>Colt Voice Encryption protege el flujo de audio con el encriptadode medios SRTP (Secure Real Time Protocol), que es un protocolo criptogr\u00e1fico de IETF que se utiliza para proporcionar comunicaciones seguras a trav\u00e9s de una red no fiable. Proporciona confidencialidad e integridad de los mensajes para los flujos de medios.<\/p>\n","protected":false},"excerpt":{"rendered":"<p>Protege la comunicaci\u00f3n de tus datos cr\u00edticos con Colt Encryption Services.\u00a0 La seguridad efectiva de la red se basa en m\u00faltiples capas de defensa, no solo en el per\u00edmetro y en el n\u00facleo de red, sino tambi\u00e9n en las rutas de tr\u00e1nsito. Aunque el foco de la seguridad se suele colocar en los usuarios y&#8230;<\/p>\n","protected":false},"author":143,"featured_media":0,"parent":35905,"menu_order":0,"comment_status":"closed","ping_status":"closed","template":"page-templates\/template-product.php","meta":{"_acf_changed":false,"footnotes":""},"colt_type":[],"colt_products":[1344,1635],"class_list":["post-38153","page","type-page","status-publish","hentry","colt_products-security-es","colt_products-voice-and-collaboration-es"],"acf":[],"yoast_head":"<!-- This site is optimized with the Yoast SEO plugin v26.8 - https:\/\/yoast.com\/product\/yoast-seo-wordpress\/ -->\n<title>Network Encryption | Colt Technology Services | ES<\/title>\n<meta name=\"description\" content=\"Protege la comunicaci\u00f3n de tus datos cr\u00edticos con Colt Encryption Services. La seguridad efectiva de la red se basa en m\u00faltiples capas de defensa...\" \/>\n<meta name=\"robots\" content=\"noindex, follow, max-snippet:-1, max-image-preview:large, max-video-preview:-1\" \/>\n<meta property=\"og:locale\" content=\"es_ES\" \/>\n<meta property=\"og:type\" content=\"article\" \/>\n<meta property=\"og:title\" content=\"Network Encryption | Colt Technology Services | ES\" \/>\n<meta property=\"og:description\" content=\"Protege la comunicaci\u00f3n de tus datos cr\u00edticos con Colt Encryption Services. La seguridad efectiva de la red se basa en m\u00faltiples capas de defensa...\" \/>\n<meta property=\"og:url\" content=\"https:\/\/legacy.colt.net\/es\/product\/encryption\/\" \/>\n<meta property=\"og:site_name\" content=\"Colt Technology Services\" \/>\n<meta property=\"article:publisher\" content=\"https:\/\/www.facebook.com\/ColtTechnologyServices\/\" \/>\n<meta property=\"article:modified_time\" content=\"2024-12-14T14:41:03+00:00\" \/>\n<meta name=\"twitter:card\" content=\"summary_large_image\" \/>\n<meta name=\"twitter:site\" content=\"@colt_technology\" \/>\n<script type=\"application\/ld+json\" class=\"yoast-schema-graph\">{\"@context\":\"https:\/\/schema.org\",\"@graph\":[{\"@type\":\"WebPage\",\"@id\":\"https:\/\/legacy.colt.net\/es\/product\/encryption\/\",\"url\":\"https:\/\/legacy.colt.net\/es\/product\/encryption\/\",\"name\":\"Network Encryption | Colt Technology Services | ES\",\"isPartOf\":{\"@id\":\"https:\/\/legacy.colt.net\/#website\"},\"datePublished\":\"2018-11-13T12:07:26+00:00\",\"dateModified\":\"2024-12-14T14:41:03+00:00\",\"description\":\"Protege la comunicaci\u00f3n de tus datos cr\u00edticos con Colt Encryption Services. La seguridad efectiva de la red se basa en m\u00faltiples capas de defensa...\",\"breadcrumb\":{\"@id\":\"https:\/\/legacy.colt.net\/es\/product\/encryption\/#breadcrumb\"},\"inLanguage\":\"es-ES\",\"potentialAction\":[{\"@type\":\"ReadAction\",\"target\":[\"https:\/\/legacy.colt.net\/es\/product\/encryption\/\"]}]},{\"@type\":\"BreadcrumbList\",\"@id\":\"https:\/\/legacy.colt.net\/es\/product\/encryption\/#breadcrumb\",\"itemListElement\":[{\"@type\":\"ListItem\",\"position\":1,\"name\":\"Home\",\"item\":\"https:\/\/legacy.colt.net\/es\/\"},{\"@type\":\"ListItem\",\"position\":2,\"name\":\"Productos y servicios\",\"item\":\"https:\/\/legacy.colt.net\/es\/product\/\"},{\"@type\":\"ListItem\",\"position\":3,\"name\":\"Network Encryption\"}]},{\"@type\":\"WebSite\",\"@id\":\"https:\/\/legacy.colt.net\/#website\",\"url\":\"https:\/\/legacy.colt.net\/\",\"name\":\"Colt\u30c6\u30af\u30ce\u30ed\u30b8\u30fc\u30b5\u30fc\u30d3\u30b9\u682a\u5f0f\u4f1a\u793e\",\"description\":\"Managed Network &amp; Voice Services Provider\",\"publisher\":{\"@id\":\"https:\/\/legacy.colt.net\/#organization\"},\"potentialAction\":[{\"@type\":\"SearchAction\",\"target\":{\"@type\":\"EntryPoint\",\"urlTemplate\":\"https:\/\/legacy.colt.net\/?s={search_term_string}\"},\"query-input\":{\"@type\":\"PropertyValueSpecification\",\"valueRequired\":true,\"valueName\":\"search_term_string\"}}],\"inLanguage\":\"es-ES\"},{\"@type\":\"Organization\",\"@id\":\"https:\/\/legacy.colt.net\/#organization\",\"name\":\"Colt Technology Services\",\"url\":\"https:\/\/legacy.colt.net\/\",\"logo\":{\"@type\":\"ImageObject\",\"inLanguage\":\"es-ES\",\"@id\":\"https:\/\/legacy.colt.net\/#\/schema\/logo\/image\/\",\"url\":\"https:\/\/legacy.colt.net\/wp-content\/uploads\/2019\/02\/Colt-Logo.png\",\"contentUrl\":\"https:\/\/legacy.colt.net\/wp-content\/uploads\/2019\/02\/Colt-Logo.png\",\"width\":195,\"height\":77,\"caption\":\"Colt Technology Services\"},\"image\":{\"@id\":\"https:\/\/legacy.colt.net\/#\/schema\/logo\/image\/\"},\"sameAs\":[\"https:\/\/www.facebook.com\/ColtTechnologyServices\/\",\"https:\/\/x.com\/colt_technology\",\"https:\/\/www.instagram.com\/colttechnologyservices\/\",\"https:\/\/www.linkedin.com\/company\/colt-technology-services\",\"https:\/\/www.youtube.com\/user\/ColtTechnology\"]}]}<\/script>\n<!-- \/ Yoast SEO plugin. -->","yoast_head_json":{"title":"Network Encryption | Colt Technology Services | ES","description":"Protege la comunicaci\u00f3n de tus datos cr\u00edticos con Colt Encryption Services. La seguridad efectiva de la red se basa en m\u00faltiples capas de defensa...","robots":{"index":"noindex","follow":"follow","max-snippet":"max-snippet:-1","max-image-preview":"max-image-preview:large","max-video-preview":"max-video-preview:-1"},"og_locale":"es_ES","og_type":"article","og_title":"Network Encryption | Colt Technology Services | ES","og_description":"Protege la comunicaci\u00f3n de tus datos cr\u00edticos con Colt Encryption Services. La seguridad efectiva de la red se basa en m\u00faltiples capas de defensa...","og_url":"https:\/\/legacy.colt.net\/es\/product\/encryption\/","og_site_name":"Colt Technology Services","article_publisher":"https:\/\/www.facebook.com\/ColtTechnologyServices\/","article_modified_time":"2024-12-14T14:41:03+00:00","twitter_card":"summary_large_image","twitter_site":"@colt_technology","schema":{"@context":"https:\/\/schema.org","@graph":[{"@type":"WebPage","@id":"https:\/\/legacy.colt.net\/es\/product\/encryption\/","url":"https:\/\/legacy.colt.net\/es\/product\/encryption\/","name":"Network Encryption | Colt Technology Services | ES","isPartOf":{"@id":"https:\/\/legacy.colt.net\/#website"},"datePublished":"2018-11-13T12:07:26+00:00","dateModified":"2024-12-14T14:41:03+00:00","description":"Protege la comunicaci\u00f3n de tus datos cr\u00edticos con Colt Encryption Services. La seguridad efectiva de la red se basa en m\u00faltiples capas de defensa...","breadcrumb":{"@id":"https:\/\/legacy.colt.net\/es\/product\/encryption\/#breadcrumb"},"inLanguage":"es-ES","potentialAction":[{"@type":"ReadAction","target":["https:\/\/legacy.colt.net\/es\/product\/encryption\/"]}]},{"@type":"BreadcrumbList","@id":"https:\/\/legacy.colt.net\/es\/product\/encryption\/#breadcrumb","itemListElement":[{"@type":"ListItem","position":1,"name":"Home","item":"https:\/\/legacy.colt.net\/es\/"},{"@type":"ListItem","position":2,"name":"Productos y servicios","item":"https:\/\/legacy.colt.net\/es\/product\/"},{"@type":"ListItem","position":3,"name":"Network Encryption"}]},{"@type":"WebSite","@id":"https:\/\/legacy.colt.net\/#website","url":"https:\/\/legacy.colt.net\/","name":"Colt\u30c6\u30af\u30ce\u30ed\u30b8\u30fc\u30b5\u30fc\u30d3\u30b9\u682a\u5f0f\u4f1a\u793e","description":"Managed Network &amp; Voice Services Provider","publisher":{"@id":"https:\/\/legacy.colt.net\/#organization"},"potentialAction":[{"@type":"SearchAction","target":{"@type":"EntryPoint","urlTemplate":"https:\/\/legacy.colt.net\/?s={search_term_string}"},"query-input":{"@type":"PropertyValueSpecification","valueRequired":true,"valueName":"search_term_string"}}],"inLanguage":"es-ES"},{"@type":"Organization","@id":"https:\/\/legacy.colt.net\/#organization","name":"Colt Technology Services","url":"https:\/\/legacy.colt.net\/","logo":{"@type":"ImageObject","inLanguage":"es-ES","@id":"https:\/\/legacy.colt.net\/#\/schema\/logo\/image\/","url":"https:\/\/legacy.colt.net\/wp-content\/uploads\/2019\/02\/Colt-Logo.png","contentUrl":"https:\/\/legacy.colt.net\/wp-content\/uploads\/2019\/02\/Colt-Logo.png","width":195,"height":77,"caption":"Colt Technology Services"},"image":{"@id":"https:\/\/legacy.colt.net\/#\/schema\/logo\/image\/"},"sameAs":["https:\/\/www.facebook.com\/ColtTechnologyServices\/","https:\/\/x.com\/colt_technology","https:\/\/www.instagram.com\/colttechnologyservices\/","https:\/\/www.linkedin.com\/company\/colt-technology-services","https:\/\/www.youtube.com\/user\/ColtTechnology"]}]}},"_links":{"self":[{"href":"https:\/\/legacy.colt.net\/es\/wp-json\/wp\/v2\/pages\/38153","targetHints":{"allow":["GET"]}}],"collection":[{"href":"https:\/\/legacy.colt.net\/es\/wp-json\/wp\/v2\/pages"}],"about":[{"href":"https:\/\/legacy.colt.net\/es\/wp-json\/wp\/v2\/types\/page"}],"author":[{"embeddable":true,"href":"https:\/\/legacy.colt.net\/es\/wp-json\/wp\/v2\/users\/143"}],"replies":[{"embeddable":true,"href":"https:\/\/legacy.colt.net\/es\/wp-json\/wp\/v2\/comments?post=38153"}],"version-history":[{"count":0,"href":"https:\/\/legacy.colt.net\/es\/wp-json\/wp\/v2\/pages\/38153\/revisions"}],"up":[{"embeddable":true,"href":"https:\/\/legacy.colt.net\/es\/wp-json\/wp\/v2\/pages\/35905"}],"wp:attachment":[{"href":"https:\/\/legacy.colt.net\/es\/wp-json\/wp\/v2\/media?parent=38153"}],"wp:term":[{"taxonomy":"colt_type","embeddable":true,"href":"https:\/\/legacy.colt.net\/es\/wp-json\/wp\/v2\/colt_type?post=38153"},{"taxonomy":"colt_products","embeddable":true,"href":"https:\/\/legacy.colt.net\/es\/wp-json\/wp\/v2\/colt_products?post=38153"}],"curies":[{"name":"wp","href":"https:\/\/api.w.org\/{rel}","templated":true}]}}