{"id":38143,"date":"2018-11-13T11:59:01","date_gmt":"2018-11-13T11:59:01","guid":{"rendered":"https:\/\/www.colt.net\/product\/managed-firewall\/"},"modified":"2024-12-14T14:38:53","modified_gmt":"2024-12-14T14:38:53","slug":"managed-firewall","status":"publish","type":"page","link":"https:\/\/legacy.colt.net\/es\/product\/managed-firewall\/","title":{"rendered":"Managed Firewall"},"content":{"rendered":"<h2><strong>Proteja su empresa de las amenazas\u00a0 de ciberataques con Colt Managed Firewall <\/strong><\/h2>\n<p class=\"intro\">Las empresas han reconocido desde hace mucho tiempo que los datos que poseen y las aplicaciones en las que conf\u00edan constituyen el elemento vital de sus operaciones digitales y comerciales y que deben ser inteligentes para protegerlas.<\/p>\n<p>No realizar un mantenimiento proactivo de la seguridad, la integridad y la disponibilidad de estos datos esenciales puede poner en peligro la existencia de cualquier organizaci\u00f3n.<\/p>\n<p>Un firewall es la primera l\u00ednea de defensa frente\u00a0 los ciberataques, hasta tal punto que mantener la seguridad perimetral se ha convertido en un reto importante y los propios firewall se pueden convertir en un riesgo de seguridad inadvertido si no se gestionan de forma eficaz.<\/p>\n<h3><strong>Colt Managed Firewall <\/strong><\/h3>\n<p>Un firewall gestionado alivia esta preocupaci\u00f3n y defiende un punto vulnerable clave sin necesidad de destinar costosos recursos de TI. El servicio de firewall est\u00e1 totalmente gestionado por Colt: desde el dise\u00f1o, la instalaci\u00f3n, la configuraci\u00f3n y el mantenimiento diario de los componentes de hardware y software hasta la monitorizaci\u00f3n proactiva de red 24\/7 y el soporte externo proporcionado por nuestros profesionales en\u00a0 ciberseguridad.<\/p>\n<p>Nuestra gama de servicios Managed Firewall est\u00e1 dise\u00f1ada para responder a todas sus\u00a0 necesidades: desde proteger el acceso a internet de una \u00fanica oficina hasta las ubicaciones m\u00faltiples de tu Colt IP VPN.<\/p>\n<h3><strong>Variantes de firewall<\/strong><\/h3>\n<p>Nuestras soluciones de firewall utilizan diferentes tecnolog\u00edas para cumplir con los requisitos y equilibrar el rendimiento con el coste<\/p>\n<ul>\n<li><strong>F<\/strong><strong>irewall dedicado:\u00a0 <\/strong>Nuestro servicio de firewall de \u00faltima generaci\u00f3n creado sobre infraestructura f\u00edsica y reservado para un cliente \u00fanico.<\/li>\n<li><strong> F<\/strong><strong>irewall virtual<\/strong>:\u00a0Un firewall rentable que ofrece los beneficios de seguridad de una manera m\u00e1s rentable. La virtualizaci\u00f3n del firewall permite unaprovisionamiento r\u00e1pido, una escalabilidad ilimitada y elimina la necesidad de mantener un firewall de red f\u00edsico.<\/li>\n<\/ul>\n<h3><strong>Ventajas<\/strong><\/h3>\n<ul>\n<li>Prot\u00e9jase contra la p\u00e9rdida de ingresos y guarde su informaci\u00f3n cr\u00edtica frente a fallos de seguridad.<\/li>\n<li>Controla el escalado de los costes de seguridad de TI y los procesos operativos.<\/li>\n<li>Opciones de servicio y conjunto de funciones adaptado a los requisitos de tu pol\u00edtica de seguridad.<\/li>\n<li>Totalmente gestionado por los expertos en ciberseguridad de Colt, que te permite concentrarte en el crecimiento de tu negocio.<\/li>\n<\/ul>\n","protected":false},"excerpt":{"rendered":"<p>Proteja su empresa de las amenazas\u00a0 de ciberataques con Colt Managed Firewall Las empresas han reconocido desde hace mucho tiempo que los datos que poseen y las aplicaciones en las que conf\u00edan constituyen el elemento vital de sus operaciones digitales y comerciales y que deben ser inteligentes para protegerlas. No realizar un mantenimiento proactivo de&#8230;<\/p>\n","protected":false},"author":143,"featured_media":0,"parent":35905,"menu_order":0,"comment_status":"closed","ping_status":"closed","template":"page-templates\/template-product.php","meta":{"_acf_changed":false,"footnotes":""},"colt_type":[],"colt_products":[1344,1635],"class_list":["post-38143","page","type-page","status-publish","hentry","colt_products-security-es","colt_products-voice-and-collaboration-es"],"acf":[],"yoast_head":"<!-- This site is optimized with the Yoast SEO plugin v26.8 - https:\/\/yoast.com\/product\/yoast-seo-wordpress\/ -->\n<title>Managed Firewall Services | Colt Technology Services | ES<\/title>\n<meta name=\"description\" content=\"Proteja su empresa de las amenazas de ciberataques con Colt Managed Firewall .Las empresas han reconocido desde hace mucho tiempo que los datos que\" \/>\n<meta name=\"robots\" content=\"noindex, follow, max-snippet:-1, max-image-preview:large, max-video-preview:-1\" \/>\n<meta property=\"og:locale\" content=\"es_ES\" \/>\n<meta property=\"og:type\" content=\"article\" \/>\n<meta property=\"og:title\" content=\"Managed Firewall Services | Colt Technology Services | ES\" \/>\n<meta property=\"og:description\" content=\"Proteja su empresa de las amenazas de ciberataques con Colt Managed Firewall .Las empresas han reconocido desde hace mucho tiempo que los datos que\" \/>\n<meta property=\"og:url\" content=\"https:\/\/legacy.colt.net\/es\/product\/managed-firewall\/\" \/>\n<meta property=\"og:site_name\" content=\"Colt Technology Services\" \/>\n<meta property=\"article:publisher\" content=\"https:\/\/www.facebook.com\/ColtTechnologyServices\/\" \/>\n<meta property=\"article:modified_time\" content=\"2024-12-14T14:38:53+00:00\" \/>\n<meta name=\"twitter:card\" content=\"summary_large_image\" \/>\n<meta name=\"twitter:site\" content=\"@colt_technology\" \/>\n<script type=\"application\/ld+json\" class=\"yoast-schema-graph\">{\"@context\":\"https:\/\/schema.org\",\"@graph\":[{\"@type\":\"WebPage\",\"@id\":\"https:\/\/legacy.colt.net\/es\/product\/managed-firewall\/\",\"url\":\"https:\/\/legacy.colt.net\/es\/product\/managed-firewall\/\",\"name\":\"Managed Firewall Services | Colt Technology Services | ES\",\"isPartOf\":{\"@id\":\"https:\/\/legacy.colt.net\/#website\"},\"datePublished\":\"2018-11-13T11:59:01+00:00\",\"dateModified\":\"2024-12-14T14:38:53+00:00\",\"description\":\"Proteja su empresa de las amenazas de ciberataques con Colt Managed Firewall .Las empresas han reconocido desde hace mucho tiempo que los datos que\",\"breadcrumb\":{\"@id\":\"https:\/\/legacy.colt.net\/es\/product\/managed-firewall\/#breadcrumb\"},\"inLanguage\":\"es-ES\",\"potentialAction\":[{\"@type\":\"ReadAction\",\"target\":[\"https:\/\/legacy.colt.net\/es\/product\/managed-firewall\/\"]}]},{\"@type\":\"BreadcrumbList\",\"@id\":\"https:\/\/legacy.colt.net\/es\/product\/managed-firewall\/#breadcrumb\",\"itemListElement\":[{\"@type\":\"ListItem\",\"position\":1,\"name\":\"Home\",\"item\":\"https:\/\/legacy.colt.net\/es\/\"},{\"@type\":\"ListItem\",\"position\":2,\"name\":\"Productos y servicios\",\"item\":\"https:\/\/legacy.colt.net\/es\/product\/\"},{\"@type\":\"ListItem\",\"position\":3,\"name\":\"Managed Firewall\"}]},{\"@type\":\"WebSite\",\"@id\":\"https:\/\/legacy.colt.net\/#website\",\"url\":\"https:\/\/legacy.colt.net\/\",\"name\":\"Colt\u30c6\u30af\u30ce\u30ed\u30b8\u30fc\u30b5\u30fc\u30d3\u30b9\u682a\u5f0f\u4f1a\u793e\",\"description\":\"Managed Network &amp; Voice Services Provider\",\"publisher\":{\"@id\":\"https:\/\/legacy.colt.net\/#organization\"},\"potentialAction\":[{\"@type\":\"SearchAction\",\"target\":{\"@type\":\"EntryPoint\",\"urlTemplate\":\"https:\/\/legacy.colt.net\/?s={search_term_string}\"},\"query-input\":{\"@type\":\"PropertyValueSpecification\",\"valueRequired\":true,\"valueName\":\"search_term_string\"}}],\"inLanguage\":\"es-ES\"},{\"@type\":\"Organization\",\"@id\":\"https:\/\/legacy.colt.net\/#organization\",\"name\":\"Colt Technology Services\",\"url\":\"https:\/\/legacy.colt.net\/\",\"logo\":{\"@type\":\"ImageObject\",\"inLanguage\":\"es-ES\",\"@id\":\"https:\/\/legacy.colt.net\/#\/schema\/logo\/image\/\",\"url\":\"https:\/\/legacy.colt.net\/wp-content\/uploads\/2019\/02\/Colt-Logo.png\",\"contentUrl\":\"https:\/\/legacy.colt.net\/wp-content\/uploads\/2019\/02\/Colt-Logo.png\",\"width\":195,\"height\":77,\"caption\":\"Colt Technology Services\"},\"image\":{\"@id\":\"https:\/\/legacy.colt.net\/#\/schema\/logo\/image\/\"},\"sameAs\":[\"https:\/\/www.facebook.com\/ColtTechnologyServices\/\",\"https:\/\/x.com\/colt_technology\",\"https:\/\/www.instagram.com\/colttechnologyservices\/\",\"https:\/\/www.linkedin.com\/company\/colt-technology-services\",\"https:\/\/www.youtube.com\/user\/ColtTechnology\"]}]}<\/script>\n<!-- \/ Yoast SEO plugin. -->","yoast_head_json":{"title":"Managed Firewall Services | Colt Technology Services | ES","description":"Proteja su empresa de las amenazas de ciberataques con Colt Managed Firewall .Las empresas han reconocido desde hace mucho tiempo que los datos que","robots":{"index":"noindex","follow":"follow","max-snippet":"max-snippet:-1","max-image-preview":"max-image-preview:large","max-video-preview":"max-video-preview:-1"},"og_locale":"es_ES","og_type":"article","og_title":"Managed Firewall Services | Colt Technology Services | ES","og_description":"Proteja su empresa de las amenazas de ciberataques con Colt Managed Firewall .Las empresas han reconocido desde hace mucho tiempo que los datos que","og_url":"https:\/\/legacy.colt.net\/es\/product\/managed-firewall\/","og_site_name":"Colt Technology Services","article_publisher":"https:\/\/www.facebook.com\/ColtTechnologyServices\/","article_modified_time":"2024-12-14T14:38:53+00:00","twitter_card":"summary_large_image","twitter_site":"@colt_technology","schema":{"@context":"https:\/\/schema.org","@graph":[{"@type":"WebPage","@id":"https:\/\/legacy.colt.net\/es\/product\/managed-firewall\/","url":"https:\/\/legacy.colt.net\/es\/product\/managed-firewall\/","name":"Managed Firewall Services | Colt Technology Services | ES","isPartOf":{"@id":"https:\/\/legacy.colt.net\/#website"},"datePublished":"2018-11-13T11:59:01+00:00","dateModified":"2024-12-14T14:38:53+00:00","description":"Proteja su empresa de las amenazas de ciberataques con Colt Managed Firewall .Las empresas han reconocido desde hace mucho tiempo que los datos que","breadcrumb":{"@id":"https:\/\/legacy.colt.net\/es\/product\/managed-firewall\/#breadcrumb"},"inLanguage":"es-ES","potentialAction":[{"@type":"ReadAction","target":["https:\/\/legacy.colt.net\/es\/product\/managed-firewall\/"]}]},{"@type":"BreadcrumbList","@id":"https:\/\/legacy.colt.net\/es\/product\/managed-firewall\/#breadcrumb","itemListElement":[{"@type":"ListItem","position":1,"name":"Home","item":"https:\/\/legacy.colt.net\/es\/"},{"@type":"ListItem","position":2,"name":"Productos y servicios","item":"https:\/\/legacy.colt.net\/es\/product\/"},{"@type":"ListItem","position":3,"name":"Managed Firewall"}]},{"@type":"WebSite","@id":"https:\/\/legacy.colt.net\/#website","url":"https:\/\/legacy.colt.net\/","name":"Colt\u30c6\u30af\u30ce\u30ed\u30b8\u30fc\u30b5\u30fc\u30d3\u30b9\u682a\u5f0f\u4f1a\u793e","description":"Managed Network &amp; Voice Services Provider","publisher":{"@id":"https:\/\/legacy.colt.net\/#organization"},"potentialAction":[{"@type":"SearchAction","target":{"@type":"EntryPoint","urlTemplate":"https:\/\/legacy.colt.net\/?s={search_term_string}"},"query-input":{"@type":"PropertyValueSpecification","valueRequired":true,"valueName":"search_term_string"}}],"inLanguage":"es-ES"},{"@type":"Organization","@id":"https:\/\/legacy.colt.net\/#organization","name":"Colt Technology Services","url":"https:\/\/legacy.colt.net\/","logo":{"@type":"ImageObject","inLanguage":"es-ES","@id":"https:\/\/legacy.colt.net\/#\/schema\/logo\/image\/","url":"https:\/\/legacy.colt.net\/wp-content\/uploads\/2019\/02\/Colt-Logo.png","contentUrl":"https:\/\/legacy.colt.net\/wp-content\/uploads\/2019\/02\/Colt-Logo.png","width":195,"height":77,"caption":"Colt Technology Services"},"image":{"@id":"https:\/\/legacy.colt.net\/#\/schema\/logo\/image\/"},"sameAs":["https:\/\/www.facebook.com\/ColtTechnologyServices\/","https:\/\/x.com\/colt_technology","https:\/\/www.instagram.com\/colttechnologyservices\/","https:\/\/www.linkedin.com\/company\/colt-technology-services","https:\/\/www.youtube.com\/user\/ColtTechnology"]}]}},"_links":{"self":[{"href":"https:\/\/legacy.colt.net\/es\/wp-json\/wp\/v2\/pages\/38143","targetHints":{"allow":["GET"]}}],"collection":[{"href":"https:\/\/legacy.colt.net\/es\/wp-json\/wp\/v2\/pages"}],"about":[{"href":"https:\/\/legacy.colt.net\/es\/wp-json\/wp\/v2\/types\/page"}],"author":[{"embeddable":true,"href":"https:\/\/legacy.colt.net\/es\/wp-json\/wp\/v2\/users\/143"}],"replies":[{"embeddable":true,"href":"https:\/\/legacy.colt.net\/es\/wp-json\/wp\/v2\/comments?post=38143"}],"version-history":[{"count":0,"href":"https:\/\/legacy.colt.net\/es\/wp-json\/wp\/v2\/pages\/38143\/revisions"}],"up":[{"embeddable":true,"href":"https:\/\/legacy.colt.net\/es\/wp-json\/wp\/v2\/pages\/35905"}],"wp:attachment":[{"href":"https:\/\/legacy.colt.net\/es\/wp-json\/wp\/v2\/media?parent=38143"}],"wp:term":[{"taxonomy":"colt_type","embeddable":true,"href":"https:\/\/legacy.colt.net\/es\/wp-json\/wp\/v2\/colt_type?post=38143"},{"taxonomy":"colt_products","embeddable":true,"href":"https:\/\/legacy.colt.net\/es\/wp-json\/wp\/v2\/colt_products?post=38143"}],"curies":[{"name":"wp","href":"https:\/\/api.w.org\/{rel}","templated":true}]}}