{"id":38139,"date":"2018-11-12T17:03:31","date_gmt":"2018-11-12T17:03:31","guid":{"rendered":"https:\/\/www.colt.net\/product\/in-over-carrier-voip\/"},"modified":"2024-12-14T14:18:16","modified_gmt":"2024-12-14T14:18:16","slug":"in-over-carrier-voip","status":"publish","type":"page","link":"https:\/\/legacy.colt.net\/es\/product\/in-over-carrier-voip\/","title":{"rendered":"IN sobre VoIP de operador"},"content":{"rendered":"<p><iframe loading=\"lazy\" src=\"https:\/\/www.youtube.com\/embed\/B4isS_WjxUY?rel=0\" width=\"844\" height=\"475\" frameborder=\"0\" allowfullscreen=\"allowfullscreen\"><span data-mce-type=\"bookmark\" style=\"display: inline-block; width: 0px; overflow: hidden; line-height: 0;\" class=\"mce_SELRES_start\">\ufeff<\/span><span data-mce-type=\"bookmark\" style=\"display: inline-block; width: 0px; overflow: hidden; line-height: 0;\" class=\"mce_SELRES_start\">\ufeff<\/span><span data-mce-type=\"bookmark\" style=\"display: inline-block; width: 0px; overflow: hidden; line-height: 0;\" class=\"mce_SELRES_start\">\ufeff<\/span><span data-mce-type=\"bookmark\" style=\"display: inline-block; width: 0px; overflow: hidden; line-height: 0;\" class=\"mce_SELRES_start\">\ufeff<\/span><\/iframe><\/p>\n<p class=\"intro\">Colt IN over Carrier VoIP se dirige espec\u00edficamente a las necesidades de los proveedores de servicios que desean n\u00fameros dial-in para sus centros de atenci\u00f3n y servicios de conferencia en Europa.<\/p>\n<h3><strong>Simplifica tu empresa<\/strong><\/h3>\n<p>Gestiona todo el tr\u00e1fico entrante a tus servicios de Red Inteligente (IN) en Europa con una sola interconexi\u00f3n SIP.<\/p>\n<p>Recogemos tus llamadas IN y las entregamos a tu plataforma VoIP mediante nuestra red de categor\u00eda de operadora de forma escalable y rentable (cumpliendo la normativa, ajustado a toda la normativa propia del pa\u00eds).<\/p>\n<h3><strong>Una flexibilidad que responde a tus necesidades<\/strong><\/h3>\n<p>Nuestro completo cat\u00e1logo de servicios IN te ofrece n\u00fameros gratuitos, de coste compartido, de tarificaci\u00f3n especial y geogr\u00e1ficos en 13 pa\u00edses europeos.<\/p>\n<p>Elije la opci\u00f3n de interconexi\u00f3n SIP que se adec\u00faa a los requisitos de tu empresa (Ethernet, IPVPN con una calidad de servicio garantizada o internet p\u00fablica para conectar tus empresas en todo el mundo).<\/p>\n<p>Factura a tus clientes finales de forma flexible con nuestros CDR normalizados no tarificados que se generan dos veces al d\u00eda.<\/p>\n<h3><strong>Sencillo y ajustado a la normativa<\/strong><\/h3>\n<p>Ah\u00f3rrate la complejidad de contratar con varios operadores nacionales y de invertir en procesos locales. Disfruta de una atenci\u00f3n al cliente paneuropea \u00fanica.<\/p>\n<p>Con una experiencia regulatoria de m\u00e1s de 20 a\u00f1os, junto con nuestra prestigiosa red, somos el partner europeo preferido para n\u00fameros de servicios IN.<\/p>\n","protected":false},"excerpt":{"rendered":"<p>\ufeff\ufeff\ufeff\ufeff Colt IN over Carrier VoIP se dirige espec\u00edficamente a las necesidades de los proveedores de servicios que desean n\u00fameros dial-in para sus centros de atenci\u00f3n y servicios de conferencia en Europa. Simplifica tu empresa Gestiona todo el tr\u00e1fico entrante a tus servicios de Red Inteligente (IN) en Europa con una sola interconexi\u00f3n SIP. Recogemos&#8230;<\/p>\n","protected":false},"author":143,"featured_media":0,"parent":35905,"menu_order":0,"comment_status":"closed","ping_status":"closed","template":"page-templates\/template-product.php","meta":{"_acf_changed":false,"footnotes":""},"colt_type":[],"colt_products":[1635],"class_list":["post-38139","page","type-page","status-publish","hentry","colt_products-voice-and-collaboration-es"],"acf":[],"yoast_head":"<!-- This site is optimized with the Yoast SEO plugin v26.8 - https:\/\/yoast.com\/product\/yoast-seo-wordpress\/ -->\n<title>IN sobre VoIP de operador | Colt Technology Services | ES<\/title>\n<meta name=\"description\" content=\"Nuestra soluci\u00f3n IN a trav\u00e9s de VoIP de operador le permite terminar el tr\u00e1fico procedente de n\u00fameros de servicio de red inteligente (IN) en su plataforma VoIP de una forma escalable y rentable.\" \/>\n<meta name=\"robots\" content=\"noindex, follow, max-snippet:-1, max-image-preview:large, max-video-preview:-1\" \/>\n<meta property=\"og:locale\" content=\"es_ES\" \/>\n<meta property=\"og:type\" content=\"article\" \/>\n<meta property=\"og:title\" content=\"IN sobre VoIP de operador | Colt Technology Services | ES\" \/>\n<meta property=\"og:description\" content=\"Nuestra soluci\u00f3n IN a trav\u00e9s de VoIP de operador le permite terminar el tr\u00e1fico procedente de n\u00fameros de servicio de red inteligente (IN) en su plataforma VoIP de una forma escalable y rentable.\" \/>\n<meta property=\"og:url\" content=\"https:\/\/legacy.colt.net\/es\/product\/in-over-carrier-voip\/\" \/>\n<meta property=\"og:site_name\" content=\"Colt Technology Services\" \/>\n<meta property=\"article:publisher\" content=\"https:\/\/www.facebook.com\/ColtTechnologyServices\/\" \/>\n<meta property=\"article:modified_time\" content=\"2024-12-14T14:18:16+00:00\" \/>\n<meta name=\"twitter:card\" content=\"summary_large_image\" \/>\n<meta name=\"twitter:site\" content=\"@colt_technology\" \/>\n<script type=\"application\/ld+json\" class=\"yoast-schema-graph\">{\"@context\":\"https:\/\/schema.org\",\"@graph\":[{\"@type\":\"WebPage\",\"@id\":\"https:\/\/legacy.colt.net\/es\/product\/in-over-carrier-voip\/\",\"url\":\"https:\/\/legacy.colt.net\/es\/product\/in-over-carrier-voip\/\",\"name\":\"IN sobre VoIP de operador | Colt Technology Services | ES\",\"isPartOf\":{\"@id\":\"https:\/\/legacy.colt.net\/#website\"},\"datePublished\":\"2018-11-12T17:03:31+00:00\",\"dateModified\":\"2024-12-14T14:18:16+00:00\",\"description\":\"Nuestra soluci\u00f3n IN a trav\u00e9s de VoIP de operador le permite terminar el tr\u00e1fico procedente de n\u00fameros de servicio de red inteligente (IN) en su plataforma VoIP de una forma escalable y rentable.\",\"breadcrumb\":{\"@id\":\"https:\/\/legacy.colt.net\/es\/product\/in-over-carrier-voip\/#breadcrumb\"},\"inLanguage\":\"es-ES\",\"potentialAction\":[{\"@type\":\"ReadAction\",\"target\":[\"https:\/\/legacy.colt.net\/es\/product\/in-over-carrier-voip\/\"]}]},{\"@type\":\"BreadcrumbList\",\"@id\":\"https:\/\/legacy.colt.net\/es\/product\/in-over-carrier-voip\/#breadcrumb\",\"itemListElement\":[{\"@type\":\"ListItem\",\"position\":1,\"name\":\"Home\",\"item\":\"https:\/\/legacy.colt.net\/es\/\"},{\"@type\":\"ListItem\",\"position\":2,\"name\":\"Productos y servicios\",\"item\":\"https:\/\/legacy.colt.net\/es\/product\/\"},{\"@type\":\"ListItem\",\"position\":3,\"name\":\"IN sobre VoIP de operador\"}]},{\"@type\":\"WebSite\",\"@id\":\"https:\/\/legacy.colt.net\/#website\",\"url\":\"https:\/\/legacy.colt.net\/\",\"name\":\"Colt\u30c6\u30af\u30ce\u30ed\u30b8\u30fc\u30b5\u30fc\u30d3\u30b9\u682a\u5f0f\u4f1a\u793e\",\"description\":\"Managed Network &amp; Voice Services Provider\",\"publisher\":{\"@id\":\"https:\/\/legacy.colt.net\/#organization\"},\"potentialAction\":[{\"@type\":\"SearchAction\",\"target\":{\"@type\":\"EntryPoint\",\"urlTemplate\":\"https:\/\/legacy.colt.net\/?s={search_term_string}\"},\"query-input\":{\"@type\":\"PropertyValueSpecification\",\"valueRequired\":true,\"valueName\":\"search_term_string\"}}],\"inLanguage\":\"es-ES\"},{\"@type\":\"Organization\",\"@id\":\"https:\/\/legacy.colt.net\/#organization\",\"name\":\"Colt Technology Services\",\"url\":\"https:\/\/legacy.colt.net\/\",\"logo\":{\"@type\":\"ImageObject\",\"inLanguage\":\"es-ES\",\"@id\":\"https:\/\/legacy.colt.net\/#\/schema\/logo\/image\/\",\"url\":\"https:\/\/legacy.colt.net\/wp-content\/uploads\/2019\/02\/Colt-Logo.png\",\"contentUrl\":\"https:\/\/legacy.colt.net\/wp-content\/uploads\/2019\/02\/Colt-Logo.png\",\"width\":195,\"height\":77,\"caption\":\"Colt Technology Services\"},\"image\":{\"@id\":\"https:\/\/legacy.colt.net\/#\/schema\/logo\/image\/\"},\"sameAs\":[\"https:\/\/www.facebook.com\/ColtTechnologyServices\/\",\"https:\/\/x.com\/colt_technology\",\"https:\/\/www.instagram.com\/colttechnologyservices\/\",\"https:\/\/www.linkedin.com\/company\/colt-technology-services\",\"https:\/\/www.youtube.com\/user\/ColtTechnology\"]}]}<\/script>\n<!-- \/ Yoast SEO plugin. -->","yoast_head_json":{"title":"IN sobre VoIP de operador | Colt Technology Services | ES","description":"Nuestra soluci\u00f3n IN a trav\u00e9s de VoIP de operador le permite terminar el tr\u00e1fico procedente de n\u00fameros de servicio de red inteligente (IN) en su plataforma VoIP de una forma escalable y rentable.","robots":{"index":"noindex","follow":"follow","max-snippet":"max-snippet:-1","max-image-preview":"max-image-preview:large","max-video-preview":"max-video-preview:-1"},"og_locale":"es_ES","og_type":"article","og_title":"IN sobre VoIP de operador | Colt Technology Services | ES","og_description":"Nuestra soluci\u00f3n IN a trav\u00e9s de VoIP de operador le permite terminar el tr\u00e1fico procedente de n\u00fameros de servicio de red inteligente (IN) en su plataforma VoIP de una forma escalable y rentable.","og_url":"https:\/\/legacy.colt.net\/es\/product\/in-over-carrier-voip\/","og_site_name":"Colt Technology Services","article_publisher":"https:\/\/www.facebook.com\/ColtTechnologyServices\/","article_modified_time":"2024-12-14T14:18:16+00:00","twitter_card":"summary_large_image","twitter_site":"@colt_technology","schema":{"@context":"https:\/\/schema.org","@graph":[{"@type":"WebPage","@id":"https:\/\/legacy.colt.net\/es\/product\/in-over-carrier-voip\/","url":"https:\/\/legacy.colt.net\/es\/product\/in-over-carrier-voip\/","name":"IN sobre VoIP de operador | Colt Technology Services | ES","isPartOf":{"@id":"https:\/\/legacy.colt.net\/#website"},"datePublished":"2018-11-12T17:03:31+00:00","dateModified":"2024-12-14T14:18:16+00:00","description":"Nuestra soluci\u00f3n IN a trav\u00e9s de VoIP de operador le permite terminar el tr\u00e1fico procedente de n\u00fameros de servicio de red inteligente (IN) en su plataforma VoIP de una forma escalable y rentable.","breadcrumb":{"@id":"https:\/\/legacy.colt.net\/es\/product\/in-over-carrier-voip\/#breadcrumb"},"inLanguage":"es-ES","potentialAction":[{"@type":"ReadAction","target":["https:\/\/legacy.colt.net\/es\/product\/in-over-carrier-voip\/"]}]},{"@type":"BreadcrumbList","@id":"https:\/\/legacy.colt.net\/es\/product\/in-over-carrier-voip\/#breadcrumb","itemListElement":[{"@type":"ListItem","position":1,"name":"Home","item":"https:\/\/legacy.colt.net\/es\/"},{"@type":"ListItem","position":2,"name":"Productos y servicios","item":"https:\/\/legacy.colt.net\/es\/product\/"},{"@type":"ListItem","position":3,"name":"IN sobre VoIP de operador"}]},{"@type":"WebSite","@id":"https:\/\/legacy.colt.net\/#website","url":"https:\/\/legacy.colt.net\/","name":"Colt\u30c6\u30af\u30ce\u30ed\u30b8\u30fc\u30b5\u30fc\u30d3\u30b9\u682a\u5f0f\u4f1a\u793e","description":"Managed Network &amp; Voice Services Provider","publisher":{"@id":"https:\/\/legacy.colt.net\/#organization"},"potentialAction":[{"@type":"SearchAction","target":{"@type":"EntryPoint","urlTemplate":"https:\/\/legacy.colt.net\/?s={search_term_string}"},"query-input":{"@type":"PropertyValueSpecification","valueRequired":true,"valueName":"search_term_string"}}],"inLanguage":"es-ES"},{"@type":"Organization","@id":"https:\/\/legacy.colt.net\/#organization","name":"Colt Technology Services","url":"https:\/\/legacy.colt.net\/","logo":{"@type":"ImageObject","inLanguage":"es-ES","@id":"https:\/\/legacy.colt.net\/#\/schema\/logo\/image\/","url":"https:\/\/legacy.colt.net\/wp-content\/uploads\/2019\/02\/Colt-Logo.png","contentUrl":"https:\/\/legacy.colt.net\/wp-content\/uploads\/2019\/02\/Colt-Logo.png","width":195,"height":77,"caption":"Colt Technology Services"},"image":{"@id":"https:\/\/legacy.colt.net\/#\/schema\/logo\/image\/"},"sameAs":["https:\/\/www.facebook.com\/ColtTechnologyServices\/","https:\/\/x.com\/colt_technology","https:\/\/www.instagram.com\/colttechnologyservices\/","https:\/\/www.linkedin.com\/company\/colt-technology-services","https:\/\/www.youtube.com\/user\/ColtTechnology"]}]}},"_links":{"self":[{"href":"https:\/\/legacy.colt.net\/es\/wp-json\/wp\/v2\/pages\/38139","targetHints":{"allow":["GET"]}}],"collection":[{"href":"https:\/\/legacy.colt.net\/es\/wp-json\/wp\/v2\/pages"}],"about":[{"href":"https:\/\/legacy.colt.net\/es\/wp-json\/wp\/v2\/types\/page"}],"author":[{"embeddable":true,"href":"https:\/\/legacy.colt.net\/es\/wp-json\/wp\/v2\/users\/143"}],"replies":[{"embeddable":true,"href":"https:\/\/legacy.colt.net\/es\/wp-json\/wp\/v2\/comments?post=38139"}],"version-history":[{"count":0,"href":"https:\/\/legacy.colt.net\/es\/wp-json\/wp\/v2\/pages\/38139\/revisions"}],"up":[{"embeddable":true,"href":"https:\/\/legacy.colt.net\/es\/wp-json\/wp\/v2\/pages\/35905"}],"wp:attachment":[{"href":"https:\/\/legacy.colt.net\/es\/wp-json\/wp\/v2\/media?parent=38139"}],"wp:term":[{"taxonomy":"colt_type","embeddable":true,"href":"https:\/\/legacy.colt.net\/es\/wp-json\/wp\/v2\/colt_type?post=38139"},{"taxonomy":"colt_products","embeddable":true,"href":"https:\/\/legacy.colt.net\/es\/wp-json\/wp\/v2\/colt_products?post=38139"}],"curies":[{"name":"wp","href":"https:\/\/api.w.org\/{rel}","templated":true}]}}