{"id":38135,"date":"2018-11-12T16:57:58","date_gmt":"2018-11-12T16:57:58","guid":{"rendered":"https:\/\/www.colt.net\/product\/number-hosting\/"},"modified":"2024-12-14T14:29:06","modified_gmt":"2024-12-14T14:29:06","slug":"number-hosting","status":"publish","type":"page","link":"https:\/\/legacy.colt.net\/es\/product\/number-hosting\/","title":{"rendered":"Number Hosting"},"content":{"rendered":"<p><iframe loading=\"lazy\" src=\"https:\/\/www.youtube.com\/embed\/B4isS_WjxUY?rel=0\" width=\"844\" height=\"475\" frameborder=\"0\" allowfullscreen=\"allowfullscreen\"><span data-mce-type=\"bookmark\" style=\"display: inline-block; width: 0px; overflow: hidden; line-height: 0;\" class=\"mce_SELRES_start\">\ufeff<\/span><span data-mce-type=\"bookmark\" style=\"display: inline-block; width: 0px; overflow: hidden; line-height: 0;\" class=\"mce_SELRES_start\">\ufeff<\/span><span data-mce-type=\"bookmark\" style=\"display: inline-block; width: 0px; overflow: hidden; line-height: 0;\" class=\"mce_SELRES_start\">\ufeff<\/span><span data-mce-type=\"bookmark\" style=\"display: inline-block; width: 0px; overflow: hidden; line-height: 0;\" class=\"mce_SELRES_start\">\ufeff<\/span><\/iframe><\/p>\n<p class=\"intro\">El servicio Number Hosting de Colt le permite crear y comercializar servicios VoIP con su propia marca, asegurando un esfuerzo m\u00ednimo, un riesgo reducido y el pleno cumplimiento de las normativas.<\/p>\n<p>Nuestra soluci\u00f3n orientada al futuro ofrece una combinaci\u00f3n \u00fanica de dominio t\u00e9cnico, procedimental y normativo, para permitir as\u00ed una r\u00e1pida entrada en los mercados a medida que su empresa crece de forma flexible y escalable.<\/p>\n<h3>Expande tu empresa c\u00f3modamente<\/h3>\n<p>Number Hosting de Colt proporciona una soluci\u00f3n paneuropea normalizada: un servicio de voz de alta calidad basado en una sola interconexi\u00f3n SIP y una sofisticada gesti\u00f3n de la numeraci\u00f3n.<\/p>\n<p>Nuestra interfaz B2B Cocom soporta sus voluminosas transacciones de gesti\u00f3n de la numeraci\u00f3n de una forma completamente automatizada, incluyendo reservas de n\u00fameros en tiempo real, activaciones de n\u00fameros en 2 horas y solicitudes de portabilidad de n\u00fameros.<\/p>\n<h3>Sencillo y ajustado a la normativa<\/h3>\n<p>Ah\u00f3rrate la complejidad de contratar con varios operadores nacionales y de invertir en procesos locales. Disfruta de una experiencia de cliente paneuropea \u00fanica.<\/p>\n<p>Con m\u00e1s de 20 a\u00f1os de experiencia nacional, puedes confiar en Colt para que nos ocupemos de normativas locales, tales como la portabilidad de n\u00fameros, los servicios de emergencia, la interceptaci\u00f3n legal y los servicios de gu\u00eda telef\u00f3nica.<\/p>\n<h3>Toma el control de tu empresa<\/h3>\n<p>Gestiona tus n\u00fameros geogr\u00e1ficos en todos los pa\u00edses seleccionados con nuestra interfaz exclusiva B2B Cocom, con el mismo nombre de usuario y la misma experiencia de cliente. Dependiendo de tu modelo de negocio, podr\u00e1s utilizar nuestro portal web o nuestra API para una integraci\u00f3n flexible con tus sistemas back-end.<\/p>\n<p>Factura a tus clientes finales de forma flexible con nuestros CDR normalizados no tarificados que se generan dos veces al d\u00eda.<\/p>\n<p>Haz un seguimiento de tus KPI de voz y datos, como las estad\u00edsticas de llamada y las prestaciones de red, con los informes online VoIP.<\/p>\n","protected":false},"excerpt":{"rendered":"<p>\ufeff\ufeff\ufeff\ufeff El servicio Number Hosting de Colt le permite crear y comercializar servicios VoIP con su propia marca, asegurando un esfuerzo m\u00ednimo, un riesgo reducido y el pleno cumplimiento de las normativas. Nuestra soluci\u00f3n orientada al futuro ofrece una combinaci\u00f3n \u00fanica de dominio t\u00e9cnico, procedimental y normativo, para permitir as\u00ed una r\u00e1pida entrada en los&#8230;<\/p>\n","protected":false},"author":143,"featured_media":0,"parent":35905,"menu_order":0,"comment_status":"closed","ping_status":"closed","template":"page-templates\/template-product.php","meta":{"_acf_changed":false,"footnotes":""},"colt_type":[],"colt_products":[1635],"class_list":["post-38135","page","type-page","status-publish","hentry","colt_products-voice-and-collaboration-es"],"acf":[],"yoast_head":"<!-- This site is optimized with the Yoast SEO plugin v26.8 - https:\/\/yoast.com\/product\/yoast-seo-wordpress\/ -->\n<title>Number Hosting | Colt Technology Services | ES<\/title>\n<meta name=\"description\" content=\"Alojamiento de n\u00fameros de Colt: servicios paneuropeos de SIP trunking con tu propia marca\" \/>\n<meta name=\"robots\" content=\"noindex, follow, max-snippet:-1, max-image-preview:large, max-video-preview:-1\" \/>\n<meta property=\"og:locale\" content=\"es_ES\" \/>\n<meta property=\"og:type\" content=\"article\" \/>\n<meta property=\"og:title\" content=\"Number Hosting | Colt Technology Services | ES\" \/>\n<meta property=\"og:description\" content=\"Alojamiento de n\u00fameros de Colt: servicios paneuropeos de SIP trunking con tu propia marca\" \/>\n<meta property=\"og:url\" content=\"https:\/\/legacy.colt.net\/es\/product\/number-hosting\/\" \/>\n<meta property=\"og:site_name\" content=\"Colt Technology Services\" \/>\n<meta property=\"article:publisher\" content=\"https:\/\/www.facebook.com\/ColtTechnologyServices\/\" \/>\n<meta property=\"article:modified_time\" content=\"2024-12-14T14:29:06+00:00\" \/>\n<meta name=\"twitter:card\" content=\"summary_large_image\" \/>\n<meta name=\"twitter:site\" content=\"@colt_technology\" \/>\n<script type=\"application\/ld+json\" class=\"yoast-schema-graph\">{\"@context\":\"https:\/\/schema.org\",\"@graph\":[{\"@type\":\"WebPage\",\"@id\":\"https:\/\/legacy.colt.net\/es\/product\/number-hosting\/\",\"url\":\"https:\/\/legacy.colt.net\/es\/product\/number-hosting\/\",\"name\":\"Number Hosting | Colt Technology Services | ES\",\"isPartOf\":{\"@id\":\"https:\/\/legacy.colt.net\/#website\"},\"datePublished\":\"2018-11-12T16:57:58+00:00\",\"dateModified\":\"2024-12-14T14:29:06+00:00\",\"description\":\"Alojamiento de n\u00fameros de Colt: servicios paneuropeos de SIP trunking con tu propia marca\",\"breadcrumb\":{\"@id\":\"https:\/\/legacy.colt.net\/es\/product\/number-hosting\/#breadcrumb\"},\"inLanguage\":\"es-ES\",\"potentialAction\":[{\"@type\":\"ReadAction\",\"target\":[\"https:\/\/legacy.colt.net\/es\/product\/number-hosting\/\"]}]},{\"@type\":\"BreadcrumbList\",\"@id\":\"https:\/\/legacy.colt.net\/es\/product\/number-hosting\/#breadcrumb\",\"itemListElement\":[{\"@type\":\"ListItem\",\"position\":1,\"name\":\"Home\",\"item\":\"https:\/\/legacy.colt.net\/es\/\"},{\"@type\":\"ListItem\",\"position\":2,\"name\":\"Productos y servicios\",\"item\":\"https:\/\/legacy.colt.net\/es\/product\/\"},{\"@type\":\"ListItem\",\"position\":3,\"name\":\"Number Hosting\"}]},{\"@type\":\"WebSite\",\"@id\":\"https:\/\/legacy.colt.net\/#website\",\"url\":\"https:\/\/legacy.colt.net\/\",\"name\":\"Colt\u30c6\u30af\u30ce\u30ed\u30b8\u30fc\u30b5\u30fc\u30d3\u30b9\u682a\u5f0f\u4f1a\u793e\",\"description\":\"Managed Network &amp; Voice Services Provider\",\"publisher\":{\"@id\":\"https:\/\/legacy.colt.net\/#organization\"},\"potentialAction\":[{\"@type\":\"SearchAction\",\"target\":{\"@type\":\"EntryPoint\",\"urlTemplate\":\"https:\/\/legacy.colt.net\/?s={search_term_string}\"},\"query-input\":{\"@type\":\"PropertyValueSpecification\",\"valueRequired\":true,\"valueName\":\"search_term_string\"}}],\"inLanguage\":\"es-ES\"},{\"@type\":\"Organization\",\"@id\":\"https:\/\/legacy.colt.net\/#organization\",\"name\":\"Colt Technology Services\",\"url\":\"https:\/\/legacy.colt.net\/\",\"logo\":{\"@type\":\"ImageObject\",\"inLanguage\":\"es-ES\",\"@id\":\"https:\/\/legacy.colt.net\/#\/schema\/logo\/image\/\",\"url\":\"https:\/\/legacy.colt.net\/wp-content\/uploads\/2019\/02\/Colt-Logo.png\",\"contentUrl\":\"https:\/\/legacy.colt.net\/wp-content\/uploads\/2019\/02\/Colt-Logo.png\",\"width\":195,\"height\":77,\"caption\":\"Colt Technology Services\"},\"image\":{\"@id\":\"https:\/\/legacy.colt.net\/#\/schema\/logo\/image\/\"},\"sameAs\":[\"https:\/\/www.facebook.com\/ColtTechnologyServices\/\",\"https:\/\/x.com\/colt_technology\",\"https:\/\/www.instagram.com\/colttechnologyservices\/\",\"https:\/\/www.linkedin.com\/company\/colt-technology-services\",\"https:\/\/www.youtube.com\/user\/ColtTechnology\"]}]}<\/script>\n<!-- \/ Yoast SEO plugin. -->","yoast_head_json":{"title":"Number Hosting | Colt Technology Services | ES","description":"Alojamiento de n\u00fameros de Colt: servicios paneuropeos de SIP trunking con tu propia marca","robots":{"index":"noindex","follow":"follow","max-snippet":"max-snippet:-1","max-image-preview":"max-image-preview:large","max-video-preview":"max-video-preview:-1"},"og_locale":"es_ES","og_type":"article","og_title":"Number Hosting | Colt Technology Services | ES","og_description":"Alojamiento de n\u00fameros de Colt: servicios paneuropeos de SIP trunking con tu propia marca","og_url":"https:\/\/legacy.colt.net\/es\/product\/number-hosting\/","og_site_name":"Colt Technology Services","article_publisher":"https:\/\/www.facebook.com\/ColtTechnologyServices\/","article_modified_time":"2024-12-14T14:29:06+00:00","twitter_card":"summary_large_image","twitter_site":"@colt_technology","schema":{"@context":"https:\/\/schema.org","@graph":[{"@type":"WebPage","@id":"https:\/\/legacy.colt.net\/es\/product\/number-hosting\/","url":"https:\/\/legacy.colt.net\/es\/product\/number-hosting\/","name":"Number Hosting | Colt Technology Services | ES","isPartOf":{"@id":"https:\/\/legacy.colt.net\/#website"},"datePublished":"2018-11-12T16:57:58+00:00","dateModified":"2024-12-14T14:29:06+00:00","description":"Alojamiento de n\u00fameros de Colt: servicios paneuropeos de SIP trunking con tu propia marca","breadcrumb":{"@id":"https:\/\/legacy.colt.net\/es\/product\/number-hosting\/#breadcrumb"},"inLanguage":"es-ES","potentialAction":[{"@type":"ReadAction","target":["https:\/\/legacy.colt.net\/es\/product\/number-hosting\/"]}]},{"@type":"BreadcrumbList","@id":"https:\/\/legacy.colt.net\/es\/product\/number-hosting\/#breadcrumb","itemListElement":[{"@type":"ListItem","position":1,"name":"Home","item":"https:\/\/legacy.colt.net\/es\/"},{"@type":"ListItem","position":2,"name":"Productos y servicios","item":"https:\/\/legacy.colt.net\/es\/product\/"},{"@type":"ListItem","position":3,"name":"Number Hosting"}]},{"@type":"WebSite","@id":"https:\/\/legacy.colt.net\/#website","url":"https:\/\/legacy.colt.net\/","name":"Colt\u30c6\u30af\u30ce\u30ed\u30b8\u30fc\u30b5\u30fc\u30d3\u30b9\u682a\u5f0f\u4f1a\u793e","description":"Managed Network &amp; Voice Services Provider","publisher":{"@id":"https:\/\/legacy.colt.net\/#organization"},"potentialAction":[{"@type":"SearchAction","target":{"@type":"EntryPoint","urlTemplate":"https:\/\/legacy.colt.net\/?s={search_term_string}"},"query-input":{"@type":"PropertyValueSpecification","valueRequired":true,"valueName":"search_term_string"}}],"inLanguage":"es-ES"},{"@type":"Organization","@id":"https:\/\/legacy.colt.net\/#organization","name":"Colt Technology Services","url":"https:\/\/legacy.colt.net\/","logo":{"@type":"ImageObject","inLanguage":"es-ES","@id":"https:\/\/legacy.colt.net\/#\/schema\/logo\/image\/","url":"https:\/\/legacy.colt.net\/wp-content\/uploads\/2019\/02\/Colt-Logo.png","contentUrl":"https:\/\/legacy.colt.net\/wp-content\/uploads\/2019\/02\/Colt-Logo.png","width":195,"height":77,"caption":"Colt Technology Services"},"image":{"@id":"https:\/\/legacy.colt.net\/#\/schema\/logo\/image\/"},"sameAs":["https:\/\/www.facebook.com\/ColtTechnologyServices\/","https:\/\/x.com\/colt_technology","https:\/\/www.instagram.com\/colttechnologyservices\/","https:\/\/www.linkedin.com\/company\/colt-technology-services","https:\/\/www.youtube.com\/user\/ColtTechnology"]}]}},"_links":{"self":[{"href":"https:\/\/legacy.colt.net\/es\/wp-json\/wp\/v2\/pages\/38135","targetHints":{"allow":["GET"]}}],"collection":[{"href":"https:\/\/legacy.colt.net\/es\/wp-json\/wp\/v2\/pages"}],"about":[{"href":"https:\/\/legacy.colt.net\/es\/wp-json\/wp\/v2\/types\/page"}],"author":[{"embeddable":true,"href":"https:\/\/legacy.colt.net\/es\/wp-json\/wp\/v2\/users\/143"}],"replies":[{"embeddable":true,"href":"https:\/\/legacy.colt.net\/es\/wp-json\/wp\/v2\/comments?post=38135"}],"version-history":[{"count":0,"href":"https:\/\/legacy.colt.net\/es\/wp-json\/wp\/v2\/pages\/38135\/revisions"}],"up":[{"embeddable":true,"href":"https:\/\/legacy.colt.net\/es\/wp-json\/wp\/v2\/pages\/35905"}],"wp:attachment":[{"href":"https:\/\/legacy.colt.net\/es\/wp-json\/wp\/v2\/media?parent=38135"}],"wp:term":[{"taxonomy":"colt_type","embeddable":true,"href":"https:\/\/legacy.colt.net\/es\/wp-json\/wp\/v2\/colt_type?post=38135"},{"taxonomy":"colt_products","embeddable":true,"href":"https:\/\/legacy.colt.net\/es\/wp-json\/wp\/v2\/colt_products?post=38135"}],"curies":[{"name":"wp","href":"https:\/\/api.w.org\/{rel}","templated":true}]}}