{"id":38128,"date":"2018-11-12T16:52:21","date_gmt":"2018-11-12T16:52:21","guid":{"rendered":"https:\/\/www.colt.net\/product\/white-label-solutions\/"},"modified":"2024-12-14T14:32:20","modified_gmt":"2024-12-14T14:32:20","slug":"white-label-solutions","status":"publish","type":"page","link":"https:\/\/legacy.colt.net\/es\/product\/white-label-solutions\/","title":{"rendered":"Servicios VoIP de marca blanca <\/br>y soluciones de revendedor de voz"},"content":{"rendered":"<p><iframe loading=\"lazy\" src=\"https:\/\/www.youtube.com\/embed\/B4isS_WjxUY?rel=0\" width=\"844\" height=\"475\" frameborder=\"0\" allowfullscreen=\"allowfullscreen\"><span data-mce-type=\"bookmark\" style=\"display: inline-block; width: 0px; overflow: hidden; line-height: 0;\" class=\"mce_SELRES_start\">\ufeff<\/span><span data-mce-type=\"bookmark\" style=\"display: inline-block; width: 0px; overflow: hidden; line-height: 0;\" class=\"mce_SELRES_start\">\ufeff<\/span><span data-mce-type=\"bookmark\" style=\"display: inline-block; width: 0px; overflow: hidden; line-height: 0;\" class=\"mce_SELRES_start\">\ufeff<\/span><span data-mce-type=\"bookmark\" style=\"display: inline-block; width: 0px; overflow: hidden; line-height: 0;\" class=\"mce_SELRES_start\">\ufeff<\/span><\/iframe><\/p>\n<p class=\"intro\">Convi\u00e9rtase en distribuidor de voz y VoIP con nuestros servicios empresariales de Marca Blanca.<\/p>\n<p>Las soluciones White Label de Colt re\u00fanen un completo cat\u00e1logo de servicios de voz de alta calidad, con m\u00faltiples funcionalidades y ajustados a la normativa vigente. Con Colt, puedes hacer crecer su empresa ofreciendo m\u00e1s productos, m\u00e1s deprisa y con una inversi\u00f3n limitada. Somos l\u00edderes en servicios de voz, VoIP e IN para los distribuidores que buscan una f\u00e1cil entrada en el mercado europeo.<\/p>\n<h3>Un crecimiento rentable<\/h3>\n<p>Aumenta tu negocio con una inversi\u00f3n m\u00ednima. Solo tienes que comercializar bajo tu marca nuestros servicios de voz como si fueran tuyos, sin necesidad de invertir en una red o en procesos locales.<\/p>\n<p>Nuestro cat\u00e1logo exclusivo de servicios de voz, IN y VoIP permite que los clientes finales h\u00edbridos migren f\u00e1cilmente desde los servicios tradicionales de voz a servicios VoIP orientados al futuro.<\/p>\n<h3>Flexible y con m\u00faltiples funcionalidades<\/h3>\n<p>Nuestro servicio viene en un paquete con funcionalidades avanzadas de facturaci\u00f3n y helpdesk para mejorar la gesti\u00f3n del cliente, as\u00ed puedes concentrarte en la captaci\u00f3n de nuevas cuentas.<\/p>\n<p>Soluciones de facturaci\u00f3n flexibles para el cliente final: Dos CDR diarios no tarificados en Cocom, nuestra interfaz B2B, y\/o los CDR, facturas y notas de facturaci\u00f3n tarificados para el cliente final White Label.<\/p>\n<h3>Conformidad con la normativa orientada a empresas<\/h3>\n<p>Nos encargamos de gestionar la compleja conformidad normativa. Colt tiene una larga experiencia en la gesti\u00f3n de procesos locales establecidos, incluyendo la portabilidad en Europa.<\/p>\n<p>Colt solo trabaja con clientes empresariales, lo que significa que ofrecemos unos servicios de alta calidad y ajustados a la normativa, dise\u00f1ados espec\u00edficamente para las necesidades de las empresas.<\/p>\n","protected":false},"excerpt":{"rendered":"<p>\ufeff\ufeff\ufeff\ufeff Convi\u00e9rtase en distribuidor de voz y VoIP con nuestros servicios empresariales de Marca Blanca. Las soluciones White Label de Colt re\u00fanen un completo cat\u00e1logo de servicios de voz de alta calidad, con m\u00faltiples funcionalidades y ajustados a la normativa vigente. Con Colt, puedes hacer crecer su empresa ofreciendo m\u00e1s productos, m\u00e1s deprisa y con&#8230;<\/p>\n","protected":false},"author":143,"featured_media":0,"parent":35905,"menu_order":0,"comment_status":"closed","ping_status":"closed","template":"page-templates\/template-product.php","meta":{"_acf_changed":false,"footnotes":""},"colt_type":[],"colt_products":[1635],"class_list":["post-38128","page","type-page","status-publish","hentry","colt_products-voice-and-collaboration-es"],"acf":[],"yoast_head":"<!-- This site is optimized with the Yoast SEO plugin v26.8 - https:\/\/yoast.com\/product\/yoast-seo-wordpress\/ -->\n<title>Servicios VoIP de marca blanca y soluciones de revendedor de voz | Colt Technology Services | ES<\/title>\n<meta name=\"description\" content=\"Las soluciones de marca blanca de Colt conforman una amplia cartera de servicios de voz de alta calidad que cumplen la normativa. Con Colt, puedes aumentar tu negocio ofreciendo m\u00e1s productos, con m\u00e1s rapidez, con solo una inversi\u00f3n limitada.\" \/>\n<meta name=\"robots\" content=\"noindex, follow, max-snippet:-1, max-image-preview:large, max-video-preview:-1\" \/>\n<meta property=\"og:locale\" content=\"es_ES\" \/>\n<meta property=\"og:type\" content=\"article\" \/>\n<meta property=\"og:title\" content=\"Servicios VoIP de marca blanca y soluciones de revendedor de voz | Colt Technology Services | ES\" \/>\n<meta property=\"og:description\" content=\"Las soluciones de marca blanca de Colt conforman una amplia cartera de servicios de voz de alta calidad que cumplen la normativa. Con Colt, puedes aumentar tu negocio ofreciendo m\u00e1s productos, con m\u00e1s rapidez, con solo una inversi\u00f3n limitada.\" \/>\n<meta property=\"og:url\" content=\"https:\/\/legacy.colt.net\/es\/product\/white-label-solutions\/\" \/>\n<meta property=\"og:site_name\" content=\"Colt Technology Services\" \/>\n<meta property=\"article:publisher\" content=\"https:\/\/www.facebook.com\/ColtTechnologyServices\/\" \/>\n<meta property=\"article:modified_time\" content=\"2024-12-14T14:32:20+00:00\" \/>\n<meta name=\"twitter:card\" content=\"summary_large_image\" \/>\n<meta name=\"twitter:site\" content=\"@colt_technology\" \/>\n<script type=\"application\/ld+json\" class=\"yoast-schema-graph\">{\"@context\":\"https:\/\/schema.org\",\"@graph\":[{\"@type\":\"WebPage\",\"@id\":\"https:\/\/legacy.colt.net\/es\/product\/white-label-solutions\/\",\"url\":\"https:\/\/legacy.colt.net\/es\/product\/white-label-solutions\/\",\"name\":\"Servicios VoIP de marca blanca y soluciones de revendedor de voz | Colt Technology Services | ES\",\"isPartOf\":{\"@id\":\"https:\/\/legacy.colt.net\/#website\"},\"datePublished\":\"2018-11-12T16:52:21+00:00\",\"dateModified\":\"2024-12-14T14:32:20+00:00\",\"description\":\"Las soluciones de marca blanca de Colt conforman una amplia cartera de servicios de voz de alta calidad que cumplen la normativa. Con Colt, puedes aumentar tu negocio ofreciendo m\u00e1s productos, con m\u00e1s rapidez, con solo una inversi\u00f3n limitada.\",\"breadcrumb\":{\"@id\":\"https:\/\/legacy.colt.net\/es\/product\/white-label-solutions\/#breadcrumb\"},\"inLanguage\":\"es-ES\",\"potentialAction\":[{\"@type\":\"ReadAction\",\"target\":[\"https:\/\/legacy.colt.net\/es\/product\/white-label-solutions\/\"]}]},{\"@type\":\"BreadcrumbList\",\"@id\":\"https:\/\/legacy.colt.net\/es\/product\/white-label-solutions\/#breadcrumb\",\"itemListElement\":[{\"@type\":\"ListItem\",\"position\":1,\"name\":\"Home\",\"item\":\"https:\/\/legacy.colt.net\/es\/\"},{\"@type\":\"ListItem\",\"position\":2,\"name\":\"Productos y servicios\",\"item\":\"https:\/\/legacy.colt.net\/es\/product\/\"},{\"@type\":\"ListItem\",\"position\":3,\"name\":\"Servicios VoIP de marca blanca y soluciones de revendedor de voz\"}]},{\"@type\":\"WebSite\",\"@id\":\"https:\/\/legacy.colt.net\/#website\",\"url\":\"https:\/\/legacy.colt.net\/\",\"name\":\"Colt\u30c6\u30af\u30ce\u30ed\u30b8\u30fc\u30b5\u30fc\u30d3\u30b9\u682a\u5f0f\u4f1a\u793e\",\"description\":\"Managed Network &amp; Voice Services Provider\",\"publisher\":{\"@id\":\"https:\/\/legacy.colt.net\/#organization\"},\"potentialAction\":[{\"@type\":\"SearchAction\",\"target\":{\"@type\":\"EntryPoint\",\"urlTemplate\":\"https:\/\/legacy.colt.net\/?s={search_term_string}\"},\"query-input\":{\"@type\":\"PropertyValueSpecification\",\"valueRequired\":true,\"valueName\":\"search_term_string\"}}],\"inLanguage\":\"es-ES\"},{\"@type\":\"Organization\",\"@id\":\"https:\/\/legacy.colt.net\/#organization\",\"name\":\"Colt Technology Services\",\"url\":\"https:\/\/legacy.colt.net\/\",\"logo\":{\"@type\":\"ImageObject\",\"inLanguage\":\"es-ES\",\"@id\":\"https:\/\/legacy.colt.net\/#\/schema\/logo\/image\/\",\"url\":\"https:\/\/legacy.colt.net\/wp-content\/uploads\/2019\/02\/Colt-Logo.png\",\"contentUrl\":\"https:\/\/legacy.colt.net\/wp-content\/uploads\/2019\/02\/Colt-Logo.png\",\"width\":195,\"height\":77,\"caption\":\"Colt Technology Services\"},\"image\":{\"@id\":\"https:\/\/legacy.colt.net\/#\/schema\/logo\/image\/\"},\"sameAs\":[\"https:\/\/www.facebook.com\/ColtTechnologyServices\/\",\"https:\/\/x.com\/colt_technology\",\"https:\/\/www.instagram.com\/colttechnologyservices\/\",\"https:\/\/www.linkedin.com\/company\/colt-technology-services\",\"https:\/\/www.youtube.com\/user\/ColtTechnology\"]}]}<\/script>\n<!-- \/ Yoast SEO plugin. -->","yoast_head_json":{"title":"Servicios VoIP de marca blanca y soluciones de revendedor de voz | Colt Technology Services | ES","description":"Las soluciones de marca blanca de Colt conforman una amplia cartera de servicios de voz de alta calidad que cumplen la normativa. Con Colt, puedes aumentar tu negocio ofreciendo m\u00e1s productos, con m\u00e1s rapidez, con solo una inversi\u00f3n limitada.","robots":{"index":"noindex","follow":"follow","max-snippet":"max-snippet:-1","max-image-preview":"max-image-preview:large","max-video-preview":"max-video-preview:-1"},"og_locale":"es_ES","og_type":"article","og_title":"Servicios VoIP de marca blanca y soluciones de revendedor de voz | Colt Technology Services | ES","og_description":"Las soluciones de marca blanca de Colt conforman una amplia cartera de servicios de voz de alta calidad que cumplen la normativa. Con Colt, puedes aumentar tu negocio ofreciendo m\u00e1s productos, con m\u00e1s rapidez, con solo una inversi\u00f3n limitada.","og_url":"https:\/\/legacy.colt.net\/es\/product\/white-label-solutions\/","og_site_name":"Colt Technology Services","article_publisher":"https:\/\/www.facebook.com\/ColtTechnologyServices\/","article_modified_time":"2024-12-14T14:32:20+00:00","twitter_card":"summary_large_image","twitter_site":"@colt_technology","schema":{"@context":"https:\/\/schema.org","@graph":[{"@type":"WebPage","@id":"https:\/\/legacy.colt.net\/es\/product\/white-label-solutions\/","url":"https:\/\/legacy.colt.net\/es\/product\/white-label-solutions\/","name":"Servicios VoIP de marca blanca y soluciones de revendedor de voz | Colt Technology Services | ES","isPartOf":{"@id":"https:\/\/legacy.colt.net\/#website"},"datePublished":"2018-11-12T16:52:21+00:00","dateModified":"2024-12-14T14:32:20+00:00","description":"Las soluciones de marca blanca de Colt conforman una amplia cartera de servicios de voz de alta calidad que cumplen la normativa. Con Colt, puedes aumentar tu negocio ofreciendo m\u00e1s productos, con m\u00e1s rapidez, con solo una inversi\u00f3n limitada.","breadcrumb":{"@id":"https:\/\/legacy.colt.net\/es\/product\/white-label-solutions\/#breadcrumb"},"inLanguage":"es-ES","potentialAction":[{"@type":"ReadAction","target":["https:\/\/legacy.colt.net\/es\/product\/white-label-solutions\/"]}]},{"@type":"BreadcrumbList","@id":"https:\/\/legacy.colt.net\/es\/product\/white-label-solutions\/#breadcrumb","itemListElement":[{"@type":"ListItem","position":1,"name":"Home","item":"https:\/\/legacy.colt.net\/es\/"},{"@type":"ListItem","position":2,"name":"Productos y servicios","item":"https:\/\/legacy.colt.net\/es\/product\/"},{"@type":"ListItem","position":3,"name":"Servicios VoIP de marca blanca y soluciones de revendedor de voz"}]},{"@type":"WebSite","@id":"https:\/\/legacy.colt.net\/#website","url":"https:\/\/legacy.colt.net\/","name":"Colt\u30c6\u30af\u30ce\u30ed\u30b8\u30fc\u30b5\u30fc\u30d3\u30b9\u682a\u5f0f\u4f1a\u793e","description":"Managed Network &amp; Voice Services Provider","publisher":{"@id":"https:\/\/legacy.colt.net\/#organization"},"potentialAction":[{"@type":"SearchAction","target":{"@type":"EntryPoint","urlTemplate":"https:\/\/legacy.colt.net\/?s={search_term_string}"},"query-input":{"@type":"PropertyValueSpecification","valueRequired":true,"valueName":"search_term_string"}}],"inLanguage":"es-ES"},{"@type":"Organization","@id":"https:\/\/legacy.colt.net\/#organization","name":"Colt Technology Services","url":"https:\/\/legacy.colt.net\/","logo":{"@type":"ImageObject","inLanguage":"es-ES","@id":"https:\/\/legacy.colt.net\/#\/schema\/logo\/image\/","url":"https:\/\/legacy.colt.net\/wp-content\/uploads\/2019\/02\/Colt-Logo.png","contentUrl":"https:\/\/legacy.colt.net\/wp-content\/uploads\/2019\/02\/Colt-Logo.png","width":195,"height":77,"caption":"Colt Technology Services"},"image":{"@id":"https:\/\/legacy.colt.net\/#\/schema\/logo\/image\/"},"sameAs":["https:\/\/www.facebook.com\/ColtTechnologyServices\/","https:\/\/x.com\/colt_technology","https:\/\/www.instagram.com\/colttechnologyservices\/","https:\/\/www.linkedin.com\/company\/colt-technology-services","https:\/\/www.youtube.com\/user\/ColtTechnology"]}]}},"_links":{"self":[{"href":"https:\/\/legacy.colt.net\/es\/wp-json\/wp\/v2\/pages\/38128","targetHints":{"allow":["GET"]}}],"collection":[{"href":"https:\/\/legacy.colt.net\/es\/wp-json\/wp\/v2\/pages"}],"about":[{"href":"https:\/\/legacy.colt.net\/es\/wp-json\/wp\/v2\/types\/page"}],"author":[{"embeddable":true,"href":"https:\/\/legacy.colt.net\/es\/wp-json\/wp\/v2\/users\/143"}],"replies":[{"embeddable":true,"href":"https:\/\/legacy.colt.net\/es\/wp-json\/wp\/v2\/comments?post=38128"}],"version-history":[{"count":0,"href":"https:\/\/legacy.colt.net\/es\/wp-json\/wp\/v2\/pages\/38128\/revisions"}],"up":[{"embeddable":true,"href":"https:\/\/legacy.colt.net\/es\/wp-json\/wp\/v2\/pages\/35905"}],"wp:attachment":[{"href":"https:\/\/legacy.colt.net\/es\/wp-json\/wp\/v2\/media?parent=38128"}],"wp:term":[{"taxonomy":"colt_type","embeddable":true,"href":"https:\/\/legacy.colt.net\/es\/wp-json\/wp\/v2\/colt_type?post=38128"},{"taxonomy":"colt_products","embeddable":true,"href":"https:\/\/legacy.colt.net\/es\/wp-json\/wp\/v2\/colt_products?post=38128"}],"curies":[{"name":"wp","href":"https:\/\/api.w.org\/{rel}","templated":true}]}}