{"id":38106,"date":"2018-11-12T16:41:05","date_gmt":"2018-11-12T16:41:05","guid":{"rendered":"https:\/\/www.colt.net\/product\/voice-on-demand\/"},"modified":"2020-01-10T16:34:23","modified_gmt":"2020-01-10T16:34:23","slug":"voice-on-demand","status":"publish","type":"page","link":"https:\/\/legacy.colt.net\/es\/product\/voice-on-demand\/","title":{"rendered":"Voice on Demand"},"content":{"rendered":"<p><iframe loading=\"lazy\" src=\"https:\/\/www.youtube.com\/embed\/yR0hgZfS8-Q?rel=0\" width=\"844\" height=\"475\" frameborder=\"0\" allowfullscreen=\"allowfullscreen\"><span data-mce-type=\"bookmark\" style=\"display: inline-block; width: 0px; overflow: hidden; line-height: 0;\" class=\"mce_SELRES_start\">\ufeff<\/span><span data-mce-type=\"bookmark\" style=\"display: inline-block; width: 0px; overflow: hidden; line-height: 0;\" class=\"mce_SELRES_start\">\ufeff<\/span><span data-mce-type=\"bookmark\" style=\"display: inline-block; width: 0px; overflow: hidden; line-height: 0;\" class=\"mce_SELRES_start\">\ufeff<\/span><span data-mce-type=\"bookmark\" style=\"display: inline-block; width: 0px; overflow: hidden; line-height: 0;\" class=\"mce_SELRES_start\">\ufeff<\/span><span data-mce-type=\"bookmark\" style=\"display: inline-block; width: 0px; overflow: hidden; line-height: 0;\" class=\"mce_SELRES_start\">\ufeff<\/span><\/iframe><\/p>\n<p class=\"intro\">Gestionar todos tus n\u00fameros de acceso al servicio mediante un portal centralizado, desde el pedido hasta la baja de los mismos.<\/p>\n<p>Colt Voice On-Demand Portal permite seleccionar el pa\u00eds, el tipo de n\u00famero, el rango de n\u00fameros y la cantidad para ejecutar f\u00e1cilmente tu pedido, con ayuda de intuitivas opciones de filtrado. El procesamiento de pedidos es totalmente digital y no requiere documentaci\u00f3n en papel.<\/p>\n<ul>\n<li>Reduce el tiempo de puesta en marcha solicitando n\u00fameros de acceso al servicio con unos pocos clics<\/li>\n<li>Accede con facilidad a nuevos mercados gracias a un proveedor \u00fanico para servicios de voz en 28 pa\u00edses en 4 continentes<\/li>\n<li>Simplifica tus operaciones gestionando todos sus n\u00fameros y servicios de valor a\u00f1adido en todos los pa\u00edses mediante una cuenta centralizada<\/li>\n<li>Reduce tus costes administrativos evitando el papeleo gracias a los pedidos, portes y ceses en l\u00ednea<\/li>\n<\/ul>\n<h3>Lanzamiento de nuevas campa\u00f1as<\/h3>\n<p>La solicitud on-line de nuevos n\u00fameros de acceso al servicio con respuesta en tiempo pr\u00e1cticamente real te permite lanzar nuevas campa\u00f1as cuando su empresa lo necesite, sin necesidad de planificaci\u00f3n por adelantado.<\/p>\n<h3>Apertura de sedes en nuevos pa\u00edses<\/h3>\n<p>Accede a nuevos mercados con unos pocos clics y obt\u00e9n toda la informaci\u00f3n sobre regulaci\u00f3n local con solo buscarla en nuestro Colt Voice On Demand Portal.<\/p>\n<h3>Distribuci\u00f3n de servicios de voz<\/h3>\n<p>Puedes dirigir tu negocio de manera eficiente y gestionar cientos o miles de n\u00fameros suministrados a tus clientes con facilidad y solicitar m\u00e1s o dar de baja cualquiera de los mismos con unos pocos clics.<\/p>\n<h3>Control, Flexibilidad &amp; Expertos en empresas<\/h3>\n<p>Crea nuevos n\u00fameros de acceso a servicios en unos pocos clics, con un proceso automatizado para implementar complejas rutas en l\u00ednea a trav\u00e9s de secuencias de comandos visuales.<\/p>\n<p>Los servicios On Demand de Colt te permite hacer frente a la demanda impredecible. Conf\u00eda en un proveedor con capacidades de acceso a la red de hasta 100G y con un modelo de pago por uso.<\/p>\n<p>Cuando tienes que cumplir con las regulaciones legales locales, necesitas confiar en que tu proveedor controle las normativas en todos los paises para la entrada y salida de voz. Adem\u00e1s, administrarla a trav\u00e9s de una cuenta centralizada.<\/p>\n","protected":false},"excerpt":{"rendered":"<p>\ufeff\ufeff\ufeff\ufeff\ufeff Gestionar todos tus n\u00fameros de acceso al servicio mediante un portal centralizado, desde el pedido hasta la baja de los mismos. Colt Voice On-Demand Portal permite seleccionar el pa\u00eds, el tipo de n\u00famero, el rango de n\u00fameros y la cantidad para ejecutar f\u00e1cilmente tu pedido, con ayuda de intuitivas opciones de filtrado. El procesamiento&#8230;<\/p>\n","protected":false},"author":143,"featured_media":0,"parent":35905,"menu_order":0,"comment_status":"closed","ping_status":"closed","template":"","meta":{"_acf_changed":false,"footnotes":""},"colt_type":[],"colt_products":[1635],"class_list":["post-38106","page","type-page","status-publish","hentry","colt_products-voice-and-collaboration-es"],"acf":[],"yoast_head":"<!-- This site is optimized with the Yoast SEO plugin v26.8 - https:\/\/yoast.com\/product\/yoast-seo-wordpress\/ -->\n<title>Voice On Demand | Colt Technology Services | ES<\/title>\n<meta name=\"description\" content=\"Colt Voice On-Demand Portal permite seleccionar el pa\u00eds, el tipo de n\u00famero, el rango de n\u00fameros.\" \/>\n<meta name=\"robots\" content=\"noindex, follow, max-snippet:-1, max-image-preview:large, max-video-preview:-1\" \/>\n<meta property=\"og:locale\" content=\"es_ES\" \/>\n<meta property=\"og:type\" content=\"article\" \/>\n<meta property=\"og:title\" content=\"Voice On Demand | Colt Technology Services | ES\" \/>\n<meta property=\"og:description\" content=\"Colt Voice On-Demand Portal permite seleccionar el pa\u00eds, el tipo de n\u00famero, el rango de n\u00fameros.\" \/>\n<meta property=\"og:url\" content=\"https:\/\/legacy.colt.net\/es\/product\/voice-on-demand\/\" \/>\n<meta property=\"og:site_name\" content=\"Colt Technology Services\" \/>\n<meta property=\"article:publisher\" content=\"https:\/\/www.facebook.com\/ColtTechnologyServices\/\" \/>\n<meta property=\"article:modified_time\" content=\"2020-01-10T16:34:23+00:00\" \/>\n<meta property=\"og:image\" content=\"https:\/\/legacy.colt.net\/wp-content\/uploads\/2021\/01\/Brand-2021-Stock-39.jpg\" \/>\n\t<meta property=\"og:image:width\" content=\"1000\" \/>\n\t<meta property=\"og:image:height\" content=\"667\" \/>\n\t<meta property=\"og:image:type\" content=\"image\/jpeg\" \/>\n<meta name=\"twitter:card\" content=\"summary_large_image\" \/>\n<meta name=\"twitter:site\" content=\"@colt_technology\" \/>\n<meta name=\"twitter:label1\" content=\"Est. reading time\" \/>\n\t<meta name=\"twitter:data1\" content=\"2 minutes\" \/>\n<script type=\"application\/ld+json\" class=\"yoast-schema-graph\">{\"@context\":\"https:\/\/schema.org\",\"@graph\":[{\"@type\":\"WebPage\",\"@id\":\"https:\/\/legacy.colt.net\/es\/product\/voice-on-demand\/\",\"url\":\"https:\/\/legacy.colt.net\/es\/product\/voice-on-demand\/\",\"name\":\"Voice On Demand | Colt Technology Services | ES\",\"isPartOf\":{\"@id\":\"https:\/\/legacy.colt.net\/#website\"},\"datePublished\":\"2018-11-12T16:41:05+00:00\",\"dateModified\":\"2020-01-10T16:34:23+00:00\",\"description\":\"Colt Voice On-Demand Portal permite seleccionar el pa\u00eds, el tipo de n\u00famero, el rango de n\u00fameros.\",\"breadcrumb\":{\"@id\":\"https:\/\/legacy.colt.net\/es\/product\/voice-on-demand\/#breadcrumb\"},\"inLanguage\":\"es-ES\",\"potentialAction\":[{\"@type\":\"ReadAction\",\"target\":[\"https:\/\/legacy.colt.net\/es\/product\/voice-on-demand\/\"]}]},{\"@type\":\"BreadcrumbList\",\"@id\":\"https:\/\/legacy.colt.net\/es\/product\/voice-on-demand\/#breadcrumb\",\"itemListElement\":[{\"@type\":\"ListItem\",\"position\":1,\"name\":\"Home\",\"item\":\"https:\/\/legacy.colt.net\/es\/\"},{\"@type\":\"ListItem\",\"position\":2,\"name\":\"Productos y servicios\",\"item\":\"https:\/\/legacy.colt.net\/es\/product\/\"},{\"@type\":\"ListItem\",\"position\":3,\"name\":\"Voice on Demand\"}]},{\"@type\":\"WebSite\",\"@id\":\"https:\/\/legacy.colt.net\/#website\",\"url\":\"https:\/\/legacy.colt.net\/\",\"name\":\"Colt\u30c6\u30af\u30ce\u30ed\u30b8\u30fc\u30b5\u30fc\u30d3\u30b9\u682a\u5f0f\u4f1a\u793e\",\"description\":\"Managed Network &amp; Voice Services Provider\",\"publisher\":{\"@id\":\"https:\/\/legacy.colt.net\/#organization\"},\"potentialAction\":[{\"@type\":\"SearchAction\",\"target\":{\"@type\":\"EntryPoint\",\"urlTemplate\":\"https:\/\/legacy.colt.net\/?s={search_term_string}\"},\"query-input\":{\"@type\":\"PropertyValueSpecification\",\"valueRequired\":true,\"valueName\":\"search_term_string\"}}],\"inLanguage\":\"es-ES\"},{\"@type\":\"Organization\",\"@id\":\"https:\/\/legacy.colt.net\/#organization\",\"name\":\"Colt Technology Services\",\"url\":\"https:\/\/legacy.colt.net\/\",\"logo\":{\"@type\":\"ImageObject\",\"inLanguage\":\"es-ES\",\"@id\":\"https:\/\/legacy.colt.net\/#\/schema\/logo\/image\/\",\"url\":\"https:\/\/legacy.colt.net\/wp-content\/uploads\/2019\/02\/Colt-Logo.png\",\"contentUrl\":\"https:\/\/legacy.colt.net\/wp-content\/uploads\/2019\/02\/Colt-Logo.png\",\"width\":195,\"height\":77,\"caption\":\"Colt Technology Services\"},\"image\":{\"@id\":\"https:\/\/legacy.colt.net\/#\/schema\/logo\/image\/\"},\"sameAs\":[\"https:\/\/www.facebook.com\/ColtTechnologyServices\/\",\"https:\/\/x.com\/colt_technology\",\"https:\/\/www.instagram.com\/colttechnologyservices\/\",\"https:\/\/www.linkedin.com\/company\/colt-technology-services\",\"https:\/\/www.youtube.com\/user\/ColtTechnology\"]}]}<\/script>\n<!-- \/ Yoast SEO plugin. -->","yoast_head_json":{"title":"Voice On Demand | Colt Technology Services | ES","description":"Colt Voice On-Demand Portal permite seleccionar el pa\u00eds, el tipo de n\u00famero, el rango de n\u00fameros.","robots":{"index":"noindex","follow":"follow","max-snippet":"max-snippet:-1","max-image-preview":"max-image-preview:large","max-video-preview":"max-video-preview:-1"},"og_locale":"es_ES","og_type":"article","og_title":"Voice On Demand | Colt Technology Services | ES","og_description":"Colt Voice On-Demand Portal permite seleccionar el pa\u00eds, el tipo de n\u00famero, el rango de n\u00fameros.","og_url":"https:\/\/legacy.colt.net\/es\/product\/voice-on-demand\/","og_site_name":"Colt Technology Services","article_publisher":"https:\/\/www.facebook.com\/ColtTechnologyServices\/","article_modified_time":"2020-01-10T16:34:23+00:00","og_image":[{"width":1000,"height":667,"url":"https:\/\/legacy.colt.net\/wp-content\/uploads\/2021\/01\/Brand-2021-Stock-39.jpg","type":"image\/jpeg"}],"twitter_card":"summary_large_image","twitter_site":"@colt_technology","twitter_misc":{"Est. reading time":"2 minutes"},"schema":{"@context":"https:\/\/schema.org","@graph":[{"@type":"WebPage","@id":"https:\/\/legacy.colt.net\/es\/product\/voice-on-demand\/","url":"https:\/\/legacy.colt.net\/es\/product\/voice-on-demand\/","name":"Voice On Demand | Colt Technology Services | ES","isPartOf":{"@id":"https:\/\/legacy.colt.net\/#website"},"datePublished":"2018-11-12T16:41:05+00:00","dateModified":"2020-01-10T16:34:23+00:00","description":"Colt Voice On-Demand Portal permite seleccionar el pa\u00eds, el tipo de n\u00famero, el rango de n\u00fameros.","breadcrumb":{"@id":"https:\/\/legacy.colt.net\/es\/product\/voice-on-demand\/#breadcrumb"},"inLanguage":"es-ES","potentialAction":[{"@type":"ReadAction","target":["https:\/\/legacy.colt.net\/es\/product\/voice-on-demand\/"]}]},{"@type":"BreadcrumbList","@id":"https:\/\/legacy.colt.net\/es\/product\/voice-on-demand\/#breadcrumb","itemListElement":[{"@type":"ListItem","position":1,"name":"Home","item":"https:\/\/legacy.colt.net\/es\/"},{"@type":"ListItem","position":2,"name":"Productos y servicios","item":"https:\/\/legacy.colt.net\/es\/product\/"},{"@type":"ListItem","position":3,"name":"Voice on Demand"}]},{"@type":"WebSite","@id":"https:\/\/legacy.colt.net\/#website","url":"https:\/\/legacy.colt.net\/","name":"Colt\u30c6\u30af\u30ce\u30ed\u30b8\u30fc\u30b5\u30fc\u30d3\u30b9\u682a\u5f0f\u4f1a\u793e","description":"Managed Network &amp; Voice Services Provider","publisher":{"@id":"https:\/\/legacy.colt.net\/#organization"},"potentialAction":[{"@type":"SearchAction","target":{"@type":"EntryPoint","urlTemplate":"https:\/\/legacy.colt.net\/?s={search_term_string}"},"query-input":{"@type":"PropertyValueSpecification","valueRequired":true,"valueName":"search_term_string"}}],"inLanguage":"es-ES"},{"@type":"Organization","@id":"https:\/\/legacy.colt.net\/#organization","name":"Colt Technology Services","url":"https:\/\/legacy.colt.net\/","logo":{"@type":"ImageObject","inLanguage":"es-ES","@id":"https:\/\/legacy.colt.net\/#\/schema\/logo\/image\/","url":"https:\/\/legacy.colt.net\/wp-content\/uploads\/2019\/02\/Colt-Logo.png","contentUrl":"https:\/\/legacy.colt.net\/wp-content\/uploads\/2019\/02\/Colt-Logo.png","width":195,"height":77,"caption":"Colt Technology Services"},"image":{"@id":"https:\/\/legacy.colt.net\/#\/schema\/logo\/image\/"},"sameAs":["https:\/\/www.facebook.com\/ColtTechnologyServices\/","https:\/\/x.com\/colt_technology","https:\/\/www.instagram.com\/colttechnologyservices\/","https:\/\/www.linkedin.com\/company\/colt-technology-services","https:\/\/www.youtube.com\/user\/ColtTechnology"]}]}},"_links":{"self":[{"href":"https:\/\/legacy.colt.net\/es\/wp-json\/wp\/v2\/pages\/38106","targetHints":{"allow":["GET"]}}],"collection":[{"href":"https:\/\/legacy.colt.net\/es\/wp-json\/wp\/v2\/pages"}],"about":[{"href":"https:\/\/legacy.colt.net\/es\/wp-json\/wp\/v2\/types\/page"}],"author":[{"embeddable":true,"href":"https:\/\/legacy.colt.net\/es\/wp-json\/wp\/v2\/users\/143"}],"replies":[{"embeddable":true,"href":"https:\/\/legacy.colt.net\/es\/wp-json\/wp\/v2\/comments?post=38106"}],"version-history":[{"count":0,"href":"https:\/\/legacy.colt.net\/es\/wp-json\/wp\/v2\/pages\/38106\/revisions"}],"up":[{"embeddable":true,"href":"https:\/\/legacy.colt.net\/es\/wp-json\/wp\/v2\/pages\/35905"}],"wp:attachment":[{"href":"https:\/\/legacy.colt.net\/es\/wp-json\/wp\/v2\/media?parent=38106"}],"wp:term":[{"taxonomy":"colt_type","embeddable":true,"href":"https:\/\/legacy.colt.net\/es\/wp-json\/wp\/v2\/colt_type?post=38106"},{"taxonomy":"colt_products","embeddable":true,"href":"https:\/\/legacy.colt.net\/es\/wp-json\/wp\/v2\/colt_products?post=38106"}],"curies":[{"name":"wp","href":"https:\/\/api.w.org\/{rel}","templated":true}]}}