{"id":38081,"date":"2018-11-12T16:18:15","date_gmt":"2018-11-12T16:18:15","guid":{"rendered":"https:\/\/www.colt.net\/product\/in-vas-and-contact-centre\/"},"modified":"2019-05-16T14:27:00","modified_gmt":"2019-05-16T13:27:00","slug":"in-vas-y-contact-centres","status":"publish","type":"page","link":"https:\/\/legacy.colt.net\/es\/product\/in-vas-y-contact-centres\/","title":{"rendered":"PBX virtual &#8211; Soluciones de contact center en la nube"},"content":{"rendered":"<p><iframe loading=\"lazy\" src=\"https:\/\/www.youtube.com\/embed\/yqByRhv8-As?rel=0\" width=\"844\" height=\"475\" frameborder=\"0\" allowfullscreen=\"allowfullscreen\"><span data-mce-type=\"bookmark\" style=\"display: inline-block; width: 0px; overflow: hidden; line-height: 0;\" class=\"mce_SELRES_start\">\ufeff<\/span><span data-mce-type=\"bookmark\" style=\"display: inline-block; width: 0px; overflow: hidden; line-height: 0;\" class=\"mce_SELRES_start\">\ufeff<\/span><span data-mce-type=\"bookmark\" style=\"display: inline-block; width: 0px; overflow: hidden; line-height: 0;\" class=\"mce_SELRES_start\">\ufeff<\/span><span data-mce-type=\"bookmark\" style=\"display: inline-block; width: 0px; overflow: hidden; line-height: 0;\" class=\"mce_SELRES_start\">\ufeff<\/span><\/iframe><\/p>\n<p class=\"intro\">La atenci\u00f3n al cliente es crucial para la empresa y el grado de satisfacci\u00f3n desciende cuando el cliente experimenta tiempos de espera prolongados en la llamada.<\/p>\n<p>A menudo son unas ubicaciones dispersas y unos sistemas PBX obsoletos los que provocan dichos retrasos. Sin embargo, existe una manera f\u00e1cil de integrar plantillas y equipos de trabajo. Con los servicios de IVR (Respuesta Interactiva de Voz) y las soluciones para contact center en la nube de Colt, puedes cambiar a un centro de contacto innovador (PBX virtual) r\u00e1pidamente, y a un precio asequible.<\/p>\n<h3>Con soporte<\/h3>\n<p>Ampl\u00eda al instante los conocimientos de tu equipo. Nuestros servicios de IVR y contacto virtual est\u00e1n respaldados por expertos del sector que trabajan contigo desde la instalaci\u00f3n en adelante.<\/p>\n<h3>Reputaci\u00f3n<\/h3>\n<p>No puedes permitirte que tus clientes no puedan contactar con tu empresa eso os har\u00eda perder negocio. Los costes de la atenci\u00f3n al cliente tambi\u00e9n pueden ser caros. Nuestros expertos crear\u00e1n un centro de contacto que minimice el riesgo y el coste para tu empresa.<\/p>\n<h3>Escalable<\/h3>\n<p>Nunca cobramos por la capacidad no utilizada. Solo se paga a medida que crezcas gracias a nuestros paquetes flexibles y cuotas mensuales. Puedes a\u00f1adir capacidad f\u00e1cilmente en picos y emergencias.<\/p>\n","protected":false},"excerpt":{"rendered":"<p>\ufeff\ufeff\ufeff\ufeff La atenci\u00f3n al cliente es crucial para la empresa y el grado de satisfacci\u00f3n desciende cuando el cliente experimenta tiempos de espera prolongados en la llamada. A menudo son unas ubicaciones dispersas y unos sistemas PBX obsoletos los que provocan dichos retrasos. Sin embargo, existe una manera f\u00e1cil de integrar plantillas y equipos de&#8230;<\/p>\n","protected":false},"author":143,"featured_media":0,"parent":35905,"menu_order":0,"comment_status":"closed","ping_status":"closed","template":"","meta":{"_acf_changed":false,"footnotes":""},"colt_type":[],"colt_products":[1329,1635],"class_list":["post-38081","page","type-page","status-publish","hentry","colt_products-cloud-voice-vas-es","colt_products-voice-and-collaboration-es"],"acf":[],"yoast_head":"<!-- This site is optimized with the Yoast SEO plugin v26.8 - https:\/\/yoast.com\/product\/yoast-seo-wordpress\/ -->\n<title>PBX virtual - Soluciones de contact center en la nube | Colt | ES<\/title>\n<meta name=\"description\" content=\"Conozca cu\u00e1les son las ventajas de elegir un PBX virtual frente a una centralita tradicional. Explore todas las soluciones de contact center en la nube que Colt pone a su disposici\u00f3n.\" \/>\n<meta name=\"robots\" content=\"noindex, follow, max-snippet:-1, max-image-preview:large, max-video-preview:-1\" \/>\n<meta property=\"og:locale\" content=\"es_ES\" \/>\n<meta property=\"og:type\" content=\"article\" \/>\n<meta property=\"og:title\" content=\"PBX virtual - Soluciones de contact center en la nube | Colt | ES\" \/>\n<meta property=\"og:description\" content=\"Conozca cu\u00e1les son las ventajas de elegir un PBX virtual frente a una centralita tradicional. Explore todas las soluciones de contact center en la nube que Colt pone a su disposici\u00f3n.\" \/>\n<meta property=\"og:url\" content=\"https:\/\/legacy.colt.net\/es\/product\/in-vas-y-contact-centres\/\" \/>\n<meta property=\"og:site_name\" content=\"Colt Technology Services\" \/>\n<meta property=\"article:publisher\" content=\"https:\/\/www.facebook.com\/ColtTechnologyServices\/\" \/>\n<meta property=\"article:modified_time\" content=\"2019-05-16T13:27:00+00:00\" \/>\n<meta property=\"og:image\" content=\"https:\/\/legacy.colt.net\/wp-content\/uploads\/2021\/01\/Brand-2021-Stock-14.jpg\" \/>\n\t<meta property=\"og:image:width\" content=\"1000\" \/>\n\t<meta property=\"og:image:height\" content=\"667\" \/>\n\t<meta property=\"og:image:type\" content=\"image\/jpeg\" \/>\n<meta name=\"twitter:card\" content=\"summary_large_image\" \/>\n<meta name=\"twitter:site\" content=\"@colt_technology\" \/>\n<meta name=\"twitter:label1\" content=\"Est. reading time\" \/>\n\t<meta name=\"twitter:data1\" content=\"1 minute\" \/>\n<script type=\"application\/ld+json\" class=\"yoast-schema-graph\">{\"@context\":\"https:\/\/schema.org\",\"@graph\":[{\"@type\":\"WebPage\",\"@id\":\"https:\/\/legacy.colt.net\/es\/product\/in-vas-y-contact-centres\/\",\"url\":\"https:\/\/legacy.colt.net\/es\/product\/in-vas-y-contact-centres\/\",\"name\":\"PBX virtual - Soluciones de contact center en la nube | Colt | ES\",\"isPartOf\":{\"@id\":\"https:\/\/legacy.colt.net\/#website\"},\"datePublished\":\"2018-11-12T16:18:15+00:00\",\"dateModified\":\"2019-05-16T13:27:00+00:00\",\"description\":\"Conozca cu\u00e1les son las ventajas de elegir un PBX virtual frente a una centralita tradicional. Explore todas las soluciones de contact center en la nube que Colt pone a su disposici\u00f3n.\",\"breadcrumb\":{\"@id\":\"https:\/\/legacy.colt.net\/es\/product\/in-vas-y-contact-centres\/#breadcrumb\"},\"inLanguage\":\"es-ES\",\"potentialAction\":[{\"@type\":\"ReadAction\",\"target\":[\"https:\/\/legacy.colt.net\/es\/product\/in-vas-y-contact-centres\/\"]}]},{\"@type\":\"BreadcrumbList\",\"@id\":\"https:\/\/legacy.colt.net\/es\/product\/in-vas-y-contact-centres\/#breadcrumb\",\"itemListElement\":[{\"@type\":\"ListItem\",\"position\":1,\"name\":\"Home\",\"item\":\"https:\/\/legacy.colt.net\/es\/\"},{\"@type\":\"ListItem\",\"position\":2,\"name\":\"Productos y servicios\",\"item\":\"https:\/\/legacy.colt.net\/es\/product\/\"},{\"@type\":\"ListItem\",\"position\":3,\"name\":\"PBX virtual &#8211; Soluciones de contact center en la nube\"}]},{\"@type\":\"WebSite\",\"@id\":\"https:\/\/legacy.colt.net\/#website\",\"url\":\"https:\/\/legacy.colt.net\/\",\"name\":\"Colt\u30c6\u30af\u30ce\u30ed\u30b8\u30fc\u30b5\u30fc\u30d3\u30b9\u682a\u5f0f\u4f1a\u793e\",\"description\":\"Managed Network &amp; Voice Services Provider\",\"publisher\":{\"@id\":\"https:\/\/legacy.colt.net\/#organization\"},\"potentialAction\":[{\"@type\":\"SearchAction\",\"target\":{\"@type\":\"EntryPoint\",\"urlTemplate\":\"https:\/\/legacy.colt.net\/?s={search_term_string}\"},\"query-input\":{\"@type\":\"PropertyValueSpecification\",\"valueRequired\":true,\"valueName\":\"search_term_string\"}}],\"inLanguage\":\"es-ES\"},{\"@type\":\"Organization\",\"@id\":\"https:\/\/legacy.colt.net\/#organization\",\"name\":\"Colt Technology Services\",\"url\":\"https:\/\/legacy.colt.net\/\",\"logo\":{\"@type\":\"ImageObject\",\"inLanguage\":\"es-ES\",\"@id\":\"https:\/\/legacy.colt.net\/#\/schema\/logo\/image\/\",\"url\":\"https:\/\/legacy.colt.net\/wp-content\/uploads\/2019\/02\/Colt-Logo.png\",\"contentUrl\":\"https:\/\/legacy.colt.net\/wp-content\/uploads\/2019\/02\/Colt-Logo.png\",\"width\":195,\"height\":77,\"caption\":\"Colt Technology Services\"},\"image\":{\"@id\":\"https:\/\/legacy.colt.net\/#\/schema\/logo\/image\/\"},\"sameAs\":[\"https:\/\/www.facebook.com\/ColtTechnologyServices\/\",\"https:\/\/x.com\/colt_technology\",\"https:\/\/www.instagram.com\/colttechnologyservices\/\",\"https:\/\/www.linkedin.com\/company\/colt-technology-services\",\"https:\/\/www.youtube.com\/user\/ColtTechnology\"]}]}<\/script>\n<!-- \/ Yoast SEO plugin. -->","yoast_head_json":{"title":"PBX virtual - Soluciones de contact center en la nube | Colt | ES","description":"Conozca cu\u00e1les son las ventajas de elegir un PBX virtual frente a una centralita tradicional. Explore todas las soluciones de contact center en la nube que Colt pone a su disposici\u00f3n.","robots":{"index":"noindex","follow":"follow","max-snippet":"max-snippet:-1","max-image-preview":"max-image-preview:large","max-video-preview":"max-video-preview:-1"},"og_locale":"es_ES","og_type":"article","og_title":"PBX virtual - Soluciones de contact center en la nube | Colt | ES","og_description":"Conozca cu\u00e1les son las ventajas de elegir un PBX virtual frente a una centralita tradicional. Explore todas las soluciones de contact center en la nube que Colt pone a su disposici\u00f3n.","og_url":"https:\/\/legacy.colt.net\/es\/product\/in-vas-y-contact-centres\/","og_site_name":"Colt Technology Services","article_publisher":"https:\/\/www.facebook.com\/ColtTechnologyServices\/","article_modified_time":"2019-05-16T13:27:00+00:00","og_image":[{"width":1000,"height":667,"url":"https:\/\/legacy.colt.net\/wp-content\/uploads\/2021\/01\/Brand-2021-Stock-14.jpg","type":"image\/jpeg"}],"twitter_card":"summary_large_image","twitter_site":"@colt_technology","twitter_misc":{"Est. reading time":"1 minute"},"schema":{"@context":"https:\/\/schema.org","@graph":[{"@type":"WebPage","@id":"https:\/\/legacy.colt.net\/es\/product\/in-vas-y-contact-centres\/","url":"https:\/\/legacy.colt.net\/es\/product\/in-vas-y-contact-centres\/","name":"PBX virtual - Soluciones de contact center en la nube | Colt | ES","isPartOf":{"@id":"https:\/\/legacy.colt.net\/#website"},"datePublished":"2018-11-12T16:18:15+00:00","dateModified":"2019-05-16T13:27:00+00:00","description":"Conozca cu\u00e1les son las ventajas de elegir un PBX virtual frente a una centralita tradicional. Explore todas las soluciones de contact center en la nube que Colt pone a su disposici\u00f3n.","breadcrumb":{"@id":"https:\/\/legacy.colt.net\/es\/product\/in-vas-y-contact-centres\/#breadcrumb"},"inLanguage":"es-ES","potentialAction":[{"@type":"ReadAction","target":["https:\/\/legacy.colt.net\/es\/product\/in-vas-y-contact-centres\/"]}]},{"@type":"BreadcrumbList","@id":"https:\/\/legacy.colt.net\/es\/product\/in-vas-y-contact-centres\/#breadcrumb","itemListElement":[{"@type":"ListItem","position":1,"name":"Home","item":"https:\/\/legacy.colt.net\/es\/"},{"@type":"ListItem","position":2,"name":"Productos y servicios","item":"https:\/\/legacy.colt.net\/es\/product\/"},{"@type":"ListItem","position":3,"name":"PBX virtual &#8211; Soluciones de contact center en la nube"}]},{"@type":"WebSite","@id":"https:\/\/legacy.colt.net\/#website","url":"https:\/\/legacy.colt.net\/","name":"Colt\u30c6\u30af\u30ce\u30ed\u30b8\u30fc\u30b5\u30fc\u30d3\u30b9\u682a\u5f0f\u4f1a\u793e","description":"Managed Network &amp; Voice Services Provider","publisher":{"@id":"https:\/\/legacy.colt.net\/#organization"},"potentialAction":[{"@type":"SearchAction","target":{"@type":"EntryPoint","urlTemplate":"https:\/\/legacy.colt.net\/?s={search_term_string}"},"query-input":{"@type":"PropertyValueSpecification","valueRequired":true,"valueName":"search_term_string"}}],"inLanguage":"es-ES"},{"@type":"Organization","@id":"https:\/\/legacy.colt.net\/#organization","name":"Colt Technology Services","url":"https:\/\/legacy.colt.net\/","logo":{"@type":"ImageObject","inLanguage":"es-ES","@id":"https:\/\/legacy.colt.net\/#\/schema\/logo\/image\/","url":"https:\/\/legacy.colt.net\/wp-content\/uploads\/2019\/02\/Colt-Logo.png","contentUrl":"https:\/\/legacy.colt.net\/wp-content\/uploads\/2019\/02\/Colt-Logo.png","width":195,"height":77,"caption":"Colt Technology Services"},"image":{"@id":"https:\/\/legacy.colt.net\/#\/schema\/logo\/image\/"},"sameAs":["https:\/\/www.facebook.com\/ColtTechnologyServices\/","https:\/\/x.com\/colt_technology","https:\/\/www.instagram.com\/colttechnologyservices\/","https:\/\/www.linkedin.com\/company\/colt-technology-services","https:\/\/www.youtube.com\/user\/ColtTechnology"]}]}},"_links":{"self":[{"href":"https:\/\/legacy.colt.net\/es\/wp-json\/wp\/v2\/pages\/38081","targetHints":{"allow":["GET"]}}],"collection":[{"href":"https:\/\/legacy.colt.net\/es\/wp-json\/wp\/v2\/pages"}],"about":[{"href":"https:\/\/legacy.colt.net\/es\/wp-json\/wp\/v2\/types\/page"}],"author":[{"embeddable":true,"href":"https:\/\/legacy.colt.net\/es\/wp-json\/wp\/v2\/users\/143"}],"replies":[{"embeddable":true,"href":"https:\/\/legacy.colt.net\/es\/wp-json\/wp\/v2\/comments?post=38081"}],"version-history":[{"count":0,"href":"https:\/\/legacy.colt.net\/es\/wp-json\/wp\/v2\/pages\/38081\/revisions"}],"up":[{"embeddable":true,"href":"https:\/\/legacy.colt.net\/es\/wp-json\/wp\/v2\/pages\/35905"}],"wp:attachment":[{"href":"https:\/\/legacy.colt.net\/es\/wp-json\/wp\/v2\/media?parent=38081"}],"wp:term":[{"taxonomy":"colt_type","embeddable":true,"href":"https:\/\/legacy.colt.net\/es\/wp-json\/wp\/v2\/colt_type?post=38081"},{"taxonomy":"colt_products","embeddable":true,"href":"https:\/\/legacy.colt.net\/es\/wp-json\/wp\/v2\/colt_products?post=38081"}],"curies":[{"name":"wp","href":"https:\/\/api.w.org\/{rel}","templated":true}]}}