{"id":38062,"date":"2018-11-12T16:11:51","date_gmt":"2018-11-12T16:11:51","guid":{"rendered":"https:\/\/www.colt.net\/product\/toll-free-non-geographic-numbers\/"},"modified":"2024-12-14T14:45:14","modified_gmt":"2024-12-14T14:45:14","slug":"toll-free-non-geographic-numbers","status":"publish","type":"page","link":"https:\/\/legacy.colt.net\/es\/product\/toll-free-non-geographic-numbers\/","title":{"rendered":"N\u00fameros de tel\u00e9fono entrantes para empresas"},"content":{"rendered":"<p><iframe loading=\"lazy\" src=\"https:\/\/www.youtube.com\/embed\/yqByRhv8-As?rel=0\" width=\"844\" height=\"475\" frameborder=\"0\" allowfullscreen=\"allowfullscreen\"><span data-mce-type=\"bookmark\" style=\"display: inline-block; width: 0px; overflow: hidden; line-height: 0;\" class=\"mce_SELRES_start\">\ufeff<\/span><span data-mce-type=\"bookmark\" style=\"display: inline-block; width: 0px; overflow: hidden; line-height: 0;\" class=\"mce_SELRES_start\">\ufeff<\/span><span data-mce-type=\"bookmark\" style=\"display: inline-block; width: 0px; overflow: hidden; line-height: 0;\" class=\"mce_SELRES_start\">\ufeff<\/span><span data-mce-type=\"bookmark\" style=\"display: inline-block; width: 0px; overflow: hidden; line-height: 0;\" class=\"mce_SELRES_start\">\ufeff<\/span><span data-mce-type=\"bookmark\" style=\"display: inline-block; width: 0px; overflow: hidden; line-height: 0;\" class=\"mce_SELRES_start\">\ufeff<\/span><span data-mce-type=\"bookmark\" style=\"display: inline-block; width: 0px; overflow: hidden; line-height: 0;\" class=\"mce_SELRES_start\">\ufeff<\/span><\/iframe><\/p>\n<p class=\"intro\">Los n\u00fameros de acceso a servicios permiten que tu empresa sea m\u00e1s accesible en distintos mercados. Gracias a Colt, puedes recibir llamadas procedentes de 28 pa\u00edses en 4 continentes. A continuaci\u00f3n, con una \u00fanica interfaz web, se pueden enviar a cualquier lugar del mundo. T\u00fa eliges la mejor tarifa para tus clientes: n\u00fameros gratuitos, de coste compartido, geogr\u00e1ficos o premium.<\/p>\n<h3>Eficiencia de costes<\/h3>\n<p>Utilizando a Colt como \u00fanico proveedor de servicios, simplificar\u00e1s la facturaci\u00f3n y reducir\u00e1s los gastos administrativos para todas tus llamadas.<\/p>\n<h3>Control<\/h3>\n<p>Con independencia de lo extensa que sea tu empresa, puedes disponer de un simple punto de control para gestionar todo el tr\u00e1fico de llamadas. Y transmitirlas a cualquier parte del mundo.<\/p>\n<h3>Cobertura<\/h3>\n<p>Nuestra red paneuropea te ayuda a estar presente en mercados, incluso en los que careces de oficinas o personal trabajando.<\/p>\n","protected":false},"excerpt":{"rendered":"<p>\ufeff\ufeff\ufeff\ufeff\ufeff\ufeff Los n\u00fameros de acceso a servicios permiten que tu empresa sea m\u00e1s accesible en distintos mercados. Gracias a Colt, puedes recibir llamadas procedentes de 28 pa\u00edses en 4 continentes. A continuaci\u00f3n, con una \u00fanica interfaz web, se pueden enviar a cualquier lugar del mundo. T\u00fa eliges la mejor tarifa para tus clientes: n\u00fameros gratuitos,&#8230;<\/p>\n","protected":false},"author":143,"featured_media":0,"parent":35905,"menu_order":0,"comment_status":"closed","ping_status":"closed","template":"page-templates\/template-product.php","meta":{"_acf_changed":false,"footnotes":""},"colt_type":[],"colt_products":[],"class_list":["post-38062","page","type-page","status-publish","hentry"],"acf":[],"yoast_head":"<!-- This site is optimized with the Yoast SEO plugin v26.8 - https:\/\/yoast.com\/product\/yoast-seo-wordpress\/ -->\n<title>Inbound Business Phone Numbers - Freephone &amp; Premium Rate - Colt<\/title>\n<meta name=\"description\" content=\"Business Phone Numbers from Colt offer freephone, international, shared cost, and premium rate numbers for accessible sales &amp; support to global markets.\" \/>\n<meta name=\"robots\" content=\"noindex, follow, max-snippet:-1, max-image-preview:large, max-video-preview:-1\" \/>\n<meta property=\"og:locale\" content=\"es_ES\" \/>\n<meta property=\"og:type\" content=\"article\" \/>\n<meta property=\"og:title\" content=\"Inbound Business Phone Numbers - Freephone &amp; Premium Rate - Colt\" \/>\n<meta property=\"og:description\" content=\"Business Phone Numbers from Colt offer freephone, international, shared cost, and premium rate numbers for accessible sales &amp; support to global markets.\" \/>\n<meta property=\"og:url\" content=\"https:\/\/legacy.colt.net\/es\/product\/toll-free-non-geographic-numbers\/\" \/>\n<meta property=\"og:site_name\" content=\"Colt Technology Services\" \/>\n<meta property=\"article:publisher\" content=\"https:\/\/www.facebook.com\/ColtTechnologyServices\/\" \/>\n<meta property=\"article:modified_time\" content=\"2024-12-14T14:45:14+00:00\" \/>\n<meta name=\"twitter:card\" content=\"summary_large_image\" \/>\n<meta name=\"twitter:site\" content=\"@colt_technology\" \/>\n<script type=\"application\/ld+json\" class=\"yoast-schema-graph\">{\"@context\":\"https:\/\/schema.org\",\"@graph\":[{\"@type\":\"WebPage\",\"@id\":\"https:\/\/legacy.colt.net\/es\/product\/toll-free-non-geographic-numbers\/\",\"url\":\"https:\/\/legacy.colt.net\/es\/product\/toll-free-non-geographic-numbers\/\",\"name\":\"Inbound Business Phone Numbers - Freephone & Premium Rate - Colt\",\"isPartOf\":{\"@id\":\"https:\/\/legacy.colt.net\/#website\"},\"datePublished\":\"2018-11-12T16:11:51+00:00\",\"dateModified\":\"2024-12-14T14:45:14+00:00\",\"description\":\"Business Phone Numbers from Colt offer freephone, international, shared cost, and premium rate numbers for accessible sales & support to global markets.\",\"breadcrumb\":{\"@id\":\"https:\/\/legacy.colt.net\/es\/product\/toll-free-non-geographic-numbers\/#breadcrumb\"},\"inLanguage\":\"es-ES\",\"potentialAction\":[{\"@type\":\"ReadAction\",\"target\":[\"https:\/\/legacy.colt.net\/es\/product\/toll-free-non-geographic-numbers\/\"]}]},{\"@type\":\"BreadcrumbList\",\"@id\":\"https:\/\/legacy.colt.net\/es\/product\/toll-free-non-geographic-numbers\/#breadcrumb\",\"itemListElement\":[{\"@type\":\"ListItem\",\"position\":1,\"name\":\"Home\",\"item\":\"https:\/\/legacy.colt.net\/es\/\"},{\"@type\":\"ListItem\",\"position\":2,\"name\":\"Productos y servicios\",\"item\":\"https:\/\/legacy.colt.net\/es\/product\/\"},{\"@type\":\"ListItem\",\"position\":3,\"name\":\"N\u00fameros de tel\u00e9fono entrantes para empresas\"}]},{\"@type\":\"WebSite\",\"@id\":\"https:\/\/legacy.colt.net\/#website\",\"url\":\"https:\/\/legacy.colt.net\/\",\"name\":\"Colt\u30c6\u30af\u30ce\u30ed\u30b8\u30fc\u30b5\u30fc\u30d3\u30b9\u682a\u5f0f\u4f1a\u793e\",\"description\":\"Managed Network &amp; Voice Services Provider\",\"publisher\":{\"@id\":\"https:\/\/legacy.colt.net\/#organization\"},\"potentialAction\":[{\"@type\":\"SearchAction\",\"target\":{\"@type\":\"EntryPoint\",\"urlTemplate\":\"https:\/\/legacy.colt.net\/?s={search_term_string}\"},\"query-input\":{\"@type\":\"PropertyValueSpecification\",\"valueRequired\":true,\"valueName\":\"search_term_string\"}}],\"inLanguage\":\"es-ES\"},{\"@type\":\"Organization\",\"@id\":\"https:\/\/legacy.colt.net\/#organization\",\"name\":\"Colt Technology Services\",\"url\":\"https:\/\/legacy.colt.net\/\",\"logo\":{\"@type\":\"ImageObject\",\"inLanguage\":\"es-ES\",\"@id\":\"https:\/\/legacy.colt.net\/#\/schema\/logo\/image\/\",\"url\":\"https:\/\/legacy.colt.net\/wp-content\/uploads\/2019\/02\/Colt-Logo.png\",\"contentUrl\":\"https:\/\/legacy.colt.net\/wp-content\/uploads\/2019\/02\/Colt-Logo.png\",\"width\":195,\"height\":77,\"caption\":\"Colt Technology Services\"},\"image\":{\"@id\":\"https:\/\/legacy.colt.net\/#\/schema\/logo\/image\/\"},\"sameAs\":[\"https:\/\/www.facebook.com\/ColtTechnologyServices\/\",\"https:\/\/x.com\/colt_technology\",\"https:\/\/www.instagram.com\/colttechnologyservices\/\",\"https:\/\/www.linkedin.com\/company\/colt-technology-services\",\"https:\/\/www.youtube.com\/user\/ColtTechnology\"]}]}<\/script>\n<!-- \/ Yoast SEO plugin. -->","yoast_head_json":{"title":"Inbound Business Phone Numbers - Freephone & Premium Rate - Colt","description":"Business Phone Numbers from Colt offer freephone, international, shared cost, and premium rate numbers for accessible sales & support to global markets.","robots":{"index":"noindex","follow":"follow","max-snippet":"max-snippet:-1","max-image-preview":"max-image-preview:large","max-video-preview":"max-video-preview:-1"},"og_locale":"es_ES","og_type":"article","og_title":"Inbound Business Phone Numbers - Freephone & Premium Rate - Colt","og_description":"Business Phone Numbers from Colt offer freephone, international, shared cost, and premium rate numbers for accessible sales & support to global markets.","og_url":"https:\/\/legacy.colt.net\/es\/product\/toll-free-non-geographic-numbers\/","og_site_name":"Colt Technology Services","article_publisher":"https:\/\/www.facebook.com\/ColtTechnologyServices\/","article_modified_time":"2024-12-14T14:45:14+00:00","twitter_card":"summary_large_image","twitter_site":"@colt_technology","schema":{"@context":"https:\/\/schema.org","@graph":[{"@type":"WebPage","@id":"https:\/\/legacy.colt.net\/es\/product\/toll-free-non-geographic-numbers\/","url":"https:\/\/legacy.colt.net\/es\/product\/toll-free-non-geographic-numbers\/","name":"Inbound Business Phone Numbers - Freephone & Premium Rate - Colt","isPartOf":{"@id":"https:\/\/legacy.colt.net\/#website"},"datePublished":"2018-11-12T16:11:51+00:00","dateModified":"2024-12-14T14:45:14+00:00","description":"Business Phone Numbers from Colt offer freephone, international, shared cost, and premium rate numbers for accessible sales & support to global markets.","breadcrumb":{"@id":"https:\/\/legacy.colt.net\/es\/product\/toll-free-non-geographic-numbers\/#breadcrumb"},"inLanguage":"es-ES","potentialAction":[{"@type":"ReadAction","target":["https:\/\/legacy.colt.net\/es\/product\/toll-free-non-geographic-numbers\/"]}]},{"@type":"BreadcrumbList","@id":"https:\/\/legacy.colt.net\/es\/product\/toll-free-non-geographic-numbers\/#breadcrumb","itemListElement":[{"@type":"ListItem","position":1,"name":"Home","item":"https:\/\/legacy.colt.net\/es\/"},{"@type":"ListItem","position":2,"name":"Productos y servicios","item":"https:\/\/legacy.colt.net\/es\/product\/"},{"@type":"ListItem","position":3,"name":"N\u00fameros de tel\u00e9fono entrantes para empresas"}]},{"@type":"WebSite","@id":"https:\/\/legacy.colt.net\/#website","url":"https:\/\/legacy.colt.net\/","name":"Colt\u30c6\u30af\u30ce\u30ed\u30b8\u30fc\u30b5\u30fc\u30d3\u30b9\u682a\u5f0f\u4f1a\u793e","description":"Managed Network &amp; Voice Services Provider","publisher":{"@id":"https:\/\/legacy.colt.net\/#organization"},"potentialAction":[{"@type":"SearchAction","target":{"@type":"EntryPoint","urlTemplate":"https:\/\/legacy.colt.net\/?s={search_term_string}"},"query-input":{"@type":"PropertyValueSpecification","valueRequired":true,"valueName":"search_term_string"}}],"inLanguage":"es-ES"},{"@type":"Organization","@id":"https:\/\/legacy.colt.net\/#organization","name":"Colt Technology Services","url":"https:\/\/legacy.colt.net\/","logo":{"@type":"ImageObject","inLanguage":"es-ES","@id":"https:\/\/legacy.colt.net\/#\/schema\/logo\/image\/","url":"https:\/\/legacy.colt.net\/wp-content\/uploads\/2019\/02\/Colt-Logo.png","contentUrl":"https:\/\/legacy.colt.net\/wp-content\/uploads\/2019\/02\/Colt-Logo.png","width":195,"height":77,"caption":"Colt Technology Services"},"image":{"@id":"https:\/\/legacy.colt.net\/#\/schema\/logo\/image\/"},"sameAs":["https:\/\/www.facebook.com\/ColtTechnologyServices\/","https:\/\/x.com\/colt_technology","https:\/\/www.instagram.com\/colttechnologyservices\/","https:\/\/www.linkedin.com\/company\/colt-technology-services","https:\/\/www.youtube.com\/user\/ColtTechnology"]}]}},"_links":{"self":[{"href":"https:\/\/legacy.colt.net\/es\/wp-json\/wp\/v2\/pages\/38062","targetHints":{"allow":["GET"]}}],"collection":[{"href":"https:\/\/legacy.colt.net\/es\/wp-json\/wp\/v2\/pages"}],"about":[{"href":"https:\/\/legacy.colt.net\/es\/wp-json\/wp\/v2\/types\/page"}],"author":[{"embeddable":true,"href":"https:\/\/legacy.colt.net\/es\/wp-json\/wp\/v2\/users\/143"}],"replies":[{"embeddable":true,"href":"https:\/\/legacy.colt.net\/es\/wp-json\/wp\/v2\/comments?post=38062"}],"version-history":[{"count":0,"href":"https:\/\/legacy.colt.net\/es\/wp-json\/wp\/v2\/pages\/38062\/revisions"}],"up":[{"embeddable":true,"href":"https:\/\/legacy.colt.net\/es\/wp-json\/wp\/v2\/pages\/35905"}],"wp:attachment":[{"href":"https:\/\/legacy.colt.net\/es\/wp-json\/wp\/v2\/media?parent=38062"}],"wp:term":[{"taxonomy":"colt_type","embeddable":true,"href":"https:\/\/legacy.colt.net\/es\/wp-json\/wp\/v2\/colt_type?post=38062"},{"taxonomy":"colt_products","embeddable":true,"href":"https:\/\/legacy.colt.net\/es\/wp-json\/wp\/v2\/colt_products?post=38062"}],"curies":[{"name":"wp","href":"https:\/\/api.w.org\/{rel}","templated":true}]}}