{"id":38030,"date":"2019-02-08T16:35:07","date_gmt":"2019-02-08T16:35:07","guid":{"rendered":"https:\/\/www.colt.net\/product\/colt-intelligent-communications\/"},"modified":"2024-12-14T14:36:09","modified_gmt":"2024-12-14T14:36:09","slug":"intelligent-communications","status":"publish","type":"page","link":"https:\/\/legacy.colt.net\/es\/product\/intelligent-communications\/","title":{"rendered":"Colt Intelligent Communications"},"content":{"rendered":"<p><iframe loading=\"lazy\" src=\"https:\/\/www.youtube.com\/embed\/4gSFOuMOA1g?rel=0\" width=\"844\" height=\"475\" frameborder=\"0\" allowfullscreen=\"allowfullscreen\"><span data-mce-type=\"bookmark\" style=\"display: inline-block; width: 0px; overflow: hidden; line-height: 0;\" class=\"mce_SELRES_start\">\ufeff<\/span><span data-mce-type=\"bookmark\" style=\"display: inline-block; width: 0px; overflow: hidden; line-height: 0;\" class=\"mce_SELRES_start\">\ufeff<\/span><span data-mce-type=\"bookmark\" style=\"display: inline-block; width: 0px; overflow: hidden; line-height: 0;\" class=\"mce_SELRES_start\">\ufeff<\/span><span data-mce-type=\"bookmark\" style=\"display: inline-block; width: 0px; overflow: hidden; line-height: 0;\" class=\"mce_SELRES_start\">\ufeff<\/span><\/iframe><\/p>\n<h3><strong>Colt Intelligent Communications\u00a0<span class=\"Apple-converted-space\"><br \/>\n<\/span><\/strong><span style=\"color: #000000;\">Desarrollado por Microsoft Office 365<\/span><\/h3>\n<p class=\"intro\">Colt Intelligent Communications re\u00fane el poder de las aplicaciones de productividad en la nube de Microsoft con herramientas de comunicaci\u00f3n empresariales, estrechamente integradas para ofrecer todo lo necesario para colaborar y trabajar de manera eficiente.<\/p>\n<p>Integra Microsoft Office 365 y la red de Nivel 1 totalmente convergente de Colt, brindando a <a href=\"https:\/\/products.office.com\/es\/microsoft-teams\/group-chat-software\" target=\"_blank\" rel=\"noopener noreferrer\"><i>Teams<\/i><\/a> y <a href=\"https:\/\/www.skype.com\/es\/business\/\" target=\"_blank\" rel=\"noopener noreferrer\"><i>Skype for Business<\/i><\/a> un nivel adicional de funcionalidad y resistencia, con soporte de extremo a extremo desde un \u00fanico punto de contacto y contrato en 13 pa\u00edses.<\/p>\n<p>Esta soluci\u00f3n cu\u00e1druple totalmente integrada cubre aplicaciones de productividad y colaboraci\u00f3n, conectividad de alto ancho de banda en la red de Nivel 1 de Colt, servicios de voz de nivel empresarial compatibles con DirectRoute y Servicios Profesionales para la transici\u00f3n, implementaci\u00f3n y adopci\u00f3n con todo el alcance de los dispositivos certificados de Microsoft.<\/p>\n<h3>Simplicidad de soluciones<\/h3>\n<p>Migra las aplicaciones de productividad y la infraestructura de comunicaci\u00f3n empresarial a la nube, benefici\u00e1ndote de un proveedor capaz de cubrir la soluci\u00f3n de extremo a extremo. Los servicios profesionales de Colt cubren la configuraci\u00f3n pr\u00e1ctica y la adopci\u00f3n de tecnolog\u00eda para brindar la mejor experiencia posible.<\/p>\n<h3>Econ\u00f3mico<\/h3>\n<p>Colt Intelligent Communications integra las mejores aplicaciones de productividad de Microsoft y la infraestructura de colaboraci\u00f3n empresarial con <i>Teams<\/i> y <i>Skype for Business<\/i>. Con este modelo \u201ccomo servicio\u201d basado en la nube, es posible aumentar y disminuir el n\u00famero de usuarios de forma din\u00e1mica.<\/p>\n<p>La integraci\u00f3n de <i>Teams<\/i> o <i>Skype for Business <\/i>con el tr\u00e1fico de voz de Colt, mediante la integraci\u00f3n del sistema telef\u00f3nico, permite que el consumo de voz se adapte a las necesidades espec\u00edficas de cada empresa.<\/p>\n<p>Un \u00fanico proveedor capaz de ofrecer ExpressRoute, DirectRoute y un soporte de extremo a extremo permite reducir los costes de adquisici\u00f3n que normalmente se pasan por alto al elegir una soluci\u00f3n.<\/p>\n<h3>Mayor productividad y eficiencia<\/h3>\n<p>Colt ofrece una experiencia de usuario perfecta en todos los dispositivos. Al combinar ancho de banda de alta calidad con Office 365, Colt Intelligent Communications garantiza que los usuarios siempre est\u00e9n trabajando en la documentaci\u00f3n m\u00e1s reciente sin demoras, poniendo tiempo y esfuerzo en los lugares adecuados para una experiencia productiva.<\/p>\n<h3>Continuidad de negocio mejorada<\/h3>\n<p>La red Tier 1 de Colt ofrece una conectividad confiable y predecible, con capacidad de recuperaci\u00f3n proporcionada por opciones de calidad de servicio premium. El soporte de extremo a extremo proporciona un tiempo de funcionamiento predecible del sistema y la garant\u00eda de que Colt estar\u00e1 all\u00ed para resolver cualquier problema.<\/p>\n","protected":false},"excerpt":{"rendered":"<p>\ufeff\ufeff\ufeff\ufeff Colt Intelligent Communications\u00a0 Desarrollado por Microsoft Office 365 Colt Intelligent Communications re\u00fane el poder de las aplicaciones de productividad en la nube de Microsoft con herramientas de comunicaci\u00f3n empresariales, estrechamente integradas para ofrecer todo lo necesario para colaborar y trabajar de manera eficiente. Integra Microsoft Office 365 y la red de Nivel 1 totalmente&#8230;<\/p>\n","protected":false},"author":2,"featured_media":0,"parent":35905,"menu_order":0,"comment_status":"closed","ping_status":"closed","template":"page-templates\/template-product.php","meta":{"_acf_changed":false,"footnotes":""},"colt_type":[],"colt_products":[1329,1635],"class_list":["post-38030","page","type-page","status-publish","hentry","colt_products-cloud-voice-vas-es","colt_products-voice-and-collaboration-es"],"acf":[],"yoast_head":"<!-- This site is optimized with the Yoast SEO plugin v26.8 - https:\/\/yoast.com\/product\/yoast-seo-wordpress\/ -->\n<title>Colt Intelligent Communications - Colt Technology Services | ES<\/title>\n<meta name=\"description\" content=\"Colt Intelligent Communications re\u00fane el poder de las aplicaciones de productividad en la nube de Microsoft con herramientas de comunicaci\u00f3n empresariales\" \/>\n<meta name=\"robots\" content=\"noindex, follow, max-snippet:-1, max-image-preview:large, max-video-preview:-1\" \/>\n<meta property=\"og:locale\" content=\"es_ES\" \/>\n<meta property=\"og:type\" content=\"article\" \/>\n<meta property=\"og:title\" content=\"Colt Intelligent Communications - Colt Technology Services | ES\" \/>\n<meta property=\"og:description\" content=\"Colt Intelligent Communications re\u00fane el poder de las aplicaciones de productividad en la nube de Microsoft con herramientas de comunicaci\u00f3n empresariales\" \/>\n<meta property=\"og:url\" content=\"https:\/\/legacy.colt.net\/es\/product\/intelligent-communications\/\" \/>\n<meta property=\"og:site_name\" content=\"Colt Technology Services\" \/>\n<meta property=\"article:publisher\" content=\"https:\/\/www.facebook.com\/ColtTechnologyServices\/\" \/>\n<meta property=\"article:modified_time\" content=\"2024-12-14T14:36:09+00:00\" \/>\n<meta name=\"twitter:card\" content=\"summary_large_image\" \/>\n<meta name=\"twitter:site\" content=\"@colt_technology\" \/>\n<script type=\"application\/ld+json\" class=\"yoast-schema-graph\">{\"@context\":\"https:\/\/schema.org\",\"@graph\":[{\"@type\":\"WebPage\",\"@id\":\"https:\/\/legacy.colt.net\/es\/product\/intelligent-communications\/\",\"url\":\"https:\/\/legacy.colt.net\/es\/product\/intelligent-communications\/\",\"name\":\"Colt Intelligent Communications - Colt Technology Services | ES\",\"isPartOf\":{\"@id\":\"https:\/\/legacy.colt.net\/#website\"},\"datePublished\":\"2019-02-08T16:35:07+00:00\",\"dateModified\":\"2024-12-14T14:36:09+00:00\",\"description\":\"Colt Intelligent Communications re\u00fane el poder de las aplicaciones de productividad en la nube de Microsoft con herramientas de comunicaci\u00f3n empresariales\",\"breadcrumb\":{\"@id\":\"https:\/\/legacy.colt.net\/es\/product\/intelligent-communications\/#breadcrumb\"},\"inLanguage\":\"es-ES\",\"potentialAction\":[{\"@type\":\"ReadAction\",\"target\":[\"https:\/\/legacy.colt.net\/es\/product\/intelligent-communications\/\"]}]},{\"@type\":\"BreadcrumbList\",\"@id\":\"https:\/\/legacy.colt.net\/es\/product\/intelligent-communications\/#breadcrumb\",\"itemListElement\":[{\"@type\":\"ListItem\",\"position\":1,\"name\":\"Home\",\"item\":\"https:\/\/legacy.colt.net\/es\/\"},{\"@type\":\"ListItem\",\"position\":2,\"name\":\"Productos y servicios\",\"item\":\"https:\/\/legacy.colt.net\/es\/product\/\"},{\"@type\":\"ListItem\",\"position\":3,\"name\":\"Colt Intelligent Communications\"}]},{\"@type\":\"WebSite\",\"@id\":\"https:\/\/legacy.colt.net\/#website\",\"url\":\"https:\/\/legacy.colt.net\/\",\"name\":\"Colt\u30c6\u30af\u30ce\u30ed\u30b8\u30fc\u30b5\u30fc\u30d3\u30b9\u682a\u5f0f\u4f1a\u793e\",\"description\":\"Managed Network &amp; Voice Services Provider\",\"publisher\":{\"@id\":\"https:\/\/legacy.colt.net\/#organization\"},\"potentialAction\":[{\"@type\":\"SearchAction\",\"target\":{\"@type\":\"EntryPoint\",\"urlTemplate\":\"https:\/\/legacy.colt.net\/?s={search_term_string}\"},\"query-input\":{\"@type\":\"PropertyValueSpecification\",\"valueRequired\":true,\"valueName\":\"search_term_string\"}}],\"inLanguage\":\"es-ES\"},{\"@type\":\"Organization\",\"@id\":\"https:\/\/legacy.colt.net\/#organization\",\"name\":\"Colt Technology Services\",\"url\":\"https:\/\/legacy.colt.net\/\",\"logo\":{\"@type\":\"ImageObject\",\"inLanguage\":\"es-ES\",\"@id\":\"https:\/\/legacy.colt.net\/#\/schema\/logo\/image\/\",\"url\":\"https:\/\/legacy.colt.net\/wp-content\/uploads\/2019\/02\/Colt-Logo.png\",\"contentUrl\":\"https:\/\/legacy.colt.net\/wp-content\/uploads\/2019\/02\/Colt-Logo.png\",\"width\":195,\"height\":77,\"caption\":\"Colt Technology Services\"},\"image\":{\"@id\":\"https:\/\/legacy.colt.net\/#\/schema\/logo\/image\/\"},\"sameAs\":[\"https:\/\/www.facebook.com\/ColtTechnologyServices\/\",\"https:\/\/x.com\/colt_technology\",\"https:\/\/www.instagram.com\/colttechnologyservices\/\",\"https:\/\/www.linkedin.com\/company\/colt-technology-services\",\"https:\/\/www.youtube.com\/user\/ColtTechnology\"]}]}<\/script>\n<!-- \/ Yoast SEO plugin. -->","yoast_head_json":{"title":"Colt Intelligent Communications - Colt Technology Services | ES","description":"Colt Intelligent Communications re\u00fane el poder de las aplicaciones de productividad en la nube de Microsoft con herramientas de comunicaci\u00f3n empresariales","robots":{"index":"noindex","follow":"follow","max-snippet":"max-snippet:-1","max-image-preview":"max-image-preview:large","max-video-preview":"max-video-preview:-1"},"og_locale":"es_ES","og_type":"article","og_title":"Colt Intelligent Communications - Colt Technology Services | ES","og_description":"Colt Intelligent Communications re\u00fane el poder de las aplicaciones de productividad en la nube de Microsoft con herramientas de comunicaci\u00f3n empresariales","og_url":"https:\/\/legacy.colt.net\/es\/product\/intelligent-communications\/","og_site_name":"Colt Technology Services","article_publisher":"https:\/\/www.facebook.com\/ColtTechnologyServices\/","article_modified_time":"2024-12-14T14:36:09+00:00","twitter_card":"summary_large_image","twitter_site":"@colt_technology","schema":{"@context":"https:\/\/schema.org","@graph":[{"@type":"WebPage","@id":"https:\/\/legacy.colt.net\/es\/product\/intelligent-communications\/","url":"https:\/\/legacy.colt.net\/es\/product\/intelligent-communications\/","name":"Colt Intelligent Communications - Colt Technology Services | ES","isPartOf":{"@id":"https:\/\/legacy.colt.net\/#website"},"datePublished":"2019-02-08T16:35:07+00:00","dateModified":"2024-12-14T14:36:09+00:00","description":"Colt Intelligent Communications re\u00fane el poder de las aplicaciones de productividad en la nube de Microsoft con herramientas de comunicaci\u00f3n empresariales","breadcrumb":{"@id":"https:\/\/legacy.colt.net\/es\/product\/intelligent-communications\/#breadcrumb"},"inLanguage":"es-ES","potentialAction":[{"@type":"ReadAction","target":["https:\/\/legacy.colt.net\/es\/product\/intelligent-communications\/"]}]},{"@type":"BreadcrumbList","@id":"https:\/\/legacy.colt.net\/es\/product\/intelligent-communications\/#breadcrumb","itemListElement":[{"@type":"ListItem","position":1,"name":"Home","item":"https:\/\/legacy.colt.net\/es\/"},{"@type":"ListItem","position":2,"name":"Productos y servicios","item":"https:\/\/legacy.colt.net\/es\/product\/"},{"@type":"ListItem","position":3,"name":"Colt Intelligent Communications"}]},{"@type":"WebSite","@id":"https:\/\/legacy.colt.net\/#website","url":"https:\/\/legacy.colt.net\/","name":"Colt\u30c6\u30af\u30ce\u30ed\u30b8\u30fc\u30b5\u30fc\u30d3\u30b9\u682a\u5f0f\u4f1a\u793e","description":"Managed Network &amp; Voice Services Provider","publisher":{"@id":"https:\/\/legacy.colt.net\/#organization"},"potentialAction":[{"@type":"SearchAction","target":{"@type":"EntryPoint","urlTemplate":"https:\/\/legacy.colt.net\/?s={search_term_string}"},"query-input":{"@type":"PropertyValueSpecification","valueRequired":true,"valueName":"search_term_string"}}],"inLanguage":"es-ES"},{"@type":"Organization","@id":"https:\/\/legacy.colt.net\/#organization","name":"Colt Technology Services","url":"https:\/\/legacy.colt.net\/","logo":{"@type":"ImageObject","inLanguage":"es-ES","@id":"https:\/\/legacy.colt.net\/#\/schema\/logo\/image\/","url":"https:\/\/legacy.colt.net\/wp-content\/uploads\/2019\/02\/Colt-Logo.png","contentUrl":"https:\/\/legacy.colt.net\/wp-content\/uploads\/2019\/02\/Colt-Logo.png","width":195,"height":77,"caption":"Colt Technology Services"},"image":{"@id":"https:\/\/legacy.colt.net\/#\/schema\/logo\/image\/"},"sameAs":["https:\/\/www.facebook.com\/ColtTechnologyServices\/","https:\/\/x.com\/colt_technology","https:\/\/www.instagram.com\/colttechnologyservices\/","https:\/\/www.linkedin.com\/company\/colt-technology-services","https:\/\/www.youtube.com\/user\/ColtTechnology"]}]}},"_links":{"self":[{"href":"https:\/\/legacy.colt.net\/es\/wp-json\/wp\/v2\/pages\/38030","targetHints":{"allow":["GET"]}}],"collection":[{"href":"https:\/\/legacy.colt.net\/es\/wp-json\/wp\/v2\/pages"}],"about":[{"href":"https:\/\/legacy.colt.net\/es\/wp-json\/wp\/v2\/types\/page"}],"author":[{"embeddable":true,"href":"https:\/\/legacy.colt.net\/es\/wp-json\/wp\/v2\/users\/2"}],"replies":[{"embeddable":true,"href":"https:\/\/legacy.colt.net\/es\/wp-json\/wp\/v2\/comments?post=38030"}],"version-history":[{"count":0,"href":"https:\/\/legacy.colt.net\/es\/wp-json\/wp\/v2\/pages\/38030\/revisions"}],"up":[{"embeddable":true,"href":"https:\/\/legacy.colt.net\/es\/wp-json\/wp\/v2\/pages\/35905"}],"wp:attachment":[{"href":"https:\/\/legacy.colt.net\/es\/wp-json\/wp\/v2\/media?parent=38030"}],"wp:term":[{"taxonomy":"colt_type","embeddable":true,"href":"https:\/\/legacy.colt.net\/es\/wp-json\/wp\/v2\/colt_type?post=38030"},{"taxonomy":"colt_products","embeddable":true,"href":"https:\/\/legacy.colt.net\/es\/wp-json\/wp\/v2\/colt_products?post=38030"}],"curies":[{"name":"wp","href":"https:\/\/api.w.org\/{rel}","templated":true}]}}