{"id":37996,"date":"2018-11-12T10:08:35","date_gmt":"2018-11-12T10:08:35","guid":{"rendered":"https:\/\/www.colt.net\/product\/isdn-voice-services\/"},"modified":"2024-12-14T14:42:27","modified_gmt":"2024-12-14T14:42:27","slug":"isdn-voice-services","status":"publish","type":"page","link":"https:\/\/legacy.colt.net\/es\/product\/isdn-voice-services\/","title":{"rendered":"Servicios RDSI de voz"},"content":{"rendered":"<p><iframe loading=\"lazy\" src=\"https:\/\/www.youtube.com\/embed\/B4isS_WjxUY?rel=0\" width=\"844\" height=\"475\" frameborder=\"0\" allowfullscreen=\"allowfullscreen\"><span data-mce-type=\"bookmark\" style=\"display: inline-block; width: 0px; overflow: hidden; line-height: 0;\" class=\"mce_SELRES_start\">\ufeff<\/span><span data-mce-type=\"bookmark\" style=\"display: inline-block; width: 0px; overflow: hidden; line-height: 0;\" class=\"mce_SELRES_start\">\ufeff<\/span><span data-mce-type=\"bookmark\" style=\"display: inline-block; width: 0px; overflow: hidden; line-height: 0;\" class=\"mce_SELRES_start\">\ufeff<\/span><span data-mce-type=\"bookmark\" style=\"display: inline-block; width: 0px; overflow: hidden; line-height: 0;\" class=\"mce_SELRES_start\">\ufeff<\/span><\/iframe><\/p>\n<p class=\"intro\">Trabaja con nosotros para consolidar y simplificar tus servicios de voz, a la vez que recortas gastos. Pasar a Colt es sencillo. Minimizamos la interrupci\u00f3n de la actividad durante la instalaci\u00f3n y luego garantizamos el servicio.<\/p>\n<h3>Rentable<\/h3>\n<p>Una sola red y un solo proveedor significan una sola tarifa plana reducida. Puedes disfrutar de nuestro servicio RDSI en combinaci\u00f3n con Colt IP Access para reducir costes. Asimismo, puedes obtener ahorros adicionales centralizando tu red de telefon\u00eda, ya que soportamos la consolidaci\u00f3n de c\u00f3digos de \u00e1rea local. Una vez lograda la plena compatibilidad IP, podemos migrar f\u00e1cilmente tu sistema a nuestro servicio SIP Trunking, que es a\u00fan m\u00e1s rentable. Consulta con nuestros expertos sobre c\u00f3mo hacerlo.<\/p>\n<h3>Fiable<\/h3>\n<p>Nuestra red es robusta y de calidad empresarial. Si sucede alg\u00fan imprevisto, tu empresa continuar\u00e1 operando gracias a nuestros servicios Dual Homing, Recuperaci\u00f3n de desastres o Redireccionamiento de llamadas entrantes.<\/p>\n<h3>Orientado al futuro<\/h3>\n<p>Con nuestra tecnolog\u00eda IP tradicional y de \u00faltima generaci\u00f3n, ayudamos a los clientes en su transici\u00f3n desde los sistemas de telefon\u00eda existentes a las nuevas tecnolog\u00edas de voz, como Enlaces SIP y Comunicaciones Unificadas.<\/p>\n<h3>Transparencia<\/h3>\n<p>Con nuestra herramienta Call Analyzer tendr\u00e1s plena visibilidad sobre el gasto y el tr\u00e1fico de llamadas. Esto te ayuda a visualizar y gestionar mejor los costes.<\/p>\n<p>Nuestro objetivo es ser la mejor opci\u00f3n en cada uno de los mercados donde operamos. Colt ha sabido entender la importancia de esta afirmaci\u00f3n y presta un servicio que ofrece las garant\u00edas y la seguridad que nuestra empresa necesita.<\/p>\n<h3>F\u00e1cil<\/h3>\n<p>Es f\u00e1cil migrar a los servicios Colt ISDN.\u00a0Contamos con un banco de numeraci\u00f3n propio en Europa y numerosas funciones de portabilidad. Conserva tu numeraci\u00f3n actual o a\u00f1ade nuevos intervalos sin sufrir interrupciones en la actividad.<\/p>\n","protected":false},"excerpt":{"rendered":"<p>\ufeff\ufeff\ufeff\ufeff Trabaja con nosotros para consolidar y simplificar tus servicios de voz, a la vez que recortas gastos. Pasar a Colt es sencillo. Minimizamos la interrupci\u00f3n de la actividad durante la instalaci\u00f3n y luego garantizamos el servicio. Rentable Una sola red y un solo proveedor significan una sola tarifa plana reducida. Puedes disfrutar de nuestro&#8230;<\/p>\n","protected":false},"author":143,"featured_media":0,"parent":35905,"menu_order":0,"comment_status":"closed","ping_status":"closed","template":"page-templates\/template-product.php","meta":{"_acf_changed":false,"footnotes":""},"colt_type":[],"colt_products":[1635],"class_list":["post-37996","page","type-page","status-publish","hentry","colt_products-voice-and-collaboration-es"],"acf":[],"yoast_head":"<!-- This site is optimized with the Yoast SEO plugin v26.8 - https:\/\/yoast.com\/product\/yoast-seo-wordpress\/ -->\n<title>ISDN Voice Service Provider | Colt Technology Services | ES<\/title>\n<meta name=\"description\" content=\"Los servicios de voz ISDN de Colt proporcionan servicios de telefon\u00eda robustos a los centros de toda Europa.\" \/>\n<meta name=\"robots\" content=\"noindex, follow, max-snippet:-1, max-image-preview:large, max-video-preview:-1\" \/>\n<meta property=\"og:locale\" content=\"es_ES\" \/>\n<meta property=\"og:type\" content=\"article\" \/>\n<meta property=\"og:title\" content=\"ISDN Voice Service Provider | Colt Technology Services | ES\" \/>\n<meta property=\"og:description\" content=\"Los servicios de voz ISDN de Colt proporcionan servicios de telefon\u00eda robustos a los centros de toda Europa.\" \/>\n<meta property=\"og:url\" content=\"https:\/\/legacy.colt.net\/es\/product\/isdn-voice-services\/\" \/>\n<meta property=\"og:site_name\" content=\"Colt Technology Services\" \/>\n<meta property=\"article:publisher\" content=\"https:\/\/www.facebook.com\/ColtTechnologyServices\/\" \/>\n<meta property=\"article:modified_time\" content=\"2024-12-14T14:42:27+00:00\" \/>\n<meta name=\"twitter:card\" content=\"summary_large_image\" \/>\n<meta name=\"twitter:site\" content=\"@colt_technology\" \/>\n<script type=\"application\/ld+json\" class=\"yoast-schema-graph\">{\"@context\":\"https:\/\/schema.org\",\"@graph\":[{\"@type\":\"WebPage\",\"@id\":\"https:\/\/legacy.colt.net\/es\/product\/isdn-voice-services\/\",\"url\":\"https:\/\/legacy.colt.net\/es\/product\/isdn-voice-services\/\",\"name\":\"ISDN Voice Service Provider | Colt Technology Services | ES\",\"isPartOf\":{\"@id\":\"https:\/\/legacy.colt.net\/#website\"},\"datePublished\":\"2018-11-12T10:08:35+00:00\",\"dateModified\":\"2024-12-14T14:42:27+00:00\",\"description\":\"Los servicios de voz ISDN de Colt proporcionan servicios de telefon\u00eda robustos a los centros de toda Europa.\",\"breadcrumb\":{\"@id\":\"https:\/\/legacy.colt.net\/es\/product\/isdn-voice-services\/#breadcrumb\"},\"inLanguage\":\"es-ES\",\"potentialAction\":[{\"@type\":\"ReadAction\",\"target\":[\"https:\/\/legacy.colt.net\/es\/product\/isdn-voice-services\/\"]}]},{\"@type\":\"BreadcrumbList\",\"@id\":\"https:\/\/legacy.colt.net\/es\/product\/isdn-voice-services\/#breadcrumb\",\"itemListElement\":[{\"@type\":\"ListItem\",\"position\":1,\"name\":\"Home\",\"item\":\"https:\/\/legacy.colt.net\/es\/\"},{\"@type\":\"ListItem\",\"position\":2,\"name\":\"Productos y servicios\",\"item\":\"https:\/\/legacy.colt.net\/es\/product\/\"},{\"@type\":\"ListItem\",\"position\":3,\"name\":\"Servicios RDSI de voz\"}]},{\"@type\":\"WebSite\",\"@id\":\"https:\/\/legacy.colt.net\/#website\",\"url\":\"https:\/\/legacy.colt.net\/\",\"name\":\"Colt\u30c6\u30af\u30ce\u30ed\u30b8\u30fc\u30b5\u30fc\u30d3\u30b9\u682a\u5f0f\u4f1a\u793e\",\"description\":\"Managed Network &amp; Voice Services Provider\",\"publisher\":{\"@id\":\"https:\/\/legacy.colt.net\/#organization\"},\"potentialAction\":[{\"@type\":\"SearchAction\",\"target\":{\"@type\":\"EntryPoint\",\"urlTemplate\":\"https:\/\/legacy.colt.net\/?s={search_term_string}\"},\"query-input\":{\"@type\":\"PropertyValueSpecification\",\"valueRequired\":true,\"valueName\":\"search_term_string\"}}],\"inLanguage\":\"es-ES\"},{\"@type\":\"Organization\",\"@id\":\"https:\/\/legacy.colt.net\/#organization\",\"name\":\"Colt Technology Services\",\"url\":\"https:\/\/legacy.colt.net\/\",\"logo\":{\"@type\":\"ImageObject\",\"inLanguage\":\"es-ES\",\"@id\":\"https:\/\/legacy.colt.net\/#\/schema\/logo\/image\/\",\"url\":\"https:\/\/legacy.colt.net\/wp-content\/uploads\/2019\/02\/Colt-Logo.png\",\"contentUrl\":\"https:\/\/legacy.colt.net\/wp-content\/uploads\/2019\/02\/Colt-Logo.png\",\"width\":195,\"height\":77,\"caption\":\"Colt Technology Services\"},\"image\":{\"@id\":\"https:\/\/legacy.colt.net\/#\/schema\/logo\/image\/\"},\"sameAs\":[\"https:\/\/www.facebook.com\/ColtTechnologyServices\/\",\"https:\/\/x.com\/colt_technology\",\"https:\/\/www.instagram.com\/colttechnologyservices\/\",\"https:\/\/www.linkedin.com\/company\/colt-technology-services\",\"https:\/\/www.youtube.com\/user\/ColtTechnology\"]}]}<\/script>\n<!-- \/ Yoast SEO plugin. -->","yoast_head_json":{"title":"ISDN Voice Service Provider | Colt Technology Services | ES","description":"Los servicios de voz ISDN de Colt proporcionan servicios de telefon\u00eda robustos a los centros de toda Europa.","robots":{"index":"noindex","follow":"follow","max-snippet":"max-snippet:-1","max-image-preview":"max-image-preview:large","max-video-preview":"max-video-preview:-1"},"og_locale":"es_ES","og_type":"article","og_title":"ISDN Voice Service Provider | Colt Technology Services | ES","og_description":"Los servicios de voz ISDN de Colt proporcionan servicios de telefon\u00eda robustos a los centros de toda Europa.","og_url":"https:\/\/legacy.colt.net\/es\/product\/isdn-voice-services\/","og_site_name":"Colt Technology Services","article_publisher":"https:\/\/www.facebook.com\/ColtTechnologyServices\/","article_modified_time":"2024-12-14T14:42:27+00:00","twitter_card":"summary_large_image","twitter_site":"@colt_technology","schema":{"@context":"https:\/\/schema.org","@graph":[{"@type":"WebPage","@id":"https:\/\/legacy.colt.net\/es\/product\/isdn-voice-services\/","url":"https:\/\/legacy.colt.net\/es\/product\/isdn-voice-services\/","name":"ISDN Voice Service Provider | Colt Technology Services | ES","isPartOf":{"@id":"https:\/\/legacy.colt.net\/#website"},"datePublished":"2018-11-12T10:08:35+00:00","dateModified":"2024-12-14T14:42:27+00:00","description":"Los servicios de voz ISDN de Colt proporcionan servicios de telefon\u00eda robustos a los centros de toda Europa.","breadcrumb":{"@id":"https:\/\/legacy.colt.net\/es\/product\/isdn-voice-services\/#breadcrumb"},"inLanguage":"es-ES","potentialAction":[{"@type":"ReadAction","target":["https:\/\/legacy.colt.net\/es\/product\/isdn-voice-services\/"]}]},{"@type":"BreadcrumbList","@id":"https:\/\/legacy.colt.net\/es\/product\/isdn-voice-services\/#breadcrumb","itemListElement":[{"@type":"ListItem","position":1,"name":"Home","item":"https:\/\/legacy.colt.net\/es\/"},{"@type":"ListItem","position":2,"name":"Productos y servicios","item":"https:\/\/legacy.colt.net\/es\/product\/"},{"@type":"ListItem","position":3,"name":"Servicios RDSI de voz"}]},{"@type":"WebSite","@id":"https:\/\/legacy.colt.net\/#website","url":"https:\/\/legacy.colt.net\/","name":"Colt\u30c6\u30af\u30ce\u30ed\u30b8\u30fc\u30b5\u30fc\u30d3\u30b9\u682a\u5f0f\u4f1a\u793e","description":"Managed Network &amp; Voice Services Provider","publisher":{"@id":"https:\/\/legacy.colt.net\/#organization"},"potentialAction":[{"@type":"SearchAction","target":{"@type":"EntryPoint","urlTemplate":"https:\/\/legacy.colt.net\/?s={search_term_string}"},"query-input":{"@type":"PropertyValueSpecification","valueRequired":true,"valueName":"search_term_string"}}],"inLanguage":"es-ES"},{"@type":"Organization","@id":"https:\/\/legacy.colt.net\/#organization","name":"Colt Technology Services","url":"https:\/\/legacy.colt.net\/","logo":{"@type":"ImageObject","inLanguage":"es-ES","@id":"https:\/\/legacy.colt.net\/#\/schema\/logo\/image\/","url":"https:\/\/legacy.colt.net\/wp-content\/uploads\/2019\/02\/Colt-Logo.png","contentUrl":"https:\/\/legacy.colt.net\/wp-content\/uploads\/2019\/02\/Colt-Logo.png","width":195,"height":77,"caption":"Colt Technology Services"},"image":{"@id":"https:\/\/legacy.colt.net\/#\/schema\/logo\/image\/"},"sameAs":["https:\/\/www.facebook.com\/ColtTechnologyServices\/","https:\/\/x.com\/colt_technology","https:\/\/www.instagram.com\/colttechnologyservices\/","https:\/\/www.linkedin.com\/company\/colt-technology-services","https:\/\/www.youtube.com\/user\/ColtTechnology"]}]}},"_links":{"self":[{"href":"https:\/\/legacy.colt.net\/es\/wp-json\/wp\/v2\/pages\/37996","targetHints":{"allow":["GET"]}}],"collection":[{"href":"https:\/\/legacy.colt.net\/es\/wp-json\/wp\/v2\/pages"}],"about":[{"href":"https:\/\/legacy.colt.net\/es\/wp-json\/wp\/v2\/types\/page"}],"author":[{"embeddable":true,"href":"https:\/\/legacy.colt.net\/es\/wp-json\/wp\/v2\/users\/143"}],"replies":[{"embeddable":true,"href":"https:\/\/legacy.colt.net\/es\/wp-json\/wp\/v2\/comments?post=37996"}],"version-history":[{"count":0,"href":"https:\/\/legacy.colt.net\/es\/wp-json\/wp\/v2\/pages\/37996\/revisions"}],"up":[{"embeddable":true,"href":"https:\/\/legacy.colt.net\/es\/wp-json\/wp\/v2\/pages\/35905"}],"wp:attachment":[{"href":"https:\/\/legacy.colt.net\/es\/wp-json\/wp\/v2\/media?parent=37996"}],"wp:term":[{"taxonomy":"colt_type","embeddable":true,"href":"https:\/\/legacy.colt.net\/es\/wp-json\/wp\/v2\/colt_type?post=37996"},{"taxonomy":"colt_products","embeddable":true,"href":"https:\/\/legacy.colt.net\/es\/wp-json\/wp\/v2\/colt_products?post=37996"}],"curies":[{"name":"wp","href":"https:\/\/api.w.org\/{rel}","templated":true}]}}