{"id":37954,"date":"2018-11-13T12:04:10","date_gmt":"2018-11-13T12:04:10","guid":{"rendered":"https:\/\/www.colt.net\/product\/internet-security-ddos-mitigation-web-filtering\/"},"modified":"2024-12-14T14:42:18","modified_gmt":"2024-12-14T14:42:18","slug":"ddos","status":"publish","type":"page","link":"https:\/\/legacy.colt.net\/es\/product\/ddos\/","title":{"rendered":"DDoS Protection"},"content":{"rendered":"<h4 class=\"intro\">Soluciones de seguridad de red 24\/7: desde protecci\u00f3n frente a DDoS hasta firewalls gestionados.<\/h4>\n<p>La seguridad en Internet es uno de los mayores desaf\u00edos que afrontan las empresas en la actualidad. En concreto, los ataques de denegaci\u00f3n de servicio (DDOS) pueden arruinar a una empresa de comercio electr\u00f3nico. Los delincuentes cibern\u00e9ticos trabajan para encontrar y aprovechar cualquier vulnerabilidad. Por lo tanto, necesitas un servicio de seguridad en Internet espec\u00edfico que trabaje para ti en todo momento. Los especialistas de Colt trabajan todo el d\u00eda, y si existe una infracci\u00f3n, pueden frenar en seco a los piratas inform\u00e1ticos.<\/p>\n<h3>Calidad<\/h3>\n<p>Protege la reputaci\u00f3n de tu empresa, incluso cuando existen fallos de seguridad. Nosotros salvaguardamos la informaci\u00f3n interna confidencial y garantizamos que est\u00e9s plenamente operativo.<\/p>\n<h3>Renatable<\/h3>\n<p>Protege a tu empresa de la p\u00e9rdida de ingresos sin necesidad de realizar grandes gastos en equipos o programas inform\u00e1ticos o de incorporar a m\u00e1s personas.<\/p>\n<h3>Seguro<\/h3>\n<p>Gana tranquilidad con nuestra seguridad de red avanzada. Mitigamos de manera activa los ataques DDoS y podemos bloquear amenazas antes de que lleguen a ti y tu firewall.<\/p>\n","protected":false},"excerpt":{"rendered":"<p>Soluciones de seguridad de red 24\/7: desde protecci\u00f3n frente a DDoS hasta firewalls gestionados. La seguridad en Internet es uno de los mayores desaf\u00edos que afrontan las empresas en la actualidad. En concreto, los ataques de denegaci\u00f3n de servicio (DDOS) pueden arruinar a una empresa de comercio electr\u00f3nico. Los delincuentes cibern\u00e9ticos trabajan para encontrar y&#8230;<\/p>\n","protected":false},"author":143,"featured_media":0,"parent":35905,"menu_order":0,"comment_status":"closed","ping_status":"closed","template":"page-templates\/template-product.php","meta":{"_acf_changed":false,"footnotes":""},"colt_type":[],"colt_products":[1344,1635,1638],"class_list":["post-37954","page","type-page","status-publish","hentry","colt_products-security-es","colt_products-voice-and-collaboration-es","colt_products-ip-es"],"acf":[],"yoast_head":"<!-- This site is optimized with the Yoast SEO plugin v26.8 - https:\/\/yoast.com\/product\/yoast-seo-wordpress\/ -->\n<title>DDoS Protection | Colt Technology Services | ES<\/title>\n<meta name=\"description\" content=\"La seguridad en Internet es uno de los mayores desaf\u00edos que afrontan las empresas en la actualidad. En concreto, los ataques de denegaci\u00f3n de servicio\" \/>\n<meta name=\"robots\" content=\"noindex, follow, max-snippet:-1, max-image-preview:large, max-video-preview:-1\" \/>\n<meta property=\"og:locale\" content=\"es_ES\" \/>\n<meta property=\"og:type\" content=\"article\" \/>\n<meta property=\"og:title\" content=\"DDoS Protection | Colt Technology Services | ES\" \/>\n<meta property=\"og:description\" content=\"La seguridad en Internet es uno de los mayores desaf\u00edos que afrontan las empresas en la actualidad. En concreto, los ataques de denegaci\u00f3n de servicio\" \/>\n<meta property=\"og:url\" content=\"https:\/\/legacy.colt.net\/es\/product\/ddos\/\" \/>\n<meta property=\"og:site_name\" content=\"Colt Technology Services\" \/>\n<meta property=\"article:publisher\" content=\"https:\/\/www.facebook.com\/ColtTechnologyServices\/\" \/>\n<meta property=\"article:modified_time\" content=\"2024-12-14T14:42:18+00:00\" \/>\n<meta name=\"twitter:card\" content=\"summary_large_image\" \/>\n<meta name=\"twitter:site\" content=\"@colt_technology\" \/>\n<script type=\"application\/ld+json\" class=\"yoast-schema-graph\">{\"@context\":\"https:\/\/schema.org\",\"@graph\":[{\"@type\":\"WebPage\",\"@id\":\"https:\/\/legacy.colt.net\/es\/product\/ddos\/\",\"url\":\"https:\/\/legacy.colt.net\/es\/product\/ddos\/\",\"name\":\"DDoS Protection | Colt Technology Services | ES\",\"isPartOf\":{\"@id\":\"https:\/\/legacy.colt.net\/#website\"},\"datePublished\":\"2018-11-13T12:04:10+00:00\",\"dateModified\":\"2024-12-14T14:42:18+00:00\",\"description\":\"La seguridad en Internet es uno de los mayores desaf\u00edos que afrontan las empresas en la actualidad. En concreto, los ataques de denegaci\u00f3n de servicio\",\"breadcrumb\":{\"@id\":\"https:\/\/legacy.colt.net\/es\/product\/ddos\/#breadcrumb\"},\"inLanguage\":\"es-ES\",\"potentialAction\":[{\"@type\":\"ReadAction\",\"target\":[\"https:\/\/legacy.colt.net\/es\/product\/ddos\/\"]}]},{\"@type\":\"BreadcrumbList\",\"@id\":\"https:\/\/legacy.colt.net\/es\/product\/ddos\/#breadcrumb\",\"itemListElement\":[{\"@type\":\"ListItem\",\"position\":1,\"name\":\"Home\",\"item\":\"https:\/\/legacy.colt.net\/es\/\"},{\"@type\":\"ListItem\",\"position\":2,\"name\":\"Productos y servicios\",\"item\":\"https:\/\/legacy.colt.net\/es\/product\/\"},{\"@type\":\"ListItem\",\"position\":3,\"name\":\"DDoS Protection\"}]},{\"@type\":\"WebSite\",\"@id\":\"https:\/\/legacy.colt.net\/#website\",\"url\":\"https:\/\/legacy.colt.net\/\",\"name\":\"Colt\u30c6\u30af\u30ce\u30ed\u30b8\u30fc\u30b5\u30fc\u30d3\u30b9\u682a\u5f0f\u4f1a\u793e\",\"description\":\"Managed Network &amp; Voice Services Provider\",\"publisher\":{\"@id\":\"https:\/\/legacy.colt.net\/#organization\"},\"potentialAction\":[{\"@type\":\"SearchAction\",\"target\":{\"@type\":\"EntryPoint\",\"urlTemplate\":\"https:\/\/legacy.colt.net\/?s={search_term_string}\"},\"query-input\":{\"@type\":\"PropertyValueSpecification\",\"valueRequired\":true,\"valueName\":\"search_term_string\"}}],\"inLanguage\":\"es-ES\"},{\"@type\":\"Organization\",\"@id\":\"https:\/\/legacy.colt.net\/#organization\",\"name\":\"Colt Technology Services\",\"url\":\"https:\/\/legacy.colt.net\/\",\"logo\":{\"@type\":\"ImageObject\",\"inLanguage\":\"es-ES\",\"@id\":\"https:\/\/legacy.colt.net\/#\/schema\/logo\/image\/\",\"url\":\"https:\/\/legacy.colt.net\/wp-content\/uploads\/2019\/02\/Colt-Logo.png\",\"contentUrl\":\"https:\/\/legacy.colt.net\/wp-content\/uploads\/2019\/02\/Colt-Logo.png\",\"width\":195,\"height\":77,\"caption\":\"Colt Technology Services\"},\"image\":{\"@id\":\"https:\/\/legacy.colt.net\/#\/schema\/logo\/image\/\"},\"sameAs\":[\"https:\/\/www.facebook.com\/ColtTechnologyServices\/\",\"https:\/\/x.com\/colt_technology\",\"https:\/\/www.instagram.com\/colttechnologyservices\/\",\"https:\/\/www.linkedin.com\/company\/colt-technology-services\",\"https:\/\/www.youtube.com\/user\/ColtTechnology\"]}]}<\/script>\n<!-- \/ Yoast SEO plugin. -->","yoast_head_json":{"title":"DDoS Protection | Colt Technology Services | ES","description":"La seguridad en Internet es uno de los mayores desaf\u00edos que afrontan las empresas en la actualidad. En concreto, los ataques de denegaci\u00f3n de servicio","robots":{"index":"noindex","follow":"follow","max-snippet":"max-snippet:-1","max-image-preview":"max-image-preview:large","max-video-preview":"max-video-preview:-1"},"og_locale":"es_ES","og_type":"article","og_title":"DDoS Protection | Colt Technology Services | ES","og_description":"La seguridad en Internet es uno de los mayores desaf\u00edos que afrontan las empresas en la actualidad. En concreto, los ataques de denegaci\u00f3n de servicio","og_url":"https:\/\/legacy.colt.net\/es\/product\/ddos\/","og_site_name":"Colt Technology Services","article_publisher":"https:\/\/www.facebook.com\/ColtTechnologyServices\/","article_modified_time":"2024-12-14T14:42:18+00:00","twitter_card":"summary_large_image","twitter_site":"@colt_technology","schema":{"@context":"https:\/\/schema.org","@graph":[{"@type":"WebPage","@id":"https:\/\/legacy.colt.net\/es\/product\/ddos\/","url":"https:\/\/legacy.colt.net\/es\/product\/ddos\/","name":"DDoS Protection | Colt Technology Services | ES","isPartOf":{"@id":"https:\/\/legacy.colt.net\/#website"},"datePublished":"2018-11-13T12:04:10+00:00","dateModified":"2024-12-14T14:42:18+00:00","description":"La seguridad en Internet es uno de los mayores desaf\u00edos que afrontan las empresas en la actualidad. En concreto, los ataques de denegaci\u00f3n de servicio","breadcrumb":{"@id":"https:\/\/legacy.colt.net\/es\/product\/ddos\/#breadcrumb"},"inLanguage":"es-ES","potentialAction":[{"@type":"ReadAction","target":["https:\/\/legacy.colt.net\/es\/product\/ddos\/"]}]},{"@type":"BreadcrumbList","@id":"https:\/\/legacy.colt.net\/es\/product\/ddos\/#breadcrumb","itemListElement":[{"@type":"ListItem","position":1,"name":"Home","item":"https:\/\/legacy.colt.net\/es\/"},{"@type":"ListItem","position":2,"name":"Productos y servicios","item":"https:\/\/legacy.colt.net\/es\/product\/"},{"@type":"ListItem","position":3,"name":"DDoS Protection"}]},{"@type":"WebSite","@id":"https:\/\/legacy.colt.net\/#website","url":"https:\/\/legacy.colt.net\/","name":"Colt\u30c6\u30af\u30ce\u30ed\u30b8\u30fc\u30b5\u30fc\u30d3\u30b9\u682a\u5f0f\u4f1a\u793e","description":"Managed Network &amp; Voice Services Provider","publisher":{"@id":"https:\/\/legacy.colt.net\/#organization"},"potentialAction":[{"@type":"SearchAction","target":{"@type":"EntryPoint","urlTemplate":"https:\/\/legacy.colt.net\/?s={search_term_string}"},"query-input":{"@type":"PropertyValueSpecification","valueRequired":true,"valueName":"search_term_string"}}],"inLanguage":"es-ES"},{"@type":"Organization","@id":"https:\/\/legacy.colt.net\/#organization","name":"Colt Technology Services","url":"https:\/\/legacy.colt.net\/","logo":{"@type":"ImageObject","inLanguage":"es-ES","@id":"https:\/\/legacy.colt.net\/#\/schema\/logo\/image\/","url":"https:\/\/legacy.colt.net\/wp-content\/uploads\/2019\/02\/Colt-Logo.png","contentUrl":"https:\/\/legacy.colt.net\/wp-content\/uploads\/2019\/02\/Colt-Logo.png","width":195,"height":77,"caption":"Colt Technology Services"},"image":{"@id":"https:\/\/legacy.colt.net\/#\/schema\/logo\/image\/"},"sameAs":["https:\/\/www.facebook.com\/ColtTechnologyServices\/","https:\/\/x.com\/colt_technology","https:\/\/www.instagram.com\/colttechnologyservices\/","https:\/\/www.linkedin.com\/company\/colt-technology-services","https:\/\/www.youtube.com\/user\/ColtTechnology"]}]}},"_links":{"self":[{"href":"https:\/\/legacy.colt.net\/es\/wp-json\/wp\/v2\/pages\/37954","targetHints":{"allow":["GET"]}}],"collection":[{"href":"https:\/\/legacy.colt.net\/es\/wp-json\/wp\/v2\/pages"}],"about":[{"href":"https:\/\/legacy.colt.net\/es\/wp-json\/wp\/v2\/types\/page"}],"author":[{"embeddable":true,"href":"https:\/\/legacy.colt.net\/es\/wp-json\/wp\/v2\/users\/143"}],"replies":[{"embeddable":true,"href":"https:\/\/legacy.colt.net\/es\/wp-json\/wp\/v2\/comments?post=37954"}],"version-history":[{"count":0,"href":"https:\/\/legacy.colt.net\/es\/wp-json\/wp\/v2\/pages\/37954\/revisions"}],"up":[{"embeddable":true,"href":"https:\/\/legacy.colt.net\/es\/wp-json\/wp\/v2\/pages\/35905"}],"wp:attachment":[{"href":"https:\/\/legacy.colt.net\/es\/wp-json\/wp\/v2\/media?parent=37954"}],"wp:term":[{"taxonomy":"colt_type","embeddable":true,"href":"https:\/\/legacy.colt.net\/es\/wp-json\/wp\/v2\/colt_type?post=37954"},{"taxonomy":"colt_products","embeddable":true,"href":"https:\/\/legacy.colt.net\/es\/wp-json\/wp\/v2\/colt_products?post=37954"}],"curies":[{"name":"wp","href":"https:\/\/api.w.org\/{rel}","templated":true}]}}