{"id":37062,"date":"2018-11-09T14:03:02","date_gmt":"2018-11-09T14:03:02","guid":{"rendered":"https:\/\/www.colt.net\/product\/private-ethernet\/"},"modified":"2021-01-10T11:37:18","modified_gmt":"2021-01-10T11:37:18","slug":"private-ethernet","status":"publish","type":"page","link":"https:\/\/legacy.colt.net\/es\/product\/private-ethernet\/","title":{"rendered":"Private Ethernet"},"content":{"rendered":"\n<h1>\n\t<\/h1>\n<h2>\n\t\tProducts &#038; Services\n\t<\/h2>\n\t<nav class=\"breadcrumb\"><span><span><a href=\"https:\/\/legacy.colt.net\/es\/\">Home<\/a><\/span><\/span><\/nav>\n\t\n<p>Private Ethernet se ofrece a trav\u00e9s de fibra y equipos reservados para un solo cliente. Esto garantiza una seguridad m\u00e1xima. Los clientes tambi\u00e9n pueden elegir las rutas de fibra por las que se enruta su servicio Private Ethernet, ofreciendo as\u00ed la mayor flexibilidad.<\/p>\n<p>Colt Private Ethernet es un servicio de \u00e1rea metropolitana que ofrece conectividad punto a punto sobre una infraestructura reservada para el cliente con un ancho de banda entre 1 Gbps y 10 Gbps. Est\u00e1 disponible en cualquier ciudad donde Colt cuente con una red de \u00e1rea metropolitana y est\u00e1 dise\u00f1ado espec\u00edficamente para empresas que requieren una conectividad Ethernet privada, segura, redundante y de alta capacidad.<\/p>\n\n<p>Private Ethernet maximiza la seguridad y ofrece la posibilidad de instalar equipos en las propias instalaciones, lo que permite el pleno control mediante una soluci\u00f3n totalmente gestionada con separaci\u00f3n operativa respecto a otros clientes.<\/p>\n\n<p>Colt act\u00faa como \u00fanico responsable y puede garantizar los niveles de separaci\u00f3n necesarios utilizando su propia red. Esto permite que el personal de TI se concentre en los servicios de capa de aplicaci\u00f3n que ayudan a impulsar el negocio. Colt dise\u00f1a, implementa, gestiona y mantiene el servicio, evitando as\u00ed la inversi\u00f3n de recursos propios en t\u00e9cnicos o equipos especializados.<\/p>\n<p>Colt Private Ethernet puede garantizar el cumplimiento de los requisitos m\u00e1s estrictos de redundancia. Nuestra amplia gama de opciones significa que se puede elegir el nivel de redundancia m\u00e1s apropiado en funci\u00f3n de la propia evaluaci\u00f3n de costes, prestaciones y riesgo.<\/p>\n\t\t\t<a href=\"#\" target=\"_blank\" rel=\"noopener noreferrer\" role=\"button\">\n\t\t\t\t\t\t\tClick Here\n\t\t<\/a>\n\t\t\t<h3>\u00bfQuiere aprender m\u00e1s?<\/h3>\t\t\t\n\t\t\t\t<p>Reserve una reuni\u00f3n con nuestro especialista de ventas<\/p>\n\t\t\t<a href=\"https:\/\/app.hubspot.com\/meetings\/manuel-carballeda\" target=\"_blank\" role=\"button\" rel=\"noopener noreferrer\">\n\t\t\t\t\t\t\tReservar una reuni\u00f3n\n\t\t\t\t\t<\/a>\n<h5>\n\t\tCase Study\n\t<\/h5>\n\t<a href=\"https:\/\/legacy.colt.net\/product\/dedicated-cloud-access\/\" target=\"_self\" rel=\"noopener noreferrer\"><\/a> \n\t\t\t\t<img decoding=\"async\" src=\"https:\/\/legacy.colt.net\/wp-content\/uploads\/2019\/02\/Dedicated-Cloud-Access-On-Demand-1-300x182.jpg\" alt=\"Dedicated-Cloud-Access-On-Demand-1-300x182\" title=\"Dedicated-Cloud-Access-On-Demand-1-300x182\" itemprop=\"image\"\/>\n\t\t<h3>Dedicated Cloud Access<\/h3>\t\t\t\n\t\t\t\t<p>Colt&#8217;s Dedicated Cloud Access (DCA) service gives businesses a superior cloud networking experience when compared to relying on public internet.<\/p>\n<h5>\n\t\tRelated Product\n\t<\/h5>\n\t<a href=\"https:\/\/legacy.colt.net\/product\/dedicated-cloud-access\/\" target=\"_self\" rel=\"noopener noreferrer\"><\/a> \n\t\t\t\t<img decoding=\"async\" src=\"https:\/\/legacy.colt.net\/wp-content\/uploads\/2019\/02\/Dedicated-Cloud-Access-On-Demand-1-300x182.jpg\" alt=\"Dedicated-Cloud-Access-On-Demand-1-300x182\" title=\"Dedicated-Cloud-Access-On-Demand-1-300x182\" itemprop=\"image\"\/>\n\t\t<h3>Dedicated Cloud Access<\/h3>\t\t\t\n\t\t\t\t<p>Colt&#8217;s Dedicated Cloud Access (DCA) service gives businesses a superior cloud networking experience when compared to relying on public internet.<\/p>\n<h5>\n\t\tBlog\n\t<\/h5>\n\t<a href=\"https:\/\/legacy.colt.net\/product\/data-centre-interconnect\/\" target=\"_self\" rel=\"noopener noreferrer\"><\/a> \n\t\t\t\t<img decoding=\"async\" src=\"https:\/\/legacy.colt.net\/wp-content\/uploads\/2019\/02\/DC-Net-On-Demand-iStock-522131988-300x182.jpg\" alt=\"DC-Net-On-Demand-iStock-522131988-300x182\" title=\"DC-Net-On-Demand-iStock-522131988-300x182\" itemprop=\"image\"\/>\n\t\t<h3>DC Net<\/h3>\t\t\t\n\t\t\t\t<p>DC Net is Colt&#8217;s advanced data centre interconnection solution offering direct access to over 850 data centres across Europe, Asia and North America.<\/p>\n\t\t\t<h3>Meet Noriyuki, Account Executive (Capital Markets)<\/h3>\t\t\t\n\t\t\t\t<p>&#8220;Good thing about Colt is that I am given a wide scope of responsibility and I get involved in many things. As a result, Colt offers a work environment where I can develop myself.&#8221;<\/p>\n\t\t\t<a href=\"https:\/\/legacy.colt.net\/careers\/\" target=\"_self\" role=\"button\" rel=\"noopener noreferrer\">\n\t\t\t\t\t\t\tCareers at Colt \u00bb\n\t\t<\/a>\n\t\t\t\t<img decoding=\"async\" src=\"https:\/\/legacy.colt.net\/wp-content\/uploads\/2019\/02\/noriyuki.jpg\" alt=\"noriyuki\" title=\"noriyuki\" itemprop=\"image\"\/>\n\t\t\t\t<p>The Colt PrizmNet financial extranet connects a global capital markets ecosystem to AWS. It provides market participants with simplified and quick access to cloud-based content and execution services.<\/p>\n\n","protected":false},"excerpt":{"rendered":"<p>Products &#038; Services Private Ethernet se ofrece a trav\u00e9s de fibra y equipos reservados para un solo cliente. Esto garantiza una seguridad m\u00e1xima. Los clientes tambi\u00e9n pueden elegir las rutas de fibra por las que se enruta su servicio Private Ethernet, ofreciendo as\u00ed la mayor flexibilidad. Colt Private Ethernet es un servicio de \u00e1rea metropolitana&#8230;<\/p>\n","protected":false},"author":143,"featured_media":0,"parent":35905,"menu_order":0,"comment_status":"closed","ping_status":"closed","template":"","meta":{"_acf_changed":false,"footnotes":""},"colt_type":[],"colt_products":[1636],"class_list":["post-37062","page","type-page","status-publish","hentry","colt_products-ethernet-es"],"acf":[],"yoast_head":"<!-- This site is optimized with the Yoast SEO plugin v26.8 - https:\/\/yoast.com\/product\/yoast-seo-wordpress\/ -->\n<title>Private Ethernet | Colt Technology Services | ES<\/title>\n<meta name=\"description\" content=\"Private Ethernet Colt Technology Services\" \/>\n<meta name=\"robots\" content=\"noindex, follow, max-snippet:-1, max-image-preview:large, max-video-preview:-1\" \/>\n<meta property=\"og:locale\" content=\"es_ES\" \/>\n<meta property=\"og:type\" content=\"article\" \/>\n<meta property=\"og:title\" content=\"Private Ethernet | Colt Technology Services | ES\" \/>\n<meta property=\"og:description\" content=\"Private Ethernet Colt Technology Services\" \/>\n<meta property=\"og:url\" content=\"https:\/\/legacy.colt.net\/es\/product\/private-ethernet\/\" \/>\n<meta property=\"og:site_name\" content=\"Colt Technology Services\" \/>\n<meta property=\"article:publisher\" content=\"https:\/\/www.facebook.com\/ColtTechnologyServices\/\" \/>\n<meta property=\"article:modified_time\" content=\"2021-01-10T11:37:18+00:00\" \/>\n<meta property=\"og:image\" content=\"https:\/\/legacy.colt.net\/wp-content\/uploads\/2021\/01\/Brand-2021-Stock-13.jpg\" \/>\n\t<meta property=\"og:image:width\" content=\"1000\" \/>\n\t<meta property=\"og:image:height\" content=\"667\" \/>\n\t<meta property=\"og:image:type\" content=\"image\/jpeg\" \/>\n<meta name=\"twitter:card\" content=\"summary_large_image\" \/>\n<meta name=\"twitter:site\" content=\"@colt_technology\" \/>\n<meta name=\"twitter:label1\" content=\"Est. reading time\" \/>\n\t<meta name=\"twitter:data1\" content=\"2 minutes\" \/>\n<script type=\"application\/ld+json\" class=\"yoast-schema-graph\">{\"@context\":\"https:\/\/schema.org\",\"@graph\":[{\"@type\":\"WebPage\",\"@id\":\"https:\/\/legacy.colt.net\/es\/product\/private-ethernet\/\",\"url\":\"https:\/\/legacy.colt.net\/es\/product\/private-ethernet\/\",\"name\":\"Private Ethernet | Colt Technology Services | ES\",\"isPartOf\":{\"@id\":\"https:\/\/legacy.colt.net\/#website\"},\"primaryImageOfPage\":{\"@id\":\"https:\/\/legacy.colt.net\/es\/product\/private-ethernet\/#primaryimage\"},\"image\":{\"@id\":\"https:\/\/legacy.colt.net\/es\/product\/private-ethernet\/#primaryimage\"},\"thumbnailUrl\":\"https:\/\/legacy.colt.net\/wp-content\/uploads\/2019\/02\/Dedicated-Cloud-Access-On-Demand-1-300x182.jpg\",\"datePublished\":\"2018-11-09T14:03:02+00:00\",\"dateModified\":\"2021-01-10T11:37:18+00:00\",\"description\":\"Private Ethernet Colt Technology Services\",\"breadcrumb\":{\"@id\":\"https:\/\/legacy.colt.net\/es\/product\/private-ethernet\/#breadcrumb\"},\"inLanguage\":\"es-ES\",\"potentialAction\":[{\"@type\":\"ReadAction\",\"target\":[\"https:\/\/legacy.colt.net\/es\/product\/private-ethernet\/\"]}]},{\"@type\":\"ImageObject\",\"inLanguage\":\"es-ES\",\"@id\":\"https:\/\/legacy.colt.net\/es\/product\/private-ethernet\/#primaryimage\",\"url\":\"https:\/\/legacy.colt.net\/wp-content\/uploads\/2019\/02\/Dedicated-Cloud-Access-On-Demand-1-300x182.jpg\",\"contentUrl\":\"https:\/\/legacy.colt.net\/wp-content\/uploads\/2019\/02\/Dedicated-Cloud-Access-On-Demand-1-300x182.jpg\"},{\"@type\":\"BreadcrumbList\",\"@id\":\"https:\/\/legacy.colt.net\/es\/product\/private-ethernet\/#breadcrumb\",\"itemListElement\":[{\"@type\":\"ListItem\",\"position\":1,\"name\":\"Home\",\"item\":\"https:\/\/legacy.colt.net\/es\/\"},{\"@type\":\"ListItem\",\"position\":2,\"name\":\"Productos y servicios\",\"item\":\"https:\/\/legacy.colt.net\/es\/product\/\"},{\"@type\":\"ListItem\",\"position\":3,\"name\":\"Private Ethernet\"}]},{\"@type\":\"WebSite\",\"@id\":\"https:\/\/legacy.colt.net\/#website\",\"url\":\"https:\/\/legacy.colt.net\/\",\"name\":\"Colt\u30c6\u30af\u30ce\u30ed\u30b8\u30fc\u30b5\u30fc\u30d3\u30b9\u682a\u5f0f\u4f1a\u793e\",\"description\":\"Managed Network &amp; Voice Services Provider\",\"publisher\":{\"@id\":\"https:\/\/legacy.colt.net\/#organization\"},\"potentialAction\":[{\"@type\":\"SearchAction\",\"target\":{\"@type\":\"EntryPoint\",\"urlTemplate\":\"https:\/\/legacy.colt.net\/?s={search_term_string}\"},\"query-input\":{\"@type\":\"PropertyValueSpecification\",\"valueRequired\":true,\"valueName\":\"search_term_string\"}}],\"inLanguage\":\"es-ES\"},{\"@type\":\"Organization\",\"@id\":\"https:\/\/legacy.colt.net\/#organization\",\"name\":\"Colt Technology Services\",\"url\":\"https:\/\/legacy.colt.net\/\",\"logo\":{\"@type\":\"ImageObject\",\"inLanguage\":\"es-ES\",\"@id\":\"https:\/\/legacy.colt.net\/#\/schema\/logo\/image\/\",\"url\":\"https:\/\/legacy.colt.net\/wp-content\/uploads\/2019\/02\/Colt-Logo.png\",\"contentUrl\":\"https:\/\/legacy.colt.net\/wp-content\/uploads\/2019\/02\/Colt-Logo.png\",\"width\":195,\"height\":77,\"caption\":\"Colt Technology Services\"},\"image\":{\"@id\":\"https:\/\/legacy.colt.net\/#\/schema\/logo\/image\/\"},\"sameAs\":[\"https:\/\/www.facebook.com\/ColtTechnologyServices\/\",\"https:\/\/x.com\/colt_technology\",\"https:\/\/www.instagram.com\/colttechnologyservices\/\",\"https:\/\/www.linkedin.com\/company\/colt-technology-services\",\"https:\/\/www.youtube.com\/user\/ColtTechnology\"]}]}<\/script>\n<!-- \/ Yoast SEO plugin. -->","yoast_head_json":{"title":"Private Ethernet | Colt Technology Services | ES","description":"Private Ethernet Colt Technology Services","robots":{"index":"noindex","follow":"follow","max-snippet":"max-snippet:-1","max-image-preview":"max-image-preview:large","max-video-preview":"max-video-preview:-1"},"og_locale":"es_ES","og_type":"article","og_title":"Private Ethernet | Colt Technology Services | ES","og_description":"Private Ethernet Colt Technology Services","og_url":"https:\/\/legacy.colt.net\/es\/product\/private-ethernet\/","og_site_name":"Colt Technology Services","article_publisher":"https:\/\/www.facebook.com\/ColtTechnologyServices\/","article_modified_time":"2021-01-10T11:37:18+00:00","og_image":[{"width":1000,"height":667,"url":"https:\/\/legacy.colt.net\/wp-content\/uploads\/2021\/01\/Brand-2021-Stock-13.jpg","type":"image\/jpeg"}],"twitter_card":"summary_large_image","twitter_site":"@colt_technology","twitter_misc":{"Est. reading time":"2 minutes"},"schema":{"@context":"https:\/\/schema.org","@graph":[{"@type":"WebPage","@id":"https:\/\/legacy.colt.net\/es\/product\/private-ethernet\/","url":"https:\/\/legacy.colt.net\/es\/product\/private-ethernet\/","name":"Private Ethernet | Colt Technology Services | ES","isPartOf":{"@id":"https:\/\/legacy.colt.net\/#website"},"primaryImageOfPage":{"@id":"https:\/\/legacy.colt.net\/es\/product\/private-ethernet\/#primaryimage"},"image":{"@id":"https:\/\/legacy.colt.net\/es\/product\/private-ethernet\/#primaryimage"},"thumbnailUrl":"https:\/\/legacy.colt.net\/wp-content\/uploads\/2019\/02\/Dedicated-Cloud-Access-On-Demand-1-300x182.jpg","datePublished":"2018-11-09T14:03:02+00:00","dateModified":"2021-01-10T11:37:18+00:00","description":"Private Ethernet Colt Technology Services","breadcrumb":{"@id":"https:\/\/legacy.colt.net\/es\/product\/private-ethernet\/#breadcrumb"},"inLanguage":"es-ES","potentialAction":[{"@type":"ReadAction","target":["https:\/\/legacy.colt.net\/es\/product\/private-ethernet\/"]}]},{"@type":"ImageObject","inLanguage":"es-ES","@id":"https:\/\/legacy.colt.net\/es\/product\/private-ethernet\/#primaryimage","url":"https:\/\/legacy.colt.net\/wp-content\/uploads\/2019\/02\/Dedicated-Cloud-Access-On-Demand-1-300x182.jpg","contentUrl":"https:\/\/legacy.colt.net\/wp-content\/uploads\/2019\/02\/Dedicated-Cloud-Access-On-Demand-1-300x182.jpg"},{"@type":"BreadcrumbList","@id":"https:\/\/legacy.colt.net\/es\/product\/private-ethernet\/#breadcrumb","itemListElement":[{"@type":"ListItem","position":1,"name":"Home","item":"https:\/\/legacy.colt.net\/es\/"},{"@type":"ListItem","position":2,"name":"Productos y servicios","item":"https:\/\/legacy.colt.net\/es\/product\/"},{"@type":"ListItem","position":3,"name":"Private Ethernet"}]},{"@type":"WebSite","@id":"https:\/\/legacy.colt.net\/#website","url":"https:\/\/legacy.colt.net\/","name":"Colt\u30c6\u30af\u30ce\u30ed\u30b8\u30fc\u30b5\u30fc\u30d3\u30b9\u682a\u5f0f\u4f1a\u793e","description":"Managed Network &amp; Voice Services Provider","publisher":{"@id":"https:\/\/legacy.colt.net\/#organization"},"potentialAction":[{"@type":"SearchAction","target":{"@type":"EntryPoint","urlTemplate":"https:\/\/legacy.colt.net\/?s={search_term_string}"},"query-input":{"@type":"PropertyValueSpecification","valueRequired":true,"valueName":"search_term_string"}}],"inLanguage":"es-ES"},{"@type":"Organization","@id":"https:\/\/legacy.colt.net\/#organization","name":"Colt Technology Services","url":"https:\/\/legacy.colt.net\/","logo":{"@type":"ImageObject","inLanguage":"es-ES","@id":"https:\/\/legacy.colt.net\/#\/schema\/logo\/image\/","url":"https:\/\/legacy.colt.net\/wp-content\/uploads\/2019\/02\/Colt-Logo.png","contentUrl":"https:\/\/legacy.colt.net\/wp-content\/uploads\/2019\/02\/Colt-Logo.png","width":195,"height":77,"caption":"Colt Technology Services"},"image":{"@id":"https:\/\/legacy.colt.net\/#\/schema\/logo\/image\/"},"sameAs":["https:\/\/www.facebook.com\/ColtTechnologyServices\/","https:\/\/x.com\/colt_technology","https:\/\/www.instagram.com\/colttechnologyservices\/","https:\/\/www.linkedin.com\/company\/colt-technology-services","https:\/\/www.youtube.com\/user\/ColtTechnology"]}]}},"_links":{"self":[{"href":"https:\/\/legacy.colt.net\/es\/wp-json\/wp\/v2\/pages\/37062","targetHints":{"allow":["GET"]}}],"collection":[{"href":"https:\/\/legacy.colt.net\/es\/wp-json\/wp\/v2\/pages"}],"about":[{"href":"https:\/\/legacy.colt.net\/es\/wp-json\/wp\/v2\/types\/page"}],"author":[{"embeddable":true,"href":"https:\/\/legacy.colt.net\/es\/wp-json\/wp\/v2\/users\/143"}],"replies":[{"embeddable":true,"href":"https:\/\/legacy.colt.net\/es\/wp-json\/wp\/v2\/comments?post=37062"}],"version-history":[{"count":0,"href":"https:\/\/legacy.colt.net\/es\/wp-json\/wp\/v2\/pages\/37062\/revisions"}],"up":[{"embeddable":true,"href":"https:\/\/legacy.colt.net\/es\/wp-json\/wp\/v2\/pages\/35905"}],"wp:attachment":[{"href":"https:\/\/legacy.colt.net\/es\/wp-json\/wp\/v2\/media?parent=37062"}],"wp:term":[{"taxonomy":"colt_type","embeddable":true,"href":"https:\/\/legacy.colt.net\/es\/wp-json\/wp\/v2\/colt_type?post=37062"},{"taxonomy":"colt_products","embeddable":true,"href":"https:\/\/legacy.colt.net\/es\/wp-json\/wp\/v2\/colt_products?post=37062"}],"curies":[{"name":"wp","href":"https:\/\/api.w.org\/{rel}","templated":true}]}}