{"id":37029,"date":"2018-11-09T11:29:30","date_gmt":"2018-11-09T11:29:30","guid":{"rendered":"https:\/\/www.colt.net\/product\/ethernet-hub-spoke\/"},"modified":"2023-12-30T17:08:09","modified_gmt":"2023-12-30T17:08:09","slug":"ethernet-hub-spoke","status":"publish","type":"page","link":"https:\/\/legacy.colt.net\/es\/product\/ethernet-hub-spoke\/","title":{"rendered":"Ethernet Hub &#038; Spoke"},"content":{"rendered":"\r\n<h1>\r\n\t<\/h1>\r\n<h2>\r\n\t\tProducts &#038; Services\r\n\t<\/h2>\r\n\t<nav class=\"breadcrumb\"><span><span><a href=\"https:\/\/legacy.colt.net\/es\/\">Home<\/a><\/span><\/span><\/nav>\r\n\t\r\n<p>Una forma econ\u00f3mica y manejable de conectar un gran n\u00famero de centros a una oficina central, data centre o PoP de operador. Ethernet Hub and Spoke Service (Ethernet en estrella) es un servicio punto a multipunto totalmente gestionado.<\/p>\r\n<p>LAN Link Hub and Spoke es una soluci\u00f3n punto a multipunto para conectar varios servicios\/ubicaciones (radios) a una central mediante una interfaz \u00fanica y agregada.<\/p>\r\n\r\n<p>El servicio Colt Ethernet Hub and Spoke es un servicio Ethernet agregado que permite a un cliente conectar\u00a0 enlaces metropolitanos, nacionales o internacionales con un concentrador Ethernet \u00fanico. Todos los enlaces radiales son full d\u00faplex, lo que significa que el cliente puede utilizar simult\u00e1neamente el volumen completo de ancho de banda del servicio en ambos sentidos.<\/p>\r\n<p>Los anchos de banda disponibles para la ubicaci\u00f3n del concentrador son 1 Gbps o 10 Gbps. Los anchos de banda de las ubicaciones radiales van de 2 Mbps a 1 Gbps. Los distintos circuitos radiales se separan mediante VLAN 802.1Q.<\/p>\r\n\r\n<p>Colt act\u00faa como \u00fanico responsable y puede garantizar los niveles de separaci\u00f3n necesarios utilizando su propia red. Esto permite que el personal de IT se concentre en los servicios de capa de aplicaci\u00f3n que ayudan a impulsar el negocio. Colt dise\u00f1a, implementa, gestiona y mantiene el servicio, evitando as\u00ed la inversi\u00f3n de recursos propios en t\u00e9cnicos o equipos especializados.<\/p>\r\n\t\t\t<a href=\"#\" target=\"_blank\" rel=\"noopener noreferrer\" role=\"button\">\r\n\t\t\t\t\t\t\tClick Here\r\n\t\t<\/a>\r\n\t\t\t<h3>\u00bfQuiere aprender m\u00e1s?<\/h3>\t\t\t\r\n\t\t\t\t<p>Reserve una reuni\u00f3n con nuestro especialista de ventas<\/p>\r\n\t\t\t<a href=\"https:\/\/app.hubspot.com\/meetings\/manuel-carballeda\" target=\"_blank\" role=\"button\" rel=\"noopener noreferrer\">\r\n\t\t\t\t\t\t\tReservar una reuni\u00f3n\r\n\t\t\t\t\t<\/a>\r\n<h5>\r\n\t\tCase Study\r\n\t<\/h5>\r\n\t<a href=\"https:\/\/legacy.colt.net\/product\/dedicated-cloud-access\/\" target=\"_self\" rel=\"noopener noreferrer\"><\/a> \r\n\t\t\t\t<img decoding=\"async\" src=\"https:\/\/legacy.colt.net\/wp-content\/uploads\/2019\/02\/Dedicated-Cloud-Access-On-Demand-1-300x182.jpg\" alt=\"Dedicated-Cloud-Access-On-Demand-1-300x182\" title=\"Dedicated-Cloud-Access-On-Demand-1-300x182\" itemprop=\"image\"\/>\r\n\t\t<h3>Dedicated Cloud Access<\/h3>\t\t\t\r\n\t\t\t\t<p>Colt&#8217;s Dedicated Cloud Access (DCA) service gives businesses a superior cloud networking experience when compared to relying on public internet.<\/p>\r\n<h5>\r\n\t\tRelated Product\r\n\t<\/h5>\r\n\t<a href=\"https:\/\/legacy.colt.net\/product\/dedicated-cloud-access\/\" target=\"_self\" rel=\"noopener noreferrer\"><\/a> \r\n\t\t\t\t<img decoding=\"async\" src=\"https:\/\/legacy.colt.net\/wp-content\/uploads\/2019\/02\/Dedicated-Cloud-Access-On-Demand-1-300x182.jpg\" alt=\"Dedicated-Cloud-Access-On-Demand-1-300x182\" title=\"Dedicated-Cloud-Access-On-Demand-1-300x182\" itemprop=\"image\"\/>\r\n\t\t<h3>Dedicated Cloud Access<\/h3>\t\t\t\r\n\t\t\t\t<p>Colt&#8217;s Dedicated Cloud Access (DCA) service gives businesses a superior cloud networking experience when compared to relying on public internet.<\/p>\r\n<h5>\r\n\t\tBlog\r\n\t<\/h5>\r\n\t<a href=\"https:\/\/legacy.colt.net\/product\/data-centre-interconnect\/\" target=\"_self\" rel=\"noopener noreferrer\"><\/a> \r\n\t\t\t\t<img decoding=\"async\" src=\"https:\/\/legacy.colt.net\/wp-content\/uploads\/2019\/02\/DC-Net-On-Demand-iStock-522131988-300x182.jpg\" alt=\"DC-Net-On-Demand-iStock-522131988-300x182\" title=\"DC-Net-On-Demand-iStock-522131988-300x182\" itemprop=\"image\"\/>\r\n\t\t<h3>DC Net<\/h3>\t\t\t\r\n\t\t\t\t<p>DC Net is Colt&#8217;s advanced data centre interconnection solution offering direct access to over 850 data centres across Europe, Asia and North America.<\/p>\r\n\t\t\t<h3>Meet Noriyuki, Account Executive (Capital Markets)<\/h3>\t\t\t\r\n\t\t\t\t<p>&#8220;Good thing about Colt is that I am given a wide scope of responsibility and I get involved in many things. As a result, Colt offers a work environment where I can develop myself.&#8221;<\/p>\r\n\t\t\t<a href=\"https:\/\/legacy.colt.net\/careers\/\" target=\"_self\" role=\"button\" rel=\"noopener noreferrer\">\r\n\t\t\t\t\t\t\tCareers at Colt \u00bb\r\n\t\t<\/a>\r\n\t\t\t\t<img decoding=\"async\" src=\"https:\/\/legacy.colt.net\/wp-content\/uploads\/2019\/02\/noriyuki.jpg\" alt=\"noriyuki\" title=\"noriyuki\" itemprop=\"image\"\/>\r\n\t\t\t\t<p>The Colt PrizmNet financial extranet connects a global capital markets ecosystem to AWS. It provides market participants with simplified and quick access to cloud-based content and execution services.<\/p>\r\n\r\n","protected":false},"excerpt":{"rendered":"<p>Products &#038; Services Una forma econ\u00f3mica y manejable de conectar un gran n\u00famero de centros a una oficina central, data centre o PoP de operador. Ethernet Hub and Spoke Service (Ethernet en estrella) es un servicio punto a multipunto totalmente gestionado. LAN Link Hub and Spoke es una soluci\u00f3n punto a multipunto para conectar varios&#8230;<\/p>\n","protected":false},"author":143,"featured_media":0,"parent":35905,"menu_order":0,"comment_status":"closed","ping_status":"closed","template":"","meta":{"_acf_changed":false,"footnotes":""},"colt_type":[],"colt_products":[1636],"class_list":["post-37029","page","type-page","status-publish","hentry","colt_products-ethernet-es"],"acf":[],"yoast_head":"<!-- This site is optimized with the Yoast SEO plugin v26.8 - https:\/\/yoast.com\/product\/yoast-seo-wordpress\/ -->\n<title>Ethernet Hub &amp; Spoke | Colt Technology Services | ES<\/title>\n<meta name=\"description\" content=\"Our 10Gbps WAN services offer a manageable way of connecting a large number of sites to a head office or data centre.\" \/>\n<meta name=\"robots\" content=\"noindex, follow, max-snippet:-1, max-image-preview:large, max-video-preview:-1\" \/>\n<meta property=\"og:locale\" content=\"es_ES\" \/>\n<meta property=\"og:type\" content=\"article\" \/>\n<meta property=\"og:title\" content=\"Ethernet Hub &amp; Spoke | Colt Technology Services | ES\" \/>\n<meta property=\"og:description\" content=\"Our 10Gbps WAN services offer a manageable way of connecting a large number of sites to a head office or data centre.\" \/>\n<meta property=\"og:url\" content=\"https:\/\/legacy.colt.net\/es\/product\/ethernet-hub-spoke\/\" \/>\n<meta property=\"og:site_name\" content=\"Colt Technology Services\" \/>\n<meta property=\"article:publisher\" content=\"https:\/\/www.facebook.com\/ColtTechnologyServices\/\" \/>\n<meta property=\"article:modified_time\" content=\"2023-12-30T17:08:09+00:00\" \/>\n<meta property=\"og:image\" content=\"https:\/\/legacy.colt.net\/wp-content\/uploads\/2019\/02\/Dedicated-Cloud-Access-On-Demand-1-300x182.jpg\" \/>\n<meta name=\"twitter:card\" content=\"summary_large_image\" \/>\n<meta name=\"twitter:site\" content=\"@colt_technology\" \/>\n<meta name=\"twitter:label1\" content=\"Est. reading time\" \/>\n\t<meta name=\"twitter:data1\" content=\"3 minutes\" \/>\n<script type=\"application\/ld+json\" class=\"yoast-schema-graph\">{\"@context\":\"https:\/\/schema.org\",\"@graph\":[{\"@type\":\"WebPage\",\"@id\":\"https:\/\/legacy.colt.net\/es\/product\/ethernet-hub-spoke\/\",\"url\":\"https:\/\/legacy.colt.net\/es\/product\/ethernet-hub-spoke\/\",\"name\":\"Ethernet Hub & Spoke | Colt Technology Services | ES\",\"isPartOf\":{\"@id\":\"https:\/\/legacy.colt.net\/#website\"},\"primaryImageOfPage\":{\"@id\":\"https:\/\/legacy.colt.net\/es\/product\/ethernet-hub-spoke\/#primaryimage\"},\"image\":{\"@id\":\"https:\/\/legacy.colt.net\/es\/product\/ethernet-hub-spoke\/#primaryimage\"},\"thumbnailUrl\":\"https:\/\/legacy.colt.net\/wp-content\/uploads\/2019\/02\/Dedicated-Cloud-Access-On-Demand-1-300x182.jpg\",\"datePublished\":\"2018-11-09T11:29:30+00:00\",\"dateModified\":\"2023-12-30T17:08:09+00:00\",\"description\":\"Our 10Gbps WAN services offer a manageable way of connecting a large number of sites to a head office or data centre.\",\"breadcrumb\":{\"@id\":\"https:\/\/legacy.colt.net\/es\/product\/ethernet-hub-spoke\/#breadcrumb\"},\"inLanguage\":\"es-ES\",\"potentialAction\":[{\"@type\":\"ReadAction\",\"target\":[\"https:\/\/legacy.colt.net\/es\/product\/ethernet-hub-spoke\/\"]}]},{\"@type\":\"ImageObject\",\"inLanguage\":\"es-ES\",\"@id\":\"https:\/\/legacy.colt.net\/es\/product\/ethernet-hub-spoke\/#primaryimage\",\"url\":\"https:\/\/legacy.colt.net\/wp-content\/uploads\/2019\/02\/Dedicated-Cloud-Access-On-Demand-1-300x182.jpg\",\"contentUrl\":\"https:\/\/legacy.colt.net\/wp-content\/uploads\/2019\/02\/Dedicated-Cloud-Access-On-Demand-1-300x182.jpg\"},{\"@type\":\"BreadcrumbList\",\"@id\":\"https:\/\/legacy.colt.net\/es\/product\/ethernet-hub-spoke\/#breadcrumb\",\"itemListElement\":[{\"@type\":\"ListItem\",\"position\":1,\"name\":\"Home\",\"item\":\"https:\/\/legacy.colt.net\/es\/\"},{\"@type\":\"ListItem\",\"position\":2,\"name\":\"Productos y servicios\",\"item\":\"https:\/\/legacy.colt.net\/es\/product\/\"},{\"@type\":\"ListItem\",\"position\":3,\"name\":\"Ethernet Hub &#038; Spoke\"}]},{\"@type\":\"WebSite\",\"@id\":\"https:\/\/legacy.colt.net\/#website\",\"url\":\"https:\/\/legacy.colt.net\/\",\"name\":\"Colt\u30c6\u30af\u30ce\u30ed\u30b8\u30fc\u30b5\u30fc\u30d3\u30b9\u682a\u5f0f\u4f1a\u793e\",\"description\":\"Managed Network &amp; Voice Services Provider\",\"publisher\":{\"@id\":\"https:\/\/legacy.colt.net\/#organization\"},\"potentialAction\":[{\"@type\":\"SearchAction\",\"target\":{\"@type\":\"EntryPoint\",\"urlTemplate\":\"https:\/\/legacy.colt.net\/?s={search_term_string}\"},\"query-input\":{\"@type\":\"PropertyValueSpecification\",\"valueRequired\":true,\"valueName\":\"search_term_string\"}}],\"inLanguage\":\"es-ES\"},{\"@type\":\"Organization\",\"@id\":\"https:\/\/legacy.colt.net\/#organization\",\"name\":\"Colt Technology Services\",\"url\":\"https:\/\/legacy.colt.net\/\",\"logo\":{\"@type\":\"ImageObject\",\"inLanguage\":\"es-ES\",\"@id\":\"https:\/\/legacy.colt.net\/#\/schema\/logo\/image\/\",\"url\":\"https:\/\/legacy.colt.net\/wp-content\/uploads\/2019\/02\/Colt-Logo.png\",\"contentUrl\":\"https:\/\/legacy.colt.net\/wp-content\/uploads\/2019\/02\/Colt-Logo.png\",\"width\":195,\"height\":77,\"caption\":\"Colt Technology Services\"},\"image\":{\"@id\":\"https:\/\/legacy.colt.net\/#\/schema\/logo\/image\/\"},\"sameAs\":[\"https:\/\/www.facebook.com\/ColtTechnologyServices\/\",\"https:\/\/x.com\/colt_technology\",\"https:\/\/www.instagram.com\/colttechnologyservices\/\",\"https:\/\/www.linkedin.com\/company\/colt-technology-services\",\"https:\/\/www.youtube.com\/user\/ColtTechnology\"]}]}<\/script>\n<!-- \/ Yoast SEO plugin. -->","yoast_head_json":{"title":"Ethernet Hub & Spoke | Colt Technology Services | ES","description":"Our 10Gbps WAN services offer a manageable way of connecting a large number of sites to a head office or data centre.","robots":{"index":"noindex","follow":"follow","max-snippet":"max-snippet:-1","max-image-preview":"max-image-preview:large","max-video-preview":"max-video-preview:-1"},"og_locale":"es_ES","og_type":"article","og_title":"Ethernet Hub & Spoke | Colt Technology Services | ES","og_description":"Our 10Gbps WAN services offer a manageable way of connecting a large number of sites to a head office or data centre.","og_url":"https:\/\/legacy.colt.net\/es\/product\/ethernet-hub-spoke\/","og_site_name":"Colt Technology Services","article_publisher":"https:\/\/www.facebook.com\/ColtTechnologyServices\/","article_modified_time":"2023-12-30T17:08:09+00:00","og_image":[{"url":"https:\/\/legacy.colt.net\/wp-content\/uploads\/2019\/02\/Dedicated-Cloud-Access-On-Demand-1-300x182.jpg","type":"","width":"","height":""}],"twitter_card":"summary_large_image","twitter_site":"@colt_technology","twitter_misc":{"Est. reading time":"3 minutes"},"schema":{"@context":"https:\/\/schema.org","@graph":[{"@type":"WebPage","@id":"https:\/\/legacy.colt.net\/es\/product\/ethernet-hub-spoke\/","url":"https:\/\/legacy.colt.net\/es\/product\/ethernet-hub-spoke\/","name":"Ethernet Hub & Spoke | Colt Technology Services | ES","isPartOf":{"@id":"https:\/\/legacy.colt.net\/#website"},"primaryImageOfPage":{"@id":"https:\/\/legacy.colt.net\/es\/product\/ethernet-hub-spoke\/#primaryimage"},"image":{"@id":"https:\/\/legacy.colt.net\/es\/product\/ethernet-hub-spoke\/#primaryimage"},"thumbnailUrl":"https:\/\/legacy.colt.net\/wp-content\/uploads\/2019\/02\/Dedicated-Cloud-Access-On-Demand-1-300x182.jpg","datePublished":"2018-11-09T11:29:30+00:00","dateModified":"2023-12-30T17:08:09+00:00","description":"Our 10Gbps WAN services offer a manageable way of connecting a large number of sites to a head office or data centre.","breadcrumb":{"@id":"https:\/\/legacy.colt.net\/es\/product\/ethernet-hub-spoke\/#breadcrumb"},"inLanguage":"es-ES","potentialAction":[{"@type":"ReadAction","target":["https:\/\/legacy.colt.net\/es\/product\/ethernet-hub-spoke\/"]}]},{"@type":"ImageObject","inLanguage":"es-ES","@id":"https:\/\/legacy.colt.net\/es\/product\/ethernet-hub-spoke\/#primaryimage","url":"https:\/\/legacy.colt.net\/wp-content\/uploads\/2019\/02\/Dedicated-Cloud-Access-On-Demand-1-300x182.jpg","contentUrl":"https:\/\/legacy.colt.net\/wp-content\/uploads\/2019\/02\/Dedicated-Cloud-Access-On-Demand-1-300x182.jpg"},{"@type":"BreadcrumbList","@id":"https:\/\/legacy.colt.net\/es\/product\/ethernet-hub-spoke\/#breadcrumb","itemListElement":[{"@type":"ListItem","position":1,"name":"Home","item":"https:\/\/legacy.colt.net\/es\/"},{"@type":"ListItem","position":2,"name":"Productos y servicios","item":"https:\/\/legacy.colt.net\/es\/product\/"},{"@type":"ListItem","position":3,"name":"Ethernet Hub &#038; Spoke"}]},{"@type":"WebSite","@id":"https:\/\/legacy.colt.net\/#website","url":"https:\/\/legacy.colt.net\/","name":"Colt\u30c6\u30af\u30ce\u30ed\u30b8\u30fc\u30b5\u30fc\u30d3\u30b9\u682a\u5f0f\u4f1a\u793e","description":"Managed Network &amp; Voice Services Provider","publisher":{"@id":"https:\/\/legacy.colt.net\/#organization"},"potentialAction":[{"@type":"SearchAction","target":{"@type":"EntryPoint","urlTemplate":"https:\/\/legacy.colt.net\/?s={search_term_string}"},"query-input":{"@type":"PropertyValueSpecification","valueRequired":true,"valueName":"search_term_string"}}],"inLanguage":"es-ES"},{"@type":"Organization","@id":"https:\/\/legacy.colt.net\/#organization","name":"Colt Technology Services","url":"https:\/\/legacy.colt.net\/","logo":{"@type":"ImageObject","inLanguage":"es-ES","@id":"https:\/\/legacy.colt.net\/#\/schema\/logo\/image\/","url":"https:\/\/legacy.colt.net\/wp-content\/uploads\/2019\/02\/Colt-Logo.png","contentUrl":"https:\/\/legacy.colt.net\/wp-content\/uploads\/2019\/02\/Colt-Logo.png","width":195,"height":77,"caption":"Colt Technology Services"},"image":{"@id":"https:\/\/legacy.colt.net\/#\/schema\/logo\/image\/"},"sameAs":["https:\/\/www.facebook.com\/ColtTechnologyServices\/","https:\/\/x.com\/colt_technology","https:\/\/www.instagram.com\/colttechnologyservices\/","https:\/\/www.linkedin.com\/company\/colt-technology-services","https:\/\/www.youtube.com\/user\/ColtTechnology"]}]}},"_links":{"self":[{"href":"https:\/\/legacy.colt.net\/es\/wp-json\/wp\/v2\/pages\/37029","targetHints":{"allow":["GET"]}}],"collection":[{"href":"https:\/\/legacy.colt.net\/es\/wp-json\/wp\/v2\/pages"}],"about":[{"href":"https:\/\/legacy.colt.net\/es\/wp-json\/wp\/v2\/types\/page"}],"author":[{"embeddable":true,"href":"https:\/\/legacy.colt.net\/es\/wp-json\/wp\/v2\/users\/143"}],"replies":[{"embeddable":true,"href":"https:\/\/legacy.colt.net\/es\/wp-json\/wp\/v2\/comments?post=37029"}],"version-history":[{"count":0,"href":"https:\/\/legacy.colt.net\/es\/wp-json\/wp\/v2\/pages\/37029\/revisions"}],"up":[{"embeddable":true,"href":"https:\/\/legacy.colt.net\/es\/wp-json\/wp\/v2\/pages\/35905"}],"wp:attachment":[{"href":"https:\/\/legacy.colt.net\/es\/wp-json\/wp\/v2\/media?parent=37029"}],"wp:term":[{"taxonomy":"colt_type","embeddable":true,"href":"https:\/\/legacy.colt.net\/es\/wp-json\/wp\/v2\/colt_type?post=37029"},{"taxonomy":"colt_products","embeddable":true,"href":"https:\/\/legacy.colt.net\/es\/wp-json\/wp\/v2\/colt_products?post=37029"}],"curies":[{"name":"wp","href":"https:\/\/api.w.org\/{rel}","templated":true}]}}