{"id":34981,"date":"2019-03-07T09:33:57","date_gmt":"2019-03-07T09:33:57","guid":{"rendered":"https:\/\/www.colt.net\/gdpr\/"},"modified":"2023-04-28T11:36:42","modified_gmt":"2023-04-28T10:36:42","slug":"gdpr","status":"publish","type":"page","link":"https:\/\/legacy.colt.net\/es\/legal\/gdpr\/","title":{"rendered":"Reglamento General de Protecci\u00f3n de Datos (RGPD)"},"content":{"rendered":"\n\n\t<nav class=\"breadcrumb\"><span><span><a href=\"https:\/\/legacy.colt.net\/es\/\">Home<\/a><\/span><\/span><\/nav>\n\t<h1>Binding Corporate Rules<\/h1>\n<p>Colt has obtenido la aprobaci\u00f3n de las Reglas Corporativas Vinculantes, &#8220;Binding Corporate Rules&#8221; tanto de responsable como de encargado del tratamiento, en Agosto del 2021 por el Comit\u00e9 Europeo de Protecci\u00f3n de Datos Personales, &#8220;EDPB&#8221; y\u00a0supervisadas por la Agencia Espa\u00f1ola de Protecci\u00f3n de Datos, la Autoridad Francesa de Protecci\u00f3n de Datos, &#8220;CNIL, la Autoridad Italiana, &#8220;Il Garante&#8221; y la Agencia de Protecci\u00f3n de Datos de Hesse. Las Reglas Corporativas Vinculantes confirman que Colt ha implantado un riguroso marco de privacidad en todo su grupo de entidades situadas\u00a0dentro y fuera de la Uni\u00f3n Europea, aplicando los mismos est\u00e1ndares y permitiendo que\u00a0se transfieran datos de car\u00e1cter personal de forma legal y segura a trav\u00e9s de las entidades de sus grupo. Colt es la primera y \u00fanica entidad Telco, que actualmente ha\u00a0obtenido las que Reglas Corporativas Vinculantes tras la entrada en vigor del RGPD. La decisi\u00f3n de aprobaci\u00f3n de las Reglas Corporativas Vinculantes la pueden encontrar en la p\u00e1gina web del EDPB <a href=\"https:\/\/eur01.safelinks.protection.outlook.com\/?url=https%3A%2F%2Fedpb.europa.eu%2Four-work-tools%2Faccountability-tools%2Fbcr_en%3Ff%255B0%255D%3Dbcr_type_bcr%253AController%26f%255B1%255D%3Dbcr_type_bcr%253AProcessor%26page%3D0&amp;data=05%7C01%7CNathan.Eales%40colt.net%7C2c4fe4504df243b1dd0808db47d3c37b%7Cb859cf7eff8a40bbbd0fda56e6dc0eb8%7C1%7C0%7C638182747055799436%7CUnknown%7CTWFpbGZsb3d8eyJWIjoiMC4wLjAwMDAiLCJQIjoiV2luMzIiLCJBTiI6Ik1haWwiLCJXVCI6Mn0%3D%7C3000%7C%7C%7C&amp;sdata=xvvJN5dWEAfIREG1KFt4ZhoPYRuNUCMP95hnG6xzUJM%3D&amp;reserved=0\">aqui<\/a>.<\/p>\n<p><a href=\"https:\/\/eur01.safelinks.protection.outlook.com\/?url=https%3A%2F%2Fedpb.europa.eu%2Four-work-tools%2Faccountability-tools%2Fbcr_en%3Ff%255B0%255D%3Dbcr_type_bcr%253AController%26f%255B1%255D%3Dbcr_type_bcr%253AProcessor%26page%3D0&amp;data=05%7C01%7CNathan.Eales%40colt.net%7C2c4fe4504df243b1dd0808db47d3c37b%7Cb859cf7eff8a40bbbd0fda56e6dc0eb8%7C1%7C0%7C638182747055799436%7CUnknown%7CTWFpbGZsb3d8eyJWIjoiMC4wLjAwMDAiLCJQIjoiV2luMzIiLCJBTiI6Ik1haWwiLCJXVCI6Mn0%3D%7C3000%7C%7C%7C&amp;sdata=xvvJN5dWEAfIREG1KFt4ZhoPYRuNUCMP95hnG6xzUJM%3D&amp;reserved=0\">https:\/\/edpb.europa.eu\/our-work-tools\/accountability-tools\/bcr_en?f%5B0%5D=bcr_type_bcr%3AController&amp;f%5B1%5D=bcr_type_bcr%3AProcessor&amp;page=0<\/a><\/p>\n<p>&nbsp;<\/p>\n<h1><strong>Para empleados, exempleados y candidatos<\/strong><\/h1>\n<p>Reglamento General de Protecci\u00f3n de Datos (RGPD), derechos para empleados, exempleados y candidatos.<\/p>\n<p>A) Derechos del individuo<\/p>\n<p>En el caso en que quiera ejercer sus derechos en relaci\u00f3n con el RGPD, por favor, descargue y complete el formulario correspondiente del derecho que desea ejercer y env\u00edelo a\u00a0\u00a0<a href=\"mailto:HRContactCentre@colt.net\">HRContactCentre@colt.net<\/a>\u00a0juntamente con un documento que le identifique.<\/p>\n<ul>\n<li><a href=\"https:\/\/legacy.colt.net\/wp-content\/uploads\/2018\/12\/Request-form-Right-to-access.docx\">Derecho de Acceso<\/a><\/li>\n<li><a href=\"https:\/\/legacy.colt.net\/wp-content\/uploads\/2018\/12\/Request-form-Right-to-rectification.docx\">Derecho de rectificaci\u00f3n<\/a><\/li>\n<li><a href=\"https:\/\/legacy.colt.net\/wp-content\/uploads\/2018\/12\/Request-form-Right-to-erasure.docx\">Derecho a ser olvidado, borrar<\/a><\/li>\n<li><a href=\"https:\/\/legacy.colt.net\/wp-content\/uploads\/2018\/12\/Request-form-Right-to-portability.docx\">Derecho a la portabilidad de datos<\/a><\/li>\n<li><a href=\"https:\/\/legacy.colt.net\/wp-content\/uploads\/2018\/12\/Request-form-Right-to-restrict.docx\">Derecho de oposici\u00f3n<\/a><\/li>\n<li><a href=\"https:\/\/legacy.colt.net\/wp-content\/uploads\/2018\/12\/Request-form-Right-to-object.docx\">Derecho de retirar el consentimiento<\/a><\/li>\n<li><a href=\"https:\/\/legacy.colt.net\/wp-content\/uploads\/2018\/12\/Request-form-Right-to-Automated.docx\">Derecho de oposici\u00f3n al tratamiento autom\u00e1tico<\/a><\/li>\n<\/ul>\n<p>Para m\u00e1s informaci\u00f3n sobre sus derechos haga clic\u00a0<a href=\"https:\/\/legacy.colt.net\/wp-content\/uploads\/2018\/12\/DSAR-FAQs.pdf\"><u>AQU\u00cd<\/u><\/a><\/p>\n<p>B) Quejas sobre el procesamiento de datos<\/p>\n<p>Si usted quiere enviar una queja sobre el procesamiento de sus datos personales, por favor, descargue y complete el formulario y env\u00edelo a\u00a0\u00a0<a href=\"mailto:HRContactCentre@colt.net\">HRContactCentre@colt.net<\/a>\u00a0juntamente con un documento que le identifique.<\/p>\n<ul>\n<li><a href=\"https:\/\/legacy.colt.net\/wp-content\/uploads\/2018\/12\/Personal-Data-Complaint-Form.docx\">Formulario<\/a>\u00a0de queja<\/li>\n<\/ul>\n<hr \/>\n<p><strong>Para Clientes<\/strong><\/p>\n<p>En el caso en que quiera ejercer sus derechos en relaci\u00f3n a ticketing y facturaci\u00f3n, seleccione el formulario correspondiente y abra un ticket en la plataforma\u00a0<a href=\"https:\/\/online.colt.net\/\">Colt Online<\/a>\u00a0y adjunte el formulario. Para realizar el seguimiento de su ticket, puede usar la referencia recibida al abrirlo mediante\u00a0<a href=\"https:\/\/online.colt.net\/\">Colt Online<\/a>.<\/p>\n<ul>\n<li><a href=\"https:\/\/legacy.colt.net\/wp-content\/uploads\/2018\/12\/Request-form-Right-to-access.docx\">Derecho de Acceso<\/a>-Informaci\u00f3n<\/li>\n<li><a href=\"https:\/\/legacy.colt.net\/wp-content\/uploads\/2018\/12\/Request-form-Right-to-rectification.docx\">Derecho de rectificaci\u00f3n<\/a><\/li>\n<li><a href=\"https:\/\/legacy.colt.net\/wp-content\/uploads\/2018\/12\/Request-form-Right-to-erasure.docx\">Derecho a ser olvidado, borrar<\/a><\/li>\n<li><a href=\"https:\/\/legacy.colt.net\/wp-content\/uploads\/2018\/12\/Request-form-Right-to-portability.docx\">Derecho a la portabilidad de datos<\/a><\/li>\n<\/ul>\n<p>Si quiere ejercer sus derechos relacionados con un tema diferente de ticketing y facturaci\u00f3n, seleccione el formulario correspondiente en la lista y una vez completado, env\u00edelo a\u00a0<a href=\"mailto:gdpr@colt.net\">gdpr@colt.net<\/a>\u00a0juntamente con un documento que le identifique.<\/p>\n\n","protected":false},"excerpt":{"rendered":"<p>Binding Corporate Rules Colt has obtenido la aprobaci\u00f3n de las Reglas Corporativas Vinculantes, &#8220;Binding Corporate Rules&#8221; tanto de responsable como de encargado del tratamiento, en Agosto del 2021 por el Comit\u00e9 Europeo de Protecci\u00f3n de Datos Personales, &#8220;EDPB&#8221; y\u00a0supervisadas por la Agencia Espa\u00f1ola de Protecci\u00f3n de Datos, la Autoridad Francesa de Protecci\u00f3n de Datos, &#8220;CNIL,&#8230;<\/p>\n","protected":false},"author":143,"featured_media":0,"parent":34447,"menu_order":0,"comment_status":"closed","ping_status":"closed","template":"","meta":{"_acf_changed":false,"footnotes":""},"colt_type":[],"colt_products":[],"class_list":["post-34981","page","type-page","status-publish","hentry"],"acf":[],"yoast_head":"<!-- This site is optimized with the Yoast SEO plugin v26.8 - https:\/\/yoast.com\/product\/yoast-seo-wordpress\/ -->\n<title>Reglamento General de Protecci\u00f3n de Datos (RGPD) - Colt Technology Services<\/title>\n<meta name=\"description\" content=\"Reglamento General de Protecci\u00f3n de Datos (RGPD), derechos para empleados, exempleados y candidatos.\" \/>\n<meta name=\"robots\" content=\"noindex, follow, max-snippet:-1, max-image-preview:large, max-video-preview:-1\" \/>\n<meta property=\"og:locale\" content=\"es_ES\" \/>\n<meta property=\"og:type\" content=\"article\" \/>\n<meta property=\"og:title\" content=\"Reglamento General de Protecci\u00f3n de Datos (RGPD) - Colt Technology Services\" \/>\n<meta property=\"og:description\" content=\"Reglamento General de Protecci\u00f3n de Datos (RGPD), derechos para empleados, exempleados y candidatos.\" \/>\n<meta property=\"og:url\" content=\"https:\/\/legacy.colt.net\/es\/legal\/gdpr\/\" \/>\n<meta property=\"og:site_name\" content=\"Colt Technology Services\" \/>\n<meta property=\"article:publisher\" content=\"https:\/\/www.facebook.com\/ColtTechnologyServices\/\" \/>\n<meta property=\"article:modified_time\" content=\"2023-04-28T10:36:42+00:00\" \/>\n<meta property=\"og:image\" content=\"https:\/\/legacy.colt.net\/wp-content\/uploads\/2021\/01\/Brand-2021-Stock-6-1.jpg\" \/>\n\t<meta property=\"og:image:width\" content=\"1000\" \/>\n\t<meta property=\"og:image:height\" content=\"667\" \/>\n\t<meta property=\"og:image:type\" content=\"image\/jpeg\" \/>\n<meta name=\"twitter:card\" content=\"summary_large_image\" \/>\n<meta name=\"twitter:site\" content=\"@colt_technology\" \/>\n<meta name=\"twitter:label1\" content=\"Est. reading time\" \/>\n\t<meta name=\"twitter:data1\" content=\"2 minutes\" \/>\n<script type=\"application\/ld+json\" class=\"yoast-schema-graph\">{\"@context\":\"https:\/\/schema.org\",\"@graph\":[{\"@type\":\"WebPage\",\"@id\":\"https:\/\/legacy.colt.net\/es\/legal\/gdpr\/\",\"url\":\"https:\/\/legacy.colt.net\/es\/legal\/gdpr\/\",\"name\":\"Reglamento General de Protecci\u00f3n de Datos (RGPD) - Colt Technology Services\",\"isPartOf\":{\"@id\":\"https:\/\/legacy.colt.net\/#website\"},\"datePublished\":\"2019-03-07T09:33:57+00:00\",\"dateModified\":\"2023-04-28T10:36:42+00:00\",\"description\":\"Reglamento General de Protecci\u00f3n de Datos (RGPD), derechos para empleados, exempleados y candidatos.\",\"breadcrumb\":{\"@id\":\"https:\/\/legacy.colt.net\/es\/legal\/gdpr\/#breadcrumb\"},\"inLanguage\":\"es-ES\",\"potentialAction\":[{\"@type\":\"ReadAction\",\"target\":[\"https:\/\/legacy.colt.net\/es\/legal\/gdpr\/\"]}]},{\"@type\":\"BreadcrumbList\",\"@id\":\"https:\/\/legacy.colt.net\/es\/legal\/gdpr\/#breadcrumb\",\"itemListElement\":[{\"@type\":\"ListItem\",\"position\":1,\"name\":\"Home\",\"item\":\"https:\/\/legacy.colt.net\/es\/\"},{\"@type\":\"ListItem\",\"position\":2,\"name\":\"Legal\",\"item\":\"https:\/\/legacy.colt.net\/es\/legal\/\"},{\"@type\":\"ListItem\",\"position\":3,\"name\":\"Reglamento General de Protecci\u00f3n de Datos (RGPD)\"}]},{\"@type\":\"WebSite\",\"@id\":\"https:\/\/legacy.colt.net\/#website\",\"url\":\"https:\/\/legacy.colt.net\/\",\"name\":\"Colt\u30c6\u30af\u30ce\u30ed\u30b8\u30fc\u30b5\u30fc\u30d3\u30b9\u682a\u5f0f\u4f1a\u793e\",\"description\":\"Managed Network &amp; Voice Services Provider\",\"publisher\":{\"@id\":\"https:\/\/legacy.colt.net\/#organization\"},\"potentialAction\":[{\"@type\":\"SearchAction\",\"target\":{\"@type\":\"EntryPoint\",\"urlTemplate\":\"https:\/\/legacy.colt.net\/?s={search_term_string}\"},\"query-input\":{\"@type\":\"PropertyValueSpecification\",\"valueRequired\":true,\"valueName\":\"search_term_string\"}}],\"inLanguage\":\"es-ES\"},{\"@type\":\"Organization\",\"@id\":\"https:\/\/legacy.colt.net\/#organization\",\"name\":\"Colt Technology Services\",\"url\":\"https:\/\/legacy.colt.net\/\",\"logo\":{\"@type\":\"ImageObject\",\"inLanguage\":\"es-ES\",\"@id\":\"https:\/\/legacy.colt.net\/#\/schema\/logo\/image\/\",\"url\":\"https:\/\/legacy.colt.net\/wp-content\/uploads\/2019\/02\/Colt-Logo.png\",\"contentUrl\":\"https:\/\/legacy.colt.net\/wp-content\/uploads\/2019\/02\/Colt-Logo.png\",\"width\":195,\"height\":77,\"caption\":\"Colt Technology Services\"},\"image\":{\"@id\":\"https:\/\/legacy.colt.net\/#\/schema\/logo\/image\/\"},\"sameAs\":[\"https:\/\/www.facebook.com\/ColtTechnologyServices\/\",\"https:\/\/x.com\/colt_technology\",\"https:\/\/www.instagram.com\/colttechnologyservices\/\",\"https:\/\/www.linkedin.com\/company\/colt-technology-services\",\"https:\/\/www.youtube.com\/user\/ColtTechnology\"]}]}<\/script>\n<!-- \/ Yoast SEO plugin. -->","yoast_head_json":{"title":"Reglamento General de Protecci\u00f3n de Datos (RGPD) - Colt Technology Services","description":"Reglamento General de Protecci\u00f3n de Datos (RGPD), derechos para empleados, exempleados y candidatos.","robots":{"index":"noindex","follow":"follow","max-snippet":"max-snippet:-1","max-image-preview":"max-image-preview:large","max-video-preview":"max-video-preview:-1"},"og_locale":"es_ES","og_type":"article","og_title":"Reglamento General de Protecci\u00f3n de Datos (RGPD) - Colt Technology Services","og_description":"Reglamento General de Protecci\u00f3n de Datos (RGPD), derechos para empleados, exempleados y candidatos.","og_url":"https:\/\/legacy.colt.net\/es\/legal\/gdpr\/","og_site_name":"Colt Technology Services","article_publisher":"https:\/\/www.facebook.com\/ColtTechnologyServices\/","article_modified_time":"2023-04-28T10:36:42+00:00","og_image":[{"width":1000,"height":667,"url":"https:\/\/legacy.colt.net\/wp-content\/uploads\/2021\/01\/Brand-2021-Stock-6-1.jpg","type":"image\/jpeg"}],"twitter_card":"summary_large_image","twitter_site":"@colt_technology","twitter_misc":{"Est. reading time":"2 minutes"},"schema":{"@context":"https:\/\/schema.org","@graph":[{"@type":"WebPage","@id":"https:\/\/legacy.colt.net\/es\/legal\/gdpr\/","url":"https:\/\/legacy.colt.net\/es\/legal\/gdpr\/","name":"Reglamento General de Protecci\u00f3n de Datos (RGPD) - Colt Technology Services","isPartOf":{"@id":"https:\/\/legacy.colt.net\/#website"},"datePublished":"2019-03-07T09:33:57+00:00","dateModified":"2023-04-28T10:36:42+00:00","description":"Reglamento General de Protecci\u00f3n de Datos (RGPD), derechos para empleados, exempleados y candidatos.","breadcrumb":{"@id":"https:\/\/legacy.colt.net\/es\/legal\/gdpr\/#breadcrumb"},"inLanguage":"es-ES","potentialAction":[{"@type":"ReadAction","target":["https:\/\/legacy.colt.net\/es\/legal\/gdpr\/"]}]},{"@type":"BreadcrumbList","@id":"https:\/\/legacy.colt.net\/es\/legal\/gdpr\/#breadcrumb","itemListElement":[{"@type":"ListItem","position":1,"name":"Home","item":"https:\/\/legacy.colt.net\/es\/"},{"@type":"ListItem","position":2,"name":"Legal","item":"https:\/\/legacy.colt.net\/es\/legal\/"},{"@type":"ListItem","position":3,"name":"Reglamento General de Protecci\u00f3n de Datos (RGPD)"}]},{"@type":"WebSite","@id":"https:\/\/legacy.colt.net\/#website","url":"https:\/\/legacy.colt.net\/","name":"Colt\u30c6\u30af\u30ce\u30ed\u30b8\u30fc\u30b5\u30fc\u30d3\u30b9\u682a\u5f0f\u4f1a\u793e","description":"Managed Network &amp; Voice Services Provider","publisher":{"@id":"https:\/\/legacy.colt.net\/#organization"},"potentialAction":[{"@type":"SearchAction","target":{"@type":"EntryPoint","urlTemplate":"https:\/\/legacy.colt.net\/?s={search_term_string}"},"query-input":{"@type":"PropertyValueSpecification","valueRequired":true,"valueName":"search_term_string"}}],"inLanguage":"es-ES"},{"@type":"Organization","@id":"https:\/\/legacy.colt.net\/#organization","name":"Colt Technology Services","url":"https:\/\/legacy.colt.net\/","logo":{"@type":"ImageObject","inLanguage":"es-ES","@id":"https:\/\/legacy.colt.net\/#\/schema\/logo\/image\/","url":"https:\/\/legacy.colt.net\/wp-content\/uploads\/2019\/02\/Colt-Logo.png","contentUrl":"https:\/\/legacy.colt.net\/wp-content\/uploads\/2019\/02\/Colt-Logo.png","width":195,"height":77,"caption":"Colt Technology Services"},"image":{"@id":"https:\/\/legacy.colt.net\/#\/schema\/logo\/image\/"},"sameAs":["https:\/\/www.facebook.com\/ColtTechnologyServices\/","https:\/\/x.com\/colt_technology","https:\/\/www.instagram.com\/colttechnologyservices\/","https:\/\/www.linkedin.com\/company\/colt-technology-services","https:\/\/www.youtube.com\/user\/ColtTechnology"]}]}},"_links":{"self":[{"href":"https:\/\/legacy.colt.net\/es\/wp-json\/wp\/v2\/pages\/34981","targetHints":{"allow":["GET"]}}],"collection":[{"href":"https:\/\/legacy.colt.net\/es\/wp-json\/wp\/v2\/pages"}],"about":[{"href":"https:\/\/legacy.colt.net\/es\/wp-json\/wp\/v2\/types\/page"}],"author":[{"embeddable":true,"href":"https:\/\/legacy.colt.net\/es\/wp-json\/wp\/v2\/users\/143"}],"replies":[{"embeddable":true,"href":"https:\/\/legacy.colt.net\/es\/wp-json\/wp\/v2\/comments?post=34981"}],"version-history":[{"count":0,"href":"https:\/\/legacy.colt.net\/es\/wp-json\/wp\/v2\/pages\/34981\/revisions"}],"up":[{"embeddable":true,"href":"https:\/\/legacy.colt.net\/es\/wp-json\/wp\/v2\/pages\/34447"}],"wp:attachment":[{"href":"https:\/\/legacy.colt.net\/es\/wp-json\/wp\/v2\/media?parent=34981"}],"wp:term":[{"taxonomy":"colt_type","embeddable":true,"href":"https:\/\/legacy.colt.net\/es\/wp-json\/wp\/v2\/colt_type?post=34981"},{"taxonomy":"colt_products","embeddable":true,"href":"https:\/\/legacy.colt.net\/es\/wp-json\/wp\/v2\/colt_products?post=34981"}],"curies":[{"name":"wp","href":"https:\/\/api.w.org\/{rel}","templated":true}]}}