{"id":34926,"date":"2018-11-01T08:48:15","date_gmt":"2018-11-01T08:48:15","guid":{"rendered":"https:\/\/www.colt.net\/leadership\/keri-gilder\/"},"modified":"2023-02-17T14:40:28","modified_gmt":"2023-02-17T14:40:28","slug":"keri-gilder","status":"publish","type":"page","link":"https:\/\/legacy.colt.net\/es\/about\/leadership\/keri-gilder\/","title":{"rendered":"Keri Gilder"},"content":{"rendered":"\n\n\t<nav class=\"breadcrumb\"><span><span><a href=\"https:\/\/legacy.colt.net\/es\/\">Home<\/a><\/span><\/span><\/nav>\n\t<p>Keri Gilder es la directora general (CEO) de Colt.<\/p>\n<p>Designada para el cargo en mayo de 2020, Keri es responsable de ejecutar la estrategia de Colt, que se centra en poner el poder del universo digital en manos de sus clientes, donde, cuando y como lo necesiten.<\/p>\n<p>Antes de convertirse en CEO, Keri fue directora comercial (CCO) de Colt, liderando equipos globales en ventas, preventa y marketing, as\u00ed como trabajando mano a mano con el resto de la organizaci\u00f3n para asegurar que Colt cumpliera con sus clientes.<\/p>\n<p>Antes de incorporarse a Colt, Keri ocup\u00f3 varios puestos de liderazgo en Ciena, pero recientemente fue su vicepresidenta y directora general para EMEA, responsable de guiar a los proveedores de servicios y clientes empresariales de Ciena en EMEA, as\u00ed como a sus socios.<\/p>\n<p>Keri es una apasionada de la inclusi\u00f3n y la diversidad para garantizar que Colt sea una empresa en la que todos sientan que pueden aportar su verdadero yo al trabajo. Adem\u00e1s, Keri lleva esta pasi\u00f3n a la industria en general como presidenta del consejo de diversidad e inclusi\u00f3n del TM Forum y presidenta de la red global de mujeres de telecomunicaciones.<\/p>\n<p>Antes de trabajar en Ciena, Keri ocup\u00f3 varios puestos en Lucent Technologies y tambi\u00e9n trabaj\u00f3 en Hughes Aircraft como ingeniera de redes.<\/p>\n<p>Keri es licenciada en administraci\u00f3n de empresas con especializaci\u00f3n en sistemas de informaci\u00f3n de gesti\u00f3n (MIS) por la Universidad Estatal de Nuevo M\u00e9xico.<\/p>\n<p>Keri vive en Londres con su marido y sus dos hijos y trabaja en la oficina central de Colt en Londres.<\/p>\n\t\t\t\t<img loading=\"lazy\" decoding=\"async\" src=\"https:\/\/legacy.colt.net\/wp-content\/uploads\/2020\/05\/Keri-Gilder-2020-JA.jpg\" alt=\"\u30b1\u30ea\u30fc\u30fb\u30ae\u30eb\u30c0\u30fc\" itemprop=\"image\" height=\"450\" width=\"720\" title=\"Keri-Gilder-2020-JA\" onerror=\"this.style.display='none'\"  \/>\n<h3>\n\t\tKeri Gilder\n\t<\/h3>\n<h4>\n\t\tChief Executive Officer\n\t<\/h4>\n\n","protected":false},"excerpt":{"rendered":"<p>Keri Gilder joined Colt in November 2018 and forms part of the Executive Leadership Team, reporting directly to Carl Grivner. Keri is instrumental in driving Colt\u2019s commercial strategy, leading global teams across sales, presales and marketing<\/p>\n","protected":false},"author":2,"featured_media":32262,"parent":34472,"menu_order":0,"comment_status":"closed","ping_status":"closed","template":"","meta":{"_acf_changed":false,"footnotes":""},"colt_type":[],"colt_products":[],"class_list":["post-34926","page","type-page","status-publish","has-post-thumbnail","hentry"],"acf":[],"yoast_head":"<!-- This site is optimized with the Yoast SEO plugin v26.8 - https:\/\/yoast.com\/product\/yoast-seo-wordpress\/ -->\n<title>Keri Gilder - Colt Technology Services<\/title>\n<meta name=\"description\" content=\"Keri Gilder se incorpor\u00f3 a Colt en noviembre de 2018 y forma parte del equipo de liderazgo ejecutivo, donde depende directamente de Carl Grivner...\" \/>\n<meta name=\"robots\" content=\"noindex, follow, max-snippet:-1, max-image-preview:large, max-video-preview:-1\" \/>\n<meta property=\"og:locale\" content=\"es_ES\" \/>\n<meta property=\"og:type\" content=\"article\" \/>\n<meta property=\"og:title\" content=\"Keri Gilder - Colt Technology Services\" \/>\n<meta property=\"og:description\" content=\"Keri Gilder se incorpor\u00f3 a Colt en noviembre de 2018 y forma parte del equipo de liderazgo ejecutivo, donde depende directamente de Carl Grivner...\" \/>\n<meta property=\"og:url\" content=\"https:\/\/legacy.colt.net\/es\/about\/leadership\/keri-gilder\/\" \/>\n<meta property=\"og:site_name\" content=\"Colt Technology Services\" \/>\n<meta property=\"article:publisher\" content=\"https:\/\/www.facebook.com\/ColtTechnologyServices\/\" \/>\n<meta property=\"article:modified_time\" content=\"2023-02-17T14:40:28+00:00\" \/>\n<meta property=\"og:image\" content=\"https:\/\/legacy.colt.net\/wp-content\/uploads\/2019\/02\/Keri-Gilder-440x600.jpg\" \/>\n\t<meta property=\"og:image:width\" content=\"440\" \/>\n\t<meta property=\"og:image:height\" content=\"600\" \/>\n\t<meta property=\"og:image:type\" content=\"image\/jpeg\" \/>\n<meta name=\"twitter:card\" content=\"summary_large_image\" \/>\n<meta name=\"twitter:image\" content=\"https:\/\/legacy.colt.net\/wp-content\/uploads\/2019\/02\/Keri-Gilder-440x600.jpg\" \/>\n<meta name=\"twitter:site\" content=\"@colt_technology\" \/>\n<meta name=\"twitter:label1\" content=\"Est. reading time\" \/>\n\t<meta name=\"twitter:data1\" content=\"1 minute\" \/>\n<script type=\"application\/ld+json\" class=\"yoast-schema-graph\">{\"@context\":\"https:\/\/schema.org\",\"@graph\":[{\"@type\":\"WebPage\",\"@id\":\"https:\/\/legacy.colt.net\/es\/about\/leadership\/keri-gilder\/\",\"url\":\"https:\/\/legacy.colt.net\/es\/about\/leadership\/keri-gilder\/\",\"name\":\"Keri Gilder - Colt Technology Services\",\"isPartOf\":{\"@id\":\"https:\/\/legacy.colt.net\/#website\"},\"primaryImageOfPage\":{\"@id\":\"https:\/\/legacy.colt.net\/es\/about\/leadership\/keri-gilder\/#primaryimage\"},\"image\":{\"@id\":\"https:\/\/legacy.colt.net\/es\/about\/leadership\/keri-gilder\/#primaryimage\"},\"thumbnailUrl\":\"https:\/\/legacy.colt.net\/wp-content\/uploads\/2019\/02\/Keri-Gilder-440x600.jpg\",\"datePublished\":\"2018-11-01T08:48:15+00:00\",\"dateModified\":\"2023-02-17T14:40:28+00:00\",\"description\":\"Keri Gilder se incorpor\u00f3 a Colt en noviembre de 2018 y forma parte del equipo de liderazgo ejecutivo, donde depende directamente de Carl Grivner...\",\"breadcrumb\":{\"@id\":\"https:\/\/legacy.colt.net\/es\/about\/leadership\/keri-gilder\/#breadcrumb\"},\"inLanguage\":\"es-ES\",\"potentialAction\":[{\"@type\":\"ReadAction\",\"target\":[\"https:\/\/legacy.colt.net\/es\/about\/leadership\/keri-gilder\/\"]}]},{\"@type\":\"ImageObject\",\"inLanguage\":\"es-ES\",\"@id\":\"https:\/\/legacy.colt.net\/es\/about\/leadership\/keri-gilder\/#primaryimage\",\"url\":\"https:\/\/legacy.colt.net\/wp-content\/uploads\/2019\/02\/Keri-Gilder-440x600.jpg\",\"contentUrl\":\"https:\/\/legacy.colt.net\/wp-content\/uploads\/2019\/02\/Keri-Gilder-440x600.jpg\",\"width\":440,\"height\":600},{\"@type\":\"BreadcrumbList\",\"@id\":\"https:\/\/legacy.colt.net\/es\/about\/leadership\/keri-gilder\/#breadcrumb\",\"itemListElement\":[{\"@type\":\"ListItem\",\"position\":1,\"name\":\"Home\",\"item\":\"https:\/\/legacy.colt.net\/es\/\"},{\"@type\":\"ListItem\",\"position\":2,\"name\":\"Acerca de Colt\",\"item\":\"https:\/\/legacy.colt.net\/es\/about\/\"},{\"@type\":\"ListItem\",\"position\":3,\"name\":\"Liderazgo\",\"item\":\"https:\/\/legacy.colt.net\/es\/about\/leadership\/\"},{\"@type\":\"ListItem\",\"position\":4,\"name\":\"Keri Gilder\"}]},{\"@type\":\"WebSite\",\"@id\":\"https:\/\/legacy.colt.net\/#website\",\"url\":\"https:\/\/legacy.colt.net\/\",\"name\":\"Colt\u30c6\u30af\u30ce\u30ed\u30b8\u30fc\u30b5\u30fc\u30d3\u30b9\u682a\u5f0f\u4f1a\u793e\",\"description\":\"Managed Network &amp; Voice Services Provider\",\"publisher\":{\"@id\":\"https:\/\/legacy.colt.net\/#organization\"},\"potentialAction\":[{\"@type\":\"SearchAction\",\"target\":{\"@type\":\"EntryPoint\",\"urlTemplate\":\"https:\/\/legacy.colt.net\/?s={search_term_string}\"},\"query-input\":{\"@type\":\"PropertyValueSpecification\",\"valueRequired\":true,\"valueName\":\"search_term_string\"}}],\"inLanguage\":\"es-ES\"},{\"@type\":\"Organization\",\"@id\":\"https:\/\/legacy.colt.net\/#organization\",\"name\":\"Colt Technology Services\",\"url\":\"https:\/\/legacy.colt.net\/\",\"logo\":{\"@type\":\"ImageObject\",\"inLanguage\":\"es-ES\",\"@id\":\"https:\/\/legacy.colt.net\/#\/schema\/logo\/image\/\",\"url\":\"https:\/\/legacy.colt.net\/wp-content\/uploads\/2019\/02\/Colt-Logo.png\",\"contentUrl\":\"https:\/\/legacy.colt.net\/wp-content\/uploads\/2019\/02\/Colt-Logo.png\",\"width\":195,\"height\":77,\"caption\":\"Colt Technology Services\"},\"image\":{\"@id\":\"https:\/\/legacy.colt.net\/#\/schema\/logo\/image\/\"},\"sameAs\":[\"https:\/\/www.facebook.com\/ColtTechnologyServices\/\",\"https:\/\/x.com\/colt_technology\",\"https:\/\/www.instagram.com\/colttechnologyservices\/\",\"https:\/\/www.linkedin.com\/company\/colt-technology-services\",\"https:\/\/www.youtube.com\/user\/ColtTechnology\"]}]}<\/script>\n<!-- \/ Yoast SEO plugin. -->","yoast_head_json":{"title":"Keri Gilder - Colt Technology Services","description":"Keri Gilder se incorpor\u00f3 a Colt en noviembre de 2018 y forma parte del equipo de liderazgo ejecutivo, donde depende directamente de Carl Grivner...","robots":{"index":"noindex","follow":"follow","max-snippet":"max-snippet:-1","max-image-preview":"max-image-preview:large","max-video-preview":"max-video-preview:-1"},"og_locale":"es_ES","og_type":"article","og_title":"Keri Gilder - Colt Technology Services","og_description":"Keri Gilder se incorpor\u00f3 a Colt en noviembre de 2018 y forma parte del equipo de liderazgo ejecutivo, donde depende directamente de Carl Grivner...","og_url":"https:\/\/legacy.colt.net\/es\/about\/leadership\/keri-gilder\/","og_site_name":"Colt Technology Services","article_publisher":"https:\/\/www.facebook.com\/ColtTechnologyServices\/","article_modified_time":"2023-02-17T14:40:28+00:00","og_image":[{"width":440,"height":600,"url":"https:\/\/legacy.colt.net\/wp-content\/uploads\/2019\/02\/Keri-Gilder-440x600.jpg","type":"image\/jpeg"}],"twitter_card":"summary_large_image","twitter_image":"https:\/\/legacy.colt.net\/wp-content\/uploads\/2019\/02\/Keri-Gilder-440x600.jpg","twitter_site":"@colt_technology","twitter_misc":{"Est. reading time":"1 minute"},"schema":{"@context":"https:\/\/schema.org","@graph":[{"@type":"WebPage","@id":"https:\/\/legacy.colt.net\/es\/about\/leadership\/keri-gilder\/","url":"https:\/\/legacy.colt.net\/es\/about\/leadership\/keri-gilder\/","name":"Keri Gilder - Colt Technology Services","isPartOf":{"@id":"https:\/\/legacy.colt.net\/#website"},"primaryImageOfPage":{"@id":"https:\/\/legacy.colt.net\/es\/about\/leadership\/keri-gilder\/#primaryimage"},"image":{"@id":"https:\/\/legacy.colt.net\/es\/about\/leadership\/keri-gilder\/#primaryimage"},"thumbnailUrl":"https:\/\/legacy.colt.net\/wp-content\/uploads\/2019\/02\/Keri-Gilder-440x600.jpg","datePublished":"2018-11-01T08:48:15+00:00","dateModified":"2023-02-17T14:40:28+00:00","description":"Keri Gilder se incorpor\u00f3 a Colt en noviembre de 2018 y forma parte del equipo de liderazgo ejecutivo, donde depende directamente de Carl Grivner...","breadcrumb":{"@id":"https:\/\/legacy.colt.net\/es\/about\/leadership\/keri-gilder\/#breadcrumb"},"inLanguage":"es-ES","potentialAction":[{"@type":"ReadAction","target":["https:\/\/legacy.colt.net\/es\/about\/leadership\/keri-gilder\/"]}]},{"@type":"ImageObject","inLanguage":"es-ES","@id":"https:\/\/legacy.colt.net\/es\/about\/leadership\/keri-gilder\/#primaryimage","url":"https:\/\/legacy.colt.net\/wp-content\/uploads\/2019\/02\/Keri-Gilder-440x600.jpg","contentUrl":"https:\/\/legacy.colt.net\/wp-content\/uploads\/2019\/02\/Keri-Gilder-440x600.jpg","width":440,"height":600},{"@type":"BreadcrumbList","@id":"https:\/\/legacy.colt.net\/es\/about\/leadership\/keri-gilder\/#breadcrumb","itemListElement":[{"@type":"ListItem","position":1,"name":"Home","item":"https:\/\/legacy.colt.net\/es\/"},{"@type":"ListItem","position":2,"name":"Acerca de Colt","item":"https:\/\/legacy.colt.net\/es\/about\/"},{"@type":"ListItem","position":3,"name":"Liderazgo","item":"https:\/\/legacy.colt.net\/es\/about\/leadership\/"},{"@type":"ListItem","position":4,"name":"Keri Gilder"}]},{"@type":"WebSite","@id":"https:\/\/legacy.colt.net\/#website","url":"https:\/\/legacy.colt.net\/","name":"Colt\u30c6\u30af\u30ce\u30ed\u30b8\u30fc\u30b5\u30fc\u30d3\u30b9\u682a\u5f0f\u4f1a\u793e","description":"Managed Network &amp; Voice Services Provider","publisher":{"@id":"https:\/\/legacy.colt.net\/#organization"},"potentialAction":[{"@type":"SearchAction","target":{"@type":"EntryPoint","urlTemplate":"https:\/\/legacy.colt.net\/?s={search_term_string}"},"query-input":{"@type":"PropertyValueSpecification","valueRequired":true,"valueName":"search_term_string"}}],"inLanguage":"es-ES"},{"@type":"Organization","@id":"https:\/\/legacy.colt.net\/#organization","name":"Colt Technology Services","url":"https:\/\/legacy.colt.net\/","logo":{"@type":"ImageObject","inLanguage":"es-ES","@id":"https:\/\/legacy.colt.net\/#\/schema\/logo\/image\/","url":"https:\/\/legacy.colt.net\/wp-content\/uploads\/2019\/02\/Colt-Logo.png","contentUrl":"https:\/\/legacy.colt.net\/wp-content\/uploads\/2019\/02\/Colt-Logo.png","width":195,"height":77,"caption":"Colt Technology Services"},"image":{"@id":"https:\/\/legacy.colt.net\/#\/schema\/logo\/image\/"},"sameAs":["https:\/\/www.facebook.com\/ColtTechnologyServices\/","https:\/\/x.com\/colt_technology","https:\/\/www.instagram.com\/colttechnologyservices\/","https:\/\/www.linkedin.com\/company\/colt-technology-services","https:\/\/www.youtube.com\/user\/ColtTechnology"]}]}},"_links":{"self":[{"href":"https:\/\/legacy.colt.net\/es\/wp-json\/wp\/v2\/pages\/34926","targetHints":{"allow":["GET"]}}],"collection":[{"href":"https:\/\/legacy.colt.net\/es\/wp-json\/wp\/v2\/pages"}],"about":[{"href":"https:\/\/legacy.colt.net\/es\/wp-json\/wp\/v2\/types\/page"}],"author":[{"embeddable":true,"href":"https:\/\/legacy.colt.net\/es\/wp-json\/wp\/v2\/users\/2"}],"replies":[{"embeddable":true,"href":"https:\/\/legacy.colt.net\/es\/wp-json\/wp\/v2\/comments?post=34926"}],"version-history":[{"count":0,"href":"https:\/\/legacy.colt.net\/es\/wp-json\/wp\/v2\/pages\/34926\/revisions"}],"up":[{"embeddable":true,"href":"https:\/\/legacy.colt.net\/es\/wp-json\/wp\/v2\/pages\/34472"}],"wp:featuredmedia":[{"embeddable":true,"href":"https:\/\/legacy.colt.net\/es\/wp-json\/wp\/v2\/media\/32262"}],"wp:attachment":[{"href":"https:\/\/legacy.colt.net\/es\/wp-json\/wp\/v2\/media?parent=34926"}],"wp:term":[{"taxonomy":"colt_type","embeddable":true,"href":"https:\/\/legacy.colt.net\/es\/wp-json\/wp\/v2\/colt_type?post=34926"},{"taxonomy":"colt_products","embeddable":true,"href":"https:\/\/legacy.colt.net\/es\/wp-json\/wp\/v2\/colt_products?post=34926"}],"curies":[{"name":"wp","href":"https:\/\/api.w.org\/{rel}","templated":true}]}}