{"id":34793,"date":"2019-03-06T14:50:37","date_gmt":"2019-03-06T14:50:37","guid":{"rendered":"https:\/\/www.colt.net\/terms-and-conditions\/colt-website-terms-and-conditions\/"},"modified":"2019-12-04T12:07:09","modified_gmt":"2019-12-04T12:07:09","slug":"colt-website-terms-and-conditions","status":"publish","type":"page","link":"https:\/\/legacy.colt.net\/es\/legal\/terms-and-conditions\/colt-website-terms-and-conditions\/","title":{"rendered":"Condiciones del sitio web de Colt"},"content":{"rendered":"<h1>\n\t<\/h1>\n<h3>\n\t<\/h3>\n\t<nav class=\"breadcrumb\"><span><span><a href=\"https:\/\/legacy.colt.net\/es\/\">Home<\/a><\/span><\/span><\/nav>\n\t<ol>\n<li>Las p\u00e1ginas Web de Colt (las \u201cp\u00e1ginas web\u201d) las gestiona Colt Technology Services Group Limited (inscrita con el n\u00famero 03232904), cuyo domicilio social es Colt House, 20 Great Eastern Street, Londres EC2A 3EH (\u201cColt\u201d, \u201cnosotros\u201d, \u201cnuestro\u201d)<\/li>\n<li>Las siguientes condiciones afectan a su utilizaci\u00f3n de nuestras p\u00e1ginas web. Puede haber otras condiciones aplicables a los servicios prestados a trav\u00e9s de nuestras p\u00e1ginas web, por lo que usted deber\u00e1 comprobar\u00a0 qu\u00e9 condiciones espec\u00edficas son aplicables a los servicios que utilice.<\/li>\n<li>\u00a0Podemos cancelar, modificar o suspender en cualquier momento parte de nuestras p\u00e1ginas web, incluyendo contenido, caracter\u00edsticas y horario de disponibilidad o las presentes condiciones. El uso\u00a0 de nuestras p\u00e1ginas web despu\u00e9s de que hayamos efectuado dichos cambios, indicar\u00e1 que presta usted su consentimiento a los mismos.<\/li>\n<li>Los derechos de propiedad intelectual o industrial\u00a0 del material que hay en nuestras p\u00e1ginas web pertenecen a Colt Technology Services Group Limited, sus filiales o sus otorgantes de licencias. Est\u00e1n reservados todos los derechos, salvo aquellos que se otorguen expresamente.<\/li>\n<li>Colt le otorga licencia para hacer gratuitamente una copia de la informaci\u00f3n aqu\u00ed existente, s\u00f3lo para fines personales o no comerciales. En consecuencia, salvo que se indique expresamente lo contrario, no puede copiarse, representarse o ejecutarse en p\u00fablico, difundirse por radio, televisi\u00f3n o similar ni adaptarse parte alguna de las p\u00e1ginas web sin la autorizaci\u00f3n previa y por escrito de Colt. Queda estrictamente prohibida toda otra utilizaci\u00f3n de los materiales de nuestras p\u00e1ginas web sin nuestra autorizaci\u00f3n previa y por escrito.<\/li>\n<li>Colt, el logotipo de Colt y todas las marcas y productos a los que se hace referencia en las p\u00e1ginas web o se especifican en las mismas, son marcas comerciales de Colt Technology Services Group Limited o sus filiales. No se otorga derecho alguno con respecto a las marcas comerciales anteriores. Si tiene usted alguna duda con respecto a si algo es una marca comercial de Colt Technology Services Group Limited o sus filiales, p\u00f3ngase en contacto con nosotros para que se lo aclaremos.<\/li>\n<li>Aunque Colt ha hecho todo lo posible para asegurarse de que la informaci\u00f3n que aparece en sus p\u00e1ginas web sea correcta y est\u00e9 al d\u00eda, debe usted tener en cuenta que en un momento dado parte de la informaci\u00f3n puede estar incompleta o puede haberse quedado anticuada. Colt no garantiza ni hace manifestaci\u00f3n alguna con respecto a la calidad o exactitud\u00a0 del contenido de las p\u00e1ginas web ni con respecto a que dicho contenido sea completo. Adem\u00e1s no se garantiza que nuestras p\u00e1ginas web est\u00e9n disponibles ininterrumpidamente y no se asume responsabilidad alguna con respecto a da\u00f1os y perjuicios derivados de dicha falta de disponibilidad.<\/li>\n<li>Sujeto a lo que indica en la siguiente cl\u00e1usula, Colt excluye toda responsabilidad por da\u00f1os y perjuicios que puedan sufrir usted o un tercero \u2013 incluyendo, sin limitaciones, toda p\u00e9rdida de ingresos, beneficios, fondo de comercio, datos, contratos o utilizaci\u00f3n de dinero, sea culposa (incluyendo, sin limitaciones, la negligencia), contractual u otra cosa \u2013 en relaci\u00f3n con la utilizaci\u00f3n, imposibilidad de utilizaci\u00f3n o los resultados de la utilizaci\u00f3n o no utilizaci\u00f3n de las p\u00e1ginas web.<\/li>\n<li>Nada de lo expresado en las presentes condiciones o en las p\u00e1ginas web limitar\u00e1 nuestra responsabilidad en relaci\u00f3n con fallecimientos o lesiones derivados de nuestra negligencia, ni ninguna otra responsabilidad que la legislaci\u00f3n aplicable no permita excluir ni limitar.<\/li>\n<li>La utilizaci\u00f3n de p\u00e1ginas web de terceros es enteramente por cuenta y riesgo de usted. Los enlaces que hay en nuestras p\u00e1ginas web llevan a otras p\u00e1ginas web que no est\u00e1n bajo nuestro control y no asumimos responsabilidad alguna por el contenido de los sitios a los que llevan esos enlaces ni por los enlaces que hay en los sitios a los que llevan nuestros enlaces, ni recomendamos eso sitios y enlaces. En consecuencia deber\u00eda usted leer las condiciones de esas p\u00e1ginas web y hacer las preguntas o comentarios que tenga sobre el contenido de las p\u00e1ginas web a las que lleven nuestros enlaces a quien proporcione las p\u00e1ginas web en cuesti\u00f3n.<\/li>\n<li>Usted no tiene derecho a (ni ayudar\u00e1 a otros a hacerlo) establecer enlaces en sus propias p\u00e1ginas web que lleven a las nuestras (sean enlaces de hipertexto, enlaces profundos, marcos, conmutadores u otras cosas) sin nuestro consentimiento previo y por escrito, que podemos otorgarle o denegarle seg\u00fan mejor nos parezca,<\/li>\n<li>Tenemos el compromiso de proteger su privacidad conforme a nuestra declaraci\u00f3n sobre privacidad. Nuestra declaraci\u00f3n sobre privacidad debe leerse junto con las presentes condiciones y es parte integral de las presentes condiciones.<\/li>\n<li>Si transmite materiales difamatorios a las p\u00e1ginas web, ello puede tener como resultado que se inicien actuaciones penales y\/o civiles contra usted y deber\u00e1 comprometerse en todo momento a compensar a Colt por las p\u00e9rdidas, gastos, da\u00f1os y perjuicios, costes (incluyendo los costes legales) que sufra Colt o en los que incurra con relaci\u00f3n a ello.<\/li>\n<li>Nada de lo expresado en estas condiciones otorga a terceros beneficio alguno en relaci\u00f3n con lo dispuesto en la Contracts (Rights of Third Parties) Act [Ley de contratos (derechos de terceros)] de 1999, Reino Unido o en otras leyes equivalentes, de aplicaci\u00f3n local. Esto no afecta a ning\u00fan derecho o recurso al que tenga derecho y que exista o est\u00e9 disponible de una forma que no sea a trav\u00e9s de la Ley o de otras leyes equivalentes, de aplicaci\u00f3n local.<\/li>\n<li>Si alguna parte de las presentes condiciones resulta ser nula o no se puede hacer valer, se separar\u00e1 del resto de las condiciones, que no se ver\u00e1 afectado por ello.<\/li>\n<li>Se le concede acceso a las p\u00e1ginas web con la condici\u00f3n de que acepte usted todo lo anterior y la aplicaci\u00f3n del derecho ingl\u00e9s y la competencia exclusiva de los juzgados ingleses para todos los asuntos relacionados con las p\u00e1ginas web, sujeto a las disposiciones obligatorias del derecho aplicable. Usted acuerda eximir y no considerar responsable a Colt por los resultados\u00a0 (previsibles o no) de sus\u00a0 actos u omisiones basados en los materiales aqu\u00ed contenidos.<\/li>\n<\/ol>\n<hr \/>\n<p><sup>1 Colt Technology Services S.A.U. (con C.I.F. n\u00famero A-81626905, y domicilio social en C\/ Tel\u00e9maco n\u00ba 5, 28027 Madrid) es una sociedad que cuenta con las condiciones exigidas y ha notificado a la Comisi\u00f3n del Mercado de las Telecomunicaciones (CMT) sus actividades en este sector. La CMT, as\u00ed como la Secretar\u00eda de Estado de Telecomunicaciones del Ministerio de Industria, Comercio y Turismo, son las autoridades p\u00fablicas encargadas de supervisar la actividad de Colt en el sector de las telecomunicaciones<\/sup><\/p>\n<p><sup>En este sitio web se hallan disponibles contenidos relativos a servicios para los Clientes de Colt o para el p\u00fablico en general. Para la prestaci\u00f3n de los mismos Colt posee las siguientes autorizaciones, entre otras:<\/sup><\/p>\n<sup>Licencia Individual Tipo B1 Servicio telef\u00f3nico fijo con Red Propia 03-12-1998;<br \/>\nLicencia Individual Tipo B1 Servicio telef\u00f3nico fijo con Red Propia 14-01-1999;<br \/>\nAutorizaci\u00f3n General Tipo C Proveedor de Acceso a Internet 03-06-1999<br \/>\nAutorizaci\u00f3n General Tipo C Interconexi\u00f3n de redes de \u00e1rea local 29-07-1999<br \/>\nAutorizaci\u00f3n General Tipo C1 Red Fija 01-06-2000<br \/>\nLicencia Individual Tipo B1 Servicio telef\u00f3nico fijo con Red Propia 05-07-2001<br \/>\nLicencia Individual Tipo A1 Servicio telef\u00f3nico sin Red Propia 23-05-2002<\/sup>\n","protected":false},"excerpt":{"rendered":"<p>Las p\u00e1ginas Web de Colt (las \u201cp\u00e1ginas web\u201d) las gestiona Colt Technology Services Group Limited (inscrita con el n\u00famero 03232904), cuyo domicilio social es Colt House, 20 Great Eastern Street, Londres EC2A 3EH (\u201cColt\u201d, \u201cnosotros\u201d, \u201cnuestro\u201d) Las siguientes condiciones afectan a su utilizaci\u00f3n de nuestras p\u00e1ginas web. Puede haber otras condiciones aplicables a los servicios&#8230;<\/p>\n","protected":false},"author":143,"featured_media":0,"parent":34182,"menu_order":0,"comment_status":"closed","ping_status":"closed","template":"","meta":{"_acf_changed":false,"footnotes":""},"colt_type":[],"colt_products":[],"class_list":["post-34793","page","type-page","status-publish","hentry"],"acf":[],"yoast_head":"<!-- This site is optimized with the Yoast SEO plugin v26.8 - https:\/\/yoast.com\/product\/yoast-seo-wordpress\/ -->\n<title>Condiciones del sitio web de Colt - Colt Technology Services | ES<\/title>\n<meta name=\"description\" content=\"Condiciones del sitio web de Colt Colt Technology Services\" \/>\n<meta name=\"robots\" content=\"noindex, follow, max-snippet:-1, max-image-preview:large, max-video-preview:-1\" \/>\n<meta property=\"og:locale\" content=\"es_ES\" \/>\n<meta property=\"og:type\" content=\"article\" \/>\n<meta property=\"og:title\" content=\"Condiciones del sitio web de Colt - Colt Technology Services | ES\" \/>\n<meta property=\"og:description\" content=\"Condiciones del sitio web de Colt Colt Technology Services\" \/>\n<meta property=\"og:url\" content=\"https:\/\/legacy.colt.net\/es\/legal\/terms-and-conditions\/colt-website-terms-and-conditions\/\" \/>\n<meta property=\"og:site_name\" content=\"Colt Technology Services\" \/>\n<meta property=\"article:publisher\" content=\"https:\/\/www.facebook.com\/ColtTechnologyServices\/\" \/>\n<meta property=\"article:modified_time\" content=\"2019-12-04T12:07:09+00:00\" \/>\n<meta property=\"og:image\" content=\"https:\/\/legacy.colt.net\/wp-content\/uploads\/2021\/01\/Brand-2021-Stock-18.jpg\" \/>\n\t<meta property=\"og:image:width\" content=\"1000\" \/>\n\t<meta property=\"og:image:height\" content=\"750\" \/>\n\t<meta property=\"og:image:type\" content=\"image\/jpeg\" \/>\n<meta name=\"twitter:card\" content=\"summary_large_image\" \/>\n<meta name=\"twitter:site\" content=\"@colt_technology\" \/>\n<meta name=\"twitter:label1\" content=\"Est. reading time\" \/>\n\t<meta name=\"twitter:data1\" content=\"6 minutes\" \/>\n<script type=\"application\/ld+json\" class=\"yoast-schema-graph\">{\"@context\":\"https:\/\/schema.org\",\"@graph\":[{\"@type\":\"WebPage\",\"@id\":\"https:\/\/legacy.colt.net\/es\/legal\/terms-and-conditions\/colt-website-terms-and-conditions\/\",\"url\":\"https:\/\/legacy.colt.net\/es\/legal\/terms-and-conditions\/colt-website-terms-and-conditions\/\",\"name\":\"Condiciones del sitio web de Colt - Colt Technology Services | ES\",\"isPartOf\":{\"@id\":\"https:\/\/legacy.colt.net\/#website\"},\"datePublished\":\"2019-03-06T14:50:37+00:00\",\"dateModified\":\"2019-12-04T12:07:09+00:00\",\"description\":\"Condiciones del sitio web de Colt Colt Technology Services\",\"breadcrumb\":{\"@id\":\"https:\/\/legacy.colt.net\/es\/legal\/terms-and-conditions\/colt-website-terms-and-conditions\/#breadcrumb\"},\"inLanguage\":\"es-ES\",\"potentialAction\":[{\"@type\":\"ReadAction\",\"target\":[\"https:\/\/legacy.colt.net\/es\/legal\/terms-and-conditions\/colt-website-terms-and-conditions\/\"]}]},{\"@type\":\"BreadcrumbList\",\"@id\":\"https:\/\/legacy.colt.net\/es\/legal\/terms-and-conditions\/colt-website-terms-and-conditions\/#breadcrumb\",\"itemListElement\":[{\"@type\":\"ListItem\",\"position\":1,\"name\":\"Home\",\"item\":\"https:\/\/legacy.colt.net\/es\/\"},{\"@type\":\"ListItem\",\"position\":2,\"name\":\"Legal\",\"item\":\"https:\/\/legacy.colt.net\/es\/legal\/\"},{\"@type\":\"ListItem\",\"position\":3,\"name\":\"Condiciones de Uso\",\"item\":\"https:\/\/legacy.colt.net\/es\/legal\/terms-and-conditions\/\"},{\"@type\":\"ListItem\",\"position\":4,\"name\":\"Condiciones del sitio web de Colt\"}]},{\"@type\":\"WebSite\",\"@id\":\"https:\/\/legacy.colt.net\/#website\",\"url\":\"https:\/\/legacy.colt.net\/\",\"name\":\"Colt\u30c6\u30af\u30ce\u30ed\u30b8\u30fc\u30b5\u30fc\u30d3\u30b9\u682a\u5f0f\u4f1a\u793e\",\"description\":\"Managed Network &amp; Voice Services Provider\",\"publisher\":{\"@id\":\"https:\/\/legacy.colt.net\/#organization\"},\"potentialAction\":[{\"@type\":\"SearchAction\",\"target\":{\"@type\":\"EntryPoint\",\"urlTemplate\":\"https:\/\/legacy.colt.net\/?s={search_term_string}\"},\"query-input\":{\"@type\":\"PropertyValueSpecification\",\"valueRequired\":true,\"valueName\":\"search_term_string\"}}],\"inLanguage\":\"es-ES\"},{\"@type\":\"Organization\",\"@id\":\"https:\/\/legacy.colt.net\/#organization\",\"name\":\"Colt Technology Services\",\"url\":\"https:\/\/legacy.colt.net\/\",\"logo\":{\"@type\":\"ImageObject\",\"inLanguage\":\"es-ES\",\"@id\":\"https:\/\/legacy.colt.net\/#\/schema\/logo\/image\/\",\"url\":\"https:\/\/legacy.colt.net\/wp-content\/uploads\/2019\/02\/Colt-Logo.png\",\"contentUrl\":\"https:\/\/legacy.colt.net\/wp-content\/uploads\/2019\/02\/Colt-Logo.png\",\"width\":195,\"height\":77,\"caption\":\"Colt Technology Services\"},\"image\":{\"@id\":\"https:\/\/legacy.colt.net\/#\/schema\/logo\/image\/\"},\"sameAs\":[\"https:\/\/www.facebook.com\/ColtTechnologyServices\/\",\"https:\/\/x.com\/colt_technology\",\"https:\/\/www.instagram.com\/colttechnologyservices\/\",\"https:\/\/www.linkedin.com\/company\/colt-technology-services\",\"https:\/\/www.youtube.com\/user\/ColtTechnology\"]}]}<\/script>\n<!-- \/ Yoast SEO plugin. -->","yoast_head_json":{"title":"Condiciones del sitio web de Colt - Colt Technology Services | ES","description":"Condiciones del sitio web de Colt Colt Technology Services","robots":{"index":"noindex","follow":"follow","max-snippet":"max-snippet:-1","max-image-preview":"max-image-preview:large","max-video-preview":"max-video-preview:-1"},"og_locale":"es_ES","og_type":"article","og_title":"Condiciones del sitio web de Colt - Colt Technology Services | ES","og_description":"Condiciones del sitio web de Colt Colt Technology Services","og_url":"https:\/\/legacy.colt.net\/es\/legal\/terms-and-conditions\/colt-website-terms-and-conditions\/","og_site_name":"Colt Technology Services","article_publisher":"https:\/\/www.facebook.com\/ColtTechnologyServices\/","article_modified_time":"2019-12-04T12:07:09+00:00","og_image":[{"width":1000,"height":750,"url":"https:\/\/legacy.colt.net\/wp-content\/uploads\/2021\/01\/Brand-2021-Stock-18.jpg","type":"image\/jpeg"}],"twitter_card":"summary_large_image","twitter_site":"@colt_technology","twitter_misc":{"Est. reading time":"6 minutes"},"schema":{"@context":"https:\/\/schema.org","@graph":[{"@type":"WebPage","@id":"https:\/\/legacy.colt.net\/es\/legal\/terms-and-conditions\/colt-website-terms-and-conditions\/","url":"https:\/\/legacy.colt.net\/es\/legal\/terms-and-conditions\/colt-website-terms-and-conditions\/","name":"Condiciones del sitio web de Colt - Colt Technology Services | ES","isPartOf":{"@id":"https:\/\/legacy.colt.net\/#website"},"datePublished":"2019-03-06T14:50:37+00:00","dateModified":"2019-12-04T12:07:09+00:00","description":"Condiciones del sitio web de Colt Colt Technology Services","breadcrumb":{"@id":"https:\/\/legacy.colt.net\/es\/legal\/terms-and-conditions\/colt-website-terms-and-conditions\/#breadcrumb"},"inLanguage":"es-ES","potentialAction":[{"@type":"ReadAction","target":["https:\/\/legacy.colt.net\/es\/legal\/terms-and-conditions\/colt-website-terms-and-conditions\/"]}]},{"@type":"BreadcrumbList","@id":"https:\/\/legacy.colt.net\/es\/legal\/terms-and-conditions\/colt-website-terms-and-conditions\/#breadcrumb","itemListElement":[{"@type":"ListItem","position":1,"name":"Home","item":"https:\/\/legacy.colt.net\/es\/"},{"@type":"ListItem","position":2,"name":"Legal","item":"https:\/\/legacy.colt.net\/es\/legal\/"},{"@type":"ListItem","position":3,"name":"Condiciones de Uso","item":"https:\/\/legacy.colt.net\/es\/legal\/terms-and-conditions\/"},{"@type":"ListItem","position":4,"name":"Condiciones del sitio web de Colt"}]},{"@type":"WebSite","@id":"https:\/\/legacy.colt.net\/#website","url":"https:\/\/legacy.colt.net\/","name":"Colt\u30c6\u30af\u30ce\u30ed\u30b8\u30fc\u30b5\u30fc\u30d3\u30b9\u682a\u5f0f\u4f1a\u793e","description":"Managed Network &amp; Voice Services Provider","publisher":{"@id":"https:\/\/legacy.colt.net\/#organization"},"potentialAction":[{"@type":"SearchAction","target":{"@type":"EntryPoint","urlTemplate":"https:\/\/legacy.colt.net\/?s={search_term_string}"},"query-input":{"@type":"PropertyValueSpecification","valueRequired":true,"valueName":"search_term_string"}}],"inLanguage":"es-ES"},{"@type":"Organization","@id":"https:\/\/legacy.colt.net\/#organization","name":"Colt Technology Services","url":"https:\/\/legacy.colt.net\/","logo":{"@type":"ImageObject","inLanguage":"es-ES","@id":"https:\/\/legacy.colt.net\/#\/schema\/logo\/image\/","url":"https:\/\/legacy.colt.net\/wp-content\/uploads\/2019\/02\/Colt-Logo.png","contentUrl":"https:\/\/legacy.colt.net\/wp-content\/uploads\/2019\/02\/Colt-Logo.png","width":195,"height":77,"caption":"Colt Technology Services"},"image":{"@id":"https:\/\/legacy.colt.net\/#\/schema\/logo\/image\/"},"sameAs":["https:\/\/www.facebook.com\/ColtTechnologyServices\/","https:\/\/x.com\/colt_technology","https:\/\/www.instagram.com\/colttechnologyservices\/","https:\/\/www.linkedin.com\/company\/colt-technology-services","https:\/\/www.youtube.com\/user\/ColtTechnology"]}]}},"_links":{"self":[{"href":"https:\/\/legacy.colt.net\/es\/wp-json\/wp\/v2\/pages\/34793","targetHints":{"allow":["GET"]}}],"collection":[{"href":"https:\/\/legacy.colt.net\/es\/wp-json\/wp\/v2\/pages"}],"about":[{"href":"https:\/\/legacy.colt.net\/es\/wp-json\/wp\/v2\/types\/page"}],"author":[{"embeddable":true,"href":"https:\/\/legacy.colt.net\/es\/wp-json\/wp\/v2\/users\/143"}],"replies":[{"embeddable":true,"href":"https:\/\/legacy.colt.net\/es\/wp-json\/wp\/v2\/comments?post=34793"}],"version-history":[{"count":0,"href":"https:\/\/legacy.colt.net\/es\/wp-json\/wp\/v2\/pages\/34793\/revisions"}],"up":[{"embeddable":true,"href":"https:\/\/legacy.colt.net\/es\/wp-json\/wp\/v2\/pages\/34182"}],"wp:attachment":[{"href":"https:\/\/legacy.colt.net\/es\/wp-json\/wp\/v2\/media?parent=34793"}],"wp:term":[{"taxonomy":"colt_type","embeddable":true,"href":"https:\/\/legacy.colt.net\/es\/wp-json\/wp\/v2\/colt_type?post=34793"},{"taxonomy":"colt_products","embeddable":true,"href":"https:\/\/legacy.colt.net\/es\/wp-json\/wp\/v2\/colt_products?post=34793"}],"curies":[{"name":"wp","href":"https:\/\/api.w.org\/{rel}","templated":true}]}}