{"id":34772,"date":"2019-03-06T14:07:14","date_gmt":"2019-03-06T14:07:14","guid":{"rendered":"https:\/\/www.colt.net\/about-colt-technology-services\/"},"modified":"2025-07-15T14:13:52","modified_gmt":"2025-07-15T13:13:52","slug":"about","status":"publish","type":"page","link":"https:\/\/legacy.colt.net\/es\/about\/","title":{"rendered":"Acerca de Colt"},"content":{"rendered":"\n<h2>\n\t\t\tSomos Colt, la compa\u00f1\u00eda global de infraestructuras digitales que ofrece excelentes conexiones. \t<\/h2>\n<h2>\n\t\t\tColt re\u00fane a gente extraordinaria, redes inteligentes y partners afines en todo el mundo para crear soluciones que pongan en tus manos el poder del universo digital.\t<\/h2>\n\t<nav class=\"breadcrumb\"><span><span><a href=\"https:\/\/legacy.colt.net\/es\/\">Home<\/a><\/span><\/span><\/nav>\n<h3>\n\t\t\tAcerca de Colt\t<\/h3>\n\tLa red Colt IQ Network, te proporciona la infraestructura digital que necesitas permitiendo que el negocio de muchas emrpesas siga funcionando. Colt se propone dar servicio a las empresa m\u00e1s punteras del mundo y para ello es fundamental ofrecer una experiencia de cliente inigualable. Ya somos l\u00edderes del sector y apuntamos a\u00fan m\u00e1s alto. As\u00ed es como Colt crea conexiones fabulosas con clientes, partners y empleados en todo el planeta.\n\t\t\t\t<img decoding=\"async\" src=\"https:\/\/legacy.colt.net\/wp-content\/uploads\/2022\/07\/Colt-IQ-network-Logo_Social-2-copy.png\" alt=\"Colt-IQ-network-Logo_Social 2 copy\" itemprop=\"image\" height=\"632\" width=\"559\" title=\"Colt-IQ-network-Logo_Social 2 copy\" onerror=\"this.style.display='none'\" loading='lazy' \/>\n<h3>\n\t\t\t\u00bfQu\u00e9 hace diferente a Colt?\t<\/h3>\n\t\t\t\t<img decoding=\"async\" src=\"https:\/\/legacy.colt.net\/wp-content\/uploads\/2023\/01\/Tech-and-Sustainability-icon-1.png\" alt=\"Tech-and-Sustainability-icon-1\" itemprop=\"image\" height=\"500\" width=\"500\" title=\"Tech-and-Sustainability-icon-1\" onerror=\"this.style.display='none'\" loading='lazy' \/>\n<h2>\n\t\t\tEleva el list\u00f3n de la tecnolog\u00eda y la sostenibilidad\t<\/h2>\n\t\t\t\t<img decoding=\"async\" src=\"https:\/\/legacy.colt.net\/wp-content\/uploads\/2023\/01\/Billiant-People-icon-1.png\" alt=\"Billiant-People-icon-1\" itemprop=\"image\" height=\"500\" width=\"500\" title=\"Billiant-People-icon-1\" onerror=\"this.style.display='none'\" loading='lazy' \/>\n<h2>\n\t\t\tProfesionales brillantes que ofrecen a los clientes el mejor servicio del sector\t<\/h2>\n\t\t\t\t<img decoding=\"async\" src=\"https:\/\/legacy.colt.net\/wp-content\/uploads\/2023\/01\/Partner-icon-1.png\" alt=\"Partner-icon-1\" itemprop=\"image\" height=\"500\" width=\"500\" title=\"Partner-icon-1\" onerror=\"this.style.display='none'\" loading='lazy' \/>\n<h2>\n\t\t\tLa cocreaci\u00f3n como piedra angular, con incre\u00edbles ecosistemas de partners y alianzas\t<\/h2>\n\t\t\t\t<img decoding=\"async\" src=\"https:\/\/legacy.colt.net\/wp-content\/uploads\/2023\/01\/World-Class-Network-icon-1.png\" alt=\"World-Class-Network-icon-1\" itemprop=\"image\" height=\"500\" width=\"500\" title=\"World-Class-Network-icon-1\" onerror=\"this.style.display='none'\" loading='lazy' \/>\n<h2>\n\t\t\tUna red mundial para servir de base a tu evoluci\u00f3n de cara al futuro\t<\/h2>\n\t\t\t\t<img decoding=\"async\" src=\"https:\/\/legacy.colt.net\/wp-content\/uploads\/2023\/01\/Impact-Our-World-icon-1.png\" alt=\"Impact-Our-World-icon-1\" itemprop=\"image\" height=\"500\" width=\"500\" title=\"Impact-Our-World-icon-1\" onerror=\"this.style.display='none'\" loading='lazy' \/>\n<h2>\n\t\t\tImpacto transformacional para nuestros clientes y para el mundo entero\t<\/h2>\n<h3>\n\t\t\tLa filosof\u00eda de Colt\t<\/h3>\n\tTenemos un conjunto com\u00fan de valores en el coraz\u00f3n de c\u00f3mo hacemos negocios. Estos valores identifican no solo lo que hacemos, sino tambi\u00e9n c\u00f3mo lo hacemos. Aqu\u00ed tienes m\u00e1s informaci\u00f3n sobre <a href=\"https:\/\/legacy.colt.net\/es\/about\/values\/\">los valores de Colt<\/a>.\n\t\t\t\t<img decoding=\"async\" src=\"https:\/\/legacy.colt.net\/wp-content\/uploads\/2021\/07\/We-know-people-matter-Icon-landscape.png\" alt=\"We-know-people-matter-Icon-landscape\" itemprop=\"image\" height=\"420\" width=\"600\" title=\"We-know-people-matter-Icon-landscape\" onerror=\"this.style.display='none'\" loading='lazy' \/>\n<h2>\n\t\t\tColt sabe que lo importante son las personas\t<\/h2>\n\t<p>Ya sea un cliente, un socio o un empleado, construimos relaciones basadas en la confianza, la honestidad, el respeto y la integridad.<\/p>\n\t\t\t\t<img decoding=\"async\" src=\"https:\/\/legacy.colt.net\/wp-content\/uploads\/2021\/07\/We-always-find-a-better-way-Icon-landscape.png\" alt=\"We-always-find-a-better-way-Icon-landscape\" itemprop=\"image\" height=\"420\" width=\"600\" title=\"We-always-find-a-better-way-Icon-landscape\" onerror=\"this.style.display='none'\" loading='lazy' \/>\n<h2>\n\t\t\tSiempre hay una mejor forma de hacer las cosas\t<\/h2>\n\t<p>Somos r\u00e1pidos para adaptarnos y asumir la responsabilidad de las promesas que hacemos.<\/p>\n\t\t\t\t<img decoding=\"async\" src=\"https:\/\/legacy.colt.net\/wp-content\/uploads\/2021\/07\/We-win-together-Icon-landscape.png\" alt=\"We-win-together-Icon-landscape\" itemprop=\"image\" height=\"420\" width=\"600\" title=\"We-win-together-Icon-landscape\" onerror=\"this.style.display='none'\" loading='lazy' \/>\n<h2>\n\t\t\tJuntos ganamos\t<\/h2>\n\t<p>Creemos en el poder de muchos y estamos hombro con hombro con clientes, socios y colegas colaborando en ideas, compartiendo riesgos y reconocimiento entre todos.<\/p>\n\t\t\t\t<img decoding=\"async\" src=\"https:\/\/legacy.colt.net\/wp-content\/uploads\/2021\/07\/We-can-change-the-world-Port-Icon-landscape.png\" alt=\"We-can-change-the-world-Port-Icon-landscape\" itemprop=\"image\" height=\"420\" width=\"600\" title=\"We-can-change-the-world-Port-Icon-landscape\" onerror=\"this.style.display='none'\" loading='lazy' \/>\n<h2>\n\t\t\tPodemos cambiar el mundo\t<\/h2>\n\t<p>Queremos hacer del mundo un lugar mejor. Mejor conectados, m\u00e1s sostenibles, m\u00e1s justos para todos. Usamos lo que tenemos (pasi\u00f3n, tecnolog\u00eda y conectividad) para crear el bien.<\/p>\n<h3>\n\t\t\t\u00bfA qu\u00e9 se dedica Colt?\t<\/h3>\n<p>Nuestro cat\u00e1logo de servicios ofrece una experiencia homog\u00e9nea en Europa, Asia y Norteam\u00e9rica sobre una plataforma y una tecnolog\u00eda comunes. Esto permite a las empresas responder a los retos planteados por la digitalizaci\u00f3n, enfoc\u00e1ndose en sus prioridades de negocio y accediendo a mercados nuevos y emergentes. Productos y servicios &gt;&gt;<\/p>\n\t\t\t\t<img decoding=\"async\" src=\"https:\/\/legacy.colt.net\/wp-content\/uploads\/2023\/01\/What-makes-us-different-01.png\" alt=\"What-makes-us-different-01\" itemprop=\"image\" height=\"1280\" width=\"1280\" title=\"What-makes-us-different-01\" onerror=\"this.style.display='none'\" loading='lazy' \/>\n\n","protected":false},"excerpt":{"rendered":"<p>Somos Colt, la compa\u00f1\u00eda global de infraestructuras digitales que ofrece excelentes conexiones. Colt re\u00fane a gente extraordinaria, redes inteligentes y partners afines en todo el mundo para crear soluciones que pongan en tus manos el poder del universo digital. Acerca de Colt La red Colt IQ Network, te proporciona la infraestructura digital que necesitas permitiendo&#8230;<\/p>\n","protected":false},"author":2,"featured_media":0,"parent":0,"menu_order":0,"comment_status":"closed","ping_status":"closed","template":"","meta":{"_acf_changed":false,"footnotes":""},"colt_type":[],"colt_products":[],"class_list":["post-34772","page","type-page","status-publish","hentry"],"acf":[],"yoast_head":"<!-- This site is optimized with the Yoast SEO plugin v26.8 - https:\/\/yoast.com\/product\/yoast-seo-wordpress\/ -->\n<title>Acerca de Colt | Colt Technology Services | ES<\/title>\n<meta name=\"description\" content=\"Acerca de Colt Colt Technology Services\" \/>\n<meta name=\"robots\" content=\"noindex, follow, max-snippet:-1, max-image-preview:large, max-video-preview:-1\" \/>\n<meta property=\"og:locale\" content=\"es_ES\" \/>\n<meta property=\"og:type\" content=\"article\" \/>\n<meta property=\"og:title\" content=\"Acerca de Colt | Colt Technology Services | ES\" \/>\n<meta property=\"og:description\" content=\"Acerca de Colt Colt Technology Services\" \/>\n<meta property=\"og:url\" content=\"https:\/\/legacy.colt.net\/es\/about\/\" \/>\n<meta property=\"og:site_name\" content=\"Colt Technology Services\" \/>\n<meta property=\"article:publisher\" content=\"https:\/\/www.facebook.com\/ColtTechnologyServices\/\" \/>\n<meta property=\"article:modified_time\" content=\"2025-07-15T13:13:52+00:00\" \/>\n<meta property=\"og:image\" content=\"https:\/\/legacy.colt.net\/wp-content\/uploads\/2021\/01\/Brand-2021-Stock-8.jpg\" \/>\n\t<meta property=\"og:image:width\" content=\"1000\" \/>\n\t<meta property=\"og:image:height\" content=\"667\" \/>\n\t<meta property=\"og:image:type\" content=\"image\/jpeg\" \/>\n<meta name=\"twitter:card\" content=\"summary_large_image\" \/>\n<meta name=\"twitter:site\" content=\"@colt_technology\" \/>\n<meta name=\"twitter:label1\" content=\"Est. reading time\" \/>\n\t<meta name=\"twitter:data1\" content=\"2 minutes\" \/>\n<script type=\"application\/ld+json\" class=\"yoast-schema-graph\">{\"@context\":\"https:\/\/schema.org\",\"@graph\":[{\"@type\":\"WebPage\",\"@id\":\"https:\/\/legacy.colt.net\/es\/about\/\",\"url\":\"https:\/\/legacy.colt.net\/es\/about\/\",\"name\":\"Acerca de Colt | Colt Technology Services | ES\",\"isPartOf\":{\"@id\":\"https:\/\/legacy.colt.net\/#website\"},\"primaryImageOfPage\":{\"@id\":\"https:\/\/legacy.colt.net\/es\/about\/#primaryimage\"},\"image\":{\"@id\":\"https:\/\/legacy.colt.net\/es\/about\/#primaryimage\"},\"thumbnailUrl\":\"https:\/\/legacy.colt.net\/wp-content\/uploads\/2022\/07\/Colt-IQ-network-Logo_Social-2-copy.png\",\"datePublished\":\"2019-03-06T14:07:14+00:00\",\"dateModified\":\"2025-07-15T13:13:52+00:00\",\"description\":\"Acerca de Colt Colt Technology Services\",\"breadcrumb\":{\"@id\":\"https:\/\/legacy.colt.net\/es\/about\/#breadcrumb\"},\"inLanguage\":\"es-ES\",\"potentialAction\":[{\"@type\":\"ReadAction\",\"target\":[\"https:\/\/legacy.colt.net\/es\/about\/\"]}]},{\"@type\":\"ImageObject\",\"inLanguage\":\"es-ES\",\"@id\":\"https:\/\/legacy.colt.net\/es\/about\/#primaryimage\",\"url\":\"https:\/\/legacy.colt.net\/wp-content\/uploads\/2022\/07\/Colt-IQ-network-Logo_Social-2-copy.png\",\"contentUrl\":\"https:\/\/legacy.colt.net\/wp-content\/uploads\/2022\/07\/Colt-IQ-network-Logo_Social-2-copy.png\"},{\"@type\":\"BreadcrumbList\",\"@id\":\"https:\/\/legacy.colt.net\/es\/about\/#breadcrumb\",\"itemListElement\":[{\"@type\":\"ListItem\",\"position\":1,\"name\":\"Home\",\"item\":\"https:\/\/legacy.colt.net\/es\/\"},{\"@type\":\"ListItem\",\"position\":2,\"name\":\"Acerca de Colt\"}]},{\"@type\":\"WebSite\",\"@id\":\"https:\/\/legacy.colt.net\/#website\",\"url\":\"https:\/\/legacy.colt.net\/\",\"name\":\"Colt\u30c6\u30af\u30ce\u30ed\u30b8\u30fc\u30b5\u30fc\u30d3\u30b9\u682a\u5f0f\u4f1a\u793e\",\"description\":\"Managed Network &amp; Voice Services Provider\",\"publisher\":{\"@id\":\"https:\/\/legacy.colt.net\/#organization\"},\"potentialAction\":[{\"@type\":\"SearchAction\",\"target\":{\"@type\":\"EntryPoint\",\"urlTemplate\":\"https:\/\/legacy.colt.net\/?s={search_term_string}\"},\"query-input\":{\"@type\":\"PropertyValueSpecification\",\"valueRequired\":true,\"valueName\":\"search_term_string\"}}],\"inLanguage\":\"es-ES\"},{\"@type\":\"Organization\",\"@id\":\"https:\/\/legacy.colt.net\/#organization\",\"name\":\"Colt Technology Services\",\"url\":\"https:\/\/legacy.colt.net\/\",\"logo\":{\"@type\":\"ImageObject\",\"inLanguage\":\"es-ES\",\"@id\":\"https:\/\/legacy.colt.net\/#\/schema\/logo\/image\/\",\"url\":\"https:\/\/legacy.colt.net\/wp-content\/uploads\/2019\/02\/Colt-Logo.png\",\"contentUrl\":\"https:\/\/legacy.colt.net\/wp-content\/uploads\/2019\/02\/Colt-Logo.png\",\"width\":195,\"height\":77,\"caption\":\"Colt Technology Services\"},\"image\":{\"@id\":\"https:\/\/legacy.colt.net\/#\/schema\/logo\/image\/\"},\"sameAs\":[\"https:\/\/www.facebook.com\/ColtTechnologyServices\/\",\"https:\/\/x.com\/colt_technology\",\"https:\/\/www.instagram.com\/colttechnologyservices\/\",\"https:\/\/www.linkedin.com\/company\/colt-technology-services\",\"https:\/\/www.youtube.com\/user\/ColtTechnology\"]}]}<\/script>\n<!-- \/ Yoast SEO plugin. -->","yoast_head_json":{"title":"Acerca de Colt | Colt Technology Services | ES","description":"Acerca de Colt Colt Technology Services","robots":{"index":"noindex","follow":"follow","max-snippet":"max-snippet:-1","max-image-preview":"max-image-preview:large","max-video-preview":"max-video-preview:-1"},"og_locale":"es_ES","og_type":"article","og_title":"Acerca de Colt | Colt Technology Services | ES","og_description":"Acerca de Colt Colt Technology Services","og_url":"https:\/\/legacy.colt.net\/es\/about\/","og_site_name":"Colt Technology Services","article_publisher":"https:\/\/www.facebook.com\/ColtTechnologyServices\/","article_modified_time":"2025-07-15T13:13:52+00:00","og_image":[{"width":1000,"height":667,"url":"https:\/\/legacy.colt.net\/wp-content\/uploads\/2021\/01\/Brand-2021-Stock-8.jpg","type":"image\/jpeg"}],"twitter_card":"summary_large_image","twitter_site":"@colt_technology","twitter_misc":{"Est. reading time":"2 minutes"},"schema":{"@context":"https:\/\/schema.org","@graph":[{"@type":"WebPage","@id":"https:\/\/legacy.colt.net\/es\/about\/","url":"https:\/\/legacy.colt.net\/es\/about\/","name":"Acerca de Colt | Colt Technology Services | ES","isPartOf":{"@id":"https:\/\/legacy.colt.net\/#website"},"primaryImageOfPage":{"@id":"https:\/\/legacy.colt.net\/es\/about\/#primaryimage"},"image":{"@id":"https:\/\/legacy.colt.net\/es\/about\/#primaryimage"},"thumbnailUrl":"https:\/\/legacy.colt.net\/wp-content\/uploads\/2022\/07\/Colt-IQ-network-Logo_Social-2-copy.png","datePublished":"2019-03-06T14:07:14+00:00","dateModified":"2025-07-15T13:13:52+00:00","description":"Acerca de Colt Colt Technology Services","breadcrumb":{"@id":"https:\/\/legacy.colt.net\/es\/about\/#breadcrumb"},"inLanguage":"es-ES","potentialAction":[{"@type":"ReadAction","target":["https:\/\/legacy.colt.net\/es\/about\/"]}]},{"@type":"ImageObject","inLanguage":"es-ES","@id":"https:\/\/legacy.colt.net\/es\/about\/#primaryimage","url":"https:\/\/legacy.colt.net\/wp-content\/uploads\/2022\/07\/Colt-IQ-network-Logo_Social-2-copy.png","contentUrl":"https:\/\/legacy.colt.net\/wp-content\/uploads\/2022\/07\/Colt-IQ-network-Logo_Social-2-copy.png"},{"@type":"BreadcrumbList","@id":"https:\/\/legacy.colt.net\/es\/about\/#breadcrumb","itemListElement":[{"@type":"ListItem","position":1,"name":"Home","item":"https:\/\/legacy.colt.net\/es\/"},{"@type":"ListItem","position":2,"name":"Acerca de Colt"}]},{"@type":"WebSite","@id":"https:\/\/legacy.colt.net\/#website","url":"https:\/\/legacy.colt.net\/","name":"Colt\u30c6\u30af\u30ce\u30ed\u30b8\u30fc\u30b5\u30fc\u30d3\u30b9\u682a\u5f0f\u4f1a\u793e","description":"Managed Network &amp; Voice Services Provider","publisher":{"@id":"https:\/\/legacy.colt.net\/#organization"},"potentialAction":[{"@type":"SearchAction","target":{"@type":"EntryPoint","urlTemplate":"https:\/\/legacy.colt.net\/?s={search_term_string}"},"query-input":{"@type":"PropertyValueSpecification","valueRequired":true,"valueName":"search_term_string"}}],"inLanguage":"es-ES"},{"@type":"Organization","@id":"https:\/\/legacy.colt.net\/#organization","name":"Colt Technology Services","url":"https:\/\/legacy.colt.net\/","logo":{"@type":"ImageObject","inLanguage":"es-ES","@id":"https:\/\/legacy.colt.net\/#\/schema\/logo\/image\/","url":"https:\/\/legacy.colt.net\/wp-content\/uploads\/2019\/02\/Colt-Logo.png","contentUrl":"https:\/\/legacy.colt.net\/wp-content\/uploads\/2019\/02\/Colt-Logo.png","width":195,"height":77,"caption":"Colt Technology Services"},"image":{"@id":"https:\/\/legacy.colt.net\/#\/schema\/logo\/image\/"},"sameAs":["https:\/\/www.facebook.com\/ColtTechnologyServices\/","https:\/\/x.com\/colt_technology","https:\/\/www.instagram.com\/colttechnologyservices\/","https:\/\/www.linkedin.com\/company\/colt-technology-services","https:\/\/www.youtube.com\/user\/ColtTechnology"]}]}},"_links":{"self":[{"href":"https:\/\/legacy.colt.net\/es\/wp-json\/wp\/v2\/pages\/34772","targetHints":{"allow":["GET"]}}],"collection":[{"href":"https:\/\/legacy.colt.net\/es\/wp-json\/wp\/v2\/pages"}],"about":[{"href":"https:\/\/legacy.colt.net\/es\/wp-json\/wp\/v2\/types\/page"}],"author":[{"embeddable":true,"href":"https:\/\/legacy.colt.net\/es\/wp-json\/wp\/v2\/users\/2"}],"replies":[{"embeddable":true,"href":"https:\/\/legacy.colt.net\/es\/wp-json\/wp\/v2\/comments?post=34772"}],"version-history":[{"count":0,"href":"https:\/\/legacy.colt.net\/es\/wp-json\/wp\/v2\/pages\/34772\/revisions"}],"wp:attachment":[{"href":"https:\/\/legacy.colt.net\/es\/wp-json\/wp\/v2\/media?parent=34772"}],"wp:term":[{"taxonomy":"colt_type","embeddable":true,"href":"https:\/\/legacy.colt.net\/es\/wp-json\/wp\/v2\/colt_type?post=34772"},{"taxonomy":"colt_products","embeddable":true,"href":"https:\/\/legacy.colt.net\/es\/wp-json\/wp\/v2\/colt_products?post=34772"}],"curies":[{"name":"wp","href":"https:\/\/api.w.org\/{rel}","templated":true}]}}