{"id":34770,"date":"2015-02-10T10:44:04","date_gmt":"2015-02-10T10:44:04","guid":{"rendered":"https:\/\/www.colt.net\/our-values\/"},"modified":"2023-02-13T14:42:56","modified_gmt":"2023-02-13T14:42:56","slug":"our-values","status":"publish","type":"page","link":"https:\/\/legacy.colt.net\/es\/about\/our-values\/","title":{"rendered":"Nuestros valores"},"content":{"rendered":"\n\n\n\t<nav class=\"breadcrumb\"><span><span><a href=\"https:\/\/legacy.colt.net\/es\/\">Home<\/a><\/span><\/span><\/nav>\n<p>Tenemos un conjunto com\u00fan de valores en el coraz\u00f3n de c\u00f3mo hacemos negocios. Estos valores identifican no solo lo que hacemos, sino tambi\u00e9n c\u00f3mo lo hacemos. No son 10 mandamientos o reglas que est\u00e1n escritas en un manual. Son la esencia de nuestra identidad y cuentan una historia de qui\u00e9nes somos y c\u00f3mo cumplimos con nuestro prop\u00f3sito y visi\u00f3n.<\/p>\n\t\t\t\t<img loading=\"lazy\" decoding=\"async\" src=\"https:\/\/legacy.colt.net\/wp-content\/uploads\/2021\/07\/We-know-people-matter-Icon-landscape.png\" alt=\"We-know-people-matter-Icon-landscape\" itemprop=\"image\" height=\"420\" width=\"600\" title=\"We-know-people-matter-Icon-landscape\" onerror=\"this.style.display='none'\"  \/>\n<h2>\n\t\tColt sabe que lo importante son las personas\n\t<\/h2>\n\t<p>Ya sea un cliente, un socio o un empleado, construimos relaciones basadas en la confianza, la honestidad, el respeto y la integridad. Valoramos la diversidad y nos esforzamos por ser m\u00e1s inclusivos para que todos tengan la libertad de hablar, ser escuchados y prosperar.<\/p>\n\t\t\t\t<img loading=\"lazy\" decoding=\"async\" src=\"https:\/\/legacy.colt.net\/wp-content\/uploads\/2021\/07\/We-always-find-a-better-way-Icon-landscape.png\" alt=\"We-always-find-a-better-way-Icon-landscape\" itemprop=\"image\" height=\"420\" width=\"600\" title=\"We-always-find-a-better-way-Icon-landscape\" onerror=\"this.style.display='none'\"  \/>\n<h2>\n\t\tSiempre hay una mejor forma de hacer las cosas\n\t<\/h2>\n\t<p>Manteni\u00e9ndonos un paso por delante, empoderamos a nuestros clientes para que tengan \u00e9xito a trav\u00e9s del poder de la conectividad. Somos r\u00e1pidos para adaptarnos y asumir la responsabilidad de las promesas que hacemos.<\/p>\n\t\t\t\t<img loading=\"lazy\" decoding=\"async\" src=\"https:\/\/legacy.colt.net\/wp-content\/uploads\/2021\/07\/We-win-together-Icon-landscape.png\" alt=\"We-win-together-Icon-landscape\" itemprop=\"image\" height=\"420\" width=\"600\" title=\"We-win-together-Icon-landscape\" onerror=\"this.style.display='none'\"  \/>\n<h2>\n\t\tJuntos ganamos\n\t<\/h2>\n\t<p>Creemos en el poder de muchos y estamos hombro con hombro con clientes, socios y colegas colaborando en ideas, compartiendo riesgos y reconocimiento entre todos. Cuando tomamos una decisi\u00f3n, entendemos su impacto y nos unimos detr\u00e1s de la decisi\u00f3n para que sea un \u00e9xito.<\/p>\n\t\t\t\t<img loading=\"lazy\" decoding=\"async\" src=\"https:\/\/legacy.colt.net\/wp-content\/uploads\/2021\/07\/We-can-change-the-world-Port-Icon-landscape.png\" alt=\"We-can-change-the-world-Port-Icon-landscape\" itemprop=\"image\" height=\"420\" width=\"600\" title=\"We-can-change-the-world-Port-Icon-landscape\" onerror=\"this.style.display='none'\"  \/>\n<h2>\n\t\tPodemos cambiar el mundo\n\t<\/h2>\n\t<p>Queremos hacer del mundo un lugar mejor. Mejor conectados, m\u00e1s sostenibles, m\u00e1s justos para todos. Usamos lo que tenemos (pasi\u00f3n, tecnolog\u00eda y conectividad) para crear el bien.<\/p>\n<h2>\n\t\tMensajes recientes\n\t<\/h2>\n\t\t\t\t\t\t\t\t\t\t\t\t\t\t<a href=\"https:\/\/legacy.colt.net\/es\/resources\/objetivos-de-desarrollo-sostenible-de-la-onu-que-son-y-que-hace-colt-al-respecto-2\/\" target=\"_self\" title=\"Objetivos de Desarrollo Sostenible de la ONU: \u00bfqu\u00e9 son y qu\u00e9 hace Colt al respecto?\" rel=\"noopener\">\n\t\t\t\t<img decoding=\"async\" src=\"https:\/\/legacy.colt.net\/wp-content\/uploads\/2022\/10\/Connecting-Society2-1-720x450.jpg\" alt=\"\" \/>\n\t\t\t\t<\/a>\n\t\t\t\t\t\t<h3>\n\t\t\t\t<a href=https:\/\/legacy.colt.net\/es\/resources\/objetivos-de-desarrollo-sostenible-de-la-onu-que-son-y-que-hace-colt-al-respecto-2\/ title=\"Objetivos de Desarrollo Sostenible de la ONU: \u00bfqu\u00e9 son y qu\u00e9 hace Colt al respecto?\" tabindex=\"0\">Objetivos de Desarrollo Sostenible de la ONU: \u00bfqu\u00e9 son y qu\u00e9 hace Colt al respecto?<\/a>\t\t\t<\/h3>\n\t\t\t\t\t\t\t\tHan pasado siete a\u00f1os desde que la ONU definiera los Objetivos de Desarrollo Sostenible (ODS). Desde entonces, al &#8230;\n\t\t\t\t\t<a href=\"https:\/\/legacy.colt.net\/es\/resources\/objetivos-de-desarrollo-sostenible-de-la-onu-que-son-y-que-hace-colt-al-respecto-2\/\" target=\"_self\" rel=\"noopener\">Continue Reading &#8594;<\/a>\t\t\n\t\t\t\t\t\t\t\t\t\t\t\t\t\t<a href=\"https:\/\/legacy.colt.net\/es\/resources\/berlinale-lleva-el-talento-asiatico-a-berlin-con-la-red-de-fibra-optica-y-el-servicio-on-demand-de-colt\/\" target=\"_self\" title=\"Berlinale lleva el talento asi\u00e1tico a Berl\u00edn con la red de fibra \u00f3ptica y el servicio on demand de Colt\" rel=\"noopener\">\n\t\t\t\t<img decoding=\"async\" src=\"https:\/\/legacy.colt.net\/wp-content\/uploads\/2023\/02\/Berlinale2023-Photo1-720x450.jpg\" alt=\"\" \/>\n\t\t\t\t<\/a>\n\t\t\t\t\t\t<h3>\n\t\t\t\t<a href=https:\/\/legacy.colt.net\/es\/resources\/berlinale-lleva-el-talento-asiatico-a-berlin-con-la-red-de-fibra-optica-y-el-servicio-on-demand-de-colt\/ title=\"Berlinale lleva el talento asi\u00e1tico a Berl\u00edn con la red de fibra \u00f3ptica y el servicio on demand de Colt\" tabindex=\"0\">Berlinale lleva el talento asi\u00e1tico a Berl\u00edn con la red de fibra \u00f3ptica y el servicio on demand de Colt<\/a>\t\t\t<\/h3>\n\t\t\t\t\t\t\t\tLos cineastas asi\u00e1ticos pueden enviar sus pel\u00edculas al festival a trav\u00e9s de un hub digital en Singapur, gracias &#8230;\n\t\t\t\t\t<a href=\"https:\/\/legacy.colt.net\/es\/resources\/berlinale-lleva-el-talento-asiatico-a-berlin-con-la-red-de-fibra-optica-y-el-servicio-on-demand-de-colt\/\" target=\"_self\" rel=\"noopener\">Continue Reading &#8594;<\/a>\t\t\n\t\t\t\t\t\t\t\t\t\t\t\t\t\t<a href=\"https:\/\/legacy.colt.net\/es\/resources\/migracion-a-la-nube-y-el-legado-del-covid\/\" target=\"_self\" title=\"Migraci\u00f3n a la nube y el legado del COVID\" rel=\"noopener\">\n\t\t\t\t<img decoding=\"async\" src=\"https:\/\/legacy.colt.net\/wp-content\/uploads\/2023\/01\/MicrosoftTeams-image-17-720x450.jpg\" alt=\"\" \/>\n\t\t\t\t<\/a>\n\t\t\t\t\t\t<h3>\n\t\t\t\t<a href=https:\/\/legacy.colt.net\/es\/resources\/migracion-a-la-nube-y-el-legado-del-covid\/ title=\"Migraci\u00f3n a la nube y el legado del COVID\" tabindex=\"0\">Migraci\u00f3n a la nube y el legado del COVID<\/a>\t\t\t<\/h3>\n\t\t\t\t\t\t\t\tComo continuaci\u00f3n a nuestro Informe de investigaci\u00f3n sobre la nube 2022, queremos explorar algunos de sus matices con &#8230;\n\t\t\t\t\t<a href=\"https:\/\/legacy.colt.net\/es\/resources\/migracion-a-la-nube-y-el-legado-del-covid\/\" target=\"_self\" rel=\"noopener\">Continue Reading &#8594;<\/a>\t\t\n\n","protected":false},"excerpt":{"rendered":"<p>Tenemos un conjunto com\u00fan de valores en el coraz\u00f3n de c\u00f3mo hacemos negocios. Estos valores identifican no solo lo que hacemos, sino tambi\u00e9n c\u00f3mo lo hacemos. No son 10 mandamientos o reglas que est\u00e1n escritas en un manual. Son la esencia de nuestra identidad y cuentan una historia de qui\u00e9nes somos y c\u00f3mo cumplimos con&#8230;<\/p>\n","protected":false},"author":2,"featured_media":0,"parent":34772,"menu_order":2,"comment_status":"closed","ping_status":"closed","template":"","meta":{"_acf_changed":false,"footnotes":""},"colt_type":[],"colt_products":[],"class_list":["post-34770","page","type-page","status-publish","hentry"],"acf":[],"yoast_head":"<!-- This site is optimized with the Yoast SEO plugin v26.8 - https:\/\/yoast.com\/product\/yoast-seo-wordpress\/ -->\n<title>Nuestros valores - Colt Technology Services | ES<\/title>\n<meta name=\"description\" content=\"Nuestros valores Colt Technology Services\" \/>\n<meta name=\"robots\" content=\"noindex, follow, max-snippet:-1, max-image-preview:large, max-video-preview:-1\" \/>\n<meta property=\"og:locale\" content=\"es_ES\" \/>\n<meta property=\"og:type\" content=\"article\" \/>\n<meta property=\"og:title\" content=\"Nuestros valores - Colt Technology Services | ES\" \/>\n<meta property=\"og:description\" content=\"Nuestros valores Colt Technology Services\" \/>\n<meta property=\"og:url\" content=\"https:\/\/legacy.colt.net\/es\/about\/our-values\/\" \/>\n<meta property=\"og:site_name\" content=\"Colt Technology Services\" \/>\n<meta property=\"article:publisher\" content=\"https:\/\/www.facebook.com\/ColtTechnologyServices\/\" \/>\n<meta property=\"article:modified_time\" content=\"2023-02-13T14:42:56+00:00\" \/>\n<meta property=\"og:image\" content=\"https:\/\/legacy.colt.net\/wp-content\/uploads\/2021\/01\/Brand-2021-Stock-19.jpg\" \/>\n\t<meta property=\"og:image:width\" content=\"1000\" \/>\n\t<meta property=\"og:image:height\" content=\"667\" \/>\n\t<meta property=\"og:image:type\" content=\"image\/jpeg\" \/>\n<meta name=\"twitter:card\" content=\"summary_large_image\" \/>\n<meta name=\"twitter:site\" content=\"@colt_technology\" \/>\n<meta name=\"twitter:label1\" content=\"Est. reading time\" \/>\n\t<meta name=\"twitter:data1\" content=\"1 minute\" \/>\n<script type=\"application\/ld+json\" class=\"yoast-schema-graph\">{\"@context\":\"https:\/\/schema.org\",\"@graph\":[{\"@type\":\"WebPage\",\"@id\":\"https:\/\/legacy.colt.net\/es\/about\/our-values\/\",\"url\":\"https:\/\/legacy.colt.net\/es\/about\/our-values\/\",\"name\":\"Nuestros valores - Colt Technology Services | ES\",\"isPartOf\":{\"@id\":\"https:\/\/legacy.colt.net\/#website\"},\"primaryImageOfPage\":{\"@id\":\"https:\/\/legacy.colt.net\/es\/about\/our-values\/#primaryimage\"},\"image\":{\"@id\":\"https:\/\/legacy.colt.net\/es\/about\/our-values\/#primaryimage\"},\"thumbnailUrl\":\"https:\/\/legacy.colt.net\/wp-content\/uploads\/2021\/07\/We-know-people-matter-Icon-landscape.png\",\"datePublished\":\"2015-02-10T10:44:04+00:00\",\"dateModified\":\"2023-02-13T14:42:56+00:00\",\"description\":\"Nuestros valores Colt Technology Services\",\"breadcrumb\":{\"@id\":\"https:\/\/legacy.colt.net\/es\/about\/our-values\/#breadcrumb\"},\"inLanguage\":\"es-ES\",\"potentialAction\":[{\"@type\":\"ReadAction\",\"target\":[\"https:\/\/legacy.colt.net\/es\/about\/our-values\/\"]}]},{\"@type\":\"ImageObject\",\"inLanguage\":\"es-ES\",\"@id\":\"https:\/\/legacy.colt.net\/es\/about\/our-values\/#primaryimage\",\"url\":\"https:\/\/legacy.colt.net\/wp-content\/uploads\/2021\/07\/We-know-people-matter-Icon-landscape.png\",\"contentUrl\":\"https:\/\/legacy.colt.net\/wp-content\/uploads\/2021\/07\/We-know-people-matter-Icon-landscape.png\"},{\"@type\":\"BreadcrumbList\",\"@id\":\"https:\/\/legacy.colt.net\/es\/about\/our-values\/#breadcrumb\",\"itemListElement\":[{\"@type\":\"ListItem\",\"position\":1,\"name\":\"Home\",\"item\":\"https:\/\/legacy.colt.net\/es\/\"},{\"@type\":\"ListItem\",\"position\":2,\"name\":\"Acerca de Colt\",\"item\":\"https:\/\/legacy.colt.net\/es\/about\/\"},{\"@type\":\"ListItem\",\"position\":3,\"name\":\"Nuestros valores\"}]},{\"@type\":\"WebSite\",\"@id\":\"https:\/\/legacy.colt.net\/#website\",\"url\":\"https:\/\/legacy.colt.net\/\",\"name\":\"Colt\u30c6\u30af\u30ce\u30ed\u30b8\u30fc\u30b5\u30fc\u30d3\u30b9\u682a\u5f0f\u4f1a\u793e\",\"description\":\"Managed Network &amp; Voice Services Provider\",\"publisher\":{\"@id\":\"https:\/\/legacy.colt.net\/#organization\"},\"potentialAction\":[{\"@type\":\"SearchAction\",\"target\":{\"@type\":\"EntryPoint\",\"urlTemplate\":\"https:\/\/legacy.colt.net\/?s={search_term_string}\"},\"query-input\":{\"@type\":\"PropertyValueSpecification\",\"valueRequired\":true,\"valueName\":\"search_term_string\"}}],\"inLanguage\":\"es-ES\"},{\"@type\":\"Organization\",\"@id\":\"https:\/\/legacy.colt.net\/#organization\",\"name\":\"Colt Technology Services\",\"url\":\"https:\/\/legacy.colt.net\/\",\"logo\":{\"@type\":\"ImageObject\",\"inLanguage\":\"es-ES\",\"@id\":\"https:\/\/legacy.colt.net\/#\/schema\/logo\/image\/\",\"url\":\"https:\/\/legacy.colt.net\/wp-content\/uploads\/2019\/02\/Colt-Logo.png\",\"contentUrl\":\"https:\/\/legacy.colt.net\/wp-content\/uploads\/2019\/02\/Colt-Logo.png\",\"width\":195,\"height\":77,\"caption\":\"Colt Technology Services\"},\"image\":{\"@id\":\"https:\/\/legacy.colt.net\/#\/schema\/logo\/image\/\"},\"sameAs\":[\"https:\/\/www.facebook.com\/ColtTechnologyServices\/\",\"https:\/\/x.com\/colt_technology\",\"https:\/\/www.instagram.com\/colttechnologyservices\/\",\"https:\/\/www.linkedin.com\/company\/colt-technology-services\",\"https:\/\/www.youtube.com\/user\/ColtTechnology\"]}]}<\/script>\n<!-- \/ Yoast SEO plugin. -->","yoast_head_json":{"title":"Nuestros valores - Colt Technology Services | ES","description":"Nuestros valores Colt Technology Services","robots":{"index":"noindex","follow":"follow","max-snippet":"max-snippet:-1","max-image-preview":"max-image-preview:large","max-video-preview":"max-video-preview:-1"},"og_locale":"es_ES","og_type":"article","og_title":"Nuestros valores - Colt Technology Services | ES","og_description":"Nuestros valores Colt Technology Services","og_url":"https:\/\/legacy.colt.net\/es\/about\/our-values\/","og_site_name":"Colt Technology Services","article_publisher":"https:\/\/www.facebook.com\/ColtTechnologyServices\/","article_modified_time":"2023-02-13T14:42:56+00:00","og_image":[{"width":1000,"height":667,"url":"https:\/\/legacy.colt.net\/wp-content\/uploads\/2021\/01\/Brand-2021-Stock-19.jpg","type":"image\/jpeg"}],"twitter_card":"summary_large_image","twitter_site":"@colt_technology","twitter_misc":{"Est. reading time":"1 minute"},"schema":{"@context":"https:\/\/schema.org","@graph":[{"@type":"WebPage","@id":"https:\/\/legacy.colt.net\/es\/about\/our-values\/","url":"https:\/\/legacy.colt.net\/es\/about\/our-values\/","name":"Nuestros valores - Colt Technology Services | ES","isPartOf":{"@id":"https:\/\/legacy.colt.net\/#website"},"primaryImageOfPage":{"@id":"https:\/\/legacy.colt.net\/es\/about\/our-values\/#primaryimage"},"image":{"@id":"https:\/\/legacy.colt.net\/es\/about\/our-values\/#primaryimage"},"thumbnailUrl":"https:\/\/legacy.colt.net\/wp-content\/uploads\/2021\/07\/We-know-people-matter-Icon-landscape.png","datePublished":"2015-02-10T10:44:04+00:00","dateModified":"2023-02-13T14:42:56+00:00","description":"Nuestros valores Colt Technology Services","breadcrumb":{"@id":"https:\/\/legacy.colt.net\/es\/about\/our-values\/#breadcrumb"},"inLanguage":"es-ES","potentialAction":[{"@type":"ReadAction","target":["https:\/\/legacy.colt.net\/es\/about\/our-values\/"]}]},{"@type":"ImageObject","inLanguage":"es-ES","@id":"https:\/\/legacy.colt.net\/es\/about\/our-values\/#primaryimage","url":"https:\/\/legacy.colt.net\/wp-content\/uploads\/2021\/07\/We-know-people-matter-Icon-landscape.png","contentUrl":"https:\/\/legacy.colt.net\/wp-content\/uploads\/2021\/07\/We-know-people-matter-Icon-landscape.png"},{"@type":"BreadcrumbList","@id":"https:\/\/legacy.colt.net\/es\/about\/our-values\/#breadcrumb","itemListElement":[{"@type":"ListItem","position":1,"name":"Home","item":"https:\/\/legacy.colt.net\/es\/"},{"@type":"ListItem","position":2,"name":"Acerca de Colt","item":"https:\/\/legacy.colt.net\/es\/about\/"},{"@type":"ListItem","position":3,"name":"Nuestros valores"}]},{"@type":"WebSite","@id":"https:\/\/legacy.colt.net\/#website","url":"https:\/\/legacy.colt.net\/","name":"Colt\u30c6\u30af\u30ce\u30ed\u30b8\u30fc\u30b5\u30fc\u30d3\u30b9\u682a\u5f0f\u4f1a\u793e","description":"Managed Network &amp; Voice Services Provider","publisher":{"@id":"https:\/\/legacy.colt.net\/#organization"},"potentialAction":[{"@type":"SearchAction","target":{"@type":"EntryPoint","urlTemplate":"https:\/\/legacy.colt.net\/?s={search_term_string}"},"query-input":{"@type":"PropertyValueSpecification","valueRequired":true,"valueName":"search_term_string"}}],"inLanguage":"es-ES"},{"@type":"Organization","@id":"https:\/\/legacy.colt.net\/#organization","name":"Colt Technology Services","url":"https:\/\/legacy.colt.net\/","logo":{"@type":"ImageObject","inLanguage":"es-ES","@id":"https:\/\/legacy.colt.net\/#\/schema\/logo\/image\/","url":"https:\/\/legacy.colt.net\/wp-content\/uploads\/2019\/02\/Colt-Logo.png","contentUrl":"https:\/\/legacy.colt.net\/wp-content\/uploads\/2019\/02\/Colt-Logo.png","width":195,"height":77,"caption":"Colt Technology Services"},"image":{"@id":"https:\/\/legacy.colt.net\/#\/schema\/logo\/image\/"},"sameAs":["https:\/\/www.facebook.com\/ColtTechnologyServices\/","https:\/\/x.com\/colt_technology","https:\/\/www.instagram.com\/colttechnologyservices\/","https:\/\/www.linkedin.com\/company\/colt-technology-services","https:\/\/www.youtube.com\/user\/ColtTechnology"]}]}},"_links":{"self":[{"href":"https:\/\/legacy.colt.net\/es\/wp-json\/wp\/v2\/pages\/34770","targetHints":{"allow":["GET"]}}],"collection":[{"href":"https:\/\/legacy.colt.net\/es\/wp-json\/wp\/v2\/pages"}],"about":[{"href":"https:\/\/legacy.colt.net\/es\/wp-json\/wp\/v2\/types\/page"}],"author":[{"embeddable":true,"href":"https:\/\/legacy.colt.net\/es\/wp-json\/wp\/v2\/users\/2"}],"replies":[{"embeddable":true,"href":"https:\/\/legacy.colt.net\/es\/wp-json\/wp\/v2\/comments?post=34770"}],"version-history":[{"count":0,"href":"https:\/\/legacy.colt.net\/es\/wp-json\/wp\/v2\/pages\/34770\/revisions"}],"up":[{"embeddable":true,"href":"https:\/\/legacy.colt.net\/es\/wp-json\/wp\/v2\/pages\/34772"}],"wp:attachment":[{"href":"https:\/\/legacy.colt.net\/es\/wp-json\/wp\/v2\/media?parent=34770"}],"wp:term":[{"taxonomy":"colt_type","embeddable":true,"href":"https:\/\/legacy.colt.net\/es\/wp-json\/wp\/v2\/colt_type?post=34770"},{"taxonomy":"colt_products","embeddable":true,"href":"https:\/\/legacy.colt.net\/es\/wp-json\/wp\/v2\/colt_products?post=34770"}],"curies":[{"name":"wp","href":"https:\/\/api.w.org\/{rel}","templated":true}]}}