{"id":34705,"date":"2017-03-13T16:46:07","date_gmt":"2017-03-13T16:46:07","guid":{"rendered":"https:\/\/www.colt.net\/strategic-alliances\/"},"modified":"2021-07-19T15:05:15","modified_gmt":"2021-07-19T14:05:15","slug":"partner-hub","status":"publish","type":"page","link":"https:\/\/legacy.colt.net\/es\/why-colt\/partner-hub\/","title":{"rendered":"Partner Hub"},"content":{"rendered":"\n\n\t\t\t\t<img loading=\"lazy\" decoding=\"async\" src=\"https:\/\/legacy.colt.net\/wp-content\/uploads\/2021\/03\/Colt-Partner-Hub.png\" alt=\"Colt Partner Hub\" itemprop=\"image\" height=\"174\" width=\"726\" title=\"Colt Partner Hub\" onerror=\"this.style.display='none'\"  \/>\n\t<nav class=\"breadcrumb\"><span><span><a href=\"https:\/\/legacy.colt.net\/es\/\">Home<\/a><\/span><\/span><\/nav>\n<h2>\n\t\tColaboraciones bien meditadas, no fruto de la casualidad\n\t<\/h2>\n\t<p>Ayudar a los clientes a alcanzar sus objetivos exige actualmente un c\u00famulo de conocimientos relacionados con la sociedad digital. Descubre las ventajas que ofrece Colt a tus clientes y socios.<\/p>\n\t\t\t<a href=\"https:\/\/legacy.colt.net\/es\/why-colt\/partner-hub\/partners\/\" target=\"_self\" role=\"button\" rel=\"noopener\">\n\t\t\t\t\t\tTe presentamos nuestro ecosistema\n\t\t\t\t\t<\/a>\n\tEl poder de una buena colaboraci\u00f3n<br \/>\n\n\t\n\t<p>Formar un equipo ganador requiere colaborar y trabajar codo con codo para alcanzar objetivos comunes. Ya se trate de que un atleta llegue a lo m\u00e1s alto de su deporte, o de ayudar a las empresas a desenvolverse en un mercado digital que cambia r\u00e1pidamente.<\/p>\n\t\t\t\t\t<img decoding=\"async\" src=\"https:\/\/i.ytimg.com\/vi\/KksZHJizUbs\/maxresdefault.jpg\"\/>\n\t\t\t\t\t<img decoding=\"async\" src=\"https:\/\/i.ytimg.com\/vi\/OLaTVodShZQ\/maxresdefault.jpg\"\/>\n\tPresentamos Colt Partner Hub<br \/>\n\n\t<p>Nuestro objetivo es sencillo: cuanto m\u00e1s fluida sea la experiencia de nuestros socios, mayor ser\u00e1 la recompensa para nuestros clientes. Bienvenido a Colt Partner Hub.<\/p>\n\tLas ventajas para los socios de Colt<br \/>\n\n\t<p>\u00bfQu\u00e9 aporta Colt Partner Hub para nuestros socios? Agiliza el proceso de incorporaci\u00f3n, mejora la calificaci\u00f3n de las oportunidades y facilita el trabajo en equipo para entrar en nuevos mercados. Descubre m\u00e1s de la mano de Thomas Gredinger, nuestro director de Excelencia para Socios.<\/p>\n\t\t\t\t\t<img decoding=\"async\" src=\"https:\/\/i.ytimg.com\/vi\/oCEqJqCIaXU\/maxresdefault.jpg\"\/>\n\t\t\t\t<img loading=\"lazy\" decoding=\"async\" src=\"https:\/\/legacy.colt.net\/wp-content\/uploads\/2021\/03\/Partner-Hub-Diagram.png\" alt=\"Partner Hub Diagram\" itemprop=\"image\" height=\"956\" width=\"1000\" title=\"Partner Hub Diagram\" onerror=\"this.style.display='none'\"  \/>\n<h2>\n\t\tNuestra visi\u00f3n\n\t<\/h2>\n\t<p>Colt Partner Hub ofrece un proceso estructurado para el desarrollo de los socios, desde la selecci\u00f3n y la incorporaci\u00f3n hasta la gesti\u00f3n completa del ciclo de vida. El desarrollo es continuo, con un esp\u00edritu de mejora permanente para maximizar la creaci\u00f3n conjunta del valor empresarial.<\/p>\n<h3>\n\t\tLo que se dice sobre Colt Partner Hub\n\t<\/h3>\n\t\t\t\t<img loading=\"lazy\" decoding=\"async\" src=\"https:\/\/legacy.colt.net\/wp-content\/uploads\/2019\/03\/ES-Partners-Ciena.jpg\" alt=\"ES-Partners-Ciena\" itemprop=\"image\" height=\"400\" width=\"400\" title=\"ES-Partners-Ciena\" onerror=\"this.style.display='none'\"  \/>\n\t\n\t<strong>Jim Crum<\/strong><br \/>\nGeneral Manager, Colt Strategic Alliance, Ciena\n\t\t\t\t<img loading=\"lazy\" decoding=\"async\" src=\"https:\/\/legacy.colt.net\/wp-content\/uploads\/2020\/10\/microsoft-azure-logo-1x1-1.png\" alt=\"microsoft-azure-logo\" itemprop=\"image\" height=\"1000\" width=\"1000\" title=\"microsoft-azure-logo-1x1-cloud\" onerror=\"this.style.display='none'\"  \/>\n\t\n\t<strong>Mikkel Riis<\/strong><br \/>\nSenior Product Marketing Manager, Microsoft Azure\n<h3>\n\t\tQuiero&#8230;\n\t<\/h3>\n\t\t<nav>\n\t\t\t<ul>\n\t\t\t\t\t\t\t\t<li data-index=\"0\">\n\t\t\t\t\t<h4>\n\t\t\t\t\t\t<a href=\"javascript:void(0);\">&#8230;Encuentra un socio<\/a>\n\t\t\t\t\t<\/h4>\n\t\t\t\t<\/li>\n\t\t\t\t\t\t\t\t<li data-index=\"1\">\n\t\t\t\t\t<h4>\n\t\t\t\t\t\t<a href=\"javascript:void(0);\">&#8230;Convi\u00e9rtete en socio<\/a>\n\t\t\t\t\t<\/h4>\n\t\t\t\t<\/li>\n\t\t\t\t\t\t\t<\/ul>\n\t\t<\/nav>\n\t\t\t\t\t<h4>\n\t\t\t\t\t\t\t\t\t\t\t\t&#8230;Encuentra un socio\n\t\t\t\t\t\t\t\t\t\t\t<\/h4>\n\t\t\t\t\t<p>Facil\u00edtanos algo de informaci\u00f3n sobre ti, qu\u00e9 tipo de asistencia necesitas, qu\u00e9 quieres conseguir, y pondremos en contacto a tu empresa con el socio m\u00e1s adecuado.<\/p>\n<p>Esperamos tener noticias tuyas.<\/p>\n<p>[hubspot type=form portal=344164 id=5dfc0c21-fe4b-42d7-b662-24f10c793126]<\/p>\n\t\t\t\t\t<h4>\n\t\t\t\t\t\t\t\t\t\t\t\t&#8230;Convi\u00e9rtete en socio\n\t\t\t\t\t\t\t\t\t\t\t<\/h4>\n\t\t\t\t\t<p>Colt comprende la importancia de colaborar con los socios para ofrecer el mejor servicio y el mejor soporte t\u00e9cnico a los clientes.<\/p>\n<p>Juntos podemos hacer crecer tu negocio, sea cual sea tu modelo de venta preferido como socio.<\/p>\n<p>[hubspot type=form portal=344164 id=5dfc0c21-fe4b-42d7-b662-24f10c793126]<\/p>\n\t\t\t\t\t<!-- \/content -->\n\t<!-- \/tabs -->\n\n","protected":false},"excerpt":{"rendered":"<p>Colaboraciones bien meditadas, no fruto de la casualidad Ayudar a los clientes a alcanzar sus objetivos exige actualmente un c\u00famulo de conocimientos relacionados con la sociedad digital. Descubre las ventajas que ofrece Colt a tus clientes y socios. Te presentamos nuestro ecosistema El poder de una buena colaboraci\u00f3n Formar un equipo ganador requiere colaborar y&#8230;<\/p>\n","protected":false},"author":2,"featured_media":0,"parent":67127,"menu_order":0,"comment_status":"closed","ping_status":"closed","template":"","meta":{"_acf_changed":false,"footnotes":""},"colt_type":[],"colt_products":[],"class_list":["post-34705","page","type-page","status-publish","hentry"],"acf":[],"yoast_head":"<!-- This site is optimized with the Yoast SEO plugin v26.8 - https:\/\/yoast.com\/product\/yoast-seo-wordpress\/ -->\n<title>Strategic Alliances | Colt Technology Services | ES<\/title>\n<meta name=\"description\" content=\"Partner Hub Colt Technology Services\" \/>\n<meta name=\"robots\" content=\"noindex, follow, max-snippet:-1, max-image-preview:large, max-video-preview:-1\" \/>\n<meta property=\"og:locale\" content=\"es_ES\" \/>\n<meta property=\"og:type\" content=\"article\" \/>\n<meta property=\"og:title\" content=\"Strategic Alliances | Colt Technology Services | ES\" \/>\n<meta property=\"og:description\" content=\"Partner Hub Colt Technology Services\" \/>\n<meta property=\"og:url\" content=\"https:\/\/legacy.colt.net\/es\/why-colt\/partner-hub\/\" \/>\n<meta property=\"og:site_name\" content=\"Colt Technology Services\" \/>\n<meta property=\"article:publisher\" content=\"https:\/\/www.facebook.com\/ColtTechnologyServices\/\" \/>\n<meta property=\"article:modified_time\" content=\"2021-07-19T14:05:15+00:00\" \/>\n<meta property=\"og:image\" content=\"https:\/\/legacy.colt.net\/wp-content\/uploads\/2021\/01\/Brand-2021-Stock-35.jpg\" \/>\n\t<meta property=\"og:image:width\" content=\"1000\" \/>\n\t<meta property=\"og:image:height\" content=\"667\" \/>\n\t<meta property=\"og:image:type\" content=\"image\/jpeg\" \/>\n<meta name=\"twitter:card\" content=\"summary_large_image\" \/>\n<meta name=\"twitter:site\" content=\"@colt_technology\" \/>\n<meta name=\"twitter:label1\" content=\"Est. reading time\" \/>\n\t<meta name=\"twitter:data1\" content=\"2 minutes\" \/>\n<script type=\"application\/ld+json\" class=\"yoast-schema-graph\">{\"@context\":\"https:\/\/schema.org\",\"@graph\":[{\"@type\":\"WebPage\",\"@id\":\"https:\/\/legacy.colt.net\/es\/why-colt\/partner-hub\/\",\"url\":\"https:\/\/legacy.colt.net\/es\/why-colt\/partner-hub\/\",\"name\":\"Strategic Alliances | Colt Technology Services | ES\",\"isPartOf\":{\"@id\":\"https:\/\/legacy.colt.net\/#website\"},\"primaryImageOfPage\":{\"@id\":\"https:\/\/legacy.colt.net\/es\/why-colt\/partner-hub\/#primaryimage\"},\"image\":{\"@id\":\"https:\/\/legacy.colt.net\/es\/why-colt\/partner-hub\/#primaryimage\"},\"thumbnailUrl\":\"https:\/\/legacy.colt.net\/wp-content\/uploads\/2021\/03\/Colt-Partner-Hub.png\",\"datePublished\":\"2017-03-13T16:46:07+00:00\",\"dateModified\":\"2021-07-19T14:05:15+00:00\",\"description\":\"Partner Hub Colt Technology Services\",\"breadcrumb\":{\"@id\":\"https:\/\/legacy.colt.net\/es\/why-colt\/partner-hub\/#breadcrumb\"},\"inLanguage\":\"es-ES\",\"potentialAction\":[{\"@type\":\"ReadAction\",\"target\":[\"https:\/\/legacy.colt.net\/es\/why-colt\/partner-hub\/\"]}]},{\"@type\":\"ImageObject\",\"inLanguage\":\"es-ES\",\"@id\":\"https:\/\/legacy.colt.net\/es\/why-colt\/partner-hub\/#primaryimage\",\"url\":\"https:\/\/legacy.colt.net\/wp-content\/uploads\/2021\/03\/Colt-Partner-Hub.png\",\"contentUrl\":\"https:\/\/legacy.colt.net\/wp-content\/uploads\/2021\/03\/Colt-Partner-Hub.png\"},{\"@type\":\"BreadcrumbList\",\"@id\":\"https:\/\/legacy.colt.net\/es\/why-colt\/partner-hub\/#breadcrumb\",\"itemListElement\":[{\"@type\":\"ListItem\",\"position\":1,\"name\":\"Home\",\"item\":\"https:\/\/legacy.colt.net\/es\/\"},{\"@type\":\"ListItem\",\"position\":2,\"name\":\"Why Colt?\",\"item\":\"https:\/\/legacy.colt.net\/es\/why-colt\/\"},{\"@type\":\"ListItem\",\"position\":3,\"name\":\"Partner Hub\"}]},{\"@type\":\"WebSite\",\"@id\":\"https:\/\/legacy.colt.net\/#website\",\"url\":\"https:\/\/legacy.colt.net\/\",\"name\":\"Colt\u30c6\u30af\u30ce\u30ed\u30b8\u30fc\u30b5\u30fc\u30d3\u30b9\u682a\u5f0f\u4f1a\u793e\",\"description\":\"Managed Network &amp; Voice Services Provider\",\"publisher\":{\"@id\":\"https:\/\/legacy.colt.net\/#organization\"},\"potentialAction\":[{\"@type\":\"SearchAction\",\"target\":{\"@type\":\"EntryPoint\",\"urlTemplate\":\"https:\/\/legacy.colt.net\/?s={search_term_string}\"},\"query-input\":{\"@type\":\"PropertyValueSpecification\",\"valueRequired\":true,\"valueName\":\"search_term_string\"}}],\"inLanguage\":\"es-ES\"},{\"@type\":\"Organization\",\"@id\":\"https:\/\/legacy.colt.net\/#organization\",\"name\":\"Colt Technology Services\",\"url\":\"https:\/\/legacy.colt.net\/\",\"logo\":{\"@type\":\"ImageObject\",\"inLanguage\":\"es-ES\",\"@id\":\"https:\/\/legacy.colt.net\/#\/schema\/logo\/image\/\",\"url\":\"https:\/\/legacy.colt.net\/wp-content\/uploads\/2019\/02\/Colt-Logo.png\",\"contentUrl\":\"https:\/\/legacy.colt.net\/wp-content\/uploads\/2019\/02\/Colt-Logo.png\",\"width\":195,\"height\":77,\"caption\":\"Colt Technology Services\"},\"image\":{\"@id\":\"https:\/\/legacy.colt.net\/#\/schema\/logo\/image\/\"},\"sameAs\":[\"https:\/\/www.facebook.com\/ColtTechnologyServices\/\",\"https:\/\/x.com\/colt_technology\",\"https:\/\/www.instagram.com\/colttechnologyservices\/\",\"https:\/\/www.linkedin.com\/company\/colt-technology-services\",\"https:\/\/www.youtube.com\/user\/ColtTechnology\"]}]}<\/script>\n<!-- \/ Yoast SEO plugin. -->","yoast_head_json":{"title":"Strategic Alliances | Colt Technology Services | ES","description":"Partner Hub Colt Technology Services","robots":{"index":"noindex","follow":"follow","max-snippet":"max-snippet:-1","max-image-preview":"max-image-preview:large","max-video-preview":"max-video-preview:-1"},"og_locale":"es_ES","og_type":"article","og_title":"Strategic Alliances | Colt Technology Services | ES","og_description":"Partner Hub Colt Technology Services","og_url":"https:\/\/legacy.colt.net\/es\/why-colt\/partner-hub\/","og_site_name":"Colt Technology Services","article_publisher":"https:\/\/www.facebook.com\/ColtTechnologyServices\/","article_modified_time":"2021-07-19T14:05:15+00:00","og_image":[{"width":1000,"height":667,"url":"https:\/\/legacy.colt.net\/wp-content\/uploads\/2021\/01\/Brand-2021-Stock-35.jpg","type":"image\/jpeg"}],"twitter_card":"summary_large_image","twitter_site":"@colt_technology","twitter_misc":{"Est. reading time":"2 minutes"},"schema":{"@context":"https:\/\/schema.org","@graph":[{"@type":"WebPage","@id":"https:\/\/legacy.colt.net\/es\/why-colt\/partner-hub\/","url":"https:\/\/legacy.colt.net\/es\/why-colt\/partner-hub\/","name":"Strategic Alliances | Colt Technology Services | ES","isPartOf":{"@id":"https:\/\/legacy.colt.net\/#website"},"primaryImageOfPage":{"@id":"https:\/\/legacy.colt.net\/es\/why-colt\/partner-hub\/#primaryimage"},"image":{"@id":"https:\/\/legacy.colt.net\/es\/why-colt\/partner-hub\/#primaryimage"},"thumbnailUrl":"https:\/\/legacy.colt.net\/wp-content\/uploads\/2021\/03\/Colt-Partner-Hub.png","datePublished":"2017-03-13T16:46:07+00:00","dateModified":"2021-07-19T14:05:15+00:00","description":"Partner Hub Colt Technology Services","breadcrumb":{"@id":"https:\/\/legacy.colt.net\/es\/why-colt\/partner-hub\/#breadcrumb"},"inLanguage":"es-ES","potentialAction":[{"@type":"ReadAction","target":["https:\/\/legacy.colt.net\/es\/why-colt\/partner-hub\/"]}]},{"@type":"ImageObject","inLanguage":"es-ES","@id":"https:\/\/legacy.colt.net\/es\/why-colt\/partner-hub\/#primaryimage","url":"https:\/\/legacy.colt.net\/wp-content\/uploads\/2021\/03\/Colt-Partner-Hub.png","contentUrl":"https:\/\/legacy.colt.net\/wp-content\/uploads\/2021\/03\/Colt-Partner-Hub.png"},{"@type":"BreadcrumbList","@id":"https:\/\/legacy.colt.net\/es\/why-colt\/partner-hub\/#breadcrumb","itemListElement":[{"@type":"ListItem","position":1,"name":"Home","item":"https:\/\/legacy.colt.net\/es\/"},{"@type":"ListItem","position":2,"name":"Why Colt?","item":"https:\/\/legacy.colt.net\/es\/why-colt\/"},{"@type":"ListItem","position":3,"name":"Partner Hub"}]},{"@type":"WebSite","@id":"https:\/\/legacy.colt.net\/#website","url":"https:\/\/legacy.colt.net\/","name":"Colt\u30c6\u30af\u30ce\u30ed\u30b8\u30fc\u30b5\u30fc\u30d3\u30b9\u682a\u5f0f\u4f1a\u793e","description":"Managed Network &amp; Voice Services Provider","publisher":{"@id":"https:\/\/legacy.colt.net\/#organization"},"potentialAction":[{"@type":"SearchAction","target":{"@type":"EntryPoint","urlTemplate":"https:\/\/legacy.colt.net\/?s={search_term_string}"},"query-input":{"@type":"PropertyValueSpecification","valueRequired":true,"valueName":"search_term_string"}}],"inLanguage":"es-ES"},{"@type":"Organization","@id":"https:\/\/legacy.colt.net\/#organization","name":"Colt Technology Services","url":"https:\/\/legacy.colt.net\/","logo":{"@type":"ImageObject","inLanguage":"es-ES","@id":"https:\/\/legacy.colt.net\/#\/schema\/logo\/image\/","url":"https:\/\/legacy.colt.net\/wp-content\/uploads\/2019\/02\/Colt-Logo.png","contentUrl":"https:\/\/legacy.colt.net\/wp-content\/uploads\/2019\/02\/Colt-Logo.png","width":195,"height":77,"caption":"Colt Technology Services"},"image":{"@id":"https:\/\/legacy.colt.net\/#\/schema\/logo\/image\/"},"sameAs":["https:\/\/www.facebook.com\/ColtTechnologyServices\/","https:\/\/x.com\/colt_technology","https:\/\/www.instagram.com\/colttechnologyservices\/","https:\/\/www.linkedin.com\/company\/colt-technology-services","https:\/\/www.youtube.com\/user\/ColtTechnology"]}]}},"_links":{"self":[{"href":"https:\/\/legacy.colt.net\/es\/wp-json\/wp\/v2\/pages\/34705","targetHints":{"allow":["GET"]}}],"collection":[{"href":"https:\/\/legacy.colt.net\/es\/wp-json\/wp\/v2\/pages"}],"about":[{"href":"https:\/\/legacy.colt.net\/es\/wp-json\/wp\/v2\/types\/page"}],"author":[{"embeddable":true,"href":"https:\/\/legacy.colt.net\/es\/wp-json\/wp\/v2\/users\/2"}],"replies":[{"embeddable":true,"href":"https:\/\/legacy.colt.net\/es\/wp-json\/wp\/v2\/comments?post=34705"}],"version-history":[{"count":0,"href":"https:\/\/legacy.colt.net\/es\/wp-json\/wp\/v2\/pages\/34705\/revisions"}],"up":[{"embeddable":true,"href":"https:\/\/legacy.colt.net\/es\/wp-json\/wp\/v2\/pages\/67127"}],"wp:attachment":[{"href":"https:\/\/legacy.colt.net\/es\/wp-json\/wp\/v2\/media?parent=34705"}],"wp:term":[{"taxonomy":"colt_type","embeddable":true,"href":"https:\/\/legacy.colt.net\/es\/wp-json\/wp\/v2\/colt_type?post=34705"},{"taxonomy":"colt_products","embeddable":true,"href":"https:\/\/legacy.colt.net\/es\/wp-json\/wp\/v2\/colt_products?post=34705"}],"curies":[{"name":"wp","href":"https:\/\/api.w.org\/{rel}","templated":true}]}}